{"id":4756,"date":"2025-04-15T09:18:01","date_gmt":"2025-04-15T09:18:01","guid":{"rendered":"https:\/\/xenonkungen.com\/product\/bullpro-arbetsljusramp-400w-svangd\/"},"modified":"2026-04-24T17:44:22","modified_gmt":"2026-04-24T16:44:22","slug":"bullpro-tyovalopalkki-400-w-kaareva","status":"publish","type":"product","link":"https:\/\/xenonkungen.com\/fi\/tuote\/bullpro-tyovalopalkki-400-w-kaareva\/","title":{"rendered":"Bullpro ty\u00f6valoramppi 400W Swivelled (k\u00e4\u00e4ntyv\u00e4)"},"content":{"rendered":"<h1>Bullpro Worklight 400W Curved - Tehokas ja tyylik\u00e4s valaistus kaikkiin tarpeisiin<\/h1>\n<p>L\u00e4hde liikkeelle tai tee t\u00f6it\u00e4 pime\u00e4ss\u00e4 pime\u00e4ss\u00e4. <strong>Bullpro ty\u00f6valoramppi 400W Swivelled (k\u00e4\u00e4ntyv\u00e4)<\/strong> - lopullinen ratkaisu tehokkaaseen ja luotettavaan ty\u00f6valaistukseen. Modernin kaarevan muotoilunsa ansiosta siin\u00e4 yhdistyv\u00e4t tyyli ja suorituskyky, ja se sopii kaikkiin ajoneuvoihin ja ty\u00f6ymp\u00e4rist\u00f6ihin.<\/p>\n<h2>Ominaisuudet, jotka tekev\u00e4t vaikutuksen:<\/h2>\n<ul>\n<li><strong>Huippuluokan tehokkuus:<\/strong> Med <strong>400W<\/strong> se tarjoaa uskomattoman valotehon <strong>48 000 lumenia<\/strong>ja mitattu kirkkaus <strong>20 642 lumenia<\/strong> todellista valoa, jolla on merkityst\u00e4.<\/li>\n<li><strong>Joustava j\u00e4nnitys:<\/strong> Klarar <strong>10-30 V<\/strong>joten se on yhteensopiva sek\u00e4 pienempien ajoneuvojen ett\u00e4 raskaampien koneiden kanssa.<\/li>\n<li><strong>Kaareva muotoilu:<\/strong> Optimoitu laajempaa valonjakoa ja esteettist\u00e4 t\u00e4ydellisyytt\u00e4 varten ajoneuvossa.<\/li>\n<li><strong>Rakennettu kest\u00e4m\u00e4\u00e4n kovia iskuja:<\/strong> Valmistettu kest\u00e4v\u00e4st\u00e4 materiaalista, joka kest\u00e4\u00e4 kovia s\u00e4\u00e4olosuhteita ja p\u00e4ivitt\u00e4ist\u00e4 k\u00e4ytt\u00f6\u00e4.<\/li>\n<\/ul>\n<h2>T\u00e4ydellinen:<\/h2>\n<ul>\n<li>Ty\u00f6ajoneuvot, maastoharrastajat ja ammattilaiset, jotka tarvitsevat luotettavaa valaistusta.<\/li>\n<li>Parantaa n\u00e4kyvyytt\u00e4 ja turvallisuutta riippumatta siit\u00e4, miss\u00e4 olet.<\/li>\n<\/ul>\n<p>P\u00e4ivit\u00e4 valaisimesi ja hanki luotettava ty\u00f6kalu, joka valaisee ty\u00f6p\u00e4iv\u00e4si. <strong>Bullpro ty\u00f6valoramppi 400W Swivelled (k\u00e4\u00e4ntyv\u00e4)<\/strong> - tarvitsemasi teho silloin, kun sit\u00e4 tarvitset!<\/p>","protected":false},"excerpt":{"rendered":"<p>Bullpro Arbetsljusramp 400W Sv\u00e4ngd \u2013 Kraftfull och Stilren Belysning f\u00f6r Alla Behov Ge dig ut p\u00e5 v\u00e4garna eller ta itu med arbetet i m\u00f6rker med Bullpro Arbetsljusramp 400W Sv\u00e4ngd \u2013 den ultimata l\u00f6sningen f\u00f6r kraftfull och p\u00e5litlig arbetsbelysning. Med sin moderna, sv\u00e4ngda design kombinerar den stil och prestanda f\u00f6r att passa alla fordon och arbetsmilj\u00f6er. [&hellip;]<\/p>","protected":false},"featured_media":4757,"comment_status":"closed","ping_status":"open","template":"","meta":{"_acf_changed":false,"_smort_price_nok":"5741","_smort_price_dkk":"3647","_smort_price_eur":"488.61","_smort_sale_price_nok":"","_smort_sale_price_dkk":"","_smort_sale_price_eur":"","smort_restorder":"","shipmondo_restorder":"","_kad_blocks_custom_css":"","_kad_blocks_head_custom_js":"","_kad_blocks_body_custom_js":"","_kad_blocks_footer_custom_js":"","smort_custom_pricelist_1":"3440","smort_custom_pricelist_2":"3010","smort_custom_pricelist_3":"2795","smort_custom_pricelist_4":"4300","smort_custom_pricelist_5":"3010"},"anvandningsomrade":[],"bilmarken":[],"product_brand":[93],"product_cat":[2551,508],"product_tag":[],"class_list":{"0":"post-4756","1":"product","2":"type-product","3":"status-publish","4":"has-post-thumbnail","6":"product_brand-bullpro","7":"product_cat-arbetsljusramp-arbetsbelysning","8":"product_cat-arbetsbelysning","9":"pa_fargtemperatur-1428","10":"pa_fuktskydd-varde-ipxx-ip67-ip69k","11":"pa_godkannande-r10","12":"pa_led-chips-effekt-w-400","13":"pa_ljusbild-flood-beam","14":"pa_storlek-mm-1073-x-78-x-55","15":"pa_volt-v-10-30","17":"first","18":"onbackorder","19":"taxable","20":"shipping-taxable","21":"purchasable","22":"product-type-simple"},"bundled_by":[],"bundle_stock_status":"onbackorder","bundle_stock_quantity":0,"bundle_virtual":false,"bundle_layout":"","bundle_add_to_cart_form_location":"","bundle_editable_in_cart":false,"bundle_sold_individually_context":"","bundle_item_grouping":"","bundle_min_size":"","bundle_max_size":"","bundle_price":[],"bundled_items":[],"bundle_sell_ids":[],"acf":[],"yoast_head":"<!-- This site is optimized with the Yoast SEO plugin v27.0 - https:\/\/yoast.com\/product\/yoast-seo-wordpress\/ -->\n<title>Bullpro Arbetsljusramp 400W Sv\u00e4ngd - Xenonkungen<\/title>\n<meta name=\"robots\" content=\"index, follow, max-snippet:-1, max-image-preview:large, max-video-preview:-1\" \/>\n<link rel=\"canonical\" href=\"https:\/\/xenonkungen.com\/fi\/tuote\/bullpro-tyovalopalkki-400-w-kaareva\/\" \/>\n<meta property=\"og:locale\" content=\"fi_FI\" \/>\n<meta property=\"og:type\" content=\"article\" \/>\n<meta property=\"og:title\" content=\"Bullpro Arbetsljusramp 400W Sv\u00e4ngd - Xenonkungen\" \/>\n<meta property=\"og:description\" content=\"Bullpro Arbetsljusramp 400W Sv\u00e4ngd \u2013 Kraftfull och Stilren Belysning f\u00f6r Alla Behov Ge dig ut p\u00e5 v\u00e4garna eller ta itu med arbetet i m\u00f6rker med Bullpro Arbetsljusramp 400W Sv\u00e4ngd \u2013 den ultimata l\u00f6sningen f\u00f6r kraftfull och p\u00e5litlig arbetsbelysning. Med sin moderna, sv\u00e4ngda design kombinerar den stil och prestanda f\u00f6r att passa alla fordon och arbetsmilj\u00f6er. [&hellip;]\" \/>\n<meta property=\"og:url\" content=\"https:\/\/xenonkungen.com\/fi\/tuote\/bullpro-tyovalopalkki-400-w-kaareva\/\" \/>\n<meta property=\"og:site_name\" content=\"Xenonkungen\" \/>\n<meta property=\"article:modified_time\" content=\"2026-04-24T16:44:22+00:00\" \/>\n<meta property=\"og:image\" content=\"https:\/\/xenonkungen.com\/wp-content\/uploads\/2025\/04\/216613491-origpic-e6ee7b.jpg\" \/>\n\t<meta property=\"og:image:width\" content=\"476\" \/>\n\t<meta property=\"og:image:height\" content=\"476\" \/>\n\t<meta property=\"og:image:type\" content=\"image\/jpeg\" \/>\n<meta name=\"twitter:card\" content=\"summary_large_image\" \/>\n<meta name=\"twitter:label1\" content=\"Arvioitu lukuaika\" \/>\n\t<meta name=\"twitter:data1\" content=\"1 minuutti\" \/>\n<script type=\"application\/ld+json\" class=\"yoast-schema-graph\">{\"@context\":\"https:\/\/schema.org\",\"@graph\":[{\"@type\":\"WebPage\",\"@id\":\"https:\/\/xenonkungen.com\/de\/produkt\/bullpro-arbeitsscheinwerfer-400w-gebogen\/\",\"url\":\"https:\/\/xenonkungen.com\/de\/produkt\/bullpro-arbeitsscheinwerfer-400w-gebogen\/\",\"name\":\"Bullpro Arbetsljusramp 400W Sv\u00e4ngd - Xenonkungen\",\"isPartOf\":{\"@id\":\"https:\/\/xenonkungen.com\/#website\"},\"primaryImageOfPage\":{\"@id\":\"https:\/\/xenonkungen.com\/de\/produkt\/bullpro-arbeitsscheinwerfer-400w-gebogen\/#primaryimage\"},\"image\":{\"@id\":\"https:\/\/xenonkungen.com\/de\/produkt\/bullpro-arbeitsscheinwerfer-400w-gebogen\/#primaryimage\"},\"thumbnailUrl\":\"https:\/\/xenonkungen.com\/wp-content\/uploads\/2025\/04\/216613491-origpic-e6ee7b.jpg\",\"datePublished\":\"2025-04-15T09:18:01+00:00\",\"dateModified\":\"2026-04-24T16:44:22+00:00\",\"breadcrumb\":{\"@id\":\"https:\/\/xenonkungen.com\/de\/produkt\/bullpro-arbeitsscheinwerfer-400w-gebogen\/#breadcrumb\"},\"inLanguage\":\"fi\",\"potentialAction\":[{\"@type\":\"ReadAction\",\"target\":[\"https:\/\/xenonkungen.com\/de\/produkt\/bullpro-arbeitsscheinwerfer-400w-gebogen\/\"]}]},{\"@type\":\"ImageObject\",\"inLanguage\":\"fi\",\"@id\":\"https:\/\/xenonkungen.com\/de\/produkt\/bullpro-arbeitsscheinwerfer-400w-gebogen\/#primaryimage\",\"url\":\"https:\/\/xenonkungen.com\/wp-content\/uploads\/2025\/04\/216613491-origpic-e6ee7b.jpg\",\"contentUrl\":\"https:\/\/xenonkungen.com\/wp-content\/uploads\/2025\/04\/216613491-origpic-e6ee7b.jpg\",\"width\":476,\"height\":476},{\"@type\":\"BreadcrumbList\",\"@id\":\"https:\/\/xenonkungen.com\/de\/produkt\/bullpro-arbeitsscheinwerfer-400w-gebogen\/#breadcrumb\",\"itemListElement\":[{\"@type\":\"ListItem\",\"position\":1,\"name\":\"Hem\",\"item\":\"https:\/\/xenonkungen.com\/\"},{\"@type\":\"ListItem\",\"position\":2,\"name\":\"Shop\",\"item\":\"https:\/\/xenonkungen.com\/shop\/\"},{\"@type\":\"ListItem\",\"position\":3,\"name\":\"Bullpro Arbetsljusramp 400W Sv\u00e4ngd\"}]},{\"@type\":\"WebSite\",\"@id\":\"https:\/\/xenonkungen.com\/#website\",\"url\":\"https:\/\/xenonkungen.com\/\",\"name\":\"Xenonkungen\",\"description\":\"\",\"potentialAction\":[{\"@type\":\"SearchAction\",\"target\":{\"@type\":\"EntryPoint\",\"urlTemplate\":\"https:\/\/xenonkungen.com\/?s={search_term_string}\"},\"query-input\":{\"@type\":\"PropertyValueSpecification\",\"valueRequired\":true,\"valueName\":\"search_term_string\"}}],\"inLanguage\":\"fi\"}]}<\/script>\n<!-- \/ Yoast SEO plugin. -->","yoast_head_json":{"title":"Bullpro-ty\u00f6valopalkki 400W kaareva - Xenonkungen","robots":{"index":"index","follow":"follow","max-snippet":"max-snippet:-1","max-image-preview":"max-image-preview:large","max-video-preview":"max-video-preview:-1"},"canonical":"https:\/\/xenonkungen.com\/fi\/tuote\/bullpro-tyovalopalkki-400-w-kaareva\/","og_locale":"fi_FI","og_type":"article","og_title":"Bullpro Arbetsljusramp 400W Sv\u00e4ngd - Xenonkungen","og_description":"Bullpro Arbetsljusramp 400W Sv\u00e4ngd \u2013 Kraftfull och Stilren Belysning f\u00f6r Alla Behov Ge dig ut p\u00e5 v\u00e4garna eller ta itu med arbetet i m\u00f6rker med Bullpro Arbetsljusramp 400W Sv\u00e4ngd \u2013 den ultimata l\u00f6sningen f\u00f6r kraftfull och p\u00e5litlig arbetsbelysning. Med sin moderna, sv\u00e4ngda design kombinerar den stil och prestanda f\u00f6r att passa alla fordon och arbetsmilj\u00f6er. [&hellip;]","og_url":"https:\/\/xenonkungen.com\/fi\/tuote\/bullpro-tyovalopalkki-400-w-kaareva\/","og_site_name":"Xenonkungen","article_modified_time":"2026-04-24T16:44:22+00:00","og_image":[{"width":476,"height":476,"url":"https:\/\/xenonkungen.com\/wp-content\/uploads\/2025\/04\/216613491-origpic-e6ee7b.jpg","type":"image\/jpeg"}],"twitter_card":"summary_large_image","twitter_misc":{"Arvioitu lukuaika":"1 minuutti"},"schema":{"@context":"https:\/\/schema.org","@graph":[{"@type":"WebPage","@id":"https:\/\/xenonkungen.com\/de\/produkt\/bullpro-arbeitsscheinwerfer-400w-gebogen\/","url":"https:\/\/xenonkungen.com\/de\/produkt\/bullpro-arbeitsscheinwerfer-400w-gebogen\/","name":"Bullpro-ty\u00f6valopalkki 400W kaareva - Xenonkungen","isPartOf":{"@id":"https:\/\/xenonkungen.com\/#website"},"primaryImageOfPage":{"@id":"https:\/\/xenonkungen.com\/de\/produkt\/bullpro-arbeitsscheinwerfer-400w-gebogen\/#primaryimage"},"image":{"@id":"https:\/\/xenonkungen.com\/de\/produkt\/bullpro-arbeitsscheinwerfer-400w-gebogen\/#primaryimage"},"thumbnailUrl":"https:\/\/xenonkungen.com\/wp-content\/uploads\/2025\/04\/216613491-origpic-e6ee7b.jpg","datePublished":"2025-04-15T09:18:01+00:00","dateModified":"2026-04-24T16:44:22+00:00","breadcrumb":{"@id":"https:\/\/xenonkungen.com\/de\/produkt\/bullpro-arbeitsscheinwerfer-400w-gebogen\/#breadcrumb"},"inLanguage":"fi","potentialAction":[{"@type":"ReadAction","target":["https:\/\/xenonkungen.com\/de\/produkt\/bullpro-arbeitsscheinwerfer-400w-gebogen\/"]}]},{"@type":"ImageObject","inLanguage":"fi","@id":"https:\/\/xenonkungen.com\/de\/produkt\/bullpro-arbeitsscheinwerfer-400w-gebogen\/#primaryimage","url":"https:\/\/xenonkungen.com\/wp-content\/uploads\/2025\/04\/216613491-origpic-e6ee7b.jpg","contentUrl":"https:\/\/xenonkungen.com\/wp-content\/uploads\/2025\/04\/216613491-origpic-e6ee7b.jpg","width":476,"height":476},{"@type":"BreadcrumbList","@id":"https:\/\/xenonkungen.com\/de\/produkt\/bullpro-arbeitsscheinwerfer-400w-gebogen\/#breadcrumb","itemListElement":[{"@type":"ListItem","position":1,"name":"Hem","item":"https:\/\/xenonkungen.com\/"},{"@type":"ListItem","position":2,"name":"Shop","item":"https:\/\/xenonkungen.com\/shop\/"},{"@type":"ListItem","position":3,"name":"Bullpro Arbetsljusramp 400W Sv\u00e4ngd"}]},{"@type":"WebSite","@id":"https:\/\/xenonkungen.com\/#website","url":"https:\/\/xenonkungen.com\/","name":"Xenonkungen","description":"","potentialAction":[{"@type":"SearchAction","target":{"@type":"EntryPoint","urlTemplate":"https:\/\/xenonkungen.com\/?s={search_term_string}"},"query-input":{"@type":"PropertyValueSpecification","valueRequired":true,"valueName":"search_term_string"}}],"inLanguage":"fi"}]}},"taxonomy_info":{"product_brand":[{"value":93,"label":"Bullpro"}],"product_cat":[{"value":2551,"label":"Arbetsljusramp"},{"value":508,"label":"Arbetsbelysning"}],"pa_fargtemperatur":[{"value":1428,"label":"6000"}],"pa_fuktskydd-varde-ipxx":[{"value":1070,"label":"IP67, IP69K"}],"pa_godkannande":[{"value":184,"label":"R10"}],"pa_led-chips-effekt-w":[{"value":400,"label":"108"}],"pa_ljusbild":[{"value":1431,"label":"flood beam"}],"pa_storlek-mm":[{"value":1430,"label":"1073 x 78 x 55"}],"pa_volt-v":[{"value":1419,"label":"10-30"}]},"featured_image_src_large":["https:\/\/xenonkungen.com\/wp-content\/uploads\/2025\/04\/216613491-origpic-e6ee7b.jpg",476,476,false],"author_info":[],"comment_info":0,"_links":{"self":[{"href":"https:\/\/xenonkungen.com\/fi\/wp-json\/wp\/v2\/product\/4756","targetHints":{"allow":["GET"]}}],"collection":[{"href":"https:\/\/xenonkungen.com\/fi\/wp-json\/wp\/v2\/product"}],"about":[{"href":"https:\/\/xenonkungen.com\/fi\/wp-json\/wp\/v2\/types\/product"}],"replies":[{"embeddable":true,"href":"https:\/\/xenonkungen.com\/fi\/wp-json\/wp\/v2\/comments?post=4756"}],"wp:featuredmedia":[{"embeddable":true,"href":"https:\/\/xenonkungen.com\/fi\/wp-json\/wp\/v2\/media\/4757"}],"wp:attachment":[{"href":"https:\/\/xenonkungen.com\/fi\/wp-json\/wp\/v2\/media?parent=4756"}],"wp:term":[{"taxonomy":"anvandningsomrade","embeddable":true,"href":"https:\/\/xenonkungen.com\/fi\/wp-json\/wp\/v2\/anvandningsomrade?post=4756"},{"taxonomy":"bilmarken","embeddable":true,"href":"https:\/\/xenonkungen.com\/fi\/wp-json\/wp\/v2\/bilmarken?post=4756"},{"taxonomy":"product_brand","embeddable":true,"href":"https:\/\/xenonkungen.com\/fi\/wp-json\/wp\/v2\/product_brand?post=4756"},{"taxonomy":"product_cat","embeddable":true,"href":"https:\/\/xenonkungen.com\/fi\/wp-json\/wp\/v2\/product_cat?post=4756"},{"taxonomy":"product_tag","embeddable":true,"href":"https:\/\/xenonkungen.com\/fi\/wp-json\/wp\/v2\/product_tag?post=4756"}],"curies":[{"name":"wp","href":"https:\/\/api.w.org\/{rel}","templated":true}]}}