{"id":4775,"date":"2025-04-15T09:18:13","date_gmt":"2025-04-15T09:18:13","guid":{"rendered":"https:\/\/xenonkungen.com\/product\/optibeam-dark-phantom-lm6-blixtljus-orange\/"},"modified":"2026-05-08T15:42:16","modified_gmt":"2026-05-08T14:42:16","slug":"optibeam-dark-phantom-lm6-taskulamppu-oranssi","status":"publish","type":"product","link":"https:\/\/xenonkungen.com\/fi\/tuote\/optibeam-dark-phantom-lm6-taskulamppu-oranssi\/","title":{"rendered":"Optibeam Dark Phantom LM6 taskulamppu oranssi"},"content":{"rendered":"<h1>Tutustu kauan odotettuun Optibeamin LM6-malliin<\/h1>\n<p>Paranna ajoneuvosi n\u00e4kyvyytt\u00e4 ja tyyli\u00e4 suositun Optibeam-merkin upouudella LM6-strobovalolla. T\u00e4ss\u00e4 innovatiivisessa mallissa on tyylik\u00e4s uusi muotoilu ja tumma lasi huomaamattomaan asennukseen, joka sulautuu t\u00e4ydellisesti ajoneuvosi estetiikkaan.<\/p>\n<h2>Ominaisuudet ja hy\u00f6dyt<\/h2>\n<ul>\n<li><strong>Kompakti ja tehokas<\/strong>Varustettu 6 LEDill\u00e4 eritt\u00e4in ohuessa, vain 9 mm:n kotelossa.<\/li>\n<li><strong>ECE R65 -luokka 1<\/strong>LM6 on E-hyv\u00e4ksytty tiukimpien turvallisuus- ja suorituskykystandardien mukaisesti.<\/li>\n<li><strong>Kest\u00e4v\u00e4 ja lujatekoinen<\/strong>T\u00e4ysin suojattu vedelt\u00e4, p\u00f6lylt\u00e4 ja t\u00e4rin\u00e4lt\u00e4, mik\u00e4 varmistaa pitk\u00e4ik\u00e4isen ja luotettavan k\u00e4yt\u00f6n miss\u00e4 tahansa ymp\u00e4rist\u00f6ss\u00e4.<\/li>\n<li><strong>Synkronoidut salamakuviot<\/strong>Mahdollisuus synkronoida useita salamalaitteita yhten\u00e4isen ja ammattimaisen ilmeen saavuttamiseksi. 29 erilaista salamakuviota.<\/li>\n<li><strong>Joustava kokoonpano<\/strong>L-kiinnikkeiden kaltaiset lis\u00e4varusteet helpottavat valaisimen asentamista eri tavoin, kuten ripustamalla, tarpeidesi mukaan.<\/li>\n<\/ul>\n<h2>Miksi valita LM6?<\/h2>\n<p>LM6 on enemm\u00e4n kuin pelkk\u00e4 taskulamppu \u2013 se on yhdistelm\u00e4 tyyli\u00e4 ja turvallisuutta. Huomaamattoman muotoilunsa ja edistyneiden ominaisuuksiensa ansiosta se on t\u00e4ydellinen valinta kaikille, jotka haluavat korkealaatuista suorituskyky\u00e4 ulkon\u00e4\u00f6st\u00e4 tinkim\u00e4tt\u00e4.<\/p>\n<p>Tee valintasi jo t\u00e4n\u00e4\u00e4n ja koe ero Optibeamin LM6:n avulla!<\/p>","protected":false},"excerpt":{"rendered":"<p>Oranssi salamavalo 6 diodia 113 mm<\/p>","protected":false},"featured_media":4776,"comment_status":"closed","ping_status":"open","template":"","meta":{"_acf_changed":false,"_smort_price_nok":"1430","_smort_price_dkk":"909","_smort_price_eur":"121.72","_smort_sale_price_nok":"","_smort_sale_price_dkk":"","_smort_sale_price_eur":"","smort_restorder":"","shipmondo_restorder":"","_kad_blocks_custom_css":"","_kad_blocks_head_custom_js":"","_kad_blocks_body_custom_js":"","_kad_blocks_footer_custom_js":"","smort_custom_pricelist_1":"856.96","smort_custom_pricelist_2":"749.84","smort_custom_pricelist_3":"696.28","smort_custom_pricelist_4":"1071.2","smort_custom_pricelist_5":"749.84"},"anvandningsomrade":[],"bilmarken":[],"product_brand":[107],"product_cat":[2553,1061],"product_tag":[],"class_list":{"0":"post-4775","1":"product","2":"type-product","3":"status-publish","4":"has-post-thumbnail","6":"product_brand-optibeam","7":"product_cat-blixtljus-riktat-varningsljus","8":"product_cat-varningsljus","9":"pa_faktisk-effekts-forbrukning-1438","10":"pa_fargtemperatur-orange","11":"pa_fuktskydd-varde-ipxx-ip68","12":"pa_godkannande-ece-r65-r10","13":"pa_led-chips-effekt-w-1437","14":"pa_ljusbild-blixljus","15":"pa_storlek-mm-113x28x9","16":"pa_stromforbrukning-075a-24v","17":"pa_stromforbrukning-15a-12v","18":"pa_volt-v-12-24","20":"first","21":"instock","22":"taxable","23":"shipping-taxable","24":"purchasable","25":"product-type-simple"},"bundled_by":[],"bundle_stock_status":"instock","bundle_stock_quantity":1,"bundle_virtual":false,"bundle_layout":"","bundle_add_to_cart_form_location":"","bundle_editable_in_cart":false,"bundle_sold_individually_context":"","bundle_item_grouping":"","bundle_min_size":"","bundle_max_size":"","bundle_price":[],"bundled_items":[],"bundle_sell_ids":[],"acf":[],"yoast_head":"<!-- This site is optimized with the Yoast SEO plugin v27.0 - https:\/\/yoast.com\/product\/yoast-seo-wordpress\/ -->\n<title>Optibeam Dark Phantom LM6 Blixtljus Orange - Xenonkungen<\/title>\n<meta name=\"robots\" content=\"index, follow, max-snippet:-1, max-image-preview:large, max-video-preview:-1\" \/>\n<link rel=\"canonical\" href=\"https:\/\/xenonkungen.com\/fi\/tuote\/optibeam-dark-phantom-lm6-taskulamppu-oranssi\/\" \/>\n<meta property=\"og:locale\" content=\"fi_FI\" \/>\n<meta property=\"og:type\" content=\"article\" \/>\n<meta property=\"og:title\" content=\"Optibeam Dark Phantom LM6 Blixtljus Orange - Xenonkungen\" \/>\n<meta property=\"og:description\" content=\"Blixtljus Orange 6-dioder 113mm\" \/>\n<meta property=\"og:url\" content=\"https:\/\/xenonkungen.com\/fi\/tuote\/optibeam-dark-phantom-lm6-taskulamppu-oranssi\/\" \/>\n<meta property=\"og:site_name\" content=\"Xenonkungen\" \/>\n<meta property=\"article:modified_time\" content=\"2026-05-08T14:42:16+00:00\" \/>\n<meta property=\"og:image\" content=\"https:\/\/xenonkungen.com\/wp-content\/uploads\/2025\/04\/213621589-origpic-7e7aaf.jpg\" \/>\n\t<meta property=\"og:image:width\" content=\"1100\" \/>\n\t<meta property=\"og:image:height\" content=\"1100\" \/>\n\t<meta property=\"og:image:type\" content=\"image\/jpeg\" \/>\n<meta name=\"twitter:card\" content=\"summary_large_image\" \/>\n<meta name=\"twitter:label1\" content=\"Arvioitu lukuaika\" \/>\n\t<meta name=\"twitter:data1\" content=\"1 minuutti\" \/>\n<script type=\"application\/ld+json\" class=\"yoast-schema-graph\">{\"@context\":\"https:\/\/schema.org\",\"@graph\":[{\"@type\":\"WebPage\",\"@id\":\"https:\/\/xenonkungen.com\/produkt\/optibeam-dark-phantom-lm6-blixtljus-orange\/\",\"url\":\"https:\/\/xenonkungen.com\/produkt\/optibeam-dark-phantom-lm6-blixtljus-orange\/\",\"name\":\"Optibeam Dark Phantom LM6 Blixtljus Orange - Xenonkungen\",\"isPartOf\":{\"@id\":\"https:\/\/xenonkungen.com\/#website\"},\"primaryImageOfPage\":{\"@id\":\"https:\/\/xenonkungen.com\/produkt\/optibeam-dark-phantom-lm6-blixtljus-orange\/#primaryimage\"},\"image\":{\"@id\":\"https:\/\/xenonkungen.com\/produkt\/optibeam-dark-phantom-lm6-blixtljus-orange\/#primaryimage\"},\"thumbnailUrl\":\"https:\/\/xenonkungen.com\/wp-content\/uploads\/2025\/04\/213621589-origpic-7e7aaf.jpg\",\"datePublished\":\"2025-04-15T09:18:13+00:00\",\"dateModified\":\"2026-05-08T14:42:16+00:00\",\"breadcrumb\":{\"@id\":\"https:\/\/xenonkungen.com\/produkt\/optibeam-dark-phantom-lm6-blixtljus-orange\/#breadcrumb\"},\"inLanguage\":\"fi\",\"potentialAction\":[{\"@type\":\"ReadAction\",\"target\":[\"https:\/\/xenonkungen.com\/produkt\/optibeam-dark-phantom-lm6-blixtljus-orange\/\"]}]},{\"@type\":\"ImageObject\",\"inLanguage\":\"fi\",\"@id\":\"https:\/\/xenonkungen.com\/produkt\/optibeam-dark-phantom-lm6-blixtljus-orange\/#primaryimage\",\"url\":\"https:\/\/xenonkungen.com\/wp-content\/uploads\/2025\/04\/213621589-origpic-7e7aaf.jpg\",\"contentUrl\":\"https:\/\/xenonkungen.com\/wp-content\/uploads\/2025\/04\/213621589-origpic-7e7aaf.jpg\",\"width\":1100,\"height\":1100},{\"@type\":\"BreadcrumbList\",\"@id\":\"https:\/\/xenonkungen.com\/produkt\/optibeam-dark-phantom-lm6-blixtljus-orange\/#breadcrumb\",\"itemListElement\":[{\"@type\":\"ListItem\",\"position\":1,\"name\":\"Hem\",\"item\":\"https:\/\/xenonkungen.com\/\"},{\"@type\":\"ListItem\",\"position\":2,\"name\":\"Shop\",\"item\":\"https:\/\/xenonkungen.com\/shop\/\"},{\"@type\":\"ListItem\",\"position\":3,\"name\":\"Optibeam Dark Phantom LM6 Blixtljus Orange\"}]},{\"@type\":\"WebSite\",\"@id\":\"https:\/\/xenonkungen.com\/#website\",\"url\":\"https:\/\/xenonkungen.com\/\",\"name\":\"Xenonkungen\",\"description\":\"\",\"potentialAction\":[{\"@type\":\"SearchAction\",\"target\":{\"@type\":\"EntryPoint\",\"urlTemplate\":\"https:\/\/xenonkungen.com\/?s={search_term_string}\"},\"query-input\":{\"@type\":\"PropertyValueSpecification\",\"valueRequired\":true,\"valueName\":\"search_term_string\"}}],\"inLanguage\":\"fi\"}]}<\/script>\n<!-- \/ Yoast SEO plugin. -->","yoast_head_json":{"title":"Optibeam Dark Phantom LM6 taskulamppu oranssi - Xenonkungen","robots":{"index":"index","follow":"follow","max-snippet":"max-snippet:-1","max-image-preview":"max-image-preview:large","max-video-preview":"max-video-preview:-1"},"canonical":"https:\/\/xenonkungen.com\/fi\/tuote\/optibeam-dark-phantom-lm6-taskulamppu-oranssi\/","og_locale":"fi_FI","og_type":"article","og_title":"Optibeam Dark Phantom LM6 Blixtljus Orange - Xenonkungen","og_description":"Blixtljus Orange 6-dioder 113mm","og_url":"https:\/\/xenonkungen.com\/fi\/tuote\/optibeam-dark-phantom-lm6-taskulamppu-oranssi\/","og_site_name":"Xenonkungen","article_modified_time":"2026-05-08T14:42:16+00:00","og_image":[{"width":1100,"height":1100,"url":"https:\/\/xenonkungen.com\/wp-content\/uploads\/2025\/04\/213621589-origpic-7e7aaf.jpg","type":"image\/jpeg"}],"twitter_card":"summary_large_image","twitter_misc":{"Arvioitu lukuaika":"1 minuutti"},"schema":{"@context":"https:\/\/schema.org","@graph":[{"@type":"WebPage","@id":"https:\/\/xenonkungen.com\/produkt\/optibeam-dark-phantom-lm6-blixtljus-orange\/","url":"https:\/\/xenonkungen.com\/produkt\/optibeam-dark-phantom-lm6-blixtljus-orange\/","name":"Optibeam Dark Phantom LM6 taskulamppu oranssi - Xenonkungen","isPartOf":{"@id":"https:\/\/xenonkungen.com\/#website"},"primaryImageOfPage":{"@id":"https:\/\/xenonkungen.com\/produkt\/optibeam-dark-phantom-lm6-blixtljus-orange\/#primaryimage"},"image":{"@id":"https:\/\/xenonkungen.com\/produkt\/optibeam-dark-phantom-lm6-blixtljus-orange\/#primaryimage"},"thumbnailUrl":"https:\/\/xenonkungen.com\/wp-content\/uploads\/2025\/04\/213621589-origpic-7e7aaf.jpg","datePublished":"2025-04-15T09:18:13+00:00","dateModified":"2026-05-08T14:42:16+00:00","breadcrumb":{"@id":"https:\/\/xenonkungen.com\/produkt\/optibeam-dark-phantom-lm6-blixtljus-orange\/#breadcrumb"},"inLanguage":"fi","potentialAction":[{"@type":"ReadAction","target":["https:\/\/xenonkungen.com\/produkt\/optibeam-dark-phantom-lm6-blixtljus-orange\/"]}]},{"@type":"ImageObject","inLanguage":"fi","@id":"https:\/\/xenonkungen.com\/produkt\/optibeam-dark-phantom-lm6-blixtljus-orange\/#primaryimage","url":"https:\/\/xenonkungen.com\/wp-content\/uploads\/2025\/04\/213621589-origpic-7e7aaf.jpg","contentUrl":"https:\/\/xenonkungen.com\/wp-content\/uploads\/2025\/04\/213621589-origpic-7e7aaf.jpg","width":1100,"height":1100},{"@type":"BreadcrumbList","@id":"https:\/\/xenonkungen.com\/produkt\/optibeam-dark-phantom-lm6-blixtljus-orange\/#breadcrumb","itemListElement":[{"@type":"ListItem","position":1,"name":"Hem","item":"https:\/\/xenonkungen.com\/"},{"@type":"ListItem","position":2,"name":"Shop","item":"https:\/\/xenonkungen.com\/shop\/"},{"@type":"ListItem","position":3,"name":"Optibeam Dark Phantom LM6 Blixtljus Orange"}]},{"@type":"WebSite","@id":"https:\/\/xenonkungen.com\/#website","url":"https:\/\/xenonkungen.com\/","name":"Xenonkungen","description":"","potentialAction":[{"@type":"SearchAction","target":{"@type":"EntryPoint","urlTemplate":"https:\/\/xenonkungen.com\/?s={search_term_string}"},"query-input":{"@type":"PropertyValueSpecification","valueRequired":true,"valueName":"search_term_string"}}],"inLanguage":"fi"}]}},"taxonomy_info":{"product_brand":[{"value":107,"label":"Optibeam"}],"product_cat":[{"value":2553,"label":"Blixtljus - Riktat varningsljus"},{"value":1061,"label":"Varningsljus"}],"pa_faktisk-effekts-forbrukning":[{"value":1438,"label":"18,2"}],"pa_fargtemperatur":[{"value":1439,"label":"Orange"}],"pa_fuktskydd-varde-ipxx":[{"value":177,"label":"IP68"}],"pa_godkannande":[{"value":1442,"label":"ECE R65 R10"}],"pa_led-chips-effekt-w":[{"value":1437,"label":"18,2"}],"pa_ljusbild":[{"value":1279,"label":"Blixljus"}],"pa_storlek-mm":[{"value":1436,"label":"113x28x9"}],"pa_stromforbrukning":[{"value":1441,"label":"0,75A @24V"},{"value":1440,"label":"1,5A @12V"}],"pa_volt-v":[{"value":348,"label":"12, 24"}]},"featured_image_src_large":["https:\/\/xenonkungen.com\/wp-content\/uploads\/2025\/04\/213621589-origpic-7e7aaf-1024x1024.jpg",1024,1024,true],"author_info":[],"comment_info":0,"_links":{"self":[{"href":"https:\/\/xenonkungen.com\/fi\/wp-json\/wp\/v2\/product\/4775","targetHints":{"allow":["GET"]}}],"collection":[{"href":"https:\/\/xenonkungen.com\/fi\/wp-json\/wp\/v2\/product"}],"about":[{"href":"https:\/\/xenonkungen.com\/fi\/wp-json\/wp\/v2\/types\/product"}],"replies":[{"embeddable":true,"href":"https:\/\/xenonkungen.com\/fi\/wp-json\/wp\/v2\/comments?post=4775"}],"wp:featuredmedia":[{"embeddable":true,"href":"https:\/\/xenonkungen.com\/fi\/wp-json\/wp\/v2\/media\/4776"}],"wp:attachment":[{"href":"https:\/\/xenonkungen.com\/fi\/wp-json\/wp\/v2\/media?parent=4775"}],"wp:term":[{"taxonomy":"anvandningsomrade","embeddable":true,"href":"https:\/\/xenonkungen.com\/fi\/wp-json\/wp\/v2\/anvandningsomrade?post=4775"},{"taxonomy":"bilmarken","embeddable":true,"href":"https:\/\/xenonkungen.com\/fi\/wp-json\/wp\/v2\/bilmarken?post=4775"},{"taxonomy":"product_brand","embeddable":true,"href":"https:\/\/xenonkungen.com\/fi\/wp-json\/wp\/v2\/product_brand?post=4775"},{"taxonomy":"product_cat","embeddable":true,"href":"https:\/\/xenonkungen.com\/fi\/wp-json\/wp\/v2\/product_cat?post=4775"},{"taxonomy":"product_tag","embeddable":true,"href":"https:\/\/xenonkungen.com\/fi\/wp-json\/wp\/v2\/product_tag?post=4775"}],"curies":[{"name":"wp","href":"https:\/\/api.w.org\/{rel}","templated":true}]}}