{"id":4832,"date":"2025-04-15T09:18:59","date_gmt":"2025-04-15T09:18:59","guid":{"rendered":"https:\/\/xenonkungen.com\/product\/nordic-light-arbetsbelysning-50w\/"},"modified":"2026-04-11T01:38:59","modified_gmt":"2026-04-11T00:38:59","slug":"nordic-light-tyovalo-50-w","status":"publish","type":"product","link":"https:\/\/xenonkungen.com\/fi\/tuote\/nordic-light-tyovalo-50-w\/","title":{"rendered":"Nordic Light ty\u00f6valo 50W"},"content":{"rendered":"<h1>Scorpius Pro 445 -ajovalot Nordic Lightilta: tehokkaat valaisimet kaikkiin ajoneuvoihin.<\/h1>\n<h2>Ylivoimainen valoteho ja kest\u00e4v\u00e4 rakenne<\/h2>\n<p>Scorpius Pro 445 on tunnustetun Nordic Light -merkin tehokas LED-valonheitin. Alumiinikotelon ja polykarbonaattilinssin vankan rakenteen ansiosta se kest\u00e4\u00e4 kovimmatkin olosuhteet. T\u00e4m\u00e4n valonheittimen kirkkaus on 4400 lm, mik\u00e4 takaa erinomaisen n\u00e4kyvyyden kaikissa ymp\u00e4rist\u00f6iss\u00e4. Valon v\u00e4ril\u00e4mp\u00f6tila on 5000K, joten se antaa miellytt\u00e4v\u00e4n valkoisen s\u00e4vyn, joka muistuttaa p\u00e4iv\u00e4nvaloa. Laaja valovirta vaikuttaa osaltaan laajaan valokuvioon, joka tarjoaa laajan ja tehokkaan valon. Valonheitin on my\u00f6s EMC-hyv\u00e4ksytty CISPR25 CL5- ja ADR-standardien mukaisesti, mik\u00e4 tarkoittaa, ett\u00e4 se t\u00e4ytt\u00e4\u00e4 s\u00e4hk\u00f6magneettista yhteensopivuutta koskevat tiukat kansainv\u00e4liset standardit.<\/p>","protected":false},"excerpt":{"rendered":"<p>Scorpius Pro 445 Str\u00e5lkastare fr\u00e5n Nordic Light: H\u00f6geffektiv Belysning f\u00f6r Alla Fordon \u00d6verl\u00e4gsen Ljuskraft och H\u00e5llbar Konstruktion Scorpius Pro 445 \u00e4r en h\u00f6gpresterande LED-str\u00e5lkastare fr\u00e5n det erk\u00e4nda varum\u00e4rket Nordic Light. Med sin robusta konstruktion av aluminiumhus och polycarbonatlins \u00e4r den byggd f\u00f6r att motst\u00e5 \u00e4ven de tuffaste f\u00f6rh\u00e5llandena. Denne str\u00e5lkastare levererar en ljusstyrka p\u00e5 4400lm, [&hellip;]<\/p>","protected":false},"featured_media":4833,"comment_status":"closed","ping_status":"open","template":"","meta":{"_acf_changed":false,"_smort_price_nok":"3098","_smort_price_dkk":"1968","_smort_price_eur":"263.62","_smort_sale_price_nok":"","_smort_sale_price_dkk":"","_smort_sale_price_eur":"","smort_restorder":"","shipmondo_restorder":"","_kad_blocks_custom_css":"","_kad_blocks_head_custom_js":"","_kad_blocks_body_custom_js":"","_kad_blocks_footer_custom_js":"","smort_custom_pricelist_1":"1856","smort_custom_pricelist_2":"1624","smort_custom_pricelist_3":"1542.8","smort_custom_pricelist_4":"2320","smort_custom_pricelist_5":"1624"},"anvandningsomrade":[],"bilmarken":[],"product_brand":[],"product_cat":[508],"product_tag":[],"class_list":{"0":"post-4832","1":"product","2":"type-product","3":"status-publish","4":"has-post-thumbnail","6":"product_cat-arbetsbelysning","7":"pa_godkannande-mc-cispr25-cl5-adr","8":"pa_lampsockel-kontakt-inbyggd-dt","9":"pa_led-chips-effekt-w-355","10":"pa_storlek-mm-108x108x87","11":"pa_volt-v-12-24","13":"first","14":"onbackorder","15":"taxable","16":"shipping-taxable","17":"purchasable","18":"product-type-simple"},"bundled_by":[],"bundle_stock_status":"onbackorder","bundle_stock_quantity":0,"bundle_virtual":false,"bundle_layout":"","bundle_add_to_cart_form_location":"","bundle_editable_in_cart":false,"bundle_sold_individually_context":"","bundle_item_grouping":"","bundle_min_size":"","bundle_max_size":"","bundle_price":[],"bundled_items":[],"bundle_sell_ids":[],"acf":[],"yoast_head":"<!-- This site is optimized with the Yoast SEO plugin v27.0 - https:\/\/yoast.com\/product\/yoast-seo-wordpress\/ -->\n<title>Nordic Light Arbetsbelysning 50W - Xenonkungen<\/title>\n<meta name=\"robots\" content=\"index, follow, max-snippet:-1, max-image-preview:large, max-video-preview:-1\" \/>\n<link rel=\"canonical\" href=\"https:\/\/xenonkungen.com\/fi\/tuote\/nordic-light-tyovalo-50-w\/\" \/>\n<meta property=\"og:locale\" content=\"fi_FI\" \/>\n<meta property=\"og:type\" content=\"article\" \/>\n<meta property=\"og:title\" content=\"Nordic Light Arbetsbelysning 50W - Xenonkungen\" \/>\n<meta property=\"og:description\" content=\"Scorpius Pro 445 Str\u00e5lkastare fr\u00e5n Nordic Light: H\u00f6geffektiv Belysning f\u00f6r Alla Fordon \u00d6verl\u00e4gsen Ljuskraft och H\u00e5llbar Konstruktion Scorpius Pro 445 \u00e4r en h\u00f6gpresterande LED-str\u00e5lkastare fr\u00e5n det erk\u00e4nda varum\u00e4rket Nordic Light. Med sin robusta konstruktion av aluminiumhus och polycarbonatlins \u00e4r den byggd f\u00f6r att motst\u00e5 \u00e4ven de tuffaste f\u00f6rh\u00e5llandena. Denne str\u00e5lkastare levererar en ljusstyrka p\u00e5 4400lm, [&hellip;]\" \/>\n<meta property=\"og:url\" content=\"https:\/\/xenonkungen.com\/fi\/tuote\/nordic-light-tyovalo-50-w\/\" \/>\n<meta property=\"og:site_name\" content=\"Xenonkungen\" \/>\n<meta property=\"article:modified_time\" content=\"2026-04-11T00:38:59+00:00\" \/>\n<meta property=\"og:image\" content=\"https:\/\/xenonkungen.com\/wp-content\/uploads\/2025\/04\/204076223-origpic-f7ad89.jpg\" \/>\n\t<meta property=\"og:image:width\" content=\"400\" \/>\n\t<meta property=\"og:image:height\" content=\"300\" \/>\n\t<meta property=\"og:image:type\" content=\"image\/jpeg\" \/>\n<meta name=\"twitter:card\" content=\"summary_large_image\" \/>\n<meta name=\"twitter:label1\" content=\"Arvioitu lukuaika\" \/>\n\t<meta name=\"twitter:data1\" content=\"1 minuutti\" \/>\n<script type=\"application\/ld+json\" class=\"yoast-schema-graph\">{\"@context\":\"https:\/\/schema.org\",\"@graph\":[{\"@type\":\"WebPage\",\"@id\":\"https:\/\/xenonkungen.com\/nl\/product\/nordic-light-werklamp-50w\/\",\"url\":\"https:\/\/xenonkungen.com\/nl\/product\/nordic-light-werklamp-50w\/\",\"name\":\"Nordic Light Arbetsbelysning 50W - Xenonkungen\",\"isPartOf\":{\"@id\":\"https:\/\/xenonkungen.com\/#website\"},\"primaryImageOfPage\":{\"@id\":\"https:\/\/xenonkungen.com\/nl\/product\/nordic-light-werklamp-50w\/#primaryimage\"},\"image\":{\"@id\":\"https:\/\/xenonkungen.com\/nl\/product\/nordic-light-werklamp-50w\/#primaryimage\"},\"thumbnailUrl\":\"https:\/\/xenonkungen.com\/wp-content\/uploads\/2025\/04\/204076223-origpic-f7ad89.jpg\",\"datePublished\":\"2025-04-15T09:18:59+00:00\",\"dateModified\":\"2026-04-11T00:38:59+00:00\",\"breadcrumb\":{\"@id\":\"https:\/\/xenonkungen.com\/nl\/product\/nordic-light-werklamp-50w\/#breadcrumb\"},\"inLanguage\":\"fi\",\"potentialAction\":[{\"@type\":\"ReadAction\",\"target\":[\"https:\/\/xenonkungen.com\/nl\/product\/nordic-light-werklamp-50w\/\"]}]},{\"@type\":\"ImageObject\",\"inLanguage\":\"fi\",\"@id\":\"https:\/\/xenonkungen.com\/nl\/product\/nordic-light-werklamp-50w\/#primaryimage\",\"url\":\"https:\/\/xenonkungen.com\/wp-content\/uploads\/2025\/04\/204076223-origpic-f7ad89.jpg\",\"contentUrl\":\"https:\/\/xenonkungen.com\/wp-content\/uploads\/2025\/04\/204076223-origpic-f7ad89.jpg\",\"width\":400,\"height\":300},{\"@type\":\"BreadcrumbList\",\"@id\":\"https:\/\/xenonkungen.com\/nl\/product\/nordic-light-werklamp-50w\/#breadcrumb\",\"itemListElement\":[{\"@type\":\"ListItem\",\"position\":1,\"name\":\"Hem\",\"item\":\"https:\/\/xenonkungen.com\/\"},{\"@type\":\"ListItem\",\"position\":2,\"name\":\"Shop\",\"item\":\"https:\/\/xenonkungen.com\/shop\/\"},{\"@type\":\"ListItem\",\"position\":3,\"name\":\"Nordic Light Arbetsbelysning 50W\"}]},{\"@type\":\"WebSite\",\"@id\":\"https:\/\/xenonkungen.com\/#website\",\"url\":\"https:\/\/xenonkungen.com\/\",\"name\":\"Xenonkungen\",\"description\":\"\",\"potentialAction\":[{\"@type\":\"SearchAction\",\"target\":{\"@type\":\"EntryPoint\",\"urlTemplate\":\"https:\/\/xenonkungen.com\/?s={search_term_string}\"},\"query-input\":{\"@type\":\"PropertyValueSpecification\",\"valueRequired\":true,\"valueName\":\"search_term_string\"}}],\"inLanguage\":\"fi\"}]}<\/script>\n<!-- \/ Yoast SEO plugin. -->","yoast_head_json":{"title":"Nordic Light -ty\u00f6valo 50W - Xenonkungen","robots":{"index":"index","follow":"follow","max-snippet":"max-snippet:-1","max-image-preview":"max-image-preview:large","max-video-preview":"max-video-preview:-1"},"canonical":"https:\/\/xenonkungen.com\/fi\/tuote\/nordic-light-tyovalo-50-w\/","og_locale":"fi_FI","og_type":"article","og_title":"Nordic Light Arbetsbelysning 50W - Xenonkungen","og_description":"Scorpius Pro 445 Str\u00e5lkastare fr\u00e5n Nordic Light: H\u00f6geffektiv Belysning f\u00f6r Alla Fordon \u00d6verl\u00e4gsen Ljuskraft och H\u00e5llbar Konstruktion Scorpius Pro 445 \u00e4r en h\u00f6gpresterande LED-str\u00e5lkastare fr\u00e5n det erk\u00e4nda varum\u00e4rket Nordic Light. Med sin robusta konstruktion av aluminiumhus och polycarbonatlins \u00e4r den byggd f\u00f6r att motst\u00e5 \u00e4ven de tuffaste f\u00f6rh\u00e5llandena. Denne str\u00e5lkastare levererar en ljusstyrka p\u00e5 4400lm, [&hellip;]","og_url":"https:\/\/xenonkungen.com\/fi\/tuote\/nordic-light-tyovalo-50-w\/","og_site_name":"Xenonkungen","article_modified_time":"2026-04-11T00:38:59+00:00","og_image":[{"width":400,"height":300,"url":"https:\/\/xenonkungen.com\/wp-content\/uploads\/2025\/04\/204076223-origpic-f7ad89.jpg","type":"image\/jpeg"}],"twitter_card":"summary_large_image","twitter_misc":{"Arvioitu lukuaika":"1 minuutti"},"schema":{"@context":"https:\/\/schema.org","@graph":[{"@type":"WebPage","@id":"https:\/\/xenonkungen.com\/nl\/product\/nordic-light-werklamp-50w\/","url":"https:\/\/xenonkungen.com\/nl\/product\/nordic-light-werklamp-50w\/","name":"Nordic Light -ty\u00f6valo 50W - Xenonkungen","isPartOf":{"@id":"https:\/\/xenonkungen.com\/#website"},"primaryImageOfPage":{"@id":"https:\/\/xenonkungen.com\/nl\/product\/nordic-light-werklamp-50w\/#primaryimage"},"image":{"@id":"https:\/\/xenonkungen.com\/nl\/product\/nordic-light-werklamp-50w\/#primaryimage"},"thumbnailUrl":"https:\/\/xenonkungen.com\/wp-content\/uploads\/2025\/04\/204076223-origpic-f7ad89.jpg","datePublished":"2025-04-15T09:18:59+00:00","dateModified":"2026-04-11T00:38:59+00:00","breadcrumb":{"@id":"https:\/\/xenonkungen.com\/nl\/product\/nordic-light-werklamp-50w\/#breadcrumb"},"inLanguage":"fi","potentialAction":[{"@type":"ReadAction","target":["https:\/\/xenonkungen.com\/nl\/product\/nordic-light-werklamp-50w\/"]}]},{"@type":"ImageObject","inLanguage":"fi","@id":"https:\/\/xenonkungen.com\/nl\/product\/nordic-light-werklamp-50w\/#primaryimage","url":"https:\/\/xenonkungen.com\/wp-content\/uploads\/2025\/04\/204076223-origpic-f7ad89.jpg","contentUrl":"https:\/\/xenonkungen.com\/wp-content\/uploads\/2025\/04\/204076223-origpic-f7ad89.jpg","width":400,"height":300},{"@type":"BreadcrumbList","@id":"https:\/\/xenonkungen.com\/nl\/product\/nordic-light-werklamp-50w\/#breadcrumb","itemListElement":[{"@type":"ListItem","position":1,"name":"Hem","item":"https:\/\/xenonkungen.com\/"},{"@type":"ListItem","position":2,"name":"Shop","item":"https:\/\/xenonkungen.com\/shop\/"},{"@type":"ListItem","position":3,"name":"Nordic Light Arbetsbelysning 50W"}]},{"@type":"WebSite","@id":"https:\/\/xenonkungen.com\/#website","url":"https:\/\/xenonkungen.com\/","name":"Xenonkungen","description":"","potentialAction":[{"@type":"SearchAction","target":{"@type":"EntryPoint","urlTemplate":"https:\/\/xenonkungen.com\/?s={search_term_string}"},"query-input":{"@type":"PropertyValueSpecification","valueRequired":true,"valueName":"search_term_string"}}],"inLanguage":"fi"}]}},"taxonomy_info":{"product_cat":[{"value":508,"label":"Arbetsbelysning"}],"pa_godkannande":[{"value":1469,"label":"MC CISPR25 CL5 ADR"}],"pa_lampsockel-kontakt":[{"value":1420,"label":"inbyggd DT"}],"pa_led-chips-effekt-w":[{"value":355,"label":"50"}],"pa_storlek-mm":[{"value":1468,"label":"108x108x87"}],"pa_volt-v":[{"value":348,"label":"12, 24"}]},"featured_image_src_large":["https:\/\/xenonkungen.com\/wp-content\/uploads\/2025\/04\/204076223-origpic-f7ad89.jpg",400,300,false],"author_info":[],"comment_info":0,"_links":{"self":[{"href":"https:\/\/xenonkungen.com\/fi\/wp-json\/wp\/v2\/product\/4832","targetHints":{"allow":["GET"]}}],"collection":[{"href":"https:\/\/xenonkungen.com\/fi\/wp-json\/wp\/v2\/product"}],"about":[{"href":"https:\/\/xenonkungen.com\/fi\/wp-json\/wp\/v2\/types\/product"}],"replies":[{"embeddable":true,"href":"https:\/\/xenonkungen.com\/fi\/wp-json\/wp\/v2\/comments?post=4832"}],"wp:featuredmedia":[{"embeddable":true,"href":"https:\/\/xenonkungen.com\/fi\/wp-json\/wp\/v2\/media\/4833"}],"wp:attachment":[{"href":"https:\/\/xenonkungen.com\/fi\/wp-json\/wp\/v2\/media?parent=4832"}],"wp:term":[{"taxonomy":"anvandningsomrade","embeddable":true,"href":"https:\/\/xenonkungen.com\/fi\/wp-json\/wp\/v2\/anvandningsomrade?post=4832"},{"taxonomy":"bilmarken","embeddable":true,"href":"https:\/\/xenonkungen.com\/fi\/wp-json\/wp\/v2\/bilmarken?post=4832"},{"taxonomy":"product_brand","embeddable":true,"href":"https:\/\/xenonkungen.com\/fi\/wp-json\/wp\/v2\/product_brand?post=4832"},{"taxonomy":"product_cat","embeddable":true,"href":"https:\/\/xenonkungen.com\/fi\/wp-json\/wp\/v2\/product_cat?post=4832"},{"taxonomy":"product_tag","embeddable":true,"href":"https:\/\/xenonkungen.com\/fi\/wp-json\/wp\/v2\/product_tag?post=4832"}],"curies":[{"name":"wp","href":"https:\/\/api.w.org\/{rel}","templated":true}]}}