{"id":4871,"date":"2025-04-15T09:19:26","date_gmt":"2025-04-15T09:19:26","guid":{"rendered":"https:\/\/xenonkungen.com\/product\/optibeam-extraljus-savage-5\/"},"modified":"2026-04-24T17:44:59","modified_gmt":"2026-04-24T16:44:59","slug":"optibeam-lisavalo-savage-5","status":"publish","type":"product","link":"https:\/\/xenonkungen.com\/fi\/tuote\/optibeam-lisavalo-savage-5\/","title":{"rendered":"OPTIBEAM Eritt\u00e4in kevyt Savage 5"},"content":{"rendered":"<div class=\"container\">\n<h1>OPTIBEAM Savage 5\u201d lis\u00e4valo: Tehokas valaistus kompaktissa muodossa<\/h1>\n<p>OPTIBEAM Savage 5\u201d -lis\u00e4valo edustaa t\u00e4ydellist\u00e4 tasapainoa koon ja valaistustehon v\u00e4lill\u00e4, ja se on suunniteltu sopimaan monenlaisiin ajoneuvoihin tyylikk\u00e4ist\u00e4 henkil\u00f6autoista kest\u00e4viin ty\u00f6ajoneuvoihin. T\u00e4m\u00e4 lis\u00e4valo ei ainoastaan tarjoa poikkeuksellista valaistusta, vaan my\u00f6s parantaa ajoneuvosi esteettist\u00e4 ilmett\u00e4, joten se sopii erinomaisesti kaikille, jotka tarvitsevat luotettavaa valaistusta vaikeissa s\u00e4\u00e4olosuhteissa tai y\u00f6ajossa.<\/p>\n<p><strong>T\u00e4rkeimm\u00e4t ominaisuudet:<\/strong><\/p>\n<ul>\n<li><strong>Kompakti ja elegantti muotoilu:<\/strong> Savage 5\u201d on helppo asentaa monenlaisiin ajoneuvoihin, ja se tarjoaa t\u00e4ydellisen yhdistelm\u00e4n toimivuutta ja tyyli\u00e4.<\/li>\n<li><strong>Tehokas valaistus:<\/strong> Tarjoaa voimakkaan ja laajan valonjaon, ihanteellinen haastavaan s\u00e4\u00e4h\u00e4n ja turvalliseen y\u00f6ajoon.<\/li>\n<li><strong>Vankka rakenne:<\/strong> Sen kest\u00e4v\u00e4 rakenne ja IP68-luokitus tarkoittavat maksimaalista suojaa vedelt\u00e4 ja p\u00f6lylt\u00e4.<\/li>\n<li><strong>Pitk\u00e4 k\u00e4ytt\u00f6ik\u00e4:<\/strong> Taattu luotettavuus ja suorituskyky kaikissa olosuhteissa.<\/li>\n<\/ul>\n<p>OPTIBEAM Savage 5\u201d on t\u00e4ydellinen valinta kuljettajille, jotka asettavat etusijalle sek\u00e4 turvallisuuden ett\u00e4 ajoneuvon estetiikan. Koe ero tien p\u00e4\u00e4ll\u00e4 t\u00e4m\u00e4n tehokkaan ja kompaktin ratkaisun avulla.<\/p>\n<\/div>\n<p>&nbsp;<\/p>","protected":false},"excerpt":{"rendered":"<p>\u2013 **Kompakti ja tehokas**: Ihanteellinen erilaisiin ajoneuvoihin pienen kokonsa ja kirkkaan valonsa ansiosta.<br \/>\n\u2013 **Kest\u00e4v\u00e4 ja luotettava**: Suunniteltu kest\u00e4m\u00e4\u00e4n vaativia olosuhteita IP68-luokituksen ja kest\u00e4v\u00e4n rakenteen ansiosta.<br \/>\n\u2013 **Tehokas valaistus**: Varustettu tehokkailla LEDeill\u00e4, jotka tuottavat 2000 lm:n kirkkauden (mitattu 1580 lm).<br \/>\n\u2013 **Monipuolinen k\u00e4ytt\u00f6**: Sopii sek\u00e4 henkil\u00f6- ett\u00e4 hy\u00f6tyajoneuvoihin, ja tarjoaa laajan valikoiman k\u00e4ytt\u00f6tarkoituksia.<\/p>","protected":false},"featured_media":4872,"comment_status":"closed","ping_status":"closed","template":"","meta":{"_acf_changed":false,"_smort_price_nok":"988","_smort_price_dkk":"811","_smort_price_eur":"108.63","_smort_sale_price_nok":"988","_smort_sale_price_dkk":"","_smort_sale_price_eur":"84.09","smort_restorder":"","shipmondo_restorder":"","_kad_blocks_custom_css":"","_kad_blocks_head_custom_js":"","_kad_blocks_body_custom_js":"","_kad_blocks_footer_custom_js":"","smort_custom_pricelist_1":"956","smort_custom_pricelist_2":"956","smort_custom_pricelist_3":"956","smort_custom_pricelist_4":"956","smort_custom_pricelist_5":"956"},"anvandningsomrade":[165,2709,234],"bilmarken":[],"product_brand":[107],"product_cat":[2840,142],"product_tag":[],"class_list":{"0":"post-4871","1":"product","2":"type-product","3":"status-publish","4":"has-post-thumbnail","6":"anvandningsomrade-atv","7":"anvandningsomrade-atv-snoskoter","8":"anvandningsomrade-mc","9":"product_brand-optibeam","10":"product_cat-extraljus-ovriga-storlekar","11":"product_cat-extraljus","12":"pa_fargtemperatur-1486","13":"pa_fuktskydd-varde-ipxx-ip68","14":"pa_godkannande-e-godkand-ece-r112-ece-r10-och-r7","15":"pa_godkannande-ref-30","16":"pa_lampsockel-kontakt-deutch-dt-3-polig-kontakt","17":"pa_ljusbild-combo","18":"pa_storlek-mm-127x127x78-mm","19":"pa_stromforbrukning-18a-137v","20":"pa_volt-v-9-36","22":"first","23":"instock","24":"sale","25":"taxable","26":"shipping-taxable","27":"purchasable","28":"product-type-simple"},"bundled_by":[],"bundle_stock_status":"instock","bundle_stock_quantity":1,"bundle_virtual":false,"bundle_layout":"","bundle_add_to_cart_form_location":"","bundle_editable_in_cart":false,"bundle_sold_individually_context":"","bundle_item_grouping":"","bundle_min_size":"","bundle_max_size":"","bundle_price":[],"bundled_items":[],"bundle_sell_ids":[],"acf":[],"yoast_head":"<!-- This site is optimized with the Yoast SEO plugin v27.0 - https:\/\/yoast.com\/product\/yoast-seo-wordpress\/ -->\n<title>OPTIBEAM Extraljus Savage 5&quot; - Xenonkungen<\/title>\n<meta name=\"robots\" content=\"index, follow, max-snippet:-1, max-image-preview:large, max-video-preview:-1\" \/>\n<link rel=\"canonical\" href=\"https:\/\/xenonkungen.com\/fi\/tuote\/optibeam-lisavalo-savage-5\/\" \/>\n<meta property=\"og:locale\" content=\"fi_FI\" \/>\n<meta property=\"og:type\" content=\"article\" \/>\n<meta property=\"og:title\" content=\"OPTIBEAM Extraljus Savage 5&quot; - Xenonkungen\" \/>\n<meta property=\"og:description\" content=\"- **Kompakt och Kraftfull**: Idealisk f\u00f6r olika fordonstyper tack vare sin lilla storlek och starka ljus. - **Robust och Tillf\u00f6rlitlig**: Designad f\u00f6r att t\u00e5la sv\u00e5ra f\u00f6rh\u00e5llanden med IP68-klassificering och h\u00e5llbar konstruktion. - **Effektiv Belysning**: Utrustad med h\u00f6gpresterande lysdioder som ger en ljusstyrka p\u00e5 2000 lm (1580 lm uppm\u00e4tt). - **M\u00e5ngsidig Anv\u00e4ndning**: L\u00e4mplig f\u00f6r b\u00e5de person- och yrkesfordon, vilket ger ett brett anv\u00e4ndningsomr\u00e5de.\" \/>\n<meta property=\"og:url\" content=\"https:\/\/xenonkungen.com\/fi\/tuote\/optibeam-lisavalo-savage-5\/\" \/>\n<meta property=\"og:site_name\" content=\"Xenonkungen\" \/>\n<meta property=\"article:modified_time\" content=\"2026-04-24T16:44:59+00:00\" \/>\n<meta property=\"og:image\" content=\"https:\/\/xenonkungen.com\/wp-content\/uploads\/2025\/04\/208160253-origpic-0847a7.png\" \/>\n\t<meta property=\"og:image:width\" content=\"1000\" \/>\n\t<meta property=\"og:image:height\" content=\"1163\" \/>\n\t<meta property=\"og:image:type\" content=\"image\/png\" \/>\n<meta name=\"twitter:card\" content=\"summary_large_image\" \/>\n<meta name=\"twitter:label1\" content=\"Arvioitu lukuaika\" \/>\n\t<meta name=\"twitter:data1\" content=\"1 minuutti\" \/>\n<script type=\"application\/ld+json\" class=\"yoast-schema-graph\">{\"@context\":\"https:\/\/schema.org\",\"@graph\":[{\"@type\":\"WebPage\",\"@id\":\"https:\/\/xenonkungen.com\/produkt\/optibeam-extraljus-savage-5\/\",\"url\":\"https:\/\/xenonkungen.com\/produkt\/optibeam-extraljus-savage-5\/\",\"name\":\"OPTIBEAM Extraljus Savage 5\\\" - Xenonkungen\",\"isPartOf\":{\"@id\":\"https:\/\/xenonkungen.com\/#website\"},\"primaryImageOfPage\":{\"@id\":\"https:\/\/xenonkungen.com\/produkt\/optibeam-extraljus-savage-5\/#primaryimage\"},\"image\":{\"@id\":\"https:\/\/xenonkungen.com\/produkt\/optibeam-extraljus-savage-5\/#primaryimage\"},\"thumbnailUrl\":\"https:\/\/xenonkungen.com\/wp-content\/uploads\/2025\/04\/208160253-origpic-0847a7.png\",\"datePublished\":\"2025-04-15T09:19:26+00:00\",\"dateModified\":\"2026-04-24T16:44:59+00:00\",\"breadcrumb\":{\"@id\":\"https:\/\/xenonkungen.com\/produkt\/optibeam-extraljus-savage-5\/#breadcrumb\"},\"inLanguage\":\"fi\",\"potentialAction\":[{\"@type\":\"ReadAction\",\"target\":[\"https:\/\/xenonkungen.com\/produkt\/optibeam-extraljus-savage-5\/\"]}]},{\"@type\":\"ImageObject\",\"inLanguage\":\"fi\",\"@id\":\"https:\/\/xenonkungen.com\/produkt\/optibeam-extraljus-savage-5\/#primaryimage\",\"url\":\"https:\/\/xenonkungen.com\/wp-content\/uploads\/2025\/04\/208160253-origpic-0847a7.png\",\"contentUrl\":\"https:\/\/xenonkungen.com\/wp-content\/uploads\/2025\/04\/208160253-origpic-0847a7.png\",\"width\":1000,\"height\":1163},{\"@type\":\"BreadcrumbList\",\"@id\":\"https:\/\/xenonkungen.com\/produkt\/optibeam-extraljus-savage-5\/#breadcrumb\",\"itemListElement\":[{\"@type\":\"ListItem\",\"position\":1,\"name\":\"Hem\",\"item\":\"https:\/\/xenonkungen.com\/\"},{\"@type\":\"ListItem\",\"position\":2,\"name\":\"Shop\",\"item\":\"https:\/\/xenonkungen.com\/shop\/\"},{\"@type\":\"ListItem\",\"position\":3,\"name\":\"OPTIBEAM Extraljus Savage 5&#8243;\"}]},{\"@type\":\"WebSite\",\"@id\":\"https:\/\/xenonkungen.com\/#website\",\"url\":\"https:\/\/xenonkungen.com\/\",\"name\":\"Xenonkungen\",\"description\":\"\",\"potentialAction\":[{\"@type\":\"SearchAction\",\"target\":{\"@type\":\"EntryPoint\",\"urlTemplate\":\"https:\/\/xenonkungen.com\/?s={search_term_string}\"},\"query-input\":{\"@type\":\"PropertyValueSpecification\",\"valueRequired\":true,\"valueName\":\"search_term_string\"}}],\"inLanguage\":\"fi\"}]}<\/script>\n<!-- \/ Yoast SEO plugin. -->","yoast_head_json":{"title":"OPTIBEAM Savage-lis\u00e4valo 5&quot; - Xenonkungen","robots":{"index":"index","follow":"follow","max-snippet":"max-snippet:-1","max-image-preview":"max-image-preview:large","max-video-preview":"max-video-preview:-1"},"canonical":"https:\/\/xenonkungen.com\/fi\/tuote\/optibeam-lisavalo-savage-5\/","og_locale":"fi_FI","og_type":"article","og_title":"OPTIBEAM Extraljus Savage 5\" - Xenonkungen","og_description":"- **Kompakt och Kraftfull**: Idealisk f\u00f6r olika fordonstyper tack vare sin lilla storlek och starka ljus. - **Robust och Tillf\u00f6rlitlig**: Designad f\u00f6r att t\u00e5la sv\u00e5ra f\u00f6rh\u00e5llanden med IP68-klassificering och h\u00e5llbar konstruktion. - **Effektiv Belysning**: Utrustad med h\u00f6gpresterande lysdioder som ger en ljusstyrka p\u00e5 2000 lm (1580 lm uppm\u00e4tt). - **M\u00e5ngsidig Anv\u00e4ndning**: L\u00e4mplig f\u00f6r b\u00e5de person- och yrkesfordon, vilket ger ett brett anv\u00e4ndningsomr\u00e5de.","og_url":"https:\/\/xenonkungen.com\/fi\/tuote\/optibeam-lisavalo-savage-5\/","og_site_name":"Xenonkungen","article_modified_time":"2026-04-24T16:44:59+00:00","og_image":[{"width":1000,"height":1163,"url":"https:\/\/xenonkungen.com\/wp-content\/uploads\/2025\/04\/208160253-origpic-0847a7.png","type":"image\/png"}],"twitter_card":"summary_large_image","twitter_misc":{"Arvioitu lukuaika":"1 minuutti"},"schema":{"@context":"https:\/\/schema.org","@graph":[{"@type":"WebPage","@id":"https:\/\/xenonkungen.com\/produkt\/optibeam-extraljus-savage-5\/","url":"https:\/\/xenonkungen.com\/produkt\/optibeam-extraljus-savage-5\/","name":"OPTIBEAM Savage-lis\u00e4valo 5&quot; - Xenonkungen","isPartOf":{"@id":"https:\/\/xenonkungen.com\/#website"},"primaryImageOfPage":{"@id":"https:\/\/xenonkungen.com\/produkt\/optibeam-extraljus-savage-5\/#primaryimage"},"image":{"@id":"https:\/\/xenonkungen.com\/produkt\/optibeam-extraljus-savage-5\/#primaryimage"},"thumbnailUrl":"https:\/\/xenonkungen.com\/wp-content\/uploads\/2025\/04\/208160253-origpic-0847a7.png","datePublished":"2025-04-15T09:19:26+00:00","dateModified":"2026-04-24T16:44:59+00:00","breadcrumb":{"@id":"https:\/\/xenonkungen.com\/produkt\/optibeam-extraljus-savage-5\/#breadcrumb"},"inLanguage":"fi","potentialAction":[{"@type":"ReadAction","target":["https:\/\/xenonkungen.com\/produkt\/optibeam-extraljus-savage-5\/"]}]},{"@type":"ImageObject","inLanguage":"fi","@id":"https:\/\/xenonkungen.com\/produkt\/optibeam-extraljus-savage-5\/#primaryimage","url":"https:\/\/xenonkungen.com\/wp-content\/uploads\/2025\/04\/208160253-origpic-0847a7.png","contentUrl":"https:\/\/xenonkungen.com\/wp-content\/uploads\/2025\/04\/208160253-origpic-0847a7.png","width":1000,"height":1163},{"@type":"BreadcrumbList","@id":"https:\/\/xenonkungen.com\/produkt\/optibeam-extraljus-savage-5\/#breadcrumb","itemListElement":[{"@type":"ListItem","position":1,"name":"Hem","item":"https:\/\/xenonkungen.com\/"},{"@type":"ListItem","position":2,"name":"Shop","item":"https:\/\/xenonkungen.com\/shop\/"},{"@type":"ListItem","position":3,"name":"OPTIBEAM Extraljus Savage 5&#8243;"}]},{"@type":"WebSite","@id":"https:\/\/xenonkungen.com\/#website","url":"https:\/\/xenonkungen.com\/","name":"Xenonkungen","description":"","potentialAction":[{"@type":"SearchAction","target":{"@type":"EntryPoint","urlTemplate":"https:\/\/xenonkungen.com\/?s={search_term_string}"},"query-input":{"@type":"PropertyValueSpecification","valueRequired":true,"valueName":"search_term_string"}}],"inLanguage":"fi"}]}},"taxonomy_info":{"anvandningsomrade":[{"value":165,"label":"ATV"},{"value":2709,"label":"ATV \/ Sn\u00f6skoter"},{"value":234,"label":"MC"}],"product_brand":[{"value":107,"label":"Optibeam"}],"product_cat":[{"value":2840,"label":"Extraljus \u00d6vriga storlekar"},{"value":142,"label":"Extraljus"}],"pa_fargtemperatur":[{"value":1486,"label":"5000"}],"pa_fuktskydd-varde-ipxx":[{"value":177,"label":"IP68"}],"pa_godkannande":[{"value":1489,"label":"E-godk\u00e4nd ECE R112, ECE R10 och R7"},{"value":1490,"label":"Ref. 30"}],"pa_lampsockel-kontakt":[{"value":1488,"label":"Deutch DT 3-polig kontakt"}],"pa_ljusbild":[{"value":804,"label":"Combo"}],"pa_storlek-mm":[{"value":1485,"label":"127x127x78 mm"}],"pa_stromforbrukning":[{"value":1487,"label":"1,8A @ 13,7V"}],"pa_volt-v":[{"value":1444,"label":"9-36"}]},"featured_image_src_large":["https:\/\/xenonkungen.com\/wp-content\/uploads\/2025\/04\/208160253-origpic-0847a7-880x1024.png",880,1024,true],"author_info":[],"comment_info":0,"_links":{"self":[{"href":"https:\/\/xenonkungen.com\/fi\/wp-json\/wp\/v2\/product\/4871","targetHints":{"allow":["GET"]}}],"collection":[{"href":"https:\/\/xenonkungen.com\/fi\/wp-json\/wp\/v2\/product"}],"about":[{"href":"https:\/\/xenonkungen.com\/fi\/wp-json\/wp\/v2\/types\/product"}],"replies":[{"embeddable":true,"href":"https:\/\/xenonkungen.com\/fi\/wp-json\/wp\/v2\/comments?post=4871"}],"wp:featuredmedia":[{"embeddable":true,"href":"https:\/\/xenonkungen.com\/fi\/wp-json\/wp\/v2\/media\/4872"}],"wp:attachment":[{"href":"https:\/\/xenonkungen.com\/fi\/wp-json\/wp\/v2\/media?parent=4871"}],"wp:term":[{"taxonomy":"anvandningsomrade","embeddable":true,"href":"https:\/\/xenonkungen.com\/fi\/wp-json\/wp\/v2\/anvandningsomrade?post=4871"},{"taxonomy":"bilmarken","embeddable":true,"href":"https:\/\/xenonkungen.com\/fi\/wp-json\/wp\/v2\/bilmarken?post=4871"},{"taxonomy":"product_brand","embeddable":true,"href":"https:\/\/xenonkungen.com\/fi\/wp-json\/wp\/v2\/product_brand?post=4871"},{"taxonomy":"product_cat","embeddable":true,"href":"https:\/\/xenonkungen.com\/fi\/wp-json\/wp\/v2\/product_cat?post=4871"},{"taxonomy":"product_tag","embeddable":true,"href":"https:\/\/xenonkungen.com\/fi\/wp-json\/wp\/v2\/product_tag?post=4871"}],"curies":[{"name":"wp","href":"https:\/\/api.w.org\/{rel}","templated":true}]}}