{"id":4910,"date":"2025-04-15T09:19:26","date_gmt":"2025-04-15T09:19:26","guid":{"rendered":"https:\/\/xenonkungen.com\/product\/optibeam-led-ramp-super-captain-dual-800\/"},"modified":"2026-04-24T17:45:08","modified_gmt":"2026-04-24T16:45:08","slug":"optibeam-led-ramppi-super-captain-dual-800","status":"publish","type":"product","link":"https:\/\/xenonkungen.com\/fi\/tuote\/optibeam-led-ramppi-super-captain-dual-800\/","title":{"rendered":"OPTIBEAM LED-ramppi Super Captain Dual 800"},"content":{"rendered":"<div class=\"container\">\n<h1>Optibeam Super Captain Dual 800 p\u00e4iv\u00e4ajovaloilla \u2013 testivoittaja ja suosikki<\/h1>\n<p>Optibeam Super Captain Dual 800 p\u00e4iv\u00e4ajovaloilla on selv\u00e4 testivoittaja ja suosikki kuljettajien keskuudessa, jotka etsiv\u00e4t erinomaista valotehoa ja optimaalista ajovalokuviota. Isoveli Dual 800 tarjoaa massiivisen <strong>30 900 lumenia<\/strong>, tyydytt\u00e4\u00e4 vaativimmankin kuljettajan ja varmistaa samalla miellytt\u00e4v\u00e4mm\u00e4n ilta-ajon.<\/p>\n<h2>Suunnittelu ja toiminnallisuus<\/h2>\n<p>T\u00e4ss\u00e4 mallissa on tuplavalotoiminto ja tyylik\u00e4s seisontavalo (DRL), jota voi s\u00e4\u00e4t\u00e4\u00e4... <strong>keltainen tai valkoinen<\/strong>Sen kehykset\u00f6n ja elegantti muotoilu ei ainoastaan paranna ajoneuvon estetiikkaa, vaan my\u00f6s sen toimivuutta. E-merkitty ja hyv\u00e4ksytty k\u00e4ytett\u00e4v\u00e4ksi julkisilla teill\u00e4.<\/p>\n<h2>Kaikki yksinkertaista asennusta varten<\/h2>\n<p>Mukana <strong>tukevat kiinnikkeet<\/strong> ja <strong>2,2 metrin asennuskaapeli<\/strong>mik\u00e4 helpottaa asennusta erilaisiin ajoneuvoihin.<\/p>\n<\/div>\n<h3>","protected":false},"excerpt":{"rendered":"<p>Optibeam Super Captain Dual 800 med DRL &#8211; Testvinnare och Favorit Optibeam Super Captain Dual 800 med DRL \u00e4r en solklar testvinnare och en favorit bland bilf\u00f6rare som s\u00f6ker enast\u00e5ende ljusfl\u00f6de och en optimal driving ljusbild. Storebror Dual 800 levererar massiva 30 900 lumen, tillfredsst\u00e4ller den mest kr\u00e4vande bilf\u00f6raren samtidigt som den s\u00e4kerst\u00e4ller en trevligare [&hellip;]<\/p>","protected":false},"featured_media":4911,"comment_status":"closed","ping_status":"open","template":"","meta":{"_acf_changed":false,"_smort_price_nok":"5661","_smort_price_dkk":"3596","_smort_price_eur":"481.8","_smort_sale_price_nok":"","_smort_sale_price_dkk":"","_smort_sale_price_eur":"","smort_restorder":"","shipmondo_restorder":"","_kad_blocks_custom_css":"","_kad_blocks_head_custom_js":"","_kad_blocks_body_custom_js":"","_kad_blocks_footer_custom_js":"","smort_custom_pricelist_1":"3392","smort_custom_pricelist_2":"2968","smort_custom_pricelist_3":"2819.6","smort_custom_pricelist_4":"4240","smort_custom_pricelist_5":"2968"},"anvandningsomrade":[],"bilmarken":[],"product_brand":[107],"product_cat":[2966,2539,2660,2164],"product_tag":[],"class_list":{"0":"post-4910","1":"product","2":"type-product","3":"status-publish","4":"has-post-thumbnail","6":"product_brand-optibeam","7":"product_cat-ledramp-rak","8":"product_cat-ledramper","9":"product_cat-optibeam-ledramper","10":"product_cat-optibeam-super-captain","11":"pa_faktisk-effekts-forbrukning-1505","12":"pa_fargtemperatur-1486","13":"pa_fuktskydd-varde-ipxx-ip68","14":"pa_godkannande-e-godkand-r112-r10-ref-50","15":"pa_lampsockel-kontakt-4-polig-dtp-kontakt","16":"pa_led-chips-effekt-w-400","17":"pa_ljusbild-driving","18":"pa_storlek-mm-766-x-68-x-73","19":"pa_stromforbrukning-22-45a-137v","20":"pa_volt-v-9-36","22":"first","23":"instock","24":"taxable","25":"shipping-taxable","26":"purchasable","27":"product-type-simple"},"bundled_by":["9600"],"bundle_stock_status":"instock","bundle_stock_quantity":1,"bundle_virtual":false,"bundle_layout":"","bundle_add_to_cart_form_location":"","bundle_editable_in_cart":false,"bundle_sold_individually_context":"","bundle_item_grouping":"","bundle_min_size":"","bundle_max_size":"","bundle_price":[],"bundled_items":[],"bundle_sell_ids":[],"acf":[],"yoast_head":"<!-- This site is optimized with the Yoast SEO plugin v27.0 - https:\/\/yoast.com\/product\/yoast-seo-wordpress\/ -->\n<title>OPTIBEAM LED ramp Super Captain Dual 800 - Xenonkungen<\/title>\n<meta name=\"robots\" content=\"index, follow, max-snippet:-1, max-image-preview:large, max-video-preview:-1\" \/>\n<link rel=\"canonical\" href=\"https:\/\/xenonkungen.com\/fi\/tuote\/optibeam-led-ramppi-super-captain-dual-800\/\" \/>\n<meta property=\"og:locale\" content=\"fi_FI\" \/>\n<meta property=\"og:type\" content=\"article\" \/>\n<meta property=\"og:title\" content=\"OPTIBEAM LED ramp Super Captain Dual 800 - Xenonkungen\" \/>\n<meta property=\"og:description\" content=\"Optibeam Super Captain Dual 800 med DRL &#8211; Testvinnare och Favorit Optibeam Super Captain Dual 800 med DRL \u00e4r en solklar testvinnare och en favorit bland bilf\u00f6rare som s\u00f6ker enast\u00e5ende ljusfl\u00f6de och en optimal driving ljusbild. Storebror Dual 800 levererar massiva 30 900 lumen, tillfredsst\u00e4ller den mest kr\u00e4vande bilf\u00f6raren samtidigt som den s\u00e4kerst\u00e4ller en trevligare [&hellip;]\" \/>\n<meta property=\"og:url\" content=\"https:\/\/xenonkungen.com\/fi\/tuote\/optibeam-led-ramppi-super-captain-dual-800\/\" \/>\n<meta property=\"og:site_name\" content=\"Xenonkungen\" \/>\n<meta property=\"article:modified_time\" content=\"2026-04-24T16:45:08+00:00\" \/>\n<meta property=\"og:image\" content=\"https:\/\/xenonkungen.com\/wp-content\/uploads\/2025\/04\/204076247-origpic-d8761e.jpg\" \/>\n\t<meta property=\"og:image:width\" content=\"476\" \/>\n\t<meta property=\"og:image:height\" content=\"357\" \/>\n\t<meta property=\"og:image:type\" content=\"image\/jpeg\" \/>\n<meta name=\"twitter:card\" content=\"summary_large_image\" \/>\n<meta name=\"twitter:label1\" content=\"Arvioitu lukuaika\" \/>\n\t<meta name=\"twitter:data1\" content=\"1 minuutti\" \/>\n<script type=\"application\/ld+json\" class=\"yoast-schema-graph\">{\"@context\":\"https:\/\/schema.org\",\"@graph\":[{\"@type\":\"WebPage\",\"@id\":\"https:\/\/xenonkungen.com\/produkt\/optibeam-led-ramp-super-captain-dual-800\/\",\"url\":\"https:\/\/xenonkungen.com\/produkt\/optibeam-led-ramp-super-captain-dual-800\/\",\"name\":\"OPTIBEAM LED ramp Super Captain Dual 800 - Xenonkungen\",\"isPartOf\":{\"@id\":\"https:\/\/xenonkungen.com\/#website\"},\"primaryImageOfPage\":{\"@id\":\"https:\/\/xenonkungen.com\/produkt\/optibeam-led-ramp-super-captain-dual-800\/#primaryimage\"},\"image\":{\"@id\":\"https:\/\/xenonkungen.com\/produkt\/optibeam-led-ramp-super-captain-dual-800\/#primaryimage\"},\"thumbnailUrl\":\"https:\/\/xenonkungen.com\/wp-content\/uploads\/2025\/04\/204076247-origpic-d8761e.jpg\",\"datePublished\":\"2025-04-15T09:19:26+00:00\",\"dateModified\":\"2026-04-24T16:45:08+00:00\",\"breadcrumb\":{\"@id\":\"https:\/\/xenonkungen.com\/produkt\/optibeam-led-ramp-super-captain-dual-800\/#breadcrumb\"},\"inLanguage\":\"fi\",\"potentialAction\":[{\"@type\":\"ReadAction\",\"target\":[\"https:\/\/xenonkungen.com\/produkt\/optibeam-led-ramp-super-captain-dual-800\/\"]}]},{\"@type\":\"ImageObject\",\"inLanguage\":\"fi\",\"@id\":\"https:\/\/xenonkungen.com\/produkt\/optibeam-led-ramp-super-captain-dual-800\/#primaryimage\",\"url\":\"https:\/\/xenonkungen.com\/wp-content\/uploads\/2025\/04\/204076247-origpic-d8761e.jpg\",\"contentUrl\":\"https:\/\/xenonkungen.com\/wp-content\/uploads\/2025\/04\/204076247-origpic-d8761e.jpg\",\"width\":476,\"height\":357},{\"@type\":\"BreadcrumbList\",\"@id\":\"https:\/\/xenonkungen.com\/produkt\/optibeam-led-ramp-super-captain-dual-800\/#breadcrumb\",\"itemListElement\":[{\"@type\":\"ListItem\",\"position\":1,\"name\":\"Hem\",\"item\":\"https:\/\/xenonkungen.com\/\"},{\"@type\":\"ListItem\",\"position\":2,\"name\":\"Shop\",\"item\":\"https:\/\/xenonkungen.com\/shop\/\"},{\"@type\":\"ListItem\",\"position\":3,\"name\":\"OPTIBEAM LED ramp Super Captain Dual 800\"}]},{\"@type\":\"WebSite\",\"@id\":\"https:\/\/xenonkungen.com\/#website\",\"url\":\"https:\/\/xenonkungen.com\/\",\"name\":\"Xenonkungen\",\"description\":\"\",\"potentialAction\":[{\"@type\":\"SearchAction\",\"target\":{\"@type\":\"EntryPoint\",\"urlTemplate\":\"https:\/\/xenonkungen.com\/?s={search_term_string}\"},\"query-input\":{\"@type\":\"PropertyValueSpecification\",\"valueRequired\":true,\"valueName\":\"search_term_string\"}}],\"inLanguage\":\"fi\"}]}<\/script>\n<!-- \/ Yoast SEO plugin. -->","yoast_head_json":{"title":"OPTIBEAM LED-ramppi Super Captain Dual 800 - Xenon-kuningas","robots":{"index":"index","follow":"follow","max-snippet":"max-snippet:-1","max-image-preview":"max-image-preview:large","max-video-preview":"max-video-preview:-1"},"canonical":"https:\/\/xenonkungen.com\/fi\/tuote\/optibeam-led-ramppi-super-captain-dual-800\/","og_locale":"fi_FI","og_type":"article","og_title":"OPTIBEAM LED ramp Super Captain Dual 800 - Xenonkungen","og_description":"Optibeam Super Captain Dual 800 med DRL &#8211; Testvinnare och Favorit Optibeam Super Captain Dual 800 med DRL \u00e4r en solklar testvinnare och en favorit bland bilf\u00f6rare som s\u00f6ker enast\u00e5ende ljusfl\u00f6de och en optimal driving ljusbild. Storebror Dual 800 levererar massiva 30 900 lumen, tillfredsst\u00e4ller den mest kr\u00e4vande bilf\u00f6raren samtidigt som den s\u00e4kerst\u00e4ller en trevligare [&hellip;]","og_url":"https:\/\/xenonkungen.com\/fi\/tuote\/optibeam-led-ramppi-super-captain-dual-800\/","og_site_name":"Xenonkungen","article_modified_time":"2026-04-24T16:45:08+00:00","og_image":[{"width":476,"height":357,"url":"https:\/\/xenonkungen.com\/wp-content\/uploads\/2025\/04\/204076247-origpic-d8761e.jpg","type":"image\/jpeg"}],"twitter_card":"summary_large_image","twitter_misc":{"Arvioitu lukuaika":"1 minuutti"},"schema":{"@context":"https:\/\/schema.org","@graph":[{"@type":"WebPage","@id":"https:\/\/xenonkungen.com\/produkt\/optibeam-led-ramp-super-captain-dual-800\/","url":"https:\/\/xenonkungen.com\/produkt\/optibeam-led-ramp-super-captain-dual-800\/","name":"OPTIBEAM LED-ramppi Super Captain Dual 800 - Xenon-kuningas","isPartOf":{"@id":"https:\/\/xenonkungen.com\/#website"},"primaryImageOfPage":{"@id":"https:\/\/xenonkungen.com\/produkt\/optibeam-led-ramp-super-captain-dual-800\/#primaryimage"},"image":{"@id":"https:\/\/xenonkungen.com\/produkt\/optibeam-led-ramp-super-captain-dual-800\/#primaryimage"},"thumbnailUrl":"https:\/\/xenonkungen.com\/wp-content\/uploads\/2025\/04\/204076247-origpic-d8761e.jpg","datePublished":"2025-04-15T09:19:26+00:00","dateModified":"2026-04-24T16:45:08+00:00","breadcrumb":{"@id":"https:\/\/xenonkungen.com\/produkt\/optibeam-led-ramp-super-captain-dual-800\/#breadcrumb"},"inLanguage":"fi","potentialAction":[{"@type":"ReadAction","target":["https:\/\/xenonkungen.com\/produkt\/optibeam-led-ramp-super-captain-dual-800\/"]}]},{"@type":"ImageObject","inLanguage":"fi","@id":"https:\/\/xenonkungen.com\/produkt\/optibeam-led-ramp-super-captain-dual-800\/#primaryimage","url":"https:\/\/xenonkungen.com\/wp-content\/uploads\/2025\/04\/204076247-origpic-d8761e.jpg","contentUrl":"https:\/\/xenonkungen.com\/wp-content\/uploads\/2025\/04\/204076247-origpic-d8761e.jpg","width":476,"height":357},{"@type":"BreadcrumbList","@id":"https:\/\/xenonkungen.com\/produkt\/optibeam-led-ramp-super-captain-dual-800\/#breadcrumb","itemListElement":[{"@type":"ListItem","position":1,"name":"Hem","item":"https:\/\/xenonkungen.com\/"},{"@type":"ListItem","position":2,"name":"Shop","item":"https:\/\/xenonkungen.com\/shop\/"},{"@type":"ListItem","position":3,"name":"OPTIBEAM LED ramp Super Captain Dual 800"}]},{"@type":"WebSite","@id":"https:\/\/xenonkungen.com\/#website","url":"https:\/\/xenonkungen.com\/","name":"Xenonkungen","description":"","potentialAction":[{"@type":"SearchAction","target":{"@type":"EntryPoint","urlTemplate":"https:\/\/xenonkungen.com\/?s={search_term_string}"},"query-input":{"@type":"PropertyValueSpecification","valueRequired":true,"valueName":"search_term_string"}}],"inLanguage":"fi"}]}},"taxonomy_info":{"product_brand":[{"value":107,"label":"Optibeam"}],"product_cat":[{"value":2966,"label":"Ledramp Rak"},{"value":2539,"label":"LEDRAMPER"},{"value":2660,"label":"Optibeam"},{"value":2164,"label":"OPTIBEAM Super Captain"}],"pa_faktisk-effekts-forbrukning":[{"value":1505,"label":"307"}],"pa_fargtemperatur":[{"value":1486,"label":"5000"}],"pa_fuktskydd-varde-ipxx":[{"value":177,"label":"IP68"}],"pa_godkannande":[{"value":1503,"label":"E-godk\u00e4nd (R112, R10,) ref.50"}],"pa_lampsockel-kontakt":[{"value":1502,"label":"4-polig DTP-kontakt"}],"pa_led-chips-effekt-w":[{"value":400,"label":"108"}],"pa_ljusbild":[{"value":178,"label":"Driving"}],"pa_storlek-mm":[{"value":1504,"label":"766 x 68 x 73"}],"pa_stromforbrukning":[{"value":1506,"label":"22.45A @13,7V"}],"pa_volt-v":[{"value":1444,"label":"9-36"}]},"featured_image_src_large":["https:\/\/xenonkungen.com\/wp-content\/uploads\/2025\/04\/204076247-origpic-d8761e.jpg",476,357,false],"author_info":[],"comment_info":0,"_links":{"self":[{"href":"https:\/\/xenonkungen.com\/fi\/wp-json\/wp\/v2\/product\/4910","targetHints":{"allow":["GET"]}}],"collection":[{"href":"https:\/\/xenonkungen.com\/fi\/wp-json\/wp\/v2\/product"}],"about":[{"href":"https:\/\/xenonkungen.com\/fi\/wp-json\/wp\/v2\/types\/product"}],"replies":[{"embeddable":true,"href":"https:\/\/xenonkungen.com\/fi\/wp-json\/wp\/v2\/comments?post=4910"}],"wp:featuredmedia":[{"embeddable":true,"href":"https:\/\/xenonkungen.com\/fi\/wp-json\/wp\/v2\/media\/4911"}],"wp:attachment":[{"href":"https:\/\/xenonkungen.com\/fi\/wp-json\/wp\/v2\/media?parent=4910"}],"wp:term":[{"taxonomy":"anvandningsomrade","embeddable":true,"href":"https:\/\/xenonkungen.com\/fi\/wp-json\/wp\/v2\/anvandningsomrade?post=4910"},{"taxonomy":"bilmarken","embeddable":true,"href":"https:\/\/xenonkungen.com\/fi\/wp-json\/wp\/v2\/bilmarken?post=4910"},{"taxonomy":"product_brand","embeddable":true,"href":"https:\/\/xenonkungen.com\/fi\/wp-json\/wp\/v2\/product_brand?post=4910"},{"taxonomy":"product_cat","embeddable":true,"href":"https:\/\/xenonkungen.com\/fi\/wp-json\/wp\/v2\/product_cat?post=4910"},{"taxonomy":"product_tag","embeddable":true,"href":"https:\/\/xenonkungen.com\/fi\/wp-json\/wp\/v2\/product_tag?post=4910"}],"curies":[{"name":"wp","href":"https:\/\/api.w.org\/{rel}","templated":true}]}}