{"id":4970,"date":"2025-04-15T09:21:10","date_gmt":"2025-04-15T09:21:10","guid":{"rendered":"https:\/\/xenonkungen.com\/product\/optibeam-super-captain-dual-800-curved\/"},"modified":"2026-04-01T15:00:07","modified_gmt":"2026-04-01T14:00:07","slug":"optibeam-super-captain-dual-800-kaareva","status":"publish","type":"product","link":"https:\/\/xenonkungen.com\/fi\/tuote\/optibeam-super-captain-dual-800-kaareva\/","title":{"rendered":"OPTIBEAM Super Captain Dual 800 kaareva OPTIBEAM Super Captain Dual 800 kaareva"},"content":{"rendered":"<section class=\"product-description\">\n<h1>Optibeam Super Captain Dual 800 - LED-valopalkki, joka valaisee jokaisen seikkailun!<\/h1>\n<p>Mene pime\u00e4\u00e4n t\u00e4ydell\u00e4 hallinnalla ja tyylill\u00e4. <strong>Optibeam Super Captain Dual 800<\/strong> on t\u00e4ydellinen yhdistelm\u00e4 tehoa, toimivuutta ja modernia muotoilua. Kaareva muoto optimoi valon hajonnan ja vaikuttavan kirkkauden, joten t\u00e4m\u00e4 on valopalkki niille, jotka vaativat korkeaa suorituskyky\u00e4 ja luotettavuutta.<\/p>\n<h2>Kirkkaus, joka tekee vaikutuksen<\/h2>\n<p>Optibeam Super Captain Dual 800:n avulla n\u00e4et kauemmas ja kirkkaammin kuin koskaan. Valo leikkaa pimeyden l\u00e4pi ja antaa sinulle laajan, voimakkaan valokent\u00e4n, joka tekee y\u00f6st\u00e4 kirkkaan kuin p\u00e4iv\u00e4. Ajoitpa sitten maanteill\u00e4, mets\u00e4ss\u00e4 tai haastavassa maastossa, t\u00e4m\u00e4 valopalkki antaa sinulle tarvitsemasi n\u00e4kyvyyden ja itsevarmuuden.<\/p>\n<h2>Suunniteltu erottumaan<\/h2>\n<p>Tyylik\u00e4s kaareva muotoilu mahdollistaa <strong>Super Captain Dual 800<\/strong> ei ainoastaan toimi parhaalla mahdollisella tavalla, vaan my\u00f6s n\u00e4ytt\u00e4\u00e4 hyv\u00e4lt\u00e4 ajoneuvossasi. Paranna autosi ulkon\u00e4k\u00f6\u00e4 ja luo yksil\u00f6llinen tyyli asentovaloilla, jotka voivat vaihdella tyylikk\u00e4\u00e4n valkoisen ja n\u00e4ytt\u00e4v\u00e4n oranssin v\u00e4lill\u00e4.<\/p>\n<h2>Monipuolinen ja kest\u00e4v\u00e4<\/h2>\n<p>Optibeam Super Captain Dual 800 on rakennettu kest\u00e4m\u00e4\u00e4n kovimmissakin olosuhteissa. Kest\u00e4v\u00e4n rakenteensa ja joustavan k\u00e4ytt\u00f6ns\u00e4 ansiosta se on yht\u00e4 luotettava arjessa kuin \u00e4\u00e4rimm\u00e4isiss\u00e4 seikkailuissa. T\u00e4ydellinen kaikentyyppisiin ajoneuvoihin - henkil\u00f6autoista ty\u00f6ajoneuvoihin ja maastokoneisiin.<\/p>","protected":false},"excerpt":{"rendered":"<p>Optibeam Super Captain Dual 800 \u2013 LED-ljusrampen som lyser upp varje \u00e4ventyr! Ge dig ut i m\u00f6rkret med full kontroll och stil. Optibeam Super Captain Dual 800 \u00e4r den perfekta kombinationen av kraft, funktionalitet och modern design. Med en b\u00f6jd form som optimerar ljusspridningen och imponerande ljusstyrka, \u00e4r detta ljusrampen f\u00f6r dig som st\u00e4ller h\u00f6ga [&hellip;]<\/p>","protected":false},"featured_media":4971,"comment_status":"closed","ping_status":"open","template":"","meta":{"_acf_changed":false,"_smort_price_nok":"6403","_smort_price_dkk":"4068","_smort_price_eur":"544.98","_smort_sale_price_nok":"","_smort_sale_price_dkk":"","_smort_sale_price_eur":"","smort_restorder":"","shipmondo_restorder":"","_kad_blocks_custom_css":"","_kad_blocks_head_custom_js":"","_kad_blocks_body_custom_js":"","_kad_blocks_footer_custom_js":"","smort_custom_pricelist_1":"3836.8","smort_custom_pricelist_2":"3357.2","smort_custom_pricelist_3":"3117.4","smort_custom_pricelist_4":"4796","smort_custom_pricelist_5":"3357.2"},"anvandningsomrade":[],"bilmarken":[],"product_brand":[107],"product_cat":[2967,2539,2660,2164],"product_tag":[],"class_list":{"0":"post-4970","1":"product","2":"type-product","3":"status-publish","4":"has-post-thumbnail","6":"product_brand-optibeam","7":"product_cat-ledramp-curved","8":"product_cat-ledramper","9":"product_cat-optibeam-ledramper","10":"product_cat-optibeam-super-captain","11":"pa_fargtemperatur-1486","12":"pa_fuktskydd-varde-ipxx-ip68","13":"pa_godkannande-e-godkand-r148-r149-r10-ref-30","14":"pa_lampsockel-kontakt-open-wire","15":"pa_storlek-mm-768x685x80","16":"pa_stromforbrukning-3022a-137v","17":"pa_volt-v-9-36","19":"first","20":"onbackorder","21":"taxable","22":"shipping-taxable","23":"purchasable","24":"product-type-simple"},"bundled_by":[],"bundle_stock_status":"onbackorder","bundle_stock_quantity":0,"bundle_virtual":false,"bundle_layout":"","bundle_add_to_cart_form_location":"","bundle_editable_in_cart":false,"bundle_sold_individually_context":"","bundle_item_grouping":"","bundle_min_size":"","bundle_max_size":"","bundle_price":[],"bundled_items":[],"bundle_sell_ids":[],"acf":[],"yoast_head":"<!-- This site is optimized with the Yoast SEO plugin v27.0 - https:\/\/yoast.com\/product\/yoast-seo-wordpress\/ -->\n<title>OPTIBEAM Super Captain Dual 800 Curved - Xenonkungen<\/title>\n<meta name=\"robots\" content=\"index, follow, max-snippet:-1, max-image-preview:large, max-video-preview:-1\" \/>\n<link rel=\"canonical\" href=\"https:\/\/xenonkungen.com\/fi\/tuote\/optibeam-super-captain-dual-800-kaareva\/\" \/>\n<meta property=\"og:locale\" content=\"fi_FI\" \/>\n<meta property=\"og:type\" content=\"article\" \/>\n<meta property=\"og:title\" content=\"OPTIBEAM Super Captain Dual 800 Curved - Xenonkungen\" \/>\n<meta property=\"og:description\" content=\"Optibeam Super Captain Dual 800 \u2013 LED-ljusrampen som lyser upp varje \u00e4ventyr! Ge dig ut i m\u00f6rkret med full kontroll och stil. Optibeam Super Captain Dual 800 \u00e4r den perfekta kombinationen av kraft, funktionalitet och modern design. Med en b\u00f6jd form som optimerar ljusspridningen och imponerande ljusstyrka, \u00e4r detta ljusrampen f\u00f6r dig som st\u00e4ller h\u00f6ga [&hellip;]\" \/>\n<meta property=\"og:url\" content=\"https:\/\/xenonkungen.com\/fi\/tuote\/optibeam-super-captain-dual-800-kaareva\/\" \/>\n<meta property=\"og:site_name\" content=\"Xenonkungen\" \/>\n<meta property=\"article:modified_time\" content=\"2026-04-01T14:00:07+00:00\" \/>\n<meta property=\"og:image\" content=\"https:\/\/xenonkungen.com\/wp-content\/uploads\/2025\/04\/216526573-origpic-ef6e75.webp\" \/>\n\t<meta property=\"og:image:width\" content=\"1500\" \/>\n\t<meta property=\"og:image:height\" content=\"1500\" \/>\n\t<meta property=\"og:image:type\" content=\"image\/webp\" \/>\n<meta name=\"twitter:card\" content=\"summary_large_image\" \/>\n<meta name=\"twitter:label1\" content=\"Arvioitu lukuaika\" \/>\n\t<meta name=\"twitter:data1\" content=\"1 minuutti\" \/>\n<script type=\"application\/ld+json\" class=\"yoast-schema-graph\">{\"@context\":\"https:\/\/schema.org\",\"@graph\":[{\"@type\":\"WebPage\",\"@id\":\"https:\/\/xenonkungen.com\/produkt\/optibeam-super-captain-dual-800-curved\/\",\"url\":\"https:\/\/xenonkungen.com\/produkt\/optibeam-super-captain-dual-800-curved\/\",\"name\":\"OPTIBEAM Super Captain Dual 800 Curved - Xenonkungen\",\"isPartOf\":{\"@id\":\"https:\/\/xenonkungen.com\/#website\"},\"primaryImageOfPage\":{\"@id\":\"https:\/\/xenonkungen.com\/produkt\/optibeam-super-captain-dual-800-curved\/#primaryimage\"},\"image\":{\"@id\":\"https:\/\/xenonkungen.com\/produkt\/optibeam-super-captain-dual-800-curved\/#primaryimage\"},\"thumbnailUrl\":\"https:\/\/xenonkungen.com\/wp-content\/uploads\/2025\/04\/216526573-origpic-ef6e75.webp\",\"datePublished\":\"2025-04-15T09:21:10+00:00\",\"dateModified\":\"2026-04-01T14:00:07+00:00\",\"breadcrumb\":{\"@id\":\"https:\/\/xenonkungen.com\/produkt\/optibeam-super-captain-dual-800-curved\/#breadcrumb\"},\"inLanguage\":\"fi\",\"potentialAction\":[{\"@type\":\"ReadAction\",\"target\":[\"https:\/\/xenonkungen.com\/produkt\/optibeam-super-captain-dual-800-curved\/\"]}]},{\"@type\":\"ImageObject\",\"inLanguage\":\"fi\",\"@id\":\"https:\/\/xenonkungen.com\/produkt\/optibeam-super-captain-dual-800-curved\/#primaryimage\",\"url\":\"https:\/\/xenonkungen.com\/wp-content\/uploads\/2025\/04\/216526573-origpic-ef6e75.webp\",\"contentUrl\":\"https:\/\/xenonkungen.com\/wp-content\/uploads\/2025\/04\/216526573-origpic-ef6e75.webp\",\"width\":1500,\"height\":1500},{\"@type\":\"BreadcrumbList\",\"@id\":\"https:\/\/xenonkungen.com\/produkt\/optibeam-super-captain-dual-800-curved\/#breadcrumb\",\"itemListElement\":[{\"@type\":\"ListItem\",\"position\":1,\"name\":\"Hem\",\"item\":\"https:\/\/xenonkungen.com\/\"},{\"@type\":\"ListItem\",\"position\":2,\"name\":\"Shop\",\"item\":\"https:\/\/xenonkungen.com\/shop\/\"},{\"@type\":\"ListItem\",\"position\":3,\"name\":\"OPTIBEAM Super Captain Dual 800 Curved\"}]},{\"@type\":\"WebSite\",\"@id\":\"https:\/\/xenonkungen.com\/#website\",\"url\":\"https:\/\/xenonkungen.com\/\",\"name\":\"Xenonkungen\",\"description\":\"\",\"potentialAction\":[{\"@type\":\"SearchAction\",\"target\":{\"@type\":\"EntryPoint\",\"urlTemplate\":\"https:\/\/xenonkungen.com\/?s={search_term_string}\"},\"query-input\":{\"@type\":\"PropertyValueSpecification\",\"valueRequired\":true,\"valueName\":\"search_term_string\"}}],\"inLanguage\":\"fi\"}]}<\/script>\n<!-- \/ Yoast SEO plugin. -->","yoast_head_json":{"title":"OPTIBEAM Super Captain Dual 800 Curved - Xenon-kuningas","robots":{"index":"index","follow":"follow","max-snippet":"max-snippet:-1","max-image-preview":"max-image-preview:large","max-video-preview":"max-video-preview:-1"},"canonical":"https:\/\/xenonkungen.com\/fi\/tuote\/optibeam-super-captain-dual-800-kaareva\/","og_locale":"fi_FI","og_type":"article","og_title":"OPTIBEAM Super Captain Dual 800 Curved - Xenonkungen","og_description":"Optibeam Super Captain Dual 800 \u2013 LED-ljusrampen som lyser upp varje \u00e4ventyr! Ge dig ut i m\u00f6rkret med full kontroll och stil. Optibeam Super Captain Dual 800 \u00e4r den perfekta kombinationen av kraft, funktionalitet och modern design. Med en b\u00f6jd form som optimerar ljusspridningen och imponerande ljusstyrka, \u00e4r detta ljusrampen f\u00f6r dig som st\u00e4ller h\u00f6ga [&hellip;]","og_url":"https:\/\/xenonkungen.com\/fi\/tuote\/optibeam-super-captain-dual-800-kaareva\/","og_site_name":"Xenonkungen","article_modified_time":"2026-04-01T14:00:07+00:00","og_image":[{"width":1500,"height":1500,"url":"https:\/\/xenonkungen.com\/wp-content\/uploads\/2025\/04\/216526573-origpic-ef6e75.webp","type":"image\/webp"}],"twitter_card":"summary_large_image","twitter_misc":{"Arvioitu lukuaika":"1 minuutti"},"schema":{"@context":"https:\/\/schema.org","@graph":[{"@type":"WebPage","@id":"https:\/\/xenonkungen.com\/produkt\/optibeam-super-captain-dual-800-curved\/","url":"https:\/\/xenonkungen.com\/produkt\/optibeam-super-captain-dual-800-curved\/","name":"OPTIBEAM Super Captain Dual 800 Curved - Xenon-kuningas","isPartOf":{"@id":"https:\/\/xenonkungen.com\/#website"},"primaryImageOfPage":{"@id":"https:\/\/xenonkungen.com\/produkt\/optibeam-super-captain-dual-800-curved\/#primaryimage"},"image":{"@id":"https:\/\/xenonkungen.com\/produkt\/optibeam-super-captain-dual-800-curved\/#primaryimage"},"thumbnailUrl":"https:\/\/xenonkungen.com\/wp-content\/uploads\/2025\/04\/216526573-origpic-ef6e75.webp","datePublished":"2025-04-15T09:21:10+00:00","dateModified":"2026-04-01T14:00:07+00:00","breadcrumb":{"@id":"https:\/\/xenonkungen.com\/produkt\/optibeam-super-captain-dual-800-curved\/#breadcrumb"},"inLanguage":"fi","potentialAction":[{"@type":"ReadAction","target":["https:\/\/xenonkungen.com\/produkt\/optibeam-super-captain-dual-800-curved\/"]}]},{"@type":"ImageObject","inLanguage":"fi","@id":"https:\/\/xenonkungen.com\/produkt\/optibeam-super-captain-dual-800-curved\/#primaryimage","url":"https:\/\/xenonkungen.com\/wp-content\/uploads\/2025\/04\/216526573-origpic-ef6e75.webp","contentUrl":"https:\/\/xenonkungen.com\/wp-content\/uploads\/2025\/04\/216526573-origpic-ef6e75.webp","width":1500,"height":1500},{"@type":"BreadcrumbList","@id":"https:\/\/xenonkungen.com\/produkt\/optibeam-super-captain-dual-800-curved\/#breadcrumb","itemListElement":[{"@type":"ListItem","position":1,"name":"Hem","item":"https:\/\/xenonkungen.com\/"},{"@type":"ListItem","position":2,"name":"Shop","item":"https:\/\/xenonkungen.com\/shop\/"},{"@type":"ListItem","position":3,"name":"OPTIBEAM Super Captain Dual 800 Curved"}]},{"@type":"WebSite","@id":"https:\/\/xenonkungen.com\/#website","url":"https:\/\/xenonkungen.com\/","name":"Xenonkungen","description":"","potentialAction":[{"@type":"SearchAction","target":{"@type":"EntryPoint","urlTemplate":"https:\/\/xenonkungen.com\/?s={search_term_string}"},"query-input":{"@type":"PropertyValueSpecification","valueRequired":true,"valueName":"search_term_string"}}],"inLanguage":"fi"}]}},"taxonomy_info":{"product_brand":[{"value":107,"label":"Optibeam"}],"product_cat":[{"value":2967,"label":"Ledramp Curved"},{"value":2539,"label":"LEDRAMPER"},{"value":2660,"label":"Optibeam"},{"value":2164,"label":"OPTIBEAM Super Captain"}],"pa_fargtemperatur":[{"value":1486,"label":"5000"}],"pa_fuktskydd-varde-ipxx":[{"value":177,"label":"IP68"}],"pa_godkannande":[{"value":1527,"label":"E-godk\u00e4nd (R148, R149, R10) ref.30"}],"pa_lampsockel-kontakt":[{"value":324,"label":"Open Wire"}],"pa_storlek-mm":[{"value":1528,"label":"768x68,5x80"}],"pa_stromforbrukning":[{"value":1529,"label":"30,22A @13,7V"}],"pa_volt-v":[{"value":1444,"label":"9-36"}]},"featured_image_src_large":["https:\/\/xenonkungen.com\/wp-content\/uploads\/2025\/04\/216526573-origpic-ef6e75-1024x1024.webp",1024,1024,true],"author_info":[],"comment_info":0,"_links":{"self":[{"href":"https:\/\/xenonkungen.com\/fi\/wp-json\/wp\/v2\/product\/4970","targetHints":{"allow":["GET"]}}],"collection":[{"href":"https:\/\/xenonkungen.com\/fi\/wp-json\/wp\/v2\/product"}],"about":[{"href":"https:\/\/xenonkungen.com\/fi\/wp-json\/wp\/v2\/types\/product"}],"replies":[{"embeddable":true,"href":"https:\/\/xenonkungen.com\/fi\/wp-json\/wp\/v2\/comments?post=4970"}],"wp:featuredmedia":[{"embeddable":true,"href":"https:\/\/xenonkungen.com\/fi\/wp-json\/wp\/v2\/media\/4971"}],"wp:attachment":[{"href":"https:\/\/xenonkungen.com\/fi\/wp-json\/wp\/v2\/media?parent=4970"}],"wp:term":[{"taxonomy":"anvandningsomrade","embeddable":true,"href":"https:\/\/xenonkungen.com\/fi\/wp-json\/wp\/v2\/anvandningsomrade?post=4970"},{"taxonomy":"bilmarken","embeddable":true,"href":"https:\/\/xenonkungen.com\/fi\/wp-json\/wp\/v2\/bilmarken?post=4970"},{"taxonomy":"product_brand","embeddable":true,"href":"https:\/\/xenonkungen.com\/fi\/wp-json\/wp\/v2\/product_brand?post=4970"},{"taxonomy":"product_cat","embeddable":true,"href":"https:\/\/xenonkungen.com\/fi\/wp-json\/wp\/v2\/product_cat?post=4970"},{"taxonomy":"product_tag","embeddable":true,"href":"https:\/\/xenonkungen.com\/fi\/wp-json\/wp\/v2\/product_tag?post=4970"}],"curies":[{"name":"wp","href":"https:\/\/api.w.org\/{rel}","templated":true}]}}