{"id":4984,"date":"2025-04-15T09:21:10","date_gmt":"2025-04-15T09:21:10","guid":{"rendered":"https:\/\/xenonkungen.com\/product\/optibeam-ledramp-pure-730\/"},"modified":"2026-05-08T13:33:25","modified_gmt":"2026-05-08T12:33:25","slug":"optibeam-led-valo-pure-730","status":"publish","type":"product","link":"https:\/\/xenonkungen.com\/fi\/tuote\/optibeam-led-valo-pure-730\/","title":{"rendered":"OPTIBEAM LEDramp Pure 730"},"content":{"rendered":"<h1>Optibeam Pure 730 \u2013 Elegantti muotoilu ja tehokas suorituskyky<\/h1>\n<p>P\u00e4ivit\u00e4 ajokokemustasi <strong>Optibeam Pure 730<\/strong>, LED-palkki, joka yhdist\u00e4\u00e4 tyylin ja maksimaalisen suorituskyvyn. Tyylikk\u00e4\u00e4n, kaarevan muotoilunsa ja vain 42 mm:n ohuen profiilinsa ansiosta Optibeam Pure 730 sulautuu saumattomasti mihin tahansa ajoneuvoon asennuspaikasta riippumatta. Se on suunniteltu sopimaan mihin tahansa kirkkaudesta tai laadusta tinkim\u00e4tt\u00e4.<\/p>\n<h2>Maksimaalinen valoteho<\/h2>\n<p>Optibeam Pure 730 tarjoaa tehokkaan valokeilan, joka ulottuu t\u00e4ydet 674 metri\u00e4 1 luksin teholla \u2013 t\u00e4ydellinen valaisemaan teit\u00e4 ja maastoa kaukana edess\u00e4. Mitatulla kirkkaudella <strong>25 670 lumenia<\/strong> varmistaa, ett\u00e4 sinulla on aina selke\u00e4 ja tehokas valaistus pimeiss\u00e4 ymp\u00e4rist\u00f6iss\u00e4, mik\u00e4 tekee jokaisesta ajosta turvallisemman ja nautinnollisemman.<\/p>\n<h2>Luonnollinen v\u00e4rintoisto ja tyylik\u00e4s seisontavalo<\/h2>\n<p>Valon 5000 K:n v\u00e4ril\u00e4mp\u00f6tila tarjoaa luonnollisen ja miellytt\u00e4v\u00e4n v\u00e4rintoiston, mik\u00e4 v\u00e4hent\u00e4\u00e4 silmien v\u00e4symist\u00e4 ja tarjoaa selke\u00e4mm\u00e4n, p\u00e4iv\u00e4nvaloa muistuttavan katselukokemuksen. Lis\u00e4ksi Optibeam Pure 730:ssa on hienostunut kaksis\u00e4vyinen seisontavalo, jonka ansiosta voit valita elegantin valkoisen tai tyylikk\u00e4\u00e4n oranssin v\u00e4lilt\u00e4 \u2013 ainutlaatuinen lis\u00e4 vaativalle kuljettajalle.<\/p>\n<h2>Miksi valita Optibeam Pure 730?<\/h2>\n<ul>\n<li><strong>Ohut muotoilu<\/strong>Elegantti kaareva muoto ja kapea 42 mm:n profiili \u2013 huomaamaton mutta tehokas.<\/li>\n<li><strong>Vaikuttava valikoima<\/strong>Valokuva ulottuu 674 metriin 1 luksin teholla optimaalisen n\u00e4kyvyyden takaamiseksi.<\/li>\n<li><strong>Korkea kirkkaus<\/strong>25 670 lumenin ansiosta saat erinomaisen valaistuksen.<\/li>\n<li><strong>Luonnonvalo<\/strong>5000 K:n v\u00e4ril\u00e4mp\u00f6tila miellytt\u00e4v\u00e4n ja selke\u00e4n v\u00e4rintoiston takaamiseksi.<\/li>\n<li><strong>Kaksiv\u00e4rinen seisontavalo<\/strong>Valittavana valkoiset tai oranssit seisontavalot henkil\u00f6kohtaisen ilmeen luomiseksi.<\/li>\n<\/ul>\n<p>Optibeam Pure 730 on LED-valopalkki, joka yhdist\u00e4\u00e4 tyylin, tehokkuuden ja tehon yhteen tuotteeseen. Luo ly\u00f6m\u00e4t\u00f6nt\u00e4 ajomukavuutta ja anna Optibeam Pure 730:n muuttaa jokainen y\u00f6ajo turvalliseksi ja nautinnolliseksi kokemukseksi.<\/p>","protected":false},"excerpt":{"rendered":"<p>Optibeam Pure 730 \u2013 Elegant Design och Kraftfull Prestanda Uppgradera din k\u00f6rupplevelse med Optibeam Pure 730, LED-rampen som kombinerar stil med maximal prestanda. Med sitt smidiga, b\u00f6jda design och en ultratunn profil p\u00e5 endast 42 mm sm\u00e4lter Optibeam Pure 730 in s\u00f6ml\u00f6st p\u00e5 alla fordon, oavsett monteringsplats. Den \u00e4r designad f\u00f6r att passa \u00f6verallt utan [&hellip;]<\/p>","protected":false},"featured_media":4985,"comment_status":"closed","ping_status":"open","template":"","meta":{"_acf_changed":false,"_smort_price_nok":"7258","_smort_price_dkk":"4611","_smort_price_eur":"617.7","_smort_sale_price_nok":"","_smort_sale_price_dkk":"","_smort_sale_price_eur":"","smort_restorder":"","shipmondo_restorder":"","_kad_blocks_custom_css":"","_kad_blocks_head_custom_js":"","_kad_blocks_body_custom_js":"","_kad_blocks_footer_custom_js":"","smort_custom_pricelist_1":"4348.8","smort_custom_pricelist_2":"3805.2","smort_custom_pricelist_3":"3533.4","smort_custom_pricelist_4":"5436","smort_custom_pricelist_5":"3805.2"},"anvandningsomrade":[],"bilmarken":[],"product_brand":[107],"product_cat":[2966,2539,2660],"product_tag":[],"class_list":{"0":"post-4984","1":"product","2":"type-product","3":"status-publish","4":"has-post-thumbnail","6":"product_brand-optibeam","7":"product_cat-ledramp-rak","8":"product_cat-ledramper","9":"product_cat-optibeam-ledramper","10":"pa_fargtemperatur-1486","11":"pa_fuktskydd-varde-ipxx-ip68","12":"pa_godkannande-e-godkand-r148-r149-r10-ref-30","13":"pa_lampsockel-kontakt-2-polig-dtp-kontakt","14":"pa_ljusbild-driving","15":"pa_storlek-mm-729-x-42-x-65","16":"pa_stromforbrukning-26-88a-137v","17":"pa_volt-v-9-48","19":"first","20":"onbackorder","21":"taxable","22":"shipping-taxable","23":"purchasable","24":"product-type-simple"},"bundled_by":[],"bundle_stock_status":"onbackorder","bundle_stock_quantity":0,"bundle_virtual":false,"bundle_layout":"","bundle_add_to_cart_form_location":"","bundle_editable_in_cart":false,"bundle_sold_individually_context":"","bundle_item_grouping":"","bundle_min_size":"","bundle_max_size":"","bundle_price":[],"bundled_items":[],"bundle_sell_ids":[],"acf":[],"yoast_head":"<!-- This site is optimized with the Yoast SEO plugin v27.0 - https:\/\/yoast.com\/product\/yoast-seo-wordpress\/ -->\n<title>OPTIBEAM LEDramp Pure 730 - Xenonkungen<\/title>\n<meta name=\"robots\" content=\"index, follow, max-snippet:-1, max-image-preview:large, max-video-preview:-1\" \/>\n<link rel=\"canonical\" href=\"https:\/\/xenonkungen.com\/fi\/tuote\/optibeam-led-valo-pure-730\/\" \/>\n<meta property=\"og:locale\" content=\"fi_FI\" \/>\n<meta property=\"og:type\" content=\"article\" \/>\n<meta property=\"og:title\" content=\"OPTIBEAM LEDramp Pure 730 - Xenonkungen\" \/>\n<meta property=\"og:description\" content=\"Optibeam Pure 730 \u2013 Elegant Design och Kraftfull Prestanda Uppgradera din k\u00f6rupplevelse med Optibeam Pure 730, LED-rampen som kombinerar stil med maximal prestanda. Med sitt smidiga, b\u00f6jda design och en ultratunn profil p\u00e5 endast 42 mm sm\u00e4lter Optibeam Pure 730 in s\u00f6ml\u00f6st p\u00e5 alla fordon, oavsett monteringsplats. Den \u00e4r designad f\u00f6r att passa \u00f6verallt utan [&hellip;]\" \/>\n<meta property=\"og:url\" content=\"https:\/\/xenonkungen.com\/fi\/tuote\/optibeam-led-valo-pure-730\/\" \/>\n<meta property=\"og:site_name\" content=\"Xenonkungen\" \/>\n<meta property=\"article:modified_time\" content=\"2026-05-08T12:33:25+00:00\" \/>\n<meta property=\"og:image\" content=\"https:\/\/xenonkungen.com\/wp-content\/uploads\/2025\/04\/216380027-origpic-dc6473.jpg\" \/>\n\t<meta property=\"og:image:width\" content=\"476\" \/>\n\t<meta property=\"og:image:height\" content=\"161\" \/>\n\t<meta property=\"og:image:type\" content=\"image\/jpeg\" \/>\n<meta name=\"twitter:card\" content=\"summary_large_image\" \/>\n<meta name=\"twitter:label1\" content=\"Arvioitu lukuaika\" \/>\n\t<meta name=\"twitter:data1\" content=\"2 minuuttia\" \/>\n<script type=\"application\/ld+json\" class=\"yoast-schema-graph\">{\"@context\":\"https:\/\/schema.org\",\"@graph\":[{\"@type\":\"WebPage\",\"@id\":\"https:\/\/xenonkungen.com\/produkt\/optibeam-ledramp-pure-730\/\",\"url\":\"https:\/\/xenonkungen.com\/produkt\/optibeam-ledramp-pure-730\/\",\"name\":\"OPTIBEAM LEDramp Pure 730 - Xenonkungen\",\"isPartOf\":{\"@id\":\"https:\/\/xenonkungen.com\/#website\"},\"primaryImageOfPage\":{\"@id\":\"https:\/\/xenonkungen.com\/produkt\/optibeam-ledramp-pure-730\/#primaryimage\"},\"image\":{\"@id\":\"https:\/\/xenonkungen.com\/produkt\/optibeam-ledramp-pure-730\/#primaryimage\"},\"thumbnailUrl\":\"https:\/\/xenonkungen.com\/wp-content\/uploads\/2025\/04\/216380027-origpic-dc6473.jpg\",\"datePublished\":\"2025-04-15T09:21:10+00:00\",\"dateModified\":\"2026-05-08T12:33:25+00:00\",\"breadcrumb\":{\"@id\":\"https:\/\/xenonkungen.com\/produkt\/optibeam-ledramp-pure-730\/#breadcrumb\"},\"inLanguage\":\"fi\",\"potentialAction\":[{\"@type\":\"ReadAction\",\"target\":[\"https:\/\/xenonkungen.com\/produkt\/optibeam-ledramp-pure-730\/\"]}]},{\"@type\":\"ImageObject\",\"inLanguage\":\"fi\",\"@id\":\"https:\/\/xenonkungen.com\/produkt\/optibeam-ledramp-pure-730\/#primaryimage\",\"url\":\"https:\/\/xenonkungen.com\/wp-content\/uploads\/2025\/04\/216380027-origpic-dc6473.jpg\",\"contentUrl\":\"https:\/\/xenonkungen.com\/wp-content\/uploads\/2025\/04\/216380027-origpic-dc6473.jpg\",\"width\":476,\"height\":161},{\"@type\":\"BreadcrumbList\",\"@id\":\"https:\/\/xenonkungen.com\/produkt\/optibeam-ledramp-pure-730\/#breadcrumb\",\"itemListElement\":[{\"@type\":\"ListItem\",\"position\":1,\"name\":\"Hem\",\"item\":\"https:\/\/xenonkungen.com\/\"},{\"@type\":\"ListItem\",\"position\":2,\"name\":\"Shop\",\"item\":\"https:\/\/xenonkungen.com\/shop\/\"},{\"@type\":\"ListItem\",\"position\":3,\"name\":\"OPTIBEAM LEDramp Pure 730\"}]},{\"@type\":\"WebSite\",\"@id\":\"https:\/\/xenonkungen.com\/#website\",\"url\":\"https:\/\/xenonkungen.com\/\",\"name\":\"Xenonkungen\",\"description\":\"\",\"potentialAction\":[{\"@type\":\"SearchAction\",\"target\":{\"@type\":\"EntryPoint\",\"urlTemplate\":\"https:\/\/xenonkungen.com\/?s={search_term_string}\"},\"query-input\":{\"@type\":\"PropertyValueSpecification\",\"valueRequired\":true,\"valueName\":\"search_term_string\"}}],\"inLanguage\":\"fi\"}]}<\/script>\n<!-- \/ Yoast SEO plugin. -->","yoast_head_json":{"title":"OPTIBEAM LED-ramppi Pure 730 - Ksenonkuningas","robots":{"index":"index","follow":"follow","max-snippet":"max-snippet:-1","max-image-preview":"max-image-preview:large","max-video-preview":"max-video-preview:-1"},"canonical":"https:\/\/xenonkungen.com\/fi\/tuote\/optibeam-led-valo-pure-730\/","og_locale":"fi_FI","og_type":"article","og_title":"OPTIBEAM LEDramp Pure 730 - Xenonkungen","og_description":"Optibeam Pure 730 \u2013 Elegant Design och Kraftfull Prestanda Uppgradera din k\u00f6rupplevelse med Optibeam Pure 730, LED-rampen som kombinerar stil med maximal prestanda. Med sitt smidiga, b\u00f6jda design och en ultratunn profil p\u00e5 endast 42 mm sm\u00e4lter Optibeam Pure 730 in s\u00f6ml\u00f6st p\u00e5 alla fordon, oavsett monteringsplats. Den \u00e4r designad f\u00f6r att passa \u00f6verallt utan [&hellip;]","og_url":"https:\/\/xenonkungen.com\/fi\/tuote\/optibeam-led-valo-pure-730\/","og_site_name":"Xenonkungen","article_modified_time":"2026-05-08T12:33:25+00:00","og_image":[{"width":476,"height":161,"url":"https:\/\/xenonkungen.com\/wp-content\/uploads\/2025\/04\/216380027-origpic-dc6473.jpg","type":"image\/jpeg"}],"twitter_card":"summary_large_image","twitter_misc":{"Arvioitu lukuaika":"2 minuuttia"},"schema":{"@context":"https:\/\/schema.org","@graph":[{"@type":"WebPage","@id":"https:\/\/xenonkungen.com\/produkt\/optibeam-ledramp-pure-730\/","url":"https:\/\/xenonkungen.com\/produkt\/optibeam-ledramp-pure-730\/","name":"OPTIBEAM LED-ramppi Pure 730 - Ksenonkuningas","isPartOf":{"@id":"https:\/\/xenonkungen.com\/#website"},"primaryImageOfPage":{"@id":"https:\/\/xenonkungen.com\/produkt\/optibeam-ledramp-pure-730\/#primaryimage"},"image":{"@id":"https:\/\/xenonkungen.com\/produkt\/optibeam-ledramp-pure-730\/#primaryimage"},"thumbnailUrl":"https:\/\/xenonkungen.com\/wp-content\/uploads\/2025\/04\/216380027-origpic-dc6473.jpg","datePublished":"2025-04-15T09:21:10+00:00","dateModified":"2026-05-08T12:33:25+00:00","breadcrumb":{"@id":"https:\/\/xenonkungen.com\/produkt\/optibeam-ledramp-pure-730\/#breadcrumb"},"inLanguage":"fi","potentialAction":[{"@type":"ReadAction","target":["https:\/\/xenonkungen.com\/produkt\/optibeam-ledramp-pure-730\/"]}]},{"@type":"ImageObject","inLanguage":"fi","@id":"https:\/\/xenonkungen.com\/produkt\/optibeam-ledramp-pure-730\/#primaryimage","url":"https:\/\/xenonkungen.com\/wp-content\/uploads\/2025\/04\/216380027-origpic-dc6473.jpg","contentUrl":"https:\/\/xenonkungen.com\/wp-content\/uploads\/2025\/04\/216380027-origpic-dc6473.jpg","width":476,"height":161},{"@type":"BreadcrumbList","@id":"https:\/\/xenonkungen.com\/produkt\/optibeam-ledramp-pure-730\/#breadcrumb","itemListElement":[{"@type":"ListItem","position":1,"name":"Hem","item":"https:\/\/xenonkungen.com\/"},{"@type":"ListItem","position":2,"name":"Shop","item":"https:\/\/xenonkungen.com\/shop\/"},{"@type":"ListItem","position":3,"name":"OPTIBEAM LEDramp Pure 730"}]},{"@type":"WebSite","@id":"https:\/\/xenonkungen.com\/#website","url":"https:\/\/xenonkungen.com\/","name":"Xenonkungen","description":"","potentialAction":[{"@type":"SearchAction","target":{"@type":"EntryPoint","urlTemplate":"https:\/\/xenonkungen.com\/?s={search_term_string}"},"query-input":{"@type":"PropertyValueSpecification","valueRequired":true,"valueName":"search_term_string"}}],"inLanguage":"fi"}]}},"taxonomy_info":{"product_brand":[{"value":107,"label":"Optibeam"}],"product_cat":[{"value":2966,"label":"Ledramp Rak"},{"value":2539,"label":"LEDRAMPER"},{"value":2660,"label":"Optibeam"}],"pa_fargtemperatur":[{"value":1486,"label":"5000"}],"pa_fuktskydd-varde-ipxx":[{"value":177,"label":"IP68"}],"pa_godkannande":[{"value":1527,"label":"E-godk\u00e4nd (R148, R149, R10) ref.30"}],"pa_lampsockel-kontakt":[{"value":1536,"label":"2-polig DTP-kontakt"}],"pa_ljusbild":[{"value":178,"label":"Driving"}],"pa_storlek-mm":[{"value":1533,"label":"729 x 42 x 65"}],"pa_stromforbrukning":[{"value":1535,"label":"26.88A @ 13,7V"}],"pa_volt-v":[{"value":1534,"label":"9-48"}]},"featured_image_src_large":["https:\/\/xenonkungen.com\/wp-content\/uploads\/2025\/04\/216380027-origpic-dc6473.jpg",476,161,false],"author_info":[],"comment_info":0,"_links":{"self":[{"href":"https:\/\/xenonkungen.com\/fi\/wp-json\/wp\/v2\/product\/4984","targetHints":{"allow":["GET"]}}],"collection":[{"href":"https:\/\/xenonkungen.com\/fi\/wp-json\/wp\/v2\/product"}],"about":[{"href":"https:\/\/xenonkungen.com\/fi\/wp-json\/wp\/v2\/types\/product"}],"replies":[{"embeddable":true,"href":"https:\/\/xenonkungen.com\/fi\/wp-json\/wp\/v2\/comments?post=4984"}],"wp:featuredmedia":[{"embeddable":true,"href":"https:\/\/xenonkungen.com\/fi\/wp-json\/wp\/v2\/media\/4985"}],"wp:attachment":[{"href":"https:\/\/xenonkungen.com\/fi\/wp-json\/wp\/v2\/media?parent=4984"}],"wp:term":[{"taxonomy":"anvandningsomrade","embeddable":true,"href":"https:\/\/xenonkungen.com\/fi\/wp-json\/wp\/v2\/anvandningsomrade?post=4984"},{"taxonomy":"bilmarken","embeddable":true,"href":"https:\/\/xenonkungen.com\/fi\/wp-json\/wp\/v2\/bilmarken?post=4984"},{"taxonomy":"product_brand","embeddable":true,"href":"https:\/\/xenonkungen.com\/fi\/wp-json\/wp\/v2\/product_brand?post=4984"},{"taxonomy":"product_cat","embeddable":true,"href":"https:\/\/xenonkungen.com\/fi\/wp-json\/wp\/v2\/product_cat?post=4984"},{"taxonomy":"product_tag","embeddable":true,"href":"https:\/\/xenonkungen.com\/fi\/wp-json\/wp\/v2\/product_tag?post=4984"}],"curies":[{"name":"wp","href":"https:\/\/api.w.org\/{rel}","templated":true}]}}