{"id":5044,"date":"2025-04-15T09:21:47","date_gmt":"2025-04-15T09:21:47","guid":{"rendered":"https:\/\/xenonkungen.com\/product\/w-light-fury-9-160w\/"},"modified":"2026-04-24T17:45:46","modified_gmt":"2026-04-24T16:45:46","slug":"w-kevyt-raivo-9-160w","status":"publish","type":"product","link":"https:\/\/xenonkungen.com\/fi\/tuote\/w-kevyt-raivo-9-160w\/","title":{"rendered":"W-light Fury 9\u2033 160w"},"content":{"rendered":"<h1>W-Light Fury 9\" 160W LED-lis\u00e4valo (160W)<\/h1>\n<p>Astu ajoneuvojen valaistuksen uuteen aikakauteen W-Light Fury 9\" 160W LED-lis\u00e4valolla, joka on nyt saatavilla myym\u00e4l\u00e4ss\u00e4mme. T\u00e4m\u00e4 valopalkki on tekninen mestariteos, jonka vaikuttava kirkkaus ja kantama on suunniteltu tarjoamaan kuljettajille erinomaisen n\u00e4kyvyyden ja turvallisuuden y\u00f6ajossa ja haastavissa s\u00e4\u00e4olosuhteissa.<\/p>\n<p>Fury 9\" tuottaa 16 korkean suorituskyvyn LED-valonl\u00e4hteell\u00e4\u00e4n 9000 teoreettisen lumenin ja 8170 mitatun lumenin valovirran, mik\u00e4 takaa, ett\u00e4 edess\u00e4 oleva tie on hyvin valaistu. T\u00e4m\u00e4 voimakas valaistus yhdistettyn\u00e4 vaikuttavaan 1 luksin kantamaan 747 metrin et\u00e4isyydell\u00e4 ja R149-sertifioituun 1 luksin kantamaan 266 metrin et\u00e4isyydell\u00e4 tarkoittaa, ett\u00e4 n\u00e4et esteet ja vaarat jo kaukaa.<\/p>\n<p>Fury 9\" erottuu joukosta ainutlaatuisella vilkkuvalotoiminnollaan. T\u00e4m\u00e4 ominaisuus on erityisen hy\u00f6dyllinen \u00e4\u00e4rimm\u00e4isiss\u00e4 s\u00e4\u00e4olosuhteissa, kuten sumussa tai kovassa lumisateessa, jolloin se antaa ylim\u00e4\u00e4r\u00e4isen varoitus- ja turvasignaalin. 5500K:n v\u00e4ril\u00e4mp\u00f6tilan ansiosta lis\u00e4valo luo luonnollisen ja silm\u00e4yst\u00e4v\u00e4llisen valon, joka v\u00e4hent\u00e4\u00e4 v\u00e4symyst\u00e4 pitkill\u00e4 matkoilla.<\/p>\n<p>Fury 9\" -mallin muotoilu on sek\u00e4 tyylik\u00e4s ett\u00e4 toimiva. Sen kompaktit mitat \u00d8225x85 mm helpottavat sen asentamista erilaisiin ajoneuvoihin. Sen mukana toimitetaan 6-nastainen DT-liitin 220 cm:n pituisessa kaapelissa, mik\u00e4 helpottaa asennusta. Lis\u00e4ksi lis\u00e4valo t\u00e4ytt\u00e4\u00e4 korkeat turvallisuusstandardit ja on E-hyv\u00e4ksytty R10-, R148-, R149- ja R65-luokan 1 mukaisesti, joten se on luotettava valinta kaikentyyppisiin ajoneuvoihin.<\/p>\n<h2>T\u00e4rkeimm\u00e4t ominaisuudet:<\/h2>\n<ul>\n<li><strong>Poikkeuksellinen kirkkaus:<\/strong> 16 LEDi\u00e4, jotka tuottavat teoriassa 9000 lumenia ja mitattuna 8170 lumenia, erinomaisen tievalaistuksen.<\/li>\n<li><strong>Vaikuttava ulottuvuus:<\/strong> 1 luksi 747 metrin et\u00e4isyydell\u00e4 ja R149-sertifioitu 1 luksi 266 metrin et\u00e4isyydell\u00e4, mik\u00e4 on t\u00e4ydellinen esteiden havaitsemiseen kaukaa.<\/li>\n<li><strong>Salamavalotoiminto:<\/strong> Lis\u00e4n\u00e4kyvyytt\u00e4 ja turvallisuutta vaikeissa ajo-olosuhteissa, ihanteellinen muiden tienk\u00e4ytt\u00e4jien varoittamiseen.<\/li>\n<li><strong>Helppo asennus ja korkea turvallisuus:<\/strong> Kompakti muotoilu, helppo kokoonpano ja sertifikaatit, jotka takaavat turvallisuuden ja luotettavuuden.<\/li>\n<\/ul>\n<p>Muunna ajokokemuksesi W-Light Fury 9\" 160W LED-lis\u00e4valon avulla. Saatavana nyt osoitteessa <a href=\"https:\/\/www.xenonkungen.com\">XenonKings.com<\/a>Se on ehdoton valinta kuljettajille, jotka vaativat ajoneuvon valaistukselta parasta mahdollista.<\/p>\n<p><strong>Yhteenliitt\u00e4minen:<br \/>\n<\/strong>Punainen - Lis\u00e4valo (+)<br \/>\nMusta - Maa (-)<br \/>\nValkoinen - Valkoinen merkkivalo (+)<br \/>\nKeltainen - Keltainen merkkivalo (+)<br \/>\nSininen - varoitusvalo (+)<br \/>\nRuskea - Varoitusvalojen synkronointi<br \/>\nValaisimen takaosassa olevalla painikkeella vaihdetaan l\u00e4p\u00e4isy- ja pitotilan v\u00e4lill\u00e4.<strong><br \/>\n<\/strong><\/p>","protected":false},"excerpt":{"rendered":"<p>W-Light Fury 9&#8221; 160W LED Extraljus Steg in i en ny era av fordonsbelysning med W-Light Fury 9&#8221; 160W LED extraljus, nu tillg\u00e4ngligt i v\u00e5r butik.\u00a0Denna ljusramp \u00e4r en teknisk m\u00e4stare med en imponerande ljusstyrka och r\u00e4ckvidd, utformad f\u00f6r att ge f\u00f6rare en \u00f6verl\u00e4gsen synlighet och s\u00e4kerhet under nattk\u00f6rning och i utmanande v\u00e4derf\u00f6rh\u00e5llanden. Med sina [&hellip;]<\/p>","protected":false},"featured_media":5045,"comment_status":"closed","ping_status":"closed","template":"","meta":{"_acf_changed":false,"_smort_price_nok":"3306","_smort_price_dkk":"2100","_smort_price_eur":"281.35","_smort_sale_price_nok":"","_smort_sale_price_dkk":"","_smort_sale_price_eur":"169.08","smort_restorder":"","shipmondo_restorder":"","_kad_blocks_custom_css":"","_kad_blocks_head_custom_js":"","_kad_blocks_body_custom_js":"","_kad_blocks_footer_custom_js":"","smort_custom_pricelist_1":"1980.8","smort_custom_pricelist_2":"1733.2","smort_custom_pricelist_3":"1609.4","smort_custom_pricelist_4":"2476","smort_custom_pricelist_5":"1624"},"anvandningsomrade":[],"bilmarken":[],"product_brand":[114],"product_cat":[2839,142],"product_tag":[],"class_list":{"0":"post-5044","1":"product","2":"type-product","3":"status-publish","4":"has-post-thumbnail","6":"product_brand-w-light","7":"product_cat-extraljus-9","8":"product_cat-extraljus","9":"pa_fargtemperatur-1510","10":"pa_godkannande-e-godkand-r148-r149-ref-175-r10-r65-class-1","11":"pa_lampsockel-kontakt-dt6-kontakt","12":"pa_ljusbild-driving","13":"pa_storlek-mm-225x85","14":"pa_stromforbrukning-1186a-137v","15":"pa_volt-v-12-48","17":"first","18":"instock","19":"taxable","20":"shipping-taxable","21":"purchasable","22":"product-type-simple"},"bundled_by":[],"bundle_stock_status":"instock","bundle_stock_quantity":9,"bundle_virtual":false,"bundle_layout":"","bundle_add_to_cart_form_location":"","bundle_editable_in_cart":false,"bundle_sold_individually_context":"","bundle_item_grouping":"","bundle_min_size":"","bundle_max_size":"","bundle_price":[],"bundled_items":[],"bundle_sell_ids":[],"acf":[],"yoast_head":"<!-- This site is optimized with the Yoast SEO plugin v27.0 - https:\/\/yoast.com\/product\/yoast-seo-wordpress\/ -->\n<title>W-light Fury 9&quot; 160w - Xenonkungen<\/title>\n<meta name=\"robots\" content=\"index, follow, max-snippet:-1, max-image-preview:large, max-video-preview:-1\" \/>\n<link rel=\"canonical\" href=\"https:\/\/xenonkungen.com\/fi\/tuote\/w-kevyt-raivo-9-160w\/\" \/>\n<meta property=\"og:locale\" content=\"fi_FI\" \/>\n<meta property=\"og:type\" content=\"article\" \/>\n<meta property=\"og:title\" content=\"W-light Fury 9&quot; 160w - Xenonkungen\" \/>\n<meta property=\"og:description\" content=\"W-Light Fury 9&#8221; 160W LED Extraljus Steg in i en ny era av fordonsbelysning med W-Light Fury 9&#8221; 160W LED extraljus, nu tillg\u00e4ngligt i v\u00e5r butik.\u00a0Denna ljusramp \u00e4r en teknisk m\u00e4stare med en imponerande ljusstyrka och r\u00e4ckvidd, utformad f\u00f6r att ge f\u00f6rare en \u00f6verl\u00e4gsen synlighet och s\u00e4kerhet under nattk\u00f6rning och i utmanande v\u00e4derf\u00f6rh\u00e5llanden. Med sina [&hellip;]\" \/>\n<meta property=\"og:url\" content=\"https:\/\/xenonkungen.com\/fi\/tuote\/w-kevyt-raivo-9-160w\/\" \/>\n<meta property=\"og:site_name\" content=\"Xenonkungen\" \/>\n<meta property=\"article:modified_time\" content=\"2026-04-24T16:45:46+00:00\" \/>\n<meta property=\"og:image\" content=\"https:\/\/xenonkungen.com\/wp-content\/uploads\/2025\/04\/207780983-origpic-0edbb3.png\" \/>\n\t<meta property=\"og:image:width\" content=\"1250\" \/>\n\t<meta property=\"og:image:height\" content=\"1138\" \/>\n\t<meta property=\"og:image:type\" content=\"image\/png\" \/>\n<meta name=\"twitter:card\" content=\"summary_large_image\" \/>\n<meta name=\"twitter:label1\" content=\"Arvioitu lukuaika\" \/>\n\t<meta name=\"twitter:data1\" content=\"2 minuuttia\" \/>\n<script type=\"application\/ld+json\" class=\"yoast-schema-graph\">{\"@context\":\"https:\/\/schema.org\",\"@graph\":[{\"@type\":\"WebPage\",\"@id\":\"https:\/\/xenonkungen.com\/fi\/tuote\/w-kevyt-raivo-9-160w\/\",\"url\":\"https:\/\/xenonkungen.com\/fi\/tuote\/w-kevyt-raivo-9-160w\/\",\"name\":\"W-light Fury 9\\\" 160w - Xenonkungen\",\"isPartOf\":{\"@id\":\"https:\/\/xenonkungen.com\/#website\"},\"primaryImageOfPage\":{\"@id\":\"https:\/\/xenonkungen.com\/fi\/tuote\/w-kevyt-raivo-9-160w\/#primaryimage\"},\"image\":{\"@id\":\"https:\/\/xenonkungen.com\/fi\/tuote\/w-kevyt-raivo-9-160w\/#primaryimage\"},\"thumbnailUrl\":\"https:\/\/xenonkungen.com\/wp-content\/uploads\/2025\/04\/207780983-origpic-0edbb3.png\",\"datePublished\":\"2025-04-15T09:21:47+00:00\",\"dateModified\":\"2026-04-24T16:45:46+00:00\",\"breadcrumb\":{\"@id\":\"https:\/\/xenonkungen.com\/fi\/tuote\/w-kevyt-raivo-9-160w\/#breadcrumb\"},\"inLanguage\":\"fi\",\"potentialAction\":[{\"@type\":\"ReadAction\",\"target\":[\"https:\/\/xenonkungen.com\/fi\/tuote\/w-kevyt-raivo-9-160w\/\"]}]},{\"@type\":\"ImageObject\",\"inLanguage\":\"fi\",\"@id\":\"https:\/\/xenonkungen.com\/fi\/tuote\/w-kevyt-raivo-9-160w\/#primaryimage\",\"url\":\"https:\/\/xenonkungen.com\/wp-content\/uploads\/2025\/04\/207780983-origpic-0edbb3.png\",\"contentUrl\":\"https:\/\/xenonkungen.com\/wp-content\/uploads\/2025\/04\/207780983-origpic-0edbb3.png\",\"width\":1250,\"height\":1138},{\"@type\":\"BreadcrumbList\",\"@id\":\"https:\/\/xenonkungen.com\/fi\/tuote\/w-kevyt-raivo-9-160w\/#breadcrumb\",\"itemListElement\":[{\"@type\":\"ListItem\",\"position\":1,\"name\":\"Hem\",\"item\":\"https:\/\/xenonkungen.com\/\"},{\"@type\":\"ListItem\",\"position\":2,\"name\":\"Shop\",\"item\":\"https:\/\/xenonkungen.com\/shop\/\"},{\"@type\":\"ListItem\",\"position\":3,\"name\":\"W-light Fury 9&#8243; 160w\"}]},{\"@type\":\"WebSite\",\"@id\":\"https:\/\/xenonkungen.com\/#website\",\"url\":\"https:\/\/xenonkungen.com\/\",\"name\":\"Xenonkungen\",\"description\":\"\",\"potentialAction\":[{\"@type\":\"SearchAction\",\"target\":{\"@type\":\"EntryPoint\",\"urlTemplate\":\"https:\/\/xenonkungen.com\/?s={search_term_string}\"},\"query-input\":{\"@type\":\"PropertyValueSpecification\",\"valueRequired\":true,\"valueName\":\"search_term_string\"}}],\"inLanguage\":\"fi\"}]}<\/script>\n<!-- \/ Yoast SEO plugin. -->","yoast_head_json":{"title":"W-light Fury 9&quot; 160w - Xenon-kuningas","robots":{"index":"index","follow":"follow","max-snippet":"max-snippet:-1","max-image-preview":"max-image-preview:large","max-video-preview":"max-video-preview:-1"},"canonical":"https:\/\/xenonkungen.com\/fi\/tuote\/w-kevyt-raivo-9-160w\/","og_locale":"fi_FI","og_type":"article","og_title":"W-light Fury 9\" 160w - Xenonkungen","og_description":"W-Light Fury 9&#8221; 160W LED Extraljus Steg in i en ny era av fordonsbelysning med W-Light Fury 9&#8221; 160W LED extraljus, nu tillg\u00e4ngligt i v\u00e5r butik.\u00a0Denna ljusramp \u00e4r en teknisk m\u00e4stare med en imponerande ljusstyrka och r\u00e4ckvidd, utformad f\u00f6r att ge f\u00f6rare en \u00f6verl\u00e4gsen synlighet och s\u00e4kerhet under nattk\u00f6rning och i utmanande v\u00e4derf\u00f6rh\u00e5llanden. Med sina [&hellip;]","og_url":"https:\/\/xenonkungen.com\/fi\/tuote\/w-kevyt-raivo-9-160w\/","og_site_name":"Xenonkungen","article_modified_time":"2026-04-24T16:45:46+00:00","og_image":[{"width":1250,"height":1138,"url":"https:\/\/xenonkungen.com\/wp-content\/uploads\/2025\/04\/207780983-origpic-0edbb3.png","type":"image\/png"}],"twitter_card":"summary_large_image","twitter_misc":{"Arvioitu lukuaika":"2 minuuttia"},"schema":{"@context":"https:\/\/schema.org","@graph":[{"@type":"WebPage","@id":"https:\/\/xenonkungen.com\/fi\/tuote\/w-kevyt-raivo-9-160w\/","url":"https:\/\/xenonkungen.com\/fi\/tuote\/w-kevyt-raivo-9-160w\/","name":"W-light Fury 9&quot; 160w - Xenon-kuningas","isPartOf":{"@id":"https:\/\/xenonkungen.com\/#website"},"primaryImageOfPage":{"@id":"https:\/\/xenonkungen.com\/fi\/tuote\/w-kevyt-raivo-9-160w\/#primaryimage"},"image":{"@id":"https:\/\/xenonkungen.com\/fi\/tuote\/w-kevyt-raivo-9-160w\/#primaryimage"},"thumbnailUrl":"https:\/\/xenonkungen.com\/wp-content\/uploads\/2025\/04\/207780983-origpic-0edbb3.png","datePublished":"2025-04-15T09:21:47+00:00","dateModified":"2026-04-24T16:45:46+00:00","breadcrumb":{"@id":"https:\/\/xenonkungen.com\/fi\/tuote\/w-kevyt-raivo-9-160w\/#breadcrumb"},"inLanguage":"fi","potentialAction":[{"@type":"ReadAction","target":["https:\/\/xenonkungen.com\/fi\/tuote\/w-kevyt-raivo-9-160w\/"]}]},{"@type":"ImageObject","inLanguage":"fi","@id":"https:\/\/xenonkungen.com\/fi\/tuote\/w-kevyt-raivo-9-160w\/#primaryimage","url":"https:\/\/xenonkungen.com\/wp-content\/uploads\/2025\/04\/207780983-origpic-0edbb3.png","contentUrl":"https:\/\/xenonkungen.com\/wp-content\/uploads\/2025\/04\/207780983-origpic-0edbb3.png","width":1250,"height":1138},{"@type":"BreadcrumbList","@id":"https:\/\/xenonkungen.com\/fi\/tuote\/w-kevyt-raivo-9-160w\/#breadcrumb","itemListElement":[{"@type":"ListItem","position":1,"name":"Hem","item":"https:\/\/xenonkungen.com\/"},{"@type":"ListItem","position":2,"name":"Shop","item":"https:\/\/xenonkungen.com\/shop\/"},{"@type":"ListItem","position":3,"name":"W-light Fury 9&#8243; 160w"}]},{"@type":"WebSite","@id":"https:\/\/xenonkungen.com\/#website","url":"https:\/\/xenonkungen.com\/","name":"Xenonkungen","description":"","potentialAction":[{"@type":"SearchAction","target":{"@type":"EntryPoint","urlTemplate":"https:\/\/xenonkungen.com\/?s={search_term_string}"},"query-input":{"@type":"PropertyValueSpecification","valueRequired":true,"valueName":"search_term_string"}}],"inLanguage":"fi"}]}},"taxonomy_info":{"product_brand":[{"value":114,"label":"W-Light"}],"product_cat":[{"value":2839,"label":"Extraljus 9\""},{"value":142,"label":"Extraljus"}],"pa_fargtemperatur":[{"value":1510,"label":"5500"}],"pa_godkannande":[{"value":1570,"label":"E-godk\u00e4nd (R148, R149) ref.17,5, R10, R65 class 1"}],"pa_lampsockel-kontakt":[{"value":1569,"label":"DT6-kontakt"}],"pa_ljusbild":[{"value":178,"label":"Driving"}],"pa_storlek-mm":[{"value":1567,"label":"225x85"}],"pa_stromforbrukning":[{"value":1568,"label":"11,86A @13,7V"}],"pa_volt-v":[{"value":1559,"label":"12-48"}]},"featured_image_src_large":["https:\/\/xenonkungen.com\/wp-content\/uploads\/2025\/04\/207780983-origpic-0edbb3-1024x932.png",1024,932,true],"author_info":[],"comment_info":0,"_links":{"self":[{"href":"https:\/\/xenonkungen.com\/fi\/wp-json\/wp\/v2\/product\/5044","targetHints":{"allow":["GET"]}}],"collection":[{"href":"https:\/\/xenonkungen.com\/fi\/wp-json\/wp\/v2\/product"}],"about":[{"href":"https:\/\/xenonkungen.com\/fi\/wp-json\/wp\/v2\/types\/product"}],"replies":[{"embeddable":true,"href":"https:\/\/xenonkungen.com\/fi\/wp-json\/wp\/v2\/comments?post=5044"}],"wp:featuredmedia":[{"embeddable":true,"href":"https:\/\/xenonkungen.com\/fi\/wp-json\/wp\/v2\/media\/5045"}],"wp:attachment":[{"href":"https:\/\/xenonkungen.com\/fi\/wp-json\/wp\/v2\/media?parent=5044"}],"wp:term":[{"taxonomy":"anvandningsomrade","embeddable":true,"href":"https:\/\/xenonkungen.com\/fi\/wp-json\/wp\/v2\/anvandningsomrade?post=5044"},{"taxonomy":"bilmarken","embeddable":true,"href":"https:\/\/xenonkungen.com\/fi\/wp-json\/wp\/v2\/bilmarken?post=5044"},{"taxonomy":"product_brand","embeddable":true,"href":"https:\/\/xenonkungen.com\/fi\/wp-json\/wp\/v2\/product_brand?post=5044"},{"taxonomy":"product_cat","embeddable":true,"href":"https:\/\/xenonkungen.com\/fi\/wp-json\/wp\/v2\/product_cat?post=5044"},{"taxonomy":"product_tag","embeddable":true,"href":"https:\/\/xenonkungen.com\/fi\/wp-json\/wp\/v2\/product_tag?post=5044"}],"curies":[{"name":"wp","href":"https:\/\/api.w.org\/{rel}","templated":true}]}}