{"id":5057,"date":"2025-04-15T09:22:39","date_gmt":"2025-04-15T09:22:39","guid":{"rendered":"https:\/\/xenonkungen.com\/product\/kabelsats-dtp-kontakt-1-ljus-320w\/"},"modified":"2026-03-04T16:37:12","modified_gmt":"2026-03-04T15:37:12","slug":"kaapelisarja-dtp-liitin-1-valo-320w","status":"publish","type":"product","link":"https:\/\/xenonkungen.com\/fi\/tuote\/kaapelisarja-dtp-liitin-1-valo-320w\/","title":{"rendered":"Kaapelisarja DTP-liitin 1 valo 320W"},"content":{"rendered":"<h1>Releen johdotus painikkeella<\/h1>\n<p>Paranna ajoneuvosi valaistusta lis\u00e4valojohtosarjallamme, joka on suunniteltu tukemaan yht\u00e4 valoyksikk\u00f6\u00e4. Johtosarja on varustettu releell\u00e4 ja Deutsch DTP -liittimell\u00e4, mik\u00e4 tekee asennuksesta turvallisen ja luotettavan.<\/p>\n<p>Integroitu kytkin tarjoaa helpon ja k\u00e4tev\u00e4n valoyksik\u00f6n hallinnan, jolloin voit kytke\u00e4 lis\u00e4valon p\u00e4\u00e4lle ja pois tarpeen mukaan. T\u00e4m\u00e4 tekee johtosarjasta t\u00e4ydellisen ratkaisun niille, jotka tarvitsevat joustavaa valaistusta, olipa kyseess\u00e4 sitten lis\u00e4valot, LED-valot tai ty\u00f6valot.<\/p>\n<h3>\n<p><span class=\"xr_tl Normal_text\"><strong>HUOMIO!<\/strong> T\u00e4m\u00e4 johdotussarja k\u00e4ytt\u00e4\u00e4 vahvempaa\u00a0<strong>DTP-yhteyshenkil\u00f6<\/strong>, ei perinteinen DT-liitin!<\/span><\/p>\n<p><span class=\"xr_tl Normal_text\"><strong>Takuu:<\/strong> 3 vuotta<\/span><\/p>","protected":false},"excerpt":{"rendered":"<p>Apuvalojen johdotus yhdelle valolle, releell\u00e4 ja Deutsch DTP -liittimell\u00e4, kytkimell\u00e4<\/p>","protected":false},"featured_media":5058,"comment_status":"closed","ping_status":"open","template":"","meta":{"_acf_changed":false,"_smort_price_nok":"529","_smort_price_dkk":"336","_smort_price_eur":"45","_smort_sale_price_nok":"","_smort_sale_price_dkk":"","_smort_sale_price_eur":"","smort_restorder":"","shipmondo_restorder":"","_kad_blocks_custom_css":"","_kad_blocks_head_custom_js":"","_kad_blocks_body_custom_js":"","_kad_blocks_footer_custom_js":"","smort_custom_pricelist_1":"316.8","smort_custom_pricelist_2":"277.2","smort_custom_pricelist_3":"256.75","smort_custom_pricelist_4":"396","smort_custom_pricelist_5":"277.2"},"anvandningsomrade":[],"bilmarken":[],"product_brand":[],"product_cat":[2841,2828,2488,2491,2489,2490,390],"product_tag":[],"class_list":{"0":"post-5057","1":"product","2":"type-product","3":"status-publish","4":"has-post-thumbnail","6":"product_cat-installation-extraljus","7":"product_cat-installation-led-ramper","8":"product_cat-relasats-arbetsbelysning","9":"product_cat-relasats","10":"product_cat-relasats-extraljus","11":"product_cat-relasats-2","12":"product_cat-installation","13":"pa_storlek-mm-1573","15":"first","16":"onbackorder","17":"taxable","18":"shipping-taxable","19":"purchasable","20":"product-type-simple"},"bundled_by":[],"bundle_stock_status":"onbackorder","bundle_stock_quantity":0,"bundle_virtual":false,"bundle_layout":"","bundle_add_to_cart_form_location":"","bundle_editable_in_cart":false,"bundle_sold_individually_context":"","bundle_item_grouping":"","bundle_min_size":"","bundle_max_size":"","bundle_price":[],"bundled_items":[],"bundle_sell_ids":[],"acf":[],"yoast_head":"<!-- This site is optimized with the Yoast SEO plugin v27.0 - https:\/\/yoast.com\/product\/yoast-seo-wordpress\/ -->\n<title>Kabelsats DTP kontakt 1 ljus 320W - Xenonkungen<\/title>\n<meta name=\"robots\" content=\"index, follow, max-snippet:-1, max-image-preview:large, max-video-preview:-1\" \/>\n<link rel=\"canonical\" href=\"https:\/\/xenonkungen.com\/fi\/tuote\/kaapelisarja-dtp-liitin-1-valo-320w\/\" \/>\n<meta property=\"og:locale\" content=\"fi_FI\" \/>\n<meta property=\"og:type\" content=\"article\" \/>\n<meta property=\"og:title\" content=\"Kabelsats DTP kontakt 1 ljus 320W - Xenonkungen\" \/>\n<meta property=\"og:description\" content=\"Extraljuskablage f\u00f6r 1 ljus, med rel\u00e4 och Deutsch DTP-kontakt, brytare\" \/>\n<meta property=\"og:url\" content=\"https:\/\/xenonkungen.com\/fi\/tuote\/kaapelisarja-dtp-liitin-1-valo-320w\/\" \/>\n<meta property=\"og:site_name\" content=\"Xenonkungen\" \/>\n<meta property=\"article:modified_time\" content=\"2026-03-04T15:37:12+00:00\" \/>\n<meta property=\"og:image\" content=\"https:\/\/xenonkungen.com\/wp-content\/uploads\/2025\/04\/211836203-origpic-e94c02.png\" \/>\n\t<meta property=\"og:image:width\" content=\"886\" \/>\n\t<meta property=\"og:image:height\" content=\"413\" \/>\n\t<meta property=\"og:image:type\" content=\"image\/png\" \/>\n<meta name=\"twitter:card\" content=\"summary_large_image\" \/>\n<meta name=\"twitter:label1\" content=\"Arvioitu lukuaika\" \/>\n\t<meta name=\"twitter:data1\" content=\"1 minuutti\" \/>\n<script type=\"application\/ld+json\" class=\"yoast-schema-graph\">{\"@context\":\"https:\/\/schema.org\",\"@graph\":[{\"@type\":\"WebPage\",\"@id\":\"https:\/\/xenonkungen.com\/de\/produkt\/kabelsatz-mit-dtp-stecker-1-lampe-320-w\/\",\"url\":\"https:\/\/xenonkungen.com\/de\/produkt\/kabelsatz-mit-dtp-stecker-1-lampe-320-w\/\",\"name\":\"Kabelsats DTP kontakt 1 ljus 320W - Xenonkungen\",\"isPartOf\":{\"@id\":\"https:\/\/xenonkungen.com\/#website\"},\"primaryImageOfPage\":{\"@id\":\"https:\/\/xenonkungen.com\/de\/produkt\/kabelsatz-mit-dtp-stecker-1-lampe-320-w\/#primaryimage\"},\"image\":{\"@id\":\"https:\/\/xenonkungen.com\/de\/produkt\/kabelsatz-mit-dtp-stecker-1-lampe-320-w\/#primaryimage\"},\"thumbnailUrl\":\"https:\/\/xenonkungen.com\/wp-content\/uploads\/2025\/04\/211836203-origpic-e94c02.png\",\"datePublished\":\"2025-04-15T09:22:39+00:00\",\"dateModified\":\"2026-03-04T15:37:12+00:00\",\"breadcrumb\":{\"@id\":\"https:\/\/xenonkungen.com\/de\/produkt\/kabelsatz-mit-dtp-stecker-1-lampe-320-w\/#breadcrumb\"},\"inLanguage\":\"fi\",\"potentialAction\":[{\"@type\":\"ReadAction\",\"target\":[\"https:\/\/xenonkungen.com\/de\/produkt\/kabelsatz-mit-dtp-stecker-1-lampe-320-w\/\"]}]},{\"@type\":\"ImageObject\",\"inLanguage\":\"fi\",\"@id\":\"https:\/\/xenonkungen.com\/de\/produkt\/kabelsatz-mit-dtp-stecker-1-lampe-320-w\/#primaryimage\",\"url\":\"https:\/\/xenonkungen.com\/wp-content\/uploads\/2025\/04\/211836203-origpic-e94c02.png\",\"contentUrl\":\"https:\/\/xenonkungen.com\/wp-content\/uploads\/2025\/04\/211836203-origpic-e94c02.png\",\"width\":886,\"height\":413},{\"@type\":\"BreadcrumbList\",\"@id\":\"https:\/\/xenonkungen.com\/de\/produkt\/kabelsatz-mit-dtp-stecker-1-lampe-320-w\/#breadcrumb\",\"itemListElement\":[{\"@type\":\"ListItem\",\"position\":1,\"name\":\"Hem\",\"item\":\"https:\/\/xenonkungen.com\/\"},{\"@type\":\"ListItem\",\"position\":2,\"name\":\"Shop\",\"item\":\"https:\/\/xenonkungen.com\/shop\/\"},{\"@type\":\"ListItem\",\"position\":3,\"name\":\"Kabelsats DTP kontakt 1 ljus 320W\"}]},{\"@type\":\"WebSite\",\"@id\":\"https:\/\/xenonkungen.com\/#website\",\"url\":\"https:\/\/xenonkungen.com\/\",\"name\":\"Xenonkungen\",\"description\":\"\",\"potentialAction\":[{\"@type\":\"SearchAction\",\"target\":{\"@type\":\"EntryPoint\",\"urlTemplate\":\"https:\/\/xenonkungen.com\/?s={search_term_string}\"},\"query-input\":{\"@type\":\"PropertyValueSpecification\",\"valueRequired\":true,\"valueName\":\"search_term_string\"}}],\"inLanguage\":\"fi\"}]}<\/script>\n<!-- \/ Yoast SEO plugin. -->","yoast_head_json":{"title":"DTP-liitinkaapelisarja 1 valo 320W - Xenonkungen","robots":{"index":"index","follow":"follow","max-snippet":"max-snippet:-1","max-image-preview":"max-image-preview:large","max-video-preview":"max-video-preview:-1"},"canonical":"https:\/\/xenonkungen.com\/fi\/tuote\/kaapelisarja-dtp-liitin-1-valo-320w\/","og_locale":"fi_FI","og_type":"article","og_title":"Kabelsats DTP kontakt 1 ljus 320W - Xenonkungen","og_description":"Extraljuskablage f\u00f6r 1 ljus, med rel\u00e4 och Deutsch DTP-kontakt, brytare","og_url":"https:\/\/xenonkungen.com\/fi\/tuote\/kaapelisarja-dtp-liitin-1-valo-320w\/","og_site_name":"Xenonkungen","article_modified_time":"2026-03-04T15:37:12+00:00","og_image":[{"width":886,"height":413,"url":"https:\/\/xenonkungen.com\/wp-content\/uploads\/2025\/04\/211836203-origpic-e94c02.png","type":"image\/png"}],"twitter_card":"summary_large_image","twitter_misc":{"Arvioitu lukuaika":"1 minuutti"},"schema":{"@context":"https:\/\/schema.org","@graph":[{"@type":"WebPage","@id":"https:\/\/xenonkungen.com\/de\/produkt\/kabelsatz-mit-dtp-stecker-1-lampe-320-w\/","url":"https:\/\/xenonkungen.com\/de\/produkt\/kabelsatz-mit-dtp-stecker-1-lampe-320-w\/","name":"DTP-liitinkaapelisarja 1 valo 320W - Xenonkungen","isPartOf":{"@id":"https:\/\/xenonkungen.com\/#website"},"primaryImageOfPage":{"@id":"https:\/\/xenonkungen.com\/de\/produkt\/kabelsatz-mit-dtp-stecker-1-lampe-320-w\/#primaryimage"},"image":{"@id":"https:\/\/xenonkungen.com\/de\/produkt\/kabelsatz-mit-dtp-stecker-1-lampe-320-w\/#primaryimage"},"thumbnailUrl":"https:\/\/xenonkungen.com\/wp-content\/uploads\/2025\/04\/211836203-origpic-e94c02.png","datePublished":"2025-04-15T09:22:39+00:00","dateModified":"2026-03-04T15:37:12+00:00","breadcrumb":{"@id":"https:\/\/xenonkungen.com\/de\/produkt\/kabelsatz-mit-dtp-stecker-1-lampe-320-w\/#breadcrumb"},"inLanguage":"fi","potentialAction":[{"@type":"ReadAction","target":["https:\/\/xenonkungen.com\/de\/produkt\/kabelsatz-mit-dtp-stecker-1-lampe-320-w\/"]}]},{"@type":"ImageObject","inLanguage":"fi","@id":"https:\/\/xenonkungen.com\/de\/produkt\/kabelsatz-mit-dtp-stecker-1-lampe-320-w\/#primaryimage","url":"https:\/\/xenonkungen.com\/wp-content\/uploads\/2025\/04\/211836203-origpic-e94c02.png","contentUrl":"https:\/\/xenonkungen.com\/wp-content\/uploads\/2025\/04\/211836203-origpic-e94c02.png","width":886,"height":413},{"@type":"BreadcrumbList","@id":"https:\/\/xenonkungen.com\/de\/produkt\/kabelsatz-mit-dtp-stecker-1-lampe-320-w\/#breadcrumb","itemListElement":[{"@type":"ListItem","position":1,"name":"Hem","item":"https:\/\/xenonkungen.com\/"},{"@type":"ListItem","position":2,"name":"Shop","item":"https:\/\/xenonkungen.com\/shop\/"},{"@type":"ListItem","position":3,"name":"Kabelsats DTP kontakt 1 ljus 320W"}]},{"@type":"WebSite","@id":"https:\/\/xenonkungen.com\/#website","url":"https:\/\/xenonkungen.com\/","name":"Xenonkungen","description":"","potentialAction":[{"@type":"SearchAction","target":{"@type":"EntryPoint","urlTemplate":"https:\/\/xenonkungen.com\/?s={search_term_string}"},"query-input":{"@type":"PropertyValueSpecification","valueRequired":true,"valueName":"search_term_string"}}],"inLanguage":"fi"}]}},"taxonomy_info":{"product_cat":[{"value":2841,"label":"Installation extraljus"},{"value":2828,"label":"Installation LED-ramper"},{"value":2488,"label":"Rel\u00e4sats"},{"value":2491,"label":"Rel\u00e4sats"},{"value":2489,"label":"Rel\u00e4satser"},{"value":2490,"label":"Rel\u00e4satser"},{"value":390,"label":"Installation"}],"pa_storlek-mm":[{"value":1573,"label":"3000"}]},"featured_image_src_large":["https:\/\/xenonkungen.com\/wp-content\/uploads\/2025\/04\/211836203-origpic-e94c02.png",886,413,false],"author_info":[],"comment_info":0,"_links":{"self":[{"href":"https:\/\/xenonkungen.com\/fi\/wp-json\/wp\/v2\/product\/5057","targetHints":{"allow":["GET"]}}],"collection":[{"href":"https:\/\/xenonkungen.com\/fi\/wp-json\/wp\/v2\/product"}],"about":[{"href":"https:\/\/xenonkungen.com\/fi\/wp-json\/wp\/v2\/types\/product"}],"replies":[{"embeddable":true,"href":"https:\/\/xenonkungen.com\/fi\/wp-json\/wp\/v2\/comments?post=5057"}],"wp:featuredmedia":[{"embeddable":true,"href":"https:\/\/xenonkungen.com\/fi\/wp-json\/wp\/v2\/media\/5058"}],"wp:attachment":[{"href":"https:\/\/xenonkungen.com\/fi\/wp-json\/wp\/v2\/media?parent=5057"}],"wp:term":[{"taxonomy":"anvandningsomrade","embeddable":true,"href":"https:\/\/xenonkungen.com\/fi\/wp-json\/wp\/v2\/anvandningsomrade?post=5057"},{"taxonomy":"bilmarken","embeddable":true,"href":"https:\/\/xenonkungen.com\/fi\/wp-json\/wp\/v2\/bilmarken?post=5057"},{"taxonomy":"product_brand","embeddable":true,"href":"https:\/\/xenonkungen.com\/fi\/wp-json\/wp\/v2\/product_brand?post=5057"},{"taxonomy":"product_cat","embeddable":true,"href":"https:\/\/xenonkungen.com\/fi\/wp-json\/wp\/v2\/product_cat?post=5057"},{"taxonomy":"product_tag","embeddable":true,"href":"https:\/\/xenonkungen.com\/fi\/wp-json\/wp\/v2\/product_tag?post=5057"}],"curies":[{"name":"wp","href":"https:\/\/api.w.org\/{rel}","templated":true}]}}