{"id":5070,"date":"2025-04-15T09:22:45","date_gmt":"2025-04-15T09:22:45","guid":{"rendered":"https:\/\/xenonkungen.com\/product\/kabelsats-1st-ljus-dt-kontakt-for-xbb-rela\/"},"modified":"2026-01-08T18:06:54","modified_gmt":"2026-01-08T17:06:54","slug":"kaapelisarja-1-kpl-valo-dt-liitin-xbb-releelle","status":"publish","type":"product","link":"https:\/\/xenonkungen.com\/fi\/tuote\/kaapelisarja-1-kpl-valo-dt-liitin-xbb-releelle\/","title":{"rendered":"Kaapelisarja 1. valon DT-liitin XBB-releelle"},"content":{"rendered":"<h1>Relekaapelisarja XBB:lle DT-2-liittimell\u00e4<\/h1>\n<p>Tutustu ensiluokkaiseen relekaapelisarjaamme, joka on erityisesti suunniteltu liitett\u00e4v\u00e4ksi XBB-releiden ja DT-2-liittimien kanssa. T\u00e4m\u00e4 kaapelisarja on t\u00e4ydellinen ratkaisu valaistusj\u00e4rjestelm\u00e4si luotettavan ja tehokkaan liit\u00e4nn\u00e4n varmistamiseksi.<\/p>\n<p>T\u00e4m\u00e4 johdotussarja sis\u00e4lt\u00e4\u00e4 kaiken tarvittavan yhden valon kytkemiseen, jonka kokonaisteho on jopa 180 W. Se sopii erinomaisesti seisontavaloihin ja muihin vastaaviin sovelluksiin, joissa luotettavuus ja tehokkuus ovat avainasemassa.<\/p>\n<p>Kaapelisarja sis\u00e4lt\u00e4\u00e4 50 cm pitk\u00e4n DT-kaapelin, joka on huolellisesti rakennettu 2,5 mm\u00b2:n johtimesta optimaalisen johtavuuden ja kest\u00e4vyyden varmistamiseksi. Lis\u00e4ksi kaapelisarja on varustettu kest\u00e4v\u00e4ll\u00e4 25 A:n sulakkeella, joka tarjoaa lis\u00e4suojaa ylivirtaa vastaan ja varmistaa valaistusj\u00e4rjestelm\u00e4si pitk\u00e4aikaisen luotettavuuden.<\/p>\n<p>XBB-releen johdotussarjamme DT-2-liittimell\u00e4 on t\u00e4ydellinen valinta niille, jotka etsiv\u00e4t luotettavaa ja tehokasta ratkaisua valaistusj\u00e4rjestelm\u00e4\u00e4ns\u00e4. Valitse johdotussarjamme vaivatonta asennusta ja pitk\u00e4kestoista suorituskyky\u00e4 varten.<\/p>\n<h2>Lis\u00e4ys:<\/h2>\n<p>T\u00e4m\u00e4 Autolinen relekaapelisarja on tarkoitettu k\u00e4ytett\u00e4v\u00e4ksi my\u00f6s lis\u00e4valojen tai LED-nauhojen kanssa, joten se on monipuolinen ratkaisu ajoneuvojen erilaisiin valaistustarpeisiin.<\/p>","protected":false},"excerpt":{"rendered":"<p>Rel\u00e4kabelsats f\u00f6r XBB med DT-2 Kontakt Uppt\u00e4ck v\u00e5r premium rel\u00e4kabelsats, speciellt designad f\u00f6r att anslutas med XBB rel\u00e4er och DT-2 kontakter. Denna kabelsats \u00e4r den perfekta l\u00f6sningen f\u00f6r att s\u00e4kerst\u00e4lla en p\u00e5litlig och effektiv anslutning f\u00f6r ditt ljussystem. Inkluderat i denna kabelsats \u00e4r allt du beh\u00f6ver f\u00f6r att ansluta ett enda ljus, med en total [&hellip;]<\/p>","protected":false},"featured_media":5071,"comment_status":"closed","ping_status":"open","template":"","meta":{"_acf_changed":false,"_smort_price_nok":"315","_smort_price_dkk":"200","_smort_price_eur":"26.82","_smort_sale_price_nok":"","_smort_sale_price_dkk":"","_smort_sale_price_eur":"","smort_restorder":"","shipmondo_restorder":"","_kad_blocks_custom_css":"","_kad_blocks_head_custom_js":"","_kad_blocks_body_custom_js":"","_kad_blocks_footer_custom_js":"","smort_custom_pricelist_1":"188.8","smort_custom_pricelist_2":"165.2","smort_custom_pricelist_3":"153.4","smort_custom_pricelist_4":"236","smort_custom_pricelist_5":"188.8"},"anvandningsomrade":[],"bilmarken":[],"product_brand":[115],"product_cat":[2487,2841,2828,2795,2796,2573,390],"product_tag":[],"class_list":{"0":"post-5070","1":"product","2":"type-product","3":"status-publish","4":"has-post-thumbnail","6":"product_brand-xbb","7":"product_cat-canbus-installation","8":"product_cat-installation-extraljus","9":"product_cat-installation-led-ramper","10":"product_cat-kablar-rela","11":"product_cat-relakabelsatser","12":"product_cat-relasats-relasats-ledramper-relasats-extraljus-relasats-arbetsbelysning-xbb-installation","13":"product_cat-installation","14":"pa_lampsockel-kontakt-dt-2-kontakt","15":"pa_storlek-mm-97x120x70","17":"first","18":"onbackorder","19":"taxable","20":"shipping-taxable","21":"purchasable","22":"product-type-simple"},"bundled_by":[],"bundle_stock_status":"onbackorder","bundle_stock_quantity":0,"bundle_virtual":false,"bundle_layout":"","bundle_add_to_cart_form_location":"","bundle_editable_in_cart":false,"bundle_sold_individually_context":"","bundle_item_grouping":"","bundle_min_size":"","bundle_max_size":"","bundle_price":[],"bundled_items":[],"bundle_sell_ids":[],"acf":[],"yoast_head":"<!-- This site is optimized with the Yoast SEO plugin v27.0 - https:\/\/yoast.com\/product\/yoast-seo-wordpress\/ -->\n<title>Kabelsats 1st ljus DT-kontakt f\u00f6r XBB-rel\u00e4 - Xenonkungen<\/title>\n<meta name=\"robots\" content=\"index, follow, max-snippet:-1, max-image-preview:large, max-video-preview:-1\" \/>\n<link rel=\"canonical\" href=\"https:\/\/xenonkungen.com\/fi\/tuote\/kaapelisarja-1-kpl-valo-dt-liitin-xbb-releelle\/\" \/>\n<meta property=\"og:locale\" content=\"fi_FI\" \/>\n<meta property=\"og:type\" content=\"article\" \/>\n<meta property=\"og:title\" content=\"Kabelsats 1st ljus DT-kontakt f\u00f6r XBB-rel\u00e4 - Xenonkungen\" \/>\n<meta property=\"og:description\" content=\"Rel\u00e4kabelsats f\u00f6r XBB med DT-2 Kontakt Uppt\u00e4ck v\u00e5r premium rel\u00e4kabelsats, speciellt designad f\u00f6r att anslutas med XBB rel\u00e4er och DT-2 kontakter. Denna kabelsats \u00e4r den perfekta l\u00f6sningen f\u00f6r att s\u00e4kerst\u00e4lla en p\u00e5litlig och effektiv anslutning f\u00f6r ditt ljussystem. Inkluderat i denna kabelsats \u00e4r allt du beh\u00f6ver f\u00f6r att ansluta ett enda ljus, med en total [&hellip;]\" \/>\n<meta property=\"og:url\" content=\"https:\/\/xenonkungen.com\/fi\/tuote\/kaapelisarja-1-kpl-valo-dt-liitin-xbb-releelle\/\" \/>\n<meta property=\"og:site_name\" content=\"Xenonkungen\" \/>\n<meta property=\"article:modified_time\" content=\"2026-01-08T17:06:54+00:00\" \/>\n<meta property=\"og:image\" content=\"https:\/\/xenonkungen.com\/wp-content\/uploads\/2025\/04\/208135683-origpic-f8f9d9.png\" \/>\n\t<meta property=\"og:image:width\" content=\"450\" \/>\n\t<meta property=\"og:image:height\" content=\"233\" \/>\n\t<meta property=\"og:image:type\" content=\"image\/png\" \/>\n<meta name=\"twitter:card\" content=\"summary_large_image\" \/>\n<meta name=\"twitter:label1\" content=\"Arvioitu lukuaika\" \/>\n\t<meta name=\"twitter:data1\" content=\"1 minuutti\" \/>\n<script type=\"application\/ld+json\" class=\"yoast-schema-graph\">{\"@context\":\"https:\/\/schema.org\",\"@graph\":[{\"@type\":\"WebPage\",\"@id\":\"https:\/\/xenonkungen.com\/no\/produkt\/kabelsett-1-stk-lys-dt-kontakt-for-xbb-rele\/\",\"url\":\"https:\/\/xenonkungen.com\/no\/produkt\/kabelsett-1-stk-lys-dt-kontakt-for-xbb-rele\/\",\"name\":\"Kabelsats 1st ljus DT-kontakt f\u00f6r XBB-rel\u00e4 - Xenonkungen\",\"isPartOf\":{\"@id\":\"https:\/\/xenonkungen.com\/#website\"},\"primaryImageOfPage\":{\"@id\":\"https:\/\/xenonkungen.com\/no\/produkt\/kabelsett-1-stk-lys-dt-kontakt-for-xbb-rele\/#primaryimage\"},\"image\":{\"@id\":\"https:\/\/xenonkungen.com\/no\/produkt\/kabelsett-1-stk-lys-dt-kontakt-for-xbb-rele\/#primaryimage\"},\"thumbnailUrl\":\"https:\/\/xenonkungen.com\/wp-content\/uploads\/2025\/04\/208135683-origpic-f8f9d9.png\",\"datePublished\":\"2025-04-15T09:22:45+00:00\",\"dateModified\":\"2026-01-08T17:06:54+00:00\",\"breadcrumb\":{\"@id\":\"https:\/\/xenonkungen.com\/no\/produkt\/kabelsett-1-stk-lys-dt-kontakt-for-xbb-rele\/#breadcrumb\"},\"inLanguage\":\"fi\",\"potentialAction\":[{\"@type\":\"ReadAction\",\"target\":[\"https:\/\/xenonkungen.com\/no\/produkt\/kabelsett-1-stk-lys-dt-kontakt-for-xbb-rele\/\"]}]},{\"@type\":\"ImageObject\",\"inLanguage\":\"fi\",\"@id\":\"https:\/\/xenonkungen.com\/no\/produkt\/kabelsett-1-stk-lys-dt-kontakt-for-xbb-rele\/#primaryimage\",\"url\":\"https:\/\/xenonkungen.com\/wp-content\/uploads\/2025\/04\/208135683-origpic-f8f9d9.png\",\"contentUrl\":\"https:\/\/xenonkungen.com\/wp-content\/uploads\/2025\/04\/208135683-origpic-f8f9d9.png\",\"width\":450,\"height\":233},{\"@type\":\"BreadcrumbList\",\"@id\":\"https:\/\/xenonkungen.com\/no\/produkt\/kabelsett-1-stk-lys-dt-kontakt-for-xbb-rele\/#breadcrumb\",\"itemListElement\":[{\"@type\":\"ListItem\",\"position\":1,\"name\":\"Hem\",\"item\":\"https:\/\/xenonkungen.com\/\"},{\"@type\":\"ListItem\",\"position\":2,\"name\":\"Shop\",\"item\":\"https:\/\/xenonkungen.com\/shop\/\"},{\"@type\":\"ListItem\",\"position\":3,\"name\":\"Kabelsats 1st ljus DT-kontakt f\u00f6r XBB-rel\u00e4\"}]},{\"@type\":\"WebSite\",\"@id\":\"https:\/\/xenonkungen.com\/#website\",\"url\":\"https:\/\/xenonkungen.com\/\",\"name\":\"Xenonkungen\",\"description\":\"\",\"potentialAction\":[{\"@type\":\"SearchAction\",\"target\":{\"@type\":\"EntryPoint\",\"urlTemplate\":\"https:\/\/xenonkungen.com\/?s={search_term_string}\"},\"query-input\":{\"@type\":\"PropertyValueSpecification\",\"valueRequired\":true,\"valueName\":\"search_term_string\"}}],\"inLanguage\":\"fi\"}]}<\/script>\n<!-- \/ Yoast SEO plugin. -->","yoast_head_json":{"title":"Kaapelisarja 1 valo DT-liitin XBB-releelle - Xenonkungen","robots":{"index":"index","follow":"follow","max-snippet":"max-snippet:-1","max-image-preview":"max-image-preview:large","max-video-preview":"max-video-preview:-1"},"canonical":"https:\/\/xenonkungen.com\/fi\/tuote\/kaapelisarja-1-kpl-valo-dt-liitin-xbb-releelle\/","og_locale":"fi_FI","og_type":"article","og_title":"Kabelsats 1st ljus DT-kontakt f\u00f6r XBB-rel\u00e4 - Xenonkungen","og_description":"Rel\u00e4kabelsats f\u00f6r XBB med DT-2 Kontakt Uppt\u00e4ck v\u00e5r premium rel\u00e4kabelsats, speciellt designad f\u00f6r att anslutas med XBB rel\u00e4er och DT-2 kontakter. Denna kabelsats \u00e4r den perfekta l\u00f6sningen f\u00f6r att s\u00e4kerst\u00e4lla en p\u00e5litlig och effektiv anslutning f\u00f6r ditt ljussystem. Inkluderat i denna kabelsats \u00e4r allt du beh\u00f6ver f\u00f6r att ansluta ett enda ljus, med en total [&hellip;]","og_url":"https:\/\/xenonkungen.com\/fi\/tuote\/kaapelisarja-1-kpl-valo-dt-liitin-xbb-releelle\/","og_site_name":"Xenonkungen","article_modified_time":"2026-01-08T17:06:54+00:00","og_image":[{"width":450,"height":233,"url":"https:\/\/xenonkungen.com\/wp-content\/uploads\/2025\/04\/208135683-origpic-f8f9d9.png","type":"image\/png"}],"twitter_card":"summary_large_image","twitter_misc":{"Arvioitu lukuaika":"1 minuutti"},"schema":{"@context":"https:\/\/schema.org","@graph":[{"@type":"WebPage","@id":"https:\/\/xenonkungen.com\/no\/produkt\/kabelsett-1-stk-lys-dt-kontakt-for-xbb-rele\/","url":"https:\/\/xenonkungen.com\/no\/produkt\/kabelsett-1-stk-lys-dt-kontakt-for-xbb-rele\/","name":"Kaapelisarja 1 valo DT-liitin XBB-releelle - Xenonkungen","isPartOf":{"@id":"https:\/\/xenonkungen.com\/#website"},"primaryImageOfPage":{"@id":"https:\/\/xenonkungen.com\/no\/produkt\/kabelsett-1-stk-lys-dt-kontakt-for-xbb-rele\/#primaryimage"},"image":{"@id":"https:\/\/xenonkungen.com\/no\/produkt\/kabelsett-1-stk-lys-dt-kontakt-for-xbb-rele\/#primaryimage"},"thumbnailUrl":"https:\/\/xenonkungen.com\/wp-content\/uploads\/2025\/04\/208135683-origpic-f8f9d9.png","datePublished":"2025-04-15T09:22:45+00:00","dateModified":"2026-01-08T17:06:54+00:00","breadcrumb":{"@id":"https:\/\/xenonkungen.com\/no\/produkt\/kabelsett-1-stk-lys-dt-kontakt-for-xbb-rele\/#breadcrumb"},"inLanguage":"fi","potentialAction":[{"@type":"ReadAction","target":["https:\/\/xenonkungen.com\/no\/produkt\/kabelsett-1-stk-lys-dt-kontakt-for-xbb-rele\/"]}]},{"@type":"ImageObject","inLanguage":"fi","@id":"https:\/\/xenonkungen.com\/no\/produkt\/kabelsett-1-stk-lys-dt-kontakt-for-xbb-rele\/#primaryimage","url":"https:\/\/xenonkungen.com\/wp-content\/uploads\/2025\/04\/208135683-origpic-f8f9d9.png","contentUrl":"https:\/\/xenonkungen.com\/wp-content\/uploads\/2025\/04\/208135683-origpic-f8f9d9.png","width":450,"height":233},{"@type":"BreadcrumbList","@id":"https:\/\/xenonkungen.com\/no\/produkt\/kabelsett-1-stk-lys-dt-kontakt-for-xbb-rele\/#breadcrumb","itemListElement":[{"@type":"ListItem","position":1,"name":"Hem","item":"https:\/\/xenonkungen.com\/"},{"@type":"ListItem","position":2,"name":"Shop","item":"https:\/\/xenonkungen.com\/shop\/"},{"@type":"ListItem","position":3,"name":"Kabelsats 1st ljus DT-kontakt f\u00f6r XBB-rel\u00e4"}]},{"@type":"WebSite","@id":"https:\/\/xenonkungen.com\/#website","url":"https:\/\/xenonkungen.com\/","name":"Xenonkungen","description":"","potentialAction":[{"@type":"SearchAction","target":{"@type":"EntryPoint","urlTemplate":"https:\/\/xenonkungen.com\/?s={search_term_string}"},"query-input":{"@type":"PropertyValueSpecification","valueRequired":true,"valueName":"search_term_string"}}],"inLanguage":"fi"}]}},"taxonomy_info":{"product_brand":[{"value":115,"label":"XBB"}],"product_cat":[{"value":2487,"label":"Canbus"},{"value":2841,"label":"Installation extraljus"},{"value":2828,"label":"Installation LED-ramper"},{"value":2795,"label":"Kablar och Rel\u00e4"},{"value":2796,"label":"Rel\u00e4kabelsatser"},{"value":2573,"label":"Rel\u00e4sats"},{"value":390,"label":"Installation"}],"pa_lampsockel-kontakt":[{"value":1577,"label":"DT 2-kontakt"}],"pa_storlek-mm":[{"value":500,"label":"97x120x70"}]},"featured_image_src_large":["https:\/\/xenonkungen.com\/wp-content\/uploads\/2025\/04\/208135683-origpic-f8f9d9.png",450,233,false],"author_info":[],"comment_info":0,"_links":{"self":[{"href":"https:\/\/xenonkungen.com\/fi\/wp-json\/wp\/v2\/product\/5070","targetHints":{"allow":["GET"]}}],"collection":[{"href":"https:\/\/xenonkungen.com\/fi\/wp-json\/wp\/v2\/product"}],"about":[{"href":"https:\/\/xenonkungen.com\/fi\/wp-json\/wp\/v2\/types\/product"}],"replies":[{"embeddable":true,"href":"https:\/\/xenonkungen.com\/fi\/wp-json\/wp\/v2\/comments?post=5070"}],"wp:featuredmedia":[{"embeddable":true,"href":"https:\/\/xenonkungen.com\/fi\/wp-json\/wp\/v2\/media\/5071"}],"wp:attachment":[{"href":"https:\/\/xenonkungen.com\/fi\/wp-json\/wp\/v2\/media?parent=5070"}],"wp:term":[{"taxonomy":"anvandningsomrade","embeddable":true,"href":"https:\/\/xenonkungen.com\/fi\/wp-json\/wp\/v2\/anvandningsomrade?post=5070"},{"taxonomy":"bilmarken","embeddable":true,"href":"https:\/\/xenonkungen.com\/fi\/wp-json\/wp\/v2\/bilmarken?post=5070"},{"taxonomy":"product_brand","embeddable":true,"href":"https:\/\/xenonkungen.com\/fi\/wp-json\/wp\/v2\/product_brand?post=5070"},{"taxonomy":"product_cat","embeddable":true,"href":"https:\/\/xenonkungen.com\/fi\/wp-json\/wp\/v2\/product_cat?post=5070"},{"taxonomy":"product_tag","embeddable":true,"href":"https:\/\/xenonkungen.com\/fi\/wp-json\/wp\/v2\/product_tag?post=5070"}],"curies":[{"name":"wp","href":"https:\/\/api.w.org\/{rel}","templated":true}]}}