{"id":5134,"date":"2025-04-15T09:23:13","date_gmt":"2025-04-15T09:23:13","guid":{"rendered":"https:\/\/xenonkungen.com\/product\/dimljuslampa-100fme\/"},"modified":"2026-04-11T00:36:22","modified_gmt":"2026-04-10T23:36:22","slug":"sumuvalon-polttimo-100fme","status":"publish","type":"product","link":"https:\/\/xenonkungen.com\/fi\/tuote\/sumuvalon-polttimo-100fme\/","title":{"rendered":"Sumuvalon polttimo 100FME"},"content":{"rendered":"<h1>Takasumuvalo mustalla kehyksell\u00e4 \u2013 Valaistus, joka yhdist\u00e4\u00e4 tyylin ja suorituskyvyn<\/h1>\n<h2>Tyylik\u00e4s muotoilu:<\/h2>\n<p>Mustakehyksinen takasumuvalo on enemm\u00e4n kuin vain tavallinen valaisin \u2013 se on visuaalinen p\u00e4ivitys ajoneuvoosi. Neli\u00f6nmuotoiset mitat ja tyylik\u00e4s musta kehys antavat sille modernin ja hienostuneen ilmeen. Musta kehys luo mukavan kontrastin sumuvalon kirkkaalle valokeilalle. Olipa p\u00e4iv\u00e4 tai y\u00f6, t\u00e4m\u00e4 valo tuo autosi valokeilaan ja antaa sille ainutlaatuisen ilmeen.<\/p>\n<h2>Helppo koota:<\/h2>\n<p>T\u00e4m\u00e4 valo on suunniteltu helppok\u00e4ytt\u00f6isyytt\u00e4 silm\u00e4ll\u00e4 pit\u00e4en. Se on suunniteltu pinta-asennukseen, mik\u00e4 tarkoittaa, ett\u00e4 se voidaan helposti asentaa ajoneuvon pintaan. T\u00e4m\u00e4 kiinnitystapa on k\u00e4tev\u00e4, jos tilaa on rajoitetusti tai haluat yksinkertaisemman asennusprosessin.<\/p>\n<h2>Teknisesti ylivoimainen:<\/h2>\n<p>Yksi t\u00e4m\u00e4n sumuvalon merkitt\u00e4vimmist\u00e4 ominaisuuksista on sen vuotamaton elektroniikka. T\u00e4m\u00e4 ominaisuus varmistaa, ett\u00e4 kaikki sis\u00e4iset komponentit ovat suojattuja ulkoisilta vaikutuksilta, kuten kosteudelta ja vedelt\u00e4. Voit luottaa siihen, ett\u00e4 sumuvalosi toimii moitteettomasti ja luotettavasti riippumatta s\u00e4\u00e4olosuhteista, joissa ajat.<\/p>\n<h2>Monipuolinen ja tehokas:<\/h2>\n<p>Monij\u00e4nniteominaisuuden ansiosta t\u00e4m\u00e4 lamppu voi toimia sek\u00e4 12 V:n ett\u00e4 24 V:n tasavirtaj\u00e4rjestelmiss\u00e4, joten se sopii monenlaisiin ajoneuvoihin ja sovelluksiin. Olitpa sitten autolla, kuorma-autolla tai hy\u00f6tyajoneuvolla, t\u00e4m\u00e4 lamppu tarjoaa tarvitsemasi valaistuksen. 13,8 V:n j\u00e4nnitteell\u00e4 virrankulutus on vain 0,42 A, mik\u00e4 tarkoittaa, ett\u00e4 lamppu tarjoaa vaikuttavan suorituskyvyn rasittamatta tarpeettomasti ajoneuvon akkua.<\/p>\n<h2>Sujuva asennus:<\/h2>\n<p>Lampun 40 cm pitk\u00e4 johtoliit\u00e4nt\u00e4 tekee asennuksesta yksinkertaista ja vaivatonta. Sinun ei tarvitse huolehtia lis\u00e4kaapeleiden ostamisesta tai monimutkaisten asennusten suorittamisesta. Kaikki tarvittava sis\u00e4ltyy toimitukseen, jotta saat sumuvalon nopeasti k\u00e4ytt\u00f6kuntoon.<\/p>\n<h2>Pitk\u00e4 takuuaika:<\/h2>\n<p>Valmistaja ilmaisee luottamuksensa tuotteeseen tarjoamalla sille avok\u00e4tisen viiden vuoden takuun. T\u00e4m\u00e4 antaa sinulle mielenrauhan tiet\u00e4en, ett\u00e4 takuuaikana ilmenev\u00e4t ongelmat tai viat korjataan ammattimaisesti.<\/p>\n<h2>Yhteenveto:<\/h2>\n<p>Mustalla reunuksella varustettu takasumuvalo on investointi, joka yhdist\u00e4\u00e4 sek\u00e4 toimivuuden ett\u00e4 tyylin. Elegantin muotoilunsa, teknisen ylivoimansa ja yhteensopivuutensa ansiosta erilaisten ajoneuvotyyppien kanssa se ei ainoastaan lis\u00e4\u00e4 turvallisuuttasi tiell\u00e4, vaan my\u00f6s parantaa ajoneuvosi ulkon\u00e4k\u00f6\u00e4. Pitk\u00e4n takuuajan ansiosta t\u00e4m\u00e4 on ep\u00e4ilem\u00e4tt\u00e4 laadukas lamppu, jota kannattaa harkita ajoneuvosi valaistukseen.<\/p>","protected":false},"excerpt":{"rendered":"<p>Dimljus baklampa med svart sarg &#8211; Belysning som kombinerar stil och prestanda Stilren design: Dimljus baklampan med svart sarg \u00e4r mer \u00e4n bara en vanlig belysningsenhet &#8211; den \u00e4r en visuell uppgradering f\u00f6r ditt fordon. Med sina kvadratiska dimensioner och den snygga svarta ramen ger den en modern och sofistikerad look. Den svarta sargen ger [&hellip;]<\/p>","protected":false},"featured_media":5135,"comment_status":"closed","ping_status":"open","template":"","meta":{"_acf_changed":false,"_smort_price_nok":"630","_smort_price_dkk":"400","_smort_price_eur":"53.63","_smort_sale_price_nok":"","_smort_sale_price_dkk":"","_smort_sale_price_eur":"","smort_restorder":"","shipmondo_restorder":"","_kad_blocks_custom_css":"","_kad_blocks_head_custom_js":"","_kad_blocks_body_custom_js":"","_kad_blocks_footer_custom_js":"","smort_custom_pricelist_1":"377.6","smort_custom_pricelist_2":"330.4","smort_custom_pricelist_3":"306.8","smort_custom_pricelist_4":"472","smort_custom_pricelist_5":"330.4"},"anvandningsomrade":[166,238,2816],"bilmarken":[],"product_brand":[1252],"product_cat":[2582],"product_tag":[],"class_list":{"0":"post-5134","1":"product","2":"type-product","3":"status-publish","4":"has-post-thumbnail","6":"anvandningsomrade-lastbil","7":"anvandningsomrade-slap","8":"anvandningsomrade-trailer","9":"product_brand-lea","10":"product_cat-blinkers-slap","11":"pa_stromforbrukning-042a138v","12":"pa_volt-v-776","14":"first","15":"onbackorder","16":"taxable","17":"shipping-taxable","18":"purchasable","19":"product-type-simple"},"bundled_by":[],"bundle_stock_status":"onbackorder","bundle_stock_quantity":0,"bundle_virtual":false,"bundle_layout":"","bundle_add_to_cart_form_location":"","bundle_editable_in_cart":false,"bundle_sold_individually_context":"","bundle_item_grouping":"","bundle_min_size":"","bundle_max_size":"","bundle_price":[],"bundled_items":[],"bundle_sell_ids":[],"acf":[],"yoast_head":"<!-- This site is optimized with the Yoast SEO plugin v27.0 - https:\/\/yoast.com\/product\/yoast-seo-wordpress\/ -->\n<title>Dimljuslampa 100FME - Xenonkungen<\/title>\n<meta name=\"robots\" content=\"index, follow, max-snippet:-1, max-image-preview:large, max-video-preview:-1\" \/>\n<link rel=\"canonical\" href=\"https:\/\/xenonkungen.com\/fi\/tuote\/sumuvalon-polttimo-100fme\/\" \/>\n<meta property=\"og:locale\" content=\"fi_FI\" \/>\n<meta property=\"og:type\" content=\"article\" \/>\n<meta property=\"og:title\" content=\"Dimljuslampa 100FME - Xenonkungen\" \/>\n<meta property=\"og:description\" content=\"Dimljus baklampa med svart sarg &#8211; Belysning som kombinerar stil och prestanda Stilren design: Dimljus baklampan med svart sarg \u00e4r mer \u00e4n bara en vanlig belysningsenhet &#8211; den \u00e4r en visuell uppgradering f\u00f6r ditt fordon. Med sina kvadratiska dimensioner och den snygga svarta ramen ger den en modern och sofistikerad look. Den svarta sargen ger [&hellip;]\" \/>\n<meta property=\"og:url\" content=\"https:\/\/xenonkungen.com\/fi\/tuote\/sumuvalon-polttimo-100fme\/\" \/>\n<meta property=\"og:site_name\" content=\"Xenonkungen\" \/>\n<meta property=\"article:modified_time\" content=\"2026-04-10T23:36:22+00:00\" \/>\n<meta property=\"og:image\" content=\"https:\/\/xenonkungen.com\/wp-content\/uploads\/2025\/04\/7286298-origpic-dd00ed.jpg\" \/>\n\t<meta property=\"og:image:width\" content=\"600\" \/>\n\t<meta property=\"og:image:height\" content=\"600\" \/>\n\t<meta property=\"og:image:type\" content=\"image\/jpeg\" \/>\n<meta name=\"twitter:card\" content=\"summary_large_image\" \/>\n<meta name=\"twitter:label1\" content=\"Arvioitu lukuaika\" \/>\n\t<meta name=\"twitter:data1\" content=\"2 minuuttia\" \/>\n<script type=\"application\/ld+json\" class=\"yoast-schema-graph\">{\"@context\":\"https:\/\/schema.org\",\"@graph\":[{\"@type\":\"WebPage\",\"@id\":\"https:\/\/xenonkungen.com\/produkt\/dimljuslampa-100fme\/\",\"url\":\"https:\/\/xenonkungen.com\/produkt\/dimljuslampa-100fme\/\",\"name\":\"Dimljuslampa 100FME - Xenonkungen\",\"isPartOf\":{\"@id\":\"https:\/\/xenonkungen.com\/#website\"},\"primaryImageOfPage\":{\"@id\":\"https:\/\/xenonkungen.com\/produkt\/dimljuslampa-100fme\/#primaryimage\"},\"image\":{\"@id\":\"https:\/\/xenonkungen.com\/produkt\/dimljuslampa-100fme\/#primaryimage\"},\"thumbnailUrl\":\"https:\/\/xenonkungen.com\/wp-content\/uploads\/2025\/04\/7286298-origpic-dd00ed.jpg\",\"datePublished\":\"2025-04-15T09:23:13+00:00\",\"dateModified\":\"2026-04-10T23:36:22+00:00\",\"breadcrumb\":{\"@id\":\"https:\/\/xenonkungen.com\/produkt\/dimljuslampa-100fme\/#breadcrumb\"},\"inLanguage\":\"fi\",\"potentialAction\":[{\"@type\":\"ReadAction\",\"target\":[\"https:\/\/xenonkungen.com\/produkt\/dimljuslampa-100fme\/\"]}]},{\"@type\":\"ImageObject\",\"inLanguage\":\"fi\",\"@id\":\"https:\/\/xenonkungen.com\/produkt\/dimljuslampa-100fme\/#primaryimage\",\"url\":\"https:\/\/xenonkungen.com\/wp-content\/uploads\/2025\/04\/7286298-origpic-dd00ed.jpg\",\"contentUrl\":\"https:\/\/xenonkungen.com\/wp-content\/uploads\/2025\/04\/7286298-origpic-dd00ed.jpg\",\"width\":600,\"height\":600},{\"@type\":\"BreadcrumbList\",\"@id\":\"https:\/\/xenonkungen.com\/produkt\/dimljuslampa-100fme\/#breadcrumb\",\"itemListElement\":[{\"@type\":\"ListItem\",\"position\":1,\"name\":\"Hem\",\"item\":\"https:\/\/xenonkungen.com\/\"},{\"@type\":\"ListItem\",\"position\":2,\"name\":\"Shop\",\"item\":\"https:\/\/xenonkungen.com\/shop\/\"},{\"@type\":\"ListItem\",\"position\":3,\"name\":\"Dimljuslampa 100FME\"}]},{\"@type\":\"WebSite\",\"@id\":\"https:\/\/xenonkungen.com\/#website\",\"url\":\"https:\/\/xenonkungen.com\/\",\"name\":\"Xenonkungen\",\"description\":\"\",\"potentialAction\":[{\"@type\":\"SearchAction\",\"target\":{\"@type\":\"EntryPoint\",\"urlTemplate\":\"https:\/\/xenonkungen.com\/?s={search_term_string}\"},\"query-input\":{\"@type\":\"PropertyValueSpecification\",\"valueRequired\":true,\"valueName\":\"search_term_string\"}}],\"inLanguage\":\"fi\"}]}<\/script>\n<!-- \/ Yoast SEO plugin. -->","yoast_head_json":{"title":"Sumuvalon polttimo 100FME - Xenonkungen","robots":{"index":"index","follow":"follow","max-snippet":"max-snippet:-1","max-image-preview":"max-image-preview:large","max-video-preview":"max-video-preview:-1"},"canonical":"https:\/\/xenonkungen.com\/fi\/tuote\/sumuvalon-polttimo-100fme\/","og_locale":"fi_FI","og_type":"article","og_title":"Dimljuslampa 100FME - Xenonkungen","og_description":"Dimljus baklampa med svart sarg &#8211; Belysning som kombinerar stil och prestanda Stilren design: Dimljus baklampan med svart sarg \u00e4r mer \u00e4n bara en vanlig belysningsenhet &#8211; den \u00e4r en visuell uppgradering f\u00f6r ditt fordon. Med sina kvadratiska dimensioner och den snygga svarta ramen ger den en modern och sofistikerad look. Den svarta sargen ger [&hellip;]","og_url":"https:\/\/xenonkungen.com\/fi\/tuote\/sumuvalon-polttimo-100fme\/","og_site_name":"Xenonkungen","article_modified_time":"2026-04-10T23:36:22+00:00","og_image":[{"width":600,"height":600,"url":"https:\/\/xenonkungen.com\/wp-content\/uploads\/2025\/04\/7286298-origpic-dd00ed.jpg","type":"image\/jpeg"}],"twitter_card":"summary_large_image","twitter_misc":{"Arvioitu lukuaika":"2 minuuttia"},"schema":{"@context":"https:\/\/schema.org","@graph":[{"@type":"WebPage","@id":"https:\/\/xenonkungen.com\/produkt\/dimljuslampa-100fme\/","url":"https:\/\/xenonkungen.com\/produkt\/dimljuslampa-100fme\/","name":"Sumuvalon polttimo 100FME - Xenonkungen","isPartOf":{"@id":"https:\/\/xenonkungen.com\/#website"},"primaryImageOfPage":{"@id":"https:\/\/xenonkungen.com\/produkt\/dimljuslampa-100fme\/#primaryimage"},"image":{"@id":"https:\/\/xenonkungen.com\/produkt\/dimljuslampa-100fme\/#primaryimage"},"thumbnailUrl":"https:\/\/xenonkungen.com\/wp-content\/uploads\/2025\/04\/7286298-origpic-dd00ed.jpg","datePublished":"2025-04-15T09:23:13+00:00","dateModified":"2026-04-10T23:36:22+00:00","breadcrumb":{"@id":"https:\/\/xenonkungen.com\/produkt\/dimljuslampa-100fme\/#breadcrumb"},"inLanguage":"fi","potentialAction":[{"@type":"ReadAction","target":["https:\/\/xenonkungen.com\/produkt\/dimljuslampa-100fme\/"]}]},{"@type":"ImageObject","inLanguage":"fi","@id":"https:\/\/xenonkungen.com\/produkt\/dimljuslampa-100fme\/#primaryimage","url":"https:\/\/xenonkungen.com\/wp-content\/uploads\/2025\/04\/7286298-origpic-dd00ed.jpg","contentUrl":"https:\/\/xenonkungen.com\/wp-content\/uploads\/2025\/04\/7286298-origpic-dd00ed.jpg","width":600,"height":600},{"@type":"BreadcrumbList","@id":"https:\/\/xenonkungen.com\/produkt\/dimljuslampa-100fme\/#breadcrumb","itemListElement":[{"@type":"ListItem","position":1,"name":"Hem","item":"https:\/\/xenonkungen.com\/"},{"@type":"ListItem","position":2,"name":"Shop","item":"https:\/\/xenonkungen.com\/shop\/"},{"@type":"ListItem","position":3,"name":"Dimljuslampa 100FME"}]},{"@type":"WebSite","@id":"https:\/\/xenonkungen.com\/#website","url":"https:\/\/xenonkungen.com\/","name":"Xenonkungen","description":"","potentialAction":[{"@type":"SearchAction","target":{"@type":"EntryPoint","urlTemplate":"https:\/\/xenonkungen.com\/?s={search_term_string}"},"query-input":{"@type":"PropertyValueSpecification","valueRequired":true,"valueName":"search_term_string"}}],"inLanguage":"fi"}]}},"taxonomy_info":{"anvandningsomrade":[{"value":166,"label":"Lastbil"},{"value":238,"label":"SL\u00c4P"},{"value":2816,"label":"TRAILER"}],"product_brand":[{"value":1252,"label":"LEA"}],"product_cat":[{"value":2582,"label":"Blinkers"}],"pa_stromforbrukning":[{"value":1594,"label":"0,42A@13,8V"}],"pa_volt-v":[{"value":776,"label":"12,24"}]},"featured_image_src_large":["https:\/\/xenonkungen.com\/wp-content\/uploads\/2025\/04\/7286298-origpic-dd00ed.jpg",600,600,false],"author_info":[],"comment_info":0,"_links":{"self":[{"href":"https:\/\/xenonkungen.com\/fi\/wp-json\/wp\/v2\/product\/5134","targetHints":{"allow":["GET"]}}],"collection":[{"href":"https:\/\/xenonkungen.com\/fi\/wp-json\/wp\/v2\/product"}],"about":[{"href":"https:\/\/xenonkungen.com\/fi\/wp-json\/wp\/v2\/types\/product"}],"replies":[{"embeddable":true,"href":"https:\/\/xenonkungen.com\/fi\/wp-json\/wp\/v2\/comments?post=5134"}],"wp:featuredmedia":[{"embeddable":true,"href":"https:\/\/xenonkungen.com\/fi\/wp-json\/wp\/v2\/media\/5135"}],"wp:attachment":[{"href":"https:\/\/xenonkungen.com\/fi\/wp-json\/wp\/v2\/media?parent=5134"}],"wp:term":[{"taxonomy":"anvandningsomrade","embeddable":true,"href":"https:\/\/xenonkungen.com\/fi\/wp-json\/wp\/v2\/anvandningsomrade?post=5134"},{"taxonomy":"bilmarken","embeddable":true,"href":"https:\/\/xenonkungen.com\/fi\/wp-json\/wp\/v2\/bilmarken?post=5134"},{"taxonomy":"product_brand","embeddable":true,"href":"https:\/\/xenonkungen.com\/fi\/wp-json\/wp\/v2\/product_brand?post=5134"},{"taxonomy":"product_cat","embeddable":true,"href":"https:\/\/xenonkungen.com\/fi\/wp-json\/wp\/v2\/product_cat?post=5134"},{"taxonomy":"product_tag","embeddable":true,"href":"https:\/\/xenonkungen.com\/fi\/wp-json\/wp\/v2\/product_tag?post=5134"}],"curies":[{"name":"wp","href":"https:\/\/api.w.org\/{rel}","templated":true}]}}