{"id":5161,"date":"2025-04-15T09:23:25","date_gmt":"2025-04-15T09:23:25","guid":{"rendered":"https:\/\/xenonkungen.com\/product\/lazer-aluminiumsidomonteringssats\/"},"modified":"2026-03-11T10:14:42","modified_gmt":"2026-03-11T09:14:42","slug":"lazer-alumiininen-sivukiinnityssarja","status":"publish","type":"product","link":"https:\/\/xenonkungen.com\/fi\/tuote\/lazer-alumiininen-sivukiinnityssarja\/","title":{"rendered":"Lazerin alumiininen sivukiinnityssarja"},"content":{"rendered":"<h1 class=\"page-title\"><span class=\"base\" data-ui-id=\"page-title-wrapper\">ALUMIININEN SIVUKIINNITYSSARJA<\/span><\/h1>\n<p>Valmistettu 3 mm paksusta alumiinista<\/p>\n<p>Esik\u00e4sitelty elektrolyyttisell\u00e4 pinnoitteella, sitten jauhemaalattu, musta.<\/p>\n<p>A2 ruostumattomasta ter\u00e4ksest\u00e4 valmistettu laitteisto mukana<\/p>\n<p>T\u00e4ysin s\u00e4\u00e4dett\u00e4viss\u00e4 siten, ett\u00e4 valaisimia voidaan nostaa\/laskea &lt;3 cm:ll\u00e4<\/p>\n<h2>Pakkauksen sis\u00e4lt\u00f6<\/h2>\n<ul>\n<li>2x Alumiiniset sivukannattimet<\/li>\n<li>Kalusteet<\/li>\n<\/ul>","protected":false},"excerpt":{"rendered":"<p>SIDOMONTERINGSKIT I ALUMINIUM Tillverkad i 3\u00a0mm vikt aluminium F\u00f6rbehandlad med elektrodopplackering, d\u00e4refter pulverlackerad, svart H\u00e5rdvara i A2-rostfritt st\u00e5l ing\u00e5r Fullt justerbar s\u00e5 att lampor kan h\u00f6jas\/s\u00e4nkas med &lt;3 cm Paketinneh\u00e5ll 2x Aluminium Side Brackets Fixtures<\/p>","protected":false},"featured_media":5162,"comment_status":"closed","ping_status":"open","template":"","meta":{"_acf_changed":false,"_smort_price_nok":"294","_smort_price_dkk":"187","_smort_price_eur":"25","_smort_sale_price_nok":"","_smort_sale_price_dkk":"","_smort_sale_price_eur":"","smort_restorder":"","shipmondo_restorder":"","_kad_blocks_custom_css":"","_kad_blocks_head_custom_js":"","_kad_blocks_body_custom_js":"","_kad_blocks_footer_custom_js":"","smort_custom_pricelist_1":"185.6","smort_custom_pricelist_2":"185.6","smort_custom_pricelist_3":"185.6","smort_custom_pricelist_4":"232","smort_custom_pricelist_5":"185.6"},"anvandningsomrade":[],"bilmarken":[],"product_brand":[1124],"product_cat":[2539,2608],"product_tag":[2735],"class_list":{"0":"post-5161","1":"product","2":"type-product","3":"status-publish","4":"has-post-thumbnail","6":"product_brand-lazer","7":"product_cat-ledramper","8":"product_cat-monteringssatser","9":"product_tag-lazer","11":"first","12":"instock","13":"taxable","14":"shipping-taxable","15":"purchasable","16":"product-type-simple"},"bundled_by":[],"bundle_stock_status":"instock","bundle_stock_quantity":1,"bundle_virtual":false,"bundle_layout":"","bundle_add_to_cart_form_location":"","bundle_editable_in_cart":false,"bundle_sold_individually_context":"","bundle_item_grouping":"","bundle_min_size":"","bundle_max_size":"","bundle_price":[],"bundled_items":[],"bundle_sell_ids":[],"acf":[],"yoast_head":"<!-- This site is optimized with the Yoast SEO plugin v27.0 - https:\/\/yoast.com\/product\/yoast-seo-wordpress\/ -->\n<title>Lazer aluminiumsidomonteringssats - Xenonkungen<\/title>\n<meta name=\"robots\" content=\"index, follow, max-snippet:-1, max-image-preview:large, max-video-preview:-1\" \/>\n<link rel=\"canonical\" href=\"https:\/\/xenonkungen.com\/fi\/tuote\/lazer-alumiininen-sivukiinnityssarja\/\" \/>\n<meta property=\"og:locale\" content=\"fi_FI\" \/>\n<meta property=\"og:type\" content=\"article\" \/>\n<meta property=\"og:title\" content=\"Lazer aluminiumsidomonteringssats - Xenonkungen\" \/>\n<meta property=\"og:description\" content=\"SIDOMONTERINGSKIT I ALUMINIUM Tillverkad i 3\u00a0mm vikt aluminium F\u00f6rbehandlad med elektrodopplackering, d\u00e4refter pulverlackerad, svart H\u00e5rdvara i A2-rostfritt st\u00e5l ing\u00e5r Fullt justerbar s\u00e5 att lampor kan h\u00f6jas\/s\u00e4nkas med &lt;3 cm Paketinneh\u00e5ll 2x Aluminium Side Brackets Fixtures\" \/>\n<meta property=\"og:url\" content=\"https:\/\/xenonkungen.com\/fi\/tuote\/lazer-alumiininen-sivukiinnityssarja\/\" \/>\n<meta property=\"og:site_name\" content=\"Xenonkungen\" \/>\n<meta property=\"article:modified_time\" content=\"2026-03-11T09:14:42+00:00\" \/>\n<meta property=\"og:image\" content=\"https:\/\/xenonkungen.com\/wp-content\/uploads\/2025\/04\/1117k_-_aluminium_side_bracket_web.jpg\" \/>\n\t<meta property=\"og:image:width\" content=\"1000\" \/>\n\t<meta property=\"og:image:height\" content=\"750\" \/>\n\t<meta property=\"og:image:type\" content=\"image\/jpeg\" \/>\n<meta name=\"twitter:card\" content=\"summary_large_image\" \/>\n<script type=\"application\/ld+json\" class=\"yoast-schema-graph\">{\"@context\":\"https:\/\/schema.org\",\"@graph\":[{\"@type\":\"WebPage\",\"@id\":\"https:\/\/xenonkungen.com\/nl\/product\/laser-aluminium-zijmontageset\/\",\"url\":\"https:\/\/xenonkungen.com\/nl\/product\/laser-aluminium-zijmontageset\/\",\"name\":\"Lazer aluminiumsidomonteringssats - Xenonkungen\",\"isPartOf\":{\"@id\":\"https:\/\/xenonkungen.com\/#website\"},\"primaryImageOfPage\":{\"@id\":\"https:\/\/xenonkungen.com\/nl\/product\/laser-aluminium-zijmontageset\/#primaryimage\"},\"image\":{\"@id\":\"https:\/\/xenonkungen.com\/nl\/product\/laser-aluminium-zijmontageset\/#primaryimage\"},\"thumbnailUrl\":\"https:\/\/xenonkungen.com\/wp-content\/uploads\/2025\/04\/1117k_-_aluminium_side_bracket_web.jpg\",\"datePublished\":\"2025-04-15T09:23:25+00:00\",\"dateModified\":\"2026-03-11T09:14:42+00:00\",\"breadcrumb\":{\"@id\":\"https:\/\/xenonkungen.com\/nl\/product\/laser-aluminium-zijmontageset\/#breadcrumb\"},\"inLanguage\":\"fi\",\"potentialAction\":[{\"@type\":\"ReadAction\",\"target\":[\"https:\/\/xenonkungen.com\/nl\/product\/laser-aluminium-zijmontageset\/\"]}]},{\"@type\":\"ImageObject\",\"inLanguage\":\"fi\",\"@id\":\"https:\/\/xenonkungen.com\/nl\/product\/laser-aluminium-zijmontageset\/#primaryimage\",\"url\":\"https:\/\/xenonkungen.com\/wp-content\/uploads\/2025\/04\/1117k_-_aluminium_side_bracket_web.jpg\",\"contentUrl\":\"https:\/\/xenonkungen.com\/wp-content\/uploads\/2025\/04\/1117k_-_aluminium_side_bracket_web.jpg\",\"width\":1000,\"height\":750},{\"@type\":\"BreadcrumbList\",\"@id\":\"https:\/\/xenonkungen.com\/nl\/product\/laser-aluminium-zijmontageset\/#breadcrumb\",\"itemListElement\":[{\"@type\":\"ListItem\",\"position\":1,\"name\":\"Hem\",\"item\":\"https:\/\/xenonkungen.com\/\"},{\"@type\":\"ListItem\",\"position\":2,\"name\":\"Shop\",\"item\":\"https:\/\/xenonkungen.com\/shop\/\"},{\"@type\":\"ListItem\",\"position\":3,\"name\":\"Lazer aluminiumsidomonteringssats\"}]},{\"@type\":\"WebSite\",\"@id\":\"https:\/\/xenonkungen.com\/#website\",\"url\":\"https:\/\/xenonkungen.com\/\",\"name\":\"Xenonkungen\",\"description\":\"\",\"potentialAction\":[{\"@type\":\"SearchAction\",\"target\":{\"@type\":\"EntryPoint\",\"urlTemplate\":\"https:\/\/xenonkungen.com\/?s={search_term_string}\"},\"query-input\":{\"@type\":\"PropertyValueSpecification\",\"valueRequired\":true,\"valueName\":\"search_term_string\"}}],\"inLanguage\":\"fi\"}]}<\/script>\n<!-- \/ Yoast SEO plugin. -->","yoast_head_json":{"title":"Lazer alumiininen sivukiinnityssarja - Xenonkungen","robots":{"index":"index","follow":"follow","max-snippet":"max-snippet:-1","max-image-preview":"max-image-preview:large","max-video-preview":"max-video-preview:-1"},"canonical":"https:\/\/xenonkungen.com\/fi\/tuote\/lazer-alumiininen-sivukiinnityssarja\/","og_locale":"fi_FI","og_type":"article","og_title":"Lazer aluminiumsidomonteringssats - Xenonkungen","og_description":"SIDOMONTERINGSKIT I ALUMINIUM Tillverkad i 3\u00a0mm vikt aluminium F\u00f6rbehandlad med elektrodopplackering, d\u00e4refter pulverlackerad, svart H\u00e5rdvara i A2-rostfritt st\u00e5l ing\u00e5r Fullt justerbar s\u00e5 att lampor kan h\u00f6jas\/s\u00e4nkas med &lt;3 cm Paketinneh\u00e5ll 2x Aluminium Side Brackets Fixtures","og_url":"https:\/\/xenonkungen.com\/fi\/tuote\/lazer-alumiininen-sivukiinnityssarja\/","og_site_name":"Xenonkungen","article_modified_time":"2026-03-11T09:14:42+00:00","og_image":[{"width":1000,"height":750,"url":"https:\/\/xenonkungen.com\/wp-content\/uploads\/2025\/04\/1117k_-_aluminium_side_bracket_web.jpg","type":"image\/jpeg"}],"twitter_card":"summary_large_image","schema":{"@context":"https:\/\/schema.org","@graph":[{"@type":"WebPage","@id":"https:\/\/xenonkungen.com\/nl\/product\/laser-aluminium-zijmontageset\/","url":"https:\/\/xenonkungen.com\/nl\/product\/laser-aluminium-zijmontageset\/","name":"Lazer alumiininen sivukiinnityssarja - Xenonkungen","isPartOf":{"@id":"https:\/\/xenonkungen.com\/#website"},"primaryImageOfPage":{"@id":"https:\/\/xenonkungen.com\/nl\/product\/laser-aluminium-zijmontageset\/#primaryimage"},"image":{"@id":"https:\/\/xenonkungen.com\/nl\/product\/laser-aluminium-zijmontageset\/#primaryimage"},"thumbnailUrl":"https:\/\/xenonkungen.com\/wp-content\/uploads\/2025\/04\/1117k_-_aluminium_side_bracket_web.jpg","datePublished":"2025-04-15T09:23:25+00:00","dateModified":"2026-03-11T09:14:42+00:00","breadcrumb":{"@id":"https:\/\/xenonkungen.com\/nl\/product\/laser-aluminium-zijmontageset\/#breadcrumb"},"inLanguage":"fi","potentialAction":[{"@type":"ReadAction","target":["https:\/\/xenonkungen.com\/nl\/product\/laser-aluminium-zijmontageset\/"]}]},{"@type":"ImageObject","inLanguage":"fi","@id":"https:\/\/xenonkungen.com\/nl\/product\/laser-aluminium-zijmontageset\/#primaryimage","url":"https:\/\/xenonkungen.com\/wp-content\/uploads\/2025\/04\/1117k_-_aluminium_side_bracket_web.jpg","contentUrl":"https:\/\/xenonkungen.com\/wp-content\/uploads\/2025\/04\/1117k_-_aluminium_side_bracket_web.jpg","width":1000,"height":750},{"@type":"BreadcrumbList","@id":"https:\/\/xenonkungen.com\/nl\/product\/laser-aluminium-zijmontageset\/#breadcrumb","itemListElement":[{"@type":"ListItem","position":1,"name":"Hem","item":"https:\/\/xenonkungen.com\/"},{"@type":"ListItem","position":2,"name":"Shop","item":"https:\/\/xenonkungen.com\/shop\/"},{"@type":"ListItem","position":3,"name":"Lazer aluminiumsidomonteringssats"}]},{"@type":"WebSite","@id":"https:\/\/xenonkungen.com\/#website","url":"https:\/\/xenonkungen.com\/","name":"Xenonkungen","description":"","potentialAction":[{"@type":"SearchAction","target":{"@type":"EntryPoint","urlTemplate":"https:\/\/xenonkungen.com\/?s={search_term_string}"},"query-input":{"@type":"PropertyValueSpecification","valueRequired":true,"valueName":"search_term_string"}}],"inLanguage":"fi"}]}},"taxonomy_info":{"product_brand":[{"value":1124,"label":"Lazer"}],"product_cat":[{"value":2539,"label":"LEDRAMPER"},{"value":2608,"label":"Monteringssatser"}],"product_tag":[{"value":2735,"label":"Lazer"}]},"featured_image_src_large":["https:\/\/xenonkungen.com\/wp-content\/uploads\/2025\/04\/1117k_-_aluminium_side_bracket_web.jpg",1000,750,false],"author_info":[],"comment_info":0,"_links":{"self":[{"href":"https:\/\/xenonkungen.com\/fi\/wp-json\/wp\/v2\/product\/5161","targetHints":{"allow":["GET"]}}],"collection":[{"href":"https:\/\/xenonkungen.com\/fi\/wp-json\/wp\/v2\/product"}],"about":[{"href":"https:\/\/xenonkungen.com\/fi\/wp-json\/wp\/v2\/types\/product"}],"replies":[{"embeddable":true,"href":"https:\/\/xenonkungen.com\/fi\/wp-json\/wp\/v2\/comments?post=5161"}],"wp:featuredmedia":[{"embeddable":true,"href":"https:\/\/xenonkungen.com\/fi\/wp-json\/wp\/v2\/media\/5162"}],"wp:attachment":[{"href":"https:\/\/xenonkungen.com\/fi\/wp-json\/wp\/v2\/media?parent=5161"}],"wp:term":[{"taxonomy":"anvandningsomrade","embeddable":true,"href":"https:\/\/xenonkungen.com\/fi\/wp-json\/wp\/v2\/anvandningsomrade?post=5161"},{"taxonomy":"bilmarken","embeddable":true,"href":"https:\/\/xenonkungen.com\/fi\/wp-json\/wp\/v2\/bilmarken?post=5161"},{"taxonomy":"product_brand","embeddable":true,"href":"https:\/\/xenonkungen.com\/fi\/wp-json\/wp\/v2\/product_brand?post=5161"},{"taxonomy":"product_cat","embeddable":true,"href":"https:\/\/xenonkungen.com\/fi\/wp-json\/wp\/v2\/product_cat?post=5161"},{"taxonomy":"product_tag","embeddable":true,"href":"https:\/\/xenonkungen.com\/fi\/wp-json\/wp\/v2\/product_tag?post=5161"}],"curies":[{"name":"wp","href":"https:\/\/api.w.org\/{rel}","templated":true}]}}