{"id":5173,"date":"2025-04-15T09:23:37","date_gmt":"2025-04-15T09:23:37","guid":{"rendered":"https:\/\/xenonkungen.com\/product\/lazer-takmonteringssats-defender\/"},"modified":"2026-03-11T10:11:11","modified_gmt":"2026-03-11T09:11:11","slug":"lazerin-kattoasennussarja-defender","status":"publish","type":"product","link":"https:\/\/xenonkungen.com\/fi\/tuote\/lazerin-kattoasennussarja-defender\/","title":{"rendered":"Lazer kattokiinnityssarja Defender (<2020+) 73 mm h\u00f6g"},"content":{"rendered":"<h1 class=\"\">Kattoasennussarja Defender (&lt;2020+)<\/h1>\n<p>Universaalien kattokiinnityssarjojen avulla voit asentaa Lazerin suositut LED-valopalkit useimpien suosittujen automallien katolle vakaasti ja turvallisesti. Kiinnityssarjat koostuvat ruostumattomasta ter\u00e4ksest\u00e4 valmistetuista kiinnikkeist\u00e4, joissa on musta pulverimaalaus ja jotka on suunniteltu helpottamaan Lazerin kattoon asennettavien LED-valopalkkien (39\" - 52\") asennusta. Kiinnikkeit\u00e4 on saatavana eri korkeuksilla kattotelineell\u00e4 varustetuille tai ilman kattotelineit\u00e4 oleville ajoneuvoille, ja niiss\u00e4 on varkaussuojaus.<\/p>\n<p>Kiinnikkeet ovat korroosionkest\u00e4vi\u00e4 autoteollisuuden laatuvaatimusten mukaisesti, samoin kuin mukana toimitetut upotetut varkaudenestokannattimet (pituus 20-80 mm). Eri pituisten ramppien sijoittelun helpottamiseksi mukana toimitetaan my\u00f6s sylinterim\u00e4iset v\u00e4likappaleet.<\/p>\n<h3>Pakkauksen sis\u00e4lt\u00f6:<\/h3>\n<p>- 2 x ruostumattomasta ter\u00e4ksest\u00e4 valmistetut kiinnikkeet<\/p>\n<p>- 1 x varkaudenestokannatin (eri pituudet)<\/p>\n<p>- 1 x v\u00e4lilevysarja<\/p>\n<p>- 4 x niitti\u00e4 (musta)<\/p>\n<p>- 2 x kaapelil\u00e4pivienti<\/p>\n<p>- 1 x VHB-puhdistusliina<\/p>\n<p>- 2 x kutistumista erist\u00e4v\u00e4 liitosholkki<\/p>","protected":false},"excerpt":{"rendered":"<p>Takmonteringssats Defender (&lt;2020+) Med de universella takmonteringssatserna kan du montera Lazers omtyckta ledramper p\u00e5 taket p\u00e5 flertalet av de mest popul\u00e4ra bilmodellerna med ett b\u00e5de stabilt och s\u00e4kert resultat. Monteringssatserna best\u00e5r av f\u00e4sten i rostfritt st\u00e5l med svart pulverlackering, utformade f\u00f6r att underl\u00e4tta installation av Lazers ledljusramper (39\u201d &#8211; 52\u201d) p\u00e5 taket. F\u00e4stena finns i [&hellip;]<\/p>","protected":false},"featured_media":5174,"comment_status":"closed","ping_status":"open","template":"","meta":{"_acf_changed":false,"_smort_price_nok":"1047","_smort_price_dkk":"665","_smort_price_eur":"89.09","_smort_sale_price_nok":"","_smort_sale_price_dkk":"","_smort_sale_price_eur":"","smort_restorder":"","shipmondo_restorder":"","_kad_blocks_custom_css":"","_kad_blocks_head_custom_js":"","_kad_blocks_body_custom_js":"","_kad_blocks_footer_custom_js":"","smort_custom_pricelist_1":"1200","smort_custom_pricelist_2":"1200","smort_custom_pricelist_3":"1200","smort_custom_pricelist_4":"1500","smort_custom_pricelist_5":"1200"},"anvandningsomrade":[],"bilmarken":[],"product_brand":[1124],"product_cat":[2539,2608],"product_tag":[2735],"class_list":{"0":"post-5173","1":"product","2":"type-product","3":"status-publish","4":"has-post-thumbnail","6":"product_brand-lazer","7":"product_cat-ledramper","8":"product_cat-monteringssatser","9":"product_tag-lazer","11":"first","12":"onbackorder","13":"taxable","14":"shipping-taxable","15":"purchasable","16":"product-type-simple"},"bundled_by":[],"bundle_stock_status":"onbackorder","bundle_stock_quantity":0,"bundle_virtual":false,"bundle_layout":"","bundle_add_to_cart_form_location":"","bundle_editable_in_cart":false,"bundle_sold_individually_context":"","bundle_item_grouping":"","bundle_min_size":"","bundle_max_size":"","bundle_price":[],"bundled_items":[],"bundle_sell_ids":[],"acf":[],"yoast_head":"<!-- This site is optimized with the Yoast SEO plugin v27.0 - https:\/\/yoast.com\/product\/yoast-seo-wordpress\/ -->\n<title>Lazer takmonteringssats Defender (<\/title>\n<meta name=\"robots\" content=\"index, follow, max-snippet:-1, max-image-preview:large, max-video-preview:-1\" \/>\n<link rel=\"canonical\" href=\"https:\/\/xenonkungen.com\/fi\/tuote\/lazerin-kattoasennussarja-defender\/\" \/>\n<meta property=\"og:locale\" content=\"fi_FI\" \/>\n<meta property=\"og:type\" content=\"article\" \/>\n<meta property=\"og:title\" content=\"Lazer takmonteringssats Defender (\" \/>\n<meta property=\"og:description\" content=\"Takmonteringssats Defender (&lt;2020+) Med de universella takmonteringssatserna kan du montera Lazers omtyckta ledramper p\u00e5 taket p\u00e5 flertalet av de mest popul\u00e4ra bilmodellerna med ett b\u00e5de stabilt och s\u00e4kert resultat. Monteringssatserna best\u00e5r av f\u00e4sten i rostfritt st\u00e5l med svart pulverlackering, utformade f\u00f6r att underl\u00e4tta installation av Lazers ledljusramper (39\u201d &#8211; 52\u201d) p\u00e5 taket. F\u00e4stena finns i [&hellip;]\" \/>\n<meta property=\"og:url\" content=\"https:\/\/xenonkungen.com\/fi\/tuote\/lazerin-kattoasennussarja-defender\/\" \/>\n<meta property=\"og:site_name\" content=\"Xenonkungen\" \/>\n<meta property=\"article:modified_time\" content=\"2026-03-11T09:11:11+00:00\" \/>\n<meta property=\"og:image\" content=\"https:\/\/xenonkungen.com\/wp-content\/uploads\/2025\/04\/159442_itemimage_mainfront.jpg\" \/>\n\t<meta property=\"og:image:width\" content=\"2048\" \/>\n\t<meta property=\"og:image:height\" content=\"1536\" \/>\n\t<meta property=\"og:image:type\" content=\"image\/jpeg\" \/>\n<meta name=\"twitter:card\" content=\"summary_large_image\" \/>\n<meta name=\"twitter:label1\" content=\"Arvioitu lukuaika\" \/>\n\t<meta name=\"twitter:data1\" content=\"1 minuutti\" \/>\n<script type=\"application\/ld+json\" class=\"yoast-schema-graph\">{\"@context\":\"https:\/\/schema.org\",\"@graph\":[{\"@type\":\"WebPage\",\"@id\":\"https:\/\/xenonkungen.com\/nl\/product\/laser-dakmontageset-verdediger\/\",\"url\":\"https:\/\/xenonkungen.com\/nl\/product\/laser-dakmontageset-verdediger\/\",\"name\":\"Lazer takmonteringssats Defender (\",\"isPartOf\":{\"@id\":\"https:\/\/xenonkungen.com\/#website\"},\"primaryImageOfPage\":{\"@id\":\"https:\/\/xenonkungen.com\/nl\/product\/laser-dakmontageset-verdediger\/#primaryimage\"},\"image\":{\"@id\":\"https:\/\/xenonkungen.com\/nl\/product\/laser-dakmontageset-verdediger\/#primaryimage\"},\"thumbnailUrl\":\"https:\/\/xenonkungen.com\/wp-content\/uploads\/2025\/04\/159442_itemimage_mainfront.jpg\",\"datePublished\":\"2025-04-15T09:23:37+00:00\",\"dateModified\":\"2026-03-11T09:11:11+00:00\",\"breadcrumb\":{\"@id\":\"https:\/\/xenonkungen.com\/nl\/product\/laser-dakmontageset-verdediger\/#breadcrumb\"},\"inLanguage\":\"fi\",\"potentialAction\":[{\"@type\":\"ReadAction\",\"target\":[\"https:\/\/xenonkungen.com\/nl\/product\/laser-dakmontageset-verdediger\/\"]}]},{\"@type\":\"ImageObject\",\"inLanguage\":\"fi\",\"@id\":\"https:\/\/xenonkungen.com\/nl\/product\/laser-dakmontageset-verdediger\/#primaryimage\",\"url\":\"https:\/\/xenonkungen.com\/wp-content\/uploads\/2025\/04\/159442_itemimage_mainfront.jpg\",\"contentUrl\":\"https:\/\/xenonkungen.com\/wp-content\/uploads\/2025\/04\/159442_itemimage_mainfront.jpg\",\"width\":2048,\"height\":1536},{\"@type\":\"BreadcrumbList\",\"@id\":\"https:\/\/xenonkungen.com\/nl\/product\/laser-dakmontageset-verdediger\/#breadcrumb\",\"itemListElement\":[{\"@type\":\"ListItem\",\"position\":1,\"name\":\"Hem\",\"item\":\"https:\/\/xenonkungen.com\/\"},{\"@type\":\"ListItem\",\"position\":2,\"name\":\"Shop\",\"item\":\"https:\/\/xenonkungen.com\/shop\/\"},{\"@type\":\"ListItem\",\"position\":3,\"name\":\"Lazer takmonteringssats Defender (\"}]},{\"@type\":\"WebSite\",\"@id\":\"https:\/\/xenonkungen.com\/#website\",\"url\":\"https:\/\/xenonkungen.com\/\",\"name\":\"Xenonkungen\",\"description\":\"\",\"potentialAction\":[{\"@type\":\"SearchAction\",\"target\":{\"@type\":\"EntryPoint\",\"urlTemplate\":\"https:\/\/xenonkungen.com\/?s={search_term_string}\"},\"query-input\":{\"@type\":\"PropertyValueSpecification\",\"valueRequired\":true,\"valueName\":\"search_term_string\"}}],\"inLanguage\":\"fi\"}]}<\/script>\n<!-- \/ Yoast SEO plugin. -->","yoast_head_json":{"title":"Lazer kattokiinnityssarja Defender (","robots":{"index":"index","follow":"follow","max-snippet":"max-snippet:-1","max-image-preview":"max-image-preview:large","max-video-preview":"max-video-preview:-1"},"canonical":"https:\/\/xenonkungen.com\/fi\/tuote\/lazerin-kattoasennussarja-defender\/","og_locale":"fi_FI","og_type":"article","og_title":"Lazer takmonteringssats Defender (","og_description":"Takmonteringssats Defender (&lt;2020+) Med de universella takmonteringssatserna kan du montera Lazers omtyckta ledramper p\u00e5 taket p\u00e5 flertalet av de mest popul\u00e4ra bilmodellerna med ett b\u00e5de stabilt och s\u00e4kert resultat. Monteringssatserna best\u00e5r av f\u00e4sten i rostfritt st\u00e5l med svart pulverlackering, utformade f\u00f6r att underl\u00e4tta installation av Lazers ledljusramper (39\u201d &#8211; 52\u201d) p\u00e5 taket. F\u00e4stena finns i [&hellip;]","og_url":"https:\/\/xenonkungen.com\/fi\/tuote\/lazerin-kattoasennussarja-defender\/","og_site_name":"Xenonkungen","article_modified_time":"2026-03-11T09:11:11+00:00","og_image":[{"width":2048,"height":1536,"url":"https:\/\/xenonkungen.com\/wp-content\/uploads\/2025\/04\/159442_itemimage_mainfront.jpg","type":"image\/jpeg"}],"twitter_card":"summary_large_image","twitter_misc":{"Arvioitu lukuaika":"1 minuutti"},"schema":{"@context":"https:\/\/schema.org","@graph":[{"@type":"WebPage","@id":"https:\/\/xenonkungen.com\/nl\/product\/laser-dakmontageset-verdediger\/","url":"https:\/\/xenonkungen.com\/nl\/product\/laser-dakmontageset-verdediger\/","name":"Lazer kattokiinnityssarja Defender (","isPartOf":{"@id":"https:\/\/xenonkungen.com\/#website"},"primaryImageOfPage":{"@id":"https:\/\/xenonkungen.com\/nl\/product\/laser-dakmontageset-verdediger\/#primaryimage"},"image":{"@id":"https:\/\/xenonkungen.com\/nl\/product\/laser-dakmontageset-verdediger\/#primaryimage"},"thumbnailUrl":"https:\/\/xenonkungen.com\/wp-content\/uploads\/2025\/04\/159442_itemimage_mainfront.jpg","datePublished":"2025-04-15T09:23:37+00:00","dateModified":"2026-03-11T09:11:11+00:00","breadcrumb":{"@id":"https:\/\/xenonkungen.com\/nl\/product\/laser-dakmontageset-verdediger\/#breadcrumb"},"inLanguage":"fi","potentialAction":[{"@type":"ReadAction","target":["https:\/\/xenonkungen.com\/nl\/product\/laser-dakmontageset-verdediger\/"]}]},{"@type":"ImageObject","inLanguage":"fi","@id":"https:\/\/xenonkungen.com\/nl\/product\/laser-dakmontageset-verdediger\/#primaryimage","url":"https:\/\/xenonkungen.com\/wp-content\/uploads\/2025\/04\/159442_itemimage_mainfront.jpg","contentUrl":"https:\/\/xenonkungen.com\/wp-content\/uploads\/2025\/04\/159442_itemimage_mainfront.jpg","width":2048,"height":1536},{"@type":"BreadcrumbList","@id":"https:\/\/xenonkungen.com\/nl\/product\/laser-dakmontageset-verdediger\/#breadcrumb","itemListElement":[{"@type":"ListItem","position":1,"name":"Hem","item":"https:\/\/xenonkungen.com\/"},{"@type":"ListItem","position":2,"name":"Shop","item":"https:\/\/xenonkungen.com\/shop\/"},{"@type":"ListItem","position":3,"name":"Lazer takmonteringssats Defender ("}]},{"@type":"WebSite","@id":"https:\/\/xenonkungen.com\/#website","url":"https:\/\/xenonkungen.com\/","name":"Xenonkungen","description":"","potentialAction":[{"@type":"SearchAction","target":{"@type":"EntryPoint","urlTemplate":"https:\/\/xenonkungen.com\/?s={search_term_string}"},"query-input":{"@type":"PropertyValueSpecification","valueRequired":true,"valueName":"search_term_string"}}],"inLanguage":"fi"}]}},"taxonomy_info":{"product_brand":[{"value":1124,"label":"Lazer"}],"product_cat":[{"value":2539,"label":"LEDRAMPER"},{"value":2608,"label":"Monteringssatser"}],"product_tag":[{"value":2735,"label":"Lazer"}]},"featured_image_src_large":["https:\/\/xenonkungen.com\/wp-content\/uploads\/2025\/04\/159442_itemimage_mainfront-1024x768.jpg",1024,768,true],"author_info":[],"comment_info":0,"_links":{"self":[{"href":"https:\/\/xenonkungen.com\/fi\/wp-json\/wp\/v2\/product\/5173","targetHints":{"allow":["GET"]}}],"collection":[{"href":"https:\/\/xenonkungen.com\/fi\/wp-json\/wp\/v2\/product"}],"about":[{"href":"https:\/\/xenonkungen.com\/fi\/wp-json\/wp\/v2\/types\/product"}],"replies":[{"embeddable":true,"href":"https:\/\/xenonkungen.com\/fi\/wp-json\/wp\/v2\/comments?post=5173"}],"wp:featuredmedia":[{"embeddable":true,"href":"https:\/\/xenonkungen.com\/fi\/wp-json\/wp\/v2\/media\/5174"}],"wp:attachment":[{"href":"https:\/\/xenonkungen.com\/fi\/wp-json\/wp\/v2\/media?parent=5173"}],"wp:term":[{"taxonomy":"anvandningsomrade","embeddable":true,"href":"https:\/\/xenonkungen.com\/fi\/wp-json\/wp\/v2\/anvandningsomrade?post=5173"},{"taxonomy":"bilmarken","embeddable":true,"href":"https:\/\/xenonkungen.com\/fi\/wp-json\/wp\/v2\/bilmarken?post=5173"},{"taxonomy":"product_brand","embeddable":true,"href":"https:\/\/xenonkungen.com\/fi\/wp-json\/wp\/v2\/product_brand?post=5173"},{"taxonomy":"product_cat","embeddable":true,"href":"https:\/\/xenonkungen.com\/fi\/wp-json\/wp\/v2\/product_cat?post=5173"},{"taxonomy":"product_tag","embeddable":true,"href":"https:\/\/xenonkungen.com\/fi\/wp-json\/wp\/v2\/product_tag?post=5173"}],"curies":[{"name":"wp","href":"https:\/\/api.w.org\/{rel}","templated":true}]}}