{"id":5246,"date":"2025-04-15T09:25:11","date_gmt":"2025-04-15T09:25:11","guid":{"rendered":"https:\/\/xenonkungen.com\/product\/lazer-monteringssats-ford-transit-2015-for-st4-evolution\/"},"modified":"2025-12-10T14:46:24","modified_gmt":"2025-12-10T13:46:24","slug":"lazer-kiinnityssarja-ford-transit-2015-st4-evolutionille","status":"publish","type":"product","link":"https:\/\/xenonkungen.com\/fi\/tuote\/lazer-kiinnityssarja-ford-transit-2015-st4-evolutionille\/","title":{"rendered":"Lazer kiinnityssarja Ford Transit 2015+ (ST4 Evolutionille)"},"content":{"rendered":"<h1>Lazer-valopalkin asennussarjat - T\u00e4ydellinen istuvuus ja helppo asennus<\/h1>\n<p>Etsitk\u00f6 Lazer-valopalkin asennussarjaa autoosi? Meill\u00e4 on laaja valikoima asennussarjoja, jotka takaavat t\u00e4ydellisen istuvuuden ja helpon asennuksen. Osanumeron avulla l\u00f6yd\u00e4t helposti oikean kiinnityssarjan juuri sinun valotankoosi ja automalliisi. Tarjoamme asennussarjoja eri valopalkkeihin ja automalleihin tarpeidesi ja toiveidesi mukaan.<\/p>\n<h2>Tuotteen tekniset tiedot:<\/h2>\n<ul>\n<li>Lazer-valopalkkien asennussarjat<\/li>\n<li>Sopii t\u00e4ydellisesti eri valopalkkeihin ja automalleihin<\/li>\n<li>Helppo asennus sujuvaan kokoonpanoon<\/li>\n<li>Korkealaatuiset materiaalit takaavat kest\u00e4vyyden ja vakauden<\/li>\n<\/ul>\n<p>Tutustu Lazer-valopalkkien asennussarjojen valikoimaan ja l\u00f6yd\u00e4 t\u00e4ydellinen ratkaisu autoosi. Tarjoamme asennussarjoja, jotka sopivat t\u00e4ydellisesti ja joiden asennus on helppoa, joten sinun on helppo p\u00e4ivitt\u00e4\u00e4 ajoneuvosi valaistus. Asennussarjat on valmistettu korkealaatuisista materiaaleista kest\u00e4vyyden ja vakauden varmistamiseksi. Nosta valopalkkisi seuraavalle tasolle automallillesi r\u00e4\u00e4t\u00e4l\u00f6idyn asennussarjan avulla.<\/p>","protected":false},"excerpt":{"rendered":"<p>Monteringssatser till Lazer ljusramper &#8211; Perfekt passform och enkel installation Letar du efter monteringssatser till Lazer ljusramper f\u00f6r din bil? Vi har ett brett utbud av monteringssatser som s\u00e4kerst\u00e4ller en perfekt passform och enkel installation. Med hj\u00e4lp av artikelnumret kan du enkelt hitta r\u00e4tt monteringssats f\u00f6r din specifika ljusrampe och bilmodell. Vi erbjuder monteringssatser till [&hellip;]<\/p>","protected":false},"featured_media":5247,"comment_status":"closed","ping_status":"open","template":"","meta":{"_acf_changed":false,"_smort_price_nok":"1602","_smort_price_dkk":"1018","_smort_price_eur":"136.36","_smort_sale_price_nok":"","_smort_sale_price_dkk":"","_smort_sale_price_eur":"","smort_restorder":"","shipmondo_restorder":"","_kad_blocks_custom_css":"","_kad_blocks_head_custom_js":"","_kad_blocks_body_custom_js":"","_kad_blocks_footer_custom_js":"","smort_custom_pricelist_1":"960","smort_custom_pricelist_2":"960","smort_custom_pricelist_3":"960","smort_custom_pricelist_4":"1200","smort_custom_pricelist_5":"960"},"anvandningsomrade":[],"bilmarken":[],"product_brand":[1124],"product_cat":[2539,2608],"product_tag":[2735],"class_list":{"0":"post-5246","1":"product","2":"type-product","3":"status-publish","4":"has-post-thumbnail","6":"product_brand-lazer","7":"product_cat-ledramper","8":"product_cat-monteringssatser","9":"product_tag-lazer","11":"first","12":"onbackorder","13":"taxable","14":"shipping-taxable","15":"purchasable","16":"product-type-simple"},"bundled_by":[],"bundle_stock_status":"onbackorder","bundle_stock_quantity":0,"bundle_virtual":false,"bundle_layout":"","bundle_add_to_cart_form_location":"","bundle_editable_in_cart":false,"bundle_sold_individually_context":"","bundle_item_grouping":"","bundle_min_size":"","bundle_max_size":"","bundle_price":[],"bundled_items":[],"bundle_sell_ids":[],"acf":[],"yoast_head":"<!-- This site is optimized with the Yoast SEO plugin v27.0 - https:\/\/yoast.com\/product\/yoast-seo-wordpress\/ -->\n<title>Lazer Monteringssats Ford Transit 2015 + (f\u00f6r ST4 Evolution) - Xenonkungen<\/title>\n<meta name=\"robots\" content=\"index, follow, max-snippet:-1, max-image-preview:large, max-video-preview:-1\" \/>\n<link rel=\"canonical\" href=\"https:\/\/xenonkungen.com\/fi\/tuote\/lazer-kiinnityssarja-ford-transit-2015-st4-evolutionille\/\" \/>\n<meta property=\"og:locale\" content=\"fi_FI\" \/>\n<meta property=\"og:type\" content=\"article\" \/>\n<meta property=\"og:title\" content=\"Lazer Monteringssats Ford Transit 2015 + (f\u00f6r ST4 Evolution) - Xenonkungen\" \/>\n<meta property=\"og:description\" content=\"Monteringssatser till Lazer ljusramper &#8211; Perfekt passform och enkel installation Letar du efter monteringssatser till Lazer ljusramper f\u00f6r din bil? Vi har ett brett utbud av monteringssatser som s\u00e4kerst\u00e4ller en perfekt passform och enkel installation. Med hj\u00e4lp av artikelnumret kan du enkelt hitta r\u00e4tt monteringssats f\u00f6r din specifika ljusrampe och bilmodell. Vi erbjuder monteringssatser till [&hellip;]\" \/>\n<meta property=\"og:url\" content=\"https:\/\/xenonkungen.com\/fi\/tuote\/lazer-kiinnityssarja-ford-transit-2015-st4-evolutionille\/\" \/>\n<meta property=\"og:site_name\" content=\"Xenonkungen\" \/>\n<meta property=\"article:modified_time\" content=\"2025-12-10T13:46:24+00:00\" \/>\n<meta property=\"og:image\" content=\"https:\/\/xenonkungen.com\/wp-content\/uploads\/2025\/04\/159480_itemimage_mainfront.jpg\" \/>\n\t<meta property=\"og:image:width\" content=\"2048\" \/>\n\t<meta property=\"og:image:height\" content=\"1536\" \/>\n\t<meta property=\"og:image:type\" content=\"image\/jpeg\" \/>\n<meta name=\"twitter:card\" content=\"summary_large_image\" \/>\n<meta name=\"twitter:label1\" content=\"Arvioitu lukuaika\" \/>\n\t<meta name=\"twitter:data1\" content=\"1 minuutti\" \/>\n<script type=\"application\/ld+json\" class=\"yoast-schema-graph\">{\"@context\":\"https:\/\/schema.org\",\"@graph\":[{\"@type\":\"WebPage\",\"@id\":\"https:\/\/xenonkungen.com\/produkt\/lazer-monteringssats-ford-transit-2015-for-st4-evolution\/\",\"url\":\"https:\/\/xenonkungen.com\/produkt\/lazer-monteringssats-ford-transit-2015-for-st4-evolution\/\",\"name\":\"Lazer Monteringssats Ford Transit 2015 + (f\u00f6r ST4 Evolution) - Xenonkungen\",\"isPartOf\":{\"@id\":\"https:\/\/xenonkungen.com\/#website\"},\"primaryImageOfPage\":{\"@id\":\"https:\/\/xenonkungen.com\/produkt\/lazer-monteringssats-ford-transit-2015-for-st4-evolution\/#primaryimage\"},\"image\":{\"@id\":\"https:\/\/xenonkungen.com\/produkt\/lazer-monteringssats-ford-transit-2015-for-st4-evolution\/#primaryimage\"},\"thumbnailUrl\":\"https:\/\/xenonkungen.com\/wp-content\/uploads\/2025\/04\/159480_itemimage_mainfront.jpg\",\"datePublished\":\"2025-04-15T09:25:11+00:00\",\"dateModified\":\"2025-12-10T13:46:24+00:00\",\"breadcrumb\":{\"@id\":\"https:\/\/xenonkungen.com\/produkt\/lazer-monteringssats-ford-transit-2015-for-st4-evolution\/#breadcrumb\"},\"inLanguage\":\"fi\",\"potentialAction\":[{\"@type\":\"ReadAction\",\"target\":[\"https:\/\/xenonkungen.com\/produkt\/lazer-monteringssats-ford-transit-2015-for-st4-evolution\/\"]}]},{\"@type\":\"ImageObject\",\"inLanguage\":\"fi\",\"@id\":\"https:\/\/xenonkungen.com\/produkt\/lazer-monteringssats-ford-transit-2015-for-st4-evolution\/#primaryimage\",\"url\":\"https:\/\/xenonkungen.com\/wp-content\/uploads\/2025\/04\/159480_itemimage_mainfront.jpg\",\"contentUrl\":\"https:\/\/xenonkungen.com\/wp-content\/uploads\/2025\/04\/159480_itemimage_mainfront.jpg\",\"width\":2048,\"height\":1536},{\"@type\":\"BreadcrumbList\",\"@id\":\"https:\/\/xenonkungen.com\/produkt\/lazer-monteringssats-ford-transit-2015-for-st4-evolution\/#breadcrumb\",\"itemListElement\":[{\"@type\":\"ListItem\",\"position\":1,\"name\":\"Hem\",\"item\":\"https:\/\/xenonkungen.com\/\"},{\"@type\":\"ListItem\",\"position\":2,\"name\":\"Shop\",\"item\":\"https:\/\/xenonkungen.com\/shop\/\"},{\"@type\":\"ListItem\",\"position\":3,\"name\":\"Lazer Monteringssats Ford Transit 2015 + (f\u00f6r ST4 Evolution)\"}]},{\"@type\":\"WebSite\",\"@id\":\"https:\/\/xenonkungen.com\/#website\",\"url\":\"https:\/\/xenonkungen.com\/\",\"name\":\"Xenonkungen\",\"description\":\"\",\"potentialAction\":[{\"@type\":\"SearchAction\",\"target\":{\"@type\":\"EntryPoint\",\"urlTemplate\":\"https:\/\/xenonkungen.com\/?s={search_term_string}\"},\"query-input\":{\"@type\":\"PropertyValueSpecification\",\"valueRequired\":true,\"valueName\":\"search_term_string\"}}],\"inLanguage\":\"fi\"}]}<\/script>\n<!-- \/ Yoast SEO plugin. -->","yoast_head_json":{"title":"Lazer kiinnityssarja Ford Transit 2015+ (ST4 Evolutionille) - Xenon-jarrut","robots":{"index":"index","follow":"follow","max-snippet":"max-snippet:-1","max-image-preview":"max-image-preview:large","max-video-preview":"max-video-preview:-1"},"canonical":"https:\/\/xenonkungen.com\/fi\/tuote\/lazer-kiinnityssarja-ford-transit-2015-st4-evolutionille\/","og_locale":"fi_FI","og_type":"article","og_title":"Lazer Monteringssats Ford Transit 2015 + (f\u00f6r ST4 Evolution) - Xenonkungen","og_description":"Monteringssatser till Lazer ljusramper &#8211; Perfekt passform och enkel installation Letar du efter monteringssatser till Lazer ljusramper f\u00f6r din bil? Vi har ett brett utbud av monteringssatser som s\u00e4kerst\u00e4ller en perfekt passform och enkel installation. Med hj\u00e4lp av artikelnumret kan du enkelt hitta r\u00e4tt monteringssats f\u00f6r din specifika ljusrampe och bilmodell. Vi erbjuder monteringssatser till [&hellip;]","og_url":"https:\/\/xenonkungen.com\/fi\/tuote\/lazer-kiinnityssarja-ford-transit-2015-st4-evolutionille\/","og_site_name":"Xenonkungen","article_modified_time":"2025-12-10T13:46:24+00:00","og_image":[{"width":2048,"height":1536,"url":"https:\/\/xenonkungen.com\/wp-content\/uploads\/2025\/04\/159480_itemimage_mainfront.jpg","type":"image\/jpeg"}],"twitter_card":"summary_large_image","twitter_misc":{"Arvioitu lukuaika":"1 minuutti"},"schema":{"@context":"https:\/\/schema.org","@graph":[{"@type":"WebPage","@id":"https:\/\/xenonkungen.com\/produkt\/lazer-monteringssats-ford-transit-2015-for-st4-evolution\/","url":"https:\/\/xenonkungen.com\/produkt\/lazer-monteringssats-ford-transit-2015-for-st4-evolution\/","name":"Lazer kiinnityssarja Ford Transit 2015+ (ST4 Evolutionille) - Xenon-jarrut","isPartOf":{"@id":"https:\/\/xenonkungen.com\/#website"},"primaryImageOfPage":{"@id":"https:\/\/xenonkungen.com\/produkt\/lazer-monteringssats-ford-transit-2015-for-st4-evolution\/#primaryimage"},"image":{"@id":"https:\/\/xenonkungen.com\/produkt\/lazer-monteringssats-ford-transit-2015-for-st4-evolution\/#primaryimage"},"thumbnailUrl":"https:\/\/xenonkungen.com\/wp-content\/uploads\/2025\/04\/159480_itemimage_mainfront.jpg","datePublished":"2025-04-15T09:25:11+00:00","dateModified":"2025-12-10T13:46:24+00:00","breadcrumb":{"@id":"https:\/\/xenonkungen.com\/produkt\/lazer-monteringssats-ford-transit-2015-for-st4-evolution\/#breadcrumb"},"inLanguage":"fi","potentialAction":[{"@type":"ReadAction","target":["https:\/\/xenonkungen.com\/produkt\/lazer-monteringssats-ford-transit-2015-for-st4-evolution\/"]}]},{"@type":"ImageObject","inLanguage":"fi","@id":"https:\/\/xenonkungen.com\/produkt\/lazer-monteringssats-ford-transit-2015-for-st4-evolution\/#primaryimage","url":"https:\/\/xenonkungen.com\/wp-content\/uploads\/2025\/04\/159480_itemimage_mainfront.jpg","contentUrl":"https:\/\/xenonkungen.com\/wp-content\/uploads\/2025\/04\/159480_itemimage_mainfront.jpg","width":2048,"height":1536},{"@type":"BreadcrumbList","@id":"https:\/\/xenonkungen.com\/produkt\/lazer-monteringssats-ford-transit-2015-for-st4-evolution\/#breadcrumb","itemListElement":[{"@type":"ListItem","position":1,"name":"Hem","item":"https:\/\/xenonkungen.com\/"},{"@type":"ListItem","position":2,"name":"Shop","item":"https:\/\/xenonkungen.com\/shop\/"},{"@type":"ListItem","position":3,"name":"Lazer Monteringssats Ford Transit 2015 + (f\u00f6r ST4 Evolution)"}]},{"@type":"WebSite","@id":"https:\/\/xenonkungen.com\/#website","url":"https:\/\/xenonkungen.com\/","name":"Xenonkungen","description":"","potentialAction":[{"@type":"SearchAction","target":{"@type":"EntryPoint","urlTemplate":"https:\/\/xenonkungen.com\/?s={search_term_string}"},"query-input":{"@type":"PropertyValueSpecification","valueRequired":true,"valueName":"search_term_string"}}],"inLanguage":"fi"}]}},"taxonomy_info":{"product_brand":[{"value":1124,"label":"Lazer"}],"product_cat":[{"value":2539,"label":"LEDRAMPER"},{"value":2608,"label":"Monteringssatser"}],"product_tag":[{"value":2735,"label":"Lazer"}]},"featured_image_src_large":["https:\/\/xenonkungen.com\/wp-content\/uploads\/2025\/04\/159480_itemimage_mainfront-1024x768.jpg",1024,768,true],"author_info":[],"comment_info":0,"_links":{"self":[{"href":"https:\/\/xenonkungen.com\/fi\/wp-json\/wp\/v2\/product\/5246","targetHints":{"allow":["GET"]}}],"collection":[{"href":"https:\/\/xenonkungen.com\/fi\/wp-json\/wp\/v2\/product"}],"about":[{"href":"https:\/\/xenonkungen.com\/fi\/wp-json\/wp\/v2\/types\/product"}],"replies":[{"embeddable":true,"href":"https:\/\/xenonkungen.com\/fi\/wp-json\/wp\/v2\/comments?post=5246"}],"wp:featuredmedia":[{"embeddable":true,"href":"https:\/\/xenonkungen.com\/fi\/wp-json\/wp\/v2\/media\/5247"}],"wp:attachment":[{"href":"https:\/\/xenonkungen.com\/fi\/wp-json\/wp\/v2\/media?parent=5246"}],"wp:term":[{"taxonomy":"anvandningsomrade","embeddable":true,"href":"https:\/\/xenonkungen.com\/fi\/wp-json\/wp\/v2\/anvandningsomrade?post=5246"},{"taxonomy":"bilmarken","embeddable":true,"href":"https:\/\/xenonkungen.com\/fi\/wp-json\/wp\/v2\/bilmarken?post=5246"},{"taxonomy":"product_brand","embeddable":true,"href":"https:\/\/xenonkungen.com\/fi\/wp-json\/wp\/v2\/product_brand?post=5246"},{"taxonomy":"product_cat","embeddable":true,"href":"https:\/\/xenonkungen.com\/fi\/wp-json\/wp\/v2\/product_cat?post=5246"},{"taxonomy":"product_tag","embeddable":true,"href":"https:\/\/xenonkungen.com\/fi\/wp-json\/wp\/v2\/product_tag?post=5246"}],"curies":[{"name":"wp","href":"https:\/\/api.w.org\/{rel}","templated":true}]}}