{"id":5462,"date":"2025-04-15T09:30:25","date_gmt":"2025-04-15T09:30:25","guid":{"rendered":"https:\/\/xenonkungen.com\/product\/lazer-monteringssats-toyota-landcruiser-70-for-2-st-st4\/"},"modified":"2025-12-10T14:46:42","modified_gmt":"2025-12-10T13:46:42","slug":"lazer-asennussarja-toyota-land-cruiser-70lle-2-oviseen-st4aan","status":"publish","type":"product","link":"https:\/\/xenonkungen.com\/fi\/tuote\/lazer-asennussarja-toyota-land-cruiser-70lle-2-oviseen-st4aan\/","title":{"rendered":"Lazer kiinnityssarja Toyota Landcruiser 70 varten. 2 kpl ST4"},"content":{"rendered":"<h1>Lazer-valopalkkien kiinnityssarjat \u2013 T\u00e4ydellinen sovitus automalliisi<\/h1>\n<p>Tutustu Lazer-valopalkkien asennussarjojen valikoimaan ja vie ajoneuvosi valaistus uusiin ulottuvuuksiin. Jokainen kiinnityssarja on suunniteltu huolellisesti sopimaan tiettyihin valopalkkeihin, ja se on yhteensopiva useiden automallien kanssa. Tutustu siihen, mik\u00e4 kiinnityssarja sopii sinulle, katsomalla osanumerosta, mihin valorampeihin se on suunniteltu ja mihin automalleihin se sopii.<\/p>\n<h2>Tuotteen tekniset tiedot:<\/h2>\n<ul>\n<li>Lazer-valopalkkien r\u00e4\u00e4t\u00e4l\u00f6idyt asennussarjat<\/li>\n<li>Yhteensopiva eri automallien kanssa helppoa asennusta varten<\/li>\n<li>Laadukkaat materiaalit takaavat pitk\u00e4aikaisen suorituskyvyn<\/li>\n<\/ul>\n<p>Valitse oikea asennussarja Lazer-valopalkillesi ja varmista sujuva ja turvallinen asennus. Asennussarjat on valmistettu korkealaatuisista materiaaleista, jotka takaavat luotettavan suorituskyvyn ja pitk\u00e4aikaisen kest\u00e4vyyden. Auton mallista riippumatta voit l\u00f6yt\u00e4\u00e4 tarpeisiisi t\u00e4ydellisesti sopivan asennussarjan.<\/p>","protected":false},"excerpt":{"rendered":"<p>Monteringssatser till Lazer ljusramper &#8211; Perfekt passform f\u00f6r din bilmodell Utforska v\u00e5rt sortiment av monteringssatser till Lazer ljusramper och ta din fordonsbelysning till nya h\u00f6jder. Varje monteringssats \u00e4r noggrant designad f\u00f6r att passa specifika ljusramper och \u00e4r kompatibel med ett brett utbud av bilmodeller. Uppt\u00e4ck vilken monteringssats som \u00e4r r\u00e4tt f\u00f6r dig genom att titta [&hellip;]<\/p>","protected":false},"featured_media":5463,"comment_status":"closed","ping_status":"open","template":"","meta":{"_acf_changed":false,"_smort_price_nok":"1602","_smort_price_dkk":"1018","_smort_price_eur":"136.36","_smort_sale_price_nok":"","_smort_sale_price_dkk":"","_smort_sale_price_eur":"","smort_restorder":"","shipmondo_restorder":"","_kad_blocks_custom_css":"","_kad_blocks_head_custom_js":"","_kad_blocks_body_custom_js":"","_kad_blocks_footer_custom_js":"","smort_custom_pricelist_1":"960","smort_custom_pricelist_2":"960","smort_custom_pricelist_3":"960","smort_custom_pricelist_4":"1200","smort_custom_pricelist_5":"960"},"anvandningsomrade":[],"bilmarken":[],"product_brand":[1124],"product_cat":[2539,2608],"product_tag":[2735],"class_list":{"0":"post-5462","1":"product","2":"type-product","3":"status-publish","4":"has-post-thumbnail","6":"product_brand-lazer","7":"product_cat-ledramper","8":"product_cat-monteringssatser","9":"product_tag-lazer","11":"first","12":"onbackorder","13":"taxable","14":"shipping-taxable","15":"purchasable","16":"product-type-simple"},"bundled_by":[],"bundle_stock_status":"onbackorder","bundle_stock_quantity":0,"bundle_virtual":false,"bundle_layout":"","bundle_add_to_cart_form_location":"","bundle_editable_in_cart":false,"bundle_sold_individually_context":"","bundle_item_grouping":"","bundle_min_size":"","bundle_max_size":"","bundle_price":[],"bundled_items":[],"bundle_sell_ids":[],"acf":[],"yoast_head":"<!-- This site is optimized with the Yoast SEO plugin v27.0 - https:\/\/yoast.com\/product\/yoast-seo-wordpress\/ -->\n<title>Lazer Monteringssats Toyota Landcruiser 70 f\u00f6r. 2 st ST4 - Xenonkungen<\/title>\n<meta name=\"robots\" content=\"index, follow, max-snippet:-1, max-image-preview:large, max-video-preview:-1\" \/>\n<link rel=\"canonical\" href=\"https:\/\/xenonkungen.com\/fi\/tuote\/lazer-asennussarja-toyota-land-cruiser-70lle-2-oviseen-st4aan\/\" \/>\n<meta property=\"og:locale\" content=\"fi_FI\" \/>\n<meta property=\"og:type\" content=\"article\" \/>\n<meta property=\"og:title\" content=\"Lazer Monteringssats Toyota Landcruiser 70 f\u00f6r. 2 st ST4 - Xenonkungen\" \/>\n<meta property=\"og:description\" content=\"Monteringssatser till Lazer ljusramper &#8211; Perfekt passform f\u00f6r din bilmodell Utforska v\u00e5rt sortiment av monteringssatser till Lazer ljusramper och ta din fordonsbelysning till nya h\u00f6jder. Varje monteringssats \u00e4r noggrant designad f\u00f6r att passa specifika ljusramper och \u00e4r kompatibel med ett brett utbud av bilmodeller. Uppt\u00e4ck vilken monteringssats som \u00e4r r\u00e4tt f\u00f6r dig genom att titta [&hellip;]\" \/>\n<meta property=\"og:url\" content=\"https:\/\/xenonkungen.com\/fi\/tuote\/lazer-asennussarja-toyota-land-cruiser-70lle-2-oviseen-st4aan\/\" \/>\n<meta property=\"og:site_name\" content=\"Xenonkungen\" \/>\n<meta property=\"article:modified_time\" content=\"2025-12-10T13:46:42+00:00\" \/>\n<meta property=\"og:image\" content=\"https:\/\/xenonkungen.com\/wp-content\/uploads\/2025\/04\/159555_itemimage_mainfront.jpg\" \/>\n\t<meta property=\"og:image:width\" content=\"2048\" \/>\n\t<meta property=\"og:image:height\" content=\"1535\" \/>\n\t<meta property=\"og:image:type\" content=\"image\/jpeg\" \/>\n<meta name=\"twitter:card\" content=\"summary_large_image\" \/>\n<meta name=\"twitter:label1\" content=\"Arvioitu lukuaika\" \/>\n\t<meta name=\"twitter:data1\" content=\"1 minuutti\" \/>\n<script type=\"application\/ld+json\" class=\"yoast-schema-graph\">{\"@context\":\"https:\/\/schema.org\",\"@graph\":[{\"@type\":\"WebPage\",\"@id\":\"https:\/\/xenonkungen.com\/no\/produkt\/laser-monteringssett-toyota-land-cruiser-70-for-2-st-st4\/\",\"url\":\"https:\/\/xenonkungen.com\/no\/produkt\/laser-monteringssett-toyota-land-cruiser-70-for-2-st-st4\/\",\"name\":\"Lazer Monteringssats Toyota Landcruiser 70 f\u00f6r. 2 st ST4 - Xenonkungen\",\"isPartOf\":{\"@id\":\"https:\/\/xenonkungen.com\/#website\"},\"primaryImageOfPage\":{\"@id\":\"https:\/\/xenonkungen.com\/no\/produkt\/laser-monteringssett-toyota-land-cruiser-70-for-2-st-st4\/#primaryimage\"},\"image\":{\"@id\":\"https:\/\/xenonkungen.com\/no\/produkt\/laser-monteringssett-toyota-land-cruiser-70-for-2-st-st4\/#primaryimage\"},\"thumbnailUrl\":\"https:\/\/xenonkungen.com\/wp-content\/uploads\/2025\/04\/159555_itemimage_mainfront.jpg\",\"datePublished\":\"2025-04-15T09:30:25+00:00\",\"dateModified\":\"2025-12-10T13:46:42+00:00\",\"breadcrumb\":{\"@id\":\"https:\/\/xenonkungen.com\/no\/produkt\/laser-monteringssett-toyota-land-cruiser-70-for-2-st-st4\/#breadcrumb\"},\"inLanguage\":\"fi\",\"potentialAction\":[{\"@type\":\"ReadAction\",\"target\":[\"https:\/\/xenonkungen.com\/no\/produkt\/laser-monteringssett-toyota-land-cruiser-70-for-2-st-st4\/\"]}]},{\"@type\":\"ImageObject\",\"inLanguage\":\"fi\",\"@id\":\"https:\/\/xenonkungen.com\/no\/produkt\/laser-monteringssett-toyota-land-cruiser-70-for-2-st-st4\/#primaryimage\",\"url\":\"https:\/\/xenonkungen.com\/wp-content\/uploads\/2025\/04\/159555_itemimage_mainfront.jpg\",\"contentUrl\":\"https:\/\/xenonkungen.com\/wp-content\/uploads\/2025\/04\/159555_itemimage_mainfront.jpg\",\"width\":2048,\"height\":1535},{\"@type\":\"BreadcrumbList\",\"@id\":\"https:\/\/xenonkungen.com\/no\/produkt\/laser-monteringssett-toyota-land-cruiser-70-for-2-st-st4\/#breadcrumb\",\"itemListElement\":[{\"@type\":\"ListItem\",\"position\":1,\"name\":\"Hem\",\"item\":\"https:\/\/xenonkungen.com\/\"},{\"@type\":\"ListItem\",\"position\":2,\"name\":\"Shop\",\"item\":\"https:\/\/xenonkungen.com\/shop\/\"},{\"@type\":\"ListItem\",\"position\":3,\"name\":\"Lazer Monteringssats Toyota Landcruiser 70 f\u00f6r. 2 st ST4\"}]},{\"@type\":\"WebSite\",\"@id\":\"https:\/\/xenonkungen.com\/#website\",\"url\":\"https:\/\/xenonkungen.com\/\",\"name\":\"Xenonkungen\",\"description\":\"\",\"potentialAction\":[{\"@type\":\"SearchAction\",\"target\":{\"@type\":\"EntryPoint\",\"urlTemplate\":\"https:\/\/xenonkungen.com\/?s={search_term_string}\"},\"query-input\":{\"@type\":\"PropertyValueSpecification\",\"valueRequired\":true,\"valueName\":\"search_term_string\"}}],\"inLanguage\":\"fi\"}]}<\/script>\n<!-- \/ Yoast SEO plugin. -->","yoast_head_json":{"title":"Lazer kiinnityssarja Toyota Landcruiser 70:lle, 2 kpl ST4:lle - Xenonkungen","robots":{"index":"index","follow":"follow","max-snippet":"max-snippet:-1","max-image-preview":"max-image-preview:large","max-video-preview":"max-video-preview:-1"},"canonical":"https:\/\/xenonkungen.com\/fi\/tuote\/lazer-asennussarja-toyota-land-cruiser-70lle-2-oviseen-st4aan\/","og_locale":"fi_FI","og_type":"article","og_title":"Lazer Monteringssats Toyota Landcruiser 70 f\u00f6r. 2 st ST4 - Xenonkungen","og_description":"Monteringssatser till Lazer ljusramper &#8211; Perfekt passform f\u00f6r din bilmodell Utforska v\u00e5rt sortiment av monteringssatser till Lazer ljusramper och ta din fordonsbelysning till nya h\u00f6jder. Varje monteringssats \u00e4r noggrant designad f\u00f6r att passa specifika ljusramper och \u00e4r kompatibel med ett brett utbud av bilmodeller. Uppt\u00e4ck vilken monteringssats som \u00e4r r\u00e4tt f\u00f6r dig genom att titta [&hellip;]","og_url":"https:\/\/xenonkungen.com\/fi\/tuote\/lazer-asennussarja-toyota-land-cruiser-70lle-2-oviseen-st4aan\/","og_site_name":"Xenonkungen","article_modified_time":"2025-12-10T13:46:42+00:00","og_image":[{"width":2048,"height":1535,"url":"https:\/\/xenonkungen.com\/wp-content\/uploads\/2025\/04\/159555_itemimage_mainfront.jpg","type":"image\/jpeg"}],"twitter_card":"summary_large_image","twitter_misc":{"Arvioitu lukuaika":"1 minuutti"},"schema":{"@context":"https:\/\/schema.org","@graph":[{"@type":"WebPage","@id":"https:\/\/xenonkungen.com\/no\/produkt\/laser-monteringssett-toyota-land-cruiser-70-for-2-st-st4\/","url":"https:\/\/xenonkungen.com\/no\/produkt\/laser-monteringssett-toyota-land-cruiser-70-for-2-st-st4\/","name":"Lazer kiinnityssarja Toyota Landcruiser 70:lle, 2 kpl ST4:lle - Xenonkungen","isPartOf":{"@id":"https:\/\/xenonkungen.com\/#website"},"primaryImageOfPage":{"@id":"https:\/\/xenonkungen.com\/no\/produkt\/laser-monteringssett-toyota-land-cruiser-70-for-2-st-st4\/#primaryimage"},"image":{"@id":"https:\/\/xenonkungen.com\/no\/produkt\/laser-monteringssett-toyota-land-cruiser-70-for-2-st-st4\/#primaryimage"},"thumbnailUrl":"https:\/\/xenonkungen.com\/wp-content\/uploads\/2025\/04\/159555_itemimage_mainfront.jpg","datePublished":"2025-04-15T09:30:25+00:00","dateModified":"2025-12-10T13:46:42+00:00","breadcrumb":{"@id":"https:\/\/xenonkungen.com\/no\/produkt\/laser-monteringssett-toyota-land-cruiser-70-for-2-st-st4\/#breadcrumb"},"inLanguage":"fi","potentialAction":[{"@type":"ReadAction","target":["https:\/\/xenonkungen.com\/no\/produkt\/laser-monteringssett-toyota-land-cruiser-70-for-2-st-st4\/"]}]},{"@type":"ImageObject","inLanguage":"fi","@id":"https:\/\/xenonkungen.com\/no\/produkt\/laser-monteringssett-toyota-land-cruiser-70-for-2-st-st4\/#primaryimage","url":"https:\/\/xenonkungen.com\/wp-content\/uploads\/2025\/04\/159555_itemimage_mainfront.jpg","contentUrl":"https:\/\/xenonkungen.com\/wp-content\/uploads\/2025\/04\/159555_itemimage_mainfront.jpg","width":2048,"height":1535},{"@type":"BreadcrumbList","@id":"https:\/\/xenonkungen.com\/no\/produkt\/laser-monteringssett-toyota-land-cruiser-70-for-2-st-st4\/#breadcrumb","itemListElement":[{"@type":"ListItem","position":1,"name":"Hem","item":"https:\/\/xenonkungen.com\/"},{"@type":"ListItem","position":2,"name":"Shop","item":"https:\/\/xenonkungen.com\/shop\/"},{"@type":"ListItem","position":3,"name":"Lazer Monteringssats Toyota Landcruiser 70 f\u00f6r. 2 st ST4"}]},{"@type":"WebSite","@id":"https:\/\/xenonkungen.com\/#website","url":"https:\/\/xenonkungen.com\/","name":"Xenonkungen","description":"","potentialAction":[{"@type":"SearchAction","target":{"@type":"EntryPoint","urlTemplate":"https:\/\/xenonkungen.com\/?s={search_term_string}"},"query-input":{"@type":"PropertyValueSpecification","valueRequired":true,"valueName":"search_term_string"}}],"inLanguage":"fi"}]}},"taxonomy_info":{"product_brand":[{"value":1124,"label":"Lazer"}],"product_cat":[{"value":2539,"label":"LEDRAMPER"},{"value":2608,"label":"Monteringssatser"}],"product_tag":[{"value":2735,"label":"Lazer"}]},"featured_image_src_large":["https:\/\/xenonkungen.com\/wp-content\/uploads\/2025\/04\/159555_itemimage_mainfront-1024x768.jpg",1024,768,true],"author_info":[],"comment_info":0,"_links":{"self":[{"href":"https:\/\/xenonkungen.com\/fi\/wp-json\/wp\/v2\/product\/5462","targetHints":{"allow":["GET"]}}],"collection":[{"href":"https:\/\/xenonkungen.com\/fi\/wp-json\/wp\/v2\/product"}],"about":[{"href":"https:\/\/xenonkungen.com\/fi\/wp-json\/wp\/v2\/types\/product"}],"replies":[{"embeddable":true,"href":"https:\/\/xenonkungen.com\/fi\/wp-json\/wp\/v2\/comments?post=5462"}],"wp:featuredmedia":[{"embeddable":true,"href":"https:\/\/xenonkungen.com\/fi\/wp-json\/wp\/v2\/media\/5463"}],"wp:attachment":[{"href":"https:\/\/xenonkungen.com\/fi\/wp-json\/wp\/v2\/media?parent=5462"}],"wp:term":[{"taxonomy":"anvandningsomrade","embeddable":true,"href":"https:\/\/xenonkungen.com\/fi\/wp-json\/wp\/v2\/anvandningsomrade?post=5462"},{"taxonomy":"bilmarken","embeddable":true,"href":"https:\/\/xenonkungen.com\/fi\/wp-json\/wp\/v2\/bilmarken?post=5462"},{"taxonomy":"product_brand","embeddable":true,"href":"https:\/\/xenonkungen.com\/fi\/wp-json\/wp\/v2\/product_brand?post=5462"},{"taxonomy":"product_cat","embeddable":true,"href":"https:\/\/xenonkungen.com\/fi\/wp-json\/wp\/v2\/product_cat?post=5462"},{"taxonomy":"product_tag","embeddable":true,"href":"https:\/\/xenonkungen.com\/fi\/wp-json\/wp\/v2\/product_tag?post=5462"}],"curies":[{"name":"wp","href":"https:\/\/api.w.org\/{rel}","templated":true}]}}