{"id":5464,"date":"2025-04-15T09:30:25","date_gmt":"2025-04-15T09:30:25","guid":{"rendered":"https:\/\/xenonkungen.com\/product\/lazer-ledrampskit-toyota-landcruiser-200-2x-triple-r750-std\/"},"modified":"2026-04-24T17:27:25","modified_gmt":"2026-04-24T16:27:25","slug":"lazer-led-ramppisarja-toyota-land-cruiser-200-2x-triple-r750-std","status":"publish","type":"product","link":"https:\/\/xenonkungen.com\/fi\/tuote\/lazer-led-ramppisarja-toyota-land-cruiser-200-2x-triple-r750-std\/","title":{"rendered":"Lazer Ledrampskit Toyota Landcruiser 200 2x Triple-R750 Std"},"content":{"rendered":"<h1>Lazers LED Ramp Kit Toyota Landcruiser 200 - T\u00e4ydellinen valaistus automallillesi<\/h1>\n<p>Ledramp-sarja, jossa on 2 Triple-R 750 ja kaikki osat r\u00e4\u00e4t\u00e4l\u00f6ity asennettavaksi Toyota Landcruiser 200:een.<\/p>\n<p>Asennus on nopeaa ja helppoa, ja lopputulos on sek\u00e4 kest\u00e4v\u00e4 ett\u00e4 turvallinen ja sulautuu t\u00e4ydellisesti alkuper\u00e4iseen grilliin. Kiinnikkeet on valmistettu ASA-materiaalista, joka on tunnettu erinomaisesta lujuudestaan ja UV-s\u00e4teilyn kest\u00e4vyydest\u00e4\u00e4n, ja ne ovat t\u00e4ysin s\u00e4\u00e4n- ja kemikaalinkest\u00e4vi\u00e4, jotta asennuksesi pysyy hyv\u00e4ss\u00e4 kunnossa vuodesta toiseen.<\/p>\n<p><strong>Paketti sis\u00e4lt\u00e4\u00e4:<\/strong><\/h3>\n<p>- 2 x Triple-R 750 Std<\/p>\n<p>- 4 x kannattimet ja niihin liittyv\u00e4t kiinnikkeet<\/p>\n<p>- 1 x leikkuuopas<\/p>\n<p>- 1 x kytkent\u00e4sarja<\/p>\n<p>- 1 x asennusohjeet<\/p>\n<p>Anna Toyota Landcruiserillesi sen ansaitsema valaistusp\u00e4ivitys. Lazersin led-ramppisarjalla saat erinomaisen valaistuksen ja turvallisen kiinnityksen autoosi.<\/p>","protected":false},"excerpt":{"rendered":"<p>Lazers LED-rampskit f\u00f6r Toyota Landcruiser 200 &#8211; Perfekt belysning f\u00f6r din bilmodell Ledrampskit med 2 st Triple-R 750 och alla ing\u00e5ende komponenter skr\u00e4ddarsydda f\u00f6r att monteras p\u00e5 Toyota Landcruiser 200. Monteringen g\u00f6rs enkelt och snabbt med ett resultat som \u00e4r b\u00e5de robust och s\u00e4kert samt sm\u00e4lter in perfekt i originalgrillen. F\u00e4stena \u00e4r tillverkade av ASA-material, [&hellip;]<\/p>","protected":false},"featured_media":5465,"comment_status":"closed","ping_status":"open","template":"","meta":{"_acf_changed":false,"_smort_price_nok":"10147","_smort_price_dkk":"6446","_smort_price_eur":"863.6","_smort_sale_price_nok":"","_smort_sale_price_dkk":"","_smort_sale_price_eur":"","smort_restorder":"","shipmondo_restorder":"","_kad_blocks_custom_css":"","_kad_blocks_head_custom_js":"","_kad_blocks_body_custom_js":"","_kad_blocks_footer_custom_js":"","smort_custom_pricelist_1":"6080","smort_custom_pricelist_2":"6080","smort_custom_pricelist_3":"6080","smort_custom_pricelist_4":"7600","smort_custom_pricelist_5":"6080"},"anvandningsomrade":[],"bilmarken":[],"product_brand":[1124],"product_cat":[2539,2596,1916],"product_tag":[2735],"class_list":{"0":"post-5464","1":"product","2":"type-product","3":"status-publish","4":"has-post-thumbnail","6":"product_brand-lazer","7":"product_cat-ledramper","8":"product_cat-paket","9":"product_cat-ledrampspaket","10":"product_tag-lazer","11":"pa_fargtemperatur-5000k","12":"pa_godkannande-e-godkand-r112","13":"pa_led-chips-effekt-w-1100","14":"pa_stromforbrukning-62a144v","15":"pa_volt-v-multivolt-10-12-16-18-24-28-30-32","17":"first","18":"onbackorder","19":"taxable","20":"shipping-taxable","21":"purchasable","22":"product-type-simple"},"bundled_by":[],"bundle_stock_status":"onbackorder","bundle_stock_quantity":0,"bundle_virtual":false,"bundle_layout":"","bundle_add_to_cart_form_location":"","bundle_editable_in_cart":false,"bundle_sold_individually_context":"","bundle_item_grouping":"","bundle_min_size":"","bundle_max_size":"","bundle_price":[],"bundled_items":[],"bundle_sell_ids":[],"acf":[],"yoast_head":"<!-- This site is optimized with the Yoast SEO plugin v27.0 - https:\/\/yoast.com\/product\/yoast-seo-wordpress\/ -->\n<title>Lazer Ledrampskit Toyota Landcruiser 200 2x Triple-R750 Std - Xenonkungen<\/title>\n<meta name=\"robots\" content=\"index, follow, max-snippet:-1, max-image-preview:large, max-video-preview:-1\" \/>\n<link rel=\"canonical\" href=\"https:\/\/xenonkungen.com\/fi\/tuote\/lazer-led-ramppisarja-toyota-land-cruiser-200-2x-triple-r750-std\/\" \/>\n<meta property=\"og:locale\" content=\"fi_FI\" \/>\n<meta property=\"og:type\" content=\"article\" \/>\n<meta property=\"og:title\" content=\"Lazer Ledrampskit Toyota Landcruiser 200 2x Triple-R750 Std - Xenonkungen\" \/>\n<meta property=\"og:description\" content=\"Lazers LED-rampskit f\u00f6r Toyota Landcruiser 200 &#8211; Perfekt belysning f\u00f6r din bilmodell Ledrampskit med 2 st Triple-R 750 och alla ing\u00e5ende komponenter skr\u00e4ddarsydda f\u00f6r att monteras p\u00e5 Toyota Landcruiser 200. Monteringen g\u00f6rs enkelt och snabbt med ett resultat som \u00e4r b\u00e5de robust och s\u00e4kert samt sm\u00e4lter in perfekt i originalgrillen. F\u00e4stena \u00e4r tillverkade av ASA-material, [&hellip;]\" \/>\n<meta property=\"og:url\" content=\"https:\/\/xenonkungen.com\/fi\/tuote\/lazer-led-ramppisarja-toyota-land-cruiser-200-2x-triple-r750-std\/\" \/>\n<meta property=\"og:site_name\" content=\"Xenonkungen\" \/>\n<meta property=\"article:modified_time\" content=\"2026-04-24T16:27:25+00:00\" \/>\n<meta property=\"og:image\" content=\"https:\/\/xenonkungen.com\/wp-content\/uploads\/2025\/04\/159556_itemimage_mainfront.jpg\" \/>\n\t<meta property=\"og:image:width\" content=\"2048\" \/>\n\t<meta property=\"og:image:height\" content=\"1536\" \/>\n\t<meta property=\"og:image:type\" content=\"image\/jpeg\" \/>\n<meta name=\"twitter:card\" content=\"summary_large_image\" \/>\n<meta name=\"twitter:label1\" content=\"Arvioitu lukuaika\" \/>\n\t<meta name=\"twitter:data1\" content=\"1 minuutti\" \/>\n<script type=\"application\/ld+json\" class=\"yoast-schema-graph\">{\"@context\":\"https:\/\/schema.org\",\"@graph\":[{\"@type\":\"WebPage\",\"@id\":\"https:\/\/xenonkungen.com\/fi\/tuote\/lazer-led-ramppisarja-toyota-land-cruiser-200-2x-triple-r750-std\/\",\"url\":\"https:\/\/xenonkungen.com\/fi\/tuote\/lazer-led-ramppisarja-toyota-land-cruiser-200-2x-triple-r750-std\/\",\"name\":\"Lazer Ledrampskit Toyota Landcruiser 200 2x Triple-R750 Std - Xenonkungen\",\"isPartOf\":{\"@id\":\"https:\/\/xenonkungen.com\/#website\"},\"primaryImageOfPage\":{\"@id\":\"https:\/\/xenonkungen.com\/fi\/tuote\/lazer-led-ramppisarja-toyota-land-cruiser-200-2x-triple-r750-std\/#primaryimage\"},\"image\":{\"@id\":\"https:\/\/xenonkungen.com\/fi\/tuote\/lazer-led-ramppisarja-toyota-land-cruiser-200-2x-triple-r750-std\/#primaryimage\"},\"thumbnailUrl\":\"https:\/\/xenonkungen.com\/wp-content\/uploads\/2025\/04\/159556_itemimage_mainfront.jpg\",\"datePublished\":\"2025-04-15T09:30:25+00:00\",\"dateModified\":\"2026-04-24T16:27:25+00:00\",\"breadcrumb\":{\"@id\":\"https:\/\/xenonkungen.com\/fi\/tuote\/lazer-led-ramppisarja-toyota-land-cruiser-200-2x-triple-r750-std\/#breadcrumb\"},\"inLanguage\":\"fi\",\"potentialAction\":[{\"@type\":\"ReadAction\",\"target\":[\"https:\/\/xenonkungen.com\/fi\/tuote\/lazer-led-ramppisarja-toyota-land-cruiser-200-2x-triple-r750-std\/\"]}]},{\"@type\":\"ImageObject\",\"inLanguage\":\"fi\",\"@id\":\"https:\/\/xenonkungen.com\/fi\/tuote\/lazer-led-ramppisarja-toyota-land-cruiser-200-2x-triple-r750-std\/#primaryimage\",\"url\":\"https:\/\/xenonkungen.com\/wp-content\/uploads\/2025\/04\/159556_itemimage_mainfront.jpg\",\"contentUrl\":\"https:\/\/xenonkungen.com\/wp-content\/uploads\/2025\/04\/159556_itemimage_mainfront.jpg\",\"width\":2048,\"height\":1536},{\"@type\":\"BreadcrumbList\",\"@id\":\"https:\/\/xenonkungen.com\/fi\/tuote\/lazer-led-ramppisarja-toyota-land-cruiser-200-2x-triple-r750-std\/#breadcrumb\",\"itemListElement\":[{\"@type\":\"ListItem\",\"position\":1,\"name\":\"Hem\",\"item\":\"https:\/\/xenonkungen.com\/\"},{\"@type\":\"ListItem\",\"position\":2,\"name\":\"Shop\",\"item\":\"https:\/\/xenonkungen.com\/shop\/\"},{\"@type\":\"ListItem\",\"position\":3,\"name\":\"Lazer Ledrampskit Toyota Landcruiser 200 2x Triple-R750 Std\"}]},{\"@type\":\"WebSite\",\"@id\":\"https:\/\/xenonkungen.com\/#website\",\"url\":\"https:\/\/xenonkungen.com\/\",\"name\":\"Xenonkungen\",\"description\":\"\",\"potentialAction\":[{\"@type\":\"SearchAction\",\"target\":{\"@type\":\"EntryPoint\",\"urlTemplate\":\"https:\/\/xenonkungen.com\/?s={search_term_string}\"},\"query-input\":{\"@type\":\"PropertyValueSpecification\",\"valueRequired\":true,\"valueName\":\"search_term_string\"}}],\"inLanguage\":\"fi\"}]}<\/script>\n<!-- \/ Yoast SEO plugin. -->","yoast_head_json":{"title":"Lazer Led Ramp Kit Toyota Landcruiser 200 2x Triple-R750 Std - Xenon King","robots":{"index":"index","follow":"follow","max-snippet":"max-snippet:-1","max-image-preview":"max-image-preview:large","max-video-preview":"max-video-preview:-1"},"canonical":"https:\/\/xenonkungen.com\/fi\/tuote\/lazer-led-ramppisarja-toyota-land-cruiser-200-2x-triple-r750-std\/","og_locale":"fi_FI","og_type":"article","og_title":"Lazer Ledrampskit Toyota Landcruiser 200 2x Triple-R750 Std - Xenonkungen","og_description":"Lazers LED-rampskit f\u00f6r Toyota Landcruiser 200 &#8211; Perfekt belysning f\u00f6r din bilmodell Ledrampskit med 2 st Triple-R 750 och alla ing\u00e5ende komponenter skr\u00e4ddarsydda f\u00f6r att monteras p\u00e5 Toyota Landcruiser 200. Monteringen g\u00f6rs enkelt och snabbt med ett resultat som \u00e4r b\u00e5de robust och s\u00e4kert samt sm\u00e4lter in perfekt i originalgrillen. F\u00e4stena \u00e4r tillverkade av ASA-material, [&hellip;]","og_url":"https:\/\/xenonkungen.com\/fi\/tuote\/lazer-led-ramppisarja-toyota-land-cruiser-200-2x-triple-r750-std\/","og_site_name":"Xenonkungen","article_modified_time":"2026-04-24T16:27:25+00:00","og_image":[{"width":2048,"height":1536,"url":"https:\/\/xenonkungen.com\/wp-content\/uploads\/2025\/04\/159556_itemimage_mainfront.jpg","type":"image\/jpeg"}],"twitter_card":"summary_large_image","twitter_misc":{"Arvioitu lukuaika":"1 minuutti"},"schema":{"@context":"https:\/\/schema.org","@graph":[{"@type":"WebPage","@id":"https:\/\/xenonkungen.com\/fi\/tuote\/lazer-led-ramppisarja-toyota-land-cruiser-200-2x-triple-r750-std\/","url":"https:\/\/xenonkungen.com\/fi\/tuote\/lazer-led-ramppisarja-toyota-land-cruiser-200-2x-triple-r750-std\/","name":"Lazer Led Ramp Kit Toyota Landcruiser 200 2x Triple-R750 Std - Xenon King","isPartOf":{"@id":"https:\/\/xenonkungen.com\/#website"},"primaryImageOfPage":{"@id":"https:\/\/xenonkungen.com\/fi\/tuote\/lazer-led-ramppisarja-toyota-land-cruiser-200-2x-triple-r750-std\/#primaryimage"},"image":{"@id":"https:\/\/xenonkungen.com\/fi\/tuote\/lazer-led-ramppisarja-toyota-land-cruiser-200-2x-triple-r750-std\/#primaryimage"},"thumbnailUrl":"https:\/\/xenonkungen.com\/wp-content\/uploads\/2025\/04\/159556_itemimage_mainfront.jpg","datePublished":"2025-04-15T09:30:25+00:00","dateModified":"2026-04-24T16:27:25+00:00","breadcrumb":{"@id":"https:\/\/xenonkungen.com\/fi\/tuote\/lazer-led-ramppisarja-toyota-land-cruiser-200-2x-triple-r750-std\/#breadcrumb"},"inLanguage":"fi","potentialAction":[{"@type":"ReadAction","target":["https:\/\/xenonkungen.com\/fi\/tuote\/lazer-led-ramppisarja-toyota-land-cruiser-200-2x-triple-r750-std\/"]}]},{"@type":"ImageObject","inLanguage":"fi","@id":"https:\/\/xenonkungen.com\/fi\/tuote\/lazer-led-ramppisarja-toyota-land-cruiser-200-2x-triple-r750-std\/#primaryimage","url":"https:\/\/xenonkungen.com\/wp-content\/uploads\/2025\/04\/159556_itemimage_mainfront.jpg","contentUrl":"https:\/\/xenonkungen.com\/wp-content\/uploads\/2025\/04\/159556_itemimage_mainfront.jpg","width":2048,"height":1536},{"@type":"BreadcrumbList","@id":"https:\/\/xenonkungen.com\/fi\/tuote\/lazer-led-ramppisarja-toyota-land-cruiser-200-2x-triple-r750-std\/#breadcrumb","itemListElement":[{"@type":"ListItem","position":1,"name":"Hem","item":"https:\/\/xenonkungen.com\/"},{"@type":"ListItem","position":2,"name":"Shop","item":"https:\/\/xenonkungen.com\/shop\/"},{"@type":"ListItem","position":3,"name":"Lazer Ledrampskit Toyota Landcruiser 200 2x Triple-R750 Std"}]},{"@type":"WebSite","@id":"https:\/\/xenonkungen.com\/#website","url":"https:\/\/xenonkungen.com\/","name":"Xenonkungen","description":"","potentialAction":[{"@type":"SearchAction","target":{"@type":"EntryPoint","urlTemplate":"https:\/\/xenonkungen.com\/?s={search_term_string}"},"query-input":{"@type":"PropertyValueSpecification","valueRequired":true,"valueName":"search_term_string"}}],"inLanguage":"fi"}]}},"taxonomy_info":{"product_brand":[{"value":1124,"label":"Lazer"}],"product_cat":[{"value":2539,"label":"LEDRAMPER"},{"value":2596,"label":"Paket"},{"value":1916,"label":"Ledrampspaket"}],"product_tag":[{"value":2735,"label":"Lazer"}],"pa_fargtemperatur":[{"value":154,"label":"5000K"}],"pa_godkannande":[{"value":1614,"label":"E-Godk\u00e4nd, R112"}],"pa_led-chips-effekt-w":[{"value":1100,"label":"88"}],"pa_stromforbrukning":[{"value":1613,"label":"6,2A@14,4V"}],"pa_volt-v":[{"value":1084,"label":"Multivolt, 10, 12, 16, 18, 24, 28, 30, 32"}]},"featured_image_src_large":["https:\/\/xenonkungen.com\/wp-content\/uploads\/2025\/04\/159556_itemimage_mainfront-1024x768.jpg",1024,768,true],"author_info":[],"comment_info":0,"_links":{"self":[{"href":"https:\/\/xenonkungen.com\/fi\/wp-json\/wp\/v2\/product\/5464","targetHints":{"allow":["GET"]}}],"collection":[{"href":"https:\/\/xenonkungen.com\/fi\/wp-json\/wp\/v2\/product"}],"about":[{"href":"https:\/\/xenonkungen.com\/fi\/wp-json\/wp\/v2\/types\/product"}],"replies":[{"embeddable":true,"href":"https:\/\/xenonkungen.com\/fi\/wp-json\/wp\/v2\/comments?post=5464"}],"wp:featuredmedia":[{"embeddable":true,"href":"https:\/\/xenonkungen.com\/fi\/wp-json\/wp\/v2\/media\/5465"}],"wp:attachment":[{"href":"https:\/\/xenonkungen.com\/fi\/wp-json\/wp\/v2\/media?parent=5464"}],"wp:term":[{"taxonomy":"anvandningsomrade","embeddable":true,"href":"https:\/\/xenonkungen.com\/fi\/wp-json\/wp\/v2\/anvandningsomrade?post=5464"},{"taxonomy":"bilmarken","embeddable":true,"href":"https:\/\/xenonkungen.com\/fi\/wp-json\/wp\/v2\/bilmarken?post=5464"},{"taxonomy":"product_brand","embeddable":true,"href":"https:\/\/xenonkungen.com\/fi\/wp-json\/wp\/v2\/product_brand?post=5464"},{"taxonomy":"product_cat","embeddable":true,"href":"https:\/\/xenonkungen.com\/fi\/wp-json\/wp\/v2\/product_cat?post=5464"},{"taxonomy":"product_tag","embeddable":true,"href":"https:\/\/xenonkungen.com\/fi\/wp-json\/wp\/v2\/product_tag?post=5464"}],"curies":[{"name":"wp","href":"https:\/\/api.w.org\/{rel}","templated":true}]}}