{"id":5495,"date":"2025-04-15T09:31:14","date_gmt":"2025-04-15T09:31:14","guid":{"rendered":"https:\/\/xenonkungen.com\/product\/gylle-positionsljus-rod-6st-led\/"},"modified":"2026-04-11T01:42:11","modified_gmt":"2026-04-11T00:42:11","slug":"kultainen-asentovalo-punainen-6-ledia","status":"publish","type":"product","link":"https:\/\/xenonkungen.com\/fi\/tuote\/kultainen-asentovalo-punainen-6-ledia\/","title":{"rendered":"Gylle Parkkivalo Punainen 6 kpl LED"},"content":{"rendered":"<header>\n<h1>E-merkitty vaihtolasi punaisella lasilla \u2013 sopii t\u00e4ydellisesti kaikkiin Gyllen kumik\u00e4sivarsiin<\/h1>\n<\/header>\n<p><main><\/p>\n<p>P\u00e4ivit\u00e4 kumik\u00e4sivartesi meid\u00e4n avullamme <strong>E-merkityt varalasit punaisella lasilla<\/strong>Korkealaatuinen ja hyvin harkittu muotoilu tekee t\u00e4st\u00e4 lasinvaihto-osasta itsest\u00e4\u00e4n selv\u00e4n valinnan niille, jotka haluavat yhdist\u00e4\u00e4 turvallisuuden, toimivuuden ja tyylin ajoneuvoissaan.<\/p>\n<h2>T\u00e4rkeimm\u00e4t ominaisuudet ja edut<\/h2>\n<ul>\n<li><strong>E-merkitty laatu:<\/strong> T\u00e4ytt\u00e4\u00e4 EU:n ajoneuvoturvallisuus- ja laatustandardit.<\/li>\n<li><strong>Universaali istuvuus:<\/strong> Sopii kaikkiin Gyllen kumivarsiin, joten asennus on helppoa ja sujuvaa.<\/li>\n<li><strong>Reilun pituinen kaapeli:<\/strong> Varustettu 5 metrin kaapelilla, joka tarjoaa maksimaalisen joustavuuden asennuksen aikana.<\/li>\n<li><strong>Tyylik\u00e4s punainen lasi:<\/strong> Tarjoaa selke\u00e4n ja luotettavan valokuvan, joka sek\u00e4 parantaa turvallisuutta ett\u00e4 antaa ammattimaisen vaikutelman.<\/li>\n<\/ul>\n<h2>K\u00e4ytt\u00f6alueet<\/h2>\n<p>T\u00e4ydellinen kuorma-autoihin, per\u00e4vaunuihin, rakennuskoneisiin ja muihin ajoneuvoihin, joissa vaaditaan turvallista ja kest\u00e4v\u00e4\u00e4 valaistusta.<\/p>\n<p><main><\/p>\n<h2>Yhteensopivat OEM-numerot<\/h2>\n<ul>\n<li><span>230816631<\/span><\/li>\n<li>30796<\/li>\n<li><span>8181119<\/span><\/li>\n<li><span>830796<\/span><\/li>\n<\/ul>\n<p><\/main><\/p>\n<footer><\/footer>\n<p><\/main><\/p>","protected":false},"excerpt":{"rendered":"<p>10\u201330 V | 5 metrin kaapeli | 6 diodia | E-merkitty<\/p>","protected":false},"featured_media":5496,"comment_status":"closed","ping_status":"open","template":"","meta":{"_acf_changed":false,"_smort_price_nok":"501","_smort_price_dkk":"318","_smort_price_eur":"42.63","_smort_sale_price_nok":"","_smort_sale_price_dkk":"","_smort_sale_price_eur":"","smort_restorder":"","shipmondo_restorder":"","_kad_blocks_custom_css":"","_kad_blocks_head_custom_js":"","_kad_blocks_body_custom_js":"","_kad_blocks_footer_custom_js":"","smort_custom_pricelist_1":"300.16","smort_custom_pricelist_2":"262.64","smort_custom_pricelist_3":"243.88","smort_custom_pricelist_4":"375.2","smort_custom_pricelist_5":"262.64"},"anvandningsomrade":[166,238,2816],"bilmarken":[],"product_brand":[1640],"product_cat":[2478],"product_tag":[],"class_list":{"0":"post-5495","1":"product","2":"type-product","3":"status-publish","4":"has-post-thumbnail","6":"anvandningsomrade-lastbil","7":"anvandningsomrade-slap","8":"anvandningsomrade-trailer","9":"product_brand-gylle","10":"product_cat-positionsljus-slap","11":"pa_volt-v-10-30","13":"first","14":"instock","15":"taxable","16":"shipping-taxable","17":"purchasable","18":"product-type-simple"},"bundled_by":[],"bundle_stock_status":"instock","bundle_stock_quantity":4,"bundle_virtual":false,"bundle_layout":"","bundle_add_to_cart_form_location":"","bundle_editable_in_cart":false,"bundle_sold_individually_context":"","bundle_item_grouping":"","bundle_min_size":"","bundle_max_size":"","bundle_price":[],"bundled_items":[],"bundle_sell_ids":[],"acf":[],"yoast_head":"<!-- This site is optimized with the Yoast SEO plugin v27.0 - https:\/\/yoast.com\/product\/yoast-seo-wordpress\/ -->\n<title>Gylle Positionsljus R\u00f6d 6st LED - Xenonkungen<\/title>\n<meta name=\"robots\" content=\"index, follow, max-snippet:-1, max-image-preview:large, max-video-preview:-1\" \/>\n<link rel=\"canonical\" href=\"https:\/\/xenonkungen.com\/fi\/tuote\/kultainen-asentovalo-punainen-6-ledia\/\" \/>\n<meta property=\"og:locale\" content=\"fi_FI\" \/>\n<meta property=\"og:type\" content=\"article\" \/>\n<meta property=\"og:title\" content=\"Gylle Positionsljus R\u00f6d 6st LED - Xenonkungen\" \/>\n<meta property=\"og:description\" content=\"10-30V | 5 meterkabel | 6 dioder | E-m\u00e4rkt\" \/>\n<meta property=\"og:url\" content=\"https:\/\/xenonkungen.com\/fi\/tuote\/kultainen-asentovalo-punainen-6-ledia\/\" \/>\n<meta property=\"og:site_name\" content=\"Xenonkungen\" \/>\n<meta property=\"article:modified_time\" content=\"2026-04-11T00:42:11+00:00\" \/>\n<meta property=\"og:image\" content=\"https:\/\/xenonkungen.com\/wp-content\/uploads\/2025\/04\/217464087-origpic-57f93b.webp\" \/>\n\t<meta property=\"og:image:width\" content=\"460\" \/>\n\t<meta property=\"og:image:height\" content=\"345\" \/>\n\t<meta property=\"og:image:type\" content=\"image\/webp\" \/>\n<meta name=\"twitter:card\" content=\"summary_large_image\" \/>\n<meta name=\"twitter:label1\" content=\"Arvioitu lukuaika\" \/>\n\t<meta name=\"twitter:data1\" content=\"1 minuutti\" \/>\n<script type=\"application\/ld+json\" class=\"yoast-schema-graph\">{\"@context\":\"https:\/\/schema.org\",\"@graph\":[{\"@type\":\"WebPage\",\"@id\":\"https:\/\/xenonkungen.com\/de\/produkt\/goldene-positionsleuchte-rot-6-leds\/\",\"url\":\"https:\/\/xenonkungen.com\/de\/produkt\/goldene-positionsleuchte-rot-6-leds\/\",\"name\":\"Gylle Positionsljus R\u00f6d 6st LED - Xenonkungen\",\"isPartOf\":{\"@id\":\"https:\/\/xenonkungen.com\/#website\"},\"primaryImageOfPage\":{\"@id\":\"https:\/\/xenonkungen.com\/de\/produkt\/goldene-positionsleuchte-rot-6-leds\/#primaryimage\"},\"image\":{\"@id\":\"https:\/\/xenonkungen.com\/de\/produkt\/goldene-positionsleuchte-rot-6-leds\/#primaryimage\"},\"thumbnailUrl\":\"https:\/\/xenonkungen.com\/wp-content\/uploads\/2025\/04\/217464087-origpic-57f93b.webp\",\"datePublished\":\"2025-04-15T09:31:14+00:00\",\"dateModified\":\"2026-04-11T00:42:11+00:00\",\"breadcrumb\":{\"@id\":\"https:\/\/xenonkungen.com\/de\/produkt\/goldene-positionsleuchte-rot-6-leds\/#breadcrumb\"},\"inLanguage\":\"fi\",\"potentialAction\":[{\"@type\":\"ReadAction\",\"target\":[\"https:\/\/xenonkungen.com\/de\/produkt\/goldene-positionsleuchte-rot-6-leds\/\"]}]},{\"@type\":\"ImageObject\",\"inLanguage\":\"fi\",\"@id\":\"https:\/\/xenonkungen.com\/de\/produkt\/goldene-positionsleuchte-rot-6-leds\/#primaryimage\",\"url\":\"https:\/\/xenonkungen.com\/wp-content\/uploads\/2025\/04\/217464087-origpic-57f93b.webp\",\"contentUrl\":\"https:\/\/xenonkungen.com\/wp-content\/uploads\/2025\/04\/217464087-origpic-57f93b.webp\",\"width\":460,\"height\":345},{\"@type\":\"BreadcrumbList\",\"@id\":\"https:\/\/xenonkungen.com\/de\/produkt\/goldene-positionsleuchte-rot-6-leds\/#breadcrumb\",\"itemListElement\":[{\"@type\":\"ListItem\",\"position\":1,\"name\":\"Hem\",\"item\":\"https:\/\/xenonkungen.com\/\"},{\"@type\":\"ListItem\",\"position\":2,\"name\":\"Shop\",\"item\":\"https:\/\/xenonkungen.com\/shop\/\"},{\"@type\":\"ListItem\",\"position\":3,\"name\":\"Gylle Positionsljus R\u00f6d 6st LED\"}]},{\"@type\":\"WebSite\",\"@id\":\"https:\/\/xenonkungen.com\/#website\",\"url\":\"https:\/\/xenonkungen.com\/\",\"name\":\"Xenonkungen\",\"description\":\"\",\"potentialAction\":[{\"@type\":\"SearchAction\",\"target\":{\"@type\":\"EntryPoint\",\"urlTemplate\":\"https:\/\/xenonkungen.com\/?s={search_term_string}\"},\"query-input\":{\"@type\":\"PropertyValueSpecification\",\"valueRequired\":true,\"valueName\":\"search_term_string\"}}],\"inLanguage\":\"fi\"}]}<\/script>\n<!-- \/ Yoast SEO plugin. -->","yoast_head_json":{"title":"Gylle Position Light Red 6kpl LED - Xenonkungen","robots":{"index":"index","follow":"follow","max-snippet":"max-snippet:-1","max-image-preview":"max-image-preview:large","max-video-preview":"max-video-preview:-1"},"canonical":"https:\/\/xenonkungen.com\/fi\/tuote\/kultainen-asentovalo-punainen-6-ledia\/","og_locale":"fi_FI","og_type":"article","og_title":"Gylle Positionsljus R\u00f6d 6st LED - Xenonkungen","og_description":"10-30V | 5 meterkabel | 6 dioder | E-m\u00e4rkt","og_url":"https:\/\/xenonkungen.com\/fi\/tuote\/kultainen-asentovalo-punainen-6-ledia\/","og_site_name":"Xenonkungen","article_modified_time":"2026-04-11T00:42:11+00:00","og_image":[{"width":460,"height":345,"url":"https:\/\/xenonkungen.com\/wp-content\/uploads\/2025\/04\/217464087-origpic-57f93b.webp","type":"image\/webp"}],"twitter_card":"summary_large_image","twitter_misc":{"Arvioitu lukuaika":"1 minuutti"},"schema":{"@context":"https:\/\/schema.org","@graph":[{"@type":"WebPage","@id":"https:\/\/xenonkungen.com\/de\/produkt\/goldene-positionsleuchte-rot-6-leds\/","url":"https:\/\/xenonkungen.com\/de\/produkt\/goldene-positionsleuchte-rot-6-leds\/","name":"Gylle Position Light Red 6kpl LED - Xenonkungen","isPartOf":{"@id":"https:\/\/xenonkungen.com\/#website"},"primaryImageOfPage":{"@id":"https:\/\/xenonkungen.com\/de\/produkt\/goldene-positionsleuchte-rot-6-leds\/#primaryimage"},"image":{"@id":"https:\/\/xenonkungen.com\/de\/produkt\/goldene-positionsleuchte-rot-6-leds\/#primaryimage"},"thumbnailUrl":"https:\/\/xenonkungen.com\/wp-content\/uploads\/2025\/04\/217464087-origpic-57f93b.webp","datePublished":"2025-04-15T09:31:14+00:00","dateModified":"2026-04-11T00:42:11+00:00","breadcrumb":{"@id":"https:\/\/xenonkungen.com\/de\/produkt\/goldene-positionsleuchte-rot-6-leds\/#breadcrumb"},"inLanguage":"fi","potentialAction":[{"@type":"ReadAction","target":["https:\/\/xenonkungen.com\/de\/produkt\/goldene-positionsleuchte-rot-6-leds\/"]}]},{"@type":"ImageObject","inLanguage":"fi","@id":"https:\/\/xenonkungen.com\/de\/produkt\/goldene-positionsleuchte-rot-6-leds\/#primaryimage","url":"https:\/\/xenonkungen.com\/wp-content\/uploads\/2025\/04\/217464087-origpic-57f93b.webp","contentUrl":"https:\/\/xenonkungen.com\/wp-content\/uploads\/2025\/04\/217464087-origpic-57f93b.webp","width":460,"height":345},{"@type":"BreadcrumbList","@id":"https:\/\/xenonkungen.com\/de\/produkt\/goldene-positionsleuchte-rot-6-leds\/#breadcrumb","itemListElement":[{"@type":"ListItem","position":1,"name":"Hem","item":"https:\/\/xenonkungen.com\/"},{"@type":"ListItem","position":2,"name":"Shop","item":"https:\/\/xenonkungen.com\/shop\/"},{"@type":"ListItem","position":3,"name":"Gylle Positionsljus R\u00f6d 6st LED"}]},{"@type":"WebSite","@id":"https:\/\/xenonkungen.com\/#website","url":"https:\/\/xenonkungen.com\/","name":"Xenonkungen","description":"","potentialAction":[{"@type":"SearchAction","target":{"@type":"EntryPoint","urlTemplate":"https:\/\/xenonkungen.com\/?s={search_term_string}"},"query-input":{"@type":"PropertyValueSpecification","valueRequired":true,"valueName":"search_term_string"}}],"inLanguage":"fi"}]}},"taxonomy_info":{"anvandningsomrade":[{"value":166,"label":"Lastbil"},{"value":238,"label":"SL\u00c4P"},{"value":2816,"label":"TRAILER"}],"product_brand":[{"value":1640,"label":"Gylle"}],"product_cat":[{"value":2478,"label":"Positionsljus"}],"pa_volt-v":[{"value":1419,"label":"10-30"}]},"featured_image_src_large":["https:\/\/xenonkungen.com\/wp-content\/uploads\/2025\/04\/217464087-origpic-57f93b.webp",460,345,false],"author_info":[],"comment_info":0,"_links":{"self":[{"href":"https:\/\/xenonkungen.com\/fi\/wp-json\/wp\/v2\/product\/5495","targetHints":{"allow":["GET"]}}],"collection":[{"href":"https:\/\/xenonkungen.com\/fi\/wp-json\/wp\/v2\/product"}],"about":[{"href":"https:\/\/xenonkungen.com\/fi\/wp-json\/wp\/v2\/types\/product"}],"replies":[{"embeddable":true,"href":"https:\/\/xenonkungen.com\/fi\/wp-json\/wp\/v2\/comments?post=5495"}],"wp:featuredmedia":[{"embeddable":true,"href":"https:\/\/xenonkungen.com\/fi\/wp-json\/wp\/v2\/media\/5496"}],"wp:attachment":[{"href":"https:\/\/xenonkungen.com\/fi\/wp-json\/wp\/v2\/media?parent=5495"}],"wp:term":[{"taxonomy":"anvandningsomrade","embeddable":true,"href":"https:\/\/xenonkungen.com\/fi\/wp-json\/wp\/v2\/anvandningsomrade?post=5495"},{"taxonomy":"bilmarken","embeddable":true,"href":"https:\/\/xenonkungen.com\/fi\/wp-json\/wp\/v2\/bilmarken?post=5495"},{"taxonomy":"product_brand","embeddable":true,"href":"https:\/\/xenonkungen.com\/fi\/wp-json\/wp\/v2\/product_brand?post=5495"},{"taxonomy":"product_cat","embeddable":true,"href":"https:\/\/xenonkungen.com\/fi\/wp-json\/wp\/v2\/product_cat?post=5495"},{"taxonomy":"product_tag","embeddable":true,"href":"https:\/\/xenonkungen.com\/fi\/wp-json\/wp\/v2\/product_tag?post=5495"}],"curies":[{"name":"wp","href":"https:\/\/api.w.org\/{rel}","templated":true}]}}