{"id":5519,"date":"2025-04-15T09:31:18","date_gmt":"2025-04-15T09:31:18","guid":{"rendered":"https:\/\/xenonkungen.com\/product\/gylle-gummiarm-kort-110mm\/"},"modified":"2025-12-10T14:46:48","modified_gmt":"2025-12-10T13:46:48","slug":"lietekumivarsi-lyhyt-110mm","status":"publish","type":"product","link":"https:\/\/xenonkungen.com\/fi\/tuote\/lietekumivarsi-lyhyt-110mm\/","title":{"rendered":"Lietelannan kumivarsi lyhyt 110mm"},"content":{"rendered":"<h1>Lyhyt kumivarsi 110 mm \u2013 Joustava ja kest\u00e4v\u00e4<\/h1>\n<p>Etsitk\u00f6 <strong>kest\u00e4v\u00e4 ja joustava kumivarsi<\/strong> valaistukseen? T\u00e4m\u00e4 <strong>110 mm lyhyt kumivarsi<\/strong> on t\u00e4ydellinen ratkaisu ja sopii yht\u00e4 hyvin <strong>irralliset diodi-insertit<\/strong> kuten a:n kanssa <strong>ruostumattomasta ter\u00e4ksest\u00e4 valmistettu lampunpidin<\/strong>.<\/p>\n<h2>Miksi valita t\u00e4m\u00e4 kumivarsi?<\/h2>\n<ul>\n<li><strong>Joustava kiinnitys:<\/strong> Yhteensopiva sek\u00e4 diodien ett\u00e4 ruostumattomasta ter\u00e4ksest\u00e4 valmistettujen lampunpitimien kanssa.<\/li>\n<li><strong>Kest\u00e4v\u00e4 kumirakenne:<\/strong> Kest\u00e4\u00e4 vaativia olosuhteita ja on pitk\u00e4ik\u00e4inen.<\/li>\n<li><strong>T\u00e4ydellinen koko:<\/strong> 110 mm lyhyt rakenne helppoa asennusta varten.<\/li>\n<li><strong>Monipuolinen k\u00e4ytt\u00f6:<\/strong> Sopii erilaisiin valaistustarpeisiin liikenteess\u00e4 ja teollisuudessa.<\/li>\n<\/ul>\n<h2>Yhteensopivat OEM-numerot:<\/h2>\n<ul>\n<li>230819810<\/li>\n<li>2BM800<\/li>\n<li>3022<\/li>\n<li>30910<\/li>\n<li>8181117<\/li>\n<\/ul>\n<p>Olitpa sitten p\u00e4ivitt\u00e4m\u00e4ss\u00e4 valaistustasi tai vaihtamassa kulunutta osaa, t\u00e4m\u00e4 on <strong>kumivarsi luotettava ja kest\u00e4v\u00e4 ratkaisu<\/strong>.<\/p>","protected":false},"excerpt":{"rendered":"<p>Gummiarm Kort 110 mm \u2013 Flexibel och H\u00e5llbar Letar du efter en robust och flexibel gummiarm f\u00f6r din belysning? Denna 110 mm korta gummiarm \u00e4r den perfekta l\u00f6sningen och passar lika bra med l\u00f6sa diodinsatser som med en rostfri lamph\u00e5llare. Varf\u00f6r v\u00e4lja denna gummiarm? Flexibel montering: Kompatibel med b\u00e5de diodinsatser och rostfria lamph\u00e5llare. Slitstark gummikonstruktion: [&hellip;]<\/p>","protected":false},"featured_media":5520,"comment_status":"closed","ping_status":"open","template":"","meta":{"_acf_changed":false,"_smort_price_nok":"116","_smort_price_dkk":"74","_smort_price_eur":"9.91","_smort_sale_price_nok":"","_smort_sale_price_dkk":"","_smort_sale_price_eur":"","smort_restorder":"","shipmondo_restorder":"","_kad_blocks_custom_css":"","_kad_blocks_head_custom_js":"","_kad_blocks_body_custom_js":"","_kad_blocks_footer_custom_js":"","smort_custom_pricelist_1":"69.76","smort_custom_pricelist_2":"61.04","smort_custom_pricelist_3":"61.04","smort_custom_pricelist_4":"87.2","smort_custom_pricelist_5":"61.04"},"anvandningsomrade":[166,238,2816],"bilmarken":[],"product_brand":[1640],"product_cat":[2446],"product_tag":[],"class_list":{"0":"post-5519","1":"product","2":"type-product","3":"status-publish","4":"has-post-thumbnail","6":"anvandningsomrade-lastbil","7":"anvandningsomrade-slap","8":"anvandningsomrade-trailer","9":"product_brand-gylle","10":"product_cat-tillbehor-slap","11":"pa_storlek-mm-1648","13":"first","14":"instock","15":"taxable","16":"shipping-taxable","17":"purchasable","18":"product-type-simple"},"bundled_by":[],"bundle_stock_status":"instock","bundle_stock_quantity":2,"bundle_virtual":false,"bundle_layout":"","bundle_add_to_cart_form_location":"","bundle_editable_in_cart":false,"bundle_sold_individually_context":"","bundle_item_grouping":"","bundle_min_size":"","bundle_max_size":"","bundle_price":[],"bundled_items":[],"bundle_sell_ids":[],"acf":[],"yoast_head":"<!-- This site is optimized with the Yoast SEO plugin v27.0 - https:\/\/yoast.com\/product\/yoast-seo-wordpress\/ -->\n<title>Gylle Gummiarm Kort 110mm - Xenonkungen<\/title>\n<meta name=\"robots\" content=\"index, follow, max-snippet:-1, max-image-preview:large, max-video-preview:-1\" \/>\n<link rel=\"canonical\" href=\"https:\/\/xenonkungen.com\/fi\/tuote\/lietekumivarsi-lyhyt-110mm\/\" \/>\n<meta property=\"og:locale\" content=\"fi_FI\" \/>\n<meta property=\"og:type\" content=\"article\" \/>\n<meta property=\"og:title\" content=\"Gylle Gummiarm Kort 110mm - Xenonkungen\" \/>\n<meta property=\"og:description\" content=\"Gummiarm Kort 110 mm \u2013 Flexibel och H\u00e5llbar Letar du efter en robust och flexibel gummiarm f\u00f6r din belysning? Denna 110 mm korta gummiarm \u00e4r den perfekta l\u00f6sningen och passar lika bra med l\u00f6sa diodinsatser som med en rostfri lamph\u00e5llare. Varf\u00f6r v\u00e4lja denna gummiarm? Flexibel montering: Kompatibel med b\u00e5de diodinsatser och rostfria lamph\u00e5llare. Slitstark gummikonstruktion: [&hellip;]\" \/>\n<meta property=\"og:url\" content=\"https:\/\/xenonkungen.com\/fi\/tuote\/lietekumivarsi-lyhyt-110mm\/\" \/>\n<meta property=\"og:site_name\" content=\"Xenonkungen\" \/>\n<meta property=\"article:modified_time\" content=\"2025-12-10T13:46:48+00:00\" \/>\n<meta property=\"og:image\" content=\"https:\/\/xenonkungen.com\/wp-content\/uploads\/2025\/04\/217684111-origpic-3d61ba.jpg\" \/>\n\t<meta property=\"og:image:width\" content=\"476\" \/>\n\t<meta property=\"og:image:height\" content=\"593\" \/>\n\t<meta property=\"og:image:type\" content=\"image\/jpeg\" \/>\n<meta name=\"twitter:card\" content=\"summary_large_image\" \/>\n<meta name=\"twitter:label1\" content=\"Arvioitu lukuaika\" \/>\n\t<meta name=\"twitter:data1\" content=\"1 minuutti\" \/>\n<script type=\"application\/ld+json\" class=\"yoast-schema-graph\">{\"@context\":\"https:\/\/schema.org\",\"@graph\":[{\"@type\":\"WebPage\",\"@id\":\"https:\/\/xenonkungen.com\/dk\/vare\/gummiarm-til-slam-kort-110-mm\/\",\"url\":\"https:\/\/xenonkungen.com\/dk\/vare\/gummiarm-til-slam-kort-110-mm\/\",\"name\":\"Gylle Gummiarm Kort 110mm - Xenonkungen\",\"isPartOf\":{\"@id\":\"https:\/\/xenonkungen.com\/#website\"},\"primaryImageOfPage\":{\"@id\":\"https:\/\/xenonkungen.com\/dk\/vare\/gummiarm-til-slam-kort-110-mm\/#primaryimage\"},\"image\":{\"@id\":\"https:\/\/xenonkungen.com\/dk\/vare\/gummiarm-til-slam-kort-110-mm\/#primaryimage\"},\"thumbnailUrl\":\"https:\/\/xenonkungen.com\/wp-content\/uploads\/2025\/04\/217684111-origpic-3d61ba.jpg\",\"datePublished\":\"2025-04-15T09:31:18+00:00\",\"dateModified\":\"2025-12-10T13:46:48+00:00\",\"breadcrumb\":{\"@id\":\"https:\/\/xenonkungen.com\/dk\/vare\/gummiarm-til-slam-kort-110-mm\/#breadcrumb\"},\"inLanguage\":\"fi\",\"potentialAction\":[{\"@type\":\"ReadAction\",\"target\":[\"https:\/\/xenonkungen.com\/dk\/vare\/gummiarm-til-slam-kort-110-mm\/\"]}]},{\"@type\":\"ImageObject\",\"inLanguage\":\"fi\",\"@id\":\"https:\/\/xenonkungen.com\/dk\/vare\/gummiarm-til-slam-kort-110-mm\/#primaryimage\",\"url\":\"https:\/\/xenonkungen.com\/wp-content\/uploads\/2025\/04\/217684111-origpic-3d61ba.jpg\",\"contentUrl\":\"https:\/\/xenonkungen.com\/wp-content\/uploads\/2025\/04\/217684111-origpic-3d61ba.jpg\",\"width\":476,\"height\":593},{\"@type\":\"BreadcrumbList\",\"@id\":\"https:\/\/xenonkungen.com\/dk\/vare\/gummiarm-til-slam-kort-110-mm\/#breadcrumb\",\"itemListElement\":[{\"@type\":\"ListItem\",\"position\":1,\"name\":\"Hem\",\"item\":\"https:\/\/xenonkungen.com\/\"},{\"@type\":\"ListItem\",\"position\":2,\"name\":\"Shop\",\"item\":\"https:\/\/xenonkungen.com\/shop\/\"},{\"@type\":\"ListItem\",\"position\":3,\"name\":\"Gylle Gummiarm Kort 110mm\"}]},{\"@type\":\"WebSite\",\"@id\":\"https:\/\/xenonkungen.com\/#website\",\"url\":\"https:\/\/xenonkungen.com\/\",\"name\":\"Xenonkungen\",\"description\":\"\",\"potentialAction\":[{\"@type\":\"SearchAction\",\"target\":{\"@type\":\"EntryPoint\",\"urlTemplate\":\"https:\/\/xenonkungen.com\/?s={search_term_string}\"},\"query-input\":{\"@type\":\"PropertyValueSpecification\",\"valueRequired\":true,\"valueName\":\"search_term_string\"}}],\"inLanguage\":\"fi\"}]}<\/script>\n<!-- \/ Yoast SEO plugin. -->","yoast_head_json":{"title":"Kultainen kumivarsi lyhyt 110 mm - Xenon King","robots":{"index":"index","follow":"follow","max-snippet":"max-snippet:-1","max-image-preview":"max-image-preview:large","max-video-preview":"max-video-preview:-1"},"canonical":"https:\/\/xenonkungen.com\/fi\/tuote\/lietekumivarsi-lyhyt-110mm\/","og_locale":"fi_FI","og_type":"article","og_title":"Gylle Gummiarm Kort 110mm - Xenonkungen","og_description":"Gummiarm Kort 110 mm \u2013 Flexibel och H\u00e5llbar Letar du efter en robust och flexibel gummiarm f\u00f6r din belysning? Denna 110 mm korta gummiarm \u00e4r den perfekta l\u00f6sningen och passar lika bra med l\u00f6sa diodinsatser som med en rostfri lamph\u00e5llare. Varf\u00f6r v\u00e4lja denna gummiarm? Flexibel montering: Kompatibel med b\u00e5de diodinsatser och rostfria lamph\u00e5llare. Slitstark gummikonstruktion: [&hellip;]","og_url":"https:\/\/xenonkungen.com\/fi\/tuote\/lietekumivarsi-lyhyt-110mm\/","og_site_name":"Xenonkungen","article_modified_time":"2025-12-10T13:46:48+00:00","og_image":[{"width":476,"height":593,"url":"https:\/\/xenonkungen.com\/wp-content\/uploads\/2025\/04\/217684111-origpic-3d61ba.jpg","type":"image\/jpeg"}],"twitter_card":"summary_large_image","twitter_misc":{"Arvioitu lukuaika":"1 minuutti"},"schema":{"@context":"https:\/\/schema.org","@graph":[{"@type":"WebPage","@id":"https:\/\/xenonkungen.com\/dk\/vare\/gummiarm-til-slam-kort-110-mm\/","url":"https:\/\/xenonkungen.com\/dk\/vare\/gummiarm-til-slam-kort-110-mm\/","name":"Kultainen kumivarsi lyhyt 110 mm - Xenon King","isPartOf":{"@id":"https:\/\/xenonkungen.com\/#website"},"primaryImageOfPage":{"@id":"https:\/\/xenonkungen.com\/dk\/vare\/gummiarm-til-slam-kort-110-mm\/#primaryimage"},"image":{"@id":"https:\/\/xenonkungen.com\/dk\/vare\/gummiarm-til-slam-kort-110-mm\/#primaryimage"},"thumbnailUrl":"https:\/\/xenonkungen.com\/wp-content\/uploads\/2025\/04\/217684111-origpic-3d61ba.jpg","datePublished":"2025-04-15T09:31:18+00:00","dateModified":"2025-12-10T13:46:48+00:00","breadcrumb":{"@id":"https:\/\/xenonkungen.com\/dk\/vare\/gummiarm-til-slam-kort-110-mm\/#breadcrumb"},"inLanguage":"fi","potentialAction":[{"@type":"ReadAction","target":["https:\/\/xenonkungen.com\/dk\/vare\/gummiarm-til-slam-kort-110-mm\/"]}]},{"@type":"ImageObject","inLanguage":"fi","@id":"https:\/\/xenonkungen.com\/dk\/vare\/gummiarm-til-slam-kort-110-mm\/#primaryimage","url":"https:\/\/xenonkungen.com\/wp-content\/uploads\/2025\/04\/217684111-origpic-3d61ba.jpg","contentUrl":"https:\/\/xenonkungen.com\/wp-content\/uploads\/2025\/04\/217684111-origpic-3d61ba.jpg","width":476,"height":593},{"@type":"BreadcrumbList","@id":"https:\/\/xenonkungen.com\/dk\/vare\/gummiarm-til-slam-kort-110-mm\/#breadcrumb","itemListElement":[{"@type":"ListItem","position":1,"name":"Hem","item":"https:\/\/xenonkungen.com\/"},{"@type":"ListItem","position":2,"name":"Shop","item":"https:\/\/xenonkungen.com\/shop\/"},{"@type":"ListItem","position":3,"name":"Gylle Gummiarm Kort 110mm"}]},{"@type":"WebSite","@id":"https:\/\/xenonkungen.com\/#website","url":"https:\/\/xenonkungen.com\/","name":"Xenonkungen","description":"","potentialAction":[{"@type":"SearchAction","target":{"@type":"EntryPoint","urlTemplate":"https:\/\/xenonkungen.com\/?s={search_term_string}"},"query-input":{"@type":"PropertyValueSpecification","valueRequired":true,"valueName":"search_term_string"}}],"inLanguage":"fi"}]}},"taxonomy_info":{"anvandningsomrade":[{"value":166,"label":"Lastbil"},{"value":238,"label":"SL\u00c4P"},{"value":2816,"label":"TRAILER"}],"product_brand":[{"value":1640,"label":"Gylle"}],"product_cat":[{"value":2446,"label":"Tillbeh\u00f6r"}],"pa_storlek-mm":[{"value":1648,"label":"110"}]},"featured_image_src_large":["https:\/\/xenonkungen.com\/wp-content\/uploads\/2025\/04\/217684111-origpic-3d61ba.jpg",476,593,false],"author_info":[],"comment_info":0,"_links":{"self":[{"href":"https:\/\/xenonkungen.com\/fi\/wp-json\/wp\/v2\/product\/5519","targetHints":{"allow":["GET"]}}],"collection":[{"href":"https:\/\/xenonkungen.com\/fi\/wp-json\/wp\/v2\/product"}],"about":[{"href":"https:\/\/xenonkungen.com\/fi\/wp-json\/wp\/v2\/types\/product"}],"replies":[{"embeddable":true,"href":"https:\/\/xenonkungen.com\/fi\/wp-json\/wp\/v2\/comments?post=5519"}],"wp:featuredmedia":[{"embeddable":true,"href":"https:\/\/xenonkungen.com\/fi\/wp-json\/wp\/v2\/media\/5520"}],"wp:attachment":[{"href":"https:\/\/xenonkungen.com\/fi\/wp-json\/wp\/v2\/media?parent=5519"}],"wp:term":[{"taxonomy":"anvandningsomrade","embeddable":true,"href":"https:\/\/xenonkungen.com\/fi\/wp-json\/wp\/v2\/anvandningsomrade?post=5519"},{"taxonomy":"bilmarken","embeddable":true,"href":"https:\/\/xenonkungen.com\/fi\/wp-json\/wp\/v2\/bilmarken?post=5519"},{"taxonomy":"product_brand","embeddable":true,"href":"https:\/\/xenonkungen.com\/fi\/wp-json\/wp\/v2\/product_brand?post=5519"},{"taxonomy":"product_cat","embeddable":true,"href":"https:\/\/xenonkungen.com\/fi\/wp-json\/wp\/v2\/product_cat?post=5519"},{"taxonomy":"product_tag","embeddable":true,"href":"https:\/\/xenonkungen.com\/fi\/wp-json\/wp\/v2\/product_tag?post=5519"}],"curies":[{"name":"wp","href":"https:\/\/api.w.org\/{rel}","templated":true}]}}