{"id":5523,"date":"2025-04-15T09:31:26","date_gmt":"2025-04-15T09:31:26","guid":{"rendered":"https:\/\/xenonkungen.com\/product\/aspock-tail-lamp-europoint-iii-left\/"},"modified":"2026-04-24T17:46:37","modified_gmt":"2026-04-24T16:46:37","slug":"aspock-takavalo-europoint-iii-vasen","status":"publish","type":"product","link":"https:\/\/xenonkungen.com\/fi\/tuote\/aspock-takavalo-europoint-iii-vasen\/","title":{"rendered":"Asp\u00f6ck takavalaisin Europoint III Vasen"},"content":{"rendered":"<h1>Asp\u00f6ck Europoint III \u2013 Innovatiivinen takavalo raskaisiin per\u00e4vaunuihin<\/h1>\n<p>P\u00e4ivit\u00e4 per\u00e4vaunusi <strong>Asp\u00f6ck Europoint III<\/strong>, moderni ja tehokas takavalo, joka yhdist\u00e4\u00e4 uraauurtavan valonohjaustekniikan ja \u00e4lykk\u00e4\u00e4n muotoilun optimaalisen turvallisuuden ja n\u00e4kyvyyden takaamiseksi tiell\u00e4.<\/p>\n<h2>Ensimm\u00e4isen\u00e4 valokuituoptiikalla<\/h2>\n<p>Europoint III on ensimm\u00e4inen valonjohtimilla (kuituoptiikka) varustettu takavalo, joka on saanut inspiraationsa autoteollisuuden uusimmasta teknologiasta. Se tarjoaa tasaisen ja selke\u00e4n valokuvion, joka parantaa n\u00e4kyvyytt\u00e4 ja antaa per\u00e4vaunullesi modernin ilmeen.<\/p>\n<h2>Ominaisuudet ja edut<\/h2>\n<ul>\n<li><strong>Joustava LED-merkkivalo<\/strong> \u2013 Mahdollisuus asentaa suoraan eritt\u00e4in joustava LED-ulkoprofiili.<\/li>\n<li><strong>\u00c4lyk\u00e4s yhteys<\/strong> \u2013 Esijohdotettu 7-napainen keskusliit\u00e4nt\u00e4 (Asp\u00f6ck ASS2.1), ja tarvittaessa mahdollisuus lis\u00e4t\u00e4 7. napa.<\/li>\n<li><strong>Kest\u00e4v\u00e4 ja kest\u00e4v\u00e4<\/strong> \u2013 Rakennettu kest\u00e4m\u00e4\u00e4n vaikeimmatkin tieolosuhteet.<\/li>\n<li><strong>T\u00e4ydellinen istuvuus<\/strong> \u2013 Kompakti muotoilu, mitat 400 x 153 x 88 mm, helppo asentaa.<\/li>\n<\/ul>\n<h2>Yhteensopivat OEM-numerot:<\/h2>\n<ul>\n<li>257000507<\/li>\n<\/ul>","protected":false},"excerpt":{"rendered":"<p>Asp\u00f6ck Europoint III \u2013 Innovativ Baklykta f\u00f6r Tunga Sl\u00e4p Uppgradera ditt sl\u00e4p med Asp\u00f6ck Europoint III, en modern och h\u00f6gpresterande baklykta som kombinerar banbrytande ljusledarteknik och smart design f\u00f6r optimal s\u00e4kerhet och synlighet p\u00e5 v\u00e4gen. F\u00f6rst med fiberoptik Europoint III \u00e4r den f\u00f6rsta baklyktan med ljusledare (fiberoptik), inspirerad av den senaste tekniken inom fordonsindustrin. Den [&hellip;]<\/p>","protected":false},"featured_media":5524,"comment_status":"closed","ping_status":"open","template":"","meta":{"_acf_changed":false,"_smort_price_nok":"1810","_smort_price_dkk":"1150","_smort_price_eur":"154.08","_smort_sale_price_nok":"","_smort_sale_price_dkk":"","_smort_sale_price_eur":"","smort_restorder":"","shipmondo_restorder":"","_kad_blocks_custom_css":"","_kad_blocks_head_custom_js":"","_kad_blocks_body_custom_js":"","_kad_blocks_footer_custom_js":"","smort_custom_pricelist_1":"1084.8","smort_custom_pricelist_2":"949.2","smort_custom_pricelist_3":"949.2","smort_custom_pricelist_4":"1356","smort_custom_pricelist_5":"949.2"},"anvandningsomrade":[166,238,2816],"bilmarken":[],"product_brand":[1649],"product_cat":[3052,3048,2552],"product_tag":[],"class_list":{"0":"post-5523","1":"product","2":"type-product","3":"status-publish","4":"has-post-thumbnail","6":"anvandningsomrade-lastbil","7":"anvandningsomrade-slap","8":"anvandningsomrade-trailer","9":"product_brand-aspock","10":"product_cat-bakljus-aspock","11":"product_cat-bakljus-kombination-rektangular","12":"product_cat-bakljus-slap","13":"pa_storlek-mm-400x153x88","15":"first","16":"instock","17":"taxable","18":"shipping-taxable","19":"purchasable","20":"product-type-simple"},"bundled_by":[],"bundle_stock_status":"instock","bundle_stock_quantity":1,"bundle_virtual":false,"bundle_layout":"","bundle_add_to_cart_form_location":"","bundle_editable_in_cart":false,"bundle_sold_individually_context":"","bundle_item_grouping":"","bundle_min_size":"","bundle_max_size":"","bundle_price":[],"bundled_items":[],"bundle_sell_ids":[],"acf":[],"yoast_head":"<!-- This site is optimized with the Yoast SEO plugin v27.0 - https:\/\/yoast.com\/product\/yoast-seo-wordpress\/ -->\n<title>Asp\u00f6ck Tail Lamp Europoint III Left - Xenonkungen<\/title>\n<meta name=\"robots\" content=\"index, follow, max-snippet:-1, max-image-preview:large, max-video-preview:-1\" \/>\n<link rel=\"canonical\" href=\"https:\/\/xenonkungen.com\/fi\/tuote\/aspock-takavalo-europoint-iii-vasen\/\" \/>\n<meta property=\"og:locale\" content=\"fi_FI\" \/>\n<meta property=\"og:type\" content=\"article\" \/>\n<meta property=\"og:title\" content=\"Asp\u00f6ck Tail Lamp Europoint III Left - Xenonkungen\" \/>\n<meta property=\"og:description\" content=\"Asp\u00f6ck Europoint III \u2013 Innovativ Baklykta f\u00f6r Tunga Sl\u00e4p Uppgradera ditt sl\u00e4p med Asp\u00f6ck Europoint III, en modern och h\u00f6gpresterande baklykta som kombinerar banbrytande ljusledarteknik och smart design f\u00f6r optimal s\u00e4kerhet och synlighet p\u00e5 v\u00e4gen. F\u00f6rst med fiberoptik Europoint III \u00e4r den f\u00f6rsta baklyktan med ljusledare (fiberoptik), inspirerad av den senaste tekniken inom fordonsindustrin. Den [&hellip;]\" \/>\n<meta property=\"og:url\" content=\"https:\/\/xenonkungen.com\/fi\/tuote\/aspock-takavalo-europoint-iii-vasen\/\" \/>\n<meta property=\"og:site_name\" content=\"Xenonkungen\" \/>\n<meta property=\"article:modified_time\" content=\"2026-04-24T16:46:37+00:00\" \/>\n<meta property=\"og:image\" content=\"https:\/\/xenonkungen.com\/wp-content\/uploads\/2025\/04\/217689425-origpic-2f3377.jpg\" \/>\n\t<meta property=\"og:image:width\" content=\"1500\" \/>\n\t<meta property=\"og:image:height\" content=\"1000\" \/>\n\t<meta property=\"og:image:type\" content=\"image\/jpeg\" \/>\n<meta name=\"twitter:card\" content=\"summary_large_image\" \/>\n<meta name=\"twitter:label1\" content=\"Arvioitu lukuaika\" \/>\n\t<meta name=\"twitter:data1\" content=\"1 minuutti\" \/>\n<script type=\"application\/ld+json\" class=\"yoast-schema-graph\">{\"@context\":\"https:\/\/schema.org\",\"@graph\":[{\"@type\":\"WebPage\",\"@id\":\"https:\/\/xenonkungen.com\/produkt\/aspock-tail-lamp-europoint-iii-left\/\",\"url\":\"https:\/\/xenonkungen.com\/produkt\/aspock-tail-lamp-europoint-iii-left\/\",\"name\":\"Asp\u00f6ck Tail Lamp Europoint III Left - Xenonkungen\",\"isPartOf\":{\"@id\":\"https:\/\/xenonkungen.com\/#website\"},\"primaryImageOfPage\":{\"@id\":\"https:\/\/xenonkungen.com\/produkt\/aspock-tail-lamp-europoint-iii-left\/#primaryimage\"},\"image\":{\"@id\":\"https:\/\/xenonkungen.com\/produkt\/aspock-tail-lamp-europoint-iii-left\/#primaryimage\"},\"thumbnailUrl\":\"https:\/\/xenonkungen.com\/wp-content\/uploads\/2025\/04\/217689425-origpic-2f3377.jpg\",\"datePublished\":\"2025-04-15T09:31:26+00:00\",\"dateModified\":\"2026-04-24T16:46:37+00:00\",\"breadcrumb\":{\"@id\":\"https:\/\/xenonkungen.com\/produkt\/aspock-tail-lamp-europoint-iii-left\/#breadcrumb\"},\"inLanguage\":\"fi\",\"potentialAction\":[{\"@type\":\"ReadAction\",\"target\":[\"https:\/\/xenonkungen.com\/produkt\/aspock-tail-lamp-europoint-iii-left\/\"]}]},{\"@type\":\"ImageObject\",\"inLanguage\":\"fi\",\"@id\":\"https:\/\/xenonkungen.com\/produkt\/aspock-tail-lamp-europoint-iii-left\/#primaryimage\",\"url\":\"https:\/\/xenonkungen.com\/wp-content\/uploads\/2025\/04\/217689425-origpic-2f3377.jpg\",\"contentUrl\":\"https:\/\/xenonkungen.com\/wp-content\/uploads\/2025\/04\/217689425-origpic-2f3377.jpg\",\"width\":1500,\"height\":1000},{\"@type\":\"BreadcrumbList\",\"@id\":\"https:\/\/xenonkungen.com\/produkt\/aspock-tail-lamp-europoint-iii-left\/#breadcrumb\",\"itemListElement\":[{\"@type\":\"ListItem\",\"position\":1,\"name\":\"Hem\",\"item\":\"https:\/\/xenonkungen.com\/\"},{\"@type\":\"ListItem\",\"position\":2,\"name\":\"Shop\",\"item\":\"https:\/\/xenonkungen.com\/shop\/\"},{\"@type\":\"ListItem\",\"position\":3,\"name\":\"Asp\u00f6ck Tail Lamp Europoint III Left\"}]},{\"@type\":\"WebSite\",\"@id\":\"https:\/\/xenonkungen.com\/#website\",\"url\":\"https:\/\/xenonkungen.com\/\",\"name\":\"Xenonkungen\",\"description\":\"\",\"potentialAction\":[{\"@type\":\"SearchAction\",\"target\":{\"@type\":\"EntryPoint\",\"urlTemplate\":\"https:\/\/xenonkungen.com\/?s={search_term_string}\"},\"query-input\":{\"@type\":\"PropertyValueSpecification\",\"valueRequired\":true,\"valueName\":\"search_term_string\"}}],\"inLanguage\":\"fi\"}]}<\/script>\n<!-- \/ Yoast SEO plugin. -->","yoast_head_json":{"title":"Asp\u00f6ck Takavalo Europoint III Vasen - Xenon King","robots":{"index":"index","follow":"follow","max-snippet":"max-snippet:-1","max-image-preview":"max-image-preview:large","max-video-preview":"max-video-preview:-1"},"canonical":"https:\/\/xenonkungen.com\/fi\/tuote\/aspock-takavalo-europoint-iii-vasen\/","og_locale":"fi_FI","og_type":"article","og_title":"Asp\u00f6ck Tail Lamp Europoint III Left - Xenonkungen","og_description":"Asp\u00f6ck Europoint III \u2013 Innovativ Baklykta f\u00f6r Tunga Sl\u00e4p Uppgradera ditt sl\u00e4p med Asp\u00f6ck Europoint III, en modern och h\u00f6gpresterande baklykta som kombinerar banbrytande ljusledarteknik och smart design f\u00f6r optimal s\u00e4kerhet och synlighet p\u00e5 v\u00e4gen. F\u00f6rst med fiberoptik Europoint III \u00e4r den f\u00f6rsta baklyktan med ljusledare (fiberoptik), inspirerad av den senaste tekniken inom fordonsindustrin. Den [&hellip;]","og_url":"https:\/\/xenonkungen.com\/fi\/tuote\/aspock-takavalo-europoint-iii-vasen\/","og_site_name":"Xenonkungen","article_modified_time":"2026-04-24T16:46:37+00:00","og_image":[{"width":1500,"height":1000,"url":"https:\/\/xenonkungen.com\/wp-content\/uploads\/2025\/04\/217689425-origpic-2f3377.jpg","type":"image\/jpeg"}],"twitter_card":"summary_large_image","twitter_misc":{"Arvioitu lukuaika":"1 minuutti"},"schema":{"@context":"https:\/\/schema.org","@graph":[{"@type":"WebPage","@id":"https:\/\/xenonkungen.com\/produkt\/aspock-tail-lamp-europoint-iii-left\/","url":"https:\/\/xenonkungen.com\/produkt\/aspock-tail-lamp-europoint-iii-left\/","name":"Asp\u00f6ck Takavalo Europoint III Vasen - Xenon King","isPartOf":{"@id":"https:\/\/xenonkungen.com\/#website"},"primaryImageOfPage":{"@id":"https:\/\/xenonkungen.com\/produkt\/aspock-tail-lamp-europoint-iii-left\/#primaryimage"},"image":{"@id":"https:\/\/xenonkungen.com\/produkt\/aspock-tail-lamp-europoint-iii-left\/#primaryimage"},"thumbnailUrl":"https:\/\/xenonkungen.com\/wp-content\/uploads\/2025\/04\/217689425-origpic-2f3377.jpg","datePublished":"2025-04-15T09:31:26+00:00","dateModified":"2026-04-24T16:46:37+00:00","breadcrumb":{"@id":"https:\/\/xenonkungen.com\/produkt\/aspock-tail-lamp-europoint-iii-left\/#breadcrumb"},"inLanguage":"fi","potentialAction":[{"@type":"ReadAction","target":["https:\/\/xenonkungen.com\/produkt\/aspock-tail-lamp-europoint-iii-left\/"]}]},{"@type":"ImageObject","inLanguage":"fi","@id":"https:\/\/xenonkungen.com\/produkt\/aspock-tail-lamp-europoint-iii-left\/#primaryimage","url":"https:\/\/xenonkungen.com\/wp-content\/uploads\/2025\/04\/217689425-origpic-2f3377.jpg","contentUrl":"https:\/\/xenonkungen.com\/wp-content\/uploads\/2025\/04\/217689425-origpic-2f3377.jpg","width":1500,"height":1000},{"@type":"BreadcrumbList","@id":"https:\/\/xenonkungen.com\/produkt\/aspock-tail-lamp-europoint-iii-left\/#breadcrumb","itemListElement":[{"@type":"ListItem","position":1,"name":"Hem","item":"https:\/\/xenonkungen.com\/"},{"@type":"ListItem","position":2,"name":"Shop","item":"https:\/\/xenonkungen.com\/shop\/"},{"@type":"ListItem","position":3,"name":"Asp\u00f6ck Tail Lamp Europoint III Left"}]},{"@type":"WebSite","@id":"https:\/\/xenonkungen.com\/#website","url":"https:\/\/xenonkungen.com\/","name":"Xenonkungen","description":"","potentialAction":[{"@type":"SearchAction","target":{"@type":"EntryPoint","urlTemplate":"https:\/\/xenonkungen.com\/?s={search_term_string}"},"query-input":{"@type":"PropertyValueSpecification","valueRequired":true,"valueName":"search_term_string"}}],"inLanguage":"fi"}]}},"taxonomy_info":{"anvandningsomrade":[{"value":166,"label":"Lastbil"},{"value":238,"label":"SL\u00c4P"},{"value":2816,"label":"TRAILER"}],"product_brand":[{"value":1649,"label":"Asp\u00f6ck"}],"product_cat":[{"value":3052,"label":"Bakljus Asp\u00f6ck"},{"value":3048,"label":"Bakljus Kombination Rektangul\u00e4r"},{"value":2552,"label":"Bakljus"}],"pa_storlek-mm":[{"value":1585,"label":"400x153x88"}]},"featured_image_src_large":["https:\/\/xenonkungen.com\/wp-content\/uploads\/2025\/04\/217689425-origpic-2f3377-1024x683.jpg",1024,683,true],"author_info":[],"comment_info":0,"_links":{"self":[{"href":"https:\/\/xenonkungen.com\/fi\/wp-json\/wp\/v2\/product\/5523","targetHints":{"allow":["GET"]}}],"collection":[{"href":"https:\/\/xenonkungen.com\/fi\/wp-json\/wp\/v2\/product"}],"about":[{"href":"https:\/\/xenonkungen.com\/fi\/wp-json\/wp\/v2\/types\/product"}],"replies":[{"embeddable":true,"href":"https:\/\/xenonkungen.com\/fi\/wp-json\/wp\/v2\/comments?post=5523"}],"wp:featuredmedia":[{"embeddable":true,"href":"https:\/\/xenonkungen.com\/fi\/wp-json\/wp\/v2\/media\/5524"}],"wp:attachment":[{"href":"https:\/\/xenonkungen.com\/fi\/wp-json\/wp\/v2\/media?parent=5523"}],"wp:term":[{"taxonomy":"anvandningsomrade","embeddable":true,"href":"https:\/\/xenonkungen.com\/fi\/wp-json\/wp\/v2\/anvandningsomrade?post=5523"},{"taxonomy":"bilmarken","embeddable":true,"href":"https:\/\/xenonkungen.com\/fi\/wp-json\/wp\/v2\/bilmarken?post=5523"},{"taxonomy":"product_brand","embeddable":true,"href":"https:\/\/xenonkungen.com\/fi\/wp-json\/wp\/v2\/product_brand?post=5523"},{"taxonomy":"product_cat","embeddable":true,"href":"https:\/\/xenonkungen.com\/fi\/wp-json\/wp\/v2\/product_cat?post=5523"},{"taxonomy":"product_tag","embeddable":true,"href":"https:\/\/xenonkungen.com\/fi\/wp-json\/wp\/v2\/product_tag?post=5523"}],"curies":[{"name":"wp","href":"https:\/\/api.w.org\/{rel}","templated":true}]}}