{"id":5686,"date":"2025-04-15T09:32:33","date_gmt":"2025-04-15T09:32:33","guid":{"rendered":"https:\/\/xenonkungen.com\/product\/avtagbart-faste-for-extraljus-3mm-70mm\/"},"modified":"2026-02-06T16:47:51","modified_gmt":"2026-02-06T15:47:51","slug":"irrotettava-kiinnike-lisavalolle-3-mm-70-mm","status":"publish","type":"product","link":"https:\/\/xenonkungen.com\/fi\/tuote\/irrotettava-kiinnike-lisavalolle-3-mm-70-mm\/","title":{"rendered":"Irrotettava kiinnike lis\u00e4valoa varten (3mm) - 70mm"},"content":{"rendered":"<h2 class=\"product-subname\">Kiinnike lis\u00e4valon kiinnitt\u00e4mist\u00e4 varten (\u00d870mm)<\/h2>\n<h2 class=\"product-subname\">Irrotettava 3 mm:n materiaalista valmistettu kiinnike lis\u00e4valon asentamista varten. Valmistettu kiillotetusta ruostumattomasta ter\u00e4ksest\u00e4. Asennettavissa \u00d870mm putkeen. Kannattimen leveys on 50 mm. Hinta per kappale.<\/h2>\n<p>T\u00e4m\u00e4 \u00d870 mm:n kiinnike sopii \u00d870 mm:n yl\u00e4kiinnikkeell\u00e4 varustettujen EU:n etuikkunoiden yl\u00e4kiinnikkeeseen.<\/p>\n<p>Ei sovi etusivuikkunoihin, joiden ylempi kiinnike on \u00d860 mm.<\/p>\n<p class=\"spec\"><strong>Tekniset tiedot<\/strong><br \/>\nPaino: 360 g<br \/>\nMateriaali: ruostumaton ter\u00e4s (T304)<br \/>\nMuuta\/t\u00e4rke\u00e4\u00e4 tietoa: Saatavana useita muita eri malleja riippuen siit\u00e4, mink\u00e4 eturungon olet ostanut ja miten aiot asentaa lis\u00e4valot.<\/p>","protected":false},"excerpt":{"rendered":"<p>F\u00e4ste f\u00f6r montering av extraljus (\u00d870mm) Avtagbart f\u00e4ste i 3mm gods f\u00f6r montering av extraljus. Tillverkat i h\u00f6gpolerat rostfritt st\u00e5l. F\u00f6r montering p\u00e5 \u00d870mm r\u00f6r. Bredden p\u00e5 f\u00e4stet \u00e4r 50 mm. Pris per styck. Detta \u00d870mm f\u00e4ste passar p\u00e5 det \u00f6vre staget p\u00e5 v\u00e5ra EU frontb\u00e5gar med \u00d870mm \u00f6vre stag. Passar ej frontb\u00e5gar med ett [&hellip;]<\/p>","protected":false},"featured_media":5687,"comment_status":"closed","ping_status":"closed","template":"","meta":{"_acf_changed":false,"_smort_price_nok":"545","_smort_price_dkk":"346","_smort_price_eur":"46.36","_smort_sale_price_nok":"","_smort_sale_price_dkk":"","_smort_sale_price_eur":"","smort_restorder":"","shipmondo_restorder":"","_kad_blocks_custom_css":"","_kad_blocks_head_custom_js":"","_kad_blocks_body_custom_js":"","_kad_blocks_footer_custom_js":"","smort_custom_pricelist_1":"408","smort_custom_pricelist_2":"408","smort_custom_pricelist_3":"408","smort_custom_pricelist_4":"408","smort_custom_pricelist_5":"408"},"anvandningsomrade":[],"bilmarken":[],"product_brand":[],"product_cat":[2537,2841,2669,390],"product_tag":[],"class_list":{"0":"post-5686","1":"product","2":"type-product","3":"status-publish","4":"has-post-thumbnail","6":"product_cat-fasten-ledramper","7":"product_cat-installation-extraljus","8":"product_cat-monteringstillbehor-monteringstillbehor-extraljus","9":"product_cat-installation","10":"pa_storlek-mm-1656","12":"first","13":"instock","14":"taxable","15":"shipping-taxable","16":"purchasable","17":"product-type-simple"},"bundled_by":[],"bundle_stock_status":"instock","bundle_stock_quantity":3,"bundle_virtual":false,"bundle_layout":"","bundle_add_to_cart_form_location":"","bundle_editable_in_cart":false,"bundle_sold_individually_context":"","bundle_item_grouping":"","bundle_min_size":"","bundle_max_size":"","bundle_price":[],"bundled_items":[],"bundle_sell_ids":[],"acf":[],"yoast_head":"<!-- This site is optimized with the Yoast SEO plugin v27.0 - https:\/\/yoast.com\/product\/yoast-seo-wordpress\/ -->\n<title>Avtagbart f\u00e4ste f\u00f6r extraljus (3mm) - 70mm - Xenonkungen<\/title>\n<meta name=\"robots\" content=\"index, follow, max-snippet:-1, max-image-preview:large, max-video-preview:-1\" \/>\n<link rel=\"canonical\" href=\"https:\/\/xenonkungen.com\/fi\/tuote\/irrotettava-kiinnike-lisavalolle-3-mm-70-mm\/\" \/>\n<meta property=\"og:locale\" content=\"fi_FI\" \/>\n<meta property=\"og:type\" content=\"article\" \/>\n<meta property=\"og:title\" content=\"Avtagbart f\u00e4ste f\u00f6r extraljus (3mm) - 70mm - Xenonkungen\" \/>\n<meta property=\"og:description\" content=\"F\u00e4ste f\u00f6r montering av extraljus (\u00d870mm) Avtagbart f\u00e4ste i 3mm gods f\u00f6r montering av extraljus. Tillverkat i h\u00f6gpolerat rostfritt st\u00e5l. F\u00f6r montering p\u00e5 \u00d870mm r\u00f6r. Bredden p\u00e5 f\u00e4stet \u00e4r 50 mm. Pris per styck. Detta \u00d870mm f\u00e4ste passar p\u00e5 det \u00f6vre staget p\u00e5 v\u00e5ra EU frontb\u00e5gar med \u00d870mm \u00f6vre stag. Passar ej frontb\u00e5gar med ett [&hellip;]\" \/>\n<meta property=\"og:url\" content=\"https:\/\/xenonkungen.com\/fi\/tuote\/irrotettava-kiinnike-lisavalolle-3-mm-70-mm\/\" \/>\n<meta property=\"og:site_name\" content=\"Xenonkungen\" \/>\n<meta property=\"article:modified_time\" content=\"2026-02-06T15:47:51+00:00\" \/>\n<meta property=\"og:image\" content=\"https:\/\/xenonkungen.com\/wp-content\/uploads\/2025\/04\/204525703-origpic-ccc80e.jpg\" \/>\n\t<meta property=\"og:image:width\" content=\"1000\" \/>\n\t<meta property=\"og:image:height\" content=\"800\" \/>\n\t<meta property=\"og:image:type\" content=\"image\/jpeg\" \/>\n<meta name=\"twitter:card\" content=\"summary_large_image\" \/>\n<meta name=\"twitter:label1\" content=\"Arvioitu lukuaika\" \/>\n\t<meta name=\"twitter:data1\" content=\"1 minuutti\" \/>\n<script type=\"application\/ld+json\" class=\"yoast-schema-graph\">{\"@context\":\"https:\/\/schema.org\",\"@graph\":[{\"@type\":\"WebPage\",\"@id\":\"https:\/\/xenonkungen.com\/no\/produkt\/avtakbart-feste-for-ekstra-lys-3-mm-70-mm\/\",\"url\":\"https:\/\/xenonkungen.com\/no\/produkt\/avtakbart-feste-for-ekstra-lys-3-mm-70-mm\/\",\"name\":\"Avtagbart f\u00e4ste f\u00f6r extraljus (3mm) - 70mm - Xenonkungen\",\"isPartOf\":{\"@id\":\"https:\/\/xenonkungen.com\/#website\"},\"primaryImageOfPage\":{\"@id\":\"https:\/\/xenonkungen.com\/no\/produkt\/avtakbart-feste-for-ekstra-lys-3-mm-70-mm\/#primaryimage\"},\"image\":{\"@id\":\"https:\/\/xenonkungen.com\/no\/produkt\/avtakbart-feste-for-ekstra-lys-3-mm-70-mm\/#primaryimage\"},\"thumbnailUrl\":\"https:\/\/xenonkungen.com\/wp-content\/uploads\/2025\/04\/204525703-origpic-ccc80e.jpg\",\"datePublished\":\"2025-04-15T09:32:33+00:00\",\"dateModified\":\"2026-02-06T15:47:51+00:00\",\"breadcrumb\":{\"@id\":\"https:\/\/xenonkungen.com\/no\/produkt\/avtakbart-feste-for-ekstra-lys-3-mm-70-mm\/#breadcrumb\"},\"inLanguage\":\"fi\",\"potentialAction\":[{\"@type\":\"ReadAction\",\"target\":[\"https:\/\/xenonkungen.com\/no\/produkt\/avtakbart-feste-for-ekstra-lys-3-mm-70-mm\/\"]}]},{\"@type\":\"ImageObject\",\"inLanguage\":\"fi\",\"@id\":\"https:\/\/xenonkungen.com\/no\/produkt\/avtakbart-feste-for-ekstra-lys-3-mm-70-mm\/#primaryimage\",\"url\":\"https:\/\/xenonkungen.com\/wp-content\/uploads\/2025\/04\/204525703-origpic-ccc80e.jpg\",\"contentUrl\":\"https:\/\/xenonkungen.com\/wp-content\/uploads\/2025\/04\/204525703-origpic-ccc80e.jpg\",\"width\":1000,\"height\":800},{\"@type\":\"BreadcrumbList\",\"@id\":\"https:\/\/xenonkungen.com\/no\/produkt\/avtakbart-feste-for-ekstra-lys-3-mm-70-mm\/#breadcrumb\",\"itemListElement\":[{\"@type\":\"ListItem\",\"position\":1,\"name\":\"Hem\",\"item\":\"https:\/\/xenonkungen.com\/\"},{\"@type\":\"ListItem\",\"position\":2,\"name\":\"Shop\",\"item\":\"https:\/\/xenonkungen.com\/shop\/\"},{\"@type\":\"ListItem\",\"position\":3,\"name\":\"Avtagbart f\u00e4ste f\u00f6r extraljus (3mm) &#8211; 70mm\"}]},{\"@type\":\"WebSite\",\"@id\":\"https:\/\/xenonkungen.com\/#website\",\"url\":\"https:\/\/xenonkungen.com\/\",\"name\":\"Xenonkungen\",\"description\":\"\",\"potentialAction\":[{\"@type\":\"SearchAction\",\"target\":{\"@type\":\"EntryPoint\",\"urlTemplate\":\"https:\/\/xenonkungen.com\/?s={search_term_string}\"},\"query-input\":{\"@type\":\"PropertyValueSpecification\",\"valueRequired\":true,\"valueName\":\"search_term_string\"}}],\"inLanguage\":\"fi\"}]}<\/script>\n<!-- \/ Yoast SEO plugin. -->","yoast_head_json":{"title":"Irrotettava lis\u00e4valon kiinnike (3 mm) - 70 mm - Xenonkungen","robots":{"index":"index","follow":"follow","max-snippet":"max-snippet:-1","max-image-preview":"max-image-preview:large","max-video-preview":"max-video-preview:-1"},"canonical":"https:\/\/xenonkungen.com\/fi\/tuote\/irrotettava-kiinnike-lisavalolle-3-mm-70-mm\/","og_locale":"fi_FI","og_type":"article","og_title":"Avtagbart f\u00e4ste f\u00f6r extraljus (3mm) - 70mm - Xenonkungen","og_description":"F\u00e4ste f\u00f6r montering av extraljus (\u00d870mm) Avtagbart f\u00e4ste i 3mm gods f\u00f6r montering av extraljus. Tillverkat i h\u00f6gpolerat rostfritt st\u00e5l. F\u00f6r montering p\u00e5 \u00d870mm r\u00f6r. Bredden p\u00e5 f\u00e4stet \u00e4r 50 mm. Pris per styck. Detta \u00d870mm f\u00e4ste passar p\u00e5 det \u00f6vre staget p\u00e5 v\u00e5ra EU frontb\u00e5gar med \u00d870mm \u00f6vre stag. Passar ej frontb\u00e5gar med ett [&hellip;]","og_url":"https:\/\/xenonkungen.com\/fi\/tuote\/irrotettava-kiinnike-lisavalolle-3-mm-70-mm\/","og_site_name":"Xenonkungen","article_modified_time":"2026-02-06T15:47:51+00:00","og_image":[{"width":1000,"height":800,"url":"https:\/\/xenonkungen.com\/wp-content\/uploads\/2025\/04\/204525703-origpic-ccc80e.jpg","type":"image\/jpeg"}],"twitter_card":"summary_large_image","twitter_misc":{"Arvioitu lukuaika":"1 minuutti"},"schema":{"@context":"https:\/\/schema.org","@graph":[{"@type":"WebPage","@id":"https:\/\/xenonkungen.com\/no\/produkt\/avtakbart-feste-for-ekstra-lys-3-mm-70-mm\/","url":"https:\/\/xenonkungen.com\/no\/produkt\/avtakbart-feste-for-ekstra-lys-3-mm-70-mm\/","name":"Irrotettava lis\u00e4valon kiinnike (3 mm) - 70 mm - Xenonkungen","isPartOf":{"@id":"https:\/\/xenonkungen.com\/#website"},"primaryImageOfPage":{"@id":"https:\/\/xenonkungen.com\/no\/produkt\/avtakbart-feste-for-ekstra-lys-3-mm-70-mm\/#primaryimage"},"image":{"@id":"https:\/\/xenonkungen.com\/no\/produkt\/avtakbart-feste-for-ekstra-lys-3-mm-70-mm\/#primaryimage"},"thumbnailUrl":"https:\/\/xenonkungen.com\/wp-content\/uploads\/2025\/04\/204525703-origpic-ccc80e.jpg","datePublished":"2025-04-15T09:32:33+00:00","dateModified":"2026-02-06T15:47:51+00:00","breadcrumb":{"@id":"https:\/\/xenonkungen.com\/no\/produkt\/avtakbart-feste-for-ekstra-lys-3-mm-70-mm\/#breadcrumb"},"inLanguage":"fi","potentialAction":[{"@type":"ReadAction","target":["https:\/\/xenonkungen.com\/no\/produkt\/avtakbart-feste-for-ekstra-lys-3-mm-70-mm\/"]}]},{"@type":"ImageObject","inLanguage":"fi","@id":"https:\/\/xenonkungen.com\/no\/produkt\/avtakbart-feste-for-ekstra-lys-3-mm-70-mm\/#primaryimage","url":"https:\/\/xenonkungen.com\/wp-content\/uploads\/2025\/04\/204525703-origpic-ccc80e.jpg","contentUrl":"https:\/\/xenonkungen.com\/wp-content\/uploads\/2025\/04\/204525703-origpic-ccc80e.jpg","width":1000,"height":800},{"@type":"BreadcrumbList","@id":"https:\/\/xenonkungen.com\/no\/produkt\/avtakbart-feste-for-ekstra-lys-3-mm-70-mm\/#breadcrumb","itemListElement":[{"@type":"ListItem","position":1,"name":"Hem","item":"https:\/\/xenonkungen.com\/"},{"@type":"ListItem","position":2,"name":"Shop","item":"https:\/\/xenonkungen.com\/shop\/"},{"@type":"ListItem","position":3,"name":"Avtagbart f\u00e4ste f\u00f6r extraljus (3mm) &#8211; 70mm"}]},{"@type":"WebSite","@id":"https:\/\/xenonkungen.com\/#website","url":"https:\/\/xenonkungen.com\/","name":"Xenonkungen","description":"","potentialAction":[{"@type":"SearchAction","target":{"@type":"EntryPoint","urlTemplate":"https:\/\/xenonkungen.com\/?s={search_term_string}"},"query-input":{"@type":"PropertyValueSpecification","valueRequired":true,"valueName":"search_term_string"}}],"inLanguage":"fi"}]}},"taxonomy_info":{"product_cat":[{"value":2537,"label":"F\u00e4sten"},{"value":2841,"label":"Installation extraljus"},{"value":2669,"label":"Monteringstillbeh\u00f6r"},{"value":390,"label":"Installation"}],"pa_storlek-mm":[{"value":1656,"label":"70"}]},"featured_image_src_large":["https:\/\/xenonkungen.com\/wp-content\/uploads\/2025\/04\/204525703-origpic-ccc80e.jpg",1000,800,false],"author_info":[],"comment_info":0,"_links":{"self":[{"href":"https:\/\/xenonkungen.com\/fi\/wp-json\/wp\/v2\/product\/5686","targetHints":{"allow":["GET"]}}],"collection":[{"href":"https:\/\/xenonkungen.com\/fi\/wp-json\/wp\/v2\/product"}],"about":[{"href":"https:\/\/xenonkungen.com\/fi\/wp-json\/wp\/v2\/types\/product"}],"replies":[{"embeddable":true,"href":"https:\/\/xenonkungen.com\/fi\/wp-json\/wp\/v2\/comments?post=5686"}],"wp:featuredmedia":[{"embeddable":true,"href":"https:\/\/xenonkungen.com\/fi\/wp-json\/wp\/v2\/media\/5687"}],"wp:attachment":[{"href":"https:\/\/xenonkungen.com\/fi\/wp-json\/wp\/v2\/media?parent=5686"}],"wp:term":[{"taxonomy":"anvandningsomrade","embeddable":true,"href":"https:\/\/xenonkungen.com\/fi\/wp-json\/wp\/v2\/anvandningsomrade?post=5686"},{"taxonomy":"bilmarken","embeddable":true,"href":"https:\/\/xenonkungen.com\/fi\/wp-json\/wp\/v2\/bilmarken?post=5686"},{"taxonomy":"product_brand","embeddable":true,"href":"https:\/\/xenonkungen.com\/fi\/wp-json\/wp\/v2\/product_brand?post=5686"},{"taxonomy":"product_cat","embeddable":true,"href":"https:\/\/xenonkungen.com\/fi\/wp-json\/wp\/v2\/product_cat?post=5686"},{"taxonomy":"product_tag","embeddable":true,"href":"https:\/\/xenonkungen.com\/fi\/wp-json\/wp\/v2\/product_tag?post=5686"}],"curies":[{"name":"wp","href":"https:\/\/api.w.org\/{rel}","templated":true}]}}