{"id":5694,"date":"2025-04-15T09:32:33","date_gmt":"2025-04-15T09:32:33","guid":{"rendered":"https:\/\/xenonkungen.com\/product\/voolbar-ljusbage-60mm-rf-4xbult\/"},"modified":"2026-04-11T01:49:47","modified_gmt":"2026-04-11T00:49:47","slug":"voolbar-valolaukku-60-mm-rf-4xbolt","status":"publish","type":"product","link":"https:\/\/xenonkungen.com\/fi\/tuote\/voolbar-valolaukku-60-mm-rf-4xbolt\/","title":{"rendered":"Voolbar Arc 60MM RF 4xPulttipultti"},"content":{"rendered":"<h1>Ruostumattomasta ter\u00e4ksest\u00e4 valmistettu ylim\u00e4\u00e4r\u00e4inen valaisinpidike<\/h1>\n<p>Yleisvalopalkki (lis\u00e4valojen pidike), jossa on 4 irrotettavaa kiinnikett\u00e4 lis\u00e4valoja tai suurempaa valopalkkia varten.<\/p>\n<p>T\u00e4m\u00e4 leve\u00e4 Voolbar-lis\u00e4valojen pidike, jossa on irrotettavat lis\u00e4valojen kiinnikkeet, voidaan asentaa usealla eri tavalla. Esimerkiksi puskurin etuosaan auton t\u00f6rm\u00e4ystankoon mukana toimitetun kiinnityssarjan avulla. Voolbarissa on kiinnikkeet rekisterikilpe\u00e4 varten, jotka siirret\u00e4\u00e4n eteenp\u00e4in asennuksen aikana.<\/p>\n<p>Laadukas tuote, joka on valmistettu haponkest\u00e4v\u00e4st\u00e4 ruostumattomasta ter\u00e4ksest\u00e4. Putken halkaisija on 60mm. Lis\u00e4valo\/ohjauskisko myyd\u00e4\u00e4n erikseen.<\/p>\n<p><strong>LUXTAR LED-PALKKI<\/strong><br \/>Sopii malleihin X30, X34 ja X40.<\/p>\n<h2>Toimituksen sis\u00e4lt\u00f6:<\/h2>\n<p>1. Voolbarin ruostumattomasta ter\u00e4ksest\u00e4 valmistettu kaarivalo<br \/>4kpl kiinnikkeet, irrotettavat, ruostumatonta ter\u00e4st\u00e4<br \/>2kpl Pultti, t\u00e4ysin kierteitetty <br \/>2 v\u00e4lilevy\u00e4 (leikkaa itse haluttuun pituuteen).<\/p>\n<p>T\u00e4m\u00e4 artikkeli on yleisp\u00e4tev\u00e4 useimmille markkinoilla oleville autoille ja malleille, ja erityist\u00e4 tukea voidaan antaa vain hyvin harvoille tuotteille, joista meill\u00e4 on omakohtaista kokemusta.<\/p>\n<p>Luettelemme t\u00e4ss\u00e4 autoja, joissa artikkeli on sopimaton tai muu komplikaatio:<br \/>&#8211;<\/p>","protected":false},"excerpt":{"rendered":"<p>Extraljush\u00e5llare tillverkad i rostfritt st\u00e5l Universal ljusramp (extraljush\u00e5llare) som levereras med 4st avtagbara f\u00e4sten f\u00f6r extraljus eller en st\u00f6rre ljusramp. Den h\u00e4r breda Voolbar extraljush\u00e5llaren med avtagbara f\u00e4sten f\u00f6r extraljus kan monteras p\u00e5 flera s\u00e4tt. Exempelvis fram i st\u00f6tf\u00e5ngaren i bilens krockbalk med hj\u00e4lp av medf\u00f6ljande monteringssats. Voolbar har f\u00e4sten f\u00f6r registreringsskylten som flyttas fram [&hellip;]<\/p>","protected":false},"featured_media":5695,"comment_status":"closed","ping_status":"open","template":"","meta":{"_acf_changed":false,"_smort_price_nok":"3947","_smort_price_dkk":"2507","_smort_price_eur":"335.89","_smort_sale_price_nok":"","_smort_sale_price_dkk":"","_smort_sale_price_eur":"","smort_restorder":"","shipmondo_restorder":"","_kad_blocks_custom_css":"","_kad_blocks_head_custom_js":"","_kad_blocks_body_custom_js":"","_kad_blocks_footer_custom_js":"","smort_custom_pricelist_1":"2750","smort_custom_pricelist_2":"2750","smort_custom_pricelist_3":"2750","smort_custom_pricelist_4":"2956","smort_custom_pricelist_5":"2750"},"anvandningsomrade":[],"bilmarken":[],"product_brand":[1653],"product_cat":[2841,2671,2672,390],"product_tag":[],"class_list":{"0":"post-5694","1":"product","2":"type-product","3":"status-publish","4":"has-post-thumbnail","6":"product_brand-voolbar","7":"product_cat-installation-extraljus","8":"product_cat-monteringstillbehor-extraljus","9":"product_cat-monteringstillbehor-monteringstillbehor-extraljus-extraljusfaste-ledramper","10":"product_cat-installation","11":"pa_storlek-mm-1000x130x155","13":"first","14":"onbackorder","15":"taxable","16":"shipping-taxable","17":"purchasable","18":"product-type-simple"},"bundled_by":[],"bundle_stock_status":"onbackorder","bundle_stock_quantity":0,"bundle_virtual":false,"bundle_layout":"","bundle_add_to_cart_form_location":"","bundle_editable_in_cart":false,"bundle_sold_individually_context":"","bundle_item_grouping":"","bundle_min_size":"","bundle_max_size":"","bundle_price":[],"bundled_items":[],"bundle_sell_ids":[],"acf":[],"yoast_head":"<!-- This site is optimized with the Yoast SEO plugin v27.0 - https:\/\/yoast.com\/product\/yoast-seo-wordpress\/ -->\n<title>Voolbar Ljusb\u00e5ge 60MM RF 4xBult - Xenonkungen<\/title>\n<meta name=\"robots\" content=\"index, follow, max-snippet:-1, max-image-preview:large, max-video-preview:-1\" \/>\n<link rel=\"canonical\" href=\"https:\/\/xenonkungen.com\/fi\/tuote\/voolbar-valolaukku-60-mm-rf-4xbolt\/\" \/>\n<meta property=\"og:locale\" content=\"fi_FI\" \/>\n<meta property=\"og:type\" content=\"article\" \/>\n<meta property=\"og:title\" content=\"Voolbar Ljusb\u00e5ge 60MM RF 4xBult - Xenonkungen\" \/>\n<meta property=\"og:description\" content=\"Extraljush\u00e5llare tillverkad i rostfritt st\u00e5l Universal ljusramp (extraljush\u00e5llare) som levereras med 4st avtagbara f\u00e4sten f\u00f6r extraljus eller en st\u00f6rre ljusramp. Den h\u00e4r breda Voolbar extraljush\u00e5llaren med avtagbara f\u00e4sten f\u00f6r extraljus kan monteras p\u00e5 flera s\u00e4tt. Exempelvis fram i st\u00f6tf\u00e5ngaren i bilens krockbalk med hj\u00e4lp av medf\u00f6ljande monteringssats. Voolbar har f\u00e4sten f\u00f6r registreringsskylten som flyttas fram [&hellip;]\" \/>\n<meta property=\"og:url\" content=\"https:\/\/xenonkungen.com\/fi\/tuote\/voolbar-valolaukku-60-mm-rf-4xbolt\/\" \/>\n<meta property=\"og:site_name\" content=\"Xenonkungen\" \/>\n<meta property=\"article:modified_time\" content=\"2026-04-11T00:49:47+00:00\" \/>\n<meta property=\"og:image\" content=\"https:\/\/xenonkungen.com\/wp-content\/uploads\/2025\/04\/32412727-origpic-462a43.png\" \/>\n\t<meta property=\"og:image:width\" content=\"1000\" \/>\n\t<meta property=\"og:image:height\" content=\"1000\" \/>\n\t<meta property=\"og:image:type\" content=\"image\/png\" \/>\n<meta name=\"twitter:card\" content=\"summary_large_image\" \/>\n<meta name=\"twitter:label1\" content=\"Arvioitu lukuaika\" \/>\n\t<meta name=\"twitter:data1\" content=\"1 minuutti\" \/>\n<script type=\"application\/ld+json\" class=\"yoast-schema-graph\">{\"@context\":\"https:\/\/schema.org\",\"@graph\":[{\"@type\":\"WebPage\",\"@id\":\"https:\/\/xenonkungen.com\/dk\/vare\/voolbar-lygtepose-60mm-rf-4xbolt\/\",\"url\":\"https:\/\/xenonkungen.com\/dk\/vare\/voolbar-lygtepose-60mm-rf-4xbolt\/\",\"name\":\"Voolbar Ljusb\u00e5ge 60MM RF 4xBult - Xenonkungen\",\"isPartOf\":{\"@id\":\"https:\/\/xenonkungen.com\/#website\"},\"primaryImageOfPage\":{\"@id\":\"https:\/\/xenonkungen.com\/dk\/vare\/voolbar-lygtepose-60mm-rf-4xbolt\/#primaryimage\"},\"image\":{\"@id\":\"https:\/\/xenonkungen.com\/dk\/vare\/voolbar-lygtepose-60mm-rf-4xbolt\/#primaryimage\"},\"thumbnailUrl\":\"https:\/\/xenonkungen.com\/wp-content\/uploads\/2025\/04\/32412727-origpic-462a43.png\",\"datePublished\":\"2025-04-15T09:32:33+00:00\",\"dateModified\":\"2026-04-11T00:49:47+00:00\",\"breadcrumb\":{\"@id\":\"https:\/\/xenonkungen.com\/dk\/vare\/voolbar-lygtepose-60mm-rf-4xbolt\/#breadcrumb\"},\"inLanguage\":\"fi\",\"potentialAction\":[{\"@type\":\"ReadAction\",\"target\":[\"https:\/\/xenonkungen.com\/dk\/vare\/voolbar-lygtepose-60mm-rf-4xbolt\/\"]}]},{\"@type\":\"ImageObject\",\"inLanguage\":\"fi\",\"@id\":\"https:\/\/xenonkungen.com\/dk\/vare\/voolbar-lygtepose-60mm-rf-4xbolt\/#primaryimage\",\"url\":\"https:\/\/xenonkungen.com\/wp-content\/uploads\/2025\/04\/32412727-origpic-462a43.png\",\"contentUrl\":\"https:\/\/xenonkungen.com\/wp-content\/uploads\/2025\/04\/32412727-origpic-462a43.png\",\"width\":1000,\"height\":1000},{\"@type\":\"BreadcrumbList\",\"@id\":\"https:\/\/xenonkungen.com\/dk\/vare\/voolbar-lygtepose-60mm-rf-4xbolt\/#breadcrumb\",\"itemListElement\":[{\"@type\":\"ListItem\",\"position\":1,\"name\":\"Hem\",\"item\":\"https:\/\/xenonkungen.com\/\"},{\"@type\":\"ListItem\",\"position\":2,\"name\":\"Shop\",\"item\":\"https:\/\/xenonkungen.com\/shop\/\"},{\"@type\":\"ListItem\",\"position\":3,\"name\":\"Voolbar Ljusb\u00e5ge 60MM RF 4xBult\"}]},{\"@type\":\"WebSite\",\"@id\":\"https:\/\/xenonkungen.com\/#website\",\"url\":\"https:\/\/xenonkungen.com\/\",\"name\":\"Xenonkungen\",\"description\":\"\",\"potentialAction\":[{\"@type\":\"SearchAction\",\"target\":{\"@type\":\"EntryPoint\",\"urlTemplate\":\"https:\/\/xenonkungen.com\/?s={search_term_string}\"},\"query-input\":{\"@type\":\"PropertyValueSpecification\",\"valueRequired\":true,\"valueName\":\"search_term_string\"}}],\"inLanguage\":\"fi\"}]}<\/script>\n<!-- \/ Yoast SEO plugin. -->","yoast_head_json":{"title":"Voolbar Light Arc 60MM RF 4xBult - Xenon King","robots":{"index":"index","follow":"follow","max-snippet":"max-snippet:-1","max-image-preview":"max-image-preview:large","max-video-preview":"max-video-preview:-1"},"canonical":"https:\/\/xenonkungen.com\/fi\/tuote\/voolbar-valolaukku-60-mm-rf-4xbolt\/","og_locale":"fi_FI","og_type":"article","og_title":"Voolbar Ljusb\u00e5ge 60MM RF 4xBult - Xenonkungen","og_description":"Extraljush\u00e5llare tillverkad i rostfritt st\u00e5l Universal ljusramp (extraljush\u00e5llare) som levereras med 4st avtagbara f\u00e4sten f\u00f6r extraljus eller en st\u00f6rre ljusramp. Den h\u00e4r breda Voolbar extraljush\u00e5llaren med avtagbara f\u00e4sten f\u00f6r extraljus kan monteras p\u00e5 flera s\u00e4tt. Exempelvis fram i st\u00f6tf\u00e5ngaren i bilens krockbalk med hj\u00e4lp av medf\u00f6ljande monteringssats. Voolbar har f\u00e4sten f\u00f6r registreringsskylten som flyttas fram [&hellip;]","og_url":"https:\/\/xenonkungen.com\/fi\/tuote\/voolbar-valolaukku-60-mm-rf-4xbolt\/","og_site_name":"Xenonkungen","article_modified_time":"2026-04-11T00:49:47+00:00","og_image":[{"width":1000,"height":1000,"url":"https:\/\/xenonkungen.com\/wp-content\/uploads\/2025\/04\/32412727-origpic-462a43.png","type":"image\/png"}],"twitter_card":"summary_large_image","twitter_misc":{"Arvioitu lukuaika":"1 minuutti"},"schema":{"@context":"https:\/\/schema.org","@graph":[{"@type":"WebPage","@id":"https:\/\/xenonkungen.com\/dk\/vare\/voolbar-lygtepose-60mm-rf-4xbolt\/","url":"https:\/\/xenonkungen.com\/dk\/vare\/voolbar-lygtepose-60mm-rf-4xbolt\/","name":"Voolbar Light Arc 60MM RF 4xBult - Xenon King","isPartOf":{"@id":"https:\/\/xenonkungen.com\/#website"},"primaryImageOfPage":{"@id":"https:\/\/xenonkungen.com\/dk\/vare\/voolbar-lygtepose-60mm-rf-4xbolt\/#primaryimage"},"image":{"@id":"https:\/\/xenonkungen.com\/dk\/vare\/voolbar-lygtepose-60mm-rf-4xbolt\/#primaryimage"},"thumbnailUrl":"https:\/\/xenonkungen.com\/wp-content\/uploads\/2025\/04\/32412727-origpic-462a43.png","datePublished":"2025-04-15T09:32:33+00:00","dateModified":"2026-04-11T00:49:47+00:00","breadcrumb":{"@id":"https:\/\/xenonkungen.com\/dk\/vare\/voolbar-lygtepose-60mm-rf-4xbolt\/#breadcrumb"},"inLanguage":"fi","potentialAction":[{"@type":"ReadAction","target":["https:\/\/xenonkungen.com\/dk\/vare\/voolbar-lygtepose-60mm-rf-4xbolt\/"]}]},{"@type":"ImageObject","inLanguage":"fi","@id":"https:\/\/xenonkungen.com\/dk\/vare\/voolbar-lygtepose-60mm-rf-4xbolt\/#primaryimage","url":"https:\/\/xenonkungen.com\/wp-content\/uploads\/2025\/04\/32412727-origpic-462a43.png","contentUrl":"https:\/\/xenonkungen.com\/wp-content\/uploads\/2025\/04\/32412727-origpic-462a43.png","width":1000,"height":1000},{"@type":"BreadcrumbList","@id":"https:\/\/xenonkungen.com\/dk\/vare\/voolbar-lygtepose-60mm-rf-4xbolt\/#breadcrumb","itemListElement":[{"@type":"ListItem","position":1,"name":"Hem","item":"https:\/\/xenonkungen.com\/"},{"@type":"ListItem","position":2,"name":"Shop","item":"https:\/\/xenonkungen.com\/shop\/"},{"@type":"ListItem","position":3,"name":"Voolbar Ljusb\u00e5ge 60MM RF 4xBult"}]},{"@type":"WebSite","@id":"https:\/\/xenonkungen.com\/#website","url":"https:\/\/xenonkungen.com\/","name":"Xenonkungen","description":"","potentialAction":[{"@type":"SearchAction","target":{"@type":"EntryPoint","urlTemplate":"https:\/\/xenonkungen.com\/?s={search_term_string}"},"query-input":{"@type":"PropertyValueSpecification","valueRequired":true,"valueName":"search_term_string"}}],"inLanguage":"fi"}]}},"taxonomy_info":{"product_brand":[{"value":1653,"label":"Voolbar"}],"product_cat":[{"value":2841,"label":"Installation extraljus"},{"value":2671,"label":"Monteringstillbeh\u00f6r"},{"value":2672,"label":"Monteringstillbeh\u00f6r"},{"value":390,"label":"Installation"}],"pa_storlek-mm":[{"value":1654,"label":"1000x130x155"}]},"featured_image_src_large":["https:\/\/xenonkungen.com\/wp-content\/uploads\/2025\/04\/32412727-origpic-462a43.png",1000,1000,false],"author_info":[],"comment_info":0,"_links":{"self":[{"href":"https:\/\/xenonkungen.com\/fi\/wp-json\/wp\/v2\/product\/5694","targetHints":{"allow":["GET"]}}],"collection":[{"href":"https:\/\/xenonkungen.com\/fi\/wp-json\/wp\/v2\/product"}],"about":[{"href":"https:\/\/xenonkungen.com\/fi\/wp-json\/wp\/v2\/types\/product"}],"replies":[{"embeddable":true,"href":"https:\/\/xenonkungen.com\/fi\/wp-json\/wp\/v2\/comments?post=5694"}],"wp:featuredmedia":[{"embeddable":true,"href":"https:\/\/xenonkungen.com\/fi\/wp-json\/wp\/v2\/media\/5695"}],"wp:attachment":[{"href":"https:\/\/xenonkungen.com\/fi\/wp-json\/wp\/v2\/media?parent=5694"}],"wp:term":[{"taxonomy":"anvandningsomrade","embeddable":true,"href":"https:\/\/xenonkungen.com\/fi\/wp-json\/wp\/v2\/anvandningsomrade?post=5694"},{"taxonomy":"bilmarken","embeddable":true,"href":"https:\/\/xenonkungen.com\/fi\/wp-json\/wp\/v2\/bilmarken?post=5694"},{"taxonomy":"product_brand","embeddable":true,"href":"https:\/\/xenonkungen.com\/fi\/wp-json\/wp\/v2\/product_brand?post=5694"},{"taxonomy":"product_cat","embeddable":true,"href":"https:\/\/xenonkungen.com\/fi\/wp-json\/wp\/v2\/product_cat?post=5694"},{"taxonomy":"product_tag","embeddable":true,"href":"https:\/\/xenonkungen.com\/fi\/wp-json\/wp\/v2\/product_tag?post=5694"}],"curies":[{"name":"wp","href":"https:\/\/api.w.org\/{rel}","templated":true}]}}