{"id":5757,"date":"2025-04-15T09:35:06","date_gmt":"2025-04-15T09:35:06","guid":{"rendered":"https:\/\/xenonkungen.com\/product\/xk-foamlance-500\/"},"modified":"2026-03-26T10:57:36","modified_gmt":"2026-03-26T09:57:36","slug":"xk-foamlance-500","status":"publish","type":"product","link":"https:\/\/xenonkungen.com\/fi\/tuote\/xk-foamlance-500\/","title":{"rendered":"XK FoamLance 500 -vaahtoputki"},"content":{"rendered":"<p><strong>XK FoamLance 500 \u2013 Ammattimainen vaahtoruisku autonhoitoon<\/strong><\/p>\n<p>Optimoi autopesusi XK FoamLance 500 -vaahtopistoolilla, joka on suunniteltu yhteensopivaksi kaikkien K\u00e4rcher-painepesureiden kanssa. Autonhoitotekniikan johtavien asiantuntijoiden kehitt\u00e4m\u00e4 vaahtopistooli takaa tehokkaan ja hell\u00e4varaisen puhdistuksen.<\/p>\n<p>XK FoamLance 500 -puhdistusaineella voit levitt\u00e4\u00e4 paksun vaahtokerroksen, joka peitt\u00e4\u00e4 koko ajoneuvon ja hajottaa tehokkaasti lian. Autonhoidon ammattilaiset suosittelevat t\u00e4t\u00e4 menetelm\u00e4\u00e4, koska se est\u00e4\u00e4 naarmuja nostamalla lian maalipinnasta ennen sienen tai pesukintaan k\u00e4ytt\u00f6\u00e4. T\u00e4m\u00e4 tekee XK FoamLance 500 -puhdistusaineesta yhden markkinoiden turvallisimmista auton esipuhdistusmenetelmist\u00e4.<\/p>\n<p>500 ml:n s\u00e4ili\u00f6 tarjoaa riitt\u00e4v\u00e4sti tilaa useisiin perusteellisiin puhdistuksiin, mik\u00e4 tekee tuotteesta taloudellisen ja tehokkaan. Asiakkaamme arvostavat sit\u00e4, miten XK FoamLance 500 muuttaa autonpesun nopeaksi, helpoksi ja tyydytt\u00e4v\u00e4ksi prosessiksi.<\/p>\n<p>\u201dXK FoamLance 500 on korvaamaton ty\u00f6kalu kaikille, jotka arvostavat ajoneuvoaan ja haluavat tarjota sille parhaan mahdollisen suojan. Se on ammattiasiakkaidemme suuri suosikki luotettavuutensa ja erinomaisen puhdistustehonsa ansiosta\u201d, sanoo Nicolai Malerbakken, Xenonkungenin tekninen asiantuntija.<\/p>\n<p>Koe ero XK FoamLance 500:n avulla \u2013 tuotteessa, jossa asiantuntemus, laatu ja k\u00e4ytt\u00e4j\u00e4tyytyv\u00e4isyys kulkevat k\u00e4si k\u00e4dess\u00e4.<\/p>","protected":false},"excerpt":{"rendered":"<p>Yhteensopivuus K\u00e4rcherin painepesureiden kanssa: XK FoamLance 500 on suunniteltu sopimaan t\u00e4ydellisesti kaikkiin K\u00e4rcherin malleihin, joten se on ihanteellinen autonpesuharrastajille, jotka arvostavat K\u00e4rcherin luotettavia laitteita.<br \/>\nHell\u00e4varainen ja tehokas puhdistus: Levit\u00e4 autoshampoota paksuna vaahtona, joka irrottaa lian maalipinnasta naarmuttamatta ja v\u00e4hent\u00e4\u00e4 auton vaurioitumisriski\u00e4 puhdistusprosessin aikana.<br \/>\nTaloudellinen k\u00e4ytt\u00f6: Suuri 500 ml:n s\u00e4ili\u00f6 minimoi t\u00e4ytt\u00f6tarpeen ja varmistaa, ett\u00e4 voit suorittaa useita pesuja yhdell\u00e4 t\u00e4yt\u00f6ll\u00e4, mik\u00e4 s\u00e4\u00e4st\u00e4\u00e4 sek\u00e4 aikaa ett\u00e4 rahaa.<\/p>","protected":false},"featured_media":5758,"comment_status":"closed","ping_status":"open","template":"","meta":{"_acf_changed":false,"_smort_price_nok":"266","_smort_price_dkk":"169","_smort_price_eur":"22.64","_smort_sale_price_nok":"","_smort_sale_price_dkk":"","_smort_sale_price_eur":"","smort_restorder":"","shipmondo_restorder":"","_kad_blocks_custom_css":"","_kad_blocks_head_custom_js":"","_kad_blocks_body_custom_js":"","_kad_blocks_footer_custom_js":"","smort_custom_pricelist_1":"159.36","smort_custom_pricelist_2":"139.44","smort_custom_pricelist_3":"129.48","smort_custom_pricelist_4":"199.2","smort_custom_pricelist_5":"139.44"},"anvandningsomrade":[],"bilmarken":[],"product_brand":[117],"product_cat":[2988,2989,2450,378],"product_tag":[],"class_list":{"0":"post-5757","1":"product","2":"type-product","3":"status-publish","4":"has-post-thumbnail","6":"product_brand-xenonkungen","7":"product_cat-biltvatt","8":"product_cat-avfettning","9":"product_cat-tillbehor-bilvard","10":"product_cat-bilvard","12":"first","13":"instock","14":"taxable","15":"shipping-taxable","16":"purchasable","17":"product-type-simple"},"bundled_by":[],"bundle_stock_status":"instock","bundle_stock_quantity":9,"bundle_virtual":false,"bundle_layout":"","bundle_add_to_cart_form_location":"","bundle_editable_in_cart":false,"bundle_sold_individually_context":"","bundle_item_grouping":"","bundle_min_size":"","bundle_max_size":"","bundle_price":[],"bundled_items":[],"bundle_sell_ids":[],"acf":[],"yoast_head":"<!-- This site is optimized with the Yoast SEO plugin v27.0 - https:\/\/yoast.com\/product\/yoast-seo-wordpress\/ -->\n<title>XK FoamLance 500 - Xenonkungen<\/title>\n<meta name=\"robots\" content=\"index, follow, max-snippet:-1, max-image-preview:large, max-video-preview:-1\" \/>\n<link rel=\"canonical\" href=\"https:\/\/xenonkungen.com\/fi\/tuote\/xk-foamlance-500\/\" \/>\n<meta property=\"og:locale\" content=\"fi_FI\" \/>\n<meta property=\"og:type\" content=\"article\" \/>\n<meta property=\"og:title\" content=\"XK FoamLance 500 - Xenonkungen\" \/>\n<meta property=\"og:description\" content=\"Kompatibilitet med K\u00e4rcher H\u00f6gtryckstv\u00e4ttar: XK FoamLance 500 \u00e4r designad f\u00f6r att passa perfekt med alla K\u00e4rcher modeller, vilket g\u00f6r den idealisk f\u00f6r biltv\u00e4ttentusiaster som f\u00f6redrar K\u00e4rcher&#039;s p\u00e5litliga utrustning. Skonsam och Effektiv Reng\u00f6ring: Applicera bilschampo i tjockt skum som lyfter smuts fr\u00e5n lacken utan att orsaka repor, vilket minskar risken f\u00f6r skador p\u00e5 din bil under reng\u00f6ringsprocessen. Ekonomisk Anv\u00e4ndning: Den stora 500 ml beh\u00e5llaren minimerar behovet av frekventa p\u00e5fyllningar och garanterar att du kan genomf\u00f6ra flera tv\u00e4ttar med en enda fyllning, vilket sparar b\u00e5de tid och pengar.\" \/>\n<meta property=\"og:url\" content=\"https:\/\/xenonkungen.com\/fi\/tuote\/xk-foamlance-500\/\" \/>\n<meta property=\"og:site_name\" content=\"Xenonkungen\" \/>\n<meta property=\"article:modified_time\" content=\"2026-03-26T09:57:36+00:00\" \/>\n<meta property=\"og:image\" content=\"https:\/\/xenonkungen.com\/wp-content\/uploads\/2025\/04\/211838895-origpic-af33f6.png\" \/>\n\t<meta property=\"og:image:width\" content=\"1260\" \/>\n\t<meta property=\"og:image:height\" content=\"1000\" \/>\n\t<meta property=\"og:image:type\" content=\"image\/png\" \/>\n<meta name=\"twitter:card\" content=\"summary_large_image\" \/>\n<meta name=\"twitter:label1\" content=\"Arvioitu lukuaika\" \/>\n\t<meta name=\"twitter:data1\" content=\"1 minuutti\" \/>\n<script type=\"application\/ld+json\" class=\"yoast-schema-graph\">{\"@context\":\"https:\/\/schema.org\",\"@graph\":[{\"@type\":\"WebPage\",\"@id\":\"https:\/\/xenonkungen.com\/produkt\/xk-foamlance-500\/\",\"url\":\"https:\/\/xenonkungen.com\/produkt\/xk-foamlance-500\/\",\"name\":\"XK FoamLance 500 - Xenonkungen\",\"isPartOf\":{\"@id\":\"https:\/\/xenonkungen.com\/#website\"},\"primaryImageOfPage\":{\"@id\":\"https:\/\/xenonkungen.com\/produkt\/xk-foamlance-500\/#primaryimage\"},\"image\":{\"@id\":\"https:\/\/xenonkungen.com\/produkt\/xk-foamlance-500\/#primaryimage\"},\"thumbnailUrl\":\"https:\/\/xenonkungen.com\/wp-content\/uploads\/2025\/04\/211838895-origpic-af33f6.png\",\"datePublished\":\"2025-04-15T09:35:06+00:00\",\"dateModified\":\"2026-03-26T09:57:36+00:00\",\"breadcrumb\":{\"@id\":\"https:\/\/xenonkungen.com\/produkt\/xk-foamlance-500\/#breadcrumb\"},\"inLanguage\":\"fi\",\"potentialAction\":[{\"@type\":\"ReadAction\",\"target\":[\"https:\/\/xenonkungen.com\/produkt\/xk-foamlance-500\/\"]}]},{\"@type\":\"ImageObject\",\"inLanguage\":\"fi\",\"@id\":\"https:\/\/xenonkungen.com\/produkt\/xk-foamlance-500\/#primaryimage\",\"url\":\"https:\/\/xenonkungen.com\/wp-content\/uploads\/2025\/04\/211838895-origpic-af33f6.png\",\"contentUrl\":\"https:\/\/xenonkungen.com\/wp-content\/uploads\/2025\/04\/211838895-origpic-af33f6.png\",\"width\":1260,\"height\":1000},{\"@type\":\"BreadcrumbList\",\"@id\":\"https:\/\/xenonkungen.com\/produkt\/xk-foamlance-500\/#breadcrumb\",\"itemListElement\":[{\"@type\":\"ListItem\",\"position\":1,\"name\":\"Hem\",\"item\":\"https:\/\/xenonkungen.com\/\"},{\"@type\":\"ListItem\",\"position\":2,\"name\":\"Shop\",\"item\":\"https:\/\/xenonkungen.com\/shop\/\"},{\"@type\":\"ListItem\",\"position\":3,\"name\":\"XK FoamLance 500\"}]},{\"@type\":\"WebSite\",\"@id\":\"https:\/\/xenonkungen.com\/#website\",\"url\":\"https:\/\/xenonkungen.com\/\",\"name\":\"Xenonkungen\",\"description\":\"\",\"potentialAction\":[{\"@type\":\"SearchAction\",\"target\":{\"@type\":\"EntryPoint\",\"urlTemplate\":\"https:\/\/xenonkungen.com\/?s={search_term_string}\"},\"query-input\":{\"@type\":\"PropertyValueSpecification\",\"valueRequired\":true,\"valueName\":\"search_term_string\"}}],\"inLanguage\":\"fi\"}]}<\/script>\n<!-- \/ Yoast SEO plugin. -->","yoast_head_json":{"title":"XK FoamLance 500 - Ksenonkuningas","robots":{"index":"index","follow":"follow","max-snippet":"max-snippet:-1","max-image-preview":"max-image-preview:large","max-video-preview":"max-video-preview:-1"},"canonical":"https:\/\/xenonkungen.com\/fi\/tuote\/xk-foamlance-500\/","og_locale":"fi_FI","og_type":"article","og_title":"XK FoamLance 500 - Xenonkungen","og_description":"Kompatibilitet med K\u00e4rcher H\u00f6gtryckstv\u00e4ttar: XK FoamLance 500 \u00e4r designad f\u00f6r att passa perfekt med alla K\u00e4rcher modeller, vilket g\u00f6r den idealisk f\u00f6r biltv\u00e4ttentusiaster som f\u00f6redrar K\u00e4rcher's p\u00e5litliga utrustning. Skonsam och Effektiv Reng\u00f6ring: Applicera bilschampo i tjockt skum som lyfter smuts fr\u00e5n lacken utan att orsaka repor, vilket minskar risken f\u00f6r skador p\u00e5 din bil under reng\u00f6ringsprocessen. Ekonomisk Anv\u00e4ndning: Den stora 500 ml beh\u00e5llaren minimerar behovet av frekventa p\u00e5fyllningar och garanterar att du kan genomf\u00f6ra flera tv\u00e4ttar med en enda fyllning, vilket sparar b\u00e5de tid och pengar.","og_url":"https:\/\/xenonkungen.com\/fi\/tuote\/xk-foamlance-500\/","og_site_name":"Xenonkungen","article_modified_time":"2026-03-26T09:57:36+00:00","og_image":[{"width":1260,"height":1000,"url":"https:\/\/xenonkungen.com\/wp-content\/uploads\/2025\/04\/211838895-origpic-af33f6.png","type":"image\/png"}],"twitter_card":"summary_large_image","twitter_misc":{"Arvioitu lukuaika":"1 minuutti"},"schema":{"@context":"https:\/\/schema.org","@graph":[{"@type":"WebPage","@id":"https:\/\/xenonkungen.com\/produkt\/xk-foamlance-500\/","url":"https:\/\/xenonkungen.com\/produkt\/xk-foamlance-500\/","name":"XK FoamLance 500 - Ksenonkuningas","isPartOf":{"@id":"https:\/\/xenonkungen.com\/#website"},"primaryImageOfPage":{"@id":"https:\/\/xenonkungen.com\/produkt\/xk-foamlance-500\/#primaryimage"},"image":{"@id":"https:\/\/xenonkungen.com\/produkt\/xk-foamlance-500\/#primaryimage"},"thumbnailUrl":"https:\/\/xenonkungen.com\/wp-content\/uploads\/2025\/04\/211838895-origpic-af33f6.png","datePublished":"2025-04-15T09:35:06+00:00","dateModified":"2026-03-26T09:57:36+00:00","breadcrumb":{"@id":"https:\/\/xenonkungen.com\/produkt\/xk-foamlance-500\/#breadcrumb"},"inLanguage":"fi","potentialAction":[{"@type":"ReadAction","target":["https:\/\/xenonkungen.com\/produkt\/xk-foamlance-500\/"]}]},{"@type":"ImageObject","inLanguage":"fi","@id":"https:\/\/xenonkungen.com\/produkt\/xk-foamlance-500\/#primaryimage","url":"https:\/\/xenonkungen.com\/wp-content\/uploads\/2025\/04\/211838895-origpic-af33f6.png","contentUrl":"https:\/\/xenonkungen.com\/wp-content\/uploads\/2025\/04\/211838895-origpic-af33f6.png","width":1260,"height":1000},{"@type":"BreadcrumbList","@id":"https:\/\/xenonkungen.com\/produkt\/xk-foamlance-500\/#breadcrumb","itemListElement":[{"@type":"ListItem","position":1,"name":"Hem","item":"https:\/\/xenonkungen.com\/"},{"@type":"ListItem","position":2,"name":"Shop","item":"https:\/\/xenonkungen.com\/shop\/"},{"@type":"ListItem","position":3,"name":"XK FoamLance 500"}]},{"@type":"WebSite","@id":"https:\/\/xenonkungen.com\/#website","url":"https:\/\/xenonkungen.com\/","name":"Xenonkungen","description":"","potentialAction":[{"@type":"SearchAction","target":{"@type":"EntryPoint","urlTemplate":"https:\/\/xenonkungen.com\/?s={search_term_string}"},"query-input":{"@type":"PropertyValueSpecification","valueRequired":true,"valueName":"search_term_string"}}],"inLanguage":"fi"}]}},"taxonomy_info":{"product_brand":[{"value":117,"label":"Xenonkungen"}],"product_cat":[{"value":2988,"label":"1 | Biltv\u00e4tt"},{"value":2989,"label":"2 | Avfettning"},{"value":2450,"label":"Tillbeh\u00f6r"},{"value":378,"label":"Bilv\u00e5rd"}]},"featured_image_src_large":["https:\/\/xenonkungen.com\/wp-content\/uploads\/2025\/04\/211838895-origpic-af33f6-1024x813.png",1024,813,true],"author_info":[],"comment_info":0,"_links":{"self":[{"href":"https:\/\/xenonkungen.com\/fi\/wp-json\/wp\/v2\/product\/5757","targetHints":{"allow":["GET"]}}],"collection":[{"href":"https:\/\/xenonkungen.com\/fi\/wp-json\/wp\/v2\/product"}],"about":[{"href":"https:\/\/xenonkungen.com\/fi\/wp-json\/wp\/v2\/types\/product"}],"replies":[{"embeddable":true,"href":"https:\/\/xenonkungen.com\/fi\/wp-json\/wp\/v2\/comments?post=5757"}],"wp:featuredmedia":[{"embeddable":true,"href":"https:\/\/xenonkungen.com\/fi\/wp-json\/wp\/v2\/media\/5758"}],"wp:attachment":[{"href":"https:\/\/xenonkungen.com\/fi\/wp-json\/wp\/v2\/media?parent=5757"}],"wp:term":[{"taxonomy":"anvandningsomrade","embeddable":true,"href":"https:\/\/xenonkungen.com\/fi\/wp-json\/wp\/v2\/anvandningsomrade?post=5757"},{"taxonomy":"bilmarken","embeddable":true,"href":"https:\/\/xenonkungen.com\/fi\/wp-json\/wp\/v2\/bilmarken?post=5757"},{"taxonomy":"product_brand","embeddable":true,"href":"https:\/\/xenonkungen.com\/fi\/wp-json\/wp\/v2\/product_brand?post=5757"},{"taxonomy":"product_cat","embeddable":true,"href":"https:\/\/xenonkungen.com\/fi\/wp-json\/wp\/v2\/product_cat?post=5757"},{"taxonomy":"product_tag","embeddable":true,"href":"https:\/\/xenonkungen.com\/fi\/wp-json\/wp\/v2\/product_tag?post=5757"}],"curies":[{"name":"wp","href":"https:\/\/api.w.org\/{rel}","templated":true}]}}