{"id":5809,"date":"2025-04-15T09:36:01","date_gmt":"2025-04-15T09:36:01","guid":{"rendered":"https:\/\/xenonkungen.com\/product\/ledriving-ledlampa-sl-r5w-ba15s-vit\/"},"modified":"2026-04-11T01:22:17","modified_gmt":"2026-04-11T00:22:17","slug":"ledriving-led-lamppu-sl-r5w-ba15s-valkoinen","status":"publish","type":"product","link":"https:\/\/xenonkungen.com\/fi\/tuote\/ledriving-led-lamppu-sl-r5w-ba15s-valkoinen\/","title":{"rendered":"LEDriving\u00ae LED-valaisin SL R5W | BA15S | Valkoinen"},"content":{"rendered":"<p>Sopiva LED-vaihtopolttimo R5W | BA15S | 1156 -valoille<\/p>\n<p>LEDriving SL R5W -vaihtopolttimot tarjoavat modernin ja voimakkaan valaistuskokemuksen vaikuttavalla jopa 6 000 kelvinin v\u00e4ril\u00e4mp\u00f6tilalla. N\u00e4m\u00e4 vaihtopolttimot on erityisesti suunniteltu sopimaan t\u00e4ydellisesti kaikkiin vakiomallisiin R5W-lamppujen kantoon.<\/p>\n<p>Yksi n\u00e4iden LED-vaihtolamppujen merkitt\u00e4vist\u00e4 eduista on niiden energiatehokkuus. LED-teknologian ansiosta ne kuluttavat jopa 80 % v\u00e4hemm\u00e4n energiaa perinteisiin lamppuihin verrattuna. T\u00e4m\u00e4 ei ainoastaan v\u00e4henn\u00e4 ajoneuvosi akun rasitusta, vaan my\u00f6s pident\u00e4\u00e4 lamppujen k\u00e4ytt\u00f6ik\u00e4\u00e4.<\/p>\n<p>LEDriving SL R5W -vaihtopolttimot tarjoavat my\u00f6s vaikuttavan valaistuksen modernilla v\u00e4ril\u00e4mp\u00f6tilallaan. Voit olla varma, ett\u00e4 n\u00e4m\u00e4 polttimot ovat korkealaatuisia, ja OSRAM tarjoaa LEDriving SL -polttimoille runsaan 4 vuoden takuun.<\/p>\n<p>Huomaa kuitenkin, ett\u00e4 n\u00e4it\u00e4 tuotteita ei ole ECE-hyv\u00e4ksytty k\u00e4ytett\u00e4v\u00e4ksi julkisilla teill\u00e4 ulkok\u00e4yt\u00f6ss\u00e4. N\u00e4iden valaisimien k\u00e4ytt\u00f6 julkisilla teill\u00e4 voi johtaa paitsi ajokortin menett\u00e4miseen my\u00f6s vakuutuksesi mit\u00e4t\u00f6intiin. On t\u00e4rke\u00e4\u00e4 noudattaa maassasi sovellettavia lakeja ja m\u00e4\u00e4r\u00e4yksi\u00e4. N\u00e4iden tuotteiden myynti\u00e4 ja k\u00e4ytt\u00f6\u00e4 voidaan rajoittaa joissakin maissa. Suosittelemme, ett\u00e4 otat yhteytt\u00e4 paikalliseen j\u00e4lleenmyyj\u00e4\u00e4n saadaksesi lis\u00e4tietoja ja neuvoja n\u00e4iden valaisimien k\u00e4yt\u00f6st\u00e4.<\/p>\n<p>S\u00e4hk\u00f6iset tiedot:<br \/>\u2013 Suurin teho: 0,5 W<br \/>- Nimellinen nimellisj\u00e4nnite: 12,0 V<br \/>\u2013 Nimellisteho: 0,50 W<br \/>- Virrankulutuksen toleranssi: \u00b120 %<br \/>- Testij\u00e4nnite voltteina: 13,5 V<\/p>\n<p>Fotometriset tiedot:<br \/>\u2013 Valovirta: 50 lm<br \/>- Valovirta, toleranssi: \u00b125 % %<br \/>- LED-valon v\u00e4ri: viile\u00e4n valkoinen<br \/>- V\u00e4ril\u00e4mp\u00f6tila: 6000 K<\/p>\n<p>Mitat:<br \/>\u2013 Halkaisija: 19,0 mm<br \/>\u2013 Tuotteen paino: 9,60 g<br \/>\u2013 Pituus: 37,5 mm<\/p>\n<p>Elinajanodote:<br \/>- K\u00e4ytt\u00f6ik\u00e4 B3: 1500 h<br \/>- Elinik\u00e4 Tc tunteina: 4000 h<br \/>- Takuu: 4 vuotta<\/p>\n<p>T\u00e4ydent\u00e4v\u00e4t tuotetiedot:<br \/>\u2013 Kanta: BA15s<\/p>","protected":false},"excerpt":{"rendered":"<p>LEDriving\u00ae LED-lamppu SL R5W | BA15S on vihdoin saatavilla verkkokaupastamme! T\u00e4m\u00e4 ensiluokkainen LED-lamppu tarjoaa kirkkaan ja tehokkaan valon, joka ylitt\u00e4\u00e4 perinteiset lamput. Korkealaatuinen teknologia takaa pitk\u00e4n k\u00e4ytt\u00f6i\u00e4n ja erinomaisen energiatehokkuuden. Lis\u00e4ksi se on helppo asentaa \u2013 voit k\u00e4ytt\u00e4\u00e4 sit\u00e4 autoissasi, kuorma-autoissasi, moottoripy\u00f6riss\u00e4si ja paljon muussa. Tilaa LEDDriving\u00ae LED-lamppu SL R5W jo t\u00e4n\u00e4\u00e4n ja ota itse selv\u00e4\u00e4, miksi se on ensisijainen valinta...<\/p>","protected":false},"featured_media":5810,"comment_status":"closed","ping_status":"open","template":"","meta":{"_acf_changed":false,"_smort_price_nok":"230","_smort_price_dkk":"146","_smort_price_eur":"19.54","_smort_sale_price_nok":"","_smort_sale_price_dkk":"","_smort_sale_price_eur":"","smort_restorder":"","shipmondo_restorder":"","_kad_blocks_custom_css":"","_kad_blocks_head_custom_js":"","_kad_blocks_body_custom_js":"","_kad_blocks_footer_custom_js":"","smort_custom_pricelist_1":"137.6","smort_custom_pricelist_2":"129","smort_custom_pricelist_3":"122.55","smort_custom_pricelist_4":"172","smort_custom_pricelist_5":"128.06"},"anvandningsomrade":[],"bilmarken":[],"product_brand":[108],"product_cat":[2515,338],"product_tag":[],"class_list":{"0":"post-5809","1":"product","2":"type-product","3":"status-publish","4":"has-post-thumbnail","6":"product_brand-osram","7":"product_cat-ba15s","8":"product_cat-diodlampor","9":"pa_faktisk-effekts-forbrukning-1681","10":"pa_fargtemperatur-6000k","11":"pa_lampsockel-kontakt-r5w-ba15s-1156","12":"pa_storlek-mm-1680","13":"pa_volt-v-159","15":"first","16":"instock","17":"taxable","18":"shipping-taxable","19":"purchasable","20":"product-type-simple"},"bundled_by":[],"bundle_stock_status":"instock","bundle_stock_quantity":1,"bundle_virtual":false,"bundle_layout":"","bundle_add_to_cart_form_location":"","bundle_editable_in_cart":false,"bundle_sold_individually_context":"","bundle_item_grouping":"","bundle_min_size":"","bundle_max_size":"","bundle_price":[],"bundled_items":[],"bundle_sell_ids":[],"acf":[],"yoast_head":"<!-- This site is optimized with the Yoast SEO plugin v27.0 - https:\/\/yoast.com\/product\/yoast-seo-wordpress\/ -->\n<title>LEDriving\u00ae LEDlampa SL R5W | BA15S | Vit - Xenonkungen<\/title>\n<meta name=\"robots\" content=\"index, follow, max-snippet:-1, max-image-preview:large, max-video-preview:-1\" \/>\n<link rel=\"canonical\" href=\"https:\/\/xenonkungen.com\/fi\/tuote\/ledriving-led-lamppu-sl-r5w-ba15s-valkoinen\/\" \/>\n<meta property=\"og:locale\" content=\"fi_FI\" \/>\n<meta property=\"og:type\" content=\"article\" \/>\n<meta property=\"og:title\" content=\"LEDriving\u00ae LEDlampa SL R5W | BA15S | Vit - Xenonkungen\" \/>\n<meta property=\"og:description\" content=\"\u00c4ntligen \u00e4r LEDriving\u00ae LEDlampan SL R5W | BA15S tillg\u00e4nglig i v\u00e5r webbutik! Denna \u00f6verl\u00e4gsna LEDlampa ger ett starkt och effektivt ljus som \u00f6vertr\u00e4ffar traditionella lampor. Den h\u00f6gkvalitativa tekniken garanterar en l\u00e5ng livsl\u00e4ngd och utm\u00e4rkt energieffektivitet. Dessutom \u00e4r den enkel att installera - du kan anv\u00e4nda den i dina bilar, lastbilar, motorcyklar och mycket mer. Best\u00e4ll LEDDriving\u00ae LEDlampan SL R5W idag och uppt\u00e4ck sj\u00e4lv varf\u00f6r den \u00e4r f\u00f6rstavalet f\u00f6r\" \/>\n<meta property=\"og:url\" content=\"https:\/\/xenonkungen.com\/fi\/tuote\/ledriving-led-lamppu-sl-r5w-ba15s-valkoinen\/\" \/>\n<meta property=\"og:site_name\" content=\"Xenonkungen\" \/>\n<meta property=\"article:modified_time\" content=\"2026-04-11T00:22:17+00:00\" \/>\n<meta property=\"og:image\" content=\"https:\/\/xenonkungen.com\/wp-content\/uploads\/2025\/04\/201830655-origpic-6b07ee.jpg\" \/>\n\t<meta property=\"og:image:width\" content=\"691\" \/>\n\t<meta property=\"og:image:height\" content=\"1000\" \/>\n\t<meta property=\"og:image:type\" content=\"image\/jpeg\" \/>\n<meta name=\"twitter:card\" content=\"summary_large_image\" \/>\n<meta name=\"twitter:label1\" content=\"Arvioitu lukuaika\" \/>\n\t<meta name=\"twitter:data1\" content=\"2 minuuttia\" \/>\n<script type=\"application\/ld+json\" class=\"yoast-schema-graph\">{\"@context\":\"https:\/\/schema.org\",\"@graph\":[{\"@type\":\"WebPage\",\"@id\":\"https:\/\/xenonkungen.com\/produkt\/ledriving-ledlampa-sl-r5w-ba15s-vit\/\",\"url\":\"https:\/\/xenonkungen.com\/produkt\/ledriving-ledlampa-sl-r5w-ba15s-vit\/\",\"name\":\"LEDriving\u00ae LEDlampa SL R5W | BA15S | Vit - Xenonkungen\",\"isPartOf\":{\"@id\":\"https:\/\/xenonkungen.com\/#website\"},\"primaryImageOfPage\":{\"@id\":\"https:\/\/xenonkungen.com\/produkt\/ledriving-ledlampa-sl-r5w-ba15s-vit\/#primaryimage\"},\"image\":{\"@id\":\"https:\/\/xenonkungen.com\/produkt\/ledriving-ledlampa-sl-r5w-ba15s-vit\/#primaryimage\"},\"thumbnailUrl\":\"https:\/\/xenonkungen.com\/wp-content\/uploads\/2025\/04\/201830655-origpic-6b07ee.jpg\",\"datePublished\":\"2025-04-15T09:36:01+00:00\",\"dateModified\":\"2026-04-11T00:22:17+00:00\",\"breadcrumb\":{\"@id\":\"https:\/\/xenonkungen.com\/produkt\/ledriving-ledlampa-sl-r5w-ba15s-vit\/#breadcrumb\"},\"inLanguage\":\"fi\",\"potentialAction\":[{\"@type\":\"ReadAction\",\"target\":[\"https:\/\/xenonkungen.com\/produkt\/ledriving-ledlampa-sl-r5w-ba15s-vit\/\"]}]},{\"@type\":\"ImageObject\",\"inLanguage\":\"fi\",\"@id\":\"https:\/\/xenonkungen.com\/produkt\/ledriving-ledlampa-sl-r5w-ba15s-vit\/#primaryimage\",\"url\":\"https:\/\/xenonkungen.com\/wp-content\/uploads\/2025\/04\/201830655-origpic-6b07ee.jpg\",\"contentUrl\":\"https:\/\/xenonkungen.com\/wp-content\/uploads\/2025\/04\/201830655-origpic-6b07ee.jpg\",\"width\":691,\"height\":1000},{\"@type\":\"BreadcrumbList\",\"@id\":\"https:\/\/xenonkungen.com\/produkt\/ledriving-ledlampa-sl-r5w-ba15s-vit\/#breadcrumb\",\"itemListElement\":[{\"@type\":\"ListItem\",\"position\":1,\"name\":\"Hem\",\"item\":\"https:\/\/xenonkungen.com\/\"},{\"@type\":\"ListItem\",\"position\":2,\"name\":\"Shop\",\"item\":\"https:\/\/xenonkungen.com\/shop\/\"},{\"@type\":\"ListItem\",\"position\":3,\"name\":\"LEDriving\u00ae LEDlampa SL R5W | BA15S | Vit\"}]},{\"@type\":\"WebSite\",\"@id\":\"https:\/\/xenonkungen.com\/#website\",\"url\":\"https:\/\/xenonkungen.com\/\",\"name\":\"Xenonkungen\",\"description\":\"\",\"potentialAction\":[{\"@type\":\"SearchAction\",\"target\":{\"@type\":\"EntryPoint\",\"urlTemplate\":\"https:\/\/xenonkungen.com\/?s={search_term_string}\"},\"query-input\":{\"@type\":\"PropertyValueSpecification\",\"valueRequired\":true,\"valueName\":\"search_term_string\"}}],\"inLanguage\":\"fi\"}]}<\/script>\n<!-- \/ Yoast SEO plugin. -->","yoast_head_json":{"title":"LEDriving\u00ae LED-lamppu SL R5W | BA15S | Valkoinen - Ksenonkuningas","robots":{"index":"index","follow":"follow","max-snippet":"max-snippet:-1","max-image-preview":"max-image-preview:large","max-video-preview":"max-video-preview:-1"},"canonical":"https:\/\/xenonkungen.com\/fi\/tuote\/ledriving-led-lamppu-sl-r5w-ba15s-valkoinen\/","og_locale":"fi_FI","og_type":"article","og_title":"LEDriving\u00ae LEDlampa SL R5W | BA15S | Vit - Xenonkungen","og_description":"\u00c4ntligen \u00e4r LEDriving\u00ae LEDlampan SL R5W | BA15S tillg\u00e4nglig i v\u00e5r webbutik! Denna \u00f6verl\u00e4gsna LEDlampa ger ett starkt och effektivt ljus som \u00f6vertr\u00e4ffar traditionella lampor. Den h\u00f6gkvalitativa tekniken garanterar en l\u00e5ng livsl\u00e4ngd och utm\u00e4rkt energieffektivitet. Dessutom \u00e4r den enkel att installera - du kan anv\u00e4nda den i dina bilar, lastbilar, motorcyklar och mycket mer. Best\u00e4ll LEDDriving\u00ae LEDlampan SL R5W idag och uppt\u00e4ck sj\u00e4lv varf\u00f6r den \u00e4r f\u00f6rstavalet f\u00f6r","og_url":"https:\/\/xenonkungen.com\/fi\/tuote\/ledriving-led-lamppu-sl-r5w-ba15s-valkoinen\/","og_site_name":"Xenonkungen","article_modified_time":"2026-04-11T00:22:17+00:00","og_image":[{"width":691,"height":1000,"url":"https:\/\/xenonkungen.com\/wp-content\/uploads\/2025\/04\/201830655-origpic-6b07ee.jpg","type":"image\/jpeg"}],"twitter_card":"summary_large_image","twitter_misc":{"Arvioitu lukuaika":"2 minuuttia"},"schema":{"@context":"https:\/\/schema.org","@graph":[{"@type":"WebPage","@id":"https:\/\/xenonkungen.com\/produkt\/ledriving-ledlampa-sl-r5w-ba15s-vit\/","url":"https:\/\/xenonkungen.com\/produkt\/ledriving-ledlampa-sl-r5w-ba15s-vit\/","name":"LEDriving\u00ae LED-lamppu SL R5W | BA15S | Valkoinen - Ksenonkuningas","isPartOf":{"@id":"https:\/\/xenonkungen.com\/#website"},"primaryImageOfPage":{"@id":"https:\/\/xenonkungen.com\/produkt\/ledriving-ledlampa-sl-r5w-ba15s-vit\/#primaryimage"},"image":{"@id":"https:\/\/xenonkungen.com\/produkt\/ledriving-ledlampa-sl-r5w-ba15s-vit\/#primaryimage"},"thumbnailUrl":"https:\/\/xenonkungen.com\/wp-content\/uploads\/2025\/04\/201830655-origpic-6b07ee.jpg","datePublished":"2025-04-15T09:36:01+00:00","dateModified":"2026-04-11T00:22:17+00:00","breadcrumb":{"@id":"https:\/\/xenonkungen.com\/produkt\/ledriving-ledlampa-sl-r5w-ba15s-vit\/#breadcrumb"},"inLanguage":"fi","potentialAction":[{"@type":"ReadAction","target":["https:\/\/xenonkungen.com\/produkt\/ledriving-ledlampa-sl-r5w-ba15s-vit\/"]}]},{"@type":"ImageObject","inLanguage":"fi","@id":"https:\/\/xenonkungen.com\/produkt\/ledriving-ledlampa-sl-r5w-ba15s-vit\/#primaryimage","url":"https:\/\/xenonkungen.com\/wp-content\/uploads\/2025\/04\/201830655-origpic-6b07ee.jpg","contentUrl":"https:\/\/xenonkungen.com\/wp-content\/uploads\/2025\/04\/201830655-origpic-6b07ee.jpg","width":691,"height":1000},{"@type":"BreadcrumbList","@id":"https:\/\/xenonkungen.com\/produkt\/ledriving-ledlampa-sl-r5w-ba15s-vit\/#breadcrumb","itemListElement":[{"@type":"ListItem","position":1,"name":"Hem","item":"https:\/\/xenonkungen.com\/"},{"@type":"ListItem","position":2,"name":"Shop","item":"https:\/\/xenonkungen.com\/shop\/"},{"@type":"ListItem","position":3,"name":"LEDriving\u00ae LEDlampa SL R5W | BA15S | Vit"}]},{"@type":"WebSite","@id":"https:\/\/xenonkungen.com\/#website","url":"https:\/\/xenonkungen.com\/","name":"Xenonkungen","description":"","potentialAction":[{"@type":"SearchAction","target":{"@type":"EntryPoint","urlTemplate":"https:\/\/xenonkungen.com\/?s={search_term_string}"},"query-input":{"@type":"PropertyValueSpecification","valueRequired":true,"valueName":"search_term_string"}}],"inLanguage":"fi"}]}},"taxonomy_info":{"product_brand":[{"value":108,"label":"OSRAM"}],"product_cat":[{"value":2515,"label":"BA15S"},{"value":338,"label":"Diodlampor"}],"pa_faktisk-effekts-forbrukning":[{"value":1681,"label":"0,5"}],"pa_fargtemperatur":[{"value":188,"label":"6000K"}],"pa_lampsockel-kontakt":[{"value":1682,"label":"R5W, BA15S, 1156"}],"pa_storlek-mm":[{"value":1680,"label":"37,5"}],"pa_volt-v":[{"value":159,"label":"12"}]},"featured_image_src_large":["https:\/\/xenonkungen.com\/wp-content\/uploads\/2025\/04\/201830655-origpic-6b07ee.jpg",691,1000,false],"author_info":[],"comment_info":3,"_links":{"self":[{"href":"https:\/\/xenonkungen.com\/fi\/wp-json\/wp\/v2\/product\/5809","targetHints":{"allow":["GET"]}}],"collection":[{"href":"https:\/\/xenonkungen.com\/fi\/wp-json\/wp\/v2\/product"}],"about":[{"href":"https:\/\/xenonkungen.com\/fi\/wp-json\/wp\/v2\/types\/product"}],"replies":[{"embeddable":true,"href":"https:\/\/xenonkungen.com\/fi\/wp-json\/wp\/v2\/comments?post=5809"}],"wp:featuredmedia":[{"embeddable":true,"href":"https:\/\/xenonkungen.com\/fi\/wp-json\/wp\/v2\/media\/5810"}],"wp:attachment":[{"href":"https:\/\/xenonkungen.com\/fi\/wp-json\/wp\/v2\/media?parent=5809"}],"wp:term":[{"taxonomy":"anvandningsomrade","embeddable":true,"href":"https:\/\/xenonkungen.com\/fi\/wp-json\/wp\/v2\/anvandningsomrade?post=5809"},{"taxonomy":"bilmarken","embeddable":true,"href":"https:\/\/xenonkungen.com\/fi\/wp-json\/wp\/v2\/bilmarken?post=5809"},{"taxonomy":"product_brand","embeddable":true,"href":"https:\/\/xenonkungen.com\/fi\/wp-json\/wp\/v2\/product_brand?post=5809"},{"taxonomy":"product_cat","embeddable":true,"href":"https:\/\/xenonkungen.com\/fi\/wp-json\/wp\/v2\/product_cat?post=5809"},{"taxonomy":"product_tag","embeddable":true,"href":"https:\/\/xenonkungen.com\/fi\/wp-json\/wp\/v2\/product_tag?post=5809"}],"curies":[{"name":"wp","href":"https:\/\/api.w.org\/{rel}","templated":true}]}}