{"id":5813,"date":"2025-04-15T09:36:01","date_gmt":"2025-04-15T09:36:01","guid":{"rendered":"https:\/\/xenonkungen.com\/product\/ledriving-ledlampa-sl-r10w\/"},"modified":"2026-04-17T12:09:05","modified_gmt":"2026-04-17T11:09:05","slug":"led-ajolamppu-sl-r10w","status":"publish","type":"product","link":"https:\/\/xenonkungen.com\/fi\/tuote\/led-ajolamppu-sl-r10w\/","title":{"rendered":"LEDriving\u00ae LED-valaisin SL R10W"},"content":{"rendered":"<p>Sopiva LED-vaihtolamppu R10W:lle<\/p>\n<p>LEDriving SL R10W -vaihtopolttimot tarjoavat modernia ja tehokasta valaistusta vaikuttavalla jopa 6 000 kelvinin v\u00e4ril\u00e4mp\u00f6tilalla. N\u00e4m\u00e4 vaihtopolttimot on erityisesti suunniteltu sopimaan t\u00e4ydellisesti kaikkiin vakiomallisiin R10W-lamppukantaan.<\/p>\n<p>Yksi n\u00e4iden LED-vaihtolamppujen merkitt\u00e4vist\u00e4 eduista on niiden energiatehokkuus. LED-teknologian ansiosta ne kuluttavat jopa 80 % v\u00e4hemm\u00e4n energiaa perinteisiin lamppuihin verrattuna. T\u00e4m\u00e4 tarkoittaa, ett\u00e4 et ainoastaan v\u00e4henn\u00e4 ajoneuvosi akun rasitusta, vaan my\u00f6s pident\u00e4\u00e4 lamppujen k\u00e4ytt\u00f6ik\u00e4\u00e4.<\/p>\n<p>LEDriving SL R10W -vaihtolamput tarjoavat my\u00f6s vaikuttavan valaistuksen modernilla v\u00e4ril\u00e4mp\u00f6tilallaan. Voit olla varma, ett\u00e4 n\u00e4m\u00e4 lamput ovat korkealaatuisia, ja OSRAM tarjoaa LEDriving SL -lampuille runsaan 4 vuoden takuun.<\/p>\n<p>Huomaa kuitenkin, ett\u00e4 n\u00e4it\u00e4 tuotteita ei ole ECE-hyv\u00e4ksytty k\u00e4ytett\u00e4v\u00e4ksi julkisilla teill\u00e4 ulkok\u00e4yt\u00f6ss\u00e4. On t\u00e4rke\u00e4\u00e4 noudattaa maassasi sovellettavia ajoneuvovalaistusta koskevia lakeja ja m\u00e4\u00e4r\u00e4yksi\u00e4. N\u00e4m\u00e4 lamput on tarkoitettu muihin tarkoituksiin, ja niit\u00e4 tulee k\u00e4ytt\u00e4\u00e4 valmistajan suositusten mukaisesti.<\/p>\n<p>S\u00e4hk\u00f6iset tiedot:<br \/>\u2013 Suurin teho: 1,24 W<br \/>- Nimellinen nimellisj\u00e4nnite: 12,0 V<br \/>\u2013 Nimellisteho: 1,20 W<br \/>- Virrankulutuksen toleranssi: \u00b120 %<br \/>- Testij\u00e4nnite voltteina: 13,5 V<\/p>\n<p>Fotometriset tiedot:<br \/>\u2013 Valovirta: 125 lm<br \/>- Valovirta, toleranssi: \u00b125 % %<br \/>- LED-valon v\u00e4ri: viile\u00e4n valkoinen<br \/>- V\u00e4ril\u00e4mp\u00f6tila: 6000 K<\/p>\n<p>Mitat:<br \/>\u2013 Halkaisija: 19,0 mm<br \/>\u2013 Tuotteen paino: 9,80 g<br \/>\u2013 Pituus: 37,5 mm<\/p>\n<p>Elinajanodote:<br \/>- K\u00e4ytt\u00f6ik\u00e4 B3: 1500 h<br \/>- Elinik\u00e4 Tc tunteina: 4000 h<br \/>- Takuu: 4 vuotta<\/p>\n<p>T\u00e4ydent\u00e4v\u00e4t tuotetiedot:<br \/>\u2013 Kanta: BA15s<\/p>","protected":false},"excerpt":{"rendered":"<p>L\u00e4mplig LED-ers\u00e4ttningslampa f\u00f6r R10W LEDriving SL R10W-ers\u00e4ttningslampor erbjuder en modern och kraftfull belysning med en imponerande f\u00e4rgtemperatur p\u00e5 upp till 6 000 kelvin. Dessa ers\u00e4ttningslampor \u00e4r speciellt utformade f\u00f6r att passa perfekt i alla standard R10W-lampsocklar. En av de framst\u00e5ende f\u00f6rdelarna med dessa LED-ers\u00e4ttningslampor \u00e4r deras energieffektivitet. Genom att anv\u00e4nda LED-teknik f\u00f6rbrukar de upp till [&hellip;]<\/p>","protected":false},"featured_media":5814,"comment_status":"closed","ping_status":"open","template":"","meta":{"_acf_changed":false,"_smort_price_nok":"230","_smort_price_dkk":"146","_smort_price_eur":"19.54","_smort_sale_price_nok":"","_smort_sale_price_dkk":"","_smort_sale_price_eur":"","smort_restorder":"","shipmondo_restorder":"","_kad_blocks_custom_css":"","_kad_blocks_head_custom_js":"","_kad_blocks_body_custom_js":"","_kad_blocks_footer_custom_js":"","smort_custom_pricelist_1":"137.6","smort_custom_pricelist_2":"129","smort_custom_pricelist_3":"122.55","smort_custom_pricelist_4":"172","smort_custom_pricelist_5":"128.06"},"anvandningsomrade":[],"bilmarken":[],"product_brand":[108],"product_cat":[2515,338],"product_tag":[],"class_list":{"0":"post-5813","1":"product","2":"type-product","3":"status-publish","4":"has-post-thumbnail","6":"product_brand-osram","7":"product_cat-ba15s","8":"product_cat-diodlampor","9":"pa_faktisk-effekts-forbrukning-1683","10":"pa_fargtemperatur-6000k","11":"pa_lampsockel-kontakt-ba15s-r10w","12":"pa_storlek-mm-1680","13":"pa_volt-v-159","15":"first","16":"instock","17":"taxable","18":"shipping-taxable","19":"purchasable","20":"product-type-simple"},"bundled_by":[],"bundle_stock_status":"instock","bundle_stock_quantity":4,"bundle_virtual":false,"bundle_layout":"","bundle_add_to_cart_form_location":"","bundle_editable_in_cart":false,"bundle_sold_individually_context":"","bundle_item_grouping":"","bundle_min_size":"","bundle_max_size":"","bundle_price":[],"bundled_items":[],"bundle_sell_ids":[],"acf":[],"yoast_head":"<!-- This site is optimized with the Yoast SEO plugin v27.0 - https:\/\/yoast.com\/product\/yoast-seo-wordpress\/ -->\n<title>LEDriving\u00ae LEDlampa SL R10W - Xenonkungen<\/title>\n<meta name=\"robots\" content=\"index, follow, max-snippet:-1, max-image-preview:large, max-video-preview:-1\" \/>\n<link rel=\"canonical\" href=\"https:\/\/xenonkungen.com\/fi\/tuote\/led-ajolamppu-sl-r10w\/\" \/>\n<meta property=\"og:locale\" content=\"fi_FI\" \/>\n<meta property=\"og:type\" content=\"article\" \/>\n<meta property=\"og:title\" content=\"LEDriving\u00ae LEDlampa SL R10W - Xenonkungen\" \/>\n<meta property=\"og:description\" content=\"L\u00e4mplig LED-ers\u00e4ttningslampa f\u00f6r R10W LEDriving SL R10W-ers\u00e4ttningslampor erbjuder en modern och kraftfull belysning med en imponerande f\u00e4rgtemperatur p\u00e5 upp till 6 000 kelvin. Dessa ers\u00e4ttningslampor \u00e4r speciellt utformade f\u00f6r att passa perfekt i alla standard R10W-lampsocklar. En av de framst\u00e5ende f\u00f6rdelarna med dessa LED-ers\u00e4ttningslampor \u00e4r deras energieffektivitet. Genom att anv\u00e4nda LED-teknik f\u00f6rbrukar de upp till [&hellip;]\" \/>\n<meta property=\"og:url\" content=\"https:\/\/xenonkungen.com\/fi\/tuote\/led-ajolamppu-sl-r10w\/\" \/>\n<meta property=\"og:site_name\" content=\"Xenonkungen\" \/>\n<meta property=\"article:modified_time\" content=\"2026-04-17T11:09:05+00:00\" \/>\n<meta property=\"og:image\" content=\"https:\/\/xenonkungen.com\/wp-content\/uploads\/2025\/04\/201830657-origpic-0f2915.jpg\" \/>\n\t<meta property=\"og:image:width\" content=\"691\" \/>\n\t<meta property=\"og:image:height\" content=\"1000\" \/>\n\t<meta property=\"og:image:type\" content=\"image\/jpeg\" \/>\n<meta name=\"twitter:card\" content=\"summary_large_image\" \/>\n<meta name=\"twitter:label1\" content=\"Arvioitu lukuaika\" \/>\n\t<meta name=\"twitter:data1\" content=\"1 minuutti\" \/>\n<script type=\"application\/ld+json\" class=\"yoast-schema-graph\">{\"@context\":\"https:\/\/schema.org\",\"@graph\":[{\"@type\":\"WebPage\",\"@id\":\"https:\/\/xenonkungen.com\/produkt\/ledriving-ledlampa-sl-r10w\/\",\"url\":\"https:\/\/xenonkungen.com\/produkt\/ledriving-ledlampa-sl-r10w\/\",\"name\":\"LEDriving\u00ae LEDlampa SL R10W - Xenonkungen\",\"isPartOf\":{\"@id\":\"https:\/\/xenonkungen.com\/#website\"},\"primaryImageOfPage\":{\"@id\":\"https:\/\/xenonkungen.com\/produkt\/ledriving-ledlampa-sl-r10w\/#primaryimage\"},\"image\":{\"@id\":\"https:\/\/xenonkungen.com\/produkt\/ledriving-ledlampa-sl-r10w\/#primaryimage\"},\"thumbnailUrl\":\"https:\/\/xenonkungen.com\/wp-content\/uploads\/2025\/04\/201830657-origpic-0f2915.jpg\",\"datePublished\":\"2025-04-15T09:36:01+00:00\",\"dateModified\":\"2026-04-17T11:09:05+00:00\",\"breadcrumb\":{\"@id\":\"https:\/\/xenonkungen.com\/produkt\/ledriving-ledlampa-sl-r10w\/#breadcrumb\"},\"inLanguage\":\"fi\",\"potentialAction\":[{\"@type\":\"ReadAction\",\"target\":[\"https:\/\/xenonkungen.com\/produkt\/ledriving-ledlampa-sl-r10w\/\"]}]},{\"@type\":\"ImageObject\",\"inLanguage\":\"fi\",\"@id\":\"https:\/\/xenonkungen.com\/produkt\/ledriving-ledlampa-sl-r10w\/#primaryimage\",\"url\":\"https:\/\/xenonkungen.com\/wp-content\/uploads\/2025\/04\/201830657-origpic-0f2915.jpg\",\"contentUrl\":\"https:\/\/xenonkungen.com\/wp-content\/uploads\/2025\/04\/201830657-origpic-0f2915.jpg\",\"width\":691,\"height\":1000},{\"@type\":\"BreadcrumbList\",\"@id\":\"https:\/\/xenonkungen.com\/produkt\/ledriving-ledlampa-sl-r10w\/#breadcrumb\",\"itemListElement\":[{\"@type\":\"ListItem\",\"position\":1,\"name\":\"Hem\",\"item\":\"https:\/\/xenonkungen.com\/\"},{\"@type\":\"ListItem\",\"position\":2,\"name\":\"Shop\",\"item\":\"https:\/\/xenonkungen.com\/shop\/\"},{\"@type\":\"ListItem\",\"position\":3,\"name\":\"LEDriving\u00ae LEDlampa SL R10W\"}]},{\"@type\":\"WebSite\",\"@id\":\"https:\/\/xenonkungen.com\/#website\",\"url\":\"https:\/\/xenonkungen.com\/\",\"name\":\"Xenonkungen\",\"description\":\"\",\"potentialAction\":[{\"@type\":\"SearchAction\",\"target\":{\"@type\":\"EntryPoint\",\"urlTemplate\":\"https:\/\/xenonkungen.com\/?s={search_term_string}\"},\"query-input\":{\"@type\":\"PropertyValueSpecification\",\"valueRequired\":true,\"valueName\":\"search_term_string\"}}],\"inLanguage\":\"fi\"}]}<\/script>\n<!-- \/ Yoast SEO plugin. -->","yoast_head_json":{"title":"LEDriving\u00ae LED-lamppu SL R10W - Ksenonkuningas","robots":{"index":"index","follow":"follow","max-snippet":"max-snippet:-1","max-image-preview":"max-image-preview:large","max-video-preview":"max-video-preview:-1"},"canonical":"https:\/\/xenonkungen.com\/fi\/tuote\/led-ajolamppu-sl-r10w\/","og_locale":"fi_FI","og_type":"article","og_title":"LEDriving\u00ae LEDlampa SL R10W - Xenonkungen","og_description":"L\u00e4mplig LED-ers\u00e4ttningslampa f\u00f6r R10W LEDriving SL R10W-ers\u00e4ttningslampor erbjuder en modern och kraftfull belysning med en imponerande f\u00e4rgtemperatur p\u00e5 upp till 6 000 kelvin. Dessa ers\u00e4ttningslampor \u00e4r speciellt utformade f\u00f6r att passa perfekt i alla standard R10W-lampsocklar. En av de framst\u00e5ende f\u00f6rdelarna med dessa LED-ers\u00e4ttningslampor \u00e4r deras energieffektivitet. Genom att anv\u00e4nda LED-teknik f\u00f6rbrukar de upp till [&hellip;]","og_url":"https:\/\/xenonkungen.com\/fi\/tuote\/led-ajolamppu-sl-r10w\/","og_site_name":"Xenonkungen","article_modified_time":"2026-04-17T11:09:05+00:00","og_image":[{"width":691,"height":1000,"url":"https:\/\/xenonkungen.com\/wp-content\/uploads\/2025\/04\/201830657-origpic-0f2915.jpg","type":"image\/jpeg"}],"twitter_card":"summary_large_image","twitter_misc":{"Arvioitu lukuaika":"1 minuutti"},"schema":{"@context":"https:\/\/schema.org","@graph":[{"@type":"WebPage","@id":"https:\/\/xenonkungen.com\/produkt\/ledriving-ledlampa-sl-r10w\/","url":"https:\/\/xenonkungen.com\/produkt\/ledriving-ledlampa-sl-r10w\/","name":"LEDriving\u00ae LED-lamppu SL R10W - Ksenonkuningas","isPartOf":{"@id":"https:\/\/xenonkungen.com\/#website"},"primaryImageOfPage":{"@id":"https:\/\/xenonkungen.com\/produkt\/ledriving-ledlampa-sl-r10w\/#primaryimage"},"image":{"@id":"https:\/\/xenonkungen.com\/produkt\/ledriving-ledlampa-sl-r10w\/#primaryimage"},"thumbnailUrl":"https:\/\/xenonkungen.com\/wp-content\/uploads\/2025\/04\/201830657-origpic-0f2915.jpg","datePublished":"2025-04-15T09:36:01+00:00","dateModified":"2026-04-17T11:09:05+00:00","breadcrumb":{"@id":"https:\/\/xenonkungen.com\/produkt\/ledriving-ledlampa-sl-r10w\/#breadcrumb"},"inLanguage":"fi","potentialAction":[{"@type":"ReadAction","target":["https:\/\/xenonkungen.com\/produkt\/ledriving-ledlampa-sl-r10w\/"]}]},{"@type":"ImageObject","inLanguage":"fi","@id":"https:\/\/xenonkungen.com\/produkt\/ledriving-ledlampa-sl-r10w\/#primaryimage","url":"https:\/\/xenonkungen.com\/wp-content\/uploads\/2025\/04\/201830657-origpic-0f2915.jpg","contentUrl":"https:\/\/xenonkungen.com\/wp-content\/uploads\/2025\/04\/201830657-origpic-0f2915.jpg","width":691,"height":1000},{"@type":"BreadcrumbList","@id":"https:\/\/xenonkungen.com\/produkt\/ledriving-ledlampa-sl-r10w\/#breadcrumb","itemListElement":[{"@type":"ListItem","position":1,"name":"Hem","item":"https:\/\/xenonkungen.com\/"},{"@type":"ListItem","position":2,"name":"Shop","item":"https:\/\/xenonkungen.com\/shop\/"},{"@type":"ListItem","position":3,"name":"LEDriving\u00ae LEDlampa SL R10W"}]},{"@type":"WebSite","@id":"https:\/\/xenonkungen.com\/#website","url":"https:\/\/xenonkungen.com\/","name":"Xenonkungen","description":"","potentialAction":[{"@type":"SearchAction","target":{"@type":"EntryPoint","urlTemplate":"https:\/\/xenonkungen.com\/?s={search_term_string}"},"query-input":{"@type":"PropertyValueSpecification","valueRequired":true,"valueName":"search_term_string"}}],"inLanguage":"fi"}]}},"taxonomy_info":{"product_brand":[{"value":108,"label":"OSRAM"}],"product_cat":[{"value":2515,"label":"BA15S"},{"value":338,"label":"Diodlampor"}],"pa_faktisk-effekts-forbrukning":[{"value":1683,"label":"1,24"}],"pa_fargtemperatur":[{"value":188,"label":"6000K"}],"pa_lampsockel-kontakt":[{"value":1684,"label":"BA15S, R10W"}],"pa_storlek-mm":[{"value":1680,"label":"37,5"}],"pa_volt-v":[{"value":159,"label":"12"}]},"featured_image_src_large":["https:\/\/xenonkungen.com\/wp-content\/uploads\/2025\/04\/201830657-origpic-0f2915.jpg",691,1000,false],"author_info":[],"comment_info":0,"_links":{"self":[{"href":"https:\/\/xenonkungen.com\/fi\/wp-json\/wp\/v2\/product\/5813","targetHints":{"allow":["GET"]}}],"collection":[{"href":"https:\/\/xenonkungen.com\/fi\/wp-json\/wp\/v2\/product"}],"about":[{"href":"https:\/\/xenonkungen.com\/fi\/wp-json\/wp\/v2\/types\/product"}],"replies":[{"embeddable":true,"href":"https:\/\/xenonkungen.com\/fi\/wp-json\/wp\/v2\/comments?post=5813"}],"wp:featuredmedia":[{"embeddable":true,"href":"https:\/\/xenonkungen.com\/fi\/wp-json\/wp\/v2\/media\/5814"}],"wp:attachment":[{"href":"https:\/\/xenonkungen.com\/fi\/wp-json\/wp\/v2\/media?parent=5813"}],"wp:term":[{"taxonomy":"anvandningsomrade","embeddable":true,"href":"https:\/\/xenonkungen.com\/fi\/wp-json\/wp\/v2\/anvandningsomrade?post=5813"},{"taxonomy":"bilmarken","embeddable":true,"href":"https:\/\/xenonkungen.com\/fi\/wp-json\/wp\/v2\/bilmarken?post=5813"},{"taxonomy":"product_brand","embeddable":true,"href":"https:\/\/xenonkungen.com\/fi\/wp-json\/wp\/v2\/product_brand?post=5813"},{"taxonomy":"product_cat","embeddable":true,"href":"https:\/\/xenonkungen.com\/fi\/wp-json\/wp\/v2\/product_cat?post=5813"},{"taxonomy":"product_tag","embeddable":true,"href":"https:\/\/xenonkungen.com\/fi\/wp-json\/wp\/v2\/product_tag?post=5813"}],"curies":[{"name":"wp","href":"https:\/\/api.w.org\/{rel}","templated":true}]}}