{"id":5845,"date":"2025-04-15T09:36:36","date_gmt":"2025-04-15T09:36:36","guid":{"rendered":"https:\/\/xenonkungen.com\/product\/ledriving-hl-vintage-h1\/"},"modified":"2026-04-24T17:35:23","modified_gmt":"2026-04-24T16:35:23","slug":"led-ajovalo-hl-vintage-h1","status":"publish","type":"product","link":"https:\/\/xenonkungen.com\/fi\/tuote\/led-ajovalo-hl-vintage-h1\/","title":{"rendered":"LEDriving\u00ae HL VINTAGE H1"},"content":{"rendered":"<h3><strong>OSRAM LEDriving HL Vintage - Paranna ajamista tehokkaalla LED-lis\u00e4varusteella.<\/strong><\/h3>\n<p>Anna vanhoille valonheittimillesi uusi el\u00e4m\u00e4 <strong>OSRAM LEDriving HL Vintage<\/strong> \u2013 tehokas LED-j\u00e4lkiasennuslamppu, joka yhdist\u00e4\u00e4 modernin teknologian klassiseen tyyliin. Jopa <strong>300 % enemm\u00e4n kirkkautta<\/strong> kuin perinteiset valot, n\u00e4et esteet ja vaarat paljon aikaisemmin, mik\u00e4 tekee ajamisesta turvallisempaa ja varmempaa.<\/p>\n<p>L\u00e4mmin valkoinen v\u00e4ril\u00e4mp\u00f6tila <strong>2700K<\/strong> luo tyylikk\u00e4\u00e4n vintage-ilmeen, kun taas optimoitu valonjako v\u00e4hent\u00e4\u00e4 h\u00e4ik\u00e4isyn riski\u00e4. <strong>LED-tekniikka<\/strong> tarjoaa paitsi paremman n\u00e4kyvyyden, my\u00f6s jopa <strong>5 kertaa pidempi k\u00e4ytt\u00f6ik\u00e4<\/strong> verrattuna tavallisiin halogeenilamppuihin. Lis\u00e4ksi ledit ovat yst\u00e4v\u00e4llisi\u00e4 vanhemmille s\u00e4hk\u00f6j\u00e4rjestelmille, koska niiden s\u00e4hk\u00f6teho on vakaa my\u00f6s vanhemmissa ajoneuvoissa.<\/p>\n<p><strong>OSRAM LEDriving HL Vintage -valaisimen edut:<\/strong><\/p>\n<ul>\n<li><strong>Jopa 300 % enemm\u00e4n kirkkautta<\/strong> - N\u00e4et tien ja esteet selke\u00e4mmin ja nopeammin<\/li>\n<li><strong>Tyylik\u00e4s vintage-look<\/strong> - Yhdist\u00e4\u00e4 retrotyylin ja modernin LED-tekniikan<\/li>\n<li><strong>Pidempi k\u00e4ytt\u00f6ik\u00e4<\/strong> - Jopa 5 kertaa pidempi kuin halogeenilamput<\/li>\n<li><strong>Optimoitu valonjako<\/strong> - Est\u00e4\u00e4 muiden kuljettajien h\u00e4ik\u00e4isyn<\/li>\n<li><strong>Helppo asentaa<\/strong> - Kompakti muotoilu sopii autoihin, joissa on halogeenilamput<\/li>\n<li><strong>4 vuoden takuu<\/strong> - OSRAM-laatu, johon voit luottaa<\/li>\n<\/ul>\n<p>T\u00e4ydellinen autoharrastajille, jotka haluavat s\u00e4ilytt\u00e4\u00e4 ajoneuvonsa klassisen estetiikan ja saada samalla kaikki uusimman LED-tekniikan edut. Nauti paremmasta n\u00e4kyvyydest\u00e4, pidemm\u00e4st\u00e4 k\u00e4ytt\u00f6i\u00e4st\u00e4 ja ainutlaatuisesta ulkon\u00e4\u00f6st\u00e4 turvallisuudesta tinkim\u00e4tt\u00e4.<\/p>\n<p><strong>T\u00e4rke\u00e4\u00e4 tietoa:<\/strong> N\u00e4m\u00e4 valaisimet on tarkoitettu k\u00e4ytett\u00e4v\u00e4ksi vain kilparadoilla, eik\u00e4 niill\u00e4 ole ECE-hyv\u00e4ksynt\u00e4\u00e4 k\u00e4ytett\u00e4v\u00e4ksi yleisill\u00e4 teill\u00e4.<\/p>\n<h3><strong>Tekniset tiedot<\/strong><\/h3>\n<p><strong>S\u00e4hk\u00f6iset tiedot<\/strong><\/p>\n<p>\u2013 Virrankulutus: 13 W<br \/>- Nimellisj\u00e4nnite: 12,0 V<br \/>\u2013 Nimellisteho: 13 W<br \/>- Tehon toleranssi: \u00b120 %<br \/>- Testij\u00e4nnite: 13,2 V<\/p>\n<p><strong>Fotometriset tiedot<\/strong><\/p>\n<p>\u2013 Nimellinen valovirta: 1200 lm<br \/>- Valovirran toleranssi: \u00b120 % %<br \/>- LED-valon v\u00e4ri: L\u00e4mmin valkoinen<br \/>- V\u00e4ril\u00e4mp\u00f6tila: 2700 K<\/p>\n<p><strong>Fysikaaliset ominaisuudet ja mitat<\/strong><\/p>\n<p>- Pituus: 76,2 mm<br \/>\u2013 Halkaisija: 11,8 mm<br \/>\u2013 Tuotteen paino: 48,00 g<br \/>\u2013 Lampunpidin: P14.5s<\/p>\n<p><strong>Elinik\u00e4iset tiedot<\/strong><\/p>\n<p>- Elinik\u00e4 Tc: 5000 tuntia<\/p>\n<p><strong>Takuu:<\/strong><\/p>\n<p>- 4 vuotta<\/p>","protected":false},"excerpt":{"rendered":"<p>Tutustu OSRAM LEDriving HL Vintage -polttimoon, tehokkaaseen 12 V:n LED-j\u00e4lkiasennuslamppuun, jossa on 1200 lumenia ja l\u00e4mpim\u00e4n valkoinen 2700 K:n v\u00e4ril\u00e4mp\u00f6tila. T\u00e4ydellinen vaihtoehto vanhemmille ajoneuvoille paremman n\u00e4kyvyyden ja pidemm\u00e4n k\u00e4ytt\u00f6i\u00e4n takaamiseksi s\u00e4ilytt\u00e4en samalla klassisen tyylin.<\/p>","protected":false},"featured_media":5846,"comment_status":"closed","ping_status":"open","template":"","meta":{"_acf_changed":false,"_smort_price_nok":"1597","_smort_price_dkk":"1014","_smort_price_eur":"135.9","_smort_sale_price_nok":"","_smort_sale_price_dkk":"","_smort_sale_price_eur":"","smort_restorder":"","shipmondo_restorder":"","_kad_blocks_custom_css":"","_kad_blocks_head_custom_js":"","_kad_blocks_body_custom_js":"","_kad_blocks_footer_custom_js":"","smort_custom_pricelist_1":"956.8","smort_custom_pricelist_2":"837.2","smort_custom_pricelist_3":"777.4","smort_custom_pricelist_4":"1196","smort_custom_pricelist_5":"837.2"},"anvandningsomrade":[],"bilmarken":[],"product_brand":[108],"product_cat":[2633,733],"product_tag":[],"class_list":{"0":"post-5845","1":"product","2":"type-product","3":"status-publish","4":"has-post-thumbnail","6":"product_brand-osram","7":"product_cat-osram-ledriving-halvljus-helljus","8":"product_cat-halvljus-helljus","9":"pa_faktisk-effekts-forbrukning-519","10":"pa_fargtemperatur-2700k","11":"pa_lampsockel-kontakt-h1","12":"pa_storlek-mm-1688","13":"pa_volt-v-159","15":"first","16":"instock","17":"taxable","18":"shipping-taxable","19":"purchasable","20":"product-type-simple"},"bundled_by":[],"bundle_stock_status":"instock","bundle_stock_quantity":11,"bundle_virtual":false,"bundle_layout":"","bundle_add_to_cart_form_location":"","bundle_editable_in_cart":false,"bundle_sold_individually_context":"","bundle_item_grouping":"","bundle_min_size":"","bundle_max_size":"","bundle_price":[],"bundled_items":[],"bundle_sell_ids":[],"acf":[],"yoast_head":"<!-- This site is optimized with the Yoast SEO plugin v27.0 - https:\/\/yoast.com\/product\/yoast-seo-wordpress\/ -->\n<title>LEDriving\u00ae HL VINTAGE H1 - Xenonkungen<\/title>\n<meta name=\"robots\" content=\"index, follow, max-snippet:-1, max-image-preview:large, max-video-preview:-1\" \/>\n<link rel=\"canonical\" href=\"https:\/\/xenonkungen.com\/fi\/tuote\/led-ajovalo-hl-vintage-h1\/\" \/>\n<meta property=\"og:locale\" content=\"fi_FI\" \/>\n<meta property=\"og:type\" content=\"article\" \/>\n<meta property=\"og:title\" content=\"LEDriving\u00ae HL VINTAGE H1 - Xenonkungen\" \/>\n<meta property=\"og:description\" content=\"Uppt\u00e4ck OSRAM LEDriving HL Vintage, en kraftfull LED-retrofitlampa med 12V, 1200 lumen och en varm vit f\u00e4rgtemperatur p\u00e5 2700K. Perfekt f\u00f6r att ge \u00e4ldre fordon b\u00e4ttre sikt och l\u00e4ngre livsl\u00e4ngd samtidigt som den bevarar en klassisk stil.\" \/>\n<meta property=\"og:url\" content=\"https:\/\/xenonkungen.com\/fi\/tuote\/led-ajovalo-hl-vintage-h1\/\" \/>\n<meta property=\"og:site_name\" content=\"Xenonkungen\" \/>\n<meta property=\"article:modified_time\" content=\"2026-04-24T16:35:23+00:00\" \/>\n<meta property=\"og:image\" content=\"https:\/\/xenonkungen.com\/wp-content\/uploads\/2025\/04\/215793443-origpic-1e690f.jpg\" \/>\n\t<meta property=\"og:image:width\" content=\"1073\" \/>\n\t<meta property=\"og:image:height\" content=\"670\" \/>\n\t<meta property=\"og:image:type\" content=\"image\/jpeg\" \/>\n<meta name=\"twitter:card\" content=\"summary_large_image\" \/>\n<meta name=\"twitter:label1\" content=\"Arvioitu lukuaika\" \/>\n\t<meta name=\"twitter:data1\" content=\"2 minuuttia\" \/>\n<script type=\"application\/ld+json\" class=\"yoast-schema-graph\">{\"@context\":\"https:\/\/schema.org\",\"@graph\":[{\"@type\":\"WebPage\",\"@id\":\"https:\/\/xenonkungen.com\/produkt\/ledriving-hl-vintage-h1\/\",\"url\":\"https:\/\/xenonkungen.com\/produkt\/ledriving-hl-vintage-h1\/\",\"name\":\"LEDriving\u00ae HL VINTAGE H1 - Xenonkungen\",\"isPartOf\":{\"@id\":\"https:\/\/xenonkungen.com\/#website\"},\"primaryImageOfPage\":{\"@id\":\"https:\/\/xenonkungen.com\/produkt\/ledriving-hl-vintage-h1\/#primaryimage\"},\"image\":{\"@id\":\"https:\/\/xenonkungen.com\/produkt\/ledriving-hl-vintage-h1\/#primaryimage\"},\"thumbnailUrl\":\"https:\/\/xenonkungen.com\/wp-content\/uploads\/2025\/04\/215793443-origpic-1e690f.jpg\",\"datePublished\":\"2025-04-15T09:36:36+00:00\",\"dateModified\":\"2026-04-24T16:35:23+00:00\",\"breadcrumb\":{\"@id\":\"https:\/\/xenonkungen.com\/produkt\/ledriving-hl-vintage-h1\/#breadcrumb\"},\"inLanguage\":\"fi\",\"potentialAction\":[{\"@type\":\"ReadAction\",\"target\":[\"https:\/\/xenonkungen.com\/produkt\/ledriving-hl-vintage-h1\/\"]}]},{\"@type\":\"ImageObject\",\"inLanguage\":\"fi\",\"@id\":\"https:\/\/xenonkungen.com\/produkt\/ledriving-hl-vintage-h1\/#primaryimage\",\"url\":\"https:\/\/xenonkungen.com\/wp-content\/uploads\/2025\/04\/215793443-origpic-1e690f.jpg\",\"contentUrl\":\"https:\/\/xenonkungen.com\/wp-content\/uploads\/2025\/04\/215793443-origpic-1e690f.jpg\",\"width\":1073,\"height\":670},{\"@type\":\"BreadcrumbList\",\"@id\":\"https:\/\/xenonkungen.com\/produkt\/ledriving-hl-vintage-h1\/#breadcrumb\",\"itemListElement\":[{\"@type\":\"ListItem\",\"position\":1,\"name\":\"Hem\",\"item\":\"https:\/\/xenonkungen.com\/\"},{\"@type\":\"ListItem\",\"position\":2,\"name\":\"Shop\",\"item\":\"https:\/\/xenonkungen.com\/shop\/\"},{\"@type\":\"ListItem\",\"position\":3,\"name\":\"LEDriving\u00ae HL VINTAGE H1\"}]},{\"@type\":\"WebSite\",\"@id\":\"https:\/\/xenonkungen.com\/#website\",\"url\":\"https:\/\/xenonkungen.com\/\",\"name\":\"Xenonkungen\",\"description\":\"\",\"potentialAction\":[{\"@type\":\"SearchAction\",\"target\":{\"@type\":\"EntryPoint\",\"urlTemplate\":\"https:\/\/xenonkungen.com\/?s={search_term_string}\"},\"query-input\":{\"@type\":\"PropertyValueSpecification\",\"valueRequired\":true,\"valueName\":\"search_term_string\"}}],\"inLanguage\":\"fi\"}]}<\/script>\n<!-- \/ Yoast SEO plugin. -->","yoast_head_json":{"title":"LEDriving\u00ae HL VINTAGE H1 - Ksenonkuningas","robots":{"index":"index","follow":"follow","max-snippet":"max-snippet:-1","max-image-preview":"max-image-preview:large","max-video-preview":"max-video-preview:-1"},"canonical":"https:\/\/xenonkungen.com\/fi\/tuote\/led-ajovalo-hl-vintage-h1\/","og_locale":"fi_FI","og_type":"article","og_title":"LEDriving\u00ae HL VINTAGE H1 - Xenonkungen","og_description":"Uppt\u00e4ck OSRAM LEDriving HL Vintage, en kraftfull LED-retrofitlampa med 12V, 1200 lumen och en varm vit f\u00e4rgtemperatur p\u00e5 2700K. Perfekt f\u00f6r att ge \u00e4ldre fordon b\u00e4ttre sikt och l\u00e4ngre livsl\u00e4ngd samtidigt som den bevarar en klassisk stil.","og_url":"https:\/\/xenonkungen.com\/fi\/tuote\/led-ajovalo-hl-vintage-h1\/","og_site_name":"Xenonkungen","article_modified_time":"2026-04-24T16:35:23+00:00","og_image":[{"width":1073,"height":670,"url":"https:\/\/xenonkungen.com\/wp-content\/uploads\/2025\/04\/215793443-origpic-1e690f.jpg","type":"image\/jpeg"}],"twitter_card":"summary_large_image","twitter_misc":{"Arvioitu lukuaika":"2 minuuttia"},"schema":{"@context":"https:\/\/schema.org","@graph":[{"@type":"WebPage","@id":"https:\/\/xenonkungen.com\/produkt\/ledriving-hl-vintage-h1\/","url":"https:\/\/xenonkungen.com\/produkt\/ledriving-hl-vintage-h1\/","name":"LEDriving\u00ae HL VINTAGE H1 - Ksenonkuningas","isPartOf":{"@id":"https:\/\/xenonkungen.com\/#website"},"primaryImageOfPage":{"@id":"https:\/\/xenonkungen.com\/produkt\/ledriving-hl-vintage-h1\/#primaryimage"},"image":{"@id":"https:\/\/xenonkungen.com\/produkt\/ledriving-hl-vintage-h1\/#primaryimage"},"thumbnailUrl":"https:\/\/xenonkungen.com\/wp-content\/uploads\/2025\/04\/215793443-origpic-1e690f.jpg","datePublished":"2025-04-15T09:36:36+00:00","dateModified":"2026-04-24T16:35:23+00:00","breadcrumb":{"@id":"https:\/\/xenonkungen.com\/produkt\/ledriving-hl-vintage-h1\/#breadcrumb"},"inLanguage":"fi","potentialAction":[{"@type":"ReadAction","target":["https:\/\/xenonkungen.com\/produkt\/ledriving-hl-vintage-h1\/"]}]},{"@type":"ImageObject","inLanguage":"fi","@id":"https:\/\/xenonkungen.com\/produkt\/ledriving-hl-vintage-h1\/#primaryimage","url":"https:\/\/xenonkungen.com\/wp-content\/uploads\/2025\/04\/215793443-origpic-1e690f.jpg","contentUrl":"https:\/\/xenonkungen.com\/wp-content\/uploads\/2025\/04\/215793443-origpic-1e690f.jpg","width":1073,"height":670},{"@type":"BreadcrumbList","@id":"https:\/\/xenonkungen.com\/produkt\/ledriving-hl-vintage-h1\/#breadcrumb","itemListElement":[{"@type":"ListItem","position":1,"name":"Hem","item":"https:\/\/xenonkungen.com\/"},{"@type":"ListItem","position":2,"name":"Shop","item":"https:\/\/xenonkungen.com\/shop\/"},{"@type":"ListItem","position":3,"name":"LEDriving\u00ae HL VINTAGE H1"}]},{"@type":"WebSite","@id":"https:\/\/xenonkungen.com\/#website","url":"https:\/\/xenonkungen.com\/","name":"Xenonkungen","description":"","potentialAction":[{"@type":"SearchAction","target":{"@type":"EntryPoint","urlTemplate":"https:\/\/xenonkungen.com\/?s={search_term_string}"},"query-input":{"@type":"PropertyValueSpecification","valueRequired":true,"valueName":"search_term_string"}}],"inLanguage":"fi"}]}},"taxonomy_info":{"product_brand":[{"value":108,"label":"OSRAM"}],"product_cat":[{"value":2633,"label":"OSRAM Ledriving"},{"value":733,"label":"Halvljus \/ Helljus"}],"pa_faktisk-effekts-forbrukning":[{"value":519,"label":"13"}],"pa_fargtemperatur":[{"value":1691,"label":"2700K"}],"pa_lampsockel-kontakt":[{"value":336,"label":"H1"}],"pa_storlek-mm":[{"value":1688,"label":"76,2"}],"pa_volt-v":[{"value":159,"label":"12"}]},"featured_image_src_large":["https:\/\/xenonkungen.com\/wp-content\/uploads\/2025\/04\/215793443-origpic-1e690f-1024x639.jpg",1024,639,true],"author_info":[],"comment_info":0,"_links":{"self":[{"href":"https:\/\/xenonkungen.com\/fi\/wp-json\/wp\/v2\/product\/5845","targetHints":{"allow":["GET"]}}],"collection":[{"href":"https:\/\/xenonkungen.com\/fi\/wp-json\/wp\/v2\/product"}],"about":[{"href":"https:\/\/xenonkungen.com\/fi\/wp-json\/wp\/v2\/types\/product"}],"replies":[{"embeddable":true,"href":"https:\/\/xenonkungen.com\/fi\/wp-json\/wp\/v2\/comments?post=5845"}],"wp:featuredmedia":[{"embeddable":true,"href":"https:\/\/xenonkungen.com\/fi\/wp-json\/wp\/v2\/media\/5846"}],"wp:attachment":[{"href":"https:\/\/xenonkungen.com\/fi\/wp-json\/wp\/v2\/media?parent=5845"}],"wp:term":[{"taxonomy":"anvandningsomrade","embeddable":true,"href":"https:\/\/xenonkungen.com\/fi\/wp-json\/wp\/v2\/anvandningsomrade?post=5845"},{"taxonomy":"bilmarken","embeddable":true,"href":"https:\/\/xenonkungen.com\/fi\/wp-json\/wp\/v2\/bilmarken?post=5845"},{"taxonomy":"product_brand","embeddable":true,"href":"https:\/\/xenonkungen.com\/fi\/wp-json\/wp\/v2\/product_brand?post=5845"},{"taxonomy":"product_cat","embeddable":true,"href":"https:\/\/xenonkungen.com\/fi\/wp-json\/wp\/v2\/product_cat?post=5845"},{"taxonomy":"product_tag","embeddable":true,"href":"https:\/\/xenonkungen.com\/fi\/wp-json\/wp\/v2\/product_tag?post=5845"}],"curies":[{"name":"wp","href":"https:\/\/api.w.org\/{rel}","templated":true}]}}