{"id":5856,"date":"2025-04-15T09:36:36","date_gmt":"2025-04-15T09:36:36","guid":{"rendered":"https:\/\/xenonkungen.com\/product\/ledriving-hl-easy-h3\/"},"modified":"2026-04-11T01:23:04","modified_gmt":"2026-04-11T00:23:04","slug":"led-ajovalot-hl-easy-h3","status":"publish","type":"product","link":"https:\/\/xenonkungen.com\/fi\/tuote\/led-ajovalot-hl-easy-h3\/","title":{"rendered":"LED-ajaminen HL EASY H3"},"content":{"rendered":"<h2 class=\"font-headline-text-bold orange\">LED-ajovalot kauko- ja l\u00e4hivaloille plug &amp; play -j\u00e4rjestelm\u00e4ll\u00e4 \u2013 ei vaadi adaptereita.<\/h2>\n<p><span>Kantapohjaisen ja ultrakompaktin ratkaisunsa ansiosta OSRAM LEDriving HL EASY korvaa perinteiset H3-kauko- ja l\u00e4hivalot viile\u00e4n valkoisella LED-valolla. Ne antavat ajoneuvollesi elegantin ilmeen ja erinomaisen kirkkauden. Polttimot on helppo asentaa plug &amp; play -periaatteella ja niiss\u00e4 on optimoitu yhteensopivuus \u2013 adaptereita ei tarvita! <\/span><\/p>\n<p><span>Optimoitu nopea tuuletin tarjoaa aktiivisen j\u00e4\u00e4hdytyksen. T\u00e4m\u00e4 mahdollistaa paremman suorituskyvyn ja kirkkauden maksimoidun l\u00e4mm\u00f6npoiston ansiosta. OSRAMin LEDriving HL EASY -kauko- ja l\u00e4hivalopolttimot korvaavat perinteiset halogeenipolttimot, ovat 12 V:n yhteensopivia ja niill\u00e4 on viile\u00e4 valkoinen v\u00e4ril\u00e4mp\u00f6tila. Uusimman teknologian ja eritt\u00e4in kompaktin rakenteen ansiosta uudet polttimot tarjoavat hyv\u00e4n yhteensopivuuden ja helpon asennuksen autoihin, joissa on vastaavan tyyppiset halogeenipolttimot. <\/span><\/p>\n<p><span>N\u00e4m\u00e4 tuotteet eiv\u00e4t ole ECE-hyv\u00e4ksyttyj\u00e4, eik\u00e4 niit\u00e4 saa k\u00e4ytt\u00e4\u00e4 julkisilla teill\u00e4 ulkok\u00e4yt\u00f6ss\u00e4. N\u00e4iden tuotteiden myynti ja k\u00e4ytt\u00f6 ei ole sallittua tietyiss\u00e4 maissa. Ota yhteytt\u00e4 paikalliseen j\u00e4lleenmyyj\u00e4\u00e4n saadaksesi lis\u00e4tietoja.<\/span><\/p>\n<p><span><strong>S\u00e4hk\u00f6iset tiedot:<\/strong><br \/>\u2013 Suurin teho: 8 W<br \/>- Nimellinen nimellisj\u00e4nnite: 12,0 V<br \/>\u2013 Nimellisteho: 8W<br \/>- Testij\u00e4nnite voltteina: 13,2 V<br \/><\/span><\/p>\n<p><span><strong>Fotometriset tiedot:<\/strong><br \/>\u2013 Valovirta: 900 lm<br \/>- Valovirta, toleranssi: \u00b125 % %<br \/>- Valon v\u00e4ri: Cool White<br \/>- V\u00e4ril\u00e4mp\u00f6tila: 6500 K<\/span><\/p>\n<p><span><strong>Mitat:<\/strong><br \/>\u2013 Halkaisija: 12,5 mm<br \/>\u2013 Pituus: 41,0 mm<br \/>\u2013 Tuotteen paino: 13,80 g<br \/><\/span><\/p>\n<p><span><strong>Elinajanodote:<\/strong><br \/>- Elinik\u00e4 Tc tunteina: 1000 h<\/span><\/p>","protected":false},"excerpt":{"rendered":"<p>P\u00e4ivit\u00e4 autosi valaistus OSRAM LEDriving HL EASY -valaisimilla. N\u00e4m\u00e4 tehokkaat LEDit tarjoavat helpon plug &amp; play -asennuksen, erinomaisen kirkkauden ja tyylikk\u00e4\u00e4n viile\u00e4n valkoisen valon. T\u00e4ydellinen kauko- ja l\u00e4hivaloille ilman adaptereita tai erikoisty\u00f6kaluja.<\/p>","protected":false},"featured_media":5857,"comment_status":"closed","ping_status":"open","template":"","meta":{"_acf_changed":false,"_smort_price_nok":"1170","_smort_price_dkk":"743","_smort_price_eur":"99.54","_smort_sale_price_nok":"","_smort_sale_price_dkk":"","_smort_sale_price_eur":"","smort_restorder":"","shipmondo_restorder":"","_kad_blocks_custom_css":"","_kad_blocks_head_custom_js":"","_kad_blocks_body_custom_js":"","_kad_blocks_footer_custom_js":"","smort_custom_pricelist_1":"700.8","smort_custom_pricelist_2":"613.2","smort_custom_pricelist_3":"569.4","smort_custom_pricelist_4":"876","smort_custom_pricelist_5":"613.2"},"anvandningsomrade":[],"bilmarken":[],"product_brand":[108],"product_cat":[2633,733],"product_tag":[],"class_list":{"0":"post-5856","1":"product","2":"type-product","3":"status-publish","4":"has-post-thumbnail","6":"product_brand-osram","7":"product_cat-osram-ledriving-halvljus-helljus","8":"product_cat-halvljus-helljus","9":"pa_faktisk-effekts-forbrukning-1692","10":"pa_fargtemperatur-6500k","11":"pa_lampsockel-kontakt-h3","12":"pa_volt-v-159","14":"first","15":"instock","16":"taxable","17":"shipping-taxable","18":"purchasable","19":"product-type-simple"},"bundled_by":[],"bundle_stock_status":"instock","bundle_stock_quantity":5,"bundle_virtual":false,"bundle_layout":"","bundle_add_to_cart_form_location":"","bundle_editable_in_cart":false,"bundle_sold_individually_context":"","bundle_item_grouping":"","bundle_min_size":"","bundle_max_size":"","bundle_price":[],"bundled_items":[],"bundle_sell_ids":[],"acf":[],"yoast_head":"<!-- This site is optimized with the Yoast SEO plugin v27.0 - https:\/\/yoast.com\/product\/yoast-seo-wordpress\/ -->\n<title>LEDriving HL EASY H3 - Xenonkungen<\/title>\n<meta name=\"robots\" content=\"index, follow, max-snippet:-1, max-image-preview:large, max-video-preview:-1\" \/>\n<link rel=\"canonical\" href=\"https:\/\/xenonkungen.com\/fi\/tuote\/led-ajovalot-hl-easy-h3\/\" \/>\n<meta property=\"og:locale\" content=\"fi_FI\" \/>\n<meta property=\"og:type\" content=\"article\" \/>\n<meta property=\"og:title\" content=\"LEDriving HL EASY H3 - Xenonkungen\" \/>\n<meta property=\"og:description\" content=\"Uppgradera din bils belysning med OSRAM LEDriving HL EASY. Dessa h\u00f6gpresterande LED-lampor erbjuder enkel plug &amp; play-installation, \u00f6verl\u00e4gsen ljusstyrka och ett stilrent kallvitt ljus. Perfekt f\u00f6r helljus och halvljus utan behov av adaptrar eller specialverktyg.\" \/>\n<meta property=\"og:url\" content=\"https:\/\/xenonkungen.com\/fi\/tuote\/led-ajovalot-hl-easy-h3\/\" \/>\n<meta property=\"og:site_name\" content=\"Xenonkungen\" \/>\n<meta property=\"article:modified_time\" content=\"2026-04-11T00:23:04+00:00\" \/>\n<meta property=\"og:image\" content=\"https:\/\/xenonkungen.com\/wp-content\/uploads\/2025\/04\/215460671-origpic-62ca03.jpg\" \/>\n\t<meta property=\"og:image:width\" content=\"868\" \/>\n\t<meta property=\"og:image:height\" content=\"729\" \/>\n\t<meta property=\"og:image:type\" content=\"image\/jpeg\" \/>\n<meta name=\"twitter:card\" content=\"summary_large_image\" \/>\n<meta name=\"twitter:label1\" content=\"Arvioitu lukuaika\" \/>\n\t<meta name=\"twitter:data1\" content=\"1 minuutti\" \/>\n<script type=\"application\/ld+json\" class=\"yoast-schema-graph\">{\"@context\":\"https:\/\/schema.org\",\"@graph\":[{\"@type\":\"WebPage\",\"@id\":\"https:\/\/xenonkungen.com\/produkt\/ledriving-hl-easy-h3\/\",\"url\":\"https:\/\/xenonkungen.com\/produkt\/ledriving-hl-easy-h3\/\",\"name\":\"LEDriving HL EASY H3 - Xenonkungen\",\"isPartOf\":{\"@id\":\"https:\/\/xenonkungen.com\/#website\"},\"primaryImageOfPage\":{\"@id\":\"https:\/\/xenonkungen.com\/produkt\/ledriving-hl-easy-h3\/#primaryimage\"},\"image\":{\"@id\":\"https:\/\/xenonkungen.com\/produkt\/ledriving-hl-easy-h3\/#primaryimage\"},\"thumbnailUrl\":\"https:\/\/xenonkungen.com\/wp-content\/uploads\/2025\/04\/215460671-origpic-62ca03.jpg\",\"datePublished\":\"2025-04-15T09:36:36+00:00\",\"dateModified\":\"2026-04-11T00:23:04+00:00\",\"breadcrumb\":{\"@id\":\"https:\/\/xenonkungen.com\/produkt\/ledriving-hl-easy-h3\/#breadcrumb\"},\"inLanguage\":\"fi\",\"potentialAction\":[{\"@type\":\"ReadAction\",\"target\":[\"https:\/\/xenonkungen.com\/produkt\/ledriving-hl-easy-h3\/\"]}]},{\"@type\":\"ImageObject\",\"inLanguage\":\"fi\",\"@id\":\"https:\/\/xenonkungen.com\/produkt\/ledriving-hl-easy-h3\/#primaryimage\",\"url\":\"https:\/\/xenonkungen.com\/wp-content\/uploads\/2025\/04\/215460671-origpic-62ca03.jpg\",\"contentUrl\":\"https:\/\/xenonkungen.com\/wp-content\/uploads\/2025\/04\/215460671-origpic-62ca03.jpg\",\"width\":868,\"height\":729},{\"@type\":\"BreadcrumbList\",\"@id\":\"https:\/\/xenonkungen.com\/produkt\/ledriving-hl-easy-h3\/#breadcrumb\",\"itemListElement\":[{\"@type\":\"ListItem\",\"position\":1,\"name\":\"Hem\",\"item\":\"https:\/\/xenonkungen.com\/\"},{\"@type\":\"ListItem\",\"position\":2,\"name\":\"Shop\",\"item\":\"https:\/\/xenonkungen.com\/shop\/\"},{\"@type\":\"ListItem\",\"position\":3,\"name\":\"LEDriving HL EASY H3\"}]},{\"@type\":\"WebSite\",\"@id\":\"https:\/\/xenonkungen.com\/#website\",\"url\":\"https:\/\/xenonkungen.com\/\",\"name\":\"Xenonkungen\",\"description\":\"\",\"potentialAction\":[{\"@type\":\"SearchAction\",\"target\":{\"@type\":\"EntryPoint\",\"urlTemplate\":\"https:\/\/xenonkungen.com\/?s={search_term_string}\"},\"query-input\":{\"@type\":\"PropertyValueSpecification\",\"valueRequired\":true,\"valueName\":\"search_term_string\"}}],\"inLanguage\":\"fi\"}]}<\/script>\n<!-- \/ Yoast SEO plugin. -->","yoast_head_json":{"title":"LEDriving HL EASY H3 - Ksenonkuningas","robots":{"index":"index","follow":"follow","max-snippet":"max-snippet:-1","max-image-preview":"max-image-preview:large","max-video-preview":"max-video-preview:-1"},"canonical":"https:\/\/xenonkungen.com\/fi\/tuote\/led-ajovalot-hl-easy-h3\/","og_locale":"fi_FI","og_type":"article","og_title":"LEDriving HL EASY H3 - Xenonkungen","og_description":"Uppgradera din bils belysning med OSRAM LEDriving HL EASY. Dessa h\u00f6gpresterande LED-lampor erbjuder enkel plug & play-installation, \u00f6verl\u00e4gsen ljusstyrka och ett stilrent kallvitt ljus. Perfekt f\u00f6r helljus och halvljus utan behov av adaptrar eller specialverktyg.","og_url":"https:\/\/xenonkungen.com\/fi\/tuote\/led-ajovalot-hl-easy-h3\/","og_site_name":"Xenonkungen","article_modified_time":"2026-04-11T00:23:04+00:00","og_image":[{"width":868,"height":729,"url":"https:\/\/xenonkungen.com\/wp-content\/uploads\/2025\/04\/215460671-origpic-62ca03.jpg","type":"image\/jpeg"}],"twitter_card":"summary_large_image","twitter_misc":{"Arvioitu lukuaika":"1 minuutti"},"schema":{"@context":"https:\/\/schema.org","@graph":[{"@type":"WebPage","@id":"https:\/\/xenonkungen.com\/produkt\/ledriving-hl-easy-h3\/","url":"https:\/\/xenonkungen.com\/produkt\/ledriving-hl-easy-h3\/","name":"LEDriving HL EASY H3 - Ksenonkuningas","isPartOf":{"@id":"https:\/\/xenonkungen.com\/#website"},"primaryImageOfPage":{"@id":"https:\/\/xenonkungen.com\/produkt\/ledriving-hl-easy-h3\/#primaryimage"},"image":{"@id":"https:\/\/xenonkungen.com\/produkt\/ledriving-hl-easy-h3\/#primaryimage"},"thumbnailUrl":"https:\/\/xenonkungen.com\/wp-content\/uploads\/2025\/04\/215460671-origpic-62ca03.jpg","datePublished":"2025-04-15T09:36:36+00:00","dateModified":"2026-04-11T00:23:04+00:00","breadcrumb":{"@id":"https:\/\/xenonkungen.com\/produkt\/ledriving-hl-easy-h3\/#breadcrumb"},"inLanguage":"fi","potentialAction":[{"@type":"ReadAction","target":["https:\/\/xenonkungen.com\/produkt\/ledriving-hl-easy-h3\/"]}]},{"@type":"ImageObject","inLanguage":"fi","@id":"https:\/\/xenonkungen.com\/produkt\/ledriving-hl-easy-h3\/#primaryimage","url":"https:\/\/xenonkungen.com\/wp-content\/uploads\/2025\/04\/215460671-origpic-62ca03.jpg","contentUrl":"https:\/\/xenonkungen.com\/wp-content\/uploads\/2025\/04\/215460671-origpic-62ca03.jpg","width":868,"height":729},{"@type":"BreadcrumbList","@id":"https:\/\/xenonkungen.com\/produkt\/ledriving-hl-easy-h3\/#breadcrumb","itemListElement":[{"@type":"ListItem","position":1,"name":"Hem","item":"https:\/\/xenonkungen.com\/"},{"@type":"ListItem","position":2,"name":"Shop","item":"https:\/\/xenonkungen.com\/shop\/"},{"@type":"ListItem","position":3,"name":"LEDriving HL EASY H3"}]},{"@type":"WebSite","@id":"https:\/\/xenonkungen.com\/#website","url":"https:\/\/xenonkungen.com\/","name":"Xenonkungen","description":"","potentialAction":[{"@type":"SearchAction","target":{"@type":"EntryPoint","urlTemplate":"https:\/\/xenonkungen.com\/?s={search_term_string}"},"query-input":{"@type":"PropertyValueSpecification","valueRequired":true,"valueName":"search_term_string"}}],"inLanguage":"fi"}]}},"taxonomy_info":{"product_brand":[{"value":108,"label":"OSRAM"}],"product_cat":[{"value":2633,"label":"OSRAM Ledriving"},{"value":733,"label":"Halvljus \/ Helljus"}],"pa_faktisk-effekts-forbrukning":[{"value":1692,"label":"8"}],"pa_fargtemperatur":[{"value":353,"label":"6500K"}],"pa_lampsockel-kontakt":[{"value":339,"label":"H3"}],"pa_volt-v":[{"value":159,"label":"12"}]},"featured_image_src_large":["https:\/\/xenonkungen.com\/wp-content\/uploads\/2025\/04\/215460671-origpic-62ca03.jpg",868,729,false],"author_info":[],"comment_info":1,"_links":{"self":[{"href":"https:\/\/xenonkungen.com\/fi\/wp-json\/wp\/v2\/product\/5856","targetHints":{"allow":["GET"]}}],"collection":[{"href":"https:\/\/xenonkungen.com\/fi\/wp-json\/wp\/v2\/product"}],"about":[{"href":"https:\/\/xenonkungen.com\/fi\/wp-json\/wp\/v2\/types\/product"}],"replies":[{"embeddable":true,"href":"https:\/\/xenonkungen.com\/fi\/wp-json\/wp\/v2\/comments?post=5856"}],"wp:featuredmedia":[{"embeddable":true,"href":"https:\/\/xenonkungen.com\/fi\/wp-json\/wp\/v2\/media\/5857"}],"wp:attachment":[{"href":"https:\/\/xenonkungen.com\/fi\/wp-json\/wp\/v2\/media?parent=5856"}],"wp:term":[{"taxonomy":"anvandningsomrade","embeddable":true,"href":"https:\/\/xenonkungen.com\/fi\/wp-json\/wp\/v2\/anvandningsomrade?post=5856"},{"taxonomy":"bilmarken","embeddable":true,"href":"https:\/\/xenonkungen.com\/fi\/wp-json\/wp\/v2\/bilmarken?post=5856"},{"taxonomy":"product_brand","embeddable":true,"href":"https:\/\/xenonkungen.com\/fi\/wp-json\/wp\/v2\/product_brand?post=5856"},{"taxonomy":"product_cat","embeddable":true,"href":"https:\/\/xenonkungen.com\/fi\/wp-json\/wp\/v2\/product_cat?post=5856"},{"taxonomy":"product_tag","embeddable":true,"href":"https:\/\/xenonkungen.com\/fi\/wp-json\/wp\/v2\/product_tag?post=5856"}],"curies":[{"name":"wp","href":"https:\/\/api.w.org\/{rel}","templated":true}]}}