{"id":5889,"date":"2025-04-15T09:36:49","date_gmt":"2025-04-15T09:36:49","guid":{"rendered":"https:\/\/xenonkungen.com\/product\/ledriving-hl-bright-h4-h19\/"},"modified":"2026-04-11T01:23:42","modified_gmt":"2026-04-11T00:23:42","slug":"led-ajovalo-hl-kirkas-h4-h19","status":"publish","type":"product","link":"https:\/\/xenonkungen.com\/fi\/tuote\/led-ajovalo-hl-kirkas-h4-h19\/","title":{"rendered":"LEDriving\u00ae HL BRIGHT H4\/H19 -valaisimet"},"content":{"rendered":"<div class=\"product-description\">\n<h1>Tutustu OSRAM LEDriving HL BRIGHT -valaisimeen.<\/h1>\n<p>Tehokas LED-retrolamppu, joka vie autosi valaistuksen uudelle tasolle. <strong>jopa +300% enemm\u00e4n kirkkautta<\/strong> Verrattuna tavallisiin halogeenilamppuihin (ECE R112 -standardin mukaisesti), saat paitsi erinomaisen n\u00e4kyvyyden, my\u00f6s tyylikk\u00e4\u00e4n ja modernin ulkon\u00e4\u00f6n. <strong>viile\u00e4n valkoinen valo 6000K:n l\u00e4mp\u00f6tilassa<\/strong>Olivatpa kyseess\u00e4 sitten liikennemerkit, esteet tai vaarat tiell\u00e4 \u2013 n\u00e4et kaiken aikaisemmin ja selke\u00e4mmin, mik\u00e4 lis\u00e4\u00e4 turvallisuutta ratin takana.<\/p>\n<p>Optimoitu valonjako v\u00e4hent\u00e4\u00e4 my\u00f6s h\u00e4ik\u00e4isy\u00e4, ja <strong>OSRAMin ensiluokkaista laatua<\/strong> ja edistyneen LED-tekniikan ansiosta saat lampun, joka kest\u00e4\u00e4 jopa <strong>5 kertaa pidempi<\/strong> kuin tavalliset polttimot. LEDriving HL BRIGHT -polttimot toimitetaan pareittain ja niiss\u00e4 on <strong>4 vuoden takuu<\/strong>mik\u00e4 tekee t\u00e4st\u00e4 turvallisen sijoituksen sinulle ja autollesi.<\/p>\n<h2>Helppo asennus ja korkea yhteensopivuus<\/h2>\n<p>Kompaktin muotoilunsa ja helpon asennuksensa ansiosta n\u00e4m\u00e4 valot sopivat t\u00e4ydellisesti halogeenivaloilla ja 12 V:n j\u00e4rjestelmill\u00e4 varustettuihin autoihin. Huomaa kuitenkin, ett\u00e4 n\u00e4m\u00e4 valot eiv\u00e4t ole ECE-hyv\u00e4ksyttyj\u00e4 ja ne on tarkoitettu maastok\u00e4ytt\u00f6\u00f6n.<\/p>\n<p>Anna autollesi sen ansaitsema p\u00e4ivitys \u2013 yhdist\u00e4 <strong>moderni tyyli ja parannettu turvallisuus<\/strong> OSRAM LEDriving HL BRIGHT -polttimoilla.<\/p>\n<h3><strong>Tekniset tiedot<\/strong><\/h3>\n<p><strong>S\u00e4hk\u00f6iset tiedot<\/strong><\/p>\n<p>\u2013 Virrankulutus: 15 \/ 15 W<br \/>- Nimellisj\u00e4nnite: 12,0 V<br \/>- Nimellisteho: 15 W<\/p>\n<p><strong>Fotometriset tiedot<\/strong><\/p>\n<p>- Nimellinen valovirta: 1400\/1100 lm<br \/>- Valovirran toleranssi: \u00b120 % %<br \/>- LED-valon v\u00e4ri: viile\u00e4n valkoinen<br \/>- V\u00e4ril\u00e4mp\u00f6tila: 6000 K<\/p>\n<p><strong>Fysikaaliset ominaisuudet ja mitat<\/strong><\/p>\n<p>- Pituus: 80,2 mm<br \/>- Halkaisija: 14,0 mm<br \/>- Tuotteen paino: 80,00 g<br \/>- Lampunpitimet: <span>P43t<\/span><\/p>\n<p><strong>Elinik\u00e4iset tiedot<\/strong><\/p>\n<p>- Elinik\u00e4 Tc: 5000 tuntia<\/p>\n<p><strong>Takuu:<\/strong><\/p>\n<p>- 4 vuotta<\/p>\n<\/div>","protected":false},"excerpt":{"rendered":"<p>LEDriving\u00ae HL BRIGHT H4\/H19 tarjoaa tehokkaan LED-valaistuksen 1100\/1400 lumenilla ja 6000 K:n v\u00e4ril\u00e4mp\u00f6tilalla. T\u00e4m\u00e4 12 V:n polttimo yhdist\u00e4\u00e4 korkean suorituskyvyn moderniin, viile\u00e4n valkoiseen valoon, mik\u00e4 parantaa n\u00e4kyvyytt\u00e4 ja tyyli\u00e4 ajoneuvoosi.<\/p>","protected":false},"featured_media":5890,"comment_status":"closed","ping_status":"open","template":"","meta":{"_acf_changed":false,"_smort_price_nok":"1490","_smort_price_dkk":"947","_smort_price_eur":"126.81","_smort_sale_price_nok":"","_smort_sale_price_dkk":"","_smort_sale_price_eur":"","smort_restorder":"","shipmondo_restorder":"","_kad_blocks_custom_css":"","_kad_blocks_head_custom_js":"","_kad_blocks_body_custom_js":"","_kad_blocks_footer_custom_js":"","smort_custom_pricelist_1":"892.8","smort_custom_pricelist_2":"781.2","smort_custom_pricelist_3":"725.4","smort_custom_pricelist_4":"1116","smort_custom_pricelist_5":"781.2"},"anvandningsomrade":[],"bilmarken":[],"product_brand":[108],"product_cat":[2633,733],"product_tag":[],"class_list":{"0":"post-5889","1":"product","2":"type-product","3":"status-publish","4":"has-post-thumbnail","6":"product_brand-osram","7":"product_cat-osram-ledriving-halvljus-helljus","8":"product_cat-halvljus-helljus","9":"pa_faktisk-effekts-forbrukning-537","10":"pa_fargtemperatur-6000k","11":"pa_lampsockel-kontakt-h4-h19","12":"pa_volt-v-159","14":"first","15":"instock","16":"taxable","17":"shipping-taxable","18":"purchasable","19":"product-type-simple"},"bundled_by":[],"bundle_stock_status":"instock","bundle_stock_quantity":12,"bundle_virtual":false,"bundle_layout":"","bundle_add_to_cart_form_location":"","bundle_editable_in_cart":false,"bundle_sold_individually_context":"","bundle_item_grouping":"","bundle_min_size":"","bundle_max_size":"","bundle_price":[],"bundled_items":[],"bundle_sell_ids":[],"acf":[],"yoast_head":"<!-- This site is optimized with the Yoast SEO plugin v27.0 - https:\/\/yoast.com\/product\/yoast-seo-wordpress\/ -->\n<title>LEDriving\u00ae HL BRIGHT H4\/H19 - Xenonkungen<\/title>\n<meta name=\"robots\" content=\"index, follow, max-snippet:-1, max-image-preview:large, max-video-preview:-1\" \/>\n<link rel=\"canonical\" href=\"https:\/\/xenonkungen.com\/fi\/tuote\/led-ajovalo-hl-kirkas-h4-h19\/\" \/>\n<meta property=\"og:locale\" content=\"fi_FI\" \/>\n<meta property=\"og:type\" content=\"article\" \/>\n<meta property=\"og:title\" content=\"LEDriving\u00ae HL BRIGHT H4\/H19 - Xenonkungen\" \/>\n<meta property=\"og:description\" content=\"LEDriving\u00ae HL BRIGHT H4\/H19 erbjuder kraftfull LED-belysning med 1100\/1400 lumen och en f\u00e4rgtemperatur p\u00e5 6000K. Denna 12V-lampa kombinerar h\u00f6g prestanda med ett modernt, kallvitt ljus, vilket ger f\u00f6rb\u00e4ttrad sikt och stil till ditt fordon.\" \/>\n<meta property=\"og:url\" content=\"https:\/\/xenonkungen.com\/fi\/tuote\/led-ajovalo-hl-kirkas-h4-h19\/\" \/>\n<meta property=\"og:site_name\" content=\"Xenonkungen\" \/>\n<meta property=\"article:modified_time\" content=\"2026-04-11T00:23:42+00:00\" \/>\n<meta property=\"og:image\" content=\"https:\/\/xenonkungen.com\/wp-content\/uploads\/2025\/04\/215797193-origpic-504f39.jpg\" \/>\n\t<meta property=\"og:image:width\" content=\"1024\" \/>\n\t<meta property=\"og:image:height\" content=\"674\" \/>\n\t<meta property=\"og:image:type\" content=\"image\/jpeg\" \/>\n<meta name=\"twitter:card\" content=\"summary_large_image\" \/>\n<meta name=\"twitter:label1\" content=\"Arvioitu lukuaika\" \/>\n\t<meta name=\"twitter:data1\" content=\"1 minuutti\" \/>\n<script type=\"application\/ld+json\" class=\"yoast-schema-graph\">{\"@context\":\"https:\/\/schema.org\",\"@graph\":[{\"@type\":\"WebPage\",\"@id\":\"https:\/\/xenonkungen.com\/produkt\/ledriving-hl-bright-h4-h19\/\",\"url\":\"https:\/\/xenonkungen.com\/produkt\/ledriving-hl-bright-h4-h19\/\",\"name\":\"LEDriving\u00ae HL BRIGHT H4\/H19 - Xenonkungen\",\"isPartOf\":{\"@id\":\"https:\/\/xenonkungen.com\/#website\"},\"primaryImageOfPage\":{\"@id\":\"https:\/\/xenonkungen.com\/produkt\/ledriving-hl-bright-h4-h19\/#primaryimage\"},\"image\":{\"@id\":\"https:\/\/xenonkungen.com\/produkt\/ledriving-hl-bright-h4-h19\/#primaryimage\"},\"thumbnailUrl\":\"https:\/\/xenonkungen.com\/wp-content\/uploads\/2025\/04\/215797193-origpic-504f39.jpg\",\"datePublished\":\"2025-04-15T09:36:49+00:00\",\"dateModified\":\"2026-04-11T00:23:42+00:00\",\"breadcrumb\":{\"@id\":\"https:\/\/xenonkungen.com\/produkt\/ledriving-hl-bright-h4-h19\/#breadcrumb\"},\"inLanguage\":\"fi\",\"potentialAction\":[{\"@type\":\"ReadAction\",\"target\":[\"https:\/\/xenonkungen.com\/produkt\/ledriving-hl-bright-h4-h19\/\"]}]},{\"@type\":\"ImageObject\",\"inLanguage\":\"fi\",\"@id\":\"https:\/\/xenonkungen.com\/produkt\/ledriving-hl-bright-h4-h19\/#primaryimage\",\"url\":\"https:\/\/xenonkungen.com\/wp-content\/uploads\/2025\/04\/215797193-origpic-504f39.jpg\",\"contentUrl\":\"https:\/\/xenonkungen.com\/wp-content\/uploads\/2025\/04\/215797193-origpic-504f39.jpg\",\"width\":1024,\"height\":674},{\"@type\":\"BreadcrumbList\",\"@id\":\"https:\/\/xenonkungen.com\/produkt\/ledriving-hl-bright-h4-h19\/#breadcrumb\",\"itemListElement\":[{\"@type\":\"ListItem\",\"position\":1,\"name\":\"Hem\",\"item\":\"https:\/\/xenonkungen.com\/\"},{\"@type\":\"ListItem\",\"position\":2,\"name\":\"Shop\",\"item\":\"https:\/\/xenonkungen.com\/shop\/\"},{\"@type\":\"ListItem\",\"position\":3,\"name\":\"LEDriving\u00ae HL BRIGHT H4\/H19\"}]},{\"@type\":\"WebSite\",\"@id\":\"https:\/\/xenonkungen.com\/#website\",\"url\":\"https:\/\/xenonkungen.com\/\",\"name\":\"Xenonkungen\",\"description\":\"\",\"potentialAction\":[{\"@type\":\"SearchAction\",\"target\":{\"@type\":\"EntryPoint\",\"urlTemplate\":\"https:\/\/xenonkungen.com\/?s={search_term_string}\"},\"query-input\":{\"@type\":\"PropertyValueSpecification\",\"valueRequired\":true,\"valueName\":\"search_term_string\"}}],\"inLanguage\":\"fi\"}]}<\/script>\n<!-- \/ Yoast SEO plugin. -->","yoast_head_json":{"title":"LEDriving\u00ae HL BRIGHT H4\/H19 - Ksenonpolttimoiden kuningas","robots":{"index":"index","follow":"follow","max-snippet":"max-snippet:-1","max-image-preview":"max-image-preview:large","max-video-preview":"max-video-preview:-1"},"canonical":"https:\/\/xenonkungen.com\/fi\/tuote\/led-ajovalo-hl-kirkas-h4-h19\/","og_locale":"fi_FI","og_type":"article","og_title":"LEDriving\u00ae HL BRIGHT H4\/H19 - Xenonkungen","og_description":"LEDriving\u00ae HL BRIGHT H4\/H19 erbjuder kraftfull LED-belysning med 1100\/1400 lumen och en f\u00e4rgtemperatur p\u00e5 6000K. Denna 12V-lampa kombinerar h\u00f6g prestanda med ett modernt, kallvitt ljus, vilket ger f\u00f6rb\u00e4ttrad sikt och stil till ditt fordon.","og_url":"https:\/\/xenonkungen.com\/fi\/tuote\/led-ajovalo-hl-kirkas-h4-h19\/","og_site_name":"Xenonkungen","article_modified_time":"2026-04-11T00:23:42+00:00","og_image":[{"width":1024,"height":674,"url":"https:\/\/xenonkungen.com\/wp-content\/uploads\/2025\/04\/215797193-origpic-504f39.jpg","type":"image\/jpeg"}],"twitter_card":"summary_large_image","twitter_misc":{"Arvioitu lukuaika":"1 minuutti"},"schema":{"@context":"https:\/\/schema.org","@graph":[{"@type":"WebPage","@id":"https:\/\/xenonkungen.com\/produkt\/ledriving-hl-bright-h4-h19\/","url":"https:\/\/xenonkungen.com\/produkt\/ledriving-hl-bright-h4-h19\/","name":"LEDriving\u00ae HL BRIGHT H4\/H19 - Ksenonpolttimoiden kuningas","isPartOf":{"@id":"https:\/\/xenonkungen.com\/#website"},"primaryImageOfPage":{"@id":"https:\/\/xenonkungen.com\/produkt\/ledriving-hl-bright-h4-h19\/#primaryimage"},"image":{"@id":"https:\/\/xenonkungen.com\/produkt\/ledriving-hl-bright-h4-h19\/#primaryimage"},"thumbnailUrl":"https:\/\/xenonkungen.com\/wp-content\/uploads\/2025\/04\/215797193-origpic-504f39.jpg","datePublished":"2025-04-15T09:36:49+00:00","dateModified":"2026-04-11T00:23:42+00:00","breadcrumb":{"@id":"https:\/\/xenonkungen.com\/produkt\/ledriving-hl-bright-h4-h19\/#breadcrumb"},"inLanguage":"fi","potentialAction":[{"@type":"ReadAction","target":["https:\/\/xenonkungen.com\/produkt\/ledriving-hl-bright-h4-h19\/"]}]},{"@type":"ImageObject","inLanguage":"fi","@id":"https:\/\/xenonkungen.com\/produkt\/ledriving-hl-bright-h4-h19\/#primaryimage","url":"https:\/\/xenonkungen.com\/wp-content\/uploads\/2025\/04\/215797193-origpic-504f39.jpg","contentUrl":"https:\/\/xenonkungen.com\/wp-content\/uploads\/2025\/04\/215797193-origpic-504f39.jpg","width":1024,"height":674},{"@type":"BreadcrumbList","@id":"https:\/\/xenonkungen.com\/produkt\/ledriving-hl-bright-h4-h19\/#breadcrumb","itemListElement":[{"@type":"ListItem","position":1,"name":"Hem","item":"https:\/\/xenonkungen.com\/"},{"@type":"ListItem","position":2,"name":"Shop","item":"https:\/\/xenonkungen.com\/shop\/"},{"@type":"ListItem","position":3,"name":"LEDriving\u00ae HL BRIGHT H4\/H19"}]},{"@type":"WebSite","@id":"https:\/\/xenonkungen.com\/#website","url":"https:\/\/xenonkungen.com\/","name":"Xenonkungen","description":"","potentialAction":[{"@type":"SearchAction","target":{"@type":"EntryPoint","urlTemplate":"https:\/\/xenonkungen.com\/?s={search_term_string}"},"query-input":{"@type":"PropertyValueSpecification","valueRequired":true,"valueName":"search_term_string"}}],"inLanguage":"fi"}]}},"taxonomy_info":{"product_brand":[{"value":108,"label":"OSRAM"}],"product_cat":[{"value":2633,"label":"OSRAM Ledriving"},{"value":733,"label":"Halvljus \/ Helljus"}],"pa_faktisk-effekts-forbrukning":[{"value":537,"label":"15"}],"pa_fargtemperatur":[{"value":188,"label":"6000K"}],"pa_lampsockel-kontakt":[{"value":1699,"label":"H4, H19"}],"pa_volt-v":[{"value":159,"label":"12"}]},"featured_image_src_large":["https:\/\/xenonkungen.com\/wp-content\/uploads\/2025\/04\/215797193-origpic-504f39.jpg",1024,674,false],"author_info":[],"comment_info":0,"_links":{"self":[{"href":"https:\/\/xenonkungen.com\/fi\/wp-json\/wp\/v2\/product\/5889","targetHints":{"allow":["GET"]}}],"collection":[{"href":"https:\/\/xenonkungen.com\/fi\/wp-json\/wp\/v2\/product"}],"about":[{"href":"https:\/\/xenonkungen.com\/fi\/wp-json\/wp\/v2\/types\/product"}],"replies":[{"embeddable":true,"href":"https:\/\/xenonkungen.com\/fi\/wp-json\/wp\/v2\/comments?post=5889"}],"wp:featuredmedia":[{"embeddable":true,"href":"https:\/\/xenonkungen.com\/fi\/wp-json\/wp\/v2\/media\/5890"}],"wp:attachment":[{"href":"https:\/\/xenonkungen.com\/fi\/wp-json\/wp\/v2\/media?parent=5889"}],"wp:term":[{"taxonomy":"anvandningsomrade","embeddable":true,"href":"https:\/\/xenonkungen.com\/fi\/wp-json\/wp\/v2\/anvandningsomrade?post=5889"},{"taxonomy":"bilmarken","embeddable":true,"href":"https:\/\/xenonkungen.com\/fi\/wp-json\/wp\/v2\/bilmarken?post=5889"},{"taxonomy":"product_brand","embeddable":true,"href":"https:\/\/xenonkungen.com\/fi\/wp-json\/wp\/v2\/product_brand?post=5889"},{"taxonomy":"product_cat","embeddable":true,"href":"https:\/\/xenonkungen.com\/fi\/wp-json\/wp\/v2\/product_cat?post=5889"},{"taxonomy":"product_tag","embeddable":true,"href":"https:\/\/xenonkungen.com\/fi\/wp-json\/wp\/v2\/product_tag?post=5889"}],"curies":[{"name":"wp","href":"https:\/\/api.w.org\/{rel}","templated":true}]}}