{"id":5902,"date":"2025-04-15T09:37:08","date_gmt":"2025-04-15T09:37:08","guid":{"rendered":"https:\/\/xenonkungen.com\/product\/osram-ledriving-hl-intense-nxt-h4-canbus\/"},"modified":"2026-04-24T17:36:09","modified_gmt":"2026-04-24T16:36:09","slug":"osram-ledriving-hl-intense-nxt-h4-canbus-polttimo","status":"publish","type":"product","link":"https:\/\/xenonkungen.com\/fi\/tuote\/osram-ledriving-hl-intense-nxt-h4-canbus-polttimo\/","title":{"rendered":"OSRAM LEDriving HL INTENSE NXT H4 | Canbus"},"content":{"rendered":"<h1>OSRAM LEDriving\u00ae H4 HL INTENSE NXT<\/h1>\n<p>Haluatko tehokkaampaa, kirkkaampaa ja tehokkaampaa valaistusta tielle? <strong>OSRAM LEDriving H4 HL INTENSE NXT<\/strong> ovat uusimman sukupolven LED-valot, jotka viev\u00e4t ajokokemuksesi aivan uudelle tasolle. <strong>jopa +400% enemm\u00e4n kirkkautta<\/strong> Verrattuna perinteisiin halogeenilamppuihin saat vaikuttavan n\u00e4kyvyyden ja turvallisuuden pime\u00e4ss\u00e4.<\/p>\n<p>The <strong>kompakti ja edistyksellinen muotoilu<\/strong> mahdollistaa perinteisten H4-halogeenilamppujen helpon korvaamisen samalla <strong>OSRAMin huipputeknologiaa<\/strong> takaa optimoidun valokuvion h\u00e4ik\u00e4isem\u00e4tt\u00e4 vastaantulevaa liikennett\u00e4. <strong>viile\u00e4n valkoisen v\u00e4ril\u00e4mp\u00f6tila 6000 K<\/strong> Saat p\u00e4iv\u00e4nvaloa muistuttavan valon, joka v\u00e4hent\u00e4\u00e4 silmien v\u00e4symist\u00e4 ja parantaa ajomukavuutta.<\/p>\n<p>Kiitos <strong>integroitu aktiivinen j\u00e4\u00e4hdytys<\/strong> ja <strong>nopea tuuletin<\/strong> voit luottaa maksimaaliseen suorituskykyyn ja pitk\u00e4\u00e4n k\u00e4ytt\u00f6ik\u00e4\u00e4n asennuksen aikana <strong>nopea ja helppo<\/strong>Lis\u00e4ksi saat <strong>5 vuoden takuu<\/strong> ja suoja v\u00e4\u00e4renn\u00f6ksilt\u00e4 OSRAM Trust -ohjelman kautta \u2013 turva, jonka vain premium-valmistaja voi tarjota.<\/p>\n<h2>Edut:<\/h2>\n<ul>\n<li><strong>Jopa +400% enemm\u00e4n kirkkautta<\/strong><\/li>\n<li><strong>Optimoitu valokuva ilman heijastuksia<\/strong><\/li>\n<li><strong>Yksinkertainen asennus \u2013 kytke ja k\u00e4yt\u00e4<\/strong><\/li>\n<li><strong>Kest\u00e4v\u00e4 rakenne ja edistynyt j\u00e4\u00e4hdytys<\/strong><\/li>\n<li><strong>5 vuoden takuu ja OSRAM-laatu<\/strong><\/li>\n<\/ul>\n<p data-start=\"264\" data-end=\"290\"><strong data-start=\"268\" data-end=\"288\">Tekniset tiedot<\/strong><\/p>\n<p data-start=\"264\" data-end=\"290\">Teknologia: LED<\/p>\n<p data-start=\"264\" data-end=\"290\">J\u00e4nnite: 12V<\/p>\n<p data-start=\"264\" data-end=\"290\">Teho: 42,00 W \/ 40 W<\/p>\n<p data-start=\"264\" data-end=\"290\">Polttimotyyppi: H4<\/p>\n<p data-start=\"264\" data-end=\"290\">Pistorasian tyyppi: P43T<\/p>\n<p data-start=\"264\" data-end=\"290\">V\u00e4ril\u00e4mp\u00f6tila: 6000 K<\/p>\n<p data-start=\"264\" data-end=\"290\">Kirkkaus: 2500\/3000 lm<\/p>\n<p data-start=\"264\" data-end=\"290\">Elinik\u00e4: Tc: 5000 h<\/p>\n<p data-start=\"264\" data-end=\"290\">Tuulettimella<\/p>\n<p data-start=\"264\" data-end=\"290\">Takuu: 60 kuukautta<\/p>\n<p data-start=\"264\" data-end=\"290\">Ei tarvetta CANBUS-ohjaukselle<\/p>","protected":false},"excerpt":{"rendered":"<p>Canbus | 42\/40W | 6000K | 12V<\/p>","protected":false},"featured_media":5903,"comment_status":"closed","ping_status":"closed","template":"","meta":{"_acf_changed":false,"_smort_price_nok":"2558","_smort_price_dkk":"1625","_smort_price_eur":"217.72","_smort_sale_price_nok":"","_smort_sale_price_dkk":"","_smort_sale_price_eur":"","smort_restorder":"","shipmondo_restorder":"","_kad_blocks_custom_css":"","_kad_blocks_head_custom_js":"","_kad_blocks_body_custom_js":"","_kad_blocks_footer_custom_js":"","smort_custom_pricelist_1":"1532.8","smort_custom_pricelist_2":"1341.2","smort_custom_pricelist_3":"1245.4","smort_custom_pricelist_4":"1916","smort_custom_pricelist_5":"1341.2"},"anvandningsomrade":[],"bilmarken":[],"product_brand":[108],"product_cat":[2451,2633,733],"product_tag":[],"class_list":{"0":"post-5902","1":"product","2":"type-product","3":"status-publish","4":"has-post-thumbnail","6":"product_brand-osram","7":"product_cat-led-konvertering","8":"product_cat-osram-ledriving-halvljus-helljus","9":"product_cat-halvljus-helljus","10":"pa_faktisk-effekts-forbrukning-1097","11":"pa_fargtemperatur-6000k","12":"pa_lampsockel-kontakt-h4","13":"pa_volt-v-159","15":"first","16":"instock","17":"taxable","18":"shipping-taxable","19":"purchasable","20":"product-type-simple"},"bundled_by":[],"bundle_stock_status":"instock","bundle_stock_quantity":14,"bundle_virtual":false,"bundle_layout":"","bundle_add_to_cart_form_location":"","bundle_editable_in_cart":false,"bundle_sold_individually_context":"","bundle_item_grouping":"","bundle_min_size":"","bundle_max_size":"","bundle_price":[],"bundled_items":[],"bundle_sell_ids":[],"acf":[],"yoast_head":"<!-- This site is optimized with the Yoast SEO plugin v27.0 - https:\/\/yoast.com\/product\/yoast-seo-wordpress\/ -->\n<title>OSRAM LEDriving HL INTENSE NXT H4 | Canbus - Xenonkungen<\/title>\n<meta name=\"robots\" content=\"index, follow, max-snippet:-1, max-image-preview:large, max-video-preview:-1\" \/>\n<link rel=\"canonical\" href=\"https:\/\/xenonkungen.com\/fi\/tuote\/osram-ledriving-hl-intense-nxt-h4-canbus-polttimo\/\" \/>\n<meta property=\"og:locale\" content=\"fi_FI\" \/>\n<meta property=\"og:type\" content=\"article\" \/>\n<meta property=\"og:title\" content=\"OSRAM LEDriving HL INTENSE NXT H4 | Canbus - Xenonkungen\" \/>\n<meta property=\"og:description\" content=\"Canbus | 42\/40W | 6000K | 12V\" \/>\n<meta property=\"og:url\" content=\"https:\/\/xenonkungen.com\/fi\/tuote\/osram-ledriving-hl-intense-nxt-h4-canbus-polttimo\/\" \/>\n<meta property=\"og:site_name\" content=\"Xenonkungen\" \/>\n<meta property=\"article:modified_time\" content=\"2026-04-24T16:36:09+00:00\" \/>\n<meta property=\"og:image\" content=\"https:\/\/xenonkungen.com\/wp-content\/uploads\/2025\/04\/218614461-origpic-2dad40.jpg\" \/>\n\t<meta property=\"og:image:width\" content=\"1024\" \/>\n\t<meta property=\"og:image:height\" content=\"1024\" \/>\n\t<meta property=\"og:image:type\" content=\"image\/jpeg\" \/>\n<meta name=\"twitter:card\" content=\"summary_large_image\" \/>\n<meta name=\"twitter:label1\" content=\"Arvioitu lukuaika\" \/>\n\t<meta name=\"twitter:data1\" content=\"2 minuuttia\" \/>\n<script type=\"application\/ld+json\" class=\"yoast-schema-graph\">{\"@context\":\"https:\/\/schema.org\",\"@graph\":[{\"@type\":\"WebPage\",\"@id\":\"https:\/\/xenonkungen.com\/produkt\/osram-ledriving-hl-intense-nxt-h4-canbus\/\",\"url\":\"https:\/\/xenonkungen.com\/produkt\/osram-ledriving-hl-intense-nxt-h4-canbus\/\",\"name\":\"OSRAM LEDriving HL INTENSE NXT H4 | Canbus - Xenonkungen\",\"isPartOf\":{\"@id\":\"https:\/\/xenonkungen.com\/#website\"},\"primaryImageOfPage\":{\"@id\":\"https:\/\/xenonkungen.com\/produkt\/osram-ledriving-hl-intense-nxt-h4-canbus\/#primaryimage\"},\"image\":{\"@id\":\"https:\/\/xenonkungen.com\/produkt\/osram-ledriving-hl-intense-nxt-h4-canbus\/#primaryimage\"},\"thumbnailUrl\":\"https:\/\/xenonkungen.com\/wp-content\/uploads\/2025\/04\/218614461-origpic-2dad40.jpg\",\"datePublished\":\"2025-04-15T09:37:08+00:00\",\"dateModified\":\"2026-04-24T16:36:09+00:00\",\"breadcrumb\":{\"@id\":\"https:\/\/xenonkungen.com\/produkt\/osram-ledriving-hl-intense-nxt-h4-canbus\/#breadcrumb\"},\"inLanguage\":\"fi\",\"potentialAction\":[{\"@type\":\"ReadAction\",\"target\":[\"https:\/\/xenonkungen.com\/produkt\/osram-ledriving-hl-intense-nxt-h4-canbus\/\"]}]},{\"@type\":\"ImageObject\",\"inLanguage\":\"fi\",\"@id\":\"https:\/\/xenonkungen.com\/produkt\/osram-ledriving-hl-intense-nxt-h4-canbus\/#primaryimage\",\"url\":\"https:\/\/xenonkungen.com\/wp-content\/uploads\/2025\/04\/218614461-origpic-2dad40.jpg\",\"contentUrl\":\"https:\/\/xenonkungen.com\/wp-content\/uploads\/2025\/04\/218614461-origpic-2dad40.jpg\",\"width\":1024,\"height\":1024},{\"@type\":\"BreadcrumbList\",\"@id\":\"https:\/\/xenonkungen.com\/produkt\/osram-ledriving-hl-intense-nxt-h4-canbus\/#breadcrumb\",\"itemListElement\":[{\"@type\":\"ListItem\",\"position\":1,\"name\":\"Hem\",\"item\":\"https:\/\/xenonkungen.com\/\"},{\"@type\":\"ListItem\",\"position\":2,\"name\":\"Shop\",\"item\":\"https:\/\/xenonkungen.com\/shop\/\"},{\"@type\":\"ListItem\",\"position\":3,\"name\":\"OSRAM LEDriving HL INTENSE NXT H4 | Canbus\"}]},{\"@type\":\"WebSite\",\"@id\":\"https:\/\/xenonkungen.com\/#website\",\"url\":\"https:\/\/xenonkungen.com\/\",\"name\":\"Xenonkungen\",\"description\":\"\",\"potentialAction\":[{\"@type\":\"SearchAction\",\"target\":{\"@type\":\"EntryPoint\",\"urlTemplate\":\"https:\/\/xenonkungen.com\/?s={search_term_string}\"},\"query-input\":{\"@type\":\"PropertyValueSpecification\",\"valueRequired\":true,\"valueName\":\"search_term_string\"}}],\"inLanguage\":\"fi\"}]}<\/script>\n<!-- \/ Yoast SEO plugin. -->","yoast_head_json":{"title":"OSRAM LEDriving HL INTENSE NXT H4 | Canbus - Ksenonkuningas","robots":{"index":"index","follow":"follow","max-snippet":"max-snippet:-1","max-image-preview":"max-image-preview:large","max-video-preview":"max-video-preview:-1"},"canonical":"https:\/\/xenonkungen.com\/fi\/tuote\/osram-ledriving-hl-intense-nxt-h4-canbus-polttimo\/","og_locale":"fi_FI","og_type":"article","og_title":"OSRAM LEDriving HL INTENSE NXT H4 | Canbus - Xenonkungen","og_description":"Canbus | 42\/40W | 6000K | 12V","og_url":"https:\/\/xenonkungen.com\/fi\/tuote\/osram-ledriving-hl-intense-nxt-h4-canbus-polttimo\/","og_site_name":"Xenonkungen","article_modified_time":"2026-04-24T16:36:09+00:00","og_image":[{"width":1024,"height":1024,"url":"https:\/\/xenonkungen.com\/wp-content\/uploads\/2025\/04\/218614461-origpic-2dad40.jpg","type":"image\/jpeg"}],"twitter_card":"summary_large_image","twitter_misc":{"Arvioitu lukuaika":"2 minuuttia"},"schema":{"@context":"https:\/\/schema.org","@graph":[{"@type":"WebPage","@id":"https:\/\/xenonkungen.com\/produkt\/osram-ledriving-hl-intense-nxt-h4-canbus\/","url":"https:\/\/xenonkungen.com\/produkt\/osram-ledriving-hl-intense-nxt-h4-canbus\/","name":"OSRAM LEDriving HL INTENSE NXT H4 | Canbus - Ksenonkuningas","isPartOf":{"@id":"https:\/\/xenonkungen.com\/#website"},"primaryImageOfPage":{"@id":"https:\/\/xenonkungen.com\/produkt\/osram-ledriving-hl-intense-nxt-h4-canbus\/#primaryimage"},"image":{"@id":"https:\/\/xenonkungen.com\/produkt\/osram-ledriving-hl-intense-nxt-h4-canbus\/#primaryimage"},"thumbnailUrl":"https:\/\/xenonkungen.com\/wp-content\/uploads\/2025\/04\/218614461-origpic-2dad40.jpg","datePublished":"2025-04-15T09:37:08+00:00","dateModified":"2026-04-24T16:36:09+00:00","breadcrumb":{"@id":"https:\/\/xenonkungen.com\/produkt\/osram-ledriving-hl-intense-nxt-h4-canbus\/#breadcrumb"},"inLanguage":"fi","potentialAction":[{"@type":"ReadAction","target":["https:\/\/xenonkungen.com\/produkt\/osram-ledriving-hl-intense-nxt-h4-canbus\/"]}]},{"@type":"ImageObject","inLanguage":"fi","@id":"https:\/\/xenonkungen.com\/produkt\/osram-ledriving-hl-intense-nxt-h4-canbus\/#primaryimage","url":"https:\/\/xenonkungen.com\/wp-content\/uploads\/2025\/04\/218614461-origpic-2dad40.jpg","contentUrl":"https:\/\/xenonkungen.com\/wp-content\/uploads\/2025\/04\/218614461-origpic-2dad40.jpg","width":1024,"height":1024},{"@type":"BreadcrumbList","@id":"https:\/\/xenonkungen.com\/produkt\/osram-ledriving-hl-intense-nxt-h4-canbus\/#breadcrumb","itemListElement":[{"@type":"ListItem","position":1,"name":"Hem","item":"https:\/\/xenonkungen.com\/"},{"@type":"ListItem","position":2,"name":"Shop","item":"https:\/\/xenonkungen.com\/shop\/"},{"@type":"ListItem","position":3,"name":"OSRAM LEDriving HL INTENSE NXT H4 | Canbus"}]},{"@type":"WebSite","@id":"https:\/\/xenonkungen.com\/#website","url":"https:\/\/xenonkungen.com\/","name":"Xenonkungen","description":"","potentialAction":[{"@type":"SearchAction","target":{"@type":"EntryPoint","urlTemplate":"https:\/\/xenonkungen.com\/?s={search_term_string}"},"query-input":{"@type":"PropertyValueSpecification","valueRequired":true,"valueName":"search_term_string"}}],"inLanguage":"fi"}]}},"taxonomy_info":{"product_brand":[{"value":108,"label":"OSRAM"}],"product_cat":[{"value":2451,"label":"Led-konvertering"},{"value":2633,"label":"OSRAM Ledriving"},{"value":733,"label":"Halvljus \/ Helljus"}],"pa_faktisk-effekts-forbrukning":[{"value":1097,"label":"42"}],"pa_fargtemperatur":[{"value":188,"label":"6000K"}],"pa_lampsockel-kontakt":[{"value":340,"label":"H4"}],"pa_volt-v":[{"value":159,"label":"12"}]},"featured_image_src_large":["https:\/\/xenonkungen.com\/wp-content\/uploads\/2025\/04\/218614461-origpic-2dad40.jpg",1024,1024,false],"author_info":[],"comment_info":0,"_links":{"self":[{"href":"https:\/\/xenonkungen.com\/fi\/wp-json\/wp\/v2\/product\/5902","targetHints":{"allow":["GET"]}}],"collection":[{"href":"https:\/\/xenonkungen.com\/fi\/wp-json\/wp\/v2\/product"}],"about":[{"href":"https:\/\/xenonkungen.com\/fi\/wp-json\/wp\/v2\/types\/product"}],"replies":[{"embeddable":true,"href":"https:\/\/xenonkungen.com\/fi\/wp-json\/wp\/v2\/comments?post=5902"}],"wp:featuredmedia":[{"embeddable":true,"href":"https:\/\/xenonkungen.com\/fi\/wp-json\/wp\/v2\/media\/5903"}],"wp:attachment":[{"href":"https:\/\/xenonkungen.com\/fi\/wp-json\/wp\/v2\/media?parent=5902"}],"wp:term":[{"taxonomy":"anvandningsomrade","embeddable":true,"href":"https:\/\/xenonkungen.com\/fi\/wp-json\/wp\/v2\/anvandningsomrade?post=5902"},{"taxonomy":"bilmarken","embeddable":true,"href":"https:\/\/xenonkungen.com\/fi\/wp-json\/wp\/v2\/bilmarken?post=5902"},{"taxonomy":"product_brand","embeddable":true,"href":"https:\/\/xenonkungen.com\/fi\/wp-json\/wp\/v2\/product_brand?post=5902"},{"taxonomy":"product_cat","embeddable":true,"href":"https:\/\/xenonkungen.com\/fi\/wp-json\/wp\/v2\/product_cat?post=5902"},{"taxonomy":"product_tag","embeddable":true,"href":"https:\/\/xenonkungen.com\/fi\/wp-json\/wp\/v2\/product_tag?post=5902"}],"curies":[{"name":"wp","href":"https:\/\/api.w.org\/{rel}","templated":true}]}}