{"id":5913,"date":"2025-04-15T09:37:08","date_gmt":"2025-04-15T09:37:08","guid":{"rendered":"https:\/\/xenonkungen.com\/product\/ledriving-hl-vintage-h4-h19-r2\/"},"modified":"2026-04-24T17:36:19","modified_gmt":"2026-04-24T16:36:19","slug":"ledriving-hl-vintage-h4-h19-r2","status":"publish","type":"product","link":"https:\/\/xenonkungen.com\/fi\/tuote\/ledriving-hl-vintage-h4-h19-r2\/","title":{"rendered":"LEDriving\u00ae HL VINTAGE H4\/H19\/R2 LEDriving\u00ae HL VINTAGE H4\/H19\/R2"},"content":{"rendered":"<h3><strong>OSRAM LEDriving HL Vintage - Paranna ajamista tehokkaalla LED-lis\u00e4varusteella.<\/strong><\/h3>\n<p>Anna vanhoille valonheittimillesi uusi el\u00e4m\u00e4 <strong>OSRAM LEDriving HL Vintage<\/strong> H4,R2- korkean suorituskyvyn omaava j\u00e4lkiasennusvalaisin, jossa yhdistyv\u00e4t moderni teknologia ja klassinen tyyli. Jopa <strong>300 % enemm\u00e4n kirkkautta<\/strong> kuin perinteiset valot, n\u00e4et esteet ja vaarat paljon aikaisemmin, mik\u00e4 tekee ajamisesta turvallisempaa ja varmempaa.<\/p>\n<p>L\u00e4mmin valkoinen v\u00e4ril\u00e4mp\u00f6tila <strong>2700K<\/strong> luo tyylikk\u00e4\u00e4n vintage-ilmeen, kun taas optimoitu valonjako v\u00e4hent\u00e4\u00e4 h\u00e4ik\u00e4isyn riski\u00e4. <strong>LED-tekniikka<\/strong> tarjoaa paitsi paremman n\u00e4kyvyyden, my\u00f6s jopa <strong>5 kertaa pidempi k\u00e4ytt\u00f6ik\u00e4<\/strong> verrattuna tavallisiin halogeenilamppuihin. Lis\u00e4ksi ledit ovat yst\u00e4v\u00e4llisi\u00e4 vanhemmille s\u00e4hk\u00f6j\u00e4rjestelmille, koska niiden s\u00e4hk\u00f6teho on vakaa my\u00f6s vanhemmissa ajoneuvoissa.<\/p>\n<p><strong>OSRAM LEDriving HL Vintage -valaisimen edut:<\/strong><\/p>\n<ul>\n<li><strong>Jopa 300 % enemm\u00e4n kirkkautta<\/strong> - N\u00e4et tien ja esteet selke\u00e4mmin ja nopeammin<\/li>\n<li><strong>Tyylik\u00e4s vintage-look<\/strong> - Yhdist\u00e4\u00e4 retrotyylin ja modernin LED-tekniikan<\/li>\n<li><strong>Pidempi k\u00e4ytt\u00f6ik\u00e4<\/strong> - Jopa 5 kertaa pidempi kuin halogeenilamput<\/li>\n<li><strong>Optimoitu valonjako<\/strong> - Est\u00e4\u00e4 muiden kuljettajien h\u00e4ik\u00e4isyn<\/li>\n<li><strong>Helppo asentaa<\/strong> - Kompakti muotoilu sopii autoihin, joissa on halogeenilamput<\/li>\n<li><strong>4 vuoden takuu<\/strong> - OSRAM-laatu, johon voit luottaa<\/li>\n<\/ul>\n<p>T\u00e4ydellinen autoharrastajille, jotka haluavat s\u00e4ilytt\u00e4\u00e4 ajoneuvonsa klassisen estetiikan ja saada samalla kaikki uusimman LED-tekniikan edut. Nauti paremmasta n\u00e4kyvyydest\u00e4, pidemm\u00e4st\u00e4 k\u00e4ytt\u00f6i\u00e4st\u00e4 ja ainutlaatuisesta ulkon\u00e4\u00f6st\u00e4 turvallisuudesta tinkim\u00e4tt\u00e4.<\/p>\n<p><strong>T\u00e4rke\u00e4\u00e4 tietoa:<\/strong> N\u00e4m\u00e4 valaisimet on tarkoitettu k\u00e4ytett\u00e4v\u00e4ksi vain kilparadoilla, eik\u00e4 niill\u00e4 ole ECE-hyv\u00e4ksynt\u00e4\u00e4 k\u00e4ytett\u00e4v\u00e4ksi yleisill\u00e4 teill\u00e4.<\/p>\n<h3><strong>Tekniset tiedot<\/strong><\/h3>\n<p><strong>S\u00e4hk\u00f6iset tiedot<\/strong><\/p>\n<p>- Tehonkulutus: 14\/14 W<br \/>\n- Nimellisj\u00e4nnite: 12,0 V<br \/>\n- Nimellisteho: 15 W<br \/>\n- Tehon toleranssi: \u00b120 %<br \/>\n- Testij\u00e4nnite: 13,2 V<\/p>\n<p><strong>Fotometriset tiedot<\/strong><\/p>\n<p>- Nimellinen valovirta: 1400\/1100 lm<br \/>\n- Valovirran toleranssi: \u00b120 % %<br \/>\n- LED-valon v\u00e4ri: L\u00e4mmin valkoinen<br \/>\n- V\u00e4ril\u00e4mp\u00f6tila: 2700 K<\/p>\n<p><strong>Fysikaaliset ominaisuudet ja mitat<\/strong><\/p>\n<p>- Pituus: 80,2 mm<br \/>\n- Halkaisija: 14,0 mm<br \/>\n- Tuotteen paino: 80,00 g<br \/>\n- Lampunpitimet: -<\/p>\n<p><strong>Elinik\u00e4iset tiedot<\/strong><\/p>\n<p>- Elinik\u00e4 Tc: 5000 tuntia<\/p>\n<p><strong>Takuu:<\/strong><\/p>\n<p>- 4 vuotta<\/p>","protected":false},"excerpt":{"rendered":"<p>Tutustu OSRAM LEDriving HL Vintage -valaisimeen, joka on tehokas 12 V:n LED-asennusvalaisin, jonka valovirta on 1100\/1400 lumenia ja v\u00e4ril\u00e4mp\u00f6tila 2700 K on l\u00e4mmin valkoinen. Se sopii ihanteellisesti vanhempiin ajoneuvoihin, parantaa n\u00e4kyvyytt\u00e4 ja s\u00e4ilytt\u00e4\u00e4 klassisen tyylin.<\/p>","protected":false},"featured_media":5914,"comment_status":"closed","ping_status":"closed","template":"","meta":{"_acf_changed":false,"_smort_price_nok":"1810","_smort_price_dkk":"1150","_smort_price_eur":"154.08","_smort_sale_price_nok":"","_smort_sale_price_dkk":"","_smort_sale_price_eur":"","smort_restorder":"","shipmondo_restorder":"","_kad_blocks_custom_css":"","_kad_blocks_head_custom_js":"","_kad_blocks_body_custom_js":"","_kad_blocks_footer_custom_js":"","smort_custom_pricelist_1":"1084.8","smort_custom_pricelist_2":"949.2","smort_custom_pricelist_3":"881.4","smort_custom_pricelist_4":"1356","smort_custom_pricelist_5":"949.2"},"anvandningsomrade":[],"bilmarken":[],"product_brand":[108],"product_cat":[2633,733],"product_tag":[],"class_list":{"0":"post-5913","1":"product","2":"type-product","3":"status-publish","4":"has-post-thumbnail","6":"product_brand-osram","7":"product_cat-osram-ledriving-halvljus-helljus","8":"product_cat-halvljus-helljus","9":"pa_faktisk-effekts-forbrukning-1702","10":"pa_fargtemperatur-2700k","11":"pa_lampsockel-kontakt-h4-h19","12":"pa_lampsockel-kontakt-r2","13":"pa_storlek-mm-165x36x60","14":"pa_volt-v-159","16":"first","17":"instock","18":"taxable","19":"shipping-taxable","20":"purchasable","21":"product-type-simple"},"bundled_by":[],"bundle_stock_status":"instock","bundle_stock_quantity":6,"bundle_virtual":false,"bundle_layout":"","bundle_add_to_cart_form_location":"","bundle_editable_in_cart":false,"bundle_sold_individually_context":"","bundle_item_grouping":"","bundle_min_size":"","bundle_max_size":"","bundle_price":[],"bundled_items":[],"bundle_sell_ids":[],"acf":[],"yoast_head":"<!-- This site is optimized with the Yoast SEO plugin v27.0 - https:\/\/yoast.com\/product\/yoast-seo-wordpress\/ -->\n<title>LEDriving\u00ae HL VINTAGE H4\/H19\/R2 - Xenonkungen<\/title>\n<meta name=\"robots\" content=\"index, follow, max-snippet:-1, max-image-preview:large, max-video-preview:-1\" \/>\n<link rel=\"canonical\" href=\"https:\/\/xenonkungen.com\/fi\/tuote\/ledriving-hl-vintage-h4-h19-r2\/\" \/>\n<meta property=\"og:locale\" content=\"fi_FI\" \/>\n<meta property=\"og:type\" content=\"article\" \/>\n<meta property=\"og:title\" content=\"LEDriving\u00ae HL VINTAGE H4\/H19\/R2 - Xenonkungen\" \/>\n<meta property=\"og:description\" content=\"Uppt\u00e4ck OSRAM LEDriving HL Vintage, en kraftfull LED-retrofitlampa p\u00e5 12V med ett ljusfl\u00f6de p\u00e5 1100\/1400 lumen och en varm vit f\u00e4rgtemperatur p\u00e5 2700K. Perfekt f\u00f6r \u00e4ldre fordon, den f\u00f6rb\u00e4ttrar sikten och bibeh\u00e5ller en klassisk stil.\" \/>\n<meta property=\"og:url\" content=\"https:\/\/xenonkungen.com\/fi\/tuote\/ledriving-hl-vintage-h4-h19-r2\/\" \/>\n<meta property=\"og:site_name\" content=\"Xenonkungen\" \/>\n<meta property=\"article:modified_time\" content=\"2026-04-24T16:36:19+00:00\" \/>\n<meta property=\"og:image\" content=\"https:\/\/xenonkungen.com\/wp-content\/uploads\/2025\/04\/215793627-origpic-1fdb4e.jpg\" \/>\n\t<meta property=\"og:image:width\" content=\"1075\" \/>\n\t<meta property=\"og:image:height\" content=\"670\" \/>\n\t<meta property=\"og:image:type\" content=\"image\/jpeg\" \/>\n<meta name=\"twitter:card\" content=\"summary_large_image\" \/>\n<meta name=\"twitter:label1\" content=\"Arvioitu lukuaika\" \/>\n\t<meta name=\"twitter:data1\" content=\"2 minuuttia\" \/>\n<script type=\"application\/ld+json\" class=\"yoast-schema-graph\">{\"@context\":\"https:\/\/schema.org\",\"@graph\":[{\"@type\":\"WebPage\",\"@id\":\"https:\/\/xenonkungen.com\/produkt\/ledriving-hl-vintage-h4-h19-r2\/\",\"url\":\"https:\/\/xenonkungen.com\/produkt\/ledriving-hl-vintage-h4-h19-r2\/\",\"name\":\"LEDriving\u00ae HL VINTAGE H4\/H19\/R2 - Xenonkungen\",\"isPartOf\":{\"@id\":\"https:\/\/xenonkungen.com\/#website\"},\"primaryImageOfPage\":{\"@id\":\"https:\/\/xenonkungen.com\/produkt\/ledriving-hl-vintage-h4-h19-r2\/#primaryimage\"},\"image\":{\"@id\":\"https:\/\/xenonkungen.com\/produkt\/ledriving-hl-vintage-h4-h19-r2\/#primaryimage\"},\"thumbnailUrl\":\"https:\/\/xenonkungen.com\/wp-content\/uploads\/2025\/04\/215793627-origpic-1fdb4e.jpg\",\"datePublished\":\"2025-04-15T09:37:08+00:00\",\"dateModified\":\"2026-04-24T16:36:19+00:00\",\"breadcrumb\":{\"@id\":\"https:\/\/xenonkungen.com\/produkt\/ledriving-hl-vintage-h4-h19-r2\/#breadcrumb\"},\"inLanguage\":\"fi\",\"potentialAction\":[{\"@type\":\"ReadAction\",\"target\":[\"https:\/\/xenonkungen.com\/produkt\/ledriving-hl-vintage-h4-h19-r2\/\"]}]},{\"@type\":\"ImageObject\",\"inLanguage\":\"fi\",\"@id\":\"https:\/\/xenonkungen.com\/produkt\/ledriving-hl-vintage-h4-h19-r2\/#primaryimage\",\"url\":\"https:\/\/xenonkungen.com\/wp-content\/uploads\/2025\/04\/215793627-origpic-1fdb4e.jpg\",\"contentUrl\":\"https:\/\/xenonkungen.com\/wp-content\/uploads\/2025\/04\/215793627-origpic-1fdb4e.jpg\",\"width\":1075,\"height\":670},{\"@type\":\"BreadcrumbList\",\"@id\":\"https:\/\/xenonkungen.com\/produkt\/ledriving-hl-vintage-h4-h19-r2\/#breadcrumb\",\"itemListElement\":[{\"@type\":\"ListItem\",\"position\":1,\"name\":\"Hem\",\"item\":\"https:\/\/xenonkungen.com\/\"},{\"@type\":\"ListItem\",\"position\":2,\"name\":\"Shop\",\"item\":\"https:\/\/xenonkungen.com\/shop\/\"},{\"@type\":\"ListItem\",\"position\":3,\"name\":\"LEDriving\u00ae HL VINTAGE H4\/H19\/R2\"}]},{\"@type\":\"WebSite\",\"@id\":\"https:\/\/xenonkungen.com\/#website\",\"url\":\"https:\/\/xenonkungen.com\/\",\"name\":\"Xenonkungen\",\"description\":\"\",\"potentialAction\":[{\"@type\":\"SearchAction\",\"target\":{\"@type\":\"EntryPoint\",\"urlTemplate\":\"https:\/\/xenonkungen.com\/?s={search_term_string}\"},\"query-input\":{\"@type\":\"PropertyValueSpecification\",\"valueRequired\":true,\"valueName\":\"search_term_string\"}}],\"inLanguage\":\"fi\"}]}<\/script>\n<!-- \/ Yoast SEO plugin. -->","yoast_head_json":{"title":"LEDriving\u00ae HL VINTAGE H4\/H19\/R2 - Ksenonkuningas","robots":{"index":"index","follow":"follow","max-snippet":"max-snippet:-1","max-image-preview":"max-image-preview:large","max-video-preview":"max-video-preview:-1"},"canonical":"https:\/\/xenonkungen.com\/fi\/tuote\/ledriving-hl-vintage-h4-h19-r2\/","og_locale":"fi_FI","og_type":"article","og_title":"LEDriving\u00ae HL VINTAGE H4\/H19\/R2 - Xenonkungen","og_description":"Uppt\u00e4ck OSRAM LEDriving HL Vintage, en kraftfull LED-retrofitlampa p\u00e5 12V med ett ljusfl\u00f6de p\u00e5 1100\/1400 lumen och en varm vit f\u00e4rgtemperatur p\u00e5 2700K. Perfekt f\u00f6r \u00e4ldre fordon, den f\u00f6rb\u00e4ttrar sikten och bibeh\u00e5ller en klassisk stil.","og_url":"https:\/\/xenonkungen.com\/fi\/tuote\/ledriving-hl-vintage-h4-h19-r2\/","og_site_name":"Xenonkungen","article_modified_time":"2026-04-24T16:36:19+00:00","og_image":[{"width":1075,"height":670,"url":"https:\/\/xenonkungen.com\/wp-content\/uploads\/2025\/04\/215793627-origpic-1fdb4e.jpg","type":"image\/jpeg"}],"twitter_card":"summary_large_image","twitter_misc":{"Arvioitu lukuaika":"2 minuuttia"},"schema":{"@context":"https:\/\/schema.org","@graph":[{"@type":"WebPage","@id":"https:\/\/xenonkungen.com\/produkt\/ledriving-hl-vintage-h4-h19-r2\/","url":"https:\/\/xenonkungen.com\/produkt\/ledriving-hl-vintage-h4-h19-r2\/","name":"LEDriving\u00ae HL VINTAGE H4\/H19\/R2 - Ksenonkuningas","isPartOf":{"@id":"https:\/\/xenonkungen.com\/#website"},"primaryImageOfPage":{"@id":"https:\/\/xenonkungen.com\/produkt\/ledriving-hl-vintage-h4-h19-r2\/#primaryimage"},"image":{"@id":"https:\/\/xenonkungen.com\/produkt\/ledriving-hl-vintage-h4-h19-r2\/#primaryimage"},"thumbnailUrl":"https:\/\/xenonkungen.com\/wp-content\/uploads\/2025\/04\/215793627-origpic-1fdb4e.jpg","datePublished":"2025-04-15T09:37:08+00:00","dateModified":"2026-04-24T16:36:19+00:00","breadcrumb":{"@id":"https:\/\/xenonkungen.com\/produkt\/ledriving-hl-vintage-h4-h19-r2\/#breadcrumb"},"inLanguage":"fi","potentialAction":[{"@type":"ReadAction","target":["https:\/\/xenonkungen.com\/produkt\/ledriving-hl-vintage-h4-h19-r2\/"]}]},{"@type":"ImageObject","inLanguage":"fi","@id":"https:\/\/xenonkungen.com\/produkt\/ledriving-hl-vintage-h4-h19-r2\/#primaryimage","url":"https:\/\/xenonkungen.com\/wp-content\/uploads\/2025\/04\/215793627-origpic-1fdb4e.jpg","contentUrl":"https:\/\/xenonkungen.com\/wp-content\/uploads\/2025\/04\/215793627-origpic-1fdb4e.jpg","width":1075,"height":670},{"@type":"BreadcrumbList","@id":"https:\/\/xenonkungen.com\/produkt\/ledriving-hl-vintage-h4-h19-r2\/#breadcrumb","itemListElement":[{"@type":"ListItem","position":1,"name":"Hem","item":"https:\/\/xenonkungen.com\/"},{"@type":"ListItem","position":2,"name":"Shop","item":"https:\/\/xenonkungen.com\/shop\/"},{"@type":"ListItem","position":3,"name":"LEDriving\u00ae HL VINTAGE H4\/H19\/R2"}]},{"@type":"WebSite","@id":"https:\/\/xenonkungen.com\/#website","url":"https:\/\/xenonkungen.com\/","name":"Xenonkungen","description":"","potentialAction":[{"@type":"SearchAction","target":{"@type":"EntryPoint","urlTemplate":"https:\/\/xenonkungen.com\/?s={search_term_string}"},"query-input":{"@type":"PropertyValueSpecification","valueRequired":true,"valueName":"search_term_string"}}],"inLanguage":"fi"}]}},"taxonomy_info":{"product_brand":[{"value":108,"label":"OSRAM"}],"product_cat":[{"value":2633,"label":"OSRAM Ledriving"},{"value":733,"label":"Halvljus \/ Helljus"}],"pa_faktisk-effekts-forbrukning":[{"value":1702,"label":"14"}],"pa_fargtemperatur":[{"value":1691,"label":"2700K"}],"pa_lampsockel-kontakt":[{"value":1699,"label":"H4, H19"},{"value":2724,"label":"R2"}],"pa_storlek-mm":[{"value":802,"label":"165x36x60"}],"pa_volt-v":[{"value":159,"label":"12"}]},"featured_image_src_large":["https:\/\/xenonkungen.com\/wp-content\/uploads\/2025\/04\/215793627-origpic-1fdb4e-1024x638.jpg",1024,638,true],"author_info":[],"comment_info":2,"_links":{"self":[{"href":"https:\/\/xenonkungen.com\/fi\/wp-json\/wp\/v2\/product\/5913","targetHints":{"allow":["GET"]}}],"collection":[{"href":"https:\/\/xenonkungen.com\/fi\/wp-json\/wp\/v2\/product"}],"about":[{"href":"https:\/\/xenonkungen.com\/fi\/wp-json\/wp\/v2\/types\/product"}],"replies":[{"embeddable":true,"href":"https:\/\/xenonkungen.com\/fi\/wp-json\/wp\/v2\/comments?post=5913"}],"wp:featuredmedia":[{"embeddable":true,"href":"https:\/\/xenonkungen.com\/fi\/wp-json\/wp\/v2\/media\/5914"}],"wp:attachment":[{"href":"https:\/\/xenonkungen.com\/fi\/wp-json\/wp\/v2\/media?parent=5913"}],"wp:term":[{"taxonomy":"anvandningsomrade","embeddable":true,"href":"https:\/\/xenonkungen.com\/fi\/wp-json\/wp\/v2\/anvandningsomrade?post=5913"},{"taxonomy":"bilmarken","embeddable":true,"href":"https:\/\/xenonkungen.com\/fi\/wp-json\/wp\/v2\/bilmarken?post=5913"},{"taxonomy":"product_brand","embeddable":true,"href":"https:\/\/xenonkungen.com\/fi\/wp-json\/wp\/v2\/product_brand?post=5913"},{"taxonomy":"product_cat","embeddable":true,"href":"https:\/\/xenonkungen.com\/fi\/wp-json\/wp\/v2\/product_cat?post=5913"},{"taxonomy":"product_tag","embeddable":true,"href":"https:\/\/xenonkungen.com\/fi\/wp-json\/wp\/v2\/product_tag?post=5913"}],"curies":[{"name":"wp","href":"https:\/\/api.w.org\/{rel}","templated":true}]}}