{"id":5933,"date":"2025-04-15T09:37:32","date_gmt":"2025-04-15T09:37:32","guid":{"rendered":"https:\/\/xenonkungen.com\/product\/ledriving-street-legal-adapter-01\/"},"modified":"2026-04-21T14:48:26","modified_gmt":"2026-04-21T13:48:26","slug":"ledriving-street-law-sovitin-01","status":"publish","type":"product","link":"https:\/\/xenonkungen.com\/fi\/tuote\/ledriving-street-law-sovitin-01\/","title":{"rendered":"LEDriving\u00ae Street Legal Adapter 01"},"content":{"rendered":"<h3>LEDriving-sovitin 64210DA01<\/h3>\n<p>Optimoi ajoneuvosi valaistus LEDriving-sovittimella 64210DA01, joka on t\u00e4ydellinen ty\u00f6kalu ajoneuvosi valojen helppoon vaihtamiseen LED-valoihin. T\u00e4m\u00e4 sovitin on suunniteltu varmistamaan vaivaton asennus, ja se on yhteensopiva useiden automallien kanssa, joten se on ihanteellinen valinta sek\u00e4 harrastelija- ett\u00e4 ammattiasentajille.<\/p>\n<h4>Tuotetiedot<\/h4>\n<ul>\n<li><strong>Kategoria:<\/strong> Lis\u00e4varusteet LED-asennuksia varten<\/li>\n<li><strong>Teknologia:<\/strong> LED-tarvikkeet<\/li>\n<li><strong>Halkaisija:<\/strong> 22,4 mm<\/li>\n<li><strong>Tilausnumero:<\/strong> 64210DA01<\/li>\n<\/ul>\n<h4>Ominaisuudet ja edut<\/h4>\n<ul>\n<li><strong>Helppo asennus:<\/strong> Kiinnitystelineet on suunniteltu sopimaan tiiviisti ja varmasti, mik\u00e4 mahdollistaa nopean ja helpon asennuksen.<\/li>\n<li><strong>Korkea yhteensopivuus:<\/strong> Sovitin on yhteensopiva useiden automallien kanssa, ja yhteensopivuuden tarkistaminen on helppoa OSRAMin verkkosivuston kautta.<\/li>\n<li><strong>Turvallinen k\u00e4ytt\u00f6:<\/strong> Sis\u00e4lt\u00e4\u00e4 lyijy\u00e4 EU:n REACH-asetusten mukaisesti, mutta on tunnistettu turvalliseksi k\u00e4yt\u00f6ksi, mik\u00e4 varmistaa sek\u00e4 turvallisuuden ett\u00e4 ymp\u00e4rist\u00f6vastuun.<\/li>\n<\/ul>\n<h4>Laatu ja turvallisuus<\/h4>\n<ul>\n<li>Adapteri on EU:n turvallisuusstandardien mukainen ja se on testattu luotettavuuden ja pitk\u00e4ik\u00e4isen suorituskyvyn varmistamiseksi ajoneuvossasi.<\/li>\n<\/ul>\n<p>Tarkempia tietoja asennuksesta ja yhteensopivuudesta sek\u00e4 turvallisen k\u00e4yt\u00f6n ohjeita on saatavilla OSRAMin virallisella verkkosivustolla olevassa t\u00e4ydellisess\u00e4 tuotetietolomakkeessa. T\u00e4m\u00e4 sovitin on osa laajempaa tuoteperhett\u00e4, joka tarjoaa ratkaisuja eri mittoihin ja vaatimuksiin.<\/p>","protected":false},"excerpt":{"rendered":"<p>LEDriving Adapter 64210DA01 Optimera din fordonsbelysning med LEDriving Adapter 64210DA01, ett perfekt verktyg f\u00f6r att enkelt uppgradera dina fordonslampor till LED. Denna adapter \u00e4r designad f\u00f6r att s\u00e4kerst\u00e4lla en problemfri installation och \u00e4r kompatibel med ett brett utbud av bilmodeller, vilket g\u00f6r det till ett idealiskt val f\u00f6r b\u00e5de amat\u00f6rer och professionella installat\u00f6rer. Produktinformation Kategori: [&hellip;]<\/p>","protected":false},"featured_media":5934,"comment_status":"closed","ping_status":"open","template":"","meta":{"_acf_changed":false,"_smort_price_nok":"105","_smort_price_dkk":"66","_smort_price_eur":"8.91","_smort_sale_price_nok":"","_smort_sale_price_dkk":"","_smort_sale_price_eur":"","smort_restorder":"","shipmondo_restorder":"","_kad_blocks_custom_css":"","_kad_blocks_head_custom_js":"","_kad_blocks_body_custom_js":"","_kad_blocks_footer_custom_js":"","smort_custom_pricelist_1":"62.72","smort_custom_pricelist_2":"62.72","smort_custom_pricelist_3":"59.58","smort_custom_pricelist_4":"78.4","smort_custom_pricelist_5":"62.26"},"anvandningsomrade":[],"bilmarken":[],"product_brand":[108],"product_cat":[2465,733],"product_tag":[],"class_list":{"0":"post-5933","1":"product","2":"type-product","3":"status-publish","4":"has-post-thumbnail","6":"product_brand-osram","7":"product_cat-lamphallare-halvljus-helljus","8":"product_cat-halvljus-helljus","10":"first","11":"instock","12":"taxable","13":"shipping-taxable","14":"purchasable","15":"product-type-simple"},"bundled_by":[],"bundle_stock_status":"instock","bundle_stock_quantity":8,"bundle_virtual":false,"bundle_layout":"","bundle_add_to_cart_form_location":"","bundle_editable_in_cart":false,"bundle_sold_individually_context":"","bundle_item_grouping":"","bundle_min_size":"","bundle_max_size":"","bundle_price":[],"bundled_items":[],"bundle_sell_ids":[],"acf":[],"yoast_head":"<!-- This site is optimized with the Yoast SEO plugin v27.0 - https:\/\/yoast.com\/product\/yoast-seo-wordpress\/ -->\n<title>LEDriving\u00ae Street Legal Adapter 01 - Xenonkungen<\/title>\n<meta name=\"robots\" content=\"index, follow, max-snippet:-1, max-image-preview:large, max-video-preview:-1\" \/>\n<link rel=\"canonical\" href=\"https:\/\/xenonkungen.com\/fi\/tuote\/ledriving-street-law-sovitin-01\/\" \/>\n<meta property=\"og:locale\" content=\"fi_FI\" \/>\n<meta property=\"og:type\" content=\"article\" \/>\n<meta property=\"og:title\" content=\"LEDriving\u00ae Street Legal Adapter 01 - Xenonkungen\" \/>\n<meta property=\"og:description\" content=\"LEDriving Adapter 64210DA01 Optimera din fordonsbelysning med LEDriving Adapter 64210DA01, ett perfekt verktyg f\u00f6r att enkelt uppgradera dina fordonslampor till LED. Denna adapter \u00e4r designad f\u00f6r att s\u00e4kerst\u00e4lla en problemfri installation och \u00e4r kompatibel med ett brett utbud av bilmodeller, vilket g\u00f6r det till ett idealiskt val f\u00f6r b\u00e5de amat\u00f6rer och professionella installat\u00f6rer. Produktinformation Kategori: [&hellip;]\" \/>\n<meta property=\"og:url\" content=\"https:\/\/xenonkungen.com\/fi\/tuote\/ledriving-street-law-sovitin-01\/\" \/>\n<meta property=\"og:site_name\" content=\"Xenonkungen\" \/>\n<meta property=\"article:modified_time\" content=\"2026-04-21T13:48:26+00:00\" \/>\n<meta property=\"og:image\" content=\"https:\/\/xenonkungen.com\/wp-content\/uploads\/2025\/04\/201847993-origpic-2f432e.jpg\" \/>\n\t<meta property=\"og:image:width\" content=\"1024\" \/>\n\t<meta property=\"og:image:height\" content=\"1024\" \/>\n\t<meta property=\"og:image:type\" content=\"image\/jpeg\" \/>\n<meta name=\"twitter:card\" content=\"summary_large_image\" \/>\n<meta name=\"twitter:label1\" content=\"Arvioitu lukuaika\" \/>\n\t<meta name=\"twitter:data1\" content=\"1 minuutti\" \/>\n<script type=\"application\/ld+json\" class=\"yoast-schema-graph\">{\"@context\":\"https:\/\/schema.org\",\"@graph\":[{\"@type\":\"WebPage\",\"@id\":\"https:\/\/xenonkungen.com\/produkt\/ledriving-street-legal-adapter-01\/\",\"url\":\"https:\/\/xenonkungen.com\/produkt\/ledriving-street-legal-adapter-01\/\",\"name\":\"LEDriving\u00ae Street Legal Adapter 01 - Xenonkungen\",\"isPartOf\":{\"@id\":\"https:\/\/xenonkungen.com\/#website\"},\"primaryImageOfPage\":{\"@id\":\"https:\/\/xenonkungen.com\/produkt\/ledriving-street-legal-adapter-01\/#primaryimage\"},\"image\":{\"@id\":\"https:\/\/xenonkungen.com\/produkt\/ledriving-street-legal-adapter-01\/#primaryimage\"},\"thumbnailUrl\":\"https:\/\/xenonkungen.com\/wp-content\/uploads\/2025\/04\/201847993-origpic-2f432e.jpg\",\"datePublished\":\"2025-04-15T09:37:32+00:00\",\"dateModified\":\"2026-04-21T13:48:26+00:00\",\"breadcrumb\":{\"@id\":\"https:\/\/xenonkungen.com\/produkt\/ledriving-street-legal-adapter-01\/#breadcrumb\"},\"inLanguage\":\"fi\",\"potentialAction\":[{\"@type\":\"ReadAction\",\"target\":[\"https:\/\/xenonkungen.com\/produkt\/ledriving-street-legal-adapter-01\/\"]}]},{\"@type\":\"ImageObject\",\"inLanguage\":\"fi\",\"@id\":\"https:\/\/xenonkungen.com\/produkt\/ledriving-street-legal-adapter-01\/#primaryimage\",\"url\":\"https:\/\/xenonkungen.com\/wp-content\/uploads\/2025\/04\/201847993-origpic-2f432e.jpg\",\"contentUrl\":\"https:\/\/xenonkungen.com\/wp-content\/uploads\/2025\/04\/201847993-origpic-2f432e.jpg\",\"width\":1024,\"height\":1024},{\"@type\":\"BreadcrumbList\",\"@id\":\"https:\/\/xenonkungen.com\/produkt\/ledriving-street-legal-adapter-01\/#breadcrumb\",\"itemListElement\":[{\"@type\":\"ListItem\",\"position\":1,\"name\":\"Hem\",\"item\":\"https:\/\/xenonkungen.com\/\"},{\"@type\":\"ListItem\",\"position\":2,\"name\":\"Shop\",\"item\":\"https:\/\/xenonkungen.com\/shop\/\"},{\"@type\":\"ListItem\",\"position\":3,\"name\":\"LEDriving\u00ae Street Legal Adapter 01\"}]},{\"@type\":\"WebSite\",\"@id\":\"https:\/\/xenonkungen.com\/#website\",\"url\":\"https:\/\/xenonkungen.com\/\",\"name\":\"Xenonkungen\",\"description\":\"\",\"potentialAction\":[{\"@type\":\"SearchAction\",\"target\":{\"@type\":\"EntryPoint\",\"urlTemplate\":\"https:\/\/xenonkungen.com\/?s={search_term_string}\"},\"query-input\":{\"@type\":\"PropertyValueSpecification\",\"valueRequired\":true,\"valueName\":\"search_term_string\"}}],\"inLanguage\":\"fi\"}]}<\/script>\n<!-- \/ Yoast SEO plugin. -->","yoast_head_json":{"title":"LEDriving\u00ae Street Legal -sovitin 01 - Xenon-kuningas","robots":{"index":"index","follow":"follow","max-snippet":"max-snippet:-1","max-image-preview":"max-image-preview:large","max-video-preview":"max-video-preview:-1"},"canonical":"https:\/\/xenonkungen.com\/fi\/tuote\/ledriving-street-law-sovitin-01\/","og_locale":"fi_FI","og_type":"article","og_title":"LEDriving\u00ae Street Legal Adapter 01 - Xenonkungen","og_description":"LEDriving Adapter 64210DA01 Optimera din fordonsbelysning med LEDriving Adapter 64210DA01, ett perfekt verktyg f\u00f6r att enkelt uppgradera dina fordonslampor till LED. Denna adapter \u00e4r designad f\u00f6r att s\u00e4kerst\u00e4lla en problemfri installation och \u00e4r kompatibel med ett brett utbud av bilmodeller, vilket g\u00f6r det till ett idealiskt val f\u00f6r b\u00e5de amat\u00f6rer och professionella installat\u00f6rer. Produktinformation Kategori: [&hellip;]","og_url":"https:\/\/xenonkungen.com\/fi\/tuote\/ledriving-street-law-sovitin-01\/","og_site_name":"Xenonkungen","article_modified_time":"2026-04-21T13:48:26+00:00","og_image":[{"width":1024,"height":1024,"url":"https:\/\/xenonkungen.com\/wp-content\/uploads\/2025\/04\/201847993-origpic-2f432e.jpg","type":"image\/jpeg"}],"twitter_card":"summary_large_image","twitter_misc":{"Arvioitu lukuaika":"1 minuutti"},"schema":{"@context":"https:\/\/schema.org","@graph":[{"@type":"WebPage","@id":"https:\/\/xenonkungen.com\/produkt\/ledriving-street-legal-adapter-01\/","url":"https:\/\/xenonkungen.com\/produkt\/ledriving-street-legal-adapter-01\/","name":"LEDriving\u00ae Street Legal -sovitin 01 - Xenon-kuningas","isPartOf":{"@id":"https:\/\/xenonkungen.com\/#website"},"primaryImageOfPage":{"@id":"https:\/\/xenonkungen.com\/produkt\/ledriving-street-legal-adapter-01\/#primaryimage"},"image":{"@id":"https:\/\/xenonkungen.com\/produkt\/ledriving-street-legal-adapter-01\/#primaryimage"},"thumbnailUrl":"https:\/\/xenonkungen.com\/wp-content\/uploads\/2025\/04\/201847993-origpic-2f432e.jpg","datePublished":"2025-04-15T09:37:32+00:00","dateModified":"2026-04-21T13:48:26+00:00","breadcrumb":{"@id":"https:\/\/xenonkungen.com\/produkt\/ledriving-street-legal-adapter-01\/#breadcrumb"},"inLanguage":"fi","potentialAction":[{"@type":"ReadAction","target":["https:\/\/xenonkungen.com\/produkt\/ledriving-street-legal-adapter-01\/"]}]},{"@type":"ImageObject","inLanguage":"fi","@id":"https:\/\/xenonkungen.com\/produkt\/ledriving-street-legal-adapter-01\/#primaryimage","url":"https:\/\/xenonkungen.com\/wp-content\/uploads\/2025\/04\/201847993-origpic-2f432e.jpg","contentUrl":"https:\/\/xenonkungen.com\/wp-content\/uploads\/2025\/04\/201847993-origpic-2f432e.jpg","width":1024,"height":1024},{"@type":"BreadcrumbList","@id":"https:\/\/xenonkungen.com\/produkt\/ledriving-street-legal-adapter-01\/#breadcrumb","itemListElement":[{"@type":"ListItem","position":1,"name":"Hem","item":"https:\/\/xenonkungen.com\/"},{"@type":"ListItem","position":2,"name":"Shop","item":"https:\/\/xenonkungen.com\/shop\/"},{"@type":"ListItem","position":3,"name":"LEDriving\u00ae Street Legal Adapter 01"}]},{"@type":"WebSite","@id":"https:\/\/xenonkungen.com\/#website","url":"https:\/\/xenonkungen.com\/","name":"Xenonkungen","description":"","potentialAction":[{"@type":"SearchAction","target":{"@type":"EntryPoint","urlTemplate":"https:\/\/xenonkungen.com\/?s={search_term_string}"},"query-input":{"@type":"PropertyValueSpecification","valueRequired":true,"valueName":"search_term_string"}}],"inLanguage":"fi"}]}},"taxonomy_info":{"product_brand":[{"value":108,"label":"OSRAM"}],"product_cat":[{"value":2465,"label":"Lamph\u00e5llare"},{"value":733,"label":"Halvljus \/ Helljus"}]},"featured_image_src_large":["https:\/\/xenonkungen.com\/wp-content\/uploads\/2025\/04\/201847993-origpic-2f432e.jpg",1024,1024,false],"author_info":[],"comment_info":0,"_links":{"self":[{"href":"https:\/\/xenonkungen.com\/fi\/wp-json\/wp\/v2\/product\/5933","targetHints":{"allow":["GET"]}}],"collection":[{"href":"https:\/\/xenonkungen.com\/fi\/wp-json\/wp\/v2\/product"}],"about":[{"href":"https:\/\/xenonkungen.com\/fi\/wp-json\/wp\/v2\/types\/product"}],"replies":[{"embeddable":true,"href":"https:\/\/xenonkungen.com\/fi\/wp-json\/wp\/v2\/comments?post=5933"}],"wp:featuredmedia":[{"embeddable":true,"href":"https:\/\/xenonkungen.com\/fi\/wp-json\/wp\/v2\/media\/5934"}],"wp:attachment":[{"href":"https:\/\/xenonkungen.com\/fi\/wp-json\/wp\/v2\/media?parent=5933"}],"wp:term":[{"taxonomy":"anvandningsomrade","embeddable":true,"href":"https:\/\/xenonkungen.com\/fi\/wp-json\/wp\/v2\/anvandningsomrade?post=5933"},{"taxonomy":"bilmarken","embeddable":true,"href":"https:\/\/xenonkungen.com\/fi\/wp-json\/wp\/v2\/bilmarken?post=5933"},{"taxonomy":"product_brand","embeddable":true,"href":"https:\/\/xenonkungen.com\/fi\/wp-json\/wp\/v2\/product_brand?post=5933"},{"taxonomy":"product_cat","embeddable":true,"href":"https:\/\/xenonkungen.com\/fi\/wp-json\/wp\/v2\/product_cat?post=5933"},{"taxonomy":"product_tag","embeddable":true,"href":"https:\/\/xenonkungen.com\/fi\/wp-json\/wp\/v2\/product_tag?post=5933"}],"curies":[{"name":"wp","href":"https:\/\/api.w.org\/{rel}","templated":true}]}}