{"id":5939,"date":"2025-04-15T09:37:32","date_gmt":"2025-04-15T09:37:32","guid":{"rendered":"https:\/\/xenonkungen.com\/product\/ledriving-street-legal-adapter-01-1\/"},"modified":"2026-04-24T17:36:38","modified_gmt":"2026-04-24T16:36:38","slug":"ledriving-street-legal-sovitin-01-1","status":"publish","type":"product","link":"https:\/\/xenonkungen.com\/fi\/tuote\/ledriving-street-legal-sovitin-01-1\/","title":{"rendered":"LEDriving\u00ae Street Legal -sovitin 01-1"},"content":{"rendered":"<h3>LEDriving-sovitin 64210DA01-1<\/h3>\n<p>Optimoi ajoneuvosi valaistus LEDriving-sovittimella 64210DA01-1, joka on suunniteltu helpottamaan LED-valojen j\u00e4lkiasennusta erilaisiin ajoneuvotyyppeihin. T\u00e4m\u00e4 malli on ihanteellinen niille, jotka haluavat p\u00e4ivitt\u00e4\u00e4 ajoneuvonsa tehokkailla ja kest\u00e4vill\u00e4 LED-ratkaisuilla s\u00e4ilytt\u00e4en samalla helpon asennuksen ja yleisen yhteensopivuuden.<\/p>\n<h4>Tuotetiedot<\/h4>\n<ul>\n<li><strong>Kategoria:<\/strong> Lis\u00e4varusteet LED-asennuksia varten<\/li>\n<li><strong>Teknologia:<\/strong> LED-tarvikkeet<\/li>\n<li><strong>Halkaisija:<\/strong> 22,5 mm<\/li>\n<li><strong>Tilausnumero:<\/strong> 64210DA01-1<\/li>\n<\/ul>\n<h4>Ominaisuudet ja edut<\/h4>\n<ul>\n<li><strong>Helppo asennus:<\/strong> Hyvin harkittujen kiinnityskorvakkeiden ansiosta sovitin on helppo asentaa ja se sopii turvallisesti eri automalleihin.<\/li>\n<li><strong>Yleisk\u00e4ytt\u00f6inen:<\/strong> Sovitin on suunniteltu sopimaan useisiin automalleihin, joten se on joustava ratkaisu LED-p\u00e4ivityksiin.<\/li>\n<li><strong>Korkea laatu ja turvallisuus:<\/strong> Tuote t\u00e4ytt\u00e4\u00e4 EU:n REACH-asetuksen mukaiset turvallisuus- ja ymp\u00e4rist\u00f6standardit, mik\u00e4 varmistaa turvallisen k\u00e4yt\u00f6n.<\/li>\n<\/ul>\n<h4>Laatu ja turvallisuus<\/h4>\n<ul>\n<li><strong>Materiaali:<\/strong> Sis\u00e4lt\u00e4\u00e4 lyijy\u00e4 (lyijy, CAS-numero 7439-92-1), mutta se on tunnistettu turvalliseksi EU:n ehdokasluettelossa.<\/li>\n<li><strong>Turvallisuusohjeet:<\/strong> T\u00e4m\u00e4n sovittimen k\u00e4ytt\u00f6 mahdollistaa LED-valaisimien turvallisen asennuksen ja k\u00e4yt\u00f6n autojen ymp\u00e4rist\u00f6iss\u00e4.<\/li>\n<\/ul>\n<p>Lis\u00e4tietoja teknisist\u00e4 tiedoista ja asennusvihjeit\u00e4 l\u00f6yd\u00e4t t\u00e4ydellisest\u00e4 tuotetiedotteesta tai OSRAMin virallisilta verkkosivuilta. T\u00e4m\u00e4 tuote on osa sovitinperhett\u00e4, joka tarjoaa erikokoisia ja r\u00e4\u00e4t\u00e4l\u00f6ityj\u00e4 sovittimia ajoneuvon erityistarpeiden t\u00e4ytt\u00e4miseksi.<\/p>\n<p><strong>Sopii seuraaviin autoihin:<\/strong><\/p>\n<p><strong>BMW<br \/><\/strong>\u2013 1. sija (F20\/F21) 2012\u20132015<br \/>\u2013 1er (F20\/F21) Kasvojenkohotus 2015-2019<br \/>\u2013 3er (F30\/F31\/F80) Facelift 2015-2019<\/p>\n<p><strong>Citroen<\/strong><br \/>\u2013 C3 Picasso 2009-2017<\/p>\n<p><strong>Lancia<\/strong><br \/>\u2013 Muusa 2007\u20132012<br \/>\u2013 Ypsilon 2007\u20132012<\/p>\n<p><strong>MIES<\/strong><br \/>\u2013 TGE 2017-<\/p>\n<p><strong>Mercedes<\/strong><br \/>\u2013 A-sarja (W176) 2012-2018<br \/>\u2013 A-sarja (W177\/V177) 2018-<br \/>\u2013 B-sarja (W247) 2018-<br \/>\u2013 C-sarja (W203 CL) 2001\u20132004<br \/>\u2013 Citan (W420) 2021-<br \/>\u2013 CLA (118) 2019-<br \/>\u2013 CLB (X247) 2019-<br \/>\u2013 Sprinter (W906\/B906) 2006-2013<\/p>\n<p><strong>Vauxhall<\/strong><br \/>\u2013 Astra (H) 2004\u20132010<br \/>\u2013 Astra (PJ) 2009-<br \/>\u2013 Astra Sports Tourer (PJ\/SW) 2009-<br \/>\u2013 Astra Van (PJ\/V) 2009-<br \/>\u2013 Astra Sports Tourer (PJ\/SW\/V) 2009-<br \/>\u2013 Insignia (A) 2008\u20132017<\/p>\n<p><strong>Skoda<\/strong><br \/>\u2013 Citigo, e Citigo Facelift 2017-2021<br \/>\u2013 Kodiaq 2017-<br \/>\u2013 Erinomainen 3 2015-<\/p>\n<p><strong>VW<\/strong><br \/>\u2013 Caddy 4 (SA) 2016-2020<br \/>\u2013 Crafter 2 2017-<br \/>\u2013 Golf 7 (5G) Kasvojenkohotus 2017-<br \/>\u2013 Jetta 6 2010-2018<br \/>- Passat (B5) 2000-2005<br \/>\u2013 Polo (6R) 2009-<br \/>\u2013 Polo (6R\/6C) 2014-<br \/>\u2013 Tiguan 1 (5N) 2007-2011<br \/>\u2013 Touareg 2 (7P5, 7P6) 2010-2014<\/p>","protected":false},"excerpt":{"rendered":"<p>Hanki LEDriving\u00ae-valoadapterisi jo t\u00e4n\u00e4\u00e4n ja tee autostasi tieliikennekelpoinen! T\u00e4m\u00e4 adapteri sopii t\u00e4ydellisesti LED-ajovalojesi mukauttamiseen lakis\u00e4\u00e4teisten vaatimusten mukaisesti. Osta se nyt verkkokaupastamme ja aja turvallisemmin ja laillisesti valojesi kanssa.<\/p>","protected":false},"featured_media":5940,"comment_status":"closed","ping_status":"open","template":"","meta":{"_acf_changed":false,"_smort_price_nok":"105","_smort_price_dkk":"66","_smort_price_eur":"8.91","_smort_sale_price_nok":"","_smort_sale_price_dkk":"","_smort_sale_price_eur":"","smort_restorder":"","shipmondo_restorder":"","_kad_blocks_custom_css":"","_kad_blocks_head_custom_js":"","_kad_blocks_body_custom_js":"","_kad_blocks_footer_custom_js":"","smort_custom_pricelist_1":"62.72","smort_custom_pricelist_2":"62.72","smort_custom_pricelist_3":"59.58","smort_custom_pricelist_4":"78.4","smort_custom_pricelist_5":"62.26"},"anvandningsomrade":[],"bilmarken":[],"product_brand":[108],"product_cat":[2465,733],"product_tag":[],"class_list":{"0":"post-5939","1":"product","2":"type-product","3":"status-publish","4":"has-post-thumbnail","6":"product_brand-osram","7":"product_cat-lamphallare-halvljus-helljus","8":"product_cat-halvljus-helljus","10":"first","11":"instock","12":"taxable","13":"shipping-taxable","14":"purchasable","15":"product-type-simple"},"bundled_by":[],"bundle_stock_status":"instock","bundle_stock_quantity":4,"bundle_virtual":false,"bundle_layout":"","bundle_add_to_cart_form_location":"","bundle_editable_in_cart":false,"bundle_sold_individually_context":"","bundle_item_grouping":"","bundle_min_size":"","bundle_max_size":"","bundle_price":[],"bundled_items":[],"bundle_sell_ids":[],"acf":[],"yoast_head":"<!-- This site is optimized with the Yoast SEO plugin v27.0 - https:\/\/yoast.com\/product\/yoast-seo-wordpress\/ -->\n<title>LEDriving\u00ae Street Legal Adapter 01-1 - Xenonkungen<\/title>\n<meta name=\"robots\" content=\"index, follow, max-snippet:-1, max-image-preview:large, max-video-preview:-1\" \/>\n<link rel=\"canonical\" href=\"https:\/\/xenonkungen.com\/fi\/tuote\/ledriving-street-legal-sovitin-01-1\/\" \/>\n<meta property=\"og:locale\" content=\"fi_FI\" \/>\n<meta property=\"og:type\" content=\"article\" \/>\n<meta property=\"og:title\" content=\"LEDriving\u00ae Street Legal Adapter 01-1 - Xenonkungen\" \/>\n<meta property=\"og:description\" content=\"F\u00e5 din LEDriving\u00ae-ljusadapter idag f\u00f6r att g\u00f6ra din bil laglig p\u00e5 gatorna! Denna adapter \u00e4r perfekt f\u00f6r att anpassa dina LED-str\u00e5lkastare till lagliga specifikationer. K\u00f6p den nu i v\u00e5r webbutik och k\u00f6r s\u00e4krare och lagligt med din belysning.\" \/>\n<meta property=\"og:url\" content=\"https:\/\/xenonkungen.com\/fi\/tuote\/ledriving-street-legal-sovitin-01-1\/\" \/>\n<meta property=\"og:site_name\" content=\"Xenonkungen\" \/>\n<meta property=\"article:modified_time\" content=\"2026-04-24T16:36:38+00:00\" \/>\n<meta property=\"og:image\" content=\"https:\/\/xenonkungen.com\/wp-content\/uploads\/2025\/04\/201847995-origpic-ffaa1c.jpg\" \/>\n\t<meta property=\"og:image:width\" content=\"1024\" \/>\n\t<meta property=\"og:image:height\" content=\"1024\" \/>\n\t<meta property=\"og:image:type\" content=\"image\/jpeg\" \/>\n<meta name=\"twitter:card\" content=\"summary_large_image\" \/>\n<meta name=\"twitter:label1\" content=\"Arvioitu lukuaika\" \/>\n\t<meta name=\"twitter:data1\" content=\"2 minuuttia\" \/>\n<script type=\"application\/ld+json\" class=\"yoast-schema-graph\">{\"@context\":\"https:\/\/schema.org\",\"@graph\":[{\"@type\":\"WebPage\",\"@id\":\"https:\/\/xenonkungen.com\/produkt\/ledriving-street-legal-adapter-01-1\/\",\"url\":\"https:\/\/xenonkungen.com\/produkt\/ledriving-street-legal-adapter-01-1\/\",\"name\":\"LEDriving\u00ae Street Legal Adapter 01-1 - Xenonkungen\",\"isPartOf\":{\"@id\":\"https:\/\/xenonkungen.com\/#website\"},\"primaryImageOfPage\":{\"@id\":\"https:\/\/xenonkungen.com\/produkt\/ledriving-street-legal-adapter-01-1\/#primaryimage\"},\"image\":{\"@id\":\"https:\/\/xenonkungen.com\/produkt\/ledriving-street-legal-adapter-01-1\/#primaryimage\"},\"thumbnailUrl\":\"https:\/\/xenonkungen.com\/wp-content\/uploads\/2025\/04\/201847995-origpic-ffaa1c.jpg\",\"datePublished\":\"2025-04-15T09:37:32+00:00\",\"dateModified\":\"2026-04-24T16:36:38+00:00\",\"breadcrumb\":{\"@id\":\"https:\/\/xenonkungen.com\/produkt\/ledriving-street-legal-adapter-01-1\/#breadcrumb\"},\"inLanguage\":\"fi\",\"potentialAction\":[{\"@type\":\"ReadAction\",\"target\":[\"https:\/\/xenonkungen.com\/produkt\/ledriving-street-legal-adapter-01-1\/\"]}]},{\"@type\":\"ImageObject\",\"inLanguage\":\"fi\",\"@id\":\"https:\/\/xenonkungen.com\/produkt\/ledriving-street-legal-adapter-01-1\/#primaryimage\",\"url\":\"https:\/\/xenonkungen.com\/wp-content\/uploads\/2025\/04\/201847995-origpic-ffaa1c.jpg\",\"contentUrl\":\"https:\/\/xenonkungen.com\/wp-content\/uploads\/2025\/04\/201847995-origpic-ffaa1c.jpg\",\"width\":1024,\"height\":1024},{\"@type\":\"BreadcrumbList\",\"@id\":\"https:\/\/xenonkungen.com\/produkt\/ledriving-street-legal-adapter-01-1\/#breadcrumb\",\"itemListElement\":[{\"@type\":\"ListItem\",\"position\":1,\"name\":\"Hem\",\"item\":\"https:\/\/xenonkungen.com\/\"},{\"@type\":\"ListItem\",\"position\":2,\"name\":\"Shop\",\"item\":\"https:\/\/xenonkungen.com\/shop\/\"},{\"@type\":\"ListItem\",\"position\":3,\"name\":\"LEDriving\u00ae Street Legal Adapter 01-1\"}]},{\"@type\":\"WebSite\",\"@id\":\"https:\/\/xenonkungen.com\/#website\",\"url\":\"https:\/\/xenonkungen.com\/\",\"name\":\"Xenonkungen\",\"description\":\"\",\"potentialAction\":[{\"@type\":\"SearchAction\",\"target\":{\"@type\":\"EntryPoint\",\"urlTemplate\":\"https:\/\/xenonkungen.com\/?s={search_term_string}\"},\"query-input\":{\"@type\":\"PropertyValueSpecification\",\"valueRequired\":true,\"valueName\":\"search_term_string\"}}],\"inLanguage\":\"fi\"}]}<\/script>\n<!-- \/ Yoast SEO plugin. -->","yoast_head_json":{"title":"LEDriving\u00ae Street Legal -sovitin 01-1 - Xenon King","robots":{"index":"index","follow":"follow","max-snippet":"max-snippet:-1","max-image-preview":"max-image-preview:large","max-video-preview":"max-video-preview:-1"},"canonical":"https:\/\/xenonkungen.com\/fi\/tuote\/ledriving-street-legal-sovitin-01-1\/","og_locale":"fi_FI","og_type":"article","og_title":"LEDriving\u00ae Street Legal Adapter 01-1 - Xenonkungen","og_description":"F\u00e5 din LEDriving\u00ae-ljusadapter idag f\u00f6r att g\u00f6ra din bil laglig p\u00e5 gatorna! Denna adapter \u00e4r perfekt f\u00f6r att anpassa dina LED-str\u00e5lkastare till lagliga specifikationer. K\u00f6p den nu i v\u00e5r webbutik och k\u00f6r s\u00e4krare och lagligt med din belysning.","og_url":"https:\/\/xenonkungen.com\/fi\/tuote\/ledriving-street-legal-sovitin-01-1\/","og_site_name":"Xenonkungen","article_modified_time":"2026-04-24T16:36:38+00:00","og_image":[{"width":1024,"height":1024,"url":"https:\/\/xenonkungen.com\/wp-content\/uploads\/2025\/04\/201847995-origpic-ffaa1c.jpg","type":"image\/jpeg"}],"twitter_card":"summary_large_image","twitter_misc":{"Arvioitu lukuaika":"2 minuuttia"},"schema":{"@context":"https:\/\/schema.org","@graph":[{"@type":"WebPage","@id":"https:\/\/xenonkungen.com\/produkt\/ledriving-street-legal-adapter-01-1\/","url":"https:\/\/xenonkungen.com\/produkt\/ledriving-street-legal-adapter-01-1\/","name":"LEDriving\u00ae Street Legal -sovitin 01-1 - Xenon King","isPartOf":{"@id":"https:\/\/xenonkungen.com\/#website"},"primaryImageOfPage":{"@id":"https:\/\/xenonkungen.com\/produkt\/ledriving-street-legal-adapter-01-1\/#primaryimage"},"image":{"@id":"https:\/\/xenonkungen.com\/produkt\/ledriving-street-legal-adapter-01-1\/#primaryimage"},"thumbnailUrl":"https:\/\/xenonkungen.com\/wp-content\/uploads\/2025\/04\/201847995-origpic-ffaa1c.jpg","datePublished":"2025-04-15T09:37:32+00:00","dateModified":"2026-04-24T16:36:38+00:00","breadcrumb":{"@id":"https:\/\/xenonkungen.com\/produkt\/ledriving-street-legal-adapter-01-1\/#breadcrumb"},"inLanguage":"fi","potentialAction":[{"@type":"ReadAction","target":["https:\/\/xenonkungen.com\/produkt\/ledriving-street-legal-adapter-01-1\/"]}]},{"@type":"ImageObject","inLanguage":"fi","@id":"https:\/\/xenonkungen.com\/produkt\/ledriving-street-legal-adapter-01-1\/#primaryimage","url":"https:\/\/xenonkungen.com\/wp-content\/uploads\/2025\/04\/201847995-origpic-ffaa1c.jpg","contentUrl":"https:\/\/xenonkungen.com\/wp-content\/uploads\/2025\/04\/201847995-origpic-ffaa1c.jpg","width":1024,"height":1024},{"@type":"BreadcrumbList","@id":"https:\/\/xenonkungen.com\/produkt\/ledriving-street-legal-adapter-01-1\/#breadcrumb","itemListElement":[{"@type":"ListItem","position":1,"name":"Hem","item":"https:\/\/xenonkungen.com\/"},{"@type":"ListItem","position":2,"name":"Shop","item":"https:\/\/xenonkungen.com\/shop\/"},{"@type":"ListItem","position":3,"name":"LEDriving\u00ae Street Legal Adapter 01-1"}]},{"@type":"WebSite","@id":"https:\/\/xenonkungen.com\/#website","url":"https:\/\/xenonkungen.com\/","name":"Xenonkungen","description":"","potentialAction":[{"@type":"SearchAction","target":{"@type":"EntryPoint","urlTemplate":"https:\/\/xenonkungen.com\/?s={search_term_string}"},"query-input":{"@type":"PropertyValueSpecification","valueRequired":true,"valueName":"search_term_string"}}],"inLanguage":"fi"}]}},"taxonomy_info":{"product_brand":[{"value":108,"label":"OSRAM"}],"product_cat":[{"value":2465,"label":"Lamph\u00e5llare"},{"value":733,"label":"Halvljus \/ Helljus"}]},"featured_image_src_large":["https:\/\/xenonkungen.com\/wp-content\/uploads\/2025\/04\/201847995-origpic-ffaa1c.jpg",1024,1024,false],"author_info":[],"comment_info":0,"_links":{"self":[{"href":"https:\/\/xenonkungen.com\/fi\/wp-json\/wp\/v2\/product\/5939","targetHints":{"allow":["GET"]}}],"collection":[{"href":"https:\/\/xenonkungen.com\/fi\/wp-json\/wp\/v2\/product"}],"about":[{"href":"https:\/\/xenonkungen.com\/fi\/wp-json\/wp\/v2\/types\/product"}],"replies":[{"embeddable":true,"href":"https:\/\/xenonkungen.com\/fi\/wp-json\/wp\/v2\/comments?post=5939"}],"wp:featuredmedia":[{"embeddable":true,"href":"https:\/\/xenonkungen.com\/fi\/wp-json\/wp\/v2\/media\/5940"}],"wp:attachment":[{"href":"https:\/\/xenonkungen.com\/fi\/wp-json\/wp\/v2\/media?parent=5939"}],"wp:term":[{"taxonomy":"anvandningsomrade","embeddable":true,"href":"https:\/\/xenonkungen.com\/fi\/wp-json\/wp\/v2\/anvandningsomrade?post=5939"},{"taxonomy":"bilmarken","embeddable":true,"href":"https:\/\/xenonkungen.com\/fi\/wp-json\/wp\/v2\/bilmarken?post=5939"},{"taxonomy":"product_brand","embeddable":true,"href":"https:\/\/xenonkungen.com\/fi\/wp-json\/wp\/v2\/product_brand?post=5939"},{"taxonomy":"product_cat","embeddable":true,"href":"https:\/\/xenonkungen.com\/fi\/wp-json\/wp\/v2\/product_cat?post=5939"},{"taxonomy":"product_tag","embeddable":true,"href":"https:\/\/xenonkungen.com\/fi\/wp-json\/wp\/v2\/product_tag?post=5939"}],"curies":[{"name":"wp","href":"https:\/\/api.w.org\/{rel}","templated":true}]}}