{"id":5956,"date":"2025-04-15T09:37:46","date_gmt":"2025-04-15T09:37:46","guid":{"rendered":"https:\/\/xenonkungen.com\/product\/ledriving-street-legal-adapter-03-1\/"},"modified":"2026-03-04T16:44:18","modified_gmt":"2026-03-04T15:44:18","slug":"ledriving-katulaillinen-adapteri-03-1","status":"publish","type":"product","link":"https:\/\/xenonkungen.com\/fi\/tuote\/ledriving-katulaillinen-adapteri-03-1\/","title":{"rendered":"LEDriving\u00ae Street Legal -sovitin 03-1"},"content":{"rendered":"<h3>LEDriving-sovitin 64210DA03-1<\/h3>\n<p>P\u00e4ivit\u00e4 helposti LED-valoihin LEDriving-sovittimella 64210DA03-1 \u2013 lis\u00e4varusteella, joka on suunniteltu ajoneuvojen LED-valojen j\u00e4lkiasennukseen. T\u00e4m\u00e4 sovitin sopii t\u00e4ydellisesti autoilijoille, jotka haluavat p\u00e4ivitt\u00e4\u00e4 ajoneuvonsa LED-tekniikalla vaivattomasti. Sovittimen kiinnitystelineet on suunniteltu varmistamaan helppo asennus ja yhteensopivuus monenlaisten automallien kanssa.<\/p>\n<h4>Tuotetiedot<\/h4>\n<ul>\n<li><strong>Kategoria:<\/strong> Lis\u00e4varusteet LED-asennuksia varten<\/li>\n<li><strong>Teknologia:<\/strong> LED-tarvikkeet<\/li>\n<\/ul>\n<h4>Tekniset tiedot<\/h4>\n<ul>\n<li><strong>Halkaisija:<\/strong> 33,9 mm<\/li>\n<li><strong>Pituus:<\/strong> 43,1 mm<\/li>\n<li><strong>Paino:<\/strong> 2,84 g<\/li>\n<\/ul>\n<h4>Pitk\u00e4ik\u00e4inen ja luotettava<\/h4>\n<p>Kolmen vuoden takuun ansiosta LEDriving-sovitin tarjoaa paitsi laatua my\u00f6s pitk\u00e4kestoista luotettavuutta ja suorituskyky\u00e4.<\/p>\n<h4>K\u00e4ytt\u00e4j\u00e4yst\u00e4v\u00e4llinen ja joustava<\/h4>\n<p>T\u00e4m\u00e4 tuote on yhteensopiva OSRAM NIGHT BREAKER LED -lamppujen kanssa ja sit\u00e4 voidaan k\u00e4ytt\u00e4\u00e4 vain virallisten OSRAM-lis\u00e4varusteiden kanssa optimaalisen suorituskyvyn ja turvallisuuden varmistamiseksi.<\/p>\n<p><strong>Sopii seuraaviin autoihin:<\/strong><\/p>\n<p><strong>Mercedes<br \/><\/strong>\u2013 B-sarja (W242, W246) 2011\u20132018<br \/>\u2013 C-sarja (W204\/S204) Facelift 2011-2014<br \/>\u2013 C-sarja (W205\/S205) 2014-2018<br \/>\u2013 GLA 245 G (C117, X117) 2019-<br \/>\u2013 GLA (X156) 2013-2020<\/p>\n<p><strong>Vauxhall<br \/><\/strong>\u2013 Zafira C\/ Tourer 2016-2019<\/p>\n<p><strong>VW<br \/><\/strong>\u2013 Tiguan 2 (5N\/AD1) 2016-2020<br \/>\u2013 Tour 1 T2 (GP) 2006\u20132010<\/p>","protected":false},"excerpt":{"rendered":"<p>P\u00e4ivit\u00e4 helposti LED-valoihin LEDriving-sovittimella 64210DA03-1 \u2013 lis\u00e4varusteella, joka on suunniteltu ajoneuvojen LED-valojen j\u00e4lkiasennukseen. T\u00e4m\u00e4 sovitin sopii t\u00e4ydellisesti autoilijoille, jotka haluavat p\u00e4ivitt\u00e4\u00e4 ajoneuvonsa LED-tekniikalla vaivattomasti. Sovittimen kiinnitystelineet on suunniteltu varmistamaan helppo asennus ja yhteensopivuus monenlaisten automallien kanssa.<\/p>","protected":false},"featured_media":5957,"comment_status":"closed","ping_status":"open","template":"","meta":{"_acf_changed":false,"_smort_price_nok":"105","_smort_price_dkk":"66","_smort_price_eur":"8.91","_smort_sale_price_nok":"","_smort_sale_price_dkk":"","_smort_sale_price_eur":"","smort_restorder":"","shipmondo_restorder":"","_kad_blocks_custom_css":"","_kad_blocks_head_custom_js":"","_kad_blocks_body_custom_js":"","_kad_blocks_footer_custom_js":"","smort_custom_pricelist_1":"62.72","smort_custom_pricelist_2":"62.72","smort_custom_pricelist_3":"59.58","smort_custom_pricelist_4":"78.4","smort_custom_pricelist_5":"62.26"},"anvandningsomrade":[],"bilmarken":[],"product_brand":[108],"product_cat":[2465,733],"product_tag":[],"class_list":{"0":"post-5956","1":"product","2":"type-product","3":"status-publish","4":"has-post-thumbnail","6":"product_brand-osram","7":"product_cat-lamphallare-halvljus-helljus","8":"product_cat-halvljus-helljus","10":"first","11":"instock","12":"taxable","13":"shipping-taxable","14":"purchasable","15":"product-type-simple"},"bundled_by":[],"bundle_stock_status":"instock","bundle_stock_quantity":7,"bundle_virtual":false,"bundle_layout":"","bundle_add_to_cart_form_location":"","bundle_editable_in_cart":false,"bundle_sold_individually_context":"","bundle_item_grouping":"","bundle_min_size":"","bundle_max_size":"","bundle_price":[],"bundled_items":[],"bundle_sell_ids":[],"acf":[],"yoast_head":"<!-- This site is optimized with the Yoast SEO plugin v27.0 - https:\/\/yoast.com\/product\/yoast-seo-wordpress\/ -->\n<title>LEDriving\u00ae Street Legal Adapter 03-1 - Xenonkungen<\/title>\n<meta name=\"robots\" content=\"index, follow, max-snippet:-1, max-image-preview:large, max-video-preview:-1\" \/>\n<link rel=\"canonical\" href=\"https:\/\/xenonkungen.com\/fi\/tuote\/ledriving-katulaillinen-adapteri-03-1\/\" \/>\n<meta property=\"og:locale\" content=\"fi_FI\" \/>\n<meta property=\"og:type\" content=\"article\" \/>\n<meta property=\"og:title\" content=\"LEDriving\u00ae Street Legal Adapter 03-1 - Xenonkungen\" \/>\n<meta property=\"og:description\" content=\"Uppgradera enkelt till LED med LEDriving Adapter 64210DA03-1 \u2013 ett tillbeh\u00f6r designat f\u00f6r eftermontering av LED-lampor i fordon. Denna adapter \u00e4r perfekt f\u00f6r bil\u00e4gare som vill uppgradera sina fordon med LED-teknik utan besv\u00e4r. Adapterns monteringsf\u00e4sten \u00e4r utformade f\u00f6r att s\u00e4kerst\u00e4lla enkel installation och kompatibilitet med m\u00e5nga olika bilmodeller.\" \/>\n<meta property=\"og:url\" content=\"https:\/\/xenonkungen.com\/fi\/tuote\/ledriving-katulaillinen-adapteri-03-1\/\" \/>\n<meta property=\"og:site_name\" content=\"Xenonkungen\" \/>\n<meta property=\"article:modified_time\" content=\"2026-03-04T15:44:18+00:00\" \/>\n<meta property=\"og:image\" content=\"https:\/\/xenonkungen.com\/wp-content\/uploads\/2025\/04\/201848001-origpic-f9ec4c.jpg\" \/>\n\t<meta property=\"og:image:width\" content=\"1024\" \/>\n\t<meta property=\"og:image:height\" content=\"1024\" \/>\n\t<meta property=\"og:image:type\" content=\"image\/jpeg\" \/>\n<meta name=\"twitter:card\" content=\"summary_large_image\" \/>\n<meta name=\"twitter:label1\" content=\"Arvioitu lukuaika\" \/>\n\t<meta name=\"twitter:data1\" content=\"1 minuutti\" \/>\n<script type=\"application\/ld+json\" class=\"yoast-schema-graph\">{\"@context\":\"https:\/\/schema.org\",\"@graph\":[{\"@type\":\"WebPage\",\"@id\":\"https:\/\/xenonkungen.com\/produkt\/ledriving-street-legal-adapter-03-1\/\",\"url\":\"https:\/\/xenonkungen.com\/produkt\/ledriving-street-legal-adapter-03-1\/\",\"name\":\"LEDriving\u00ae Street Legal Adapter 03-1 - Xenonkungen\",\"isPartOf\":{\"@id\":\"https:\/\/xenonkungen.com\/#website\"},\"primaryImageOfPage\":{\"@id\":\"https:\/\/xenonkungen.com\/produkt\/ledriving-street-legal-adapter-03-1\/#primaryimage\"},\"image\":{\"@id\":\"https:\/\/xenonkungen.com\/produkt\/ledriving-street-legal-adapter-03-1\/#primaryimage\"},\"thumbnailUrl\":\"https:\/\/xenonkungen.com\/wp-content\/uploads\/2025\/04\/201848001-origpic-f9ec4c.jpg\",\"datePublished\":\"2025-04-15T09:37:46+00:00\",\"dateModified\":\"2026-03-04T15:44:18+00:00\",\"breadcrumb\":{\"@id\":\"https:\/\/xenonkungen.com\/produkt\/ledriving-street-legal-adapter-03-1\/#breadcrumb\"},\"inLanguage\":\"fi\",\"potentialAction\":[{\"@type\":\"ReadAction\",\"target\":[\"https:\/\/xenonkungen.com\/produkt\/ledriving-street-legal-adapter-03-1\/\"]}]},{\"@type\":\"ImageObject\",\"inLanguage\":\"fi\",\"@id\":\"https:\/\/xenonkungen.com\/produkt\/ledriving-street-legal-adapter-03-1\/#primaryimage\",\"url\":\"https:\/\/xenonkungen.com\/wp-content\/uploads\/2025\/04\/201848001-origpic-f9ec4c.jpg\",\"contentUrl\":\"https:\/\/xenonkungen.com\/wp-content\/uploads\/2025\/04\/201848001-origpic-f9ec4c.jpg\",\"width\":1024,\"height\":1024},{\"@type\":\"BreadcrumbList\",\"@id\":\"https:\/\/xenonkungen.com\/produkt\/ledriving-street-legal-adapter-03-1\/#breadcrumb\",\"itemListElement\":[{\"@type\":\"ListItem\",\"position\":1,\"name\":\"Hem\",\"item\":\"https:\/\/xenonkungen.com\/\"},{\"@type\":\"ListItem\",\"position\":2,\"name\":\"Shop\",\"item\":\"https:\/\/xenonkungen.com\/shop\/\"},{\"@type\":\"ListItem\",\"position\":3,\"name\":\"LEDriving\u00ae Street Legal Adapter 03-1\"}]},{\"@type\":\"WebSite\",\"@id\":\"https:\/\/xenonkungen.com\/#website\",\"url\":\"https:\/\/xenonkungen.com\/\",\"name\":\"Xenonkungen\",\"description\":\"\",\"potentialAction\":[{\"@type\":\"SearchAction\",\"target\":{\"@type\":\"EntryPoint\",\"urlTemplate\":\"https:\/\/xenonkungen.com\/?s={search_term_string}\"},\"query-input\":{\"@type\":\"PropertyValueSpecification\",\"valueRequired\":true,\"valueName\":\"search_term_string\"}}],\"inLanguage\":\"fi\"}]}<\/script>\n<!-- \/ Yoast SEO plugin. -->","yoast_head_json":{"title":"LEDriving\u00ae Street Legal -sovitin 03-1 - Xenon King","robots":{"index":"index","follow":"follow","max-snippet":"max-snippet:-1","max-image-preview":"max-image-preview:large","max-video-preview":"max-video-preview:-1"},"canonical":"https:\/\/xenonkungen.com\/fi\/tuote\/ledriving-katulaillinen-adapteri-03-1\/","og_locale":"fi_FI","og_type":"article","og_title":"LEDriving\u00ae Street Legal Adapter 03-1 - Xenonkungen","og_description":"Uppgradera enkelt till LED med LEDriving Adapter 64210DA03-1 \u2013 ett tillbeh\u00f6r designat f\u00f6r eftermontering av LED-lampor i fordon. Denna adapter \u00e4r perfekt f\u00f6r bil\u00e4gare som vill uppgradera sina fordon med LED-teknik utan besv\u00e4r. Adapterns monteringsf\u00e4sten \u00e4r utformade f\u00f6r att s\u00e4kerst\u00e4lla enkel installation och kompatibilitet med m\u00e5nga olika bilmodeller.","og_url":"https:\/\/xenonkungen.com\/fi\/tuote\/ledriving-katulaillinen-adapteri-03-1\/","og_site_name":"Xenonkungen","article_modified_time":"2026-03-04T15:44:18+00:00","og_image":[{"width":1024,"height":1024,"url":"https:\/\/xenonkungen.com\/wp-content\/uploads\/2025\/04\/201848001-origpic-f9ec4c.jpg","type":"image\/jpeg"}],"twitter_card":"summary_large_image","twitter_misc":{"Arvioitu lukuaika":"1 minuutti"},"schema":{"@context":"https:\/\/schema.org","@graph":[{"@type":"WebPage","@id":"https:\/\/xenonkungen.com\/produkt\/ledriving-street-legal-adapter-03-1\/","url":"https:\/\/xenonkungen.com\/produkt\/ledriving-street-legal-adapter-03-1\/","name":"LEDriving\u00ae Street Legal -sovitin 03-1 - Xenon King","isPartOf":{"@id":"https:\/\/xenonkungen.com\/#website"},"primaryImageOfPage":{"@id":"https:\/\/xenonkungen.com\/produkt\/ledriving-street-legal-adapter-03-1\/#primaryimage"},"image":{"@id":"https:\/\/xenonkungen.com\/produkt\/ledriving-street-legal-adapter-03-1\/#primaryimage"},"thumbnailUrl":"https:\/\/xenonkungen.com\/wp-content\/uploads\/2025\/04\/201848001-origpic-f9ec4c.jpg","datePublished":"2025-04-15T09:37:46+00:00","dateModified":"2026-03-04T15:44:18+00:00","breadcrumb":{"@id":"https:\/\/xenonkungen.com\/produkt\/ledriving-street-legal-adapter-03-1\/#breadcrumb"},"inLanguage":"fi","potentialAction":[{"@type":"ReadAction","target":["https:\/\/xenonkungen.com\/produkt\/ledriving-street-legal-adapter-03-1\/"]}]},{"@type":"ImageObject","inLanguage":"fi","@id":"https:\/\/xenonkungen.com\/produkt\/ledriving-street-legal-adapter-03-1\/#primaryimage","url":"https:\/\/xenonkungen.com\/wp-content\/uploads\/2025\/04\/201848001-origpic-f9ec4c.jpg","contentUrl":"https:\/\/xenonkungen.com\/wp-content\/uploads\/2025\/04\/201848001-origpic-f9ec4c.jpg","width":1024,"height":1024},{"@type":"BreadcrumbList","@id":"https:\/\/xenonkungen.com\/produkt\/ledriving-street-legal-adapter-03-1\/#breadcrumb","itemListElement":[{"@type":"ListItem","position":1,"name":"Hem","item":"https:\/\/xenonkungen.com\/"},{"@type":"ListItem","position":2,"name":"Shop","item":"https:\/\/xenonkungen.com\/shop\/"},{"@type":"ListItem","position":3,"name":"LEDriving\u00ae Street Legal Adapter 03-1"}]},{"@type":"WebSite","@id":"https:\/\/xenonkungen.com\/#website","url":"https:\/\/xenonkungen.com\/","name":"Xenonkungen","description":"","potentialAction":[{"@type":"SearchAction","target":{"@type":"EntryPoint","urlTemplate":"https:\/\/xenonkungen.com\/?s={search_term_string}"},"query-input":{"@type":"PropertyValueSpecification","valueRequired":true,"valueName":"search_term_string"}}],"inLanguage":"fi"}]}},"taxonomy_info":{"product_brand":[{"value":108,"label":"OSRAM"}],"product_cat":[{"value":2465,"label":"Lamph\u00e5llare"},{"value":733,"label":"Halvljus \/ Helljus"}]},"featured_image_src_large":["https:\/\/xenonkungen.com\/wp-content\/uploads\/2025\/04\/201848001-origpic-f9ec4c.jpg",1024,1024,false],"author_info":[],"comment_info":0,"_links":{"self":[{"href":"https:\/\/xenonkungen.com\/fi\/wp-json\/wp\/v2\/product\/5956","targetHints":{"allow":["GET"]}}],"collection":[{"href":"https:\/\/xenonkungen.com\/fi\/wp-json\/wp\/v2\/product"}],"about":[{"href":"https:\/\/xenonkungen.com\/fi\/wp-json\/wp\/v2\/types\/product"}],"replies":[{"embeddable":true,"href":"https:\/\/xenonkungen.com\/fi\/wp-json\/wp\/v2\/comments?post=5956"}],"wp:featuredmedia":[{"embeddable":true,"href":"https:\/\/xenonkungen.com\/fi\/wp-json\/wp\/v2\/media\/5957"}],"wp:attachment":[{"href":"https:\/\/xenonkungen.com\/fi\/wp-json\/wp\/v2\/media?parent=5956"}],"wp:term":[{"taxonomy":"anvandningsomrade","embeddable":true,"href":"https:\/\/xenonkungen.com\/fi\/wp-json\/wp\/v2\/anvandningsomrade?post=5956"},{"taxonomy":"bilmarken","embeddable":true,"href":"https:\/\/xenonkungen.com\/fi\/wp-json\/wp\/v2\/bilmarken?post=5956"},{"taxonomy":"product_brand","embeddable":true,"href":"https:\/\/xenonkungen.com\/fi\/wp-json\/wp\/v2\/product_brand?post=5956"},{"taxonomy":"product_cat","embeddable":true,"href":"https:\/\/xenonkungen.com\/fi\/wp-json\/wp\/v2\/product_cat?post=5956"},{"taxonomy":"product_tag","embeddable":true,"href":"https:\/\/xenonkungen.com\/fi\/wp-json\/wp\/v2\/product_tag?post=5956"}],"curies":[{"name":"wp","href":"https:\/\/api.w.org\/{rel}","templated":true}]}}