{"id":5975,"date":"2025-04-15T09:37:46","date_gmt":"2025-04-15T09:37:46","guid":{"rendered":"https:\/\/xenonkungen.com\/product\/ledriving-street-legal-adapter-a06\/"},"modified":"2026-03-17T11:51:51","modified_gmt":"2026-03-17T10:51:51","slug":"ledriving-streetin-laillinen-adapteri-a06","status":"publish","type":"product","link":"https:\/\/xenonkungen.com\/fi\/tuote\/ledriving-streetin-laillinen-adapteri-a06\/","title":{"rendered":"LEDriving\u00ae Street Legal -sovitin A06"},"content":{"rendered":"<h3>LEDriving Street Legal -sovitin A06<\/h3>\n<p>Tutustu sujuvaan siirtymiseen LED-valoihin LEDriving Street Legal Adapter A06:n avulla. T\u00e4m\u00e4 sovitin on luotu tekem\u00e4\u00e4n LED-p\u00e4ivityksist\u00e4 helppoja ja yhteensopivia monenlaisten automallien kanssa, mik\u00e4 takaa t\u00e4ydellisen istuvuuden ja LED-valojen kest\u00e4v\u00e4n kiinnityksen.<\/p>\n<h4>Tuotetiedot<\/h4>\n<ul>\n<li><strong>Tuotekategoria:<\/strong> Lis\u00e4varusteet LED-asennuksia varten<\/li>\n<li><strong>Teknologia:<\/strong> LED-tarvikkeet<\/li>\n<\/ul>\n<h4>Mitat ja tekniset tiedot<\/h4>\n<ul>\n<li><strong>Halkaisija:<\/strong> Sovittimen koko on r\u00e4\u00e4t\u00e4l\u00f6ity tiettyihin automalleihin sopivaksi, mik\u00e4 takaa ihanteellisen istuvuuden.<\/li>\n<li><strong>Ymp\u00e4rist\u00f6tiedot:<\/strong> Tuote on EU:n REACH-asetuksen mukainen, mik\u00e4 tarkoittaa, ett\u00e4 tunnistettua lyijy\u00e4 (CAS-numero 7439-92-1) k\u00e4ytet\u00e4\u00e4n turvallisesti annettujen ohjeiden mukaisesti.<\/li>\n<\/ul>\n<h4>Yhteensopivuus ja k\u00e4ytt\u00f6<\/h4>\n<ul>\n<li><strong>Helppo asennus:<\/strong> Kiinnityskannattimet takaavat helpon asennuksen ja turvallisen kiinnityksen.<\/li>\n<li><strong>Yhteensopivuuden tarkistaminen:<\/strong> Voit tarkistaa yhteensopivuuden autosi mallin kanssa OSRAMin verkkosivuilta varmistaaksesi, ett\u00e4 LEDriving Adapter A06 sopii tarpeisiisi.<\/li>\n<\/ul>\n<h4>Laadunvarmistus<\/h4>\n<ul>\n<li>Tuote toimitetaan SCIP-tietokannasta per\u00e4isin olevalla ilmoituksella, ja se t\u00e4ytt\u00e4\u00e4 OSRAMin m\u00e4\u00e4rittelem\u00e4t laatustandardit ja -ohjeet.<\/li>\n<\/ul>\n<p>Yksityiskohtaiset ohjeet ja lis\u00e4tietoja, mukaan lukien oikeudelliset ja soveltamisohjeet, l\u00f6yd\u00e4t OSRAMin viralliselta verkkosivustolta tai lataamalla seuraavat tiedot<\/p>","protected":false},"excerpt":{"rendered":"<p>Nyt voit helposti tehd\u00e4 autostasi tyylikk\u00e4\u00e4mm\u00e4n ja turvallisemman LEDriving\u00ae Street Legal Adapter A06:n avulla! T\u00e4m\u00e4n sovittimen avulla voit p\u00e4ivitt\u00e4\u00e4 tavalliset halogeenivalot nykyaikaisiin LED-valoihin ja pysy\u00e4 samalla lain puitteissa. P\u00e4ivit\u00e4 autosi jo t\u00e4n\u00e4\u00e4n ja saat paremman n\u00e4kyvyyden ja tyylin tien p\u00e4\u00e4lle. K\u00e4y verkkokaupassamme ostamassa LEDriving\u00ae Street Legal Adapter A06 jo t\u00e4n\u00e4\u00e4n!<\/p>","protected":false},"featured_media":5976,"comment_status":"closed","ping_status":"open","template":"","meta":{"_acf_changed":false,"_smort_price_nok":"105","_smort_price_dkk":"66","_smort_price_eur":"8.91","_smort_sale_price_nok":"","_smort_sale_price_dkk":"","_smort_sale_price_eur":"","smort_restorder":"","shipmondo_restorder":"","_kad_blocks_custom_css":"","_kad_blocks_head_custom_js":"","_kad_blocks_body_custom_js":"","_kad_blocks_footer_custom_js":"","smort_custom_pricelist_1":"62.72","smort_custom_pricelist_2":"62.72","smort_custom_pricelist_3":"59.58","smort_custom_pricelist_4":"78.4","smort_custom_pricelist_5":"62.26"},"anvandningsomrade":[],"bilmarken":[],"product_brand":[108],"product_cat":[2465,733],"product_tag":[],"class_list":{"0":"post-5975","1":"product","2":"type-product","3":"status-publish","4":"has-post-thumbnail","6":"product_brand-osram","7":"product_cat-lamphallare-halvljus-helljus","8":"product_cat-halvljus-helljus","10":"first","11":"instock","12":"taxable","13":"shipping-taxable","14":"purchasable","15":"product-type-simple"},"bundled_by":[],"bundle_stock_status":"instock","bundle_stock_quantity":5,"bundle_virtual":false,"bundle_layout":"","bundle_add_to_cart_form_location":"","bundle_editable_in_cart":false,"bundle_sold_individually_context":"","bundle_item_grouping":"","bundle_min_size":"","bundle_max_size":"","bundle_price":[],"bundled_items":[],"bundle_sell_ids":[],"acf":[],"yoast_head":"<!-- This site is optimized with the Yoast SEO plugin v27.0 - https:\/\/yoast.com\/product\/yoast-seo-wordpress\/ -->\n<title>LEDriving\u00ae Street Legal Adapter A06 - Xenonkungen<\/title>\n<meta name=\"robots\" content=\"index, follow, max-snippet:-1, max-image-preview:large, max-video-preview:-1\" \/>\n<link rel=\"canonical\" href=\"https:\/\/xenonkungen.com\/fi\/tuote\/ledriving-streetin-laillinen-adapteri-a06\/\" \/>\n<meta property=\"og:locale\" content=\"fi_FI\" \/>\n<meta property=\"og:type\" content=\"article\" \/>\n<meta property=\"og:title\" content=\"LEDriving\u00ae Street Legal Adapter A06 - Xenonkungen\" \/>\n<meta property=\"og:description\" content=\"Nu kan du enkelt g\u00f6ra din bil snyggare och s\u00e4krare med LEDriving\u00ae Street Legal Adapter A06! Denna adapter g\u00f6r det m\u00f6jligt att uppgradera dina vanliga halogenlampor till moderna LED-lampor, samtidigt som du h\u00e5ller dig inom lagens ramar. Uppgradera din bil idag och f\u00e5 b\u00e4ttre synlighet och stil p\u00e5 v\u00e4gen. Bes\u00f6k v\u00e5r webbutik f\u00f6r att k\u00f6pa din LEDriving\u00ae Street Legal Adapter A06 idag!\" \/>\n<meta property=\"og:url\" content=\"https:\/\/xenonkungen.com\/fi\/tuote\/ledriving-streetin-laillinen-adapteri-a06\/\" \/>\n<meta property=\"og:site_name\" content=\"Xenonkungen\" \/>\n<meta property=\"article:modified_time\" content=\"2026-03-17T10:51:51+00:00\" \/>\n<meta property=\"og:image\" content=\"https:\/\/xenonkungen.com\/wp-content\/uploads\/2025\/04\/201848007-origpic-cebe09.jpg\" \/>\n\t<meta property=\"og:image:width\" content=\"1024\" \/>\n\t<meta property=\"og:image:height\" content=\"1024\" \/>\n\t<meta property=\"og:image:type\" content=\"image\/jpeg\" \/>\n<meta name=\"twitter:card\" content=\"summary_large_image\" \/>\n<meta name=\"twitter:label1\" content=\"Arvioitu lukuaika\" \/>\n\t<meta name=\"twitter:data1\" content=\"1 minuutti\" \/>\n<script type=\"application\/ld+json\" class=\"yoast-schema-graph\">{\"@context\":\"https:\/\/schema.org\",\"@graph\":[{\"@type\":\"WebPage\",\"@id\":\"https:\/\/xenonkungen.com\/produkt\/ledriving-street-legal-adapter-a06\/\",\"url\":\"https:\/\/xenonkungen.com\/produkt\/ledriving-street-legal-adapter-a06\/\",\"name\":\"LEDriving\u00ae Street Legal Adapter A06 - Xenonkungen\",\"isPartOf\":{\"@id\":\"https:\/\/xenonkungen.com\/#website\"},\"primaryImageOfPage\":{\"@id\":\"https:\/\/xenonkungen.com\/produkt\/ledriving-street-legal-adapter-a06\/#primaryimage\"},\"image\":{\"@id\":\"https:\/\/xenonkungen.com\/produkt\/ledriving-street-legal-adapter-a06\/#primaryimage\"},\"thumbnailUrl\":\"https:\/\/xenonkungen.com\/wp-content\/uploads\/2025\/04\/201848007-origpic-cebe09.jpg\",\"datePublished\":\"2025-04-15T09:37:46+00:00\",\"dateModified\":\"2026-03-17T10:51:51+00:00\",\"breadcrumb\":{\"@id\":\"https:\/\/xenonkungen.com\/produkt\/ledriving-street-legal-adapter-a06\/#breadcrumb\"},\"inLanguage\":\"fi\",\"potentialAction\":[{\"@type\":\"ReadAction\",\"target\":[\"https:\/\/xenonkungen.com\/produkt\/ledriving-street-legal-adapter-a06\/\"]}]},{\"@type\":\"ImageObject\",\"inLanguage\":\"fi\",\"@id\":\"https:\/\/xenonkungen.com\/produkt\/ledriving-street-legal-adapter-a06\/#primaryimage\",\"url\":\"https:\/\/xenonkungen.com\/wp-content\/uploads\/2025\/04\/201848007-origpic-cebe09.jpg\",\"contentUrl\":\"https:\/\/xenonkungen.com\/wp-content\/uploads\/2025\/04\/201848007-origpic-cebe09.jpg\",\"width\":1024,\"height\":1024},{\"@type\":\"BreadcrumbList\",\"@id\":\"https:\/\/xenonkungen.com\/produkt\/ledriving-street-legal-adapter-a06\/#breadcrumb\",\"itemListElement\":[{\"@type\":\"ListItem\",\"position\":1,\"name\":\"Hem\",\"item\":\"https:\/\/xenonkungen.com\/\"},{\"@type\":\"ListItem\",\"position\":2,\"name\":\"Shop\",\"item\":\"https:\/\/xenonkungen.com\/shop\/\"},{\"@type\":\"ListItem\",\"position\":3,\"name\":\"LEDriving\u00ae Street Legal Adapter A06\"}]},{\"@type\":\"WebSite\",\"@id\":\"https:\/\/xenonkungen.com\/#website\",\"url\":\"https:\/\/xenonkungen.com\/\",\"name\":\"Xenonkungen\",\"description\":\"\",\"potentialAction\":[{\"@type\":\"SearchAction\",\"target\":{\"@type\":\"EntryPoint\",\"urlTemplate\":\"https:\/\/xenonkungen.com\/?s={search_term_string}\"},\"query-input\":{\"@type\":\"PropertyValueSpecification\",\"valueRequired\":true,\"valueName\":\"search_term_string\"}}],\"inLanguage\":\"fi\"}]}<\/script>\n<!-- \/ Yoast SEO plugin. -->","yoast_head_json":{"title":"LEDriving\u00ae Street Legal -sovitin A06 - Xenon-kuningas","robots":{"index":"index","follow":"follow","max-snippet":"max-snippet:-1","max-image-preview":"max-image-preview:large","max-video-preview":"max-video-preview:-1"},"canonical":"https:\/\/xenonkungen.com\/fi\/tuote\/ledriving-streetin-laillinen-adapteri-a06\/","og_locale":"fi_FI","og_type":"article","og_title":"LEDriving\u00ae Street Legal Adapter A06 - Xenonkungen","og_description":"Nu kan du enkelt g\u00f6ra din bil snyggare och s\u00e4krare med LEDriving\u00ae Street Legal Adapter A06! Denna adapter g\u00f6r det m\u00f6jligt att uppgradera dina vanliga halogenlampor till moderna LED-lampor, samtidigt som du h\u00e5ller dig inom lagens ramar. Uppgradera din bil idag och f\u00e5 b\u00e4ttre synlighet och stil p\u00e5 v\u00e4gen. Bes\u00f6k v\u00e5r webbutik f\u00f6r att k\u00f6pa din LEDriving\u00ae Street Legal Adapter A06 idag!","og_url":"https:\/\/xenonkungen.com\/fi\/tuote\/ledriving-streetin-laillinen-adapteri-a06\/","og_site_name":"Xenonkungen","article_modified_time":"2026-03-17T10:51:51+00:00","og_image":[{"width":1024,"height":1024,"url":"https:\/\/xenonkungen.com\/wp-content\/uploads\/2025\/04\/201848007-origpic-cebe09.jpg","type":"image\/jpeg"}],"twitter_card":"summary_large_image","twitter_misc":{"Arvioitu lukuaika":"1 minuutti"},"schema":{"@context":"https:\/\/schema.org","@graph":[{"@type":"WebPage","@id":"https:\/\/xenonkungen.com\/produkt\/ledriving-street-legal-adapter-a06\/","url":"https:\/\/xenonkungen.com\/produkt\/ledriving-street-legal-adapter-a06\/","name":"LEDriving\u00ae Street Legal -sovitin A06 - Xenon-kuningas","isPartOf":{"@id":"https:\/\/xenonkungen.com\/#website"},"primaryImageOfPage":{"@id":"https:\/\/xenonkungen.com\/produkt\/ledriving-street-legal-adapter-a06\/#primaryimage"},"image":{"@id":"https:\/\/xenonkungen.com\/produkt\/ledriving-street-legal-adapter-a06\/#primaryimage"},"thumbnailUrl":"https:\/\/xenonkungen.com\/wp-content\/uploads\/2025\/04\/201848007-origpic-cebe09.jpg","datePublished":"2025-04-15T09:37:46+00:00","dateModified":"2026-03-17T10:51:51+00:00","breadcrumb":{"@id":"https:\/\/xenonkungen.com\/produkt\/ledriving-street-legal-adapter-a06\/#breadcrumb"},"inLanguage":"fi","potentialAction":[{"@type":"ReadAction","target":["https:\/\/xenonkungen.com\/produkt\/ledriving-street-legal-adapter-a06\/"]}]},{"@type":"ImageObject","inLanguage":"fi","@id":"https:\/\/xenonkungen.com\/produkt\/ledriving-street-legal-adapter-a06\/#primaryimage","url":"https:\/\/xenonkungen.com\/wp-content\/uploads\/2025\/04\/201848007-origpic-cebe09.jpg","contentUrl":"https:\/\/xenonkungen.com\/wp-content\/uploads\/2025\/04\/201848007-origpic-cebe09.jpg","width":1024,"height":1024},{"@type":"BreadcrumbList","@id":"https:\/\/xenonkungen.com\/produkt\/ledriving-street-legal-adapter-a06\/#breadcrumb","itemListElement":[{"@type":"ListItem","position":1,"name":"Hem","item":"https:\/\/xenonkungen.com\/"},{"@type":"ListItem","position":2,"name":"Shop","item":"https:\/\/xenonkungen.com\/shop\/"},{"@type":"ListItem","position":3,"name":"LEDriving\u00ae Street Legal Adapter A06"}]},{"@type":"WebSite","@id":"https:\/\/xenonkungen.com\/#website","url":"https:\/\/xenonkungen.com\/","name":"Xenonkungen","description":"","potentialAction":[{"@type":"SearchAction","target":{"@type":"EntryPoint","urlTemplate":"https:\/\/xenonkungen.com\/?s={search_term_string}"},"query-input":{"@type":"PropertyValueSpecification","valueRequired":true,"valueName":"search_term_string"}}],"inLanguage":"fi"}]}},"taxonomy_info":{"product_brand":[{"value":108,"label":"OSRAM"}],"product_cat":[{"value":2465,"label":"Lamph\u00e5llare"},{"value":733,"label":"Halvljus \/ Helljus"}]},"featured_image_src_large":["https:\/\/xenonkungen.com\/wp-content\/uploads\/2025\/04\/201848007-origpic-cebe09.jpg",1024,1024,false],"author_info":[],"comment_info":0,"_links":{"self":[{"href":"https:\/\/xenonkungen.com\/fi\/wp-json\/wp\/v2\/product\/5975","targetHints":{"allow":["GET"]}}],"collection":[{"href":"https:\/\/xenonkungen.com\/fi\/wp-json\/wp\/v2\/product"}],"about":[{"href":"https:\/\/xenonkungen.com\/fi\/wp-json\/wp\/v2\/types\/product"}],"replies":[{"embeddable":true,"href":"https:\/\/xenonkungen.com\/fi\/wp-json\/wp\/v2\/comments?post=5975"}],"wp:featuredmedia":[{"embeddable":true,"href":"https:\/\/xenonkungen.com\/fi\/wp-json\/wp\/v2\/media\/5976"}],"wp:attachment":[{"href":"https:\/\/xenonkungen.com\/fi\/wp-json\/wp\/v2\/media?parent=5975"}],"wp:term":[{"taxonomy":"anvandningsomrade","embeddable":true,"href":"https:\/\/xenonkungen.com\/fi\/wp-json\/wp\/v2\/anvandningsomrade?post=5975"},{"taxonomy":"bilmarken","embeddable":true,"href":"https:\/\/xenonkungen.com\/fi\/wp-json\/wp\/v2\/bilmarken?post=5975"},{"taxonomy":"product_brand","embeddable":true,"href":"https:\/\/xenonkungen.com\/fi\/wp-json\/wp\/v2\/product_brand?post=5975"},{"taxonomy":"product_cat","embeddable":true,"href":"https:\/\/xenonkungen.com\/fi\/wp-json\/wp\/v2\/product_cat?post=5975"},{"taxonomy":"product_tag","embeddable":true,"href":"https:\/\/xenonkungen.com\/fi\/wp-json\/wp\/v2\/product_tag?post=5975"}],"curies":[{"name":"wp","href":"https:\/\/api.w.org\/{rel}","templated":true}]}}