{"id":5981,"date":"2025-04-15T09:38:06","date_gmt":"2025-04-15T09:38:06","guid":{"rendered":"https:\/\/xenonkungen.com\/product\/ledriving-offroad-06-1-adapter\/"},"modified":"2026-04-11T01:24:48","modified_gmt":"2026-04-11T00:24:48","slug":"ledriving-offroad-06-1-adapteri","status":"publish","type":"product","link":"https:\/\/xenonkungen.com\/fi\/tuote\/ledriving-offroad-06-1-adapteri\/","title":{"rendered":"LEDriving\u00ae OFFROAD 06-1 sovitin"},"content":{"rendered":"<h3>LED-ohjaussovitin 64210DA06-1<\/h3>\n<p>Optimoi ajoneuvosi valaistus LEDriving-sovittimella 64210DA06-1, joka on suunniteltu helpottamaan LED-valojen j\u00e4lkiasennusta eri ajoneuvotyyppeihin. T\u00e4m\u00e4 erityinen malli on ihanteellinen niille, jotka haluavat p\u00e4ivitt\u00e4\u00e4 ajoneuvonsa tehokkailla ja kest\u00e4vill\u00e4 LED-ratkaisuilla ja samalla s\u00e4ilytt\u00e4\u00e4 helpon asennuksen ja yleisen yhteensopivuuden.<\/p>\n<h4>Tuotetiedot<\/h4>\n<ul>\n<li><strong>Kategoria:<\/strong> Lis\u00e4varusteet LED-asennuksia varten<\/li>\n<li><strong>Teknologia:<\/strong> LED-tarvikkeet<\/li>\n<li><strong>Halkaisija:<\/strong> 22,5 mm<\/li>\n<li><strong>Tilausnumero:<\/strong> 64210DA06-1<\/li>\n<\/ul>\n<h4>Ominaisuudet ja edut<\/h4>\n<ul>\n<li><strong>Helppo asennus:<\/strong> Hyvin harkittujen kiinnityskorvakkeiden ansiosta sovitin on helppo asentaa ja se sopii turvallisesti eri automalleihin.<\/li>\n<li><strong>Yleisk\u00e4ytt\u00f6inen:<\/strong> Sovitin on suunniteltu sopimaan useisiin automalleihin, joten se on joustava ratkaisu LED-p\u00e4ivityksiin.<\/li>\n<\/ul>\n<h4>Laatu ja turvallisuus<\/h4>\n<ul>\n<li><strong>Materiaali:<\/strong> Sis\u00e4lt\u00e4\u00e4 lyijy\u00e4 (lyijy, CAS-numero 7439-92-1), mutta se on tunnistettu turvalliseksi EU:n ehdokasluettelossa.<\/li>\n<li><strong>Turvallisuusohjeet:<\/strong> T\u00e4m\u00e4n sovittimen k\u00e4ytt\u00f6 mahdollistaa LED-valaisimien turvallisen asennuksen ja k\u00e4yt\u00f6n autojen ymp\u00e4rist\u00f6iss\u00e4.<\/li>\n<\/ul>\n<p>Lis\u00e4tietoja teknisist\u00e4 tiedoista ja asennusvihjeit\u00e4 l\u00f6yd\u00e4t t\u00e4ydellisest\u00e4 tuotetiedotteesta tai OSRAMin virallisilta verkkosivuilta. T\u00e4m\u00e4 tuote on osa sovitinperhett\u00e4, joka tarjoaa erikokoisia ja r\u00e4\u00e4t\u00e4l\u00f6ityj\u00e4 sovittimia ajoneuvon erityistarpeiden t\u00e4ytt\u00e4miseksi.<\/p>\n<p><strong>Sopii seuraaviin autoihin:<\/strong><\/p>\n<p><strong>VW<br \/><\/strong>- Passat (B5) 2000-2005<\/p>","protected":false},"excerpt":{"rendered":"<p>LEDriving Adapter 64210DA06-1 Optimera din fordonsbelysning med LEDriving Adapter 64210DA06-1, designad f\u00f6r att underl\u00e4tta eftermontering av LED-lampor i olika fordonstyper. Denna specifika modell \u00e4r idealisk f\u00f6r dem som vill uppgradera sina fordon med effektiva och h\u00e5llbara LED-l\u00f6sningar samtidigt som de beh\u00e5ller enkel installation och universal kompatibilitet. Produktinformation Kategori: Tillbeh\u00f6r f\u00f6r eftermontering av LED Teknologi: LED-tillbeh\u00f6r [&hellip;]<\/p>","protected":false},"featured_media":5982,"comment_status":"closed","ping_status":"open","template":"","meta":{"_acf_changed":false,"_smort_price_nok":"105","_smort_price_dkk":"66","_smort_price_eur":"8.91","_smort_sale_price_nok":"","_smort_sale_price_dkk":"","_smort_sale_price_eur":"","smort_restorder":"","shipmondo_restorder":"","_kad_blocks_custom_css":"","_kad_blocks_head_custom_js":"","_kad_blocks_body_custom_js":"","_kad_blocks_footer_custom_js":"","smort_custom_pricelist_1":"62.72","smort_custom_pricelist_2":"62.72","smort_custom_pricelist_3":"59.58","smort_custom_pricelist_4":"78.4","smort_custom_pricelist_5":"62.26"},"anvandningsomrade":[],"bilmarken":[],"product_brand":[108],"product_cat":[2465,733],"product_tag":[],"class_list":{"0":"post-5981","1":"product","2":"type-product","3":"status-publish","4":"has-post-thumbnail","6":"product_brand-osram","7":"product_cat-lamphallare-halvljus-helljus","8":"product_cat-halvljus-helljus","10":"first","11":"instock","12":"taxable","13":"shipping-taxable","14":"purchasable","15":"product-type-simple"},"bundled_by":[],"bundle_stock_status":"instock","bundle_stock_quantity":9,"bundle_virtual":false,"bundle_layout":"","bundle_add_to_cart_form_location":"","bundle_editable_in_cart":false,"bundle_sold_individually_context":"","bundle_item_grouping":"","bundle_min_size":"","bundle_max_size":"","bundle_price":[],"bundled_items":[],"bundle_sell_ids":[],"acf":[],"yoast_head":"<!-- This site is optimized with the Yoast SEO plugin v27.0 - https:\/\/yoast.com\/product\/yoast-seo-wordpress\/ -->\n<title>LEDriving\u00ae OFFROAD 06-1 Adapter - Xenonkungen<\/title>\n<meta name=\"robots\" content=\"index, follow, max-snippet:-1, max-image-preview:large, max-video-preview:-1\" \/>\n<link rel=\"canonical\" href=\"https:\/\/xenonkungen.com\/fi\/tuote\/ledriving-offroad-06-1-adapteri\/\" \/>\n<meta property=\"og:locale\" content=\"fi_FI\" \/>\n<meta property=\"og:type\" content=\"article\" \/>\n<meta property=\"og:title\" content=\"LEDriving\u00ae OFFROAD 06-1 Adapter - Xenonkungen\" \/>\n<meta property=\"og:description\" content=\"LEDriving Adapter 64210DA06-1 Optimera din fordonsbelysning med LEDriving Adapter 64210DA06-1, designad f\u00f6r att underl\u00e4tta eftermontering av LED-lampor i olika fordonstyper. Denna specifika modell \u00e4r idealisk f\u00f6r dem som vill uppgradera sina fordon med effektiva och h\u00e5llbara LED-l\u00f6sningar samtidigt som de beh\u00e5ller enkel installation och universal kompatibilitet. Produktinformation Kategori: Tillbeh\u00f6r f\u00f6r eftermontering av LED Teknologi: LED-tillbeh\u00f6r [&hellip;]\" \/>\n<meta property=\"og:url\" content=\"https:\/\/xenonkungen.com\/fi\/tuote\/ledriving-offroad-06-1-adapteri\/\" \/>\n<meta property=\"og:site_name\" content=\"Xenonkungen\" \/>\n<meta property=\"article:modified_time\" content=\"2026-04-11T00:24:48+00:00\" \/>\n<meta property=\"og:image\" content=\"https:\/\/xenonkungen.com\/wp-content\/uploads\/2025\/04\/217076105-origpic-5b544b.jpg\" \/>\n\t<meta property=\"og:image:width\" content=\"1024\" \/>\n\t<meta property=\"og:image:height\" content=\"1024\" \/>\n\t<meta property=\"og:image:type\" content=\"image\/jpeg\" \/>\n<meta name=\"twitter:card\" content=\"summary_large_image\" \/>\n<meta name=\"twitter:label1\" content=\"Arvioitu lukuaika\" \/>\n\t<meta name=\"twitter:data1\" content=\"1 minuutti\" \/>\n<script type=\"application\/ld+json\" class=\"yoast-schema-graph\">{\"@context\":\"https:\/\/schema.org\",\"@graph\":[{\"@type\":\"WebPage\",\"@id\":\"https:\/\/xenonkungen.com\/produkt\/ledriving-offroad-06-1-adapter\/\",\"url\":\"https:\/\/xenonkungen.com\/produkt\/ledriving-offroad-06-1-adapter\/\",\"name\":\"LEDriving\u00ae OFFROAD 06-1 Adapter - Xenonkungen\",\"isPartOf\":{\"@id\":\"https:\/\/xenonkungen.com\/#website\"},\"primaryImageOfPage\":{\"@id\":\"https:\/\/xenonkungen.com\/produkt\/ledriving-offroad-06-1-adapter\/#primaryimage\"},\"image\":{\"@id\":\"https:\/\/xenonkungen.com\/produkt\/ledriving-offroad-06-1-adapter\/#primaryimage\"},\"thumbnailUrl\":\"https:\/\/xenonkungen.com\/wp-content\/uploads\/2025\/04\/217076105-origpic-5b544b.jpg\",\"datePublished\":\"2025-04-15T09:38:06+00:00\",\"dateModified\":\"2026-04-11T00:24:48+00:00\",\"breadcrumb\":{\"@id\":\"https:\/\/xenonkungen.com\/produkt\/ledriving-offroad-06-1-adapter\/#breadcrumb\"},\"inLanguage\":\"fi\",\"potentialAction\":[{\"@type\":\"ReadAction\",\"target\":[\"https:\/\/xenonkungen.com\/produkt\/ledriving-offroad-06-1-adapter\/\"]}]},{\"@type\":\"ImageObject\",\"inLanguage\":\"fi\",\"@id\":\"https:\/\/xenonkungen.com\/produkt\/ledriving-offroad-06-1-adapter\/#primaryimage\",\"url\":\"https:\/\/xenonkungen.com\/wp-content\/uploads\/2025\/04\/217076105-origpic-5b544b.jpg\",\"contentUrl\":\"https:\/\/xenonkungen.com\/wp-content\/uploads\/2025\/04\/217076105-origpic-5b544b.jpg\",\"width\":1024,\"height\":1024},{\"@type\":\"BreadcrumbList\",\"@id\":\"https:\/\/xenonkungen.com\/produkt\/ledriving-offroad-06-1-adapter\/#breadcrumb\",\"itemListElement\":[{\"@type\":\"ListItem\",\"position\":1,\"name\":\"Hem\",\"item\":\"https:\/\/xenonkungen.com\/\"},{\"@type\":\"ListItem\",\"position\":2,\"name\":\"Shop\",\"item\":\"https:\/\/xenonkungen.com\/shop\/\"},{\"@type\":\"ListItem\",\"position\":3,\"name\":\"LEDriving\u00ae OFFROAD 06-1 Adapter\"}]},{\"@type\":\"WebSite\",\"@id\":\"https:\/\/xenonkungen.com\/#website\",\"url\":\"https:\/\/xenonkungen.com\/\",\"name\":\"Xenonkungen\",\"description\":\"\",\"potentialAction\":[{\"@type\":\"SearchAction\",\"target\":{\"@type\":\"EntryPoint\",\"urlTemplate\":\"https:\/\/xenonkungen.com\/?s={search_term_string}\"},\"query-input\":{\"@type\":\"PropertyValueSpecification\",\"valueRequired\":true,\"valueName\":\"search_term_string\"}}],\"inLanguage\":\"fi\"}]}<\/script>\n<!-- \/ Yoast SEO plugin. -->","yoast_head_json":{"title":"LEDriving\u00ae OFFROAD 06-1 -sovitin - Xenon-kuningas","robots":{"index":"index","follow":"follow","max-snippet":"max-snippet:-1","max-image-preview":"max-image-preview:large","max-video-preview":"max-video-preview:-1"},"canonical":"https:\/\/xenonkungen.com\/fi\/tuote\/ledriving-offroad-06-1-adapteri\/","og_locale":"fi_FI","og_type":"article","og_title":"LEDriving\u00ae OFFROAD 06-1 Adapter - Xenonkungen","og_description":"LEDriving Adapter 64210DA06-1 Optimera din fordonsbelysning med LEDriving Adapter 64210DA06-1, designad f\u00f6r att underl\u00e4tta eftermontering av LED-lampor i olika fordonstyper. Denna specifika modell \u00e4r idealisk f\u00f6r dem som vill uppgradera sina fordon med effektiva och h\u00e5llbara LED-l\u00f6sningar samtidigt som de beh\u00e5ller enkel installation och universal kompatibilitet. Produktinformation Kategori: Tillbeh\u00f6r f\u00f6r eftermontering av LED Teknologi: LED-tillbeh\u00f6r [&hellip;]","og_url":"https:\/\/xenonkungen.com\/fi\/tuote\/ledriving-offroad-06-1-adapteri\/","og_site_name":"Xenonkungen","article_modified_time":"2026-04-11T00:24:48+00:00","og_image":[{"width":1024,"height":1024,"url":"https:\/\/xenonkungen.com\/wp-content\/uploads\/2025\/04\/217076105-origpic-5b544b.jpg","type":"image\/jpeg"}],"twitter_card":"summary_large_image","twitter_misc":{"Arvioitu lukuaika":"1 minuutti"},"schema":{"@context":"https:\/\/schema.org","@graph":[{"@type":"WebPage","@id":"https:\/\/xenonkungen.com\/produkt\/ledriving-offroad-06-1-adapter\/","url":"https:\/\/xenonkungen.com\/produkt\/ledriving-offroad-06-1-adapter\/","name":"LEDriving\u00ae OFFROAD 06-1 -sovitin - Xenon-kuningas","isPartOf":{"@id":"https:\/\/xenonkungen.com\/#website"},"primaryImageOfPage":{"@id":"https:\/\/xenonkungen.com\/produkt\/ledriving-offroad-06-1-adapter\/#primaryimage"},"image":{"@id":"https:\/\/xenonkungen.com\/produkt\/ledriving-offroad-06-1-adapter\/#primaryimage"},"thumbnailUrl":"https:\/\/xenonkungen.com\/wp-content\/uploads\/2025\/04\/217076105-origpic-5b544b.jpg","datePublished":"2025-04-15T09:38:06+00:00","dateModified":"2026-04-11T00:24:48+00:00","breadcrumb":{"@id":"https:\/\/xenonkungen.com\/produkt\/ledriving-offroad-06-1-adapter\/#breadcrumb"},"inLanguage":"fi","potentialAction":[{"@type":"ReadAction","target":["https:\/\/xenonkungen.com\/produkt\/ledriving-offroad-06-1-adapter\/"]}]},{"@type":"ImageObject","inLanguage":"fi","@id":"https:\/\/xenonkungen.com\/produkt\/ledriving-offroad-06-1-adapter\/#primaryimage","url":"https:\/\/xenonkungen.com\/wp-content\/uploads\/2025\/04\/217076105-origpic-5b544b.jpg","contentUrl":"https:\/\/xenonkungen.com\/wp-content\/uploads\/2025\/04\/217076105-origpic-5b544b.jpg","width":1024,"height":1024},{"@type":"BreadcrumbList","@id":"https:\/\/xenonkungen.com\/produkt\/ledriving-offroad-06-1-adapter\/#breadcrumb","itemListElement":[{"@type":"ListItem","position":1,"name":"Hem","item":"https:\/\/xenonkungen.com\/"},{"@type":"ListItem","position":2,"name":"Shop","item":"https:\/\/xenonkungen.com\/shop\/"},{"@type":"ListItem","position":3,"name":"LEDriving\u00ae OFFROAD 06-1 Adapter"}]},{"@type":"WebSite","@id":"https:\/\/xenonkungen.com\/#website","url":"https:\/\/xenonkungen.com\/","name":"Xenonkungen","description":"","potentialAction":[{"@type":"SearchAction","target":{"@type":"EntryPoint","urlTemplate":"https:\/\/xenonkungen.com\/?s={search_term_string}"},"query-input":{"@type":"PropertyValueSpecification","valueRequired":true,"valueName":"search_term_string"}}],"inLanguage":"fi"}]}},"taxonomy_info":{"product_brand":[{"value":108,"label":"OSRAM"}],"product_cat":[{"value":2465,"label":"Lamph\u00e5llare"},{"value":733,"label":"Halvljus \/ Helljus"}]},"featured_image_src_large":["https:\/\/xenonkungen.com\/wp-content\/uploads\/2025\/04\/217076105-origpic-5b544b.jpg",1024,1024,false],"author_info":[],"comment_info":0,"_links":{"self":[{"href":"https:\/\/xenonkungen.com\/fi\/wp-json\/wp\/v2\/product\/5981","targetHints":{"allow":["GET"]}}],"collection":[{"href":"https:\/\/xenonkungen.com\/fi\/wp-json\/wp\/v2\/product"}],"about":[{"href":"https:\/\/xenonkungen.com\/fi\/wp-json\/wp\/v2\/types\/product"}],"replies":[{"embeddable":true,"href":"https:\/\/xenonkungen.com\/fi\/wp-json\/wp\/v2\/comments?post=5981"}],"wp:featuredmedia":[{"embeddable":true,"href":"https:\/\/xenonkungen.com\/fi\/wp-json\/wp\/v2\/media\/5982"}],"wp:attachment":[{"href":"https:\/\/xenonkungen.com\/fi\/wp-json\/wp\/v2\/media?parent=5981"}],"wp:term":[{"taxonomy":"anvandningsomrade","embeddable":true,"href":"https:\/\/xenonkungen.com\/fi\/wp-json\/wp\/v2\/anvandningsomrade?post=5981"},{"taxonomy":"bilmarken","embeddable":true,"href":"https:\/\/xenonkungen.com\/fi\/wp-json\/wp\/v2\/bilmarken?post=5981"},{"taxonomy":"product_brand","embeddable":true,"href":"https:\/\/xenonkungen.com\/fi\/wp-json\/wp\/v2\/product_brand?post=5981"},{"taxonomy":"product_cat","embeddable":true,"href":"https:\/\/xenonkungen.com\/fi\/wp-json\/wp\/v2\/product_cat?post=5981"},{"taxonomy":"product_tag","embeddable":true,"href":"https:\/\/xenonkungen.com\/fi\/wp-json\/wp\/v2\/product_tag?post=5981"}],"curies":[{"name":"wp","href":"https:\/\/api.w.org\/{rel}","templated":true}]}}