{"id":6008,"date":"2025-04-15T09:38:22","date_gmt":"2025-04-15T09:38:22","guid":{"rendered":"https:\/\/xenonkungen.com\/product\/ledriving-ledlampa-sl-w2-3w\/"},"modified":"2026-04-11T01:21:38","modified_gmt":"2026-04-11T00:21:38","slug":"led-ajovalo-sl-w2-3w","status":"publish","type":"product","link":"https:\/\/xenonkungen.com\/fi\/tuote\/led-ajovalo-sl-w2-3w\/","title":{"rendered":"LEDriving\u00ae LED-valaisin SL W2.3W"},"content":{"rendered":"<p>P\u00e4ivit\u00e4 autosi sis\u00e4tilat uudella LEDriving\u00ae LED-valaisimella SL W2.3W ja nauti erinomaisesta suorituskyvyst\u00e4 ja tyylist\u00e4. T\u00e4m\u00e4 korkean hy\u00f6tysuhteen LED-valaisin on suunniteltu erityisesti sopimaan t\u00e4ydellisesti kojelaudan valaistukseen ja muihin autosi sis\u00e4tilojen sovelluksiin.<\/p>\n<p>LEDriving\u00ae LED-lampun SL W2.3W k\u00e4ytt\u00f6ik\u00e4 on vaikuttava, joten lamppuja ei tarvitse vaihtaa niin usein. T\u00e4m\u00e4 s\u00e4\u00e4st\u00e4\u00e4 pitk\u00e4ll\u00e4 aikav\u00e4lill\u00e4 sek\u00e4 aikaa ett\u00e4 rahaa. Lis\u00e4ksi lamppu antaa valkoisemman valon v\u00e4rin kuin perinteiset halogeenilamput, mik\u00e4 parantaa n\u00e4kyvyytt\u00e4 ja ter\u00e4vyytt\u00e4 auton sis\u00e4tiloissa.<\/p>\n<p>Sen lis\u00e4ksi SL W2.3W LED-valo tuo my\u00f6s tyylikk\u00e4\u00e4mp\u00e4\u00e4 estetiikkaa autosi sis\u00e4tiloihin. Moderni muotoilu ja kirkas valo luovat p\u00e4ivitetyn ja tyylikk\u00e4\u00e4n ilmeen, joka parantaa ajokokemusta ja luo miellytt\u00e4v\u00e4n tunnelman autoon.<\/p>\n<p>LEDriving\u00ae LED-lamppu SL W2.3W on helppo ja yksinkertainen asentaa, ja se on suunniteltu erityisesti useimpien autojen sis\u00e4tiloihin sopivaksi. Sinun ei tarvitse olla asiantuntija p\u00e4ivitt\u00e4\u00e4ksesi autosi kojelaudan valaistuksen ja nauttiaksesi n\u00e4iden LED-valojen eduista.<\/p>\n<p>Nosta autosi sis\u00e4tilat uudelle tasolle tilaamalla LEDriving\u00ae LED-lamppu SL W2.3W jo t\u00e4n\u00e4\u00e4n. Saat pidemm\u00e4n k\u00e4ytt\u00f6i\u00e4n, valkoisemman valon ja tyylikk\u00e4\u00e4mm\u00e4n ulkon\u00e4\u00f6n autosi kojelaudan valaistukseen. Luo autoosi viihtyis\u00e4 ja moderni tunnelma ja aja itsevarmasti ja tyylill\u00e4.<\/p>","protected":false},"excerpt":{"rendered":"<p>T5\/W2x4.6D-valaisin Osramilta. P\u00e4ivit\u00e4 autosi mittaristo LED-valoksi!<\/p>","protected":false},"featured_media":6009,"comment_status":"closed","ping_status":"open","template":"","meta":{"_acf_changed":false,"_smort_price_nok":"117","_smort_price_dkk":"75","_smort_price_eur":"10","_smort_sale_price_nok":"","_smort_sale_price_dkk":"","_smort_sale_price_eur":"","smort_restorder":"","shipmondo_restorder":"","_kad_blocks_custom_css":"","_kad_blocks_head_custom_js":"","_kad_blocks_body_custom_js":"","_kad_blocks_footer_custom_js":"","smort_custom_pricelist_1":"70.4","smort_custom_pricelist_2":"66","smort_custom_pricelist_3":"62.7","smort_custom_pricelist_4":"88","smort_custom_pricelist_5":"65.52"},"anvandningsomrade":[],"bilmarken":[],"product_brand":[108],"product_cat":[338],"product_tag":[],"class_list":{"0":"post-6008","1":"product","2":"type-product","3":"status-publish","4":"has-post-thumbnail","6":"product_brand-osram","7":"product_cat-diodlampor","8":"pa_fargtemperatur-6000k","9":"pa_lampsockel-kontakt-t5-w2x4-6d","10":"pa_led-chips-effekt-w-1705","11":"pa_volt-v-1706","13":"first","14":"instock","15":"taxable","16":"shipping-taxable","17":"purchasable","18":"product-type-simple"},"bundled_by":[],"bundle_stock_status":"instock","bundle_stock_quantity":5,"bundle_virtual":false,"bundle_layout":"","bundle_add_to_cart_form_location":"","bundle_editable_in_cart":false,"bundle_sold_individually_context":"","bundle_item_grouping":"","bundle_min_size":"","bundle_max_size":"","bundle_price":[],"bundled_items":[],"bundle_sell_ids":[],"acf":[],"yoast_head":"<!-- This site is optimized with the Yoast SEO plugin v27.0 - https:\/\/yoast.com\/product\/yoast-seo-wordpress\/ -->\n<title>LEDriving\u00ae LEDlampa SL W2.3W - Xenonkungen<\/title>\n<meta name=\"robots\" content=\"index, follow, max-snippet:-1, max-image-preview:large, max-video-preview:-1\" \/>\n<link rel=\"canonical\" href=\"https:\/\/xenonkungen.com\/fi\/tuote\/led-ajovalo-sl-w2-3w\/\" \/>\n<meta property=\"og:locale\" content=\"fi_FI\" \/>\n<meta property=\"og:type\" content=\"article\" \/>\n<meta property=\"og:title\" content=\"LEDriving\u00ae LEDlampa SL W2.3W - Xenonkungen\" \/>\n<meta property=\"og:description\" content=\"T5\/W2x4.6D Lampa fr\u00e5n Osram. Uppgradera bilens instrument till LED!\" \/>\n<meta property=\"og:url\" content=\"https:\/\/xenonkungen.com\/fi\/tuote\/led-ajovalo-sl-w2-3w\/\" \/>\n<meta property=\"og:site_name\" content=\"Xenonkungen\" \/>\n<meta property=\"article:modified_time\" content=\"2026-04-11T00:21:38+00:00\" \/>\n<meta property=\"og:image\" content=\"https:\/\/xenonkungen.com\/wp-content\/uploads\/2025\/04\/osram-dam-21583260_LEDriving_SL_T5_2723DWP-02B-sml.jpg\" \/>\n\t<meta property=\"og:image:width\" content=\"744\" \/>\n\t<meta property=\"og:image:height\" content=\"1000\" \/>\n\t<meta property=\"og:image:type\" content=\"image\/jpeg\" \/>\n<meta name=\"twitter:card\" content=\"summary_large_image\" \/>\n<meta name=\"twitter:label1\" content=\"Arvioitu lukuaika\" \/>\n\t<meta name=\"twitter:data1\" content=\"1 minuutti\" \/>\n<script type=\"application\/ld+json\" class=\"yoast-schema-graph\">{\"@context\":\"https:\/\/schema.org\",\"@graph\":[{\"@type\":\"WebPage\",\"@id\":\"https:\/\/xenonkungen.com\/produkt\/ledriving-ledlampa-sl-w2-3w\/\",\"url\":\"https:\/\/xenonkungen.com\/produkt\/ledriving-ledlampa-sl-w2-3w\/\",\"name\":\"LEDriving\u00ae LEDlampa SL W2.3W - Xenonkungen\",\"isPartOf\":{\"@id\":\"https:\/\/xenonkungen.com\/#website\"},\"primaryImageOfPage\":{\"@id\":\"https:\/\/xenonkungen.com\/produkt\/ledriving-ledlampa-sl-w2-3w\/#primaryimage\"},\"image\":{\"@id\":\"https:\/\/xenonkungen.com\/produkt\/ledriving-ledlampa-sl-w2-3w\/#primaryimage\"},\"thumbnailUrl\":\"https:\/\/xenonkungen.com\/wp-content\/uploads\/2025\/04\/osram-dam-21583260_LEDriving_SL_T5_2723DWP-02B-sml.jpg\",\"datePublished\":\"2025-04-15T09:38:22+00:00\",\"dateModified\":\"2026-04-11T00:21:38+00:00\",\"breadcrumb\":{\"@id\":\"https:\/\/xenonkungen.com\/produkt\/ledriving-ledlampa-sl-w2-3w\/#breadcrumb\"},\"inLanguage\":\"fi\",\"potentialAction\":[{\"@type\":\"ReadAction\",\"target\":[\"https:\/\/xenonkungen.com\/produkt\/ledriving-ledlampa-sl-w2-3w\/\"]}]},{\"@type\":\"ImageObject\",\"inLanguage\":\"fi\",\"@id\":\"https:\/\/xenonkungen.com\/produkt\/ledriving-ledlampa-sl-w2-3w\/#primaryimage\",\"url\":\"https:\/\/xenonkungen.com\/wp-content\/uploads\/2025\/04\/osram-dam-21583260_LEDriving_SL_T5_2723DWP-02B-sml.jpg\",\"contentUrl\":\"https:\/\/xenonkungen.com\/wp-content\/uploads\/2025\/04\/osram-dam-21583260_LEDriving_SL_T5_2723DWP-02B-sml.jpg\",\"width\":744,\"height\":1000},{\"@type\":\"BreadcrumbList\",\"@id\":\"https:\/\/xenonkungen.com\/produkt\/ledriving-ledlampa-sl-w2-3w\/#breadcrumb\",\"itemListElement\":[{\"@type\":\"ListItem\",\"position\":1,\"name\":\"Hem\",\"item\":\"https:\/\/xenonkungen.com\/\"},{\"@type\":\"ListItem\",\"position\":2,\"name\":\"Shop\",\"item\":\"https:\/\/xenonkungen.com\/shop\/\"},{\"@type\":\"ListItem\",\"position\":3,\"name\":\"LEDriving\u00ae LEDlampa SL W2.3W\"}]},{\"@type\":\"WebSite\",\"@id\":\"https:\/\/xenonkungen.com\/#website\",\"url\":\"https:\/\/xenonkungen.com\/\",\"name\":\"Xenonkungen\",\"description\":\"\",\"potentialAction\":[{\"@type\":\"SearchAction\",\"target\":{\"@type\":\"EntryPoint\",\"urlTemplate\":\"https:\/\/xenonkungen.com\/?s={search_term_string}\"},\"query-input\":{\"@type\":\"PropertyValueSpecification\",\"valueRequired\":true,\"valueName\":\"search_term_string\"}}],\"inLanguage\":\"fi\"}]}<\/script>\n<!-- \/ Yoast SEO plugin. -->","yoast_head_json":{"title":"LEDriving\u00ae LED-lamppu SL W2.3W - Ksenonkuningas","robots":{"index":"index","follow":"follow","max-snippet":"max-snippet:-1","max-image-preview":"max-image-preview:large","max-video-preview":"max-video-preview:-1"},"canonical":"https:\/\/xenonkungen.com\/fi\/tuote\/led-ajovalo-sl-w2-3w\/","og_locale":"fi_FI","og_type":"article","og_title":"LEDriving\u00ae LEDlampa SL W2.3W - Xenonkungen","og_description":"T5\/W2x4.6D Lampa fr\u00e5n Osram. Uppgradera bilens instrument till LED!","og_url":"https:\/\/xenonkungen.com\/fi\/tuote\/led-ajovalo-sl-w2-3w\/","og_site_name":"Xenonkungen","article_modified_time":"2026-04-11T00:21:38+00:00","og_image":[{"width":744,"height":1000,"url":"https:\/\/xenonkungen.com\/wp-content\/uploads\/2025\/04\/osram-dam-21583260_LEDriving_SL_T5_2723DWP-02B-sml.jpg","type":"image\/jpeg"}],"twitter_card":"summary_large_image","twitter_misc":{"Arvioitu lukuaika":"1 minuutti"},"schema":{"@context":"https:\/\/schema.org","@graph":[{"@type":"WebPage","@id":"https:\/\/xenonkungen.com\/produkt\/ledriving-ledlampa-sl-w2-3w\/","url":"https:\/\/xenonkungen.com\/produkt\/ledriving-ledlampa-sl-w2-3w\/","name":"LEDriving\u00ae LED-lamppu SL W2.3W - Ksenonkuningas","isPartOf":{"@id":"https:\/\/xenonkungen.com\/#website"},"primaryImageOfPage":{"@id":"https:\/\/xenonkungen.com\/produkt\/ledriving-ledlampa-sl-w2-3w\/#primaryimage"},"image":{"@id":"https:\/\/xenonkungen.com\/produkt\/ledriving-ledlampa-sl-w2-3w\/#primaryimage"},"thumbnailUrl":"https:\/\/xenonkungen.com\/wp-content\/uploads\/2025\/04\/osram-dam-21583260_LEDriving_SL_T5_2723DWP-02B-sml.jpg","datePublished":"2025-04-15T09:38:22+00:00","dateModified":"2026-04-11T00:21:38+00:00","breadcrumb":{"@id":"https:\/\/xenonkungen.com\/produkt\/ledriving-ledlampa-sl-w2-3w\/#breadcrumb"},"inLanguage":"fi","potentialAction":[{"@type":"ReadAction","target":["https:\/\/xenonkungen.com\/produkt\/ledriving-ledlampa-sl-w2-3w\/"]}]},{"@type":"ImageObject","inLanguage":"fi","@id":"https:\/\/xenonkungen.com\/produkt\/ledriving-ledlampa-sl-w2-3w\/#primaryimage","url":"https:\/\/xenonkungen.com\/wp-content\/uploads\/2025\/04\/osram-dam-21583260_LEDriving_SL_T5_2723DWP-02B-sml.jpg","contentUrl":"https:\/\/xenonkungen.com\/wp-content\/uploads\/2025\/04\/osram-dam-21583260_LEDriving_SL_T5_2723DWP-02B-sml.jpg","width":744,"height":1000},{"@type":"BreadcrumbList","@id":"https:\/\/xenonkungen.com\/produkt\/ledriving-ledlampa-sl-w2-3w\/#breadcrumb","itemListElement":[{"@type":"ListItem","position":1,"name":"Hem","item":"https:\/\/xenonkungen.com\/"},{"@type":"ListItem","position":2,"name":"Shop","item":"https:\/\/xenonkungen.com\/shop\/"},{"@type":"ListItem","position":3,"name":"LEDriving\u00ae LEDlampa SL W2.3W"}]},{"@type":"WebSite","@id":"https:\/\/xenonkungen.com\/#website","url":"https:\/\/xenonkungen.com\/","name":"Xenonkungen","description":"","potentialAction":[{"@type":"SearchAction","target":{"@type":"EntryPoint","urlTemplate":"https:\/\/xenonkungen.com\/?s={search_term_string}"},"query-input":{"@type":"PropertyValueSpecification","valueRequired":true,"valueName":"search_term_string"}}],"inLanguage":"fi"}]}},"taxonomy_info":{"product_brand":[{"value":108,"label":"OSRAM"}],"product_cat":[{"value":338,"label":"Diodlampor"}],"pa_fargtemperatur":[{"value":188,"label":"6000K"}],"pa_lampsockel-kontakt":[{"value":1707,"label":"T5, W2x4.6d"}],"pa_led-chips-effekt-w":[{"value":1705,"label":"0,25"}],"pa_volt-v":[{"value":1706,"label":"13,2"}]},"featured_image_src_large":["https:\/\/xenonkungen.com\/wp-content\/uploads\/2025\/04\/osram-dam-21583260_LEDriving_SL_T5_2723DWP-02B-sml.jpg",744,1000,false],"author_info":[],"comment_info":0,"_links":{"self":[{"href":"https:\/\/xenonkungen.com\/fi\/wp-json\/wp\/v2\/product\/6008","targetHints":{"allow":["GET"]}}],"collection":[{"href":"https:\/\/xenonkungen.com\/fi\/wp-json\/wp\/v2\/product"}],"about":[{"href":"https:\/\/xenonkungen.com\/fi\/wp-json\/wp\/v2\/types\/product"}],"replies":[{"embeddable":true,"href":"https:\/\/xenonkungen.com\/fi\/wp-json\/wp\/v2\/comments?post=6008"}],"wp:featuredmedia":[{"embeddable":true,"href":"https:\/\/xenonkungen.com\/fi\/wp-json\/wp\/v2\/media\/6009"}],"wp:attachment":[{"href":"https:\/\/xenonkungen.com\/fi\/wp-json\/wp\/v2\/media?parent=6008"}],"wp:term":[{"taxonomy":"anvandningsomrade","embeddable":true,"href":"https:\/\/xenonkungen.com\/fi\/wp-json\/wp\/v2\/anvandningsomrade?post=6008"},{"taxonomy":"bilmarken","embeddable":true,"href":"https:\/\/xenonkungen.com\/fi\/wp-json\/wp\/v2\/bilmarken?post=6008"},{"taxonomy":"product_brand","embeddable":true,"href":"https:\/\/xenonkungen.com\/fi\/wp-json\/wp\/v2\/product_brand?post=6008"},{"taxonomy":"product_cat","embeddable":true,"href":"https:\/\/xenonkungen.com\/fi\/wp-json\/wp\/v2\/product_cat?post=6008"},{"taxonomy":"product_tag","embeddable":true,"href":"https:\/\/xenonkungen.com\/fi\/wp-json\/wp\/v2\/product_tag?post=6008"}],"curies":[{"name":"wp","href":"https:\/\/api.w.org\/{rel}","templated":true}]}}