{"id":6022,"date":"2025-04-15T09:38:47","date_gmt":"2025-04-15T09:38:47","guid":{"rendered":"https:\/\/xenonkungen.com\/product\/ledriving-street-legal-cap-08\/"},"modified":"2026-01-08T18:06:04","modified_gmt":"2026-01-08T17:06:04","slug":"ledriving-street-legal-lippis-08","status":"publish","type":"product","link":"https:\/\/xenonkungen.com\/fi\/tuote\/ledriving-street-legal-lippis-08\/","title":{"rendered":"LEDriving\u00ae Street Legal CAP 08"},"content":{"rendered":"<div class=\"container\">\n<h1>LEDriving CAP 08<\/h1>\n<p>LEDriving CAP on kehitetty varmistamaan, ett\u00e4 H7-LED-lamppu asennetaan tarkasti, ja suojaamaan ajovalaisinj\u00e4rjestelm\u00e4\u00e4. N\u00e4m\u00e4 tuotteet korvaavat alkuper\u00e4isen korkin ja tarjoavat laadukkaan j\u00e4rjestelm\u00e4n osan lailliseen k\u00e4ytt\u00f6\u00f6n.<\/p>\n<h2>Tuotteen ominaisuudet<\/h2>\n<ul>\n<li>Mahdollistaa H7-ledien asennuksen.<\/li>\n<li>Alkuper\u00e4isen OSRAM-laatuisen yl\u00e4osan korvaaminen.<\/li>\n<\/ul>\n<h2>Tuotteen edut<\/h2>\n<ul>\n<li>Mekaaninen istuvuus ja suojaa ajovaloj\u00e4rjestelm\u00e4\u00e4.<\/li>\n<li>J\u00e4rjestelm\u00e4komponentti H7-ledien asennusta varten.<\/li>\n<\/ul>\n<h2><strong>Tekniset tiedot<\/strong><\/h2>\n<p><span>Mitat: Halkaisija 120 mm <br \/>Paino: 55 g<\/span><\/div>","protected":false},"excerpt":{"rendered":"<p>LEDriving CAP 08 LEDriving CAP \u00e4r utvecklad f\u00f6r att s\u00e4kerst\u00e4lla att installationen av H7-LED passar exakt och f\u00f6r att skydda str\u00e5lkastarsystemet. Dessa produkter ers\u00e4tter den ursprungliga korken f\u00f6r att erbjuda en kvalitativ systemkomponent f\u00f6r laglig anv\u00e4ndning. Produktegenskaper M\u00f6jligg\u00f6r installation av H7-LED. Ers\u00e4ttning av originaltopp i OSRAM-kvalitet. Produktf\u00f6rdelar Mekanisk passform och skyddar str\u00e5lkastarsystemet. Systemkomponent f\u00f6r installation [&hellip;]<\/p>","protected":false},"featured_media":6023,"comment_status":"closed","ping_status":"open","template":"","meta":{"_acf_changed":false,"_smort_price_nok":"159","_smort_price_dkk":"101","_smort_price_eur":"13.54","_smort_sale_price_nok":"","_smort_sale_price_dkk":"","_smort_sale_price_eur":"","smort_restorder":"","shipmondo_restorder":"","_kad_blocks_custom_css":"","_kad_blocks_head_custom_js":"","_kad_blocks_body_custom_js":"","_kad_blocks_footer_custom_js":"","smort_custom_pricelist_1":"95.36","smort_custom_pricelist_2":"95.36","smort_custom_pricelist_3":"90.59","smort_custom_pricelist_4":"119.2","smort_custom_pricelist_5":"94.66"},"anvandningsomrade":[],"bilmarken":[],"product_brand":[108],"product_cat":[2841,2466,390],"product_tag":[],"class_list":{"0":"post-6022","1":"product","2":"type-product","3":"status-publish","4":"has-post-thumbnail","6":"product_brand-osram","7":"product_cat-installation-extraljus","8":"product_cat-tacklock","9":"product_cat-installation","11":"first","12":"instock","13":"taxable","14":"shipping-taxable","15":"purchasable","16":"product-type-simple"},"bundled_by":[],"bundle_stock_status":"instock","bundle_stock_quantity":9,"bundle_virtual":false,"bundle_layout":"","bundle_add_to_cart_form_location":"","bundle_editable_in_cart":false,"bundle_sold_individually_context":"","bundle_item_grouping":"","bundle_min_size":"","bundle_max_size":"","bundle_price":[],"bundled_items":[],"bundle_sell_ids":[],"acf":[],"yoast_head":"<!-- This site is optimized with the Yoast SEO plugin v27.0 - https:\/\/yoast.com\/product\/yoast-seo-wordpress\/ -->\n<title>LEDriving\u00ae Street Legal CAP 08 - Xenonkungen<\/title>\n<meta name=\"robots\" content=\"index, follow, max-snippet:-1, max-image-preview:large, max-video-preview:-1\" \/>\n<link rel=\"canonical\" href=\"https:\/\/xenonkungen.com\/fi\/tuote\/ledriving-street-legal-lippis-08\/\" \/>\n<meta property=\"og:locale\" content=\"fi_FI\" \/>\n<meta property=\"og:type\" content=\"article\" \/>\n<meta property=\"og:title\" content=\"LEDriving\u00ae Street Legal CAP 08 - Xenonkungen\" \/>\n<meta property=\"og:description\" content=\"LEDriving CAP 08 LEDriving CAP \u00e4r utvecklad f\u00f6r att s\u00e4kerst\u00e4lla att installationen av H7-LED passar exakt och f\u00f6r att skydda str\u00e5lkastarsystemet. Dessa produkter ers\u00e4tter den ursprungliga korken f\u00f6r att erbjuda en kvalitativ systemkomponent f\u00f6r laglig anv\u00e4ndning. Produktegenskaper M\u00f6jligg\u00f6r installation av H7-LED. Ers\u00e4ttning av originaltopp i OSRAM-kvalitet. Produktf\u00f6rdelar Mekanisk passform och skyddar str\u00e5lkastarsystemet. Systemkomponent f\u00f6r installation [&hellip;]\" \/>\n<meta property=\"og:url\" content=\"https:\/\/xenonkungen.com\/fi\/tuote\/ledriving-street-legal-lippis-08\/\" \/>\n<meta property=\"og:site_name\" content=\"Xenonkungen\" \/>\n<meta property=\"article:modified_time\" content=\"2026-01-08T17:06:04+00:00\" \/>\n<meta property=\"og:image\" content=\"https:\/\/xenonkungen.com\/wp-content\/uploads\/2025\/04\/201848027-origpic-41303b-scaled.jpg\" \/>\n\t<meta property=\"og:image:width\" content=\"2560\" \/>\n\t<meta property=\"og:image:height\" content=\"2560\" \/>\n\t<meta property=\"og:image:type\" content=\"image\/jpeg\" \/>\n<meta name=\"twitter:card\" content=\"summary_large_image\" \/>\n<script type=\"application\/ld+json\" class=\"yoast-schema-graph\">{\"@context\":\"https:\/\/schema.org\",\"@graph\":[{\"@type\":\"WebPage\",\"@id\":\"https:\/\/xenonkungen.com\/produkt\/ledriving-street-legal-cap-08\/\",\"url\":\"https:\/\/xenonkungen.com\/produkt\/ledriving-street-legal-cap-08\/\",\"name\":\"LEDriving\u00ae Street Legal CAP 08 - Xenonkungen\",\"isPartOf\":{\"@id\":\"https:\/\/xenonkungen.com\/#website\"},\"primaryImageOfPage\":{\"@id\":\"https:\/\/xenonkungen.com\/produkt\/ledriving-street-legal-cap-08\/#primaryimage\"},\"image\":{\"@id\":\"https:\/\/xenonkungen.com\/produkt\/ledriving-street-legal-cap-08\/#primaryimage\"},\"thumbnailUrl\":\"https:\/\/xenonkungen.com\/wp-content\/uploads\/2025\/04\/201848027-origpic-41303b-scaled.jpg\",\"datePublished\":\"2025-04-15T09:38:47+00:00\",\"dateModified\":\"2026-01-08T17:06:04+00:00\",\"breadcrumb\":{\"@id\":\"https:\/\/xenonkungen.com\/produkt\/ledriving-street-legal-cap-08\/#breadcrumb\"},\"inLanguage\":\"fi\",\"potentialAction\":[{\"@type\":\"ReadAction\",\"target\":[\"https:\/\/xenonkungen.com\/produkt\/ledriving-street-legal-cap-08\/\"]}]},{\"@type\":\"ImageObject\",\"inLanguage\":\"fi\",\"@id\":\"https:\/\/xenonkungen.com\/produkt\/ledriving-street-legal-cap-08\/#primaryimage\",\"url\":\"https:\/\/xenonkungen.com\/wp-content\/uploads\/2025\/04\/201848027-origpic-41303b-scaled.jpg\",\"contentUrl\":\"https:\/\/xenonkungen.com\/wp-content\/uploads\/2025\/04\/201848027-origpic-41303b-scaled.jpg\",\"width\":2560,\"height\":2560},{\"@type\":\"BreadcrumbList\",\"@id\":\"https:\/\/xenonkungen.com\/produkt\/ledriving-street-legal-cap-08\/#breadcrumb\",\"itemListElement\":[{\"@type\":\"ListItem\",\"position\":1,\"name\":\"Hem\",\"item\":\"https:\/\/xenonkungen.com\/\"},{\"@type\":\"ListItem\",\"position\":2,\"name\":\"Shop\",\"item\":\"https:\/\/xenonkungen.com\/shop\/\"},{\"@type\":\"ListItem\",\"position\":3,\"name\":\"LEDriving\u00ae Street Legal CAP 08\"}]},{\"@type\":\"WebSite\",\"@id\":\"https:\/\/xenonkungen.com\/#website\",\"url\":\"https:\/\/xenonkungen.com\/\",\"name\":\"Xenonkungen\",\"description\":\"\",\"potentialAction\":[{\"@type\":\"SearchAction\",\"target\":{\"@type\":\"EntryPoint\",\"urlTemplate\":\"https:\/\/xenonkungen.com\/?s={search_term_string}\"},\"query-input\":{\"@type\":\"PropertyValueSpecification\",\"valueRequired\":true,\"valueName\":\"search_term_string\"}}],\"inLanguage\":\"fi\"}]}<\/script>\n<!-- \/ Yoast SEO plugin. -->","yoast_head_json":{"title":"LEDriving\u00ae Street Legal CAP 08 - Ksenonkuningas","robots":{"index":"index","follow":"follow","max-snippet":"max-snippet:-1","max-image-preview":"max-image-preview:large","max-video-preview":"max-video-preview:-1"},"canonical":"https:\/\/xenonkungen.com\/fi\/tuote\/ledriving-street-legal-lippis-08\/","og_locale":"fi_FI","og_type":"article","og_title":"LEDriving\u00ae Street Legal CAP 08 - Xenonkungen","og_description":"LEDriving CAP 08 LEDriving CAP \u00e4r utvecklad f\u00f6r att s\u00e4kerst\u00e4lla att installationen av H7-LED passar exakt och f\u00f6r att skydda str\u00e5lkastarsystemet. Dessa produkter ers\u00e4tter den ursprungliga korken f\u00f6r att erbjuda en kvalitativ systemkomponent f\u00f6r laglig anv\u00e4ndning. Produktegenskaper M\u00f6jligg\u00f6r installation av H7-LED. Ers\u00e4ttning av originaltopp i OSRAM-kvalitet. Produktf\u00f6rdelar Mekanisk passform och skyddar str\u00e5lkastarsystemet. Systemkomponent f\u00f6r installation [&hellip;]","og_url":"https:\/\/xenonkungen.com\/fi\/tuote\/ledriving-street-legal-lippis-08\/","og_site_name":"Xenonkungen","article_modified_time":"2026-01-08T17:06:04+00:00","og_image":[{"width":2560,"height":2560,"url":"https:\/\/xenonkungen.com\/wp-content\/uploads\/2025\/04\/201848027-origpic-41303b-scaled.jpg","type":"image\/jpeg"}],"twitter_card":"summary_large_image","schema":{"@context":"https:\/\/schema.org","@graph":[{"@type":"WebPage","@id":"https:\/\/xenonkungen.com\/produkt\/ledriving-street-legal-cap-08\/","url":"https:\/\/xenonkungen.com\/produkt\/ledriving-street-legal-cap-08\/","name":"LEDriving\u00ae Street Legal CAP 08 - Ksenonkuningas","isPartOf":{"@id":"https:\/\/xenonkungen.com\/#website"},"primaryImageOfPage":{"@id":"https:\/\/xenonkungen.com\/produkt\/ledriving-street-legal-cap-08\/#primaryimage"},"image":{"@id":"https:\/\/xenonkungen.com\/produkt\/ledriving-street-legal-cap-08\/#primaryimage"},"thumbnailUrl":"https:\/\/xenonkungen.com\/wp-content\/uploads\/2025\/04\/201848027-origpic-41303b-scaled.jpg","datePublished":"2025-04-15T09:38:47+00:00","dateModified":"2026-01-08T17:06:04+00:00","breadcrumb":{"@id":"https:\/\/xenonkungen.com\/produkt\/ledriving-street-legal-cap-08\/#breadcrumb"},"inLanguage":"fi","potentialAction":[{"@type":"ReadAction","target":["https:\/\/xenonkungen.com\/produkt\/ledriving-street-legal-cap-08\/"]}]},{"@type":"ImageObject","inLanguage":"fi","@id":"https:\/\/xenonkungen.com\/produkt\/ledriving-street-legal-cap-08\/#primaryimage","url":"https:\/\/xenonkungen.com\/wp-content\/uploads\/2025\/04\/201848027-origpic-41303b-scaled.jpg","contentUrl":"https:\/\/xenonkungen.com\/wp-content\/uploads\/2025\/04\/201848027-origpic-41303b-scaled.jpg","width":2560,"height":2560},{"@type":"BreadcrumbList","@id":"https:\/\/xenonkungen.com\/produkt\/ledriving-street-legal-cap-08\/#breadcrumb","itemListElement":[{"@type":"ListItem","position":1,"name":"Hem","item":"https:\/\/xenonkungen.com\/"},{"@type":"ListItem","position":2,"name":"Shop","item":"https:\/\/xenonkungen.com\/shop\/"},{"@type":"ListItem","position":3,"name":"LEDriving\u00ae Street Legal CAP 08"}]},{"@type":"WebSite","@id":"https:\/\/xenonkungen.com\/#website","url":"https:\/\/xenonkungen.com\/","name":"Xenonkungen","description":"","potentialAction":[{"@type":"SearchAction","target":{"@type":"EntryPoint","urlTemplate":"https:\/\/xenonkungen.com\/?s={search_term_string}"},"query-input":{"@type":"PropertyValueSpecification","valueRequired":true,"valueName":"search_term_string"}}],"inLanguage":"fi"}]}},"taxonomy_info":{"product_brand":[{"value":108,"label":"OSRAM"}],"product_cat":[{"value":2841,"label":"Installation extraljus"},{"value":2466,"label":"T\u00e4cklock"},{"value":390,"label":"Installation"}]},"featured_image_src_large":["https:\/\/xenonkungen.com\/wp-content\/uploads\/2025\/04\/201848027-origpic-41303b-1024x1024.jpg",1024,1024,true],"author_info":[],"comment_info":0,"_links":{"self":[{"href":"https:\/\/xenonkungen.com\/fi\/wp-json\/wp\/v2\/product\/6022","targetHints":{"allow":["GET"]}}],"collection":[{"href":"https:\/\/xenonkungen.com\/fi\/wp-json\/wp\/v2\/product"}],"about":[{"href":"https:\/\/xenonkungen.com\/fi\/wp-json\/wp\/v2\/types\/product"}],"replies":[{"embeddable":true,"href":"https:\/\/xenonkungen.com\/fi\/wp-json\/wp\/v2\/comments?post=6022"}],"wp:featuredmedia":[{"embeddable":true,"href":"https:\/\/xenonkungen.com\/fi\/wp-json\/wp\/v2\/media\/6023"}],"wp:attachment":[{"href":"https:\/\/xenonkungen.com\/fi\/wp-json\/wp\/v2\/media?parent=6022"}],"wp:term":[{"taxonomy":"anvandningsomrade","embeddable":true,"href":"https:\/\/xenonkungen.com\/fi\/wp-json\/wp\/v2\/anvandningsomrade?post=6022"},{"taxonomy":"bilmarken","embeddable":true,"href":"https:\/\/xenonkungen.com\/fi\/wp-json\/wp\/v2\/bilmarken?post=6022"},{"taxonomy":"product_brand","embeddable":true,"href":"https:\/\/xenonkungen.com\/fi\/wp-json\/wp\/v2\/product_brand?post=6022"},{"taxonomy":"product_cat","embeddable":true,"href":"https:\/\/xenonkungen.com\/fi\/wp-json\/wp\/v2\/product_cat?post=6022"},{"taxonomy":"product_tag","embeddable":true,"href":"https:\/\/xenonkungen.com\/fi\/wp-json\/wp\/v2\/product_tag?post=6022"}],"curies":[{"name":"wp","href":"https:\/\/api.w.org\/{rel}","templated":true}]}}