{"id":6047,"date":"2025-04-15T09:39:25","date_gmt":"2025-04-15T09:39:25","guid":{"rendered":"https:\/\/xenonkungen.com\/product\/ledriving-street-legal-smart-can-bus-01\/"},"modified":"2026-04-11T01:34:22","modified_gmt":"2026-04-11T00:34:22","slug":"ledriving-katu-laillinen-alykas-purkkibussi-01","status":"publish","type":"product","link":"https:\/\/xenonkungen.com\/fi\/tuote\/ledriving-katu-laillinen-alykas-purkkibussi-01\/","title":{"rendered":"LEDriving\u00ae Street Legal SMART CAN BUS 01"},"content":{"rendered":"<p><strong>LEDriving\u00ae \u00c4lyk\u00e4s Canbus 01<\/strong><\/p>\n<p>Mukauta niin, ett\u00e4 LED-p\u00e4ivityksesi toimii moitteettomasti. <br \/>LEDriving\u00ae Smart Canbus ohittaa ajoneuvon lamppujen vianilmaisuj\u00e4rjestelm\u00e4n k\u00e4ytett\u00e4ess\u00e4 j\u00e4lkiasennettavaa H7 LED -polttimoa. Ohjausyksikk\u00f6 on helppo asentaa ja yhteensopiva useimpien ajoneuvomallien kanssa, joissa on automaattinen tunnistusj\u00e4rjestelm\u00e4. Smart Canbus tarjoaa my\u00f6s v\u00e4lkkym\u00e4tt\u00f6m\u00e4n valaistuksen ajoneuvon ajovaloissa. Vain Osram Night Breaker\u00ae LED -lamppujen ja virallisten Osram-lis\u00e4varusteiden \u2013 LEDriving\u00ae-sovittimen ja LEDriving\u00ae Smart Canbusin (tarvittaessa) \u2013 k\u00e4ytt\u00f6 on sallittua. Canbus-ohjausyksik\u00f6iden valinnaista k\u00e4ytt\u00f6\u00e4 suositellaan, jos ajoneuvon tietokoneessa on mahdollinen virheilmoitus ajoneuvon varusteista riippuen. <\/p>\n<p><strong>Tekninen eritelm\u00e4<\/strong><br \/>Yleinen Canbus H7-liittimille<br \/>Nimellisteho: 12 W<br \/>Elinik\u00e4: 2 500 tuntia (B3 ja Tc)<br \/>Takuu: jopa 3 vuotta<br \/>Teknologia: LED-lis\u00e4varusteet<\/p>\n<p><strong>Sopii automalleihin:<\/strong><\/p>\n<p><strong>Fordin:<br \/><\/strong>\u2013 Focus (MK3) (Oikeanpuoleinen ohjaus) 2010-2014<br \/>\u2013 Transit \/ Tourneo (V363) 2014-<\/p>\n<p><strong>Mercedes:<\/strong><br \/>\u2013 A-sarja (W169) 2004-2008<br \/>\u2013 C-sarja (W203\/S203) 2000\u20132004<br \/>\u2013 C-sarja (W203 CL) 2001\u20132004<br \/>\u2013 C-sarja (W204\/S204) 2007-2014<br \/>\u2013 C-sarja (W204\/S204) Facelift 2011-2014<br \/>\u2013 SLK (R172) 2011-2020<br \/>\u2013 Sprinter (W906\/B906) 2006\u20132013<br \/>- Vito (W447) 2014-2019<\/p>\n<p><strong>Opel:<\/strong><br \/>\u2013 Astra (H) 2004\u20132010<br \/>\u2013 Astra (PJ) 2009-<br \/>\u2013 Astra Sports Tourer (PJ\/SW) 2009-<br \/>\u2013 Astra Van (PJ\/V) 2009-<br \/>\u2013 Astra Sports Tourer Van (PJ\/SW\/V) 2009-<br \/>\u2013 Corsa (E) 2014\u20132019<br \/>\u2013 Meriva (B) 2010\u20132014<br \/>\u2013 Meriva (B) 2014\u20132017<br \/>\u2013 Zafira C \/ Tourer 2016-2019<\/p>","protected":false},"excerpt":{"rendered":"<p>LEDriving\u00ae Smart Canbus 01 Anpassa s\u00e5 din uppgradering till LED fungerar felfritt. LEDriving\u00ae Smart Canbus kringg\u00e5r fordonets feldetekteringssystem f\u00f6r lampor n\u00e4r man anv\u00e4nder en retrofitlampa H7 LED. Styrenheten erbjuder en enkel installation och \u00e4r kompatibel med de flesta fordonsmodeller med automatiskt detekteringssystem. Smart Canbus erbjuder \u00e4ven flimmerfri belysning i fordonets str\u00e5lkastare. Endast kombinationen av Osram [&hellip;]<\/p>","protected":false},"featured_media":6048,"comment_status":"closed","ping_status":"open","template":"","meta":{"_acf_changed":false,"_smort_price_nok":"454","_smort_price_dkk":"288","_smort_price_eur":"38.63","_smort_sale_price_nok":"","_smort_sale_price_dkk":"","_smort_sale_price_eur":"28.98","smort_restorder":"","shipmondo_restorder":"","_kad_blocks_custom_css":"","_kad_blocks_head_custom_js":"","_kad_blocks_body_custom_js":"","_kad_blocks_footer_custom_js":"","smort_custom_pricelist_1":"272","smort_custom_pricelist_2":"272","smort_custom_pricelist_3":"258.4","smort_custom_pricelist_4":"340","smort_custom_pricelist_5":"270.02"},"anvandningsomrade":[],"bilmarken":[],"product_brand":[108],"product_cat":[2487,390],"product_tag":[],"class_list":{"0":"post-6047","1":"product","2":"type-product","3":"status-publish","4":"has-post-thumbnail","6":"product_brand-osram","7":"product_cat-canbus-installation","8":"product_cat-installation","9":"pa_faktisk-effekts-forbrukning-715","10":"pa_volt-v-159","12":"first","13":"onbackorder","14":"taxable","15":"shipping-taxable","16":"purchasable","17":"product-type-simple"},"bundled_by":[],"bundle_stock_status":"onbackorder","bundle_stock_quantity":-6,"bundle_virtual":false,"bundle_layout":"","bundle_add_to_cart_form_location":"","bundle_editable_in_cart":false,"bundle_sold_individually_context":"","bundle_item_grouping":"","bundle_min_size":"","bundle_max_size":"","bundle_price":[],"bundled_items":[],"bundle_sell_ids":[],"acf":[],"yoast_head":"<!-- This site is optimized with the Yoast SEO plugin v27.0 - https:\/\/yoast.com\/product\/yoast-seo-wordpress\/ -->\n<title>LEDriving\u00ae Street Legal SMART CAN BUS 01 - Xenonkungen<\/title>\n<meta name=\"robots\" content=\"index, follow, max-snippet:-1, max-image-preview:large, max-video-preview:-1\" \/>\n<link rel=\"canonical\" href=\"https:\/\/xenonkungen.com\/fi\/tuote\/ledriving-katu-laillinen-alykas-purkkibussi-01\/\" \/>\n<meta property=\"og:locale\" content=\"fi_FI\" \/>\n<meta property=\"og:type\" content=\"article\" \/>\n<meta property=\"og:title\" content=\"LEDriving\u00ae Street Legal SMART CAN BUS 01 - Xenonkungen\" \/>\n<meta property=\"og:description\" content=\"LEDriving\u00ae Smart Canbus 01 Anpassa s\u00e5 din uppgradering till LED fungerar felfritt. LEDriving\u00ae Smart Canbus kringg\u00e5r fordonets feldetekteringssystem f\u00f6r lampor n\u00e4r man anv\u00e4nder en retrofitlampa H7 LED. Styrenheten erbjuder en enkel installation och \u00e4r kompatibel med de flesta fordonsmodeller med automatiskt detekteringssystem. Smart Canbus erbjuder \u00e4ven flimmerfri belysning i fordonets str\u00e5lkastare. Endast kombinationen av Osram [&hellip;]\" \/>\n<meta property=\"og:url\" content=\"https:\/\/xenonkungen.com\/fi\/tuote\/ledriving-katu-laillinen-alykas-purkkibussi-01\/\" \/>\n<meta property=\"og:site_name\" content=\"Xenonkungen\" \/>\n<meta property=\"article:modified_time\" content=\"2026-04-11T00:34:22+00:00\" \/>\n<meta property=\"og:image\" content=\"https:\/\/xenonkungen.com\/wp-content\/uploads\/2025\/04\/201848041-origpic-6fc583-scaled.jpg\" \/>\n\t<meta property=\"og:image:width\" content=\"2560\" \/>\n\t<meta property=\"og:image:height\" content=\"2560\" \/>\n\t<meta property=\"og:image:type\" content=\"image\/jpeg\" \/>\n<meta name=\"twitter:card\" content=\"summary_large_image\" \/>\n<meta name=\"twitter:label1\" content=\"Arvioitu lukuaika\" \/>\n\t<meta name=\"twitter:data1\" content=\"1 minuutti\" \/>\n<script type=\"application\/ld+json\" class=\"yoast-schema-graph\">{\"@context\":\"https:\/\/schema.org\",\"@graph\":[{\"@type\":\"WebPage\",\"@id\":\"https:\/\/xenonkungen.com\/produkt\/ledriving-street-legal-smart-can-bus-01\/\",\"url\":\"https:\/\/xenonkungen.com\/produkt\/ledriving-street-legal-smart-can-bus-01\/\",\"name\":\"LEDriving\u00ae Street Legal SMART CAN BUS 01 - Xenonkungen\",\"isPartOf\":{\"@id\":\"https:\/\/xenonkungen.com\/#website\"},\"primaryImageOfPage\":{\"@id\":\"https:\/\/xenonkungen.com\/produkt\/ledriving-street-legal-smart-can-bus-01\/#primaryimage\"},\"image\":{\"@id\":\"https:\/\/xenonkungen.com\/produkt\/ledriving-street-legal-smart-can-bus-01\/#primaryimage\"},\"thumbnailUrl\":\"https:\/\/xenonkungen.com\/wp-content\/uploads\/2025\/04\/201848041-origpic-6fc583-scaled.jpg\",\"datePublished\":\"2025-04-15T09:39:25+00:00\",\"dateModified\":\"2026-04-11T00:34:22+00:00\",\"breadcrumb\":{\"@id\":\"https:\/\/xenonkungen.com\/produkt\/ledriving-street-legal-smart-can-bus-01\/#breadcrumb\"},\"inLanguage\":\"fi\",\"potentialAction\":[{\"@type\":\"ReadAction\",\"target\":[\"https:\/\/xenonkungen.com\/produkt\/ledriving-street-legal-smart-can-bus-01\/\"]}]},{\"@type\":\"ImageObject\",\"inLanguage\":\"fi\",\"@id\":\"https:\/\/xenonkungen.com\/produkt\/ledriving-street-legal-smart-can-bus-01\/#primaryimage\",\"url\":\"https:\/\/xenonkungen.com\/wp-content\/uploads\/2025\/04\/201848041-origpic-6fc583-scaled.jpg\",\"contentUrl\":\"https:\/\/xenonkungen.com\/wp-content\/uploads\/2025\/04\/201848041-origpic-6fc583-scaled.jpg\",\"width\":2560,\"height\":2560},{\"@type\":\"BreadcrumbList\",\"@id\":\"https:\/\/xenonkungen.com\/produkt\/ledriving-street-legal-smart-can-bus-01\/#breadcrumb\",\"itemListElement\":[{\"@type\":\"ListItem\",\"position\":1,\"name\":\"Hem\",\"item\":\"https:\/\/xenonkungen.com\/\"},{\"@type\":\"ListItem\",\"position\":2,\"name\":\"Shop\",\"item\":\"https:\/\/xenonkungen.com\/shop\/\"},{\"@type\":\"ListItem\",\"position\":3,\"name\":\"LEDriving\u00ae Street Legal SMART CAN BUS 01\"}]},{\"@type\":\"WebSite\",\"@id\":\"https:\/\/xenonkungen.com\/#website\",\"url\":\"https:\/\/xenonkungen.com\/\",\"name\":\"Xenonkungen\",\"description\":\"\",\"potentialAction\":[{\"@type\":\"SearchAction\",\"target\":{\"@type\":\"EntryPoint\",\"urlTemplate\":\"https:\/\/xenonkungen.com\/?s={search_term_string}\"},\"query-input\":{\"@type\":\"PropertyValueSpecification\",\"valueRequired\":true,\"valueName\":\"search_term_string\"}}],\"inLanguage\":\"fi\"}]}<\/script>\n<!-- \/ Yoast SEO plugin. -->","yoast_head_json":{"title":"LEDriving\u00ae Street Legal SMART CAN BUS 01 - Xenon-kuningas","robots":{"index":"index","follow":"follow","max-snippet":"max-snippet:-1","max-image-preview":"max-image-preview:large","max-video-preview":"max-video-preview:-1"},"canonical":"https:\/\/xenonkungen.com\/fi\/tuote\/ledriving-katu-laillinen-alykas-purkkibussi-01\/","og_locale":"fi_FI","og_type":"article","og_title":"LEDriving\u00ae Street Legal SMART CAN BUS 01 - Xenonkungen","og_description":"LEDriving\u00ae Smart Canbus 01 Anpassa s\u00e5 din uppgradering till LED fungerar felfritt. LEDriving\u00ae Smart Canbus kringg\u00e5r fordonets feldetekteringssystem f\u00f6r lampor n\u00e4r man anv\u00e4nder en retrofitlampa H7 LED. Styrenheten erbjuder en enkel installation och \u00e4r kompatibel med de flesta fordonsmodeller med automatiskt detekteringssystem. Smart Canbus erbjuder \u00e4ven flimmerfri belysning i fordonets str\u00e5lkastare. Endast kombinationen av Osram [&hellip;]","og_url":"https:\/\/xenonkungen.com\/fi\/tuote\/ledriving-katu-laillinen-alykas-purkkibussi-01\/","og_site_name":"Xenonkungen","article_modified_time":"2026-04-11T00:34:22+00:00","og_image":[{"width":2560,"height":2560,"url":"https:\/\/xenonkungen.com\/wp-content\/uploads\/2025\/04\/201848041-origpic-6fc583-scaled.jpg","type":"image\/jpeg"}],"twitter_card":"summary_large_image","twitter_misc":{"Arvioitu lukuaika":"1 minuutti"},"schema":{"@context":"https:\/\/schema.org","@graph":[{"@type":"WebPage","@id":"https:\/\/xenonkungen.com\/produkt\/ledriving-street-legal-smart-can-bus-01\/","url":"https:\/\/xenonkungen.com\/produkt\/ledriving-street-legal-smart-can-bus-01\/","name":"LEDriving\u00ae Street Legal SMART CAN BUS 01 - Xenon-kuningas","isPartOf":{"@id":"https:\/\/xenonkungen.com\/#website"},"primaryImageOfPage":{"@id":"https:\/\/xenonkungen.com\/produkt\/ledriving-street-legal-smart-can-bus-01\/#primaryimage"},"image":{"@id":"https:\/\/xenonkungen.com\/produkt\/ledriving-street-legal-smart-can-bus-01\/#primaryimage"},"thumbnailUrl":"https:\/\/xenonkungen.com\/wp-content\/uploads\/2025\/04\/201848041-origpic-6fc583-scaled.jpg","datePublished":"2025-04-15T09:39:25+00:00","dateModified":"2026-04-11T00:34:22+00:00","breadcrumb":{"@id":"https:\/\/xenonkungen.com\/produkt\/ledriving-street-legal-smart-can-bus-01\/#breadcrumb"},"inLanguage":"fi","potentialAction":[{"@type":"ReadAction","target":["https:\/\/xenonkungen.com\/produkt\/ledriving-street-legal-smart-can-bus-01\/"]}]},{"@type":"ImageObject","inLanguage":"fi","@id":"https:\/\/xenonkungen.com\/produkt\/ledriving-street-legal-smart-can-bus-01\/#primaryimage","url":"https:\/\/xenonkungen.com\/wp-content\/uploads\/2025\/04\/201848041-origpic-6fc583-scaled.jpg","contentUrl":"https:\/\/xenonkungen.com\/wp-content\/uploads\/2025\/04\/201848041-origpic-6fc583-scaled.jpg","width":2560,"height":2560},{"@type":"BreadcrumbList","@id":"https:\/\/xenonkungen.com\/produkt\/ledriving-street-legal-smart-can-bus-01\/#breadcrumb","itemListElement":[{"@type":"ListItem","position":1,"name":"Hem","item":"https:\/\/xenonkungen.com\/"},{"@type":"ListItem","position":2,"name":"Shop","item":"https:\/\/xenonkungen.com\/shop\/"},{"@type":"ListItem","position":3,"name":"LEDriving\u00ae Street Legal SMART CAN BUS 01"}]},{"@type":"WebSite","@id":"https:\/\/xenonkungen.com\/#website","url":"https:\/\/xenonkungen.com\/","name":"Xenonkungen","description":"","potentialAction":[{"@type":"SearchAction","target":{"@type":"EntryPoint","urlTemplate":"https:\/\/xenonkungen.com\/?s={search_term_string}"},"query-input":{"@type":"PropertyValueSpecification","valueRequired":true,"valueName":"search_term_string"}}],"inLanguage":"fi"}]}},"taxonomy_info":{"product_brand":[{"value":108,"label":"OSRAM"}],"product_cat":[{"value":2487,"label":"Canbus"},{"value":390,"label":"Installation"}],"pa_faktisk-effekts-forbrukning":[{"value":715,"label":"12"}],"pa_volt-v":[{"value":159,"label":"12"}]},"featured_image_src_large":["https:\/\/xenonkungen.com\/wp-content\/uploads\/2025\/04\/201848041-origpic-6fc583-1024x1024.jpg",1024,1024,true],"author_info":[],"comment_info":1,"_links":{"self":[{"href":"https:\/\/xenonkungen.com\/fi\/wp-json\/wp\/v2\/product\/6047","targetHints":{"allow":["GET"]}}],"collection":[{"href":"https:\/\/xenonkungen.com\/fi\/wp-json\/wp\/v2\/product"}],"about":[{"href":"https:\/\/xenonkungen.com\/fi\/wp-json\/wp\/v2\/types\/product"}],"replies":[{"embeddable":true,"href":"https:\/\/xenonkungen.com\/fi\/wp-json\/wp\/v2\/comments?post=6047"}],"wp:featuredmedia":[{"embeddable":true,"href":"https:\/\/xenonkungen.com\/fi\/wp-json\/wp\/v2\/media\/6048"}],"wp:attachment":[{"href":"https:\/\/xenonkungen.com\/fi\/wp-json\/wp\/v2\/media?parent=6047"}],"wp:term":[{"taxonomy":"anvandningsomrade","embeddable":true,"href":"https:\/\/xenonkungen.com\/fi\/wp-json\/wp\/v2\/anvandningsomrade?post=6047"},{"taxonomy":"bilmarken","embeddable":true,"href":"https:\/\/xenonkungen.com\/fi\/wp-json\/wp\/v2\/bilmarken?post=6047"},{"taxonomy":"product_brand","embeddable":true,"href":"https:\/\/xenonkungen.com\/fi\/wp-json\/wp\/v2\/product_brand?post=6047"},{"taxonomy":"product_cat","embeddable":true,"href":"https:\/\/xenonkungen.com\/fi\/wp-json\/wp\/v2\/product_cat?post=6047"},{"taxonomy":"product_tag","embeddable":true,"href":"https:\/\/xenonkungen.com\/fi\/wp-json\/wp\/v2\/product_tag?post=6047"}],"curies":[{"name":"wp","href":"https:\/\/api.w.org\/{rel}","templated":true}]}}