{"id":6053,"date":"2025-04-15T09:40:06","date_gmt":"2025-04-15T09:40:06","guid":{"rendered":"https:\/\/xenonkungen.com\/product\/ledriving-ledriving-street-legal-smart-can-bus-03\/"},"modified":"2025-12-10T14:47:20","modified_gmt":"2025-12-10T13:47:20","slug":"ledriving-ledriving-katu-laillinen-alykas-purkkibussi-03","status":"publish","type":"product","link":"https:\/\/xenonkungen.com\/fi\/tuote\/ledriving-ledriving-katu-laillinen-alykas-purkkibussi-03\/","title":{"rendered":"LEDriving\u00ae LEDriving\u00ae Street Legal \u00c4LYK\u00c4S CAN-BUS 03"},"content":{"rendered":"<p><strong>LEDriving\u00ae \u00c4lyk\u00e4s Canbus 03<\/strong><\/p>\n<p>Mukauta niin, ett\u00e4 LED-p\u00e4ivityksesi toimii moitteettomasti. <br \/>LEDriving\u00ae Smart Canbus 03 ohittaa ajoneuvon lamppujen vianilmaisuj\u00e4rjestelm\u00e4n k\u00e4ytett\u00e4ess\u00e4 j\u00e4lkiasennettavaa H7 LED -polttimoa. Ohjausyksikk\u00f6 on helppo asentaa ja yhteensopiva useimpien ajoneuvomallien kanssa, joissa on automaattinen tunnistusj\u00e4rjestelm\u00e4. Smart Canbus tarjoaa my\u00f6s v\u00e4lkkym\u00e4tt\u00f6m\u00e4n valaistuksen ajoneuvon ajovaloissa. Vain Osram Night Breaker\u00ae LED -lamppujen ja virallisten Osram-lis\u00e4varusteiden \u2013 LEDriving\u00ae-sovittimen ja LEDriving\u00ae Smart Canbusin (tarvittaessa) \u2013 k\u00e4ytt\u00f6 on sallittua. Canbus-ohjausyksik\u00f6iden valinnaista k\u00e4ytt\u00f6\u00e4 suositellaan, jos ajoneuvon tietokoneessa on mahdollinen virheilmoitus ajoneuvon varusteista riippuen. <\/p>\n<p><strong>Tekninen eritelm\u00e4<\/strong><br \/>Sopii yleisesti BMW-autoihin<br \/>Nimellisteho: 12 W<br \/>Elinik\u00e4: 2 500 tuntia (B3 ja Tc)<br \/>Takuu: jopa 3 vuotta<br \/>Teknologia: LED-lis\u00e4varusteet<\/p>\n<p><strong>Sopii automalleihin:<\/strong><\/p>\n<p><strong>BMW:<br \/><\/strong>\u2013 1er (F20\/F21) Kasvojenkohotus 2015-2019<br \/>\u2013 2er Active Tourer (UKL-L\/F45) 2014-<br \/>\u2013 2er Gran Tourer (UKL-L\/F46) 2014-<br \/>\u2013 2er Active Tourer F2AT UKL-L (F45) Facelift 2018-<br \/>\u2013 2er Gran Tourer F2GT UKL-L (F46) Facelift 2018-<br \/>\u2013 2er (F22\/F23\/F87) 2014-2017<br \/>\u2013 3er (F30\/F31\/F80) 2011-2015<br \/>\u2013 X1 (F48) 2015-<br \/>\u2013 1er (F20\/F21) Kasvojenkohotus 2015-2019<br \/>\u2013 2er Active Tourer (UKL-L\/F45) 2014-<br \/>\u2013 2er Gran Tourer (UKL-L\/F46) 2014-\u00a0<br \/>\u2013 2er Active Tourer F2AT UKL-L (F45) Facelift 2018-<br \/>\u2013 2er Gran Tourer F2GT UKL-L (F46) Facelift 2018-<br \/>\u2013 2er (F22\/F23\/F87) 2014-2017<br \/>\u2013 3er (F30\/F31\/F80) 2011-2015<br \/>\u2013 X1 (F48) 2015-<\/p>","protected":false},"excerpt":{"rendered":"<p>LEDriving\u00ae Smart Canbus 03 Anpassa s\u00e5 din uppgradering till LED fungerar felfritt. LEDriving\u00ae Smart Canbus 03 kringg\u00e5r fordonets feldetekteringssystem f\u00f6r lampor n\u00e4r man anv\u00e4nder en retrofitlampa H7 LED. Styrenheten erbjuder en enkel installation och \u00e4r kompatibel med de flesta fordonsmodeller med automatiskt detekteringssystem. Smart Canbus erbjuder \u00e4ven flimmerfri belysning i fordonets str\u00e5lkastare. Endast kombinationen av [&hellip;]<\/p>","protected":false},"featured_media":6054,"comment_status":"closed","ping_status":"open","template":"","meta":{"_acf_changed":false,"_smort_price_nok":"956","_smort_price_dkk":"607","_smort_price_eur":"81.36","_smort_sale_price_nok":"","_smort_sale_price_dkk":"","_smort_sale_price_eur":"","smort_restorder":"","shipmondo_restorder":"","_kad_blocks_custom_css":"","_kad_blocks_head_custom_js":"","_kad_blocks_body_custom_js":"","_kad_blocks_footer_custom_js":"","smort_custom_pricelist_1":"572.8","smort_custom_pricelist_2":"572.8","smort_custom_pricelist_3":"544.16","smort_custom_pricelist_4":"716","smort_custom_pricelist_5":"568.62"},"anvandningsomrade":[],"bilmarken":[],"product_brand":[108],"product_cat":[2487,2841,2828,390],"product_tag":[],"class_list":{"0":"post-6053","1":"product","2":"type-product","3":"status-publish","4":"has-post-thumbnail","6":"product_brand-osram","7":"product_cat-canbus-installation","8":"product_cat-installation-extraljus","9":"product_cat-installation-led-ramper","10":"product_cat-installation","11":"pa_faktisk-effekts-forbrukning-715","12":"pa_volt-v-159","14":"first","15":"instock","16":"taxable","17":"shipping-taxable","18":"purchasable","19":"product-type-simple"},"bundled_by":[],"bundle_stock_status":"instock","bundle_stock_quantity":2,"bundle_virtual":false,"bundle_layout":"","bundle_add_to_cart_form_location":"","bundle_editable_in_cart":false,"bundle_sold_individually_context":"","bundle_item_grouping":"","bundle_min_size":"","bundle_max_size":"","bundle_price":[],"bundled_items":[],"bundle_sell_ids":[],"acf":[],"yoast_head":"<!-- This site is optimized with the Yoast SEO plugin v27.0 - https:\/\/yoast.com\/product\/yoast-seo-wordpress\/ -->\n<title>LEDriving\u00ae LEDriving\u00ae Street Legal SMART CAN BUS 03 - Xenonkungen<\/title>\n<meta name=\"robots\" content=\"index, follow, max-snippet:-1, max-image-preview:large, max-video-preview:-1\" \/>\n<link rel=\"canonical\" href=\"https:\/\/xenonkungen.com\/fi\/tuote\/ledriving-ledriving-katu-laillinen-alykas-purkkibussi-03\/\" \/>\n<meta property=\"og:locale\" content=\"fi_FI\" \/>\n<meta property=\"og:type\" content=\"article\" \/>\n<meta property=\"og:title\" content=\"LEDriving\u00ae LEDriving\u00ae Street Legal SMART CAN BUS 03 - Xenonkungen\" \/>\n<meta property=\"og:description\" content=\"LEDriving\u00ae Smart Canbus 03 Anpassa s\u00e5 din uppgradering till LED fungerar felfritt. LEDriving\u00ae Smart Canbus 03 kringg\u00e5r fordonets feldetekteringssystem f\u00f6r lampor n\u00e4r man anv\u00e4nder en retrofitlampa H7 LED. Styrenheten erbjuder en enkel installation och \u00e4r kompatibel med de flesta fordonsmodeller med automatiskt detekteringssystem. Smart Canbus erbjuder \u00e4ven flimmerfri belysning i fordonets str\u00e5lkastare. Endast kombinationen av [&hellip;]\" \/>\n<meta property=\"og:url\" content=\"https:\/\/xenonkungen.com\/fi\/tuote\/ledriving-ledriving-katu-laillinen-alykas-purkkibussi-03\/\" \/>\n<meta property=\"og:site_name\" content=\"Xenonkungen\" \/>\n<meta property=\"article:modified_time\" content=\"2025-12-10T13:47:20+00:00\" \/>\n<meta property=\"og:image\" content=\"https:\/\/xenonkungen.com\/wp-content\/uploads\/2025\/04\/201848047-origpic-d9e3eb-scaled.jpg\" \/>\n\t<meta property=\"og:image:width\" content=\"2560\" \/>\n\t<meta property=\"og:image:height\" content=\"2560\" \/>\n\t<meta property=\"og:image:type\" content=\"image\/jpeg\" \/>\n<meta name=\"twitter:card\" content=\"summary_large_image\" \/>\n<meta name=\"twitter:label1\" content=\"Arvioitu lukuaika\" \/>\n\t<meta name=\"twitter:data1\" content=\"1 minuutti\" \/>\n<script type=\"application\/ld+json\" class=\"yoast-schema-graph\">{\"@context\":\"https:\/\/schema.org\",\"@graph\":[{\"@type\":\"WebPage\",\"@id\":\"https:\/\/xenonkungen.com\/produkt\/ledriving-ledriving-street-legal-smart-can-bus-03\/\",\"url\":\"https:\/\/xenonkungen.com\/produkt\/ledriving-ledriving-street-legal-smart-can-bus-03\/\",\"name\":\"LEDriving\u00ae LEDriving\u00ae Street Legal SMART CAN BUS 03 - Xenonkungen\",\"isPartOf\":{\"@id\":\"https:\/\/xenonkungen.com\/#website\"},\"primaryImageOfPage\":{\"@id\":\"https:\/\/xenonkungen.com\/produkt\/ledriving-ledriving-street-legal-smart-can-bus-03\/#primaryimage\"},\"image\":{\"@id\":\"https:\/\/xenonkungen.com\/produkt\/ledriving-ledriving-street-legal-smart-can-bus-03\/#primaryimage\"},\"thumbnailUrl\":\"https:\/\/xenonkungen.com\/wp-content\/uploads\/2025\/04\/201848047-origpic-d9e3eb-scaled.jpg\",\"datePublished\":\"2025-04-15T09:40:06+00:00\",\"dateModified\":\"2025-12-10T13:47:20+00:00\",\"breadcrumb\":{\"@id\":\"https:\/\/xenonkungen.com\/produkt\/ledriving-ledriving-street-legal-smart-can-bus-03\/#breadcrumb\"},\"inLanguage\":\"fi\",\"potentialAction\":[{\"@type\":\"ReadAction\",\"target\":[\"https:\/\/xenonkungen.com\/produkt\/ledriving-ledriving-street-legal-smart-can-bus-03\/\"]}]},{\"@type\":\"ImageObject\",\"inLanguage\":\"fi\",\"@id\":\"https:\/\/xenonkungen.com\/produkt\/ledriving-ledriving-street-legal-smart-can-bus-03\/#primaryimage\",\"url\":\"https:\/\/xenonkungen.com\/wp-content\/uploads\/2025\/04\/201848047-origpic-d9e3eb-scaled.jpg\",\"contentUrl\":\"https:\/\/xenonkungen.com\/wp-content\/uploads\/2025\/04\/201848047-origpic-d9e3eb-scaled.jpg\",\"width\":2560,\"height\":2560},{\"@type\":\"BreadcrumbList\",\"@id\":\"https:\/\/xenonkungen.com\/produkt\/ledriving-ledriving-street-legal-smart-can-bus-03\/#breadcrumb\",\"itemListElement\":[{\"@type\":\"ListItem\",\"position\":1,\"name\":\"Hem\",\"item\":\"https:\/\/xenonkungen.com\/\"},{\"@type\":\"ListItem\",\"position\":2,\"name\":\"Shop\",\"item\":\"https:\/\/xenonkungen.com\/shop\/\"},{\"@type\":\"ListItem\",\"position\":3,\"name\":\"LEDriving\u00ae LEDriving\u00ae Street Legal SMART CAN BUS 03\"}]},{\"@type\":\"WebSite\",\"@id\":\"https:\/\/xenonkungen.com\/#website\",\"url\":\"https:\/\/xenonkungen.com\/\",\"name\":\"Xenonkungen\",\"description\":\"\",\"potentialAction\":[{\"@type\":\"SearchAction\",\"target\":{\"@type\":\"EntryPoint\",\"urlTemplate\":\"https:\/\/xenonkungen.com\/?s={search_term_string}\"},\"query-input\":{\"@type\":\"PropertyValueSpecification\",\"valueRequired\":true,\"valueName\":\"search_term_string\"}}],\"inLanguage\":\"fi\"}]}<\/script>\n<!-- \/ Yoast SEO plugin. -->","yoast_head_json":{"title":"LEDriving\u00ae LEDriving\u00ae Street Legal SMART CAN BUS 03 - Xenon-kuningas","robots":{"index":"index","follow":"follow","max-snippet":"max-snippet:-1","max-image-preview":"max-image-preview:large","max-video-preview":"max-video-preview:-1"},"canonical":"https:\/\/xenonkungen.com\/fi\/tuote\/ledriving-ledriving-katu-laillinen-alykas-purkkibussi-03\/","og_locale":"fi_FI","og_type":"article","og_title":"LEDriving\u00ae LEDriving\u00ae Street Legal SMART CAN BUS 03 - Xenonkungen","og_description":"LEDriving\u00ae Smart Canbus 03 Anpassa s\u00e5 din uppgradering till LED fungerar felfritt. LEDriving\u00ae Smart Canbus 03 kringg\u00e5r fordonets feldetekteringssystem f\u00f6r lampor n\u00e4r man anv\u00e4nder en retrofitlampa H7 LED. Styrenheten erbjuder en enkel installation och \u00e4r kompatibel med de flesta fordonsmodeller med automatiskt detekteringssystem. Smart Canbus erbjuder \u00e4ven flimmerfri belysning i fordonets str\u00e5lkastare. Endast kombinationen av [&hellip;]","og_url":"https:\/\/xenonkungen.com\/fi\/tuote\/ledriving-ledriving-katu-laillinen-alykas-purkkibussi-03\/","og_site_name":"Xenonkungen","article_modified_time":"2025-12-10T13:47:20+00:00","og_image":[{"width":2560,"height":2560,"url":"https:\/\/xenonkungen.com\/wp-content\/uploads\/2025\/04\/201848047-origpic-d9e3eb-scaled.jpg","type":"image\/jpeg"}],"twitter_card":"summary_large_image","twitter_misc":{"Arvioitu lukuaika":"1 minuutti"},"schema":{"@context":"https:\/\/schema.org","@graph":[{"@type":"WebPage","@id":"https:\/\/xenonkungen.com\/produkt\/ledriving-ledriving-street-legal-smart-can-bus-03\/","url":"https:\/\/xenonkungen.com\/produkt\/ledriving-ledriving-street-legal-smart-can-bus-03\/","name":"LEDriving\u00ae LEDriving\u00ae Street Legal SMART CAN BUS 03 - Xenon-kuningas","isPartOf":{"@id":"https:\/\/xenonkungen.com\/#website"},"primaryImageOfPage":{"@id":"https:\/\/xenonkungen.com\/produkt\/ledriving-ledriving-street-legal-smart-can-bus-03\/#primaryimage"},"image":{"@id":"https:\/\/xenonkungen.com\/produkt\/ledriving-ledriving-street-legal-smart-can-bus-03\/#primaryimage"},"thumbnailUrl":"https:\/\/xenonkungen.com\/wp-content\/uploads\/2025\/04\/201848047-origpic-d9e3eb-scaled.jpg","datePublished":"2025-04-15T09:40:06+00:00","dateModified":"2025-12-10T13:47:20+00:00","breadcrumb":{"@id":"https:\/\/xenonkungen.com\/produkt\/ledriving-ledriving-street-legal-smart-can-bus-03\/#breadcrumb"},"inLanguage":"fi","potentialAction":[{"@type":"ReadAction","target":["https:\/\/xenonkungen.com\/produkt\/ledriving-ledriving-street-legal-smart-can-bus-03\/"]}]},{"@type":"ImageObject","inLanguage":"fi","@id":"https:\/\/xenonkungen.com\/produkt\/ledriving-ledriving-street-legal-smart-can-bus-03\/#primaryimage","url":"https:\/\/xenonkungen.com\/wp-content\/uploads\/2025\/04\/201848047-origpic-d9e3eb-scaled.jpg","contentUrl":"https:\/\/xenonkungen.com\/wp-content\/uploads\/2025\/04\/201848047-origpic-d9e3eb-scaled.jpg","width":2560,"height":2560},{"@type":"BreadcrumbList","@id":"https:\/\/xenonkungen.com\/produkt\/ledriving-ledriving-street-legal-smart-can-bus-03\/#breadcrumb","itemListElement":[{"@type":"ListItem","position":1,"name":"Hem","item":"https:\/\/xenonkungen.com\/"},{"@type":"ListItem","position":2,"name":"Shop","item":"https:\/\/xenonkungen.com\/shop\/"},{"@type":"ListItem","position":3,"name":"LEDriving\u00ae LEDriving\u00ae Street Legal SMART CAN BUS 03"}]},{"@type":"WebSite","@id":"https:\/\/xenonkungen.com\/#website","url":"https:\/\/xenonkungen.com\/","name":"Xenonkungen","description":"","potentialAction":[{"@type":"SearchAction","target":{"@type":"EntryPoint","urlTemplate":"https:\/\/xenonkungen.com\/?s={search_term_string}"},"query-input":{"@type":"PropertyValueSpecification","valueRequired":true,"valueName":"search_term_string"}}],"inLanguage":"fi"}]}},"taxonomy_info":{"product_brand":[{"value":108,"label":"OSRAM"}],"product_cat":[{"value":2487,"label":"Canbus"},{"value":2841,"label":"Installation extraljus"},{"value":2828,"label":"Installation LED-ramper"},{"value":390,"label":"Installation"}],"pa_faktisk-effekts-forbrukning":[{"value":715,"label":"12"}],"pa_volt-v":[{"value":159,"label":"12"}]},"featured_image_src_large":["https:\/\/xenonkungen.com\/wp-content\/uploads\/2025\/04\/201848047-origpic-d9e3eb-1024x1024.jpg",1024,1024,true],"author_info":[],"comment_info":0,"_links":{"self":[{"href":"https:\/\/xenonkungen.com\/fi\/wp-json\/wp\/v2\/product\/6053","targetHints":{"allow":["GET"]}}],"collection":[{"href":"https:\/\/xenonkungen.com\/fi\/wp-json\/wp\/v2\/product"}],"about":[{"href":"https:\/\/xenonkungen.com\/fi\/wp-json\/wp\/v2\/types\/product"}],"replies":[{"embeddable":true,"href":"https:\/\/xenonkungen.com\/fi\/wp-json\/wp\/v2\/comments?post=6053"}],"wp:featuredmedia":[{"embeddable":true,"href":"https:\/\/xenonkungen.com\/fi\/wp-json\/wp\/v2\/media\/6054"}],"wp:attachment":[{"href":"https:\/\/xenonkungen.com\/fi\/wp-json\/wp\/v2\/media?parent=6053"}],"wp:term":[{"taxonomy":"anvandningsomrade","embeddable":true,"href":"https:\/\/xenonkungen.com\/fi\/wp-json\/wp\/v2\/anvandningsomrade?post=6053"},{"taxonomy":"bilmarken","embeddable":true,"href":"https:\/\/xenonkungen.com\/fi\/wp-json\/wp\/v2\/bilmarken?post=6053"},{"taxonomy":"product_brand","embeddable":true,"href":"https:\/\/xenonkungen.com\/fi\/wp-json\/wp\/v2\/product_brand?post=6053"},{"taxonomy":"product_cat","embeddable":true,"href":"https:\/\/xenonkungen.com\/fi\/wp-json\/wp\/v2\/product_cat?post=6053"},{"taxonomy":"product_tag","embeddable":true,"href":"https:\/\/xenonkungen.com\/fi\/wp-json\/wp\/v2\/product_tag?post=6053"}],"curies":[{"name":"wp","href":"https:\/\/api.w.org\/{rel}","templated":true}]}}