{"id":6074,"date":"2025-04-15T09:40:41","date_gmt":"2025-04-15T09:40:41","guid":{"rendered":"https:\/\/xenonkungen.com\/product\/lazer-monteringssats-vw-amarok-v6-2016\/"},"modified":"2025-12-10T14:47:21","modified_gmt":"2025-12-10T13:47:21","slug":"lazer-asennussarja-vw-amarok-v6-2016","status":"publish","type":"product","link":"https:\/\/xenonkungen.com\/fi\/tuote\/lazer-asennussarja-vw-amarok-v6-2016\/","title":{"rendered":"Lazer kiinnityssarja VW Amarok V6 2016+"},"content":{"rendered":"<h2>Maskisarja Triple-R 750 Std \/ Triple-R 750 Elite -malleihin \u2013 Optimaalista suorituskyky\u00e4 ja tyyli\u00e4 VW Amarok V6 (2016+) -malliisi<\/h2>\n<p>Vie VW Amarok V6 -autosi uudelle tasolle ainutlaatuisella maskisarjallamme, joka on suunniteltu erityisesti Triple-R 750 Std- ja Triple-R 750 Elite -lis\u00e4valoille. Tarvitsetpa sitten lis\u00e4valoja pimeill\u00e4 teill\u00e4 tai haluat vain antaa ajoneuvollesi j\u00e4m\u00e4k\u00e4mm\u00e4n ja ammattimaisemman ilmeen, t\u00e4m\u00e4 maskisarja on t\u00e4ydellinen valinta.<\/p>\n<p>Tarkasti Amarok V6 (2016+) -autoosi sopivaksi valmistettu maskisarjamme tarjoaa tasaisen ja tukevan istuvuuden. Se ei ainoastaan paranna valaistustehoa, vaan my\u00f6s tarjoaa tyylikk\u00e4\u00e4n ja huomaamattoman asennuksen, joka sulautuu t\u00e4ydellisesti auton muotoiluun.<\/p>\n<h3>Ominaisuudet:<\/h3>\n<ul>\n<li><strong>R\u00e4\u00e4t\u00e4l\u00f6ity istuvuus<\/strong> \u2013 Suunniteltu erityisesti VW Amarok V6 -malleille vuosimallista 2016 eteenp\u00e4in<\/li>\n<li><strong>Yhteensopiva Triple-R 750 Std:n ja Eliten kanssa<\/strong> \u2013 Mahdollistaa lis\u00e4valojen helpon ja turvallisen asennuksen<\/li>\n<li><strong>Kest\u00e4v\u00e4 rakenne<\/strong> \u2013 Valmistettu kest\u00e4vist\u00e4 materiaaleista, jotka kest\u00e4v\u00e4t sek\u00e4 s\u00e4\u00e4n ett\u00e4 tienpinnan<\/li>\n<li><strong>Tyylik\u00e4s ja huomaamaton asennus<\/strong> \u2013 Integroituu saumattomasti auton alkuper\u00e4iseen etus\u00e4leikk\u00f6\u00f6n ammattimaisen ilmeen aikaansaamiseksi<\/li>\n<\/ul>\n<p>Paranna sek\u00e4 suorituskyky\u00e4 ett\u00e4 ulkon\u00e4k\u00f6\u00e4 t\u00e4ll\u00e4 laadukkaalla grillisarjalla, joka sopii t\u00e4ydellisesti niille, jotka haluavat saada enemm\u00e4n irti Amarokistaan. Anna itsellesi turvallisuutta pime\u00e4ss\u00e4 ja erottuva tyyli!<\/p>","protected":false},"excerpt":{"rendered":"<p>Triple-R 750 Std \/ Triple-R 750 Elite -malleihin<\/p>","protected":false},"featured_media":6075,"comment_status":"closed","ping_status":"open","template":"","meta":{"_acf_changed":false,"_smort_price_nok":"1602","_smort_price_dkk":"1018","_smort_price_eur":"136.36","_smort_sale_price_nok":"","_smort_sale_price_dkk":"","_smort_sale_price_eur":"","smort_restorder":"","shipmondo_restorder":"","_kad_blocks_custom_css":"","_kad_blocks_head_custom_js":"","_kad_blocks_body_custom_js":"","_kad_blocks_footer_custom_js":"","smort_custom_pricelist_1":"960","smort_custom_pricelist_2":"960","smort_custom_pricelist_3":"960","smort_custom_pricelist_4":"1200","smort_custom_pricelist_5":"960"},"anvandningsomrade":[],"bilmarken":[],"product_brand":[1124],"product_cat":[2539,2608],"product_tag":[2735],"class_list":{"0":"post-6074","1":"product","2":"type-product","3":"status-publish","4":"has-post-thumbnail","6":"product_brand-lazer","7":"product_cat-ledramper","8":"product_cat-monteringssatser","9":"product_tag-lazer","11":"first","12":"instock","13":"taxable","14":"shipping-taxable","15":"purchasable","16":"product-type-simple"},"bundled_by":[],"bundle_stock_status":"instock","bundle_stock_quantity":1,"bundle_virtual":false,"bundle_layout":"","bundle_add_to_cart_form_location":"","bundle_editable_in_cart":false,"bundle_sold_individually_context":"","bundle_item_grouping":"","bundle_min_size":"","bundle_max_size":"","bundle_price":[],"bundled_items":[],"bundle_sell_ids":[],"acf":[],"yoast_head":"<!-- This site is optimized with the Yoast SEO plugin v27.0 - https:\/\/yoast.com\/product\/yoast-seo-wordpress\/ -->\n<title>Lazer Monteringssats VW Amarok V6 2016+ - Xenonkungen<\/title>\n<meta name=\"robots\" content=\"index, follow, max-snippet:-1, max-image-preview:large, max-video-preview:-1\" \/>\n<link rel=\"canonical\" href=\"https:\/\/xenonkungen.com\/fi\/tuote\/lazer-asennussarja-vw-amarok-v6-2016\/\" \/>\n<meta property=\"og:locale\" content=\"fi_FI\" \/>\n<meta property=\"og:type\" content=\"article\" \/>\n<meta property=\"og:title\" content=\"Lazer Monteringssats VW Amarok V6 2016+ - Xenonkungen\" \/>\n<meta property=\"og:description\" content=\"F\u00f6r Triple-R 750 Std \/ Triple-R 750 Elite\" \/>\n<meta property=\"og:url\" content=\"https:\/\/xenonkungen.com\/fi\/tuote\/lazer-asennussarja-vw-amarok-v6-2016\/\" \/>\n<meta property=\"og:site_name\" content=\"Xenonkungen\" \/>\n<meta property=\"article:modified_time\" content=\"2025-12-10T13:47:21+00:00\" \/>\n<meta property=\"og:image\" content=\"https:\/\/xenonkungen.com\/wp-content\/uploads\/2025\/04\/1-6.jpg\" \/>\n\t<meta property=\"og:image:width\" content=\"1141\" \/>\n\t<meta property=\"og:image:height\" content=\"853\" \/>\n\t<meta property=\"og:image:type\" content=\"image\/jpeg\" \/>\n<meta name=\"twitter:card\" content=\"summary_large_image\" \/>\n<meta name=\"twitter:label1\" content=\"Arvioitu lukuaika\" \/>\n\t<meta name=\"twitter:data1\" content=\"1 minuutti\" \/>\n<script type=\"application\/ld+json\" class=\"yoast-schema-graph\">{\"@context\":\"https:\/\/schema.org\",\"@graph\":[{\"@type\":\"WebPage\",\"@id\":\"https:\/\/xenonkungen.com\/dk\/vare\/laser-monteringssaet-vw-amarok-v6-2016\/\",\"url\":\"https:\/\/xenonkungen.com\/dk\/vare\/laser-monteringssaet-vw-amarok-v6-2016\/\",\"name\":\"Lazer Monteringssats VW Amarok V6 2016+ - Xenonkungen\",\"isPartOf\":{\"@id\":\"https:\/\/xenonkungen.com\/#website\"},\"primaryImageOfPage\":{\"@id\":\"https:\/\/xenonkungen.com\/dk\/vare\/laser-monteringssaet-vw-amarok-v6-2016\/#primaryimage\"},\"image\":{\"@id\":\"https:\/\/xenonkungen.com\/dk\/vare\/laser-monteringssaet-vw-amarok-v6-2016\/#primaryimage\"},\"thumbnailUrl\":\"https:\/\/xenonkungen.com\/wp-content\/uploads\/2025\/04\/1-6.jpg\",\"datePublished\":\"2025-04-15T09:40:41+00:00\",\"dateModified\":\"2025-12-10T13:47:21+00:00\",\"breadcrumb\":{\"@id\":\"https:\/\/xenonkungen.com\/dk\/vare\/laser-monteringssaet-vw-amarok-v6-2016\/#breadcrumb\"},\"inLanguage\":\"fi\",\"potentialAction\":[{\"@type\":\"ReadAction\",\"target\":[\"https:\/\/xenonkungen.com\/dk\/vare\/laser-monteringssaet-vw-amarok-v6-2016\/\"]}]},{\"@type\":\"ImageObject\",\"inLanguage\":\"fi\",\"@id\":\"https:\/\/xenonkungen.com\/dk\/vare\/laser-monteringssaet-vw-amarok-v6-2016\/#primaryimage\",\"url\":\"https:\/\/xenonkungen.com\/wp-content\/uploads\/2025\/04\/1-6.jpg\",\"contentUrl\":\"https:\/\/xenonkungen.com\/wp-content\/uploads\/2025\/04\/1-6.jpg\",\"width\":1141,\"height\":853},{\"@type\":\"BreadcrumbList\",\"@id\":\"https:\/\/xenonkungen.com\/dk\/vare\/laser-monteringssaet-vw-amarok-v6-2016\/#breadcrumb\",\"itemListElement\":[{\"@type\":\"ListItem\",\"position\":1,\"name\":\"Hem\",\"item\":\"https:\/\/xenonkungen.com\/\"},{\"@type\":\"ListItem\",\"position\":2,\"name\":\"Shop\",\"item\":\"https:\/\/xenonkungen.com\/shop\/\"},{\"@type\":\"ListItem\",\"position\":3,\"name\":\"Lazer Monteringssats VW Amarok V6 2016+\"}]},{\"@type\":\"WebSite\",\"@id\":\"https:\/\/xenonkungen.com\/#website\",\"url\":\"https:\/\/xenonkungen.com\/\",\"name\":\"Xenonkungen\",\"description\":\"\",\"potentialAction\":[{\"@type\":\"SearchAction\",\"target\":{\"@type\":\"EntryPoint\",\"urlTemplate\":\"https:\/\/xenonkungen.com\/?s={search_term_string}\"},\"query-input\":{\"@type\":\"PropertyValueSpecification\",\"valueRequired\":true,\"valueName\":\"search_term_string\"}}],\"inLanguage\":\"fi\"}]}<\/script>\n<!-- \/ Yoast SEO plugin. -->","yoast_head_json":{"title":"Lazer Asennussarja VW Amarok V6 2016+ - Xenon-valot","robots":{"index":"index","follow":"follow","max-snippet":"max-snippet:-1","max-image-preview":"max-image-preview:large","max-video-preview":"max-video-preview:-1"},"canonical":"https:\/\/xenonkungen.com\/fi\/tuote\/lazer-asennussarja-vw-amarok-v6-2016\/","og_locale":"fi_FI","og_type":"article","og_title":"Lazer Monteringssats VW Amarok V6 2016+ - Xenonkungen","og_description":"F\u00f6r Triple-R 750 Std \/ Triple-R 750 Elite","og_url":"https:\/\/xenonkungen.com\/fi\/tuote\/lazer-asennussarja-vw-amarok-v6-2016\/","og_site_name":"Xenonkungen","article_modified_time":"2025-12-10T13:47:21+00:00","og_image":[{"width":1141,"height":853,"url":"https:\/\/xenonkungen.com\/wp-content\/uploads\/2025\/04\/1-6.jpg","type":"image\/jpeg"}],"twitter_card":"summary_large_image","twitter_misc":{"Arvioitu lukuaika":"1 minuutti"},"schema":{"@context":"https:\/\/schema.org","@graph":[{"@type":"WebPage","@id":"https:\/\/xenonkungen.com\/dk\/vare\/laser-monteringssaet-vw-amarok-v6-2016\/","url":"https:\/\/xenonkungen.com\/dk\/vare\/laser-monteringssaet-vw-amarok-v6-2016\/","name":"Lazer Asennussarja VW Amarok V6 2016+ - Xenon-valot","isPartOf":{"@id":"https:\/\/xenonkungen.com\/#website"},"primaryImageOfPage":{"@id":"https:\/\/xenonkungen.com\/dk\/vare\/laser-monteringssaet-vw-amarok-v6-2016\/#primaryimage"},"image":{"@id":"https:\/\/xenonkungen.com\/dk\/vare\/laser-monteringssaet-vw-amarok-v6-2016\/#primaryimage"},"thumbnailUrl":"https:\/\/xenonkungen.com\/wp-content\/uploads\/2025\/04\/1-6.jpg","datePublished":"2025-04-15T09:40:41+00:00","dateModified":"2025-12-10T13:47:21+00:00","breadcrumb":{"@id":"https:\/\/xenonkungen.com\/dk\/vare\/laser-monteringssaet-vw-amarok-v6-2016\/#breadcrumb"},"inLanguage":"fi","potentialAction":[{"@type":"ReadAction","target":["https:\/\/xenonkungen.com\/dk\/vare\/laser-monteringssaet-vw-amarok-v6-2016\/"]}]},{"@type":"ImageObject","inLanguage":"fi","@id":"https:\/\/xenonkungen.com\/dk\/vare\/laser-monteringssaet-vw-amarok-v6-2016\/#primaryimage","url":"https:\/\/xenonkungen.com\/wp-content\/uploads\/2025\/04\/1-6.jpg","contentUrl":"https:\/\/xenonkungen.com\/wp-content\/uploads\/2025\/04\/1-6.jpg","width":1141,"height":853},{"@type":"BreadcrumbList","@id":"https:\/\/xenonkungen.com\/dk\/vare\/laser-monteringssaet-vw-amarok-v6-2016\/#breadcrumb","itemListElement":[{"@type":"ListItem","position":1,"name":"Hem","item":"https:\/\/xenonkungen.com\/"},{"@type":"ListItem","position":2,"name":"Shop","item":"https:\/\/xenonkungen.com\/shop\/"},{"@type":"ListItem","position":3,"name":"Lazer Monteringssats VW Amarok V6 2016+"}]},{"@type":"WebSite","@id":"https:\/\/xenonkungen.com\/#website","url":"https:\/\/xenonkungen.com\/","name":"Xenonkungen","description":"","potentialAction":[{"@type":"SearchAction","target":{"@type":"EntryPoint","urlTemplate":"https:\/\/xenonkungen.com\/?s={search_term_string}"},"query-input":{"@type":"PropertyValueSpecification","valueRequired":true,"valueName":"search_term_string"}}],"inLanguage":"fi"}]}},"taxonomy_info":{"product_brand":[{"value":1124,"label":"Lazer"}],"product_cat":[{"value":2539,"label":"LEDRAMPER"},{"value":2608,"label":"Monteringssatser"}],"product_tag":[{"value":2735,"label":"Lazer"}]},"featured_image_src_large":["https:\/\/xenonkungen.com\/wp-content\/uploads\/2025\/04\/1-6-1024x766.jpg",1024,766,true],"author_info":[],"comment_info":0,"_links":{"self":[{"href":"https:\/\/xenonkungen.com\/fi\/wp-json\/wp\/v2\/product\/6074","targetHints":{"allow":["GET"]}}],"collection":[{"href":"https:\/\/xenonkungen.com\/fi\/wp-json\/wp\/v2\/product"}],"about":[{"href":"https:\/\/xenonkungen.com\/fi\/wp-json\/wp\/v2\/types\/product"}],"replies":[{"embeddable":true,"href":"https:\/\/xenonkungen.com\/fi\/wp-json\/wp\/v2\/comments?post=6074"}],"wp:featuredmedia":[{"embeddable":true,"href":"https:\/\/xenonkungen.com\/fi\/wp-json\/wp\/v2\/media\/6075"}],"wp:attachment":[{"href":"https:\/\/xenonkungen.com\/fi\/wp-json\/wp\/v2\/media?parent=6074"}],"wp:term":[{"taxonomy":"anvandningsomrade","embeddable":true,"href":"https:\/\/xenonkungen.com\/fi\/wp-json\/wp\/v2\/anvandningsomrade?post=6074"},{"taxonomy":"bilmarken","embeddable":true,"href":"https:\/\/xenonkungen.com\/fi\/wp-json\/wp\/v2\/bilmarken?post=6074"},{"taxonomy":"product_brand","embeddable":true,"href":"https:\/\/xenonkungen.com\/fi\/wp-json\/wp\/v2\/product_brand?post=6074"},{"taxonomy":"product_cat","embeddable":true,"href":"https:\/\/xenonkungen.com\/fi\/wp-json\/wp\/v2\/product_cat?post=6074"},{"taxonomy":"product_tag","embeddable":true,"href":"https:\/\/xenonkungen.com\/fi\/wp-json\/wp\/v2\/product_tag?post=6074"}],"curies":[{"name":"wp","href":"https:\/\/api.w.org\/{rel}","templated":true}]}}