{"id":6084,"date":"2025-04-15T09:40:41","date_gmt":"2025-04-15T09:40:41","guid":{"rendered":"https:\/\/xenonkungen.com\/product\/lazer-ledrampskit-vw-caddy-2015-2x-linear-6-elite\/"},"modified":"2026-04-24T17:27:37","modified_gmt":"2026-04-24T16:27:37","slug":"lazer-led-ramppisarja-vw-caddy-2015-2x-linear-6-elite","status":"publish","type":"product","link":"https:\/\/xenonkungen.com\/fi\/tuote\/lazer-led-ramppisarja-vw-caddy-2015-2x-linear-6-elite\/","title":{"rendered":"Lazer Ledrampskit VW Caddy 2015+ 2x Linear 6 Elite"},"content":{"rendered":"<h1>P\u00e4ivit\u00e4 VW Caddy 2015+ Lazer Linear 6 LED -valopaketilla<\/h1>\n<p>Luo paremman n\u00e4k\u00f6inen ja turvallisempi ajokokemus t\u00e4ll\u00e4 ensiluokkaisella LED-ramppisarjalla, joka on suunniteltu VW Caddy 2015+ -malliin. Lazer Linear 6 Elite LED-rampin avulla saat tuotteen, joka on suunniteltu tarjoamaan poikkeuksellista suorituskyky\u00e4 ja kest\u00e4vyytt\u00e4.<\/p>\n<h2>Sujuva asennus<\/h2>\n<p>Kokoonpano on niin hyvin harkittu, ett\u00e4 se on nopea ja helppo toteuttaa, ja lopputulos on sek\u00e4 kest\u00e4v\u00e4 ett\u00e4 turvallinen. Saumaton integrointi auton alkuper\u00e4iseen maskiin varmistaa, ett\u00e4 ramppi sulautuu t\u00e4ydellisesti autoon ja s\u00e4ilytt\u00e4\u00e4 VW Caddysi esteettisen ilmeen.<\/p>\n<h2>Korkealaatuiset materiaalit<\/h2>\n<p>Mukana toimitetut kiinnikkeet on valmistettu korkealaatuisesta ASA-materiaalista, joka tunnetaan erinomaisesta lujuudestaan ja UV-s\u00e4teilyn kest\u00e4vyydest\u00e4\u00e4n. N\u00e4m\u00e4 kiinnikkeet on suunniteltu s\u00e4\u00e4n ja kemikaalien kest\u00e4viksi, mik\u00e4 varmistaa, ett\u00e4 asennuksesi pysyy hyv\u00e4ss\u00e4 kunnossa vuodesta toiseen.<\/p>\n<h2>Pakkauksen sis\u00e4lt\u00f6<\/h2>\n<ul>\n<li>2 x Lazer Linear 6 Elite \u2013 tehokasta ja luotettavaa valaistusta varten<\/li>\n<li>4 x kiinnikett\u00e4 niihin kuuluvilla kiinnikkeill\u00e4 \u2013 vakaaseen ja turvalliseen asennukseen<\/li>\n<li>1 x leikkausopas \u2013 helpottamaan kokoamista<\/li>\n<li>1 x liitinsarja \u2013 kaikki mit\u00e4 tarvitset sujuvaan yhteyteen<\/li>\n<li>1 x kokoamisohjeet - vaiheittaiset ohjeet onnistuneen asennuksen varmistamiseksi<\/li>\n<\/ul>","protected":false},"excerpt":{"rendered":"<p>Uppgradera Din VW Caddy 2015+ med Lazer Linear 6 Ledrampspaket Skapa en snyggare och s\u00e4krare k\u00f6rupplevelse med detta premium led-rampskit avsedd f\u00f6r VW Caddy 2015+. Med Lazer Linear 6 Elite led-ramp f\u00e5r du en produkt som \u00e4r designad f\u00f6r att erbjuda exceptionell prestanda och h\u00e5llbarhet. En smidig installation Monteringen \u00e4r s\u00e5 v\u00e4l genomt\u00e4nkt att den [&hellip;]<\/p>","protected":false},"featured_media":6085,"comment_status":"closed","ping_status":"open","template":"","meta":{"_acf_changed":false,"_smort_price_nok":"9506","_smort_price_dkk":"6039","_smort_price_eur":"809.05","_smort_sale_price_nok":"","_smort_sale_price_dkk":"","_smort_sale_price_eur":"","smort_restorder":"","shipmondo_restorder":"","_kad_blocks_custom_css":"","_kad_blocks_head_custom_js":"","_kad_blocks_body_custom_js":"","_kad_blocks_footer_custom_js":"","smort_custom_pricelist_1":"5696","smort_custom_pricelist_2":"5696","smort_custom_pricelist_3":"5696","smort_custom_pricelist_4":"7120","smort_custom_pricelist_5":"5696"},"anvandningsomrade":[],"bilmarken":[],"product_brand":[1124],"product_cat":[2539,2596,1916],"product_tag":[2735],"class_list":{"0":"post-6084","1":"product","2":"type-product","3":"status-publish","4":"has-post-thumbnail","6":"product_brand-lazer","7":"product_cat-ledramper","8":"product_cat-paket","9":"product_cat-ledrampspaket","10":"product_tag-lazer","11":"pa_fargtemperatur-5000k","12":"pa_godkannande-e-godkand-ece-r112","13":"pa_led-chips-effekt-w-1334","14":"pa_stromforbrukning-58a144v","15":"pa_volt-v-multivolt-10-12-16-18-24-28-30-32","17":"first","18":"onbackorder","19":"taxable","20":"shipping-taxable","21":"purchasable","22":"product-type-simple"},"bundled_by":[],"bundle_stock_status":"onbackorder","bundle_stock_quantity":0,"bundle_virtual":false,"bundle_layout":"","bundle_add_to_cart_form_location":"","bundle_editable_in_cart":false,"bundle_sold_individually_context":"","bundle_item_grouping":"","bundle_min_size":"","bundle_max_size":"","bundle_price":[],"bundled_items":[],"bundle_sell_ids":[],"acf":[],"yoast_head":"<!-- This site is optimized with the Yoast SEO plugin v27.0 - https:\/\/yoast.com\/product\/yoast-seo-wordpress\/ -->\n<title>Lazer Ledrampskit VW Caddy 2015+ 2x Linear 6 Elite - Xenonkungen<\/title>\n<meta name=\"robots\" content=\"index, follow, max-snippet:-1, max-image-preview:large, max-video-preview:-1\" \/>\n<link rel=\"canonical\" href=\"https:\/\/xenonkungen.com\/fi\/tuote\/lazer-led-ramppisarja-vw-caddy-2015-2x-linear-6-elite\/\" \/>\n<meta property=\"og:locale\" content=\"fi_FI\" \/>\n<meta property=\"og:type\" content=\"article\" \/>\n<meta property=\"og:title\" content=\"Lazer Ledrampskit VW Caddy 2015+ 2x Linear 6 Elite - Xenonkungen\" \/>\n<meta property=\"og:description\" content=\"Uppgradera Din VW Caddy 2015+ med Lazer Linear 6 Ledrampspaket Skapa en snyggare och s\u00e4krare k\u00f6rupplevelse med detta premium led-rampskit avsedd f\u00f6r VW Caddy 2015+. Med Lazer Linear 6 Elite led-ramp f\u00e5r du en produkt som \u00e4r designad f\u00f6r att erbjuda exceptionell prestanda och h\u00e5llbarhet. En smidig installation Monteringen \u00e4r s\u00e5 v\u00e4l genomt\u00e4nkt att den [&hellip;]\" \/>\n<meta property=\"og:url\" content=\"https:\/\/xenonkungen.com\/fi\/tuote\/lazer-led-ramppisarja-vw-caddy-2015-2x-linear-6-elite\/\" \/>\n<meta property=\"og:site_name\" content=\"Xenonkungen\" \/>\n<meta property=\"article:modified_time\" content=\"2026-04-24T16:27:37+00:00\" \/>\n<meta property=\"og:image\" content=\"https:\/\/xenonkungen.com\/wp-content\/uploads\/2025\/04\/159566_itemimage_mainfront.jpg\" \/>\n\t<meta property=\"og:image:width\" content=\"2048\" \/>\n\t<meta property=\"og:image:height\" content=\"1535\" \/>\n\t<meta property=\"og:image:type\" content=\"image\/jpeg\" \/>\n<meta name=\"twitter:card\" content=\"summary_large_image\" \/>\n<meta name=\"twitter:label1\" content=\"Arvioitu lukuaika\" \/>\n\t<meta name=\"twitter:data1\" content=\"1 minuutti\" \/>\n<script type=\"application\/ld+json\" class=\"yoast-schema-graph\">{\"@context\":\"https:\/\/schema.org\",\"@graph\":[{\"@type\":\"WebPage\",\"@id\":\"https:\/\/xenonkungen.com\/nl\/product\/laser-led-ramp-kit-voor-vw-caddy-2015-2x-linear-6-elite\/\",\"url\":\"https:\/\/xenonkungen.com\/nl\/product\/laser-led-ramp-kit-voor-vw-caddy-2015-2x-linear-6-elite\/\",\"name\":\"Lazer Ledrampskit VW Caddy 2015+ 2x Linear 6 Elite - Xenonkungen\",\"isPartOf\":{\"@id\":\"https:\/\/xenonkungen.com\/#website\"},\"primaryImageOfPage\":{\"@id\":\"https:\/\/xenonkungen.com\/nl\/product\/laser-led-ramp-kit-voor-vw-caddy-2015-2x-linear-6-elite\/#primaryimage\"},\"image\":{\"@id\":\"https:\/\/xenonkungen.com\/nl\/product\/laser-led-ramp-kit-voor-vw-caddy-2015-2x-linear-6-elite\/#primaryimage\"},\"thumbnailUrl\":\"https:\/\/xenonkungen.com\/wp-content\/uploads\/2025\/04\/159566_itemimage_mainfront.jpg\",\"datePublished\":\"2025-04-15T09:40:41+00:00\",\"dateModified\":\"2026-04-24T16:27:37+00:00\",\"breadcrumb\":{\"@id\":\"https:\/\/xenonkungen.com\/nl\/product\/laser-led-ramp-kit-voor-vw-caddy-2015-2x-linear-6-elite\/#breadcrumb\"},\"inLanguage\":\"fi\",\"potentialAction\":[{\"@type\":\"ReadAction\",\"target\":[\"https:\/\/xenonkungen.com\/nl\/product\/laser-led-ramp-kit-voor-vw-caddy-2015-2x-linear-6-elite\/\"]}]},{\"@type\":\"ImageObject\",\"inLanguage\":\"fi\",\"@id\":\"https:\/\/xenonkungen.com\/nl\/product\/laser-led-ramp-kit-voor-vw-caddy-2015-2x-linear-6-elite\/#primaryimage\",\"url\":\"https:\/\/xenonkungen.com\/wp-content\/uploads\/2025\/04\/159566_itemimage_mainfront.jpg\",\"contentUrl\":\"https:\/\/xenonkungen.com\/wp-content\/uploads\/2025\/04\/159566_itemimage_mainfront.jpg\",\"width\":2048,\"height\":1535},{\"@type\":\"BreadcrumbList\",\"@id\":\"https:\/\/xenonkungen.com\/nl\/product\/laser-led-ramp-kit-voor-vw-caddy-2015-2x-linear-6-elite\/#breadcrumb\",\"itemListElement\":[{\"@type\":\"ListItem\",\"position\":1,\"name\":\"Hem\",\"item\":\"https:\/\/xenonkungen.com\/\"},{\"@type\":\"ListItem\",\"position\":2,\"name\":\"Shop\",\"item\":\"https:\/\/xenonkungen.com\/shop\/\"},{\"@type\":\"ListItem\",\"position\":3,\"name\":\"Lazer Ledrampskit VW Caddy 2015+ 2x Linear 6 Elite\"}]},{\"@type\":\"WebSite\",\"@id\":\"https:\/\/xenonkungen.com\/#website\",\"url\":\"https:\/\/xenonkungen.com\/\",\"name\":\"Xenonkungen\",\"description\":\"\",\"potentialAction\":[{\"@type\":\"SearchAction\",\"target\":{\"@type\":\"EntryPoint\",\"urlTemplate\":\"https:\/\/xenonkungen.com\/?s={search_term_string}\"},\"query-input\":{\"@type\":\"PropertyValueSpecification\",\"valueRequired\":true,\"valueName\":\"search_term_string\"}}],\"inLanguage\":\"fi\"}]}<\/script>\n<!-- \/ Yoast SEO plugin. -->","yoast_head_json":{"title":"Lazer LED ramppisarja VW Caddy 2015+ 2x Linear 6 Elite - Xenon-kuningas","robots":{"index":"index","follow":"follow","max-snippet":"max-snippet:-1","max-image-preview":"max-image-preview:large","max-video-preview":"max-video-preview:-1"},"canonical":"https:\/\/xenonkungen.com\/fi\/tuote\/lazer-led-ramppisarja-vw-caddy-2015-2x-linear-6-elite\/","og_locale":"fi_FI","og_type":"article","og_title":"Lazer Ledrampskit VW Caddy 2015+ 2x Linear 6 Elite - Xenonkungen","og_description":"Uppgradera Din VW Caddy 2015+ med Lazer Linear 6 Ledrampspaket Skapa en snyggare och s\u00e4krare k\u00f6rupplevelse med detta premium led-rampskit avsedd f\u00f6r VW Caddy 2015+. Med Lazer Linear 6 Elite led-ramp f\u00e5r du en produkt som \u00e4r designad f\u00f6r att erbjuda exceptionell prestanda och h\u00e5llbarhet. En smidig installation Monteringen \u00e4r s\u00e5 v\u00e4l genomt\u00e4nkt att den [&hellip;]","og_url":"https:\/\/xenonkungen.com\/fi\/tuote\/lazer-led-ramppisarja-vw-caddy-2015-2x-linear-6-elite\/","og_site_name":"Xenonkungen","article_modified_time":"2026-04-24T16:27:37+00:00","og_image":[{"width":2048,"height":1535,"url":"https:\/\/xenonkungen.com\/wp-content\/uploads\/2025\/04\/159566_itemimage_mainfront.jpg","type":"image\/jpeg"}],"twitter_card":"summary_large_image","twitter_misc":{"Arvioitu lukuaika":"1 minuutti"},"schema":{"@context":"https:\/\/schema.org","@graph":[{"@type":"WebPage","@id":"https:\/\/xenonkungen.com\/nl\/product\/laser-led-ramp-kit-voor-vw-caddy-2015-2x-linear-6-elite\/","url":"https:\/\/xenonkungen.com\/nl\/product\/laser-led-ramp-kit-voor-vw-caddy-2015-2x-linear-6-elite\/","name":"Lazer LED ramppisarja VW Caddy 2015+ 2x Linear 6 Elite - Xenon-kuningas","isPartOf":{"@id":"https:\/\/xenonkungen.com\/#website"},"primaryImageOfPage":{"@id":"https:\/\/xenonkungen.com\/nl\/product\/laser-led-ramp-kit-voor-vw-caddy-2015-2x-linear-6-elite\/#primaryimage"},"image":{"@id":"https:\/\/xenonkungen.com\/nl\/product\/laser-led-ramp-kit-voor-vw-caddy-2015-2x-linear-6-elite\/#primaryimage"},"thumbnailUrl":"https:\/\/xenonkungen.com\/wp-content\/uploads\/2025\/04\/159566_itemimage_mainfront.jpg","datePublished":"2025-04-15T09:40:41+00:00","dateModified":"2026-04-24T16:27:37+00:00","breadcrumb":{"@id":"https:\/\/xenonkungen.com\/nl\/product\/laser-led-ramp-kit-voor-vw-caddy-2015-2x-linear-6-elite\/#breadcrumb"},"inLanguage":"fi","potentialAction":[{"@type":"ReadAction","target":["https:\/\/xenonkungen.com\/nl\/product\/laser-led-ramp-kit-voor-vw-caddy-2015-2x-linear-6-elite\/"]}]},{"@type":"ImageObject","inLanguage":"fi","@id":"https:\/\/xenonkungen.com\/nl\/product\/laser-led-ramp-kit-voor-vw-caddy-2015-2x-linear-6-elite\/#primaryimage","url":"https:\/\/xenonkungen.com\/wp-content\/uploads\/2025\/04\/159566_itemimage_mainfront.jpg","contentUrl":"https:\/\/xenonkungen.com\/wp-content\/uploads\/2025\/04\/159566_itemimage_mainfront.jpg","width":2048,"height":1535},{"@type":"BreadcrumbList","@id":"https:\/\/xenonkungen.com\/nl\/product\/laser-led-ramp-kit-voor-vw-caddy-2015-2x-linear-6-elite\/#breadcrumb","itemListElement":[{"@type":"ListItem","position":1,"name":"Hem","item":"https:\/\/xenonkungen.com\/"},{"@type":"ListItem","position":2,"name":"Shop","item":"https:\/\/xenonkungen.com\/shop\/"},{"@type":"ListItem","position":3,"name":"Lazer Ledrampskit VW Caddy 2015+ 2x Linear 6 Elite"}]},{"@type":"WebSite","@id":"https:\/\/xenonkungen.com\/#website","url":"https:\/\/xenonkungen.com\/","name":"Xenonkungen","description":"","potentialAction":[{"@type":"SearchAction","target":{"@type":"EntryPoint","urlTemplate":"https:\/\/xenonkungen.com\/?s={search_term_string}"},"query-input":{"@type":"PropertyValueSpecification","valueRequired":true,"valueName":"search_term_string"}}],"inLanguage":"fi"}]}},"taxonomy_info":{"product_brand":[{"value":1124,"label":"Lazer"}],"product_cat":[{"value":2539,"label":"LEDRAMPER"},{"value":2596,"label":"Paket"},{"value":1916,"label":"Ledrampspaket"}],"product_tag":[{"value":2735,"label":"Lazer"}],"pa_fargtemperatur":[{"value":154,"label":"5000K"}],"pa_godkannande":[{"value":1709,"label":"E-godk\u00e4nd, ECE, R112"}],"pa_led-chips-effekt-w":[{"value":1334,"label":"84"}],"pa_stromforbrukning":[{"value":1335,"label":"5,8A@14,4V"}],"pa_volt-v":[{"value":1084,"label":"Multivolt, 10, 12, 16, 18, 24, 28, 30, 32"}]},"featured_image_src_large":["https:\/\/xenonkungen.com\/wp-content\/uploads\/2025\/04\/159566_itemimage_mainfront-1024x768.jpg",1024,768,true],"author_info":[],"comment_info":0,"_links":{"self":[{"href":"https:\/\/xenonkungen.com\/fi\/wp-json\/wp\/v2\/product\/6084","targetHints":{"allow":["GET"]}}],"collection":[{"href":"https:\/\/xenonkungen.com\/fi\/wp-json\/wp\/v2\/product"}],"about":[{"href":"https:\/\/xenonkungen.com\/fi\/wp-json\/wp\/v2\/types\/product"}],"replies":[{"embeddable":true,"href":"https:\/\/xenonkungen.com\/fi\/wp-json\/wp\/v2\/comments?post=6084"}],"wp:featuredmedia":[{"embeddable":true,"href":"https:\/\/xenonkungen.com\/fi\/wp-json\/wp\/v2\/media\/6085"}],"wp:attachment":[{"href":"https:\/\/xenonkungen.com\/fi\/wp-json\/wp\/v2\/media?parent=6084"}],"wp:term":[{"taxonomy":"anvandningsomrade","embeddable":true,"href":"https:\/\/xenonkungen.com\/fi\/wp-json\/wp\/v2\/anvandningsomrade?post=6084"},{"taxonomy":"bilmarken","embeddable":true,"href":"https:\/\/xenonkungen.com\/fi\/wp-json\/wp\/v2\/bilmarken?post=6084"},{"taxonomy":"product_brand","embeddable":true,"href":"https:\/\/xenonkungen.com\/fi\/wp-json\/wp\/v2\/product_brand?post=6084"},{"taxonomy":"product_cat","embeddable":true,"href":"https:\/\/xenonkungen.com\/fi\/wp-json\/wp\/v2\/product_cat?post=6084"},{"taxonomy":"product_tag","embeddable":true,"href":"https:\/\/xenonkungen.com\/fi\/wp-json\/wp\/v2\/product_tag?post=6084"}],"curies":[{"name":"wp","href":"https:\/\/api.w.org\/{rel}","templated":true}]}}