{"id":6104,"date":"2025-04-15T09:41:07","date_gmt":"2025-04-15T09:41:07","guid":{"rendered":"https:\/\/xenonkungen.com\/product\/lazer-ledrampskit-vw-transp-t5-2010-2x-triple-r-750-elite\/"},"modified":"2026-04-24T17:27:44","modified_gmt":"2026-04-24T16:27:44","slug":"lazer-led-ramppisarja-vw-transp-t5-2010-2x-triple-r-750-elite","status":"publish","type":"product","link":"https:\/\/xenonkungen.com\/fi\/tuote\/lazer-led-ramppisarja-vw-transp-t5-2010-2x-triple-r-750-elite\/","title":{"rendered":"Lazer Ledrampskit VW Transp. T5 2010+ 2x Triple-R 750 Elite"},"content":{"rendered":"<h1>LED-ramppisarja Volkswagen Transporter T5:lle 2010+<\/h1>\n<p>P\u00e4ivit\u00e4 Volkswagen Transporter T5 2010+ -autosi t\u00e4ll\u00e4 Xenonkungen.se:n r\u00e4\u00e4t\u00e4l\u00f6idyll\u00e4 LED-valosarjalla. Paketti sis\u00e4lt\u00e4\u00e4 kaiken tarvittavan luodaksesi kest\u00e4v\u00e4n ja turvallisen asennuksen, joka sulautuu t\u00e4ydellisesti alkuper\u00e4iseen etus\u00e4leikk\u00f6\u00f6si.<\/p>\n<p>Asennus on nopeaa ja helppoa mukana tulevan leikkausoppaan avulla, ja kiinnikkeiden kest\u00e4v\u00e4 ASA-materiaali takaa s\u00e4\u00e4n ja kemikaalien kest\u00e4v\u00e4n asennuksen vuodesta toiseen.<\/p>\n<h2>Paketti sis\u00e4lt\u00e4\u00e4:<\/h2>\n<ul>\n<li>2 x Triple-R 750 Elite<\/li>\n<li>4 x kiinnikett\u00e4 niihin kuuluvilla kiinnikkeill\u00e4 turvalliseen asennukseen<\/li>\n<li>1 x leikkausopas kokoamisen helpottamiseksi<\/li>\n<li>1 x liitinsarja helppoa liit\u00e4nt\u00e4\u00e4 varten<\/li>\n<li>1 x kokoamisohjeet selkeill\u00e4 ohjeilla<\/li>\n<\/ul>\n<p>T\u00e4m\u00e4n sarjan avulla saat optimoidun valaistuksen, joka ei ainoastaan paranna autosi ulkon\u00e4k\u00f6\u00e4, vaan tarjoaa my\u00f6s turvallisempaa ajoa pime\u00e4ll\u00e4 ja huonolla s\u00e4\u00e4ll\u00e4. Tilaa LED-ramppisarjasi Xenonkungen.se-sivustolta jo t\u00e4n\u00e4\u00e4n ja vie ajokokemuksesi uudelle tasolle.<\/p>","protected":false},"excerpt":{"rendered":"<p>Ledrampskit f\u00f6r Volkswagen Transporter T5 2010+ Uppgradera din Volkswagen Transporter T5 2010+ med detta skr\u00e4ddarsydda ledrampskit fr\u00e5n Xenonkungen.se. Paketet inkluderar allt du beh\u00f6ver f\u00f6r att skapa en robust och s\u00e4ker installation som sm\u00e4lter in perfekt i din originalgrill. Monteringen g\u00f6rs snabbt och enkelt med hj\u00e4lp av medf\u00f6ljande sk\u00e4rguide, och det slitstarka ASA-materialet i f\u00e4stena garanterar [&hellip;]<\/p>","protected":false},"featured_media":6105,"comment_status":"closed","ping_status":"open","template":"","meta":{"_acf_changed":false,"_smort_price_nok":"12283","_smort_price_dkk":"7803","_smort_price_eur":"1045.41","_smort_sale_price_nok":"","_smort_sale_price_dkk":"","_smort_sale_price_eur":"","smort_restorder":"","shipmondo_restorder":"","_kad_blocks_custom_css":"","_kad_blocks_head_custom_js":"","_kad_blocks_body_custom_js":"","_kad_blocks_footer_custom_js":"","smort_custom_pricelist_1":"7360","smort_custom_pricelist_2":"7360","smort_custom_pricelist_3":"7360","smort_custom_pricelist_4":"9200","smort_custom_pricelist_5":"7360"},"anvandningsomrade":[],"bilmarken":[],"product_brand":[1124],"product_cat":[2539,2596,1916],"product_tag":[2735],"class_list":{"0":"post-6104","1":"product","2":"type-product","3":"status-publish","4":"has-post-thumbnail","6":"product_brand-lazer","7":"product_cat-ledramper","8":"product_cat-paket","9":"product_cat-ledrampspaket","10":"product_tag-lazer","11":"pa_fargtemperatur-5000k","12":"pa_godkannande-e-godkand-ece-r112","13":"pa_led-chips-effekt-w-1616","14":"pa_stromforbrukning-72a144v","15":"pa_volt-v-multivolt-10-12-16-18-24-28-30-32","17":"first","18":"onbackorder","19":"taxable","20":"shipping-taxable","21":"purchasable","22":"product-type-simple"},"bundled_by":[],"bundle_stock_status":"onbackorder","bundle_stock_quantity":0,"bundle_virtual":false,"bundle_layout":"","bundle_add_to_cart_form_location":"","bundle_editable_in_cart":false,"bundle_sold_individually_context":"","bundle_item_grouping":"","bundle_min_size":"","bundle_max_size":"","bundle_price":[],"bundled_items":[],"bundle_sell_ids":[],"acf":[],"yoast_head":"<!-- This site is optimized with the Yoast SEO plugin v27.0 - https:\/\/yoast.com\/product\/yoast-seo-wordpress\/ -->\n<title>Lazer Ledrampskit VW Transp. T5 2010+ 2x Triple-R 750 Elite - Xenonkungen<\/title>\n<meta name=\"robots\" content=\"index, follow, max-snippet:-1, max-image-preview:large, max-video-preview:-1\" \/>\n<link rel=\"canonical\" href=\"https:\/\/xenonkungen.com\/fi\/tuote\/lazer-led-ramppisarja-vw-transp-t5-2010-2x-triple-r-750-elite\/\" \/>\n<meta property=\"og:locale\" content=\"fi_FI\" \/>\n<meta property=\"og:type\" content=\"article\" \/>\n<meta property=\"og:title\" content=\"Lazer Ledrampskit VW Transp. T5 2010+ 2x Triple-R 750 Elite - Xenonkungen\" \/>\n<meta property=\"og:description\" content=\"Ledrampskit f\u00f6r Volkswagen Transporter T5 2010+ Uppgradera din Volkswagen Transporter T5 2010+ med detta skr\u00e4ddarsydda ledrampskit fr\u00e5n Xenonkungen.se. Paketet inkluderar allt du beh\u00f6ver f\u00f6r att skapa en robust och s\u00e4ker installation som sm\u00e4lter in perfekt i din originalgrill. Monteringen g\u00f6rs snabbt och enkelt med hj\u00e4lp av medf\u00f6ljande sk\u00e4rguide, och det slitstarka ASA-materialet i f\u00e4stena garanterar [&hellip;]\" \/>\n<meta property=\"og:url\" content=\"https:\/\/xenonkungen.com\/fi\/tuote\/lazer-led-ramppisarja-vw-transp-t5-2010-2x-triple-r-750-elite\/\" \/>\n<meta property=\"og:site_name\" content=\"Xenonkungen\" \/>\n<meta property=\"article:modified_time\" content=\"2026-04-24T16:27:44+00:00\" \/>\n<meta property=\"og:image\" content=\"https:\/\/xenonkungen.com\/wp-content\/uploads\/2025\/04\/159572_itemimage_2.jpg\" \/>\n\t<meta property=\"og:image:width\" content=\"2048\" \/>\n\t<meta property=\"og:image:height\" content=\"1536\" \/>\n\t<meta property=\"og:image:type\" content=\"image\/jpeg\" \/>\n<meta name=\"twitter:card\" content=\"summary_large_image\" \/>\n<meta name=\"twitter:label1\" content=\"Arvioitu lukuaika\" \/>\n\t<meta name=\"twitter:data1\" content=\"1 minuutti\" \/>\n<script type=\"application\/ld+json\" class=\"yoast-schema-graph\">{\"@context\":\"https:\/\/schema.org\",\"@graph\":[{\"@type\":\"WebPage\",\"@id\":\"https:\/\/xenonkungen.com\/es\/producto\/kit-de-rampa-led-laser-para-vw-transp-t5-2010-2-unidades-triple-r-750-elite\/\",\"url\":\"https:\/\/xenonkungen.com\/es\/producto\/kit-de-rampa-led-laser-para-vw-transp-t5-2010-2-unidades-triple-r-750-elite\/\",\"name\":\"Lazer Ledrampskit VW Transp. T5 2010+ 2x Triple-R 750 Elite - Xenonkungen\",\"isPartOf\":{\"@id\":\"https:\/\/xenonkungen.com\/#website\"},\"primaryImageOfPage\":{\"@id\":\"https:\/\/xenonkungen.com\/es\/producto\/kit-de-rampa-led-laser-para-vw-transp-t5-2010-2-unidades-triple-r-750-elite\/#primaryimage\"},\"image\":{\"@id\":\"https:\/\/xenonkungen.com\/es\/producto\/kit-de-rampa-led-laser-para-vw-transp-t5-2010-2-unidades-triple-r-750-elite\/#primaryimage\"},\"thumbnailUrl\":\"https:\/\/xenonkungen.com\/wp-content\/uploads\/2025\/04\/159572_itemimage_2.jpg\",\"datePublished\":\"2025-04-15T09:41:07+00:00\",\"dateModified\":\"2026-04-24T16:27:44+00:00\",\"breadcrumb\":{\"@id\":\"https:\/\/xenonkungen.com\/es\/producto\/kit-de-rampa-led-laser-para-vw-transp-t5-2010-2-unidades-triple-r-750-elite\/#breadcrumb\"},\"inLanguage\":\"fi\",\"potentialAction\":[{\"@type\":\"ReadAction\",\"target\":[\"https:\/\/xenonkungen.com\/es\/producto\/kit-de-rampa-led-laser-para-vw-transp-t5-2010-2-unidades-triple-r-750-elite\/\"]}]},{\"@type\":\"ImageObject\",\"inLanguage\":\"fi\",\"@id\":\"https:\/\/xenonkungen.com\/es\/producto\/kit-de-rampa-led-laser-para-vw-transp-t5-2010-2-unidades-triple-r-750-elite\/#primaryimage\",\"url\":\"https:\/\/xenonkungen.com\/wp-content\/uploads\/2025\/04\/159572_itemimage_2.jpg\",\"contentUrl\":\"https:\/\/xenonkungen.com\/wp-content\/uploads\/2025\/04\/159572_itemimage_2.jpg\",\"width\":2048,\"height\":1536},{\"@type\":\"BreadcrumbList\",\"@id\":\"https:\/\/xenonkungen.com\/es\/producto\/kit-de-rampa-led-laser-para-vw-transp-t5-2010-2-unidades-triple-r-750-elite\/#breadcrumb\",\"itemListElement\":[{\"@type\":\"ListItem\",\"position\":1,\"name\":\"Hem\",\"item\":\"https:\/\/xenonkungen.com\/\"},{\"@type\":\"ListItem\",\"position\":2,\"name\":\"Shop\",\"item\":\"https:\/\/xenonkungen.com\/shop\/\"},{\"@type\":\"ListItem\",\"position\":3,\"name\":\"Lazer Ledrampskit VW Transp. T5 2010+ 2x Triple-R 750 Elite\"}]},{\"@type\":\"WebSite\",\"@id\":\"https:\/\/xenonkungen.com\/#website\",\"url\":\"https:\/\/xenonkungen.com\/\",\"name\":\"Xenonkungen\",\"description\":\"\",\"potentialAction\":[{\"@type\":\"SearchAction\",\"target\":{\"@type\":\"EntryPoint\",\"urlTemplate\":\"https:\/\/xenonkungen.com\/?s={search_term_string}\"},\"query-input\":{\"@type\":\"PropertyValueSpecification\",\"valueRequired\":true,\"valueName\":\"search_term_string\"}}],\"inLanguage\":\"fi\"}]}<\/script>\n<!-- \/ Yoast SEO plugin. -->","yoast_head_json":{"title":"Lazer Led ramppisarja VW Transp. T5 2010+ 2x Triple-R 750 Elite - Xenon King","robots":{"index":"index","follow":"follow","max-snippet":"max-snippet:-1","max-image-preview":"max-image-preview:large","max-video-preview":"max-video-preview:-1"},"canonical":"https:\/\/xenonkungen.com\/fi\/tuote\/lazer-led-ramppisarja-vw-transp-t5-2010-2x-triple-r-750-elite\/","og_locale":"fi_FI","og_type":"article","og_title":"Lazer Ledrampskit VW Transp. T5 2010+ 2x Triple-R 750 Elite - Xenonkungen","og_description":"Ledrampskit f\u00f6r Volkswagen Transporter T5 2010+ Uppgradera din Volkswagen Transporter T5 2010+ med detta skr\u00e4ddarsydda ledrampskit fr\u00e5n Xenonkungen.se. Paketet inkluderar allt du beh\u00f6ver f\u00f6r att skapa en robust och s\u00e4ker installation som sm\u00e4lter in perfekt i din originalgrill. Monteringen g\u00f6rs snabbt och enkelt med hj\u00e4lp av medf\u00f6ljande sk\u00e4rguide, och det slitstarka ASA-materialet i f\u00e4stena garanterar [&hellip;]","og_url":"https:\/\/xenonkungen.com\/fi\/tuote\/lazer-led-ramppisarja-vw-transp-t5-2010-2x-triple-r-750-elite\/","og_site_name":"Xenonkungen","article_modified_time":"2026-04-24T16:27:44+00:00","og_image":[{"width":2048,"height":1536,"url":"https:\/\/xenonkungen.com\/wp-content\/uploads\/2025\/04\/159572_itemimage_2.jpg","type":"image\/jpeg"}],"twitter_card":"summary_large_image","twitter_misc":{"Arvioitu lukuaika":"1 minuutti"},"schema":{"@context":"https:\/\/schema.org","@graph":[{"@type":"WebPage","@id":"https:\/\/xenonkungen.com\/es\/producto\/kit-de-rampa-led-laser-para-vw-transp-t5-2010-2-unidades-triple-r-750-elite\/","url":"https:\/\/xenonkungen.com\/es\/producto\/kit-de-rampa-led-laser-para-vw-transp-t5-2010-2-unidades-triple-r-750-elite\/","name":"Lazer Led ramppisarja VW Transp. T5 2010+ 2x Triple-R 750 Elite - Xenon King","isPartOf":{"@id":"https:\/\/xenonkungen.com\/#website"},"primaryImageOfPage":{"@id":"https:\/\/xenonkungen.com\/es\/producto\/kit-de-rampa-led-laser-para-vw-transp-t5-2010-2-unidades-triple-r-750-elite\/#primaryimage"},"image":{"@id":"https:\/\/xenonkungen.com\/es\/producto\/kit-de-rampa-led-laser-para-vw-transp-t5-2010-2-unidades-triple-r-750-elite\/#primaryimage"},"thumbnailUrl":"https:\/\/xenonkungen.com\/wp-content\/uploads\/2025\/04\/159572_itemimage_2.jpg","datePublished":"2025-04-15T09:41:07+00:00","dateModified":"2026-04-24T16:27:44+00:00","breadcrumb":{"@id":"https:\/\/xenonkungen.com\/es\/producto\/kit-de-rampa-led-laser-para-vw-transp-t5-2010-2-unidades-triple-r-750-elite\/#breadcrumb"},"inLanguage":"fi","potentialAction":[{"@type":"ReadAction","target":["https:\/\/xenonkungen.com\/es\/producto\/kit-de-rampa-led-laser-para-vw-transp-t5-2010-2-unidades-triple-r-750-elite\/"]}]},{"@type":"ImageObject","inLanguage":"fi","@id":"https:\/\/xenonkungen.com\/es\/producto\/kit-de-rampa-led-laser-para-vw-transp-t5-2010-2-unidades-triple-r-750-elite\/#primaryimage","url":"https:\/\/xenonkungen.com\/wp-content\/uploads\/2025\/04\/159572_itemimage_2.jpg","contentUrl":"https:\/\/xenonkungen.com\/wp-content\/uploads\/2025\/04\/159572_itemimage_2.jpg","width":2048,"height":1536},{"@type":"BreadcrumbList","@id":"https:\/\/xenonkungen.com\/es\/producto\/kit-de-rampa-led-laser-para-vw-transp-t5-2010-2-unidades-triple-r-750-elite\/#breadcrumb","itemListElement":[{"@type":"ListItem","position":1,"name":"Hem","item":"https:\/\/xenonkungen.com\/"},{"@type":"ListItem","position":2,"name":"Shop","item":"https:\/\/xenonkungen.com\/shop\/"},{"@type":"ListItem","position":3,"name":"Lazer Ledrampskit VW Transp. T5 2010+ 2x Triple-R 750 Elite"}]},{"@type":"WebSite","@id":"https:\/\/xenonkungen.com\/#website","url":"https:\/\/xenonkungen.com\/","name":"Xenonkungen","description":"","potentialAction":[{"@type":"SearchAction","target":{"@type":"EntryPoint","urlTemplate":"https:\/\/xenonkungen.com\/?s={search_term_string}"},"query-input":{"@type":"PropertyValueSpecification","valueRequired":true,"valueName":"search_term_string"}}],"inLanguage":"fi"}]}},"taxonomy_info":{"product_brand":[{"value":1124,"label":"Lazer"}],"product_cat":[{"value":2539,"label":"LEDRAMPER"},{"value":2596,"label":"Paket"},{"value":1916,"label":"Ledrampspaket"}],"product_tag":[{"value":2735,"label":"Lazer"}],"pa_fargtemperatur":[{"value":154,"label":"5000K"}],"pa_godkannande":[{"value":1709,"label":"E-godk\u00e4nd, ECE, R112"}],"pa_led-chips-effekt-w":[{"value":1616,"label":"104"}],"pa_stromforbrukning":[{"value":1617,"label":"7,2A@14,4V"}],"pa_volt-v":[{"value":1084,"label":"Multivolt, 10, 12, 16, 18, 24, 28, 30, 32"}]},"featured_image_src_large":["https:\/\/xenonkungen.com\/wp-content\/uploads\/2025\/04\/159572_itemimage_2-1024x768.jpg",1024,768,true],"author_info":[],"comment_info":0,"_links":{"self":[{"href":"https:\/\/xenonkungen.com\/fi\/wp-json\/wp\/v2\/product\/6104","targetHints":{"allow":["GET"]}}],"collection":[{"href":"https:\/\/xenonkungen.com\/fi\/wp-json\/wp\/v2\/product"}],"about":[{"href":"https:\/\/xenonkungen.com\/fi\/wp-json\/wp\/v2\/types\/product"}],"replies":[{"embeddable":true,"href":"https:\/\/xenonkungen.com\/fi\/wp-json\/wp\/v2\/comments?post=6104"}],"wp:featuredmedia":[{"embeddable":true,"href":"https:\/\/xenonkungen.com\/fi\/wp-json\/wp\/v2\/media\/6105"}],"wp:attachment":[{"href":"https:\/\/xenonkungen.com\/fi\/wp-json\/wp\/v2\/media?parent=6104"}],"wp:term":[{"taxonomy":"anvandningsomrade","embeddable":true,"href":"https:\/\/xenonkungen.com\/fi\/wp-json\/wp\/v2\/anvandningsomrade?post=6104"},{"taxonomy":"bilmarken","embeddable":true,"href":"https:\/\/xenonkungen.com\/fi\/wp-json\/wp\/v2\/bilmarken?post=6104"},{"taxonomy":"product_brand","embeddable":true,"href":"https:\/\/xenonkungen.com\/fi\/wp-json\/wp\/v2\/product_brand?post=6104"},{"taxonomy":"product_cat","embeddable":true,"href":"https:\/\/xenonkungen.com\/fi\/wp-json\/wp\/v2\/product_cat?post=6104"},{"taxonomy":"product_tag","embeddable":true,"href":"https:\/\/xenonkungen.com\/fi\/wp-json\/wp\/v2\/product_tag?post=6104"}],"curies":[{"name":"wp","href":"https:\/\/api.w.org\/{rel}","templated":true}]}}