{"id":6164,"date":"2025-04-15T09:42:34","date_gmt":"2025-04-15T09:42:34","guid":{"rendered":"https:\/\/xenonkungen.com\/product\/lazer-sentinel-elite-led-extraljus-9-black-positionsljus\/"},"modified":"2026-04-24T17:28:05","modified_gmt":"2026-04-24T16:28:05","slug":"lazer-sentinel-elite-led-lisavalo-9-musta-seisontavalo","status":"publish","type":"product","link":"https:\/\/xenonkungen.com\/fi\/tuote\/lazer-sentinel-elite-led-lisavalo-9-musta-seisontavalo\/","title":{"rendered":"Lazer Sentinel Elite LED ylim\u00e4\u00e4r\u00e4inen valo 9 \"Musta Positiovalo"},"content":{"rendered":"<h1>LAZER SENTINEL ELITE 9\u2033 \u2013 Kompakti, n\u00e4ytt\u00e4v\u00e4, elegantti<\/h1>\n<p>Lazerin uusin ja n\u00e4kyvin py\u00f6re\u00e4 LED-lis\u00e4valo 9-tuumaisella muotoilulla. Sentinel-sarja on luotu edistyneell\u00e4 LED-tekniikalla, joka vastaa ammattilaisten ja asentajien tarpeisiin. Erinomainen optiikka on suunniteltu tarjoamaan kattavan valokuvion, joka valaisee tien molemmat puolet ja saavuttaa samalla huomattavat et\u00e4isyydet.<\/p>\n<ul>\n<li>Kantama: 1 luksia @ 742m<\/li>\n<li>15 232 teoreettista lumenia<\/li>\n<li>E-boost-tila lis\u00e4valotehoa varten<\/li>\n<\/ul>\n<p>Lazer Sentinel Eliten heijastuset\u00e4isyys on 1 luksia 742 metrin et\u00e4isyydell\u00e4. Linssi on saatavana joko mustana tai kromina, mik\u00e4 lis\u00e4\u00e4 tyylik\u00e4st\u00e4 muotoilua tinkim\u00e4tt\u00e4 valotehosta. T\u00e4m\u00e4 seisontavalo on varustettu n\u00e4ytt\u00e4v\u00e4ll\u00e4 integroidulla seisontavalolla, ja se voi tuottaa joko valkoista tai keltaista valoa lis\u00e4varusteena. Valo on suunniteltu est\u00e4m\u00e4\u00e4n lumen, j\u00e4\u00e4n ja lian kertymisen linssiin. Mukana toimitetaan my\u00f6s yhteensopiva musta kiinnike.<\/p>\n<h2>E-boost-tila:<\/h2>\n<p>Niiss\u00e4 tilanteissa, kun tarvitset maksimaalista valoa, kuten maastossa ajettaessa, Lazer Sentinel Elite tarjoaa uskomattoman jopa 742 metrin kantaman 1 luksin valoteholla. Voit vaihtaa nopeasti E-boost-tilan ja E-hyv\u00e4ksytyn vakiotilan v\u00e4lill\u00e4.<\/p>\n<p>Vaikuttava kirkkaus on vain osa tarinaa; 52 asteen vaakasuuntainen keilakulma tarjoaa optimaalisen n\u00e4kyvyyden kaikentyyppisess\u00e4 maastossa, mik\u00e4 tekee Sentinelist\u00e4 yhden markkinoiden johtavista py\u00f6reist\u00e4 lis\u00e4valoista.<\/p>","protected":false},"excerpt":{"rendered":"<p>LAZER SENTINEL ELITE 9&#8243; &#8211; Kompakt, Sl\u00e5ende, Elegant Lazers senaste och mest framst\u00e5ende runda LED extraljus i 9\u201d utf\u00f6rande. Sentinel-serien \u00e4r skapad med avancerad LED-teknologi som svarar p\u00e5 behoven fr\u00e5n proffs och installat\u00f6rer. Utm\u00e4rkt optik designad f\u00f6r att ge en omfattande ljusbild som belyser b\u00e5da sidor av v\u00e4gen, och samtidigt uppn\u00e5r anm\u00e4rkningsv\u00e4rda avst\u00e5nd. R\u00e4ckvidd: 1 [&hellip;]<\/p>","protected":false},"featured_media":6165,"comment_status":"closed","ping_status":"open","template":"","meta":{"_acf_changed":false,"_smort_price_nok":"8545","_smort_price_dkk":"5428","_smort_price_eur":"727.24","_smort_sale_price_nok":"","_smort_sale_price_dkk":"","_smort_sale_price_eur":"","smort_restorder":"","shipmondo_restorder":"","_kad_blocks_custom_css":"","_kad_blocks_head_custom_js":"","_kad_blocks_body_custom_js":"","_kad_blocks_footer_custom_js":"","smort_custom_pricelist_1":"5120","smort_custom_pricelist_2":"5120","smort_custom_pricelist_3":"5120","smort_custom_pricelist_4":"6400","smort_custom_pricelist_5":"5120"},"anvandningsomrade":[],"bilmarken":[],"product_brand":[1124],"product_cat":[2839,142],"product_tag":[2735],"class_list":{"0":"post-6164","1":"product","2":"type-product","3":"status-publish","4":"has-post-thumbnail","6":"product_brand-lazer","7":"product_cat-extraljus-9","8":"product_cat-extraljus","9":"product_tag-lazer","10":"pa_fargtemperatur-5000k","11":"pa_fuktskydd-varde-ipxx-ip68","12":"pa_godkannande-e-godkand-ece-r112","13":"pa_lampsockel-kontakt-superseal","14":"pa_led-chips-effekt-w-1717","15":"pa_storlek-mm-225x230x90","16":"pa_stromforbrukning-101a144v","17":"pa_volt-v-multivolt-10-12-16-18-24-28-30-32","19":"first","20":"onbackorder","21":"taxable","22":"shipping-taxable","23":"purchasable","24":"product-type-simple"},"bundled_by":[],"bundle_stock_status":"onbackorder","bundle_stock_quantity":0,"bundle_virtual":false,"bundle_layout":"","bundle_add_to_cart_form_location":"","bundle_editable_in_cart":false,"bundle_sold_individually_context":"","bundle_item_grouping":"","bundle_min_size":"","bundle_max_size":"","bundle_price":[],"bundled_items":[],"bundle_sell_ids":[],"acf":[],"yoast_head":"<!-- This site is optimized with the Yoast SEO plugin v27.0 - https:\/\/yoast.com\/product\/yoast-seo-wordpress\/ -->\n<title>Lazer Sentinel Elite LED extraljus 9&quot; Black Positionsljus - Xenonkungen<\/title>\n<meta name=\"robots\" content=\"index, follow, max-snippet:-1, max-image-preview:large, max-video-preview:-1\" \/>\n<link rel=\"canonical\" href=\"https:\/\/xenonkungen.com\/fi\/tuote\/lazer-sentinel-elite-led-lisavalo-9-musta-seisontavalo\/\" \/>\n<meta property=\"og:locale\" content=\"fi_FI\" \/>\n<meta property=\"og:type\" content=\"article\" \/>\n<meta property=\"og:title\" content=\"Lazer Sentinel Elite LED extraljus 9&quot; Black Positionsljus - Xenonkungen\" \/>\n<meta property=\"og:description\" content=\"LAZER SENTINEL ELITE 9&#8243; &#8211; Kompakt, Sl\u00e5ende, Elegant Lazers senaste och mest framst\u00e5ende runda LED extraljus i 9\u201d utf\u00f6rande. Sentinel-serien \u00e4r skapad med avancerad LED-teknologi som svarar p\u00e5 behoven fr\u00e5n proffs och installat\u00f6rer. Utm\u00e4rkt optik designad f\u00f6r att ge en omfattande ljusbild som belyser b\u00e5da sidor av v\u00e4gen, och samtidigt uppn\u00e5r anm\u00e4rkningsv\u00e4rda avst\u00e5nd. R\u00e4ckvidd: 1 [&hellip;]\" \/>\n<meta property=\"og:url\" content=\"https:\/\/xenonkungen.com\/fi\/tuote\/lazer-sentinel-elite-led-lisavalo-9-musta-seisontavalo\/\" \/>\n<meta property=\"og:site_name\" content=\"Xenonkungen\" \/>\n<meta property=\"article:modified_time\" content=\"2026-04-24T16:28:05+00:00\" \/>\n<meta property=\"og:image\" content=\"https:\/\/xenonkungen.com\/wp-content\/uploads\/2025\/04\/159603_itemimage_4.jpg\" \/>\n\t<meta property=\"og:image:width\" content=\"2048\" \/>\n\t<meta property=\"og:image:height\" content=\"1536\" \/>\n\t<meta property=\"og:image:type\" content=\"image\/jpeg\" \/>\n<meta name=\"twitter:card\" content=\"summary_large_image\" \/>\n<meta name=\"twitter:label1\" content=\"Arvioitu lukuaika\" \/>\n\t<meta name=\"twitter:data1\" content=\"1 minuutti\" \/>\n<script type=\"application\/ld+json\" class=\"yoast-schema-graph\">{\"@context\":\"https:\/\/schema.org\",\"@graph\":[{\"@type\":\"WebPage\",\"@id\":\"https:\/\/xenonkungen.com\/no\/produkt\/lazer-sentinel-elite-led-hjelpelys-9-svart-posisjonslys\/\",\"url\":\"https:\/\/xenonkungen.com\/no\/produkt\/lazer-sentinel-elite-led-hjelpelys-9-svart-posisjonslys\/\",\"name\":\"Lazer Sentinel Elite LED extraljus 9\\\" Black Positionsljus - Xenonkungen\",\"isPartOf\":{\"@id\":\"https:\/\/xenonkungen.com\/#website\"},\"primaryImageOfPage\":{\"@id\":\"https:\/\/xenonkungen.com\/no\/produkt\/lazer-sentinel-elite-led-hjelpelys-9-svart-posisjonslys\/#primaryimage\"},\"image\":{\"@id\":\"https:\/\/xenonkungen.com\/no\/produkt\/lazer-sentinel-elite-led-hjelpelys-9-svart-posisjonslys\/#primaryimage\"},\"thumbnailUrl\":\"https:\/\/xenonkungen.com\/wp-content\/uploads\/2025\/04\/159603_itemimage_4.jpg\",\"datePublished\":\"2025-04-15T09:42:34+00:00\",\"dateModified\":\"2026-04-24T16:28:05+00:00\",\"breadcrumb\":{\"@id\":\"https:\/\/xenonkungen.com\/no\/produkt\/lazer-sentinel-elite-led-hjelpelys-9-svart-posisjonslys\/#breadcrumb\"},\"inLanguage\":\"fi\",\"potentialAction\":[{\"@type\":\"ReadAction\",\"target\":[\"https:\/\/xenonkungen.com\/no\/produkt\/lazer-sentinel-elite-led-hjelpelys-9-svart-posisjonslys\/\"]}]},{\"@type\":\"ImageObject\",\"inLanguage\":\"fi\",\"@id\":\"https:\/\/xenonkungen.com\/no\/produkt\/lazer-sentinel-elite-led-hjelpelys-9-svart-posisjonslys\/#primaryimage\",\"url\":\"https:\/\/xenonkungen.com\/wp-content\/uploads\/2025\/04\/159603_itemimage_4.jpg\",\"contentUrl\":\"https:\/\/xenonkungen.com\/wp-content\/uploads\/2025\/04\/159603_itemimage_4.jpg\",\"width\":2048,\"height\":1536},{\"@type\":\"BreadcrumbList\",\"@id\":\"https:\/\/xenonkungen.com\/no\/produkt\/lazer-sentinel-elite-led-hjelpelys-9-svart-posisjonslys\/#breadcrumb\",\"itemListElement\":[{\"@type\":\"ListItem\",\"position\":1,\"name\":\"Hem\",\"item\":\"https:\/\/xenonkungen.com\/\"},{\"@type\":\"ListItem\",\"position\":2,\"name\":\"Shop\",\"item\":\"https:\/\/xenonkungen.com\/shop\/\"},{\"@type\":\"ListItem\",\"position\":3,\"name\":\"Lazer Sentinel Elite LED extraljus 9&#8243; Black Positionsljus\"}]},{\"@type\":\"WebSite\",\"@id\":\"https:\/\/xenonkungen.com\/#website\",\"url\":\"https:\/\/xenonkungen.com\/\",\"name\":\"Xenonkungen\",\"description\":\"\",\"potentialAction\":[{\"@type\":\"SearchAction\",\"target\":{\"@type\":\"EntryPoint\",\"urlTemplate\":\"https:\/\/xenonkungen.com\/?s={search_term_string}\"},\"query-input\":{\"@type\":\"PropertyValueSpecification\",\"valueRequired\":true,\"valueName\":\"search_term_string\"}}],\"inLanguage\":\"fi\"}]}<\/script>\n<!-- \/ Yoast SEO plugin. -->","yoast_head_json":{"title":"Lazer Sentinel Elite LED-lis\u00e4valo 9&quot; musta seisontavalo - Xenonkungen","robots":{"index":"index","follow":"follow","max-snippet":"max-snippet:-1","max-image-preview":"max-image-preview:large","max-video-preview":"max-video-preview:-1"},"canonical":"https:\/\/xenonkungen.com\/fi\/tuote\/lazer-sentinel-elite-led-lisavalo-9-musta-seisontavalo\/","og_locale":"fi_FI","og_type":"article","og_title":"Lazer Sentinel Elite LED extraljus 9\" Black Positionsljus - Xenonkungen","og_description":"LAZER SENTINEL ELITE 9&#8243; &#8211; Kompakt, Sl\u00e5ende, Elegant Lazers senaste och mest framst\u00e5ende runda LED extraljus i 9\u201d utf\u00f6rande. Sentinel-serien \u00e4r skapad med avancerad LED-teknologi som svarar p\u00e5 behoven fr\u00e5n proffs och installat\u00f6rer. Utm\u00e4rkt optik designad f\u00f6r att ge en omfattande ljusbild som belyser b\u00e5da sidor av v\u00e4gen, och samtidigt uppn\u00e5r anm\u00e4rkningsv\u00e4rda avst\u00e5nd. R\u00e4ckvidd: 1 [&hellip;]","og_url":"https:\/\/xenonkungen.com\/fi\/tuote\/lazer-sentinel-elite-led-lisavalo-9-musta-seisontavalo\/","og_site_name":"Xenonkungen","article_modified_time":"2026-04-24T16:28:05+00:00","og_image":[{"width":2048,"height":1536,"url":"https:\/\/xenonkungen.com\/wp-content\/uploads\/2025\/04\/159603_itemimage_4.jpg","type":"image\/jpeg"}],"twitter_card":"summary_large_image","twitter_misc":{"Arvioitu lukuaika":"1 minuutti"},"schema":{"@context":"https:\/\/schema.org","@graph":[{"@type":"WebPage","@id":"https:\/\/xenonkungen.com\/no\/produkt\/lazer-sentinel-elite-led-hjelpelys-9-svart-posisjonslys\/","url":"https:\/\/xenonkungen.com\/no\/produkt\/lazer-sentinel-elite-led-hjelpelys-9-svart-posisjonslys\/","name":"Lazer Sentinel Elite LED-lis\u00e4valo 9&quot; musta seisontavalo - Xenonkungen","isPartOf":{"@id":"https:\/\/xenonkungen.com\/#website"},"primaryImageOfPage":{"@id":"https:\/\/xenonkungen.com\/no\/produkt\/lazer-sentinel-elite-led-hjelpelys-9-svart-posisjonslys\/#primaryimage"},"image":{"@id":"https:\/\/xenonkungen.com\/no\/produkt\/lazer-sentinel-elite-led-hjelpelys-9-svart-posisjonslys\/#primaryimage"},"thumbnailUrl":"https:\/\/xenonkungen.com\/wp-content\/uploads\/2025\/04\/159603_itemimage_4.jpg","datePublished":"2025-04-15T09:42:34+00:00","dateModified":"2026-04-24T16:28:05+00:00","breadcrumb":{"@id":"https:\/\/xenonkungen.com\/no\/produkt\/lazer-sentinel-elite-led-hjelpelys-9-svart-posisjonslys\/#breadcrumb"},"inLanguage":"fi","potentialAction":[{"@type":"ReadAction","target":["https:\/\/xenonkungen.com\/no\/produkt\/lazer-sentinel-elite-led-hjelpelys-9-svart-posisjonslys\/"]}]},{"@type":"ImageObject","inLanguage":"fi","@id":"https:\/\/xenonkungen.com\/no\/produkt\/lazer-sentinel-elite-led-hjelpelys-9-svart-posisjonslys\/#primaryimage","url":"https:\/\/xenonkungen.com\/wp-content\/uploads\/2025\/04\/159603_itemimage_4.jpg","contentUrl":"https:\/\/xenonkungen.com\/wp-content\/uploads\/2025\/04\/159603_itemimage_4.jpg","width":2048,"height":1536},{"@type":"BreadcrumbList","@id":"https:\/\/xenonkungen.com\/no\/produkt\/lazer-sentinel-elite-led-hjelpelys-9-svart-posisjonslys\/#breadcrumb","itemListElement":[{"@type":"ListItem","position":1,"name":"Hem","item":"https:\/\/xenonkungen.com\/"},{"@type":"ListItem","position":2,"name":"Shop","item":"https:\/\/xenonkungen.com\/shop\/"},{"@type":"ListItem","position":3,"name":"Lazer Sentinel Elite LED extraljus 9&#8243; Black Positionsljus"}]},{"@type":"WebSite","@id":"https:\/\/xenonkungen.com\/#website","url":"https:\/\/xenonkungen.com\/","name":"Xenonkungen","description":"","potentialAction":[{"@type":"SearchAction","target":{"@type":"EntryPoint","urlTemplate":"https:\/\/xenonkungen.com\/?s={search_term_string}"},"query-input":{"@type":"PropertyValueSpecification","valueRequired":true,"valueName":"search_term_string"}}],"inLanguage":"fi"}]}},"taxonomy_info":{"product_brand":[{"value":1124,"label":"Lazer"}],"product_cat":[{"value":2839,"label":"Extraljus 9\""},{"value":142,"label":"Extraljus"}],"product_tag":[{"value":2735,"label":"Lazer"}],"pa_fargtemperatur":[{"value":154,"label":"5000K"}],"pa_fuktskydd-varde-ipxx":[{"value":177,"label":"IP68"}],"pa_godkannande":[{"value":1709,"label":"E-godk\u00e4nd, ECE, R112"}],"pa_lampsockel-kontakt":[{"value":1122,"label":"Superseal"}],"pa_led-chips-effekt-w":[{"value":1717,"label":"145"}],"pa_storlek-mm":[{"value":1716,"label":"225x230x90"}],"pa_stromforbrukning":[{"value":1718,"label":"10,1A@14,4V"}],"pa_volt-v":[{"value":1084,"label":"Multivolt, 10, 12, 16, 18, 24, 28, 30, 32"}]},"featured_image_src_large":["https:\/\/xenonkungen.com\/wp-content\/uploads\/2025\/04\/159603_itemimage_4-1024x768.jpg",1024,768,true],"author_info":[],"comment_info":0,"_links":{"self":[{"href":"https:\/\/xenonkungen.com\/fi\/wp-json\/wp\/v2\/product\/6164","targetHints":{"allow":["GET"]}}],"collection":[{"href":"https:\/\/xenonkungen.com\/fi\/wp-json\/wp\/v2\/product"}],"about":[{"href":"https:\/\/xenonkungen.com\/fi\/wp-json\/wp\/v2\/types\/product"}],"replies":[{"embeddable":true,"href":"https:\/\/xenonkungen.com\/fi\/wp-json\/wp\/v2\/comments?post=6164"}],"wp:featuredmedia":[{"embeddable":true,"href":"https:\/\/xenonkungen.com\/fi\/wp-json\/wp\/v2\/media\/6165"}],"wp:attachment":[{"href":"https:\/\/xenonkungen.com\/fi\/wp-json\/wp\/v2\/media?parent=6164"}],"wp:term":[{"taxonomy":"anvandningsomrade","embeddable":true,"href":"https:\/\/xenonkungen.com\/fi\/wp-json\/wp\/v2\/anvandningsomrade?post=6164"},{"taxonomy":"bilmarken","embeddable":true,"href":"https:\/\/xenonkungen.com\/fi\/wp-json\/wp\/v2\/bilmarken?post=6164"},{"taxonomy":"product_brand","embeddable":true,"href":"https:\/\/xenonkungen.com\/fi\/wp-json\/wp\/v2\/product_brand?post=6164"},{"taxonomy":"product_cat","embeddable":true,"href":"https:\/\/xenonkungen.com\/fi\/wp-json\/wp\/v2\/product_cat?post=6164"},{"taxonomy":"product_tag","embeddable":true,"href":"https:\/\/xenonkungen.com\/fi\/wp-json\/wp\/v2\/product_tag?post=6164"}],"curies":[{"name":"wp","href":"https:\/\/api.w.org\/{rel}","templated":true}]}}