{"id":6224,"date":"2025-04-15T09:44:00","date_gmt":"2025-04-15T09:44:00","guid":{"rendered":"https:\/\/xenonkungen.com\/product\/lazer-st4-evolution-extraljusramp-8-204-mm\/"},"modified":"2026-04-24T17:28:33","modified_gmt":"2026-04-24T16:28:33","slug":"lazer-st4-evolution-lisakevyt-ramppi-8-204-mm","status":"publish","type":"product","link":"https:\/\/xenonkungen.com\/fi\/tuote\/lazer-st4-evolution-lisakevyt-ramppi-8-204-mm\/","title":{"rendered":"Lazer ST4 Evolution eritt\u00e4in kevyt ramppi 8\u2033 (204 mm)"},"content":{"rendered":"<h1>Lazerin ST Evolution -sarja \u2013 optimaaliset LED-palkit kaikkiin ajoneuvoihin<\/h1>\n<p>Lazerin ST Evolution -sarja on vuonna 2010 lanseerattu LED-valosarja, jota on sittemmin kehitetty ja p\u00e4ivitetty tarjoamaan erinomaisen valaistusratkaisun matalalla profiililla ja saumattomalla muotoilulla. N\u00e4iss\u00e4 valoissa on parannettu s\u00e4\u00e4nkest\u00e4vyys, helppo asennus ja uusin valaistustekniikka, jotka sopivat useimpiin ajoneuvoihin ja tilaisuuksiin.<\/p>\n<h2>Erinomainen valon suorituskyky ja hajonta<\/h2>\n<p>Jokainen ST Evolution -sarjan puomi on varustettu tehokkailla 11 W:n LED-lampuilla, jotka tarjoavat erinomaisen valotehon ja optimaalisen valonjaon siell\u00e4, miss\u00e4 sit\u00e4 eniten tarvitaan. Edistyksellinen elektroninen rakenne ja tehokkaat tyhji\u00f6metalloidut heijastimet tarjoavat laajan valokuvion, joka sopii erityisesti maatalous- ja maastok\u00e4ytt\u00f6\u00f6n, joissa ajetaan usein hitailla nopeuksilla.<\/p>\n<p>Rampin l\u00e4mm\u00f6nhallintaj\u00e4rjestelm\u00e4 varmistaa ylikuumenemisen v\u00e4ltt\u00e4misen ja kovalakkak\u00e4sittelyll\u00e4 varustettu &quot;s\u00e4rkym\u00e4t\u00f6n&quot; polykarbonaattilinssi minimoi lumen ja lian tarttumisen lasiin varmistaen pitk\u00e4ik\u00e4isen ja luotettavan k\u00e4yt\u00f6n.<\/p>\n<h2>Laaja valikoima pituuksia<\/h2>\n<p>ST Evolution -sarja on saatavana kahdeksassa eri pituudessa 124 ja 1164 mm v\u00e4lill\u00e4, ja sen korkeus on 68 mm ja syvyys 64 mm. Laajan pituusvalikoiman ansiosta l\u00f6yd\u00e4t ajoneuvoosi t\u00e4ydellisen ramppipituuden. Voit jopa yhdist\u00e4\u00e4 useita pituuksia luodaksesi ainutlaatuisen valaistuskokoonpanon.<\/p>\n<p>Tutustu Lazerin ST Evolution -sarjan tehoon ja monipuolisuuteen. Viiden vuoden toimivuustakuun ansiosta voit luottaa siihen, ett\u00e4 n\u00e4m\u00e4 LED-palkit tarjoavat luotettavaa ja vaikuttavaa valaistusta seikkailuihisi, olitpa sitten maastossa tai vaativissa maatalousymp\u00e4rist\u00f6iss\u00e4.<\/p>\n<p>Tilaa ST Evolution -ramppisi jo t\u00e4n\u00e4\u00e4n ja vie valaistuksesi suorituskyvyn ja luotettavuuden uudelle tasolle!<\/p>","protected":false},"excerpt":{"rendered":"<p>Nyt voit parantaa turvallisuuttasi tiell\u00e4 ja valaista polkusi Lazer ST4 Evolution -lis\u00e4valopalkilla (8 tuumaa, 204 mm)! Tehokkaan LED-teknologiansa ansiosta se tarjoaa erinomaisen n\u00e4kyvyyden, mik\u00e4 antaa sinulle paremmat mahdollisuudet navigoida pimeill\u00e4 teill\u00e4 ja ep\u00e4tasaisessa maastossa. Tilaa nyt ja saat edullisen ja laadukkaan ratkaisun ajoneuvoosi!<\/p>","protected":false},"featured_media":6225,"comment_status":"closed","ping_status":"open","template":"","meta":{"_acf_changed":false,"_smort_price_nok":"3947","_smort_price_dkk":"2507","_smort_price_eur":"335.89","_smort_sale_price_nok":"","_smort_sale_price_dkk":"","_smort_sale_price_eur":"","smort_restorder":"","shipmondo_restorder":"","_kad_blocks_custom_css":"","_kad_blocks_head_custom_js":"","_kad_blocks_body_custom_js":"","_kad_blocks_footer_custom_js":"","smort_custom_pricelist_1":"2364.8","smort_custom_pricelist_2":"2364.8","smort_custom_pricelist_3":"2364.8","smort_custom_pricelist_4":"2956","smort_custom_pricelist_5":"2364.8"},"anvandningsomrade":[],"bilmarken":[],"product_brand":[1124],"product_cat":[2561,2966,2539,2168],"product_tag":[2735],"class_list":{"0":"post-6224","1":"product","2":"type-product","3":"status-publish","4":"has-post-thumbnail","6":"product_brand-lazer","7":"product_cat-lazer","8":"product_cat-ledramp-rak","9":"product_cat-ledramper","10":"product_cat-lazer-evolution","11":"product_tag-lazer","12":"pa_fargtemperatur-5000k","13":"pa_fuktskydd-varde-ipxx-ip68","14":"pa_godkannande-e-godkand-ece-r112","15":"pa_lampsockel-kontakt-superseal","16":"pa_led-chips-effekt-w-1730","17":"pa_ljusbild-driving","18":"pa_storlek-mm-204x68x64","19":"pa_stromforbrukning-33a144v","20":"pa_volt-v-multivolt-10-12-16-18-24-28-30-32","22":"first","23":"onbackorder","24":"taxable","25":"shipping-taxable","26":"purchasable","27":"product-type-simple"},"bundled_by":[],"bundle_stock_status":"onbackorder","bundle_stock_quantity":0,"bundle_virtual":false,"bundle_layout":"","bundle_add_to_cart_form_location":"","bundle_editable_in_cart":false,"bundle_sold_individually_context":"","bundle_item_grouping":"","bundle_min_size":"","bundle_max_size":"","bundle_price":[],"bundled_items":[],"bundle_sell_ids":[],"acf":[],"yoast_head":"<!-- This site is optimized with the Yoast SEO plugin v27.0 - https:\/\/yoast.com\/product\/yoast-seo-wordpress\/ -->\n<title>Lazer ST4 Evolution extraljusramp 8&quot; (204 mm) - Xenonkungen<\/title>\n<meta name=\"robots\" content=\"index, follow, max-snippet:-1, max-image-preview:large, max-video-preview:-1\" \/>\n<link rel=\"canonical\" href=\"https:\/\/xenonkungen.com\/fi\/tuote\/lazer-st4-evolution-lisakevyt-ramppi-8-204-mm\/\" \/>\n<meta property=\"og:locale\" content=\"fi_FI\" \/>\n<meta property=\"og:type\" content=\"article\" \/>\n<meta property=\"og:title\" content=\"Lazer ST4 Evolution extraljusramp 8&quot; (204 mm) - Xenonkungen\" \/>\n<meta property=\"og:description\" content=\"Nu kan du f\u00f6rb\u00e4ttra din s\u00e4kerhet p\u00e5 v\u00e4gen och ljusa upp din v\u00e4g med Lazer ST4 Evolution extraljusramp 8&quot; (204 mm)! Med sin kraftfulla LED-teknologi ger den enast\u00e5ende synlighet, vilket ger dig b\u00e4ttre m\u00f6jlighet att navigera p\u00e5 m\u00f6rka v\u00e4gar och oj\u00e4mna terr\u00e4nger. Best\u00e4ll nu och f\u00e5 en prisv\u00e4rd och h\u00f6gkvalitativ l\u00f6sning f\u00f6r ditt fordon!\" \/>\n<meta property=\"og:url\" content=\"https:\/\/xenonkungen.com\/fi\/tuote\/lazer-st4-evolution-lisakevyt-ramppi-8-204-mm\/\" \/>\n<meta property=\"og:site_name\" content=\"Xenonkungen\" \/>\n<meta property=\"article:modified_time\" content=\"2026-04-24T16:28:33+00:00\" \/>\n<meta property=\"og:image\" content=\"https:\/\/xenonkungen.com\/wp-content\/uploads\/2025\/04\/189889903-origpic-4bd4ed.jpg\" \/>\n\t<meta property=\"og:image:width\" content=\"1000\" \/>\n\t<meta property=\"og:image:height\" content=\"750\" \/>\n\t<meta property=\"og:image:type\" content=\"image\/jpeg\" \/>\n<meta name=\"twitter:card\" content=\"summary_large_image\" \/>\n<meta name=\"twitter:label1\" content=\"Arvioitu lukuaika\" \/>\n\t<meta name=\"twitter:data1\" content=\"2 minuuttia\" \/>\n<script type=\"application\/ld+json\" class=\"yoast-schema-graph\">{\"@context\":\"https:\/\/schema.org\",\"@graph\":[{\"@type\":\"WebPage\",\"@id\":\"https:\/\/xenonkungen.com\/produkt\/lazer-st4-evolution-extraljusramp-8-204-mm\/\",\"url\":\"https:\/\/xenonkungen.com\/produkt\/lazer-st4-evolution-extraljusramp-8-204-mm\/\",\"name\":\"Lazer ST4 Evolution extraljusramp 8\\\" (204 mm) - Xenonkungen\",\"isPartOf\":{\"@id\":\"https:\/\/xenonkungen.com\/#website\"},\"primaryImageOfPage\":{\"@id\":\"https:\/\/xenonkungen.com\/produkt\/lazer-st4-evolution-extraljusramp-8-204-mm\/#primaryimage\"},\"image\":{\"@id\":\"https:\/\/xenonkungen.com\/produkt\/lazer-st4-evolution-extraljusramp-8-204-mm\/#primaryimage\"},\"thumbnailUrl\":\"https:\/\/xenonkungen.com\/wp-content\/uploads\/2025\/04\/189889903-origpic-4bd4ed.jpg\",\"datePublished\":\"2025-04-15T09:44:00+00:00\",\"dateModified\":\"2026-04-24T16:28:33+00:00\",\"breadcrumb\":{\"@id\":\"https:\/\/xenonkungen.com\/produkt\/lazer-st4-evolution-extraljusramp-8-204-mm\/#breadcrumb\"},\"inLanguage\":\"fi\",\"potentialAction\":[{\"@type\":\"ReadAction\",\"target\":[\"https:\/\/xenonkungen.com\/produkt\/lazer-st4-evolution-extraljusramp-8-204-mm\/\"]}]},{\"@type\":\"ImageObject\",\"inLanguage\":\"fi\",\"@id\":\"https:\/\/xenonkungen.com\/produkt\/lazer-st4-evolution-extraljusramp-8-204-mm\/#primaryimage\",\"url\":\"https:\/\/xenonkungen.com\/wp-content\/uploads\/2025\/04\/189889903-origpic-4bd4ed.jpg\",\"contentUrl\":\"https:\/\/xenonkungen.com\/wp-content\/uploads\/2025\/04\/189889903-origpic-4bd4ed.jpg\",\"width\":1000,\"height\":750},{\"@type\":\"BreadcrumbList\",\"@id\":\"https:\/\/xenonkungen.com\/produkt\/lazer-st4-evolution-extraljusramp-8-204-mm\/#breadcrumb\",\"itemListElement\":[{\"@type\":\"ListItem\",\"position\":1,\"name\":\"Hem\",\"item\":\"https:\/\/xenonkungen.com\/\"},{\"@type\":\"ListItem\",\"position\":2,\"name\":\"Shop\",\"item\":\"https:\/\/xenonkungen.com\/shop\/\"},{\"@type\":\"ListItem\",\"position\":3,\"name\":\"Lazer ST4 Evolution extraljusramp 8&#8243; (204 mm)\"}]},{\"@type\":\"WebSite\",\"@id\":\"https:\/\/xenonkungen.com\/#website\",\"url\":\"https:\/\/xenonkungen.com\/\",\"name\":\"Xenonkungen\",\"description\":\"\",\"potentialAction\":[{\"@type\":\"SearchAction\",\"target\":{\"@type\":\"EntryPoint\",\"urlTemplate\":\"https:\/\/xenonkungen.com\/?s={search_term_string}\"},\"query-input\":{\"@type\":\"PropertyValueSpecification\",\"valueRequired\":true,\"valueName\":\"search_term_string\"}}],\"inLanguage\":\"fi\"}]}<\/script>\n<!-- \/ Yoast SEO plugin. -->","yoast_head_json":{"title":"Lazer ST4 Evolution lis\u00e4valoteline 8&quot; (204 mm) - Xenon-kuningas","robots":{"index":"index","follow":"follow","max-snippet":"max-snippet:-1","max-image-preview":"max-image-preview:large","max-video-preview":"max-video-preview:-1"},"canonical":"https:\/\/xenonkungen.com\/fi\/tuote\/lazer-st4-evolution-lisakevyt-ramppi-8-204-mm\/","og_locale":"fi_FI","og_type":"article","og_title":"Lazer ST4 Evolution extraljusramp 8\" (204 mm) - Xenonkungen","og_description":"Nu kan du f\u00f6rb\u00e4ttra din s\u00e4kerhet p\u00e5 v\u00e4gen och ljusa upp din v\u00e4g med Lazer ST4 Evolution extraljusramp 8\" (204 mm)! Med sin kraftfulla LED-teknologi ger den enast\u00e5ende synlighet, vilket ger dig b\u00e4ttre m\u00f6jlighet att navigera p\u00e5 m\u00f6rka v\u00e4gar och oj\u00e4mna terr\u00e4nger. Best\u00e4ll nu och f\u00e5 en prisv\u00e4rd och h\u00f6gkvalitativ l\u00f6sning f\u00f6r ditt fordon!","og_url":"https:\/\/xenonkungen.com\/fi\/tuote\/lazer-st4-evolution-lisakevyt-ramppi-8-204-mm\/","og_site_name":"Xenonkungen","article_modified_time":"2026-04-24T16:28:33+00:00","og_image":[{"width":1000,"height":750,"url":"https:\/\/xenonkungen.com\/wp-content\/uploads\/2025\/04\/189889903-origpic-4bd4ed.jpg","type":"image\/jpeg"}],"twitter_card":"summary_large_image","twitter_misc":{"Arvioitu lukuaika":"2 minuuttia"},"schema":{"@context":"https:\/\/schema.org","@graph":[{"@type":"WebPage","@id":"https:\/\/xenonkungen.com\/produkt\/lazer-st4-evolution-extraljusramp-8-204-mm\/","url":"https:\/\/xenonkungen.com\/produkt\/lazer-st4-evolution-extraljusramp-8-204-mm\/","name":"Lazer ST4 Evolution lis\u00e4valoteline 8&quot; (204 mm) - Xenon-kuningas","isPartOf":{"@id":"https:\/\/xenonkungen.com\/#website"},"primaryImageOfPage":{"@id":"https:\/\/xenonkungen.com\/produkt\/lazer-st4-evolution-extraljusramp-8-204-mm\/#primaryimage"},"image":{"@id":"https:\/\/xenonkungen.com\/produkt\/lazer-st4-evolution-extraljusramp-8-204-mm\/#primaryimage"},"thumbnailUrl":"https:\/\/xenonkungen.com\/wp-content\/uploads\/2025\/04\/189889903-origpic-4bd4ed.jpg","datePublished":"2025-04-15T09:44:00+00:00","dateModified":"2026-04-24T16:28:33+00:00","breadcrumb":{"@id":"https:\/\/xenonkungen.com\/produkt\/lazer-st4-evolution-extraljusramp-8-204-mm\/#breadcrumb"},"inLanguage":"fi","potentialAction":[{"@type":"ReadAction","target":["https:\/\/xenonkungen.com\/produkt\/lazer-st4-evolution-extraljusramp-8-204-mm\/"]}]},{"@type":"ImageObject","inLanguage":"fi","@id":"https:\/\/xenonkungen.com\/produkt\/lazer-st4-evolution-extraljusramp-8-204-mm\/#primaryimage","url":"https:\/\/xenonkungen.com\/wp-content\/uploads\/2025\/04\/189889903-origpic-4bd4ed.jpg","contentUrl":"https:\/\/xenonkungen.com\/wp-content\/uploads\/2025\/04\/189889903-origpic-4bd4ed.jpg","width":1000,"height":750},{"@type":"BreadcrumbList","@id":"https:\/\/xenonkungen.com\/produkt\/lazer-st4-evolution-extraljusramp-8-204-mm\/#breadcrumb","itemListElement":[{"@type":"ListItem","position":1,"name":"Hem","item":"https:\/\/xenonkungen.com\/"},{"@type":"ListItem","position":2,"name":"Shop","item":"https:\/\/xenonkungen.com\/shop\/"},{"@type":"ListItem","position":3,"name":"Lazer ST4 Evolution extraljusramp 8&#8243; (204 mm)"}]},{"@type":"WebSite","@id":"https:\/\/xenonkungen.com\/#website","url":"https:\/\/xenonkungen.com\/","name":"Xenonkungen","description":"","potentialAction":[{"@type":"SearchAction","target":{"@type":"EntryPoint","urlTemplate":"https:\/\/xenonkungen.com\/?s={search_term_string}"},"query-input":{"@type":"PropertyValueSpecification","valueRequired":true,"valueName":"search_term_string"}}],"inLanguage":"fi"}]}},"taxonomy_info":{"product_brand":[{"value":1124,"label":"Lazer"}],"product_cat":[{"value":2561,"label":"Lazer"},{"value":2966,"label":"Ledramp Rak"},{"value":2539,"label":"LEDRAMPER"},{"value":2168,"label":"LAZER EVOLUTION"}],"product_tag":[{"value":2735,"label":"Lazer"}],"pa_fargtemperatur":[{"value":154,"label":"5000K"}],"pa_fuktskydd-varde-ipxx":[{"value":177,"label":"IP68"}],"pa_godkannande":[{"value":1709,"label":"E-godk\u00e4nd, ECE, R112"}],"pa_lampsockel-kontakt":[{"value":1122,"label":"Superseal"}],"pa_led-chips-effekt-w":[{"value":1730,"label":"47"}],"pa_ljusbild":[{"value":178,"label":"Driving"}],"pa_storlek-mm":[{"value":1729,"label":"204x68x64"}],"pa_stromforbrukning":[{"value":1731,"label":"3,3A@14,4V"}],"pa_volt-v":[{"value":1084,"label":"Multivolt, 10, 12, 16, 18, 24, 28, 30, 32"}]},"featured_image_src_large":["https:\/\/xenonkungen.com\/wp-content\/uploads\/2025\/04\/189889903-origpic-4bd4ed.jpg",1000,750,false],"author_info":[],"comment_info":0,"_links":{"self":[{"href":"https:\/\/xenonkungen.com\/fi\/wp-json\/wp\/v2\/product\/6224","targetHints":{"allow":["GET"]}}],"collection":[{"href":"https:\/\/xenonkungen.com\/fi\/wp-json\/wp\/v2\/product"}],"about":[{"href":"https:\/\/xenonkungen.com\/fi\/wp-json\/wp\/v2\/types\/product"}],"replies":[{"embeddable":true,"href":"https:\/\/xenonkungen.com\/fi\/wp-json\/wp\/v2\/comments?post=6224"}],"wp:featuredmedia":[{"embeddable":true,"href":"https:\/\/xenonkungen.com\/fi\/wp-json\/wp\/v2\/media\/6225"}],"wp:attachment":[{"href":"https:\/\/xenonkungen.com\/fi\/wp-json\/wp\/v2\/media?parent=6224"}],"wp:term":[{"taxonomy":"anvandningsomrade","embeddable":true,"href":"https:\/\/xenonkungen.com\/fi\/wp-json\/wp\/v2\/anvandningsomrade?post=6224"},{"taxonomy":"bilmarken","embeddable":true,"href":"https:\/\/xenonkungen.com\/fi\/wp-json\/wp\/v2\/bilmarken?post=6224"},{"taxonomy":"product_brand","embeddable":true,"href":"https:\/\/xenonkungen.com\/fi\/wp-json\/wp\/v2\/product_brand?post=6224"},{"taxonomy":"product_cat","embeddable":true,"href":"https:\/\/xenonkungen.com\/fi\/wp-json\/wp\/v2\/product_cat?post=6224"},{"taxonomy":"product_tag","embeddable":true,"href":"https:\/\/xenonkungen.com\/fi\/wp-json\/wp\/v2\/product_tag?post=6224"}],"curies":[{"name":"wp","href":"https:\/\/api.w.org\/{rel}","templated":true}]}}