{"id":6246,"date":"2025-04-15T09:44:21","date_gmt":"2025-04-15T09:44:21","guid":{"rendered":"https:\/\/xenonkungen.com\/product\/lazer-st12-evolution-extraljusramp-21-524-mm\/"},"modified":"2026-04-24T17:28:36","modified_gmt":"2026-04-24T16:28:36","slug":"lazer-st12-evolution-lisakevyt-ramppi-21-524-mm","status":"publish","type":"product","link":"https:\/\/xenonkungen.com\/fi\/tuote\/lazer-st12-evolution-lisakevyt-ramppi-21-524-mm\/","title":{"rendered":"Lazer ST12 Evolution eritt\u00e4in kevyt ramppi 21\u2033 (524 mm)"},"content":{"rendered":"<h1>Lazer ST Evolution \u2013 Optimaaliset LED-rampit ajoneuvoihisi<\/h1>\n<p>Lazer ST Evolution -sarja on vaikuttava LED-valosarja, joka lanseerattiin ensimm\u00e4isen kerran vuonna 2010 ja jota on siit\u00e4 l\u00e4htien kehitetty ja p\u00e4ivitetty jatkuvasti. N\u00e4m\u00e4 valot tarjoavat matalaprofiilisen ja saumattoman muotoilun, paremman s\u00e4\u00e4nkest\u00e4vyyden, helpon asennuksen ja uusimman valaistusteknologian, jotka luovat optimaalisen valon, joka sopii useimpiin ajoneuvoihin ja tilanteisiin.<\/p>\n<p>Jokainen ST Evolution -sarjan puomi on varustettu tehokkailla 11 W:n LED-lampuilla, jotka tarjoavat erinomaisen valotehon ja levitt\u00e4v\u00e4t valon juuri sinne, miss\u00e4 sit\u00e4 tarvitaan. Edistyksellisen elektronisen suunnittelun ja tehokkaiden tyhji\u00f6metalloitujen heijastinten ansiosta luodaan laaja valokuvio, joka sopii erityisesti maatalous- ja maastoajoon, miss\u00e4 alhaiset nopeudet ovat yleisi\u00e4. Puomin l\u00e4mm\u00f6nhallintaj\u00e4rjestelm\u00e4 varmistaa ylikuumenemisen v\u00e4ltt\u00e4misen, ja kovalakalla k\u00e4sitelty &quot;s\u00e4rkym\u00e4t\u00f6n&quot; polykarbonaattilinssi v\u00e4hent\u00e4\u00e4 tehokkaasti lumen ja lian tarttumisen riski\u00e4 lasiin.<\/p>\n<p>ST Evolution -sarjan ramppeja on saatavilla kahdeksassa eri pituudessa 124 ja 1164 mm v\u00e4lill\u00e4. 68 mm:n korkeuden ja 64 mm:n syvyyden ansiosta l\u00f6yd\u00e4t varmasti ajoneuvoosi t\u00e4ydellisesti sopivan pituuden. Voit my\u00f6s mukauttaa valaistusratkaisuasi entisest\u00e4\u00e4n yhdist\u00e4m\u00e4ll\u00e4 useita eri pituisia ramppeja halutun vaikutelman saavuttamiseksi.<\/p>\n<p>Lazer ST Evolutionin avulla saat luotettavat ja tehokkaat LED-valot, jotka tarjoavat erinomaisen valotehon ja valon levi\u00e4misen. N\u00e4m\u00e4 valot on suunniteltu vastaamaan erilaisten ajoneuvosovellusten vaatimuksiin, ja ne tarjoavat yhdistelm\u00e4n kest\u00e4vyytt\u00e4, tehokkuutta ja vaikuttavaa n\u00e4kyvyytt\u00e4. Varusta ajoneuvosi ST Evolutionilla ja koe paras valaistustekniikka, joka t\u00e4ytt\u00e4\u00e4 tarpeesi ja ylitt\u00e4\u00e4 odotuksesi.<\/p>","protected":false},"excerpt":{"rendered":"<p>Lazer ST Evolution &#8211; Optimala LED-rampar f\u00f6r dina fordon Lazer ST Evolution-serien \u00e4r en imponerande serie LED-rampar som f\u00f6rst lanserades \u00e5r 2010 och sedan dess har genomg\u00e5tt kontinuerlig utveckling och uppdateringar. Dessa rampar erbjuder en l\u00e5gprofilig och s\u00f6ml\u00f6s design, f\u00f6rb\u00e4ttrad v\u00e4derbest\u00e4ndighet, enkel installation och den senaste ljusstekniken f\u00f6r att skapa en optimal ramp som passar [&hellip;]<\/p>","protected":false},"featured_media":6247,"comment_status":"closed","ping_status":"open","template":"","meta":{"_acf_changed":false,"_smort_price_nok":"8946","_smort_price_dkk":"5683","_smort_price_eur":"761.33","_smort_sale_price_nok":"","_smort_sale_price_dkk":"","_smort_sale_price_eur":"","smort_restorder":"","shipmondo_restorder":"","_kad_blocks_custom_css":"","_kad_blocks_head_custom_js":"","_kad_blocks_body_custom_js":"","_kad_blocks_footer_custom_js":"","smort_custom_pricelist_1":"5360","smort_custom_pricelist_2":"5360","smort_custom_pricelist_3":"5360","smort_custom_pricelist_4":"6700","smort_custom_pricelist_5":"5360"},"anvandningsomrade":[],"bilmarken":[],"product_brand":[1124],"product_cat":[2561,2966,2539,2168],"product_tag":[2735],"class_list":{"0":"post-6246","1":"product","2":"type-product","3":"status-publish","4":"has-post-thumbnail","6":"product_brand-lazer","7":"product_cat-lazer","8":"product_cat-ledramp-rak","9":"product_cat-ledramper","10":"product_cat-lazer-evolution","11":"product_tag-lazer","12":"pa_fargtemperatur-5000k","13":"pa_fuktskydd-varde-ipxx-ip68","14":"pa_godkannande-e-godkand-ece-r112","15":"pa_lampsockel-kontakt-superseal","16":"pa_led-chips-effekt-w-407","17":"pa_ljusbild-driving","18":"pa_storlek-mm-524x68x64","19":"pa_stromforbrukning-10a144v","20":"pa_volt-v-multivolt-10-12-16-18-24-28-30-32","22":"first","23":"onbackorder","24":"taxable","25":"shipping-taxable","26":"purchasable","27":"product-type-simple"},"bundled_by":[],"bundle_stock_status":"onbackorder","bundle_stock_quantity":0,"bundle_virtual":false,"bundle_layout":"","bundle_add_to_cart_form_location":"","bundle_editable_in_cart":false,"bundle_sold_individually_context":"","bundle_item_grouping":"","bundle_min_size":"","bundle_max_size":"","bundle_price":[],"bundled_items":[],"bundle_sell_ids":[],"acf":[],"yoast_head":"<!-- This site is optimized with the Yoast SEO plugin v27.0 - https:\/\/yoast.com\/product\/yoast-seo-wordpress\/ -->\n<title>Lazer ST12 Evolution extraljusramp 21&quot; (524 mm) - Xenonkungen<\/title>\n<meta name=\"robots\" content=\"index, follow, max-snippet:-1, max-image-preview:large, max-video-preview:-1\" \/>\n<link rel=\"canonical\" href=\"https:\/\/xenonkungen.com\/fi\/tuote\/lazer-st12-evolution-lisakevyt-ramppi-21-524-mm\/\" \/>\n<meta property=\"og:locale\" content=\"fi_FI\" \/>\n<meta property=\"og:type\" content=\"article\" \/>\n<meta property=\"og:title\" content=\"Lazer ST12 Evolution extraljusramp 21&quot; (524 mm) - Xenonkungen\" \/>\n<meta property=\"og:description\" content=\"Lazer ST Evolution &#8211; Optimala LED-rampar f\u00f6r dina fordon Lazer ST Evolution-serien \u00e4r en imponerande serie LED-rampar som f\u00f6rst lanserades \u00e5r 2010 och sedan dess har genomg\u00e5tt kontinuerlig utveckling och uppdateringar. Dessa rampar erbjuder en l\u00e5gprofilig och s\u00f6ml\u00f6s design, f\u00f6rb\u00e4ttrad v\u00e4derbest\u00e4ndighet, enkel installation och den senaste ljusstekniken f\u00f6r att skapa en optimal ramp som passar [&hellip;]\" \/>\n<meta property=\"og:url\" content=\"https:\/\/xenonkungen.com\/fi\/tuote\/lazer-st12-evolution-lisakevyt-ramppi-21-524-mm\/\" \/>\n<meta property=\"og:site_name\" content=\"Xenonkungen\" \/>\n<meta property=\"article:modified_time\" content=\"2026-04-24T16:28:36+00:00\" \/>\n<meta property=\"og:image\" content=\"https:\/\/xenonkungen.com\/wp-content\/uploads\/2025\/04\/st12-angled_1000x750.jpg\" \/>\n\t<meta property=\"og:image:width\" content=\"1000\" \/>\n\t<meta property=\"og:image:height\" content=\"750\" \/>\n\t<meta property=\"og:image:type\" content=\"image\/jpeg\" \/>\n<meta name=\"twitter:card\" content=\"summary_large_image\" \/>\n<meta name=\"twitter:label1\" content=\"Arvioitu lukuaika\" \/>\n\t<meta name=\"twitter:data1\" content=\"1 minuutti\" \/>\n<script type=\"application\/ld+json\" class=\"yoast-schema-graph\">{\"@context\":\"https:\/\/schema.org\",\"@graph\":[{\"@type\":\"WebPage\",\"@id\":\"https:\/\/xenonkungen.com\/produkt\/lazer-st12-evolution-extraljusramp-21-524-mm\/\",\"url\":\"https:\/\/xenonkungen.com\/produkt\/lazer-st12-evolution-extraljusramp-21-524-mm\/\",\"name\":\"Lazer ST12 Evolution extraljusramp 21\\\" (524 mm) - Xenonkungen\",\"isPartOf\":{\"@id\":\"https:\/\/xenonkungen.com\/#website\"},\"primaryImageOfPage\":{\"@id\":\"https:\/\/xenonkungen.com\/produkt\/lazer-st12-evolution-extraljusramp-21-524-mm\/#primaryimage\"},\"image\":{\"@id\":\"https:\/\/xenonkungen.com\/produkt\/lazer-st12-evolution-extraljusramp-21-524-mm\/#primaryimage\"},\"thumbnailUrl\":\"https:\/\/xenonkungen.com\/wp-content\/uploads\/2025\/04\/st12-angled_1000x750.jpg\",\"datePublished\":\"2025-04-15T09:44:21+00:00\",\"dateModified\":\"2026-04-24T16:28:36+00:00\",\"breadcrumb\":{\"@id\":\"https:\/\/xenonkungen.com\/produkt\/lazer-st12-evolution-extraljusramp-21-524-mm\/#breadcrumb\"},\"inLanguage\":\"fi\",\"potentialAction\":[{\"@type\":\"ReadAction\",\"target\":[\"https:\/\/xenonkungen.com\/produkt\/lazer-st12-evolution-extraljusramp-21-524-mm\/\"]}]},{\"@type\":\"ImageObject\",\"inLanguage\":\"fi\",\"@id\":\"https:\/\/xenonkungen.com\/produkt\/lazer-st12-evolution-extraljusramp-21-524-mm\/#primaryimage\",\"url\":\"https:\/\/xenonkungen.com\/wp-content\/uploads\/2025\/04\/st12-angled_1000x750.jpg\",\"contentUrl\":\"https:\/\/xenonkungen.com\/wp-content\/uploads\/2025\/04\/st12-angled_1000x750.jpg\",\"width\":1000,\"height\":750},{\"@type\":\"BreadcrumbList\",\"@id\":\"https:\/\/xenonkungen.com\/produkt\/lazer-st12-evolution-extraljusramp-21-524-mm\/#breadcrumb\",\"itemListElement\":[{\"@type\":\"ListItem\",\"position\":1,\"name\":\"Hem\",\"item\":\"https:\/\/xenonkungen.com\/\"},{\"@type\":\"ListItem\",\"position\":2,\"name\":\"Shop\",\"item\":\"https:\/\/xenonkungen.com\/shop\/\"},{\"@type\":\"ListItem\",\"position\":3,\"name\":\"Lazer ST12 Evolution extraljusramp 21&#8243; (524 mm)\"}]},{\"@type\":\"WebSite\",\"@id\":\"https:\/\/xenonkungen.com\/#website\",\"url\":\"https:\/\/xenonkungen.com\/\",\"name\":\"Xenonkungen\",\"description\":\"\",\"potentialAction\":[{\"@type\":\"SearchAction\",\"target\":{\"@type\":\"EntryPoint\",\"urlTemplate\":\"https:\/\/xenonkungen.com\/?s={search_term_string}\"},\"query-input\":{\"@type\":\"PropertyValueSpecification\",\"valueRequired\":true,\"valueName\":\"search_term_string\"}}],\"inLanguage\":\"fi\"}]}<\/script>\n<!-- \/ Yoast SEO plugin. -->","yoast_head_json":{"title":"Lazer ST12 Evolution lis\u00e4valopalkki 21&quot; (524 mm) - Xenon-kuningas","robots":{"index":"index","follow":"follow","max-snippet":"max-snippet:-1","max-image-preview":"max-image-preview:large","max-video-preview":"max-video-preview:-1"},"canonical":"https:\/\/xenonkungen.com\/fi\/tuote\/lazer-st12-evolution-lisakevyt-ramppi-21-524-mm\/","og_locale":"fi_FI","og_type":"article","og_title":"Lazer ST12 Evolution extraljusramp 21\" (524 mm) - Xenonkungen","og_description":"Lazer ST Evolution &#8211; Optimala LED-rampar f\u00f6r dina fordon Lazer ST Evolution-serien \u00e4r en imponerande serie LED-rampar som f\u00f6rst lanserades \u00e5r 2010 och sedan dess har genomg\u00e5tt kontinuerlig utveckling och uppdateringar. Dessa rampar erbjuder en l\u00e5gprofilig och s\u00f6ml\u00f6s design, f\u00f6rb\u00e4ttrad v\u00e4derbest\u00e4ndighet, enkel installation och den senaste ljusstekniken f\u00f6r att skapa en optimal ramp som passar [&hellip;]","og_url":"https:\/\/xenonkungen.com\/fi\/tuote\/lazer-st12-evolution-lisakevyt-ramppi-21-524-mm\/","og_site_name":"Xenonkungen","article_modified_time":"2026-04-24T16:28:36+00:00","og_image":[{"width":1000,"height":750,"url":"https:\/\/xenonkungen.com\/wp-content\/uploads\/2025\/04\/st12-angled_1000x750.jpg","type":"image\/jpeg"}],"twitter_card":"summary_large_image","twitter_misc":{"Arvioitu lukuaika":"1 minuutti"},"schema":{"@context":"https:\/\/schema.org","@graph":[{"@type":"WebPage","@id":"https:\/\/xenonkungen.com\/produkt\/lazer-st12-evolution-extraljusramp-21-524-mm\/","url":"https:\/\/xenonkungen.com\/produkt\/lazer-st12-evolution-extraljusramp-21-524-mm\/","name":"Lazer ST12 Evolution lis\u00e4valopalkki 21&quot; (524 mm) - Xenon-kuningas","isPartOf":{"@id":"https:\/\/xenonkungen.com\/#website"},"primaryImageOfPage":{"@id":"https:\/\/xenonkungen.com\/produkt\/lazer-st12-evolution-extraljusramp-21-524-mm\/#primaryimage"},"image":{"@id":"https:\/\/xenonkungen.com\/produkt\/lazer-st12-evolution-extraljusramp-21-524-mm\/#primaryimage"},"thumbnailUrl":"https:\/\/xenonkungen.com\/wp-content\/uploads\/2025\/04\/st12-angled_1000x750.jpg","datePublished":"2025-04-15T09:44:21+00:00","dateModified":"2026-04-24T16:28:36+00:00","breadcrumb":{"@id":"https:\/\/xenonkungen.com\/produkt\/lazer-st12-evolution-extraljusramp-21-524-mm\/#breadcrumb"},"inLanguage":"fi","potentialAction":[{"@type":"ReadAction","target":["https:\/\/xenonkungen.com\/produkt\/lazer-st12-evolution-extraljusramp-21-524-mm\/"]}]},{"@type":"ImageObject","inLanguage":"fi","@id":"https:\/\/xenonkungen.com\/produkt\/lazer-st12-evolution-extraljusramp-21-524-mm\/#primaryimage","url":"https:\/\/xenonkungen.com\/wp-content\/uploads\/2025\/04\/st12-angled_1000x750.jpg","contentUrl":"https:\/\/xenonkungen.com\/wp-content\/uploads\/2025\/04\/st12-angled_1000x750.jpg","width":1000,"height":750},{"@type":"BreadcrumbList","@id":"https:\/\/xenonkungen.com\/produkt\/lazer-st12-evolution-extraljusramp-21-524-mm\/#breadcrumb","itemListElement":[{"@type":"ListItem","position":1,"name":"Hem","item":"https:\/\/xenonkungen.com\/"},{"@type":"ListItem","position":2,"name":"Shop","item":"https:\/\/xenonkungen.com\/shop\/"},{"@type":"ListItem","position":3,"name":"Lazer ST12 Evolution extraljusramp 21&#8243; (524 mm)"}]},{"@type":"WebSite","@id":"https:\/\/xenonkungen.com\/#website","url":"https:\/\/xenonkungen.com\/","name":"Xenonkungen","description":"","potentialAction":[{"@type":"SearchAction","target":{"@type":"EntryPoint","urlTemplate":"https:\/\/xenonkungen.com\/?s={search_term_string}"},"query-input":{"@type":"PropertyValueSpecification","valueRequired":true,"valueName":"search_term_string"}}],"inLanguage":"fi"}]}},"taxonomy_info":{"product_brand":[{"value":1124,"label":"Lazer"}],"product_cat":[{"value":2561,"label":"Lazer"},{"value":2966,"label":"Ledramp Rak"},{"value":2539,"label":"LEDRAMPER"},{"value":2168,"label":"LAZER EVOLUTION"}],"product_tag":[{"value":2735,"label":"Lazer"}],"pa_fargtemperatur":[{"value":154,"label":"5000K"}],"pa_fuktskydd-varde-ipxx":[{"value":177,"label":"IP68"}],"pa_godkannande":[{"value":1709,"label":"E-godk\u00e4nd, ECE, R112"}],"pa_lampsockel-kontakt":[{"value":1122,"label":"Superseal"}],"pa_led-chips-effekt-w":[{"value":407,"label":"144"}],"pa_ljusbild":[{"value":178,"label":"Driving"}],"pa_storlek-mm":[{"value":1736,"label":"524x68x64"}],"pa_stromforbrukning":[{"value":1737,"label":"10A@14,4V"}],"pa_volt-v":[{"value":1084,"label":"Multivolt, 10, 12, 16, 18, 24, 28, 30, 32"}]},"featured_image_src_large":["https:\/\/xenonkungen.com\/wp-content\/uploads\/2025\/04\/st12-angled_1000x750.jpg",1000,750,false],"author_info":[],"comment_info":0,"_links":{"self":[{"href":"https:\/\/xenonkungen.com\/fi\/wp-json\/wp\/v2\/product\/6246","targetHints":{"allow":["GET"]}}],"collection":[{"href":"https:\/\/xenonkungen.com\/fi\/wp-json\/wp\/v2\/product"}],"about":[{"href":"https:\/\/xenonkungen.com\/fi\/wp-json\/wp\/v2\/types\/product"}],"replies":[{"embeddable":true,"href":"https:\/\/xenonkungen.com\/fi\/wp-json\/wp\/v2\/comments?post=6246"}],"wp:featuredmedia":[{"embeddable":true,"href":"https:\/\/xenonkungen.com\/fi\/wp-json\/wp\/v2\/media\/6247"}],"wp:attachment":[{"href":"https:\/\/xenonkungen.com\/fi\/wp-json\/wp\/v2\/media?parent=6246"}],"wp:term":[{"taxonomy":"anvandningsomrade","embeddable":true,"href":"https:\/\/xenonkungen.com\/fi\/wp-json\/wp\/v2\/anvandningsomrade?post=6246"},{"taxonomy":"bilmarken","embeddable":true,"href":"https:\/\/xenonkungen.com\/fi\/wp-json\/wp\/v2\/bilmarken?post=6246"},{"taxonomy":"product_brand","embeddable":true,"href":"https:\/\/xenonkungen.com\/fi\/wp-json\/wp\/v2\/product_brand?post=6246"},{"taxonomy":"product_cat","embeddable":true,"href":"https:\/\/xenonkungen.com\/fi\/wp-json\/wp\/v2\/product_cat?post=6246"},{"taxonomy":"product_tag","embeddable":true,"href":"https:\/\/xenonkungen.com\/fi\/wp-json\/wp\/v2\/product_tag?post=6246"}],"curies":[{"name":"wp","href":"https:\/\/api.w.org\/{rel}","templated":true}]}}