{"id":6260,"date":"2025-04-15T09:44:21","date_gmt":"2025-04-15T09:44:21","guid":{"rendered":"https:\/\/xenonkungen.com\/product\/lazer-t24-evolution-extraljusramp-40-1004-mm\/"},"modified":"2026-04-24T17:28:39","modified_gmt":"2026-04-24T16:28:39","slug":"lazer-t24-evolution-lisakevyt-ramppi-40-1004-mm","status":"publish","type":"product","link":"https:\/\/xenonkungen.com\/fi\/tuote\/lazer-t24-evolution-lisakevyt-ramppi-40-1004-mm\/","title":{"rendered":"Lazer T24 Evolution extra light ramppi 40\u2033 (1004 mm)"},"content":{"rendered":"<h1>Lazerin ST Evolution -sarja<\/h1>\n<p>Sarja LED-valopalkkeja, jotka tarjoavat erinomaisen valaistuksen ja sopivat useimpiin ajoneuvoihin ja tilaisuuksiin.<\/p>\n<h2>Ominaisuudet ja toiminnot<\/h2>\n<ul>\n<li>11 W:n LEDit tehokkaaseen valoon<\/li>\n<li>Saumaton muotoilu, joka lis\u00e4\u00e4 s\u00e4\u00e4n ja tuulen kest\u00e4vyytt\u00e4<\/li>\n<li>Helppo asennus ja edistynyt valaistustekniikka<\/li>\n<li>Ihanteellinen maatalouteen ja maastoajoon<\/li>\n<li>Tehokas l\u00e4mm\u00f6nhallinta ja s\u00e4rkym\u00e4t\u00f6n linssi<\/li>\n<\/ul>","protected":false},"excerpt":{"rendered":"<p>Lazerin ST Evolution -sarja LED-valosarja, joka tarjoaa erinomaisen valotehon ja sopii useimpiin ajoneuvoihin ja k\u00e4ytt\u00f6tarkoituksiin. Sis\u00e4lt\u00e4\u00e4 11 W:n LEDit tehokkaaseen valoon Saumaton muotoilu ja entist\u00e4 parempi s\u00e4\u00e4n- ja tuulenkest\u00e4vyys Helppo asennus ja edistynyt valaistustekniikka Ihanteellinen maatalouteen ja maastoajoon Tehokas l\u00e4mm\u00f6nhallinta ja s\u00e4rkym\u00e4t\u00f6n linssi<\/p>","protected":false},"featured_media":6261,"comment_status":"closed","ping_status":"open","template":"","meta":{"_acf_changed":false,"_smort_price_nok":"13672","_smort_price_dkk":"8686","_smort_price_eur":"1163.58","_smort_sale_price_nok":"","_smort_sale_price_dkk":"","_smort_sale_price_eur":"","smort_restorder":"","shipmondo_restorder":"","_kad_blocks_custom_css":"","_kad_blocks_head_custom_js":"","_kad_blocks_body_custom_js":"","_kad_blocks_footer_custom_js":"","smort_custom_pricelist_1":"8192","smort_custom_pricelist_2":"8192","smort_custom_pricelist_3":"8192","smort_custom_pricelist_4":"10240","smort_custom_pricelist_5":"8192"},"anvandningsomrade":[],"bilmarken":[],"product_brand":[1124],"product_cat":[2561,2966,2539,2168],"product_tag":[2735],"class_list":{"0":"post-6260","1":"product","2":"type-product","3":"status-publish","4":"has-post-thumbnail","6":"product_brand-lazer","7":"product_cat-lazer","8":"product_cat-ledramp-rak","9":"product_cat-ledramper","10":"product_cat-lazer-evolution","11":"product_tag-lazer","12":"pa_fargtemperatur-5000k","13":"pa_fuktskydd-varde-ipxx-ip68","14":"pa_godkannande-e-godkand-ece-r10","15":"pa_lampsockel-kontakt-superseal","16":"pa_led-chips-effekt-w-1741","17":"pa_ljusbild-driving","18":"pa_storlek-mm-1004x68x64","19":"pa_stromforbrukning-182a144v","20":"pa_volt-v-multivolt-10-12-16-18-24-28-30-32","22":"first","23":"onbackorder","24":"taxable","25":"shipping-taxable","26":"purchasable","27":"product-type-simple"},"bundled_by":[],"bundle_stock_status":"onbackorder","bundle_stock_quantity":0,"bundle_virtual":false,"bundle_layout":"","bundle_add_to_cart_form_location":"","bundle_editable_in_cart":false,"bundle_sold_individually_context":"","bundle_item_grouping":"","bundle_min_size":"","bundle_max_size":"","bundle_price":[],"bundled_items":[],"bundle_sell_ids":[],"acf":[],"yoast_head":"<!-- This site is optimized with the Yoast SEO plugin v27.0 - https:\/\/yoast.com\/product\/yoast-seo-wordpress\/ -->\n<title>Lazer T24 Evolution extraljusramp 40&quot; (1004 mm) - Xenonkungen<\/title>\n<meta name=\"robots\" content=\"index, follow, max-snippet:-1, max-image-preview:large, max-video-preview:-1\" \/>\n<link rel=\"canonical\" href=\"https:\/\/xenonkungen.com\/fi\/tuote\/lazer-t24-evolution-lisakevyt-ramppi-40-1004-mm\/\" \/>\n<meta property=\"og:locale\" content=\"fi_FI\" \/>\n<meta property=\"og:type\" content=\"article\" \/>\n<meta property=\"og:title\" content=\"Lazer T24 Evolution extraljusramp 40&quot; (1004 mm) - Xenonkungen\" \/>\n<meta property=\"og:description\" content=\"ST Evolution-serien fr\u00e5n Lazer En serie LED-rampar som erbjuder \u00f6verl\u00e4gsen ljusprestanda och passar de flesta fordon och tillf\u00e4llen. Funktioner 11 W lysdioder f\u00f6r h\u00f6gpresterande ljus S\u00f6ml\u00f6s design med \u00f6kad motst\u00e5ndskraft mot v\u00e4der och vind Enkel installation och avancerad ljussteknologi Idealisk f\u00f6r jordbruk och off-road-k\u00f6rning Effektiv v\u00e4rmehantering och okrossbar linss\" \/>\n<meta property=\"og:url\" content=\"https:\/\/xenonkungen.com\/fi\/tuote\/lazer-t24-evolution-lisakevyt-ramppi-40-1004-mm\/\" \/>\n<meta property=\"og:site_name\" content=\"Xenonkungen\" \/>\n<meta property=\"article:modified_time\" content=\"2026-04-24T16:28:39+00:00\" \/>\n<meta property=\"og:image\" content=\"https:\/\/xenonkungen.com\/wp-content\/uploads\/2025\/04\/t24-angled_1000x750.jpg\" \/>\n\t<meta property=\"og:image:width\" content=\"1000\" \/>\n\t<meta property=\"og:image:height\" content=\"750\" \/>\n\t<meta property=\"og:image:type\" content=\"image\/jpeg\" \/>\n<meta name=\"twitter:card\" content=\"summary_large_image\" \/>\n<script type=\"application\/ld+json\" class=\"yoast-schema-graph\">{\"@context\":\"https:\/\/schema.org\",\"@graph\":[{\"@type\":\"WebPage\",\"@id\":\"https:\/\/xenonkungen.com\/produkt\/lazer-t24-evolution-extraljusramp-40-1004-mm\/\",\"url\":\"https:\/\/xenonkungen.com\/produkt\/lazer-t24-evolution-extraljusramp-40-1004-mm\/\",\"name\":\"Lazer T24 Evolution extraljusramp 40\\\" (1004 mm) - Xenonkungen\",\"isPartOf\":{\"@id\":\"https:\/\/xenonkungen.com\/#website\"},\"primaryImageOfPage\":{\"@id\":\"https:\/\/xenonkungen.com\/produkt\/lazer-t24-evolution-extraljusramp-40-1004-mm\/#primaryimage\"},\"image\":{\"@id\":\"https:\/\/xenonkungen.com\/produkt\/lazer-t24-evolution-extraljusramp-40-1004-mm\/#primaryimage\"},\"thumbnailUrl\":\"https:\/\/xenonkungen.com\/wp-content\/uploads\/2025\/04\/t24-angled_1000x750.jpg\",\"datePublished\":\"2025-04-15T09:44:21+00:00\",\"dateModified\":\"2026-04-24T16:28:39+00:00\",\"breadcrumb\":{\"@id\":\"https:\/\/xenonkungen.com\/produkt\/lazer-t24-evolution-extraljusramp-40-1004-mm\/#breadcrumb\"},\"inLanguage\":\"fi\",\"potentialAction\":[{\"@type\":\"ReadAction\",\"target\":[\"https:\/\/xenonkungen.com\/produkt\/lazer-t24-evolution-extraljusramp-40-1004-mm\/\"]}]},{\"@type\":\"ImageObject\",\"inLanguage\":\"fi\",\"@id\":\"https:\/\/xenonkungen.com\/produkt\/lazer-t24-evolution-extraljusramp-40-1004-mm\/#primaryimage\",\"url\":\"https:\/\/xenonkungen.com\/wp-content\/uploads\/2025\/04\/t24-angled_1000x750.jpg\",\"contentUrl\":\"https:\/\/xenonkungen.com\/wp-content\/uploads\/2025\/04\/t24-angled_1000x750.jpg\",\"width\":1000,\"height\":750},{\"@type\":\"BreadcrumbList\",\"@id\":\"https:\/\/xenonkungen.com\/produkt\/lazer-t24-evolution-extraljusramp-40-1004-mm\/#breadcrumb\",\"itemListElement\":[{\"@type\":\"ListItem\",\"position\":1,\"name\":\"Hem\",\"item\":\"https:\/\/xenonkungen.com\/\"},{\"@type\":\"ListItem\",\"position\":2,\"name\":\"Shop\",\"item\":\"https:\/\/xenonkungen.com\/shop\/\"},{\"@type\":\"ListItem\",\"position\":3,\"name\":\"Lazer T24 Evolution extraljusramp 40&#8243; (1004 mm)\"}]},{\"@type\":\"WebSite\",\"@id\":\"https:\/\/xenonkungen.com\/#website\",\"url\":\"https:\/\/xenonkungen.com\/\",\"name\":\"Xenonkungen\",\"description\":\"\",\"potentialAction\":[{\"@type\":\"SearchAction\",\"target\":{\"@type\":\"EntryPoint\",\"urlTemplate\":\"https:\/\/xenonkungen.com\/?s={search_term_string}\"},\"query-input\":{\"@type\":\"PropertyValueSpecification\",\"valueRequired\":true,\"valueName\":\"search_term_string\"}}],\"inLanguage\":\"fi\"}]}<\/script>\n<!-- \/ Yoast SEO plugin. -->","yoast_head_json":{"title":"Lazer T24 Evolution lis\u00e4valopalkki 40&quot; (1004 mm) - Xenon-kuningas","robots":{"index":"index","follow":"follow","max-snippet":"max-snippet:-1","max-image-preview":"max-image-preview:large","max-video-preview":"max-video-preview:-1"},"canonical":"https:\/\/xenonkungen.com\/fi\/tuote\/lazer-t24-evolution-lisakevyt-ramppi-40-1004-mm\/","og_locale":"fi_FI","og_type":"article","og_title":"Lazer T24 Evolution extraljusramp 40\" (1004 mm) - Xenonkungen","og_description":"ST Evolution-serien fr\u00e5n Lazer En serie LED-rampar som erbjuder \u00f6verl\u00e4gsen ljusprestanda och passar de flesta fordon och tillf\u00e4llen. Funktioner 11 W lysdioder f\u00f6r h\u00f6gpresterande ljus S\u00f6ml\u00f6s design med \u00f6kad motst\u00e5ndskraft mot v\u00e4der och vind Enkel installation och avancerad ljussteknologi Idealisk f\u00f6r jordbruk och off-road-k\u00f6rning Effektiv v\u00e4rmehantering och okrossbar linss","og_url":"https:\/\/xenonkungen.com\/fi\/tuote\/lazer-t24-evolution-lisakevyt-ramppi-40-1004-mm\/","og_site_name":"Xenonkungen","article_modified_time":"2026-04-24T16:28:39+00:00","og_image":[{"width":1000,"height":750,"url":"https:\/\/xenonkungen.com\/wp-content\/uploads\/2025\/04\/t24-angled_1000x750.jpg","type":"image\/jpeg"}],"twitter_card":"summary_large_image","schema":{"@context":"https:\/\/schema.org","@graph":[{"@type":"WebPage","@id":"https:\/\/xenonkungen.com\/produkt\/lazer-t24-evolution-extraljusramp-40-1004-mm\/","url":"https:\/\/xenonkungen.com\/produkt\/lazer-t24-evolution-extraljusramp-40-1004-mm\/","name":"Lazer T24 Evolution lis\u00e4valopalkki 40&quot; (1004 mm) - Xenon-kuningas","isPartOf":{"@id":"https:\/\/xenonkungen.com\/#website"},"primaryImageOfPage":{"@id":"https:\/\/xenonkungen.com\/produkt\/lazer-t24-evolution-extraljusramp-40-1004-mm\/#primaryimage"},"image":{"@id":"https:\/\/xenonkungen.com\/produkt\/lazer-t24-evolution-extraljusramp-40-1004-mm\/#primaryimage"},"thumbnailUrl":"https:\/\/xenonkungen.com\/wp-content\/uploads\/2025\/04\/t24-angled_1000x750.jpg","datePublished":"2025-04-15T09:44:21+00:00","dateModified":"2026-04-24T16:28:39+00:00","breadcrumb":{"@id":"https:\/\/xenonkungen.com\/produkt\/lazer-t24-evolution-extraljusramp-40-1004-mm\/#breadcrumb"},"inLanguage":"fi","potentialAction":[{"@type":"ReadAction","target":["https:\/\/xenonkungen.com\/produkt\/lazer-t24-evolution-extraljusramp-40-1004-mm\/"]}]},{"@type":"ImageObject","inLanguage":"fi","@id":"https:\/\/xenonkungen.com\/produkt\/lazer-t24-evolution-extraljusramp-40-1004-mm\/#primaryimage","url":"https:\/\/xenonkungen.com\/wp-content\/uploads\/2025\/04\/t24-angled_1000x750.jpg","contentUrl":"https:\/\/xenonkungen.com\/wp-content\/uploads\/2025\/04\/t24-angled_1000x750.jpg","width":1000,"height":750},{"@type":"BreadcrumbList","@id":"https:\/\/xenonkungen.com\/produkt\/lazer-t24-evolution-extraljusramp-40-1004-mm\/#breadcrumb","itemListElement":[{"@type":"ListItem","position":1,"name":"Hem","item":"https:\/\/xenonkungen.com\/"},{"@type":"ListItem","position":2,"name":"Shop","item":"https:\/\/xenonkungen.com\/shop\/"},{"@type":"ListItem","position":3,"name":"Lazer T24 Evolution extraljusramp 40&#8243; (1004 mm)"}]},{"@type":"WebSite","@id":"https:\/\/xenonkungen.com\/#website","url":"https:\/\/xenonkungen.com\/","name":"Xenonkungen","description":"","potentialAction":[{"@type":"SearchAction","target":{"@type":"EntryPoint","urlTemplate":"https:\/\/xenonkungen.com\/?s={search_term_string}"},"query-input":{"@type":"PropertyValueSpecification","valueRequired":true,"valueName":"search_term_string"}}],"inLanguage":"fi"}]}},"taxonomy_info":{"product_brand":[{"value":1124,"label":"Lazer"}],"product_cat":[{"value":2561,"label":"Lazer"},{"value":2966,"label":"Ledramp Rak"},{"value":2539,"label":"LEDRAMPER"},{"value":2168,"label":"LAZER EVOLUTION"}],"product_tag":[{"value":2735,"label":"Lazer"}],"pa_fargtemperatur":[{"value":154,"label":"5000K"}],"pa_fuktskydd-varde-ipxx":[{"value":177,"label":"IP68"}],"pa_godkannande":[{"value":900,"label":"E-Godk\u00e4nd, ECE, R10"}],"pa_lampsockel-kontakt":[{"value":1122,"label":"Superseal"}],"pa_led-chips-effekt-w":[{"value":1741,"label":"262"}],"pa_ljusbild":[{"value":178,"label":"Driving"}],"pa_storlek-mm":[{"value":1740,"label":"1004x68x64"}],"pa_stromforbrukning":[{"value":1742,"label":"18,2A@14,4V"}],"pa_volt-v":[{"value":1084,"label":"Multivolt, 10, 12, 16, 18, 24, 28, 30, 32"}]},"featured_image_src_large":["https:\/\/xenonkungen.com\/wp-content\/uploads\/2025\/04\/t24-angled_1000x750.jpg",1000,750,false],"author_info":[],"comment_info":0,"_links":{"self":[{"href":"https:\/\/xenonkungen.com\/fi\/wp-json\/wp\/v2\/product\/6260","targetHints":{"allow":["GET"]}}],"collection":[{"href":"https:\/\/xenonkungen.com\/fi\/wp-json\/wp\/v2\/product"}],"about":[{"href":"https:\/\/xenonkungen.com\/fi\/wp-json\/wp\/v2\/types\/product"}],"replies":[{"embeddable":true,"href":"https:\/\/xenonkungen.com\/fi\/wp-json\/wp\/v2\/comments?post=6260"}],"wp:featuredmedia":[{"embeddable":true,"href":"https:\/\/xenonkungen.com\/fi\/wp-json\/wp\/v2\/media\/6261"}],"wp:attachment":[{"href":"https:\/\/xenonkungen.com\/fi\/wp-json\/wp\/v2\/media?parent=6260"}],"wp:term":[{"taxonomy":"anvandningsomrade","embeddable":true,"href":"https:\/\/xenonkungen.com\/fi\/wp-json\/wp\/v2\/anvandningsomrade?post=6260"},{"taxonomy":"bilmarken","embeddable":true,"href":"https:\/\/xenonkungen.com\/fi\/wp-json\/wp\/v2\/bilmarken?post=6260"},{"taxonomy":"product_brand","embeddable":true,"href":"https:\/\/xenonkungen.com\/fi\/wp-json\/wp\/v2\/product_brand?post=6260"},{"taxonomy":"product_cat","embeddable":true,"href":"https:\/\/xenonkungen.com\/fi\/wp-json\/wp\/v2\/product_cat?post=6260"},{"taxonomy":"product_tag","embeddable":true,"href":"https:\/\/xenonkungen.com\/fi\/wp-json\/wp\/v2\/product_tag?post=6260"}],"curies":[{"name":"wp","href":"https:\/\/api.w.org\/{rel}","templated":true}]}}