{"id":6294,"date":"2025-04-15T09:44:53","date_gmt":"2025-04-15T09:44:53","guid":{"rendered":"https:\/\/xenonkungen.com\/product\/lazer-sidomonteringskit-stoldskydd-linear-rostfritt-stal\/"},"modified":"2026-04-11T01:12:07","modified_gmt":"2026-04-11T00:12:07","slug":"lazerin-sivuasennussarja-kynnyssuoja-lineaarinen-ruostumaton-teras","status":"publish","type":"product","link":"https:\/\/xenonkungen.com\/fi\/tuote\/lazerin-sivuasennussarja-kynnyssuoja-lineaarinen-ruostumaton-teras\/","title":{"rendered":"Lazer Side Mount Anti-Theft Kit Linear (ruostumaton ter\u00e4s)"},"content":{"rendered":"<h1>LAZER Side Mount Anti-Theft Kit Lineaarinen<\/h1>\n<p>T\u00e4m\u00e4n varkaussuojatun sivukiinnityssarjan avulla Linear-valojen kiinnitt\u00e4minen on helpompaa ja turvallisempaa. Sarjaa suositellaan k\u00e4ytett\u00e4v\u00e4ksi kaikkien Linear-valojen kanssa, ja se sis\u00e4lt\u00e4\u00e4 kaikki tarvittavat tarvikkeet vakaan ja turvallisen kiinnityksen varmistamiseksi.<\/p>\n<h2>Yksityiskohdat<\/h2>\n<ul>\n<li><strong>Materiaali:<\/strong> Ruostumaton ter\u00e4s (A2-luokka)<\/li>\n<li><strong>V\u00e4ri:<\/strong> Esik\u00e4sitelty elektrolyyttisell\u00e4 pinnoitteella, sitten jauhemaalattu mustaksi.<\/li>\n<li><strong>Suojaus varkauksia vastaan:<\/strong> Ainutlaatuinen lukitusavain kaikkiin kiinnityspisteisiin, sek\u00e4 valaisimiin ett\u00e4 ajoneuvoihin, takaa lis\u00e4turvallisuuden.<\/li>\n<li><strong>Joustavuus:<\/strong> T\u00e4ysin s\u00e4\u00e4dett\u00e4v\u00e4 muotoilu, jonka ansiosta valoja voidaan nostaa tai laskea alle 13 mm optimaalisen sijoittelun varmistamiseksi.<\/li>\n<\/ul>\n<h2>Sis\u00e4lt\u00f6<\/h2>\n<p>Pakkaus sis\u00e4lt\u00e4\u00e4 integroidun kiinnitysmutterin ja tarvittavat A2-ruostumattomasta ter\u00e4ksest\u00e4 valmistetut laitteistot vakaata asennusta varten.<\/p>","protected":false},"excerpt":{"rendered":"<p>LAZER Sidomonteringskit St\u00f6ldskydd Linear Med detta st\u00f6lds\u00e4kra sidomonteringskit blir det enklare och s\u00e4krare att montera dina Linear-lampor. Kitet \u00e4r rekommenderat f\u00f6r anv\u00e4ndning med alla Linear-lampor och inkluderar all n\u00f6dv\u00e4ndig h\u00e5rdvara f\u00f6r att s\u00e4kerst\u00e4lla en stabil och s\u00e4ker montering. Detaljer Material: Rostfritt st\u00e5l (A2-klass) F\u00e4rg: F\u00f6rbehandlad med elektrodopplackering, d\u00e4refter pulverlackerad i svart St\u00f6ldskydd: Unik l\u00e5snyckel f\u00f6r [&hellip;]<\/p>","protected":false},"featured_media":6295,"comment_status":"closed","ping_status":"open","template":"","meta":{"_acf_changed":false,"_smort_price_nok":"256","_smort_price_dkk":"163","_smort_price_eur":"21.82","_smort_sale_price_nok":"","_smort_sale_price_dkk":"","_smort_sale_price_eur":"","smort_restorder":"","shipmondo_restorder":"","_kad_blocks_custom_css":"","_kad_blocks_head_custom_js":"","_kad_blocks_body_custom_js":"","_kad_blocks_footer_custom_js":"","smort_custom_pricelist_1":"153.6","smort_custom_pricelist_2":"153.6","smort_custom_pricelist_3":"153.6","smort_custom_pricelist_4":"192","smort_custom_pricelist_5":"153.6"},"anvandningsomrade":[],"bilmarken":[],"product_brand":[1124],"product_cat":[2828,2547,390],"product_tag":[2735],"class_list":{"0":"post-6294","1":"product","2":"type-product","3":"status-publish","4":"has-post-thumbnail","6":"product_brand-lazer","7":"product_cat-installation-led-ramper","8":"product_cat-stoldskydd-installation","9":"product_cat-installation","10":"product_tag-lazer","12":"first","13":"onbackorder","14":"taxable","15":"shipping-taxable","16":"purchasable","17":"product-type-simple"},"bundled_by":[],"bundle_stock_status":"onbackorder","bundle_stock_quantity":0,"bundle_virtual":false,"bundle_layout":"","bundle_add_to_cart_form_location":"","bundle_editable_in_cart":false,"bundle_sold_individually_context":"","bundle_item_grouping":"","bundle_min_size":"","bundle_max_size":"","bundle_price":[],"bundled_items":[],"bundle_sell_ids":[],"acf":[],"yoast_head":"<!-- This site is optimized with the Yoast SEO plugin v27.0 - https:\/\/yoast.com\/product\/yoast-seo-wordpress\/ -->\n<title>Lazer sidomonteringskit st\u00f6ldskydd Linear (Rostfritt st\u00e5l) - Xenonkungen<\/title>\n<meta name=\"robots\" content=\"index, follow, max-snippet:-1, max-image-preview:large, max-video-preview:-1\" \/>\n<link rel=\"canonical\" href=\"https:\/\/xenonkungen.com\/fi\/tuote\/lazerin-sivuasennussarja-kynnyssuoja-lineaarinen-ruostumaton-teras\/\" \/>\n<meta property=\"og:locale\" content=\"fi_FI\" \/>\n<meta property=\"og:type\" content=\"article\" \/>\n<meta property=\"og:title\" content=\"Lazer sidomonteringskit st\u00f6ldskydd Linear (Rostfritt st\u00e5l) - Xenonkungen\" \/>\n<meta property=\"og:description\" content=\"LAZER Sidomonteringskit St\u00f6ldskydd Linear Med detta st\u00f6lds\u00e4kra sidomonteringskit blir det enklare och s\u00e4krare att montera dina Linear-lampor. Kitet \u00e4r rekommenderat f\u00f6r anv\u00e4ndning med alla Linear-lampor och inkluderar all n\u00f6dv\u00e4ndig h\u00e5rdvara f\u00f6r att s\u00e4kerst\u00e4lla en stabil och s\u00e4ker montering. Detaljer Material: Rostfritt st\u00e5l (A2-klass) F\u00e4rg: F\u00f6rbehandlad med elektrodopplackering, d\u00e4refter pulverlackerad i svart St\u00f6ldskydd: Unik l\u00e5snyckel f\u00f6r [&hellip;]\" \/>\n<meta property=\"og:url\" content=\"https:\/\/xenonkungen.com\/fi\/tuote\/lazerin-sivuasennussarja-kynnyssuoja-lineaarinen-ruostumaton-teras\/\" \/>\n<meta property=\"og:site_name\" content=\"Xenonkungen\" \/>\n<meta property=\"article:modified_time\" content=\"2026-04-11T00:12:07+00:00\" \/>\n<meta property=\"og:image\" content=\"https:\/\/xenonkungen.com\/wp-content\/uploads\/2025\/04\/Linear_Anti-theft_Sidebracket.jpg\" \/>\n\t<meta property=\"og:image:width\" content=\"1000\" \/>\n\t<meta property=\"og:image:height\" content=\"750\" \/>\n\t<meta property=\"og:image:type\" content=\"image\/jpeg\" \/>\n<meta name=\"twitter:card\" content=\"summary_large_image\" \/>\n<meta name=\"twitter:label1\" content=\"Arvioitu lukuaika\" \/>\n\t<meta name=\"twitter:data1\" content=\"1 minuutti\" \/>\n<script type=\"application\/ld+json\" class=\"yoast-schema-graph\">{\"@context\":\"https:\/\/schema.org\",\"@graph\":[{\"@type\":\"WebPage\",\"@id\":\"https:\/\/xenonkungen.com\/produkt\/lazer-sidomonteringskit-stoldskydd-linear-rostfritt-stal\/\",\"url\":\"https:\/\/xenonkungen.com\/produkt\/lazer-sidomonteringskit-stoldskydd-linear-rostfritt-stal\/\",\"name\":\"Lazer sidomonteringskit st\u00f6ldskydd Linear (Rostfritt st\u00e5l) - Xenonkungen\",\"isPartOf\":{\"@id\":\"https:\/\/xenonkungen.com\/#website\"},\"primaryImageOfPage\":{\"@id\":\"https:\/\/xenonkungen.com\/produkt\/lazer-sidomonteringskit-stoldskydd-linear-rostfritt-stal\/#primaryimage\"},\"image\":{\"@id\":\"https:\/\/xenonkungen.com\/produkt\/lazer-sidomonteringskit-stoldskydd-linear-rostfritt-stal\/#primaryimage\"},\"thumbnailUrl\":\"https:\/\/xenonkungen.com\/wp-content\/uploads\/2025\/04\/Linear_Anti-theft_Sidebracket.jpg\",\"datePublished\":\"2025-04-15T09:44:53+00:00\",\"dateModified\":\"2026-04-11T00:12:07+00:00\",\"breadcrumb\":{\"@id\":\"https:\/\/xenonkungen.com\/produkt\/lazer-sidomonteringskit-stoldskydd-linear-rostfritt-stal\/#breadcrumb\"},\"inLanguage\":\"fi\",\"potentialAction\":[{\"@type\":\"ReadAction\",\"target\":[\"https:\/\/xenonkungen.com\/produkt\/lazer-sidomonteringskit-stoldskydd-linear-rostfritt-stal\/\"]}]},{\"@type\":\"ImageObject\",\"inLanguage\":\"fi\",\"@id\":\"https:\/\/xenonkungen.com\/produkt\/lazer-sidomonteringskit-stoldskydd-linear-rostfritt-stal\/#primaryimage\",\"url\":\"https:\/\/xenonkungen.com\/wp-content\/uploads\/2025\/04\/Linear_Anti-theft_Sidebracket.jpg\",\"contentUrl\":\"https:\/\/xenonkungen.com\/wp-content\/uploads\/2025\/04\/Linear_Anti-theft_Sidebracket.jpg\",\"width\":1000,\"height\":750},{\"@type\":\"BreadcrumbList\",\"@id\":\"https:\/\/xenonkungen.com\/produkt\/lazer-sidomonteringskit-stoldskydd-linear-rostfritt-stal\/#breadcrumb\",\"itemListElement\":[{\"@type\":\"ListItem\",\"position\":1,\"name\":\"Hem\",\"item\":\"https:\/\/xenonkungen.com\/\"},{\"@type\":\"ListItem\",\"position\":2,\"name\":\"Shop\",\"item\":\"https:\/\/xenonkungen.com\/shop\/\"},{\"@type\":\"ListItem\",\"position\":3,\"name\":\"Lazer sidomonteringskit st\u00f6ldskydd Linear (Rostfritt st\u00e5l)\"}]},{\"@type\":\"WebSite\",\"@id\":\"https:\/\/xenonkungen.com\/#website\",\"url\":\"https:\/\/xenonkungen.com\/\",\"name\":\"Xenonkungen\",\"description\":\"\",\"potentialAction\":[{\"@type\":\"SearchAction\",\"target\":{\"@type\":\"EntryPoint\",\"urlTemplate\":\"https:\/\/xenonkungen.com\/?s={search_term_string}\"},\"query-input\":{\"@type\":\"PropertyValueSpecification\",\"valueRequired\":true,\"valueName\":\"search_term_string\"}}],\"inLanguage\":\"fi\"}]}<\/script>\n<!-- \/ Yoast SEO plugin. -->","yoast_head_json":{"title":"Lazer sivuasennussarja varkaudenesto Linear (ruostumaton ter\u00e4s) - Xenonkungen","robots":{"index":"index","follow":"follow","max-snippet":"max-snippet:-1","max-image-preview":"max-image-preview:large","max-video-preview":"max-video-preview:-1"},"canonical":"https:\/\/xenonkungen.com\/fi\/tuote\/lazerin-sivuasennussarja-kynnyssuoja-lineaarinen-ruostumaton-teras\/","og_locale":"fi_FI","og_type":"article","og_title":"Lazer sidomonteringskit st\u00f6ldskydd Linear (Rostfritt st\u00e5l) - Xenonkungen","og_description":"LAZER Sidomonteringskit St\u00f6ldskydd Linear Med detta st\u00f6lds\u00e4kra sidomonteringskit blir det enklare och s\u00e4krare att montera dina Linear-lampor. Kitet \u00e4r rekommenderat f\u00f6r anv\u00e4ndning med alla Linear-lampor och inkluderar all n\u00f6dv\u00e4ndig h\u00e5rdvara f\u00f6r att s\u00e4kerst\u00e4lla en stabil och s\u00e4ker montering. Detaljer Material: Rostfritt st\u00e5l (A2-klass) F\u00e4rg: F\u00f6rbehandlad med elektrodopplackering, d\u00e4refter pulverlackerad i svart St\u00f6ldskydd: Unik l\u00e5snyckel f\u00f6r [&hellip;]","og_url":"https:\/\/xenonkungen.com\/fi\/tuote\/lazerin-sivuasennussarja-kynnyssuoja-lineaarinen-ruostumaton-teras\/","og_site_name":"Xenonkungen","article_modified_time":"2026-04-11T00:12:07+00:00","og_image":[{"width":1000,"height":750,"url":"https:\/\/xenonkungen.com\/wp-content\/uploads\/2025\/04\/Linear_Anti-theft_Sidebracket.jpg","type":"image\/jpeg"}],"twitter_card":"summary_large_image","twitter_misc":{"Arvioitu lukuaika":"1 minuutti"},"schema":{"@context":"https:\/\/schema.org","@graph":[{"@type":"WebPage","@id":"https:\/\/xenonkungen.com\/produkt\/lazer-sidomonteringskit-stoldskydd-linear-rostfritt-stal\/","url":"https:\/\/xenonkungen.com\/produkt\/lazer-sidomonteringskit-stoldskydd-linear-rostfritt-stal\/","name":"Lazer sivuasennussarja varkaudenesto Linear (ruostumaton ter\u00e4s) - Xenonkungen","isPartOf":{"@id":"https:\/\/xenonkungen.com\/#website"},"primaryImageOfPage":{"@id":"https:\/\/xenonkungen.com\/produkt\/lazer-sidomonteringskit-stoldskydd-linear-rostfritt-stal\/#primaryimage"},"image":{"@id":"https:\/\/xenonkungen.com\/produkt\/lazer-sidomonteringskit-stoldskydd-linear-rostfritt-stal\/#primaryimage"},"thumbnailUrl":"https:\/\/xenonkungen.com\/wp-content\/uploads\/2025\/04\/Linear_Anti-theft_Sidebracket.jpg","datePublished":"2025-04-15T09:44:53+00:00","dateModified":"2026-04-11T00:12:07+00:00","breadcrumb":{"@id":"https:\/\/xenonkungen.com\/produkt\/lazer-sidomonteringskit-stoldskydd-linear-rostfritt-stal\/#breadcrumb"},"inLanguage":"fi","potentialAction":[{"@type":"ReadAction","target":["https:\/\/xenonkungen.com\/produkt\/lazer-sidomonteringskit-stoldskydd-linear-rostfritt-stal\/"]}]},{"@type":"ImageObject","inLanguage":"fi","@id":"https:\/\/xenonkungen.com\/produkt\/lazer-sidomonteringskit-stoldskydd-linear-rostfritt-stal\/#primaryimage","url":"https:\/\/xenonkungen.com\/wp-content\/uploads\/2025\/04\/Linear_Anti-theft_Sidebracket.jpg","contentUrl":"https:\/\/xenonkungen.com\/wp-content\/uploads\/2025\/04\/Linear_Anti-theft_Sidebracket.jpg","width":1000,"height":750},{"@type":"BreadcrumbList","@id":"https:\/\/xenonkungen.com\/produkt\/lazer-sidomonteringskit-stoldskydd-linear-rostfritt-stal\/#breadcrumb","itemListElement":[{"@type":"ListItem","position":1,"name":"Hem","item":"https:\/\/xenonkungen.com\/"},{"@type":"ListItem","position":2,"name":"Shop","item":"https:\/\/xenonkungen.com\/shop\/"},{"@type":"ListItem","position":3,"name":"Lazer sidomonteringskit st\u00f6ldskydd Linear (Rostfritt st\u00e5l)"}]},{"@type":"WebSite","@id":"https:\/\/xenonkungen.com\/#website","url":"https:\/\/xenonkungen.com\/","name":"Xenonkungen","description":"","potentialAction":[{"@type":"SearchAction","target":{"@type":"EntryPoint","urlTemplate":"https:\/\/xenonkungen.com\/?s={search_term_string}"},"query-input":{"@type":"PropertyValueSpecification","valueRequired":true,"valueName":"search_term_string"}}],"inLanguage":"fi"}]}},"taxonomy_info":{"product_brand":[{"value":1124,"label":"Lazer"}],"product_cat":[{"value":2828,"label":"Installation LED-ramper"},{"value":2547,"label":"St\u00f6ldskydd"},{"value":390,"label":"Installation"}],"product_tag":[{"value":2735,"label":"Lazer"}]},"featured_image_src_large":["https:\/\/xenonkungen.com\/wp-content\/uploads\/2025\/04\/Linear_Anti-theft_Sidebracket.jpg",1000,750,false],"author_info":[],"comment_info":0,"_links":{"self":[{"href":"https:\/\/xenonkungen.com\/fi\/wp-json\/wp\/v2\/product\/6294","targetHints":{"allow":["GET"]}}],"collection":[{"href":"https:\/\/xenonkungen.com\/fi\/wp-json\/wp\/v2\/product"}],"about":[{"href":"https:\/\/xenonkungen.com\/fi\/wp-json\/wp\/v2\/types\/product"}],"replies":[{"embeddable":true,"href":"https:\/\/xenonkungen.com\/fi\/wp-json\/wp\/v2\/comments?post=6294"}],"wp:featuredmedia":[{"embeddable":true,"href":"https:\/\/xenonkungen.com\/fi\/wp-json\/wp\/v2\/media\/6295"}],"wp:attachment":[{"href":"https:\/\/xenonkungen.com\/fi\/wp-json\/wp\/v2\/media?parent=6294"}],"wp:term":[{"taxonomy":"anvandningsomrade","embeddable":true,"href":"https:\/\/xenonkungen.com\/fi\/wp-json\/wp\/v2\/anvandningsomrade?post=6294"},{"taxonomy":"bilmarken","embeddable":true,"href":"https:\/\/xenonkungen.com\/fi\/wp-json\/wp\/v2\/bilmarken?post=6294"},{"taxonomy":"product_brand","embeddable":true,"href":"https:\/\/xenonkungen.com\/fi\/wp-json\/wp\/v2\/product_brand?post=6294"},{"taxonomy":"product_cat","embeddable":true,"href":"https:\/\/xenonkungen.com\/fi\/wp-json\/wp\/v2\/product_cat?post=6294"},{"taxonomy":"product_tag","embeddable":true,"href":"https:\/\/xenonkungen.com\/fi\/wp-json\/wp\/v2\/product_tag?post=6294"}],"curies":[{"name":"wp","href":"https:\/\/api.w.org\/{rel}","templated":true}]}}