{"id":6337,"date":"2025-04-15T09:45:11","date_gmt":"2025-04-15T09:45:11","guid":{"rendered":"https:\/\/xenonkungen.com\/product\/lazer-linear-18-led-ramp-532mm\/"},"modified":"2026-04-24T17:29:01","modified_gmt":"2026-04-24T16:29:01","slug":"lazer-linear-18-led-ramppi-532-mm","status":"publish","type":"product","link":"https:\/\/xenonkungen.com\/fi\/tuote\/lazer-linear-18-led-ramppi-532-mm\/","title":{"rendered":"Lazer Linear-18 led-ramppi | 532mm"},"content":{"rendered":"<h1>Lineaarinen \u2013 Extra Light Bars p\u00e4ivitt\u00e4iseen k\u00e4ytt\u00f6\u00f6n<\/h1>\n<h2>Huipputehokas ja ohut muotoilu<\/h2>\n<p>Linear on Lazerin korkealaatuinen LED-valosarja, joka sopii t\u00e4ydellisesti jokap\u00e4iv\u00e4iseen k\u00e4ytt\u00f6\u00f6n. Sek\u00e4 Standard- ett\u00e4 Elite-versioina saatavilla oleva sarja tarjoaa erinomaisen valotehon yhdistettyn\u00e4 ohueen ja aerodynaamiseen muotoiluun. Valot on helppo asentaa mukana tulevien ruostumattomasta ter\u00e4ksest\u00e4 valmistettujen kiinnikkeiden avulla, ja ne tarjoavat fantastisen valaistuksen teill\u00e4. Linear Standard on saatavana kuudessa eri pituudessa 232 ja 1282 mm v\u00e4lill\u00e4. Vain 40 mm:n korkeudellaan ja 62 mm:n syvyydell\u00e4\u00e4n se sopii erinomaisesti asennettavaksi my\u00f6s ahtaisiin tiloihin. Jokainen valo on varustettu korkealaatuisilla 3 W:n LED-valoilla s\u00e4rkym\u00e4tt\u00f6m\u00e4n polykarbonaattilinssin takana. Linssi on pintak\u00e4sitelty hylkim\u00e4\u00e4n tehokkaasti lunta ja likaa, jotka voivat vaikuttaa valon kulkuun. Kevyt alumiininen valokotelo yhdess\u00e4 ohuiden mittojen kanssa tarkoittaa, ett\u00e4 valot ovat minimaalisia. Aerodynaaminen muotoilu tarkoittaa, ett\u00e4 valot sulautuvat t\u00e4ydellisesti autoon riippumatta siit\u00e4, asennetaanko ne auton eteen vai katolle. Linear Standard on valo, joka on luotettava pitk\u00e4\u00e4n!<\/p>","protected":false},"excerpt":{"rendered":"<p>Linear &#8211; Extra Ljusrampar f\u00f6r Daglig Anv\u00e4ndning H\u00f6gpresterande och Smal Design Linear \u00e4r Lazers h\u00f6gklassiga serie av ledramper som \u00e4r perfekta f\u00f6r daglig anv\u00e4ndning. Serien finns i b\u00e5de Standard och Elite-versioner och erbjuder enast\u00e5ende ljusprestanda kombinerat med en smal och aerodynamisk design. Ramparna \u00e4r enkla att installera med de medf\u00f6ljande rostfria f\u00e4stena och ger fantastisk [&hellip;]<\/p>","protected":false},"featured_media":6338,"comment_status":"closed","ping_status":"open","template":"","meta":{"_acf_changed":false,"_smort_price_nok":"6889","_smort_price_dkk":"4377","_smort_price_eur":"586.34","_smort_sale_price_nok":"","_smort_sale_price_dkk":"","_smort_sale_price_eur":"","smort_restorder":"","shipmondo_restorder":"","_kad_blocks_custom_css":"","_kad_blocks_head_custom_js":"","_kad_blocks_body_custom_js":"","_kad_blocks_footer_custom_js":"","smort_custom_pricelist_1":"4128","smort_custom_pricelist_2":"4128","smort_custom_pricelist_3":"4128","smort_custom_pricelist_4":"5160","smort_custom_pricelist_5":"4128"},"anvandningsomrade":[],"bilmarken":[],"product_brand":[1124],"product_cat":[2561,2966,2539,2166],"product_tag":[2735],"class_list":{"0":"post-6337","1":"product","2":"type-product","3":"status-publish","4":"has-post-thumbnail","6":"product_brand-lazer","7":"product_cat-lazer","8":"product_cat-ledramp-rak","9":"product_cat-ledramper","10":"product_cat-lazer-linear","11":"product_tag-lazer","12":"pa_fargtemperatur-5000k","13":"pa_fuktskydd-varde-ipxx-ip68","14":"pa_godkannande-e-godkand-ece-r112","15":"pa_lampsockel-kontakt-superseal","16":"pa_led-chips-effekt-w-1336","17":"pa_storlek-mm-382x40x62","18":"pa_stromforbrukning-44a144v","19":"pa_volt-v-multivolt-10-12-16-18-24-28-30-32","21":"first","22":"instock","23":"taxable","24":"shipping-taxable","25":"purchasable","26":"product-type-simple"},"bundled_by":[],"bundle_stock_status":"instock","bundle_stock_quantity":1,"bundle_virtual":false,"bundle_layout":"","bundle_add_to_cart_form_location":"","bundle_editable_in_cart":false,"bundle_sold_individually_context":"","bundle_item_grouping":"","bundle_min_size":"","bundle_max_size":"","bundle_price":[],"bundled_items":[],"bundle_sell_ids":[],"acf":[],"yoast_head":"<!-- This site is optimized with the Yoast SEO plugin v27.0 - https:\/\/yoast.com\/product\/yoast-seo-wordpress\/ -->\n<title>Lazer Linear-18 led-ramp | 532mm - Xenonkungen<\/title>\n<meta name=\"robots\" content=\"index, follow, max-snippet:-1, max-image-preview:large, max-video-preview:-1\" \/>\n<link rel=\"canonical\" href=\"https:\/\/xenonkungen.com\/fi\/tuote\/lazer-linear-18-led-ramppi-532-mm\/\" \/>\n<meta property=\"og:locale\" content=\"fi_FI\" \/>\n<meta property=\"og:type\" content=\"article\" \/>\n<meta property=\"og:title\" content=\"Lazer Linear-18 led-ramp | 532mm - Xenonkungen\" \/>\n<meta property=\"og:description\" content=\"Linear &#8211; Extra Ljusrampar f\u00f6r Daglig Anv\u00e4ndning H\u00f6gpresterande och Smal Design Linear \u00e4r Lazers h\u00f6gklassiga serie av ledramper som \u00e4r perfekta f\u00f6r daglig anv\u00e4ndning. Serien finns i b\u00e5de Standard och Elite-versioner och erbjuder enast\u00e5ende ljusprestanda kombinerat med en smal och aerodynamisk design. Ramparna \u00e4r enkla att installera med de medf\u00f6ljande rostfria f\u00e4stena och ger fantastisk [&hellip;]\" \/>\n<meta property=\"og:url\" content=\"https:\/\/xenonkungen.com\/fi\/tuote\/lazer-linear-18-led-ramppi-532-mm\/\" \/>\n<meta property=\"og:site_name\" content=\"Xenonkungen\" \/>\n<meta property=\"article:modified_time\" content=\"2026-04-24T16:29:01+00:00\" \/>\n<meta property=\"og:image\" content=\"https:\/\/xenonkungen.com\/wp-content\/uploads\/2025\/04\/188148719-origpic-5e780f.jpg\" \/>\n\t<meta property=\"og:image:width\" content=\"1000\" \/>\n\t<meta property=\"og:image:height\" content=\"750\" \/>\n\t<meta property=\"og:image:type\" content=\"image\/jpeg\" \/>\n<meta name=\"twitter:card\" content=\"summary_large_image\" \/>\n<meta name=\"twitter:label1\" content=\"Arvioitu lukuaika\" \/>\n\t<meta name=\"twitter:data1\" content=\"1 minuutti\" \/>\n<script type=\"application\/ld+json\" class=\"yoast-schema-graph\">{\"@context\":\"https:\/\/schema.org\",\"@graph\":[{\"@type\":\"WebPage\",\"@id\":\"https:\/\/xenonkungen.com\/nl\/product\/laser-lineaire-18-led-ramp-532mm\/\",\"url\":\"https:\/\/xenonkungen.com\/nl\/product\/laser-lineaire-18-led-ramp-532mm\/\",\"name\":\"Lazer Linear-18 led-ramp | 532mm - Xenonkungen\",\"isPartOf\":{\"@id\":\"https:\/\/xenonkungen.com\/#website\"},\"primaryImageOfPage\":{\"@id\":\"https:\/\/xenonkungen.com\/nl\/product\/laser-lineaire-18-led-ramp-532mm\/#primaryimage\"},\"image\":{\"@id\":\"https:\/\/xenonkungen.com\/nl\/product\/laser-lineaire-18-led-ramp-532mm\/#primaryimage\"},\"thumbnailUrl\":\"https:\/\/xenonkungen.com\/wp-content\/uploads\/2025\/04\/188148719-origpic-5e780f.jpg\",\"datePublished\":\"2025-04-15T09:45:11+00:00\",\"dateModified\":\"2026-04-24T16:29:01+00:00\",\"breadcrumb\":{\"@id\":\"https:\/\/xenonkungen.com\/nl\/product\/laser-lineaire-18-led-ramp-532mm\/#breadcrumb\"},\"inLanguage\":\"fi\",\"potentialAction\":[{\"@type\":\"ReadAction\",\"target\":[\"https:\/\/xenonkungen.com\/nl\/product\/laser-lineaire-18-led-ramp-532mm\/\"]}]},{\"@type\":\"ImageObject\",\"inLanguage\":\"fi\",\"@id\":\"https:\/\/xenonkungen.com\/nl\/product\/laser-lineaire-18-led-ramp-532mm\/#primaryimage\",\"url\":\"https:\/\/xenonkungen.com\/wp-content\/uploads\/2025\/04\/188148719-origpic-5e780f.jpg\",\"contentUrl\":\"https:\/\/xenonkungen.com\/wp-content\/uploads\/2025\/04\/188148719-origpic-5e780f.jpg\",\"width\":1000,\"height\":750},{\"@type\":\"BreadcrumbList\",\"@id\":\"https:\/\/xenonkungen.com\/nl\/product\/laser-lineaire-18-led-ramp-532mm\/#breadcrumb\",\"itemListElement\":[{\"@type\":\"ListItem\",\"position\":1,\"name\":\"Hem\",\"item\":\"https:\/\/xenonkungen.com\/\"},{\"@type\":\"ListItem\",\"position\":2,\"name\":\"Shop\",\"item\":\"https:\/\/xenonkungen.com\/shop\/\"},{\"@type\":\"ListItem\",\"position\":3,\"name\":\"Lazer Linear-18 led-ramp | 532mm\"}]},{\"@type\":\"WebSite\",\"@id\":\"https:\/\/xenonkungen.com\/#website\",\"url\":\"https:\/\/xenonkungen.com\/\",\"name\":\"Xenonkungen\",\"description\":\"\",\"potentialAction\":[{\"@type\":\"SearchAction\",\"target\":{\"@type\":\"EntryPoint\",\"urlTemplate\":\"https:\/\/xenonkungen.com\/?s={search_term_string}\"},\"query-input\":{\"@type\":\"PropertyValueSpecification\",\"valueRequired\":true,\"valueName\":\"search_term_string\"}}],\"inLanguage\":\"fi\"}]}<\/script>\n<!-- \/ Yoast SEO plugin. -->","yoast_head_json":{"title":"Lazer Linear-18 led-ramppi | 532 mm - Xenon-kuningas","robots":{"index":"index","follow":"follow","max-snippet":"max-snippet:-1","max-image-preview":"max-image-preview:large","max-video-preview":"max-video-preview:-1"},"canonical":"https:\/\/xenonkungen.com\/fi\/tuote\/lazer-linear-18-led-ramppi-532-mm\/","og_locale":"fi_FI","og_type":"article","og_title":"Lazer Linear-18 led-ramp | 532mm - Xenonkungen","og_description":"Linear &#8211; Extra Ljusrampar f\u00f6r Daglig Anv\u00e4ndning H\u00f6gpresterande och Smal Design Linear \u00e4r Lazers h\u00f6gklassiga serie av ledramper som \u00e4r perfekta f\u00f6r daglig anv\u00e4ndning. Serien finns i b\u00e5de Standard och Elite-versioner och erbjuder enast\u00e5ende ljusprestanda kombinerat med en smal och aerodynamisk design. Ramparna \u00e4r enkla att installera med de medf\u00f6ljande rostfria f\u00e4stena och ger fantastisk [&hellip;]","og_url":"https:\/\/xenonkungen.com\/fi\/tuote\/lazer-linear-18-led-ramppi-532-mm\/","og_site_name":"Xenonkungen","article_modified_time":"2026-04-24T16:29:01+00:00","og_image":[{"width":1000,"height":750,"url":"https:\/\/xenonkungen.com\/wp-content\/uploads\/2025\/04\/188148719-origpic-5e780f.jpg","type":"image\/jpeg"}],"twitter_card":"summary_large_image","twitter_misc":{"Arvioitu lukuaika":"1 minuutti"},"schema":{"@context":"https:\/\/schema.org","@graph":[{"@type":"WebPage","@id":"https:\/\/xenonkungen.com\/nl\/product\/laser-lineaire-18-led-ramp-532mm\/","url":"https:\/\/xenonkungen.com\/nl\/product\/laser-lineaire-18-led-ramp-532mm\/","name":"Lazer Linear-18 led-ramppi | 532 mm - Xenon-kuningas","isPartOf":{"@id":"https:\/\/xenonkungen.com\/#website"},"primaryImageOfPage":{"@id":"https:\/\/xenonkungen.com\/nl\/product\/laser-lineaire-18-led-ramp-532mm\/#primaryimage"},"image":{"@id":"https:\/\/xenonkungen.com\/nl\/product\/laser-lineaire-18-led-ramp-532mm\/#primaryimage"},"thumbnailUrl":"https:\/\/xenonkungen.com\/wp-content\/uploads\/2025\/04\/188148719-origpic-5e780f.jpg","datePublished":"2025-04-15T09:45:11+00:00","dateModified":"2026-04-24T16:29:01+00:00","breadcrumb":{"@id":"https:\/\/xenonkungen.com\/nl\/product\/laser-lineaire-18-led-ramp-532mm\/#breadcrumb"},"inLanguage":"fi","potentialAction":[{"@type":"ReadAction","target":["https:\/\/xenonkungen.com\/nl\/product\/laser-lineaire-18-led-ramp-532mm\/"]}]},{"@type":"ImageObject","inLanguage":"fi","@id":"https:\/\/xenonkungen.com\/nl\/product\/laser-lineaire-18-led-ramp-532mm\/#primaryimage","url":"https:\/\/xenonkungen.com\/wp-content\/uploads\/2025\/04\/188148719-origpic-5e780f.jpg","contentUrl":"https:\/\/xenonkungen.com\/wp-content\/uploads\/2025\/04\/188148719-origpic-5e780f.jpg","width":1000,"height":750},{"@type":"BreadcrumbList","@id":"https:\/\/xenonkungen.com\/nl\/product\/laser-lineaire-18-led-ramp-532mm\/#breadcrumb","itemListElement":[{"@type":"ListItem","position":1,"name":"Hem","item":"https:\/\/xenonkungen.com\/"},{"@type":"ListItem","position":2,"name":"Shop","item":"https:\/\/xenonkungen.com\/shop\/"},{"@type":"ListItem","position":3,"name":"Lazer Linear-18 led-ramp | 532mm"}]},{"@type":"WebSite","@id":"https:\/\/xenonkungen.com\/#website","url":"https:\/\/xenonkungen.com\/","name":"Xenonkungen","description":"","potentialAction":[{"@type":"SearchAction","target":{"@type":"EntryPoint","urlTemplate":"https:\/\/xenonkungen.com\/?s={search_term_string}"},"query-input":{"@type":"PropertyValueSpecification","valueRequired":true,"valueName":"search_term_string"}}],"inLanguage":"fi"}]}},"taxonomy_info":{"product_brand":[{"value":1124,"label":"Lazer"}],"product_cat":[{"value":2561,"label":"Lazer"},{"value":2966,"label":"Ledramp Rak"},{"value":2539,"label":"LEDRAMPER"},{"value":2166,"label":"LAZER LINEAR"}],"product_tag":[{"value":2735,"label":"Lazer"}],"pa_fargtemperatur":[{"value":154,"label":"5000K"}],"pa_fuktskydd-varde-ipxx":[{"value":177,"label":"IP68"}],"pa_godkannande":[{"value":1709,"label":"E-godk\u00e4nd, ECE, R112"}],"pa_lampsockel-kontakt":[{"value":1122,"label":"Superseal"}],"pa_led-chips-effekt-w":[{"value":1336,"label":"63"}],"pa_storlek-mm":[{"value":1724,"label":"382x40x62"}],"pa_stromforbrukning":[{"value":1337,"label":"4,4A@14,4V"}],"pa_volt-v":[{"value":1084,"label":"Multivolt, 10, 12, 16, 18, 24, 28, 30, 32"}]},"featured_image_src_large":["https:\/\/xenonkungen.com\/wp-content\/uploads\/2025\/04\/188148719-origpic-5e780f.jpg",1000,750,false],"author_info":[],"comment_info":0,"_links":{"self":[{"href":"https:\/\/xenonkungen.com\/fi\/wp-json\/wp\/v2\/product\/6337","targetHints":{"allow":["GET"]}}],"collection":[{"href":"https:\/\/xenonkungen.com\/fi\/wp-json\/wp\/v2\/product"}],"about":[{"href":"https:\/\/xenonkungen.com\/fi\/wp-json\/wp\/v2\/types\/product"}],"replies":[{"embeddable":true,"href":"https:\/\/xenonkungen.com\/fi\/wp-json\/wp\/v2\/comments?post=6337"}],"wp:featuredmedia":[{"embeddable":true,"href":"https:\/\/xenonkungen.com\/fi\/wp-json\/wp\/v2\/media\/6338"}],"wp:attachment":[{"href":"https:\/\/xenonkungen.com\/fi\/wp-json\/wp\/v2\/media?parent=6337"}],"wp:term":[{"taxonomy":"anvandningsomrade","embeddable":true,"href":"https:\/\/xenonkungen.com\/fi\/wp-json\/wp\/v2\/anvandningsomrade?post=6337"},{"taxonomy":"bilmarken","embeddable":true,"href":"https:\/\/xenonkungen.com\/fi\/wp-json\/wp\/v2\/bilmarken?post=6337"},{"taxonomy":"product_brand","embeddable":true,"href":"https:\/\/xenonkungen.com\/fi\/wp-json\/wp\/v2\/product_brand?post=6337"},{"taxonomy":"product_cat","embeddable":true,"href":"https:\/\/xenonkungen.com\/fi\/wp-json\/wp\/v2\/product_cat?post=6337"},{"taxonomy":"product_tag","embeddable":true,"href":"https:\/\/xenonkungen.com\/fi\/wp-json\/wp\/v2\/product_tag?post=6337"}],"curies":[{"name":"wp","href":"https:\/\/api.w.org\/{rel}","templated":true}]}}