{"id":6366,"date":"2025-04-15T09:45:37","date_gmt":"2025-04-15T09:45:37","guid":{"rendered":"https:\/\/xenonkungen.com\/product\/lazer-linear-36-std-led-extraljusramp-39-982-mm-e-markt\/"},"modified":"2026-04-24T17:29:07","modified_gmt":"2026-04-24T16:29:07","slug":"lazer-linear-36-std-led-lisavalo-rampille-39-982-mm-e-markt","status":"publish","type":"product","link":"https:\/\/xenonkungen.com\/fi\/tuote\/lazer-linear-36-std-led-lisavalo-rampille-39-982-mm-e-markt\/","title":{"rendered":"Lazer Linear 36 Std LED-lis\u00e4valoramppi 39\u2033 (982 mm) E-merkitty."},"content":{"rendered":"<h2>Linear Standard - Tyylik\u00e4s muotoilu ja vaikuttava kirkkaus<\/h2>\n<p><strong>Tyylik\u00e4s, tehokas ja suunniteltu jokap\u00e4iv\u00e4iseen el\u00e4m\u00e4\u00e4n.<\/strong><br \/>Linear Standard on Lazerin ensiluokkainen valikoima lis\u00e4valopalkkeja - t\u00e4ydellinen niille, jotka etsiv\u00e4t sek\u00e4 suorituskyky\u00e4 ett\u00e4 muotoilua. Tyylikk\u00e4\u00e4n ja aerodynaamisen profiilin ansiosta valopalkki sulautuu saumattomasti ajoneuvon etuosaan tai kattoon ja tarjoaa samalla seuraavat ominaisuudet <strong>erinomainen valaistus<\/strong> siell\u00e4, miss\u00e4 sit\u00e4 eniten tarvitaan.<\/p>\n<p>Saatavana <strong>kuusi eri pituutta<\/strong> (232-1282 mm) ja vain 40 mm:n korkeuden ansiosta Linear Standard on itsest\u00e4\u00e4n selv\u00e4 valinta my\u00f6s ahtaissa tiloissa. Rampit on varustettu korkealaatuisilla, tehokkailla 3W:n LEDeill\u00e4, jotka on suojattu suojakotelon takana. <strong>murtumaton polykarbonaattilinssi<\/strong> joka on my\u00f6s pintak\u00e4sitelty hylkim\u00e4\u00e4n tehokkaasti lunta ja likaa.<\/p>\n<h3>Kevyt, kest\u00e4v\u00e4 ja helppo koota<\/h3>\n<p>Kevyen alumiinirakenteensa ja kompaktin kokonsa ansiosta ramppi ei ole vain huomaamaton - se on my\u00f6s <strong>helppo asentaa<\/strong> mukana toimitettujen ruostumattomasta ter\u00e4ksest\u00e4 valmistettujen kiinnikkeiden ansiosta. Aerodynaaminen muoto v\u00e4hent\u00e4\u00e4 tuulenvastusta ja antaa tyylikk\u00e4\u00e4n yleisvaikutelman.<\/p>\n<h3>Rakennettu kest\u00e4m\u00e4\u00e4n<\/h3>\n<p>Linear Standard on suunniteltu toimimaan - p\u00e4iv\u00e4st\u00e4 toiseen, vuodesta toiseen. Se on investointi turvallisuuteen ja laatuun, ja sen avulla voidaan <strong>5 vuoden toimintatakuu<\/strong> saat lis\u00e4\u00e4 mielenrauhaa.<\/p>\n<p><strong>Linear Standard - jossa muoto kohtaa toiminnon.<\/strong><\/p>","protected":false},"excerpt":{"rendered":"<p>Linear Standard \u2013 Slank design med imponerande ljusstyrka Stilren, kraftfull och byggd f\u00f6r vardagen.Linear Standard \u00e4r Lazers h\u00f6gklassiga serie extraljusramper \u2013 perfekta f\u00f6r dig som s\u00f6ker b\u00e5de prestanda och design. Med en slimmad och aerodynamisk profil sm\u00e4lter rampen in s\u00f6ml\u00f6st p\u00e5 fordonets front eller tak, samtidigt som den levererar enast\u00e5ende belysning d\u00e4r det beh\u00f6vs som [&hellip;]<\/p>","protected":false},"featured_media":6367,"comment_status":"closed","ping_status":"open","template":"","meta":{"_acf_changed":false,"_smort_price_nok":"10948","_smort_price_dkk":"6955","_smort_price_eur":"931.78","_smort_sale_price_nok":"","_smort_sale_price_dkk":"","_smort_sale_price_eur":"","smort_restorder":"","shipmondo_restorder":"","_kad_blocks_custom_css":"","_kad_blocks_head_custom_js":"","_kad_blocks_body_custom_js":"","_kad_blocks_footer_custom_js":"","smort_custom_pricelist_1":"6560","smort_custom_pricelist_2":"6560","smort_custom_pricelist_3":"6560","smort_custom_pricelist_4":"8200","smort_custom_pricelist_5":"6560"},"anvandningsomrade":[],"bilmarken":[],"product_brand":[1124],"product_cat":[2561,2966,2539,2166],"product_tag":[2735],"class_list":{"0":"post-6366","1":"product","2":"type-product","3":"status-publish","4":"has-post-thumbnail","6":"product_brand-lazer","7":"product_cat-lazer","8":"product_cat-ledramp-rak","9":"product_cat-ledramper","10":"product_cat-lazer-linear","11":"product_tag-lazer","12":"pa_fargtemperatur-5000k","13":"pa_fuktskydd-varde-ipxx-ip67","14":"pa_godkannande-e-godkand-ece-r112","15":"pa_lampsockel-kontakt-superseal","16":"pa_led-chips-effekt-w-1338","17":"pa_storlek-mm-982x40x62","18":"pa_stromforbrukning-88a144v","19":"pa_volt-v-multivolt-10-12-16-18-24-28-30-32","21":"first","22":"onbackorder","23":"taxable","24":"shipping-taxable","25":"purchasable","26":"product-type-simple"},"bundled_by":[],"bundle_stock_status":"onbackorder","bundle_stock_quantity":0,"bundle_virtual":false,"bundle_layout":"","bundle_add_to_cart_form_location":"","bundle_editable_in_cart":false,"bundle_sold_individually_context":"","bundle_item_grouping":"","bundle_min_size":"","bundle_max_size":"","bundle_price":[],"bundled_items":[],"bundle_sell_ids":[],"acf":[],"yoast_head":"<!-- This site is optimized with the Yoast SEO plugin v27.0 - https:\/\/yoast.com\/product\/yoast-seo-wordpress\/ -->\n<title>Lazer Linear 36 Std LED extraljusramp 39&quot; (982 mm) E-m\u00e4rkt - Xenonkungen<\/title>\n<meta name=\"robots\" content=\"index, follow, max-snippet:-1, max-image-preview:large, max-video-preview:-1\" \/>\n<link rel=\"canonical\" href=\"http:\/\/xenonkungen.com\/fi\/tuote\/lazer-linear-36-std-led-lisavalo-rampille-39-982-mm-e-markt\/\" \/>\n<meta property=\"og:locale\" content=\"fi_FI\" \/>\n<meta property=\"og:type\" content=\"article\" \/>\n<meta property=\"og:title\" content=\"Lazer Linear 36 Std LED extraljusramp 39&quot; (982 mm) E-m\u00e4rkt - Xenonkungen\" \/>\n<meta property=\"og:description\" content=\"Linear Standard \u2013 Slank design med imponerande ljusstyrka Stilren, kraftfull och byggd f\u00f6r vardagen.Linear Standard \u00e4r Lazers h\u00f6gklassiga serie extraljusramper \u2013 perfekta f\u00f6r dig som s\u00f6ker b\u00e5de prestanda och design. Med en slimmad och aerodynamisk profil sm\u00e4lter rampen in s\u00f6ml\u00f6st p\u00e5 fordonets front eller tak, samtidigt som den levererar enast\u00e5ende belysning d\u00e4r det beh\u00f6vs som [&hellip;]\" \/>\n<meta property=\"og:url\" content=\"http:\/\/xenonkungen.com\/fi\/tuote\/lazer-linear-36-std-led-lisavalo-rampille-39-982-mm-e-markt\/\" \/>\n<meta property=\"og:site_name\" content=\"Xenonkungen\" \/>\n<meta property=\"article:modified_time\" content=\"2026-04-24T16:29:07+00:00\" \/>\n<meta property=\"og:image\" content=\"https:\/\/xenonkungen.com\/wp-content\/uploads\/2025\/04\/188148729-origpic-dc5f25.jpg\" \/>\n\t<meta property=\"og:image:width\" content=\"1000\" \/>\n\t<meta property=\"og:image:height\" content=\"750\" \/>\n\t<meta property=\"og:image:type\" content=\"image\/jpeg\" \/>\n<meta name=\"twitter:card\" content=\"summary_large_image\" \/>\n<meta name=\"twitter:label1\" content=\"Arvioitu lukuaika\" \/>\n\t<meta name=\"twitter:data1\" content=\"1 minuutti\" \/>\n<script type=\"application\/ld+json\" class=\"yoast-schema-graph\">{\"@context\":\"https:\/\/schema.org\",\"@graph\":[{\"@type\":\"WebPage\",\"@id\":\"http:\/\/xenonkungen.com\/es\/producto\/rampa-de-luz-led-extra-lazer-linear-36-std-de-39-982-mm-para-mercado-electronico\/\",\"url\":\"http:\/\/xenonkungen.com\/es\/producto\/rampa-de-luz-led-extra-lazer-linear-36-std-de-39-982-mm-para-mercado-electronico\/\",\"name\":\"Lazer Linear 36 Std LED extraljusramp 39\\\" (982 mm) E-m\u00e4rkt - Xenonkungen\",\"isPartOf\":{\"@id\":\"https:\/\/xenonkungen.com\/#website\"},\"primaryImageOfPage\":{\"@id\":\"http:\/\/xenonkungen.com\/es\/producto\/rampa-de-luz-led-extra-lazer-linear-36-std-de-39-982-mm-para-mercado-electronico\/#primaryimage\"},\"image\":{\"@id\":\"http:\/\/xenonkungen.com\/es\/producto\/rampa-de-luz-led-extra-lazer-linear-36-std-de-39-982-mm-para-mercado-electronico\/#primaryimage\"},\"thumbnailUrl\":\"https:\/\/xenonkungen.com\/wp-content\/uploads\/2025\/04\/188148729-origpic-dc5f25.jpg\",\"datePublished\":\"2025-04-15T09:45:37+00:00\",\"dateModified\":\"2026-04-24T16:29:07+00:00\",\"breadcrumb\":{\"@id\":\"http:\/\/xenonkungen.com\/es\/producto\/rampa-de-luz-led-extra-lazer-linear-36-std-de-39-982-mm-para-mercado-electronico\/#breadcrumb\"},\"inLanguage\":\"fi\",\"potentialAction\":[{\"@type\":\"ReadAction\",\"target\":[\"http:\/\/xenonkungen.com\/es\/producto\/rampa-de-luz-led-extra-lazer-linear-36-std-de-39-982-mm-para-mercado-electronico\/\"]}]},{\"@type\":\"ImageObject\",\"inLanguage\":\"fi\",\"@id\":\"http:\/\/xenonkungen.com\/es\/producto\/rampa-de-luz-led-extra-lazer-linear-36-std-de-39-982-mm-para-mercado-electronico\/#primaryimage\",\"url\":\"https:\/\/xenonkungen.com\/wp-content\/uploads\/2025\/04\/188148729-origpic-dc5f25.jpg\",\"contentUrl\":\"https:\/\/xenonkungen.com\/wp-content\/uploads\/2025\/04\/188148729-origpic-dc5f25.jpg\",\"width\":1000,\"height\":750},{\"@type\":\"BreadcrumbList\",\"@id\":\"http:\/\/xenonkungen.com\/es\/producto\/rampa-de-luz-led-extra-lazer-linear-36-std-de-39-982-mm-para-mercado-electronico\/#breadcrumb\",\"itemListElement\":[{\"@type\":\"ListItem\",\"position\":1,\"name\":\"Hem\",\"item\":\"https:\/\/xenonkungen.com\/\"},{\"@type\":\"ListItem\",\"position\":2,\"name\":\"Shop\",\"item\":\"https:\/\/xenonkungen.com\/shop\/\"},{\"@type\":\"ListItem\",\"position\":3,\"name\":\"Lazer Linear 36 Std LED extraljusramp 39&#8243; (982 mm) E-m\u00e4rkt\"}]},{\"@type\":\"WebSite\",\"@id\":\"https:\/\/xenonkungen.com\/#website\",\"url\":\"https:\/\/xenonkungen.com\/\",\"name\":\"Xenonkungen\",\"description\":\"\",\"potentialAction\":[{\"@type\":\"SearchAction\",\"target\":{\"@type\":\"EntryPoint\",\"urlTemplate\":\"https:\/\/xenonkungen.com\/?s={search_term_string}\"},\"query-input\":{\"@type\":\"PropertyValueSpecification\",\"valueRequired\":true,\"valueName\":\"search_term_string\"}}],\"inLanguage\":\"fi\"}]}<\/script>\n<!-- \/ Yoast SEO plugin. -->","yoast_head_json":{"title":"Lazer Linear 36 Std LED-lis\u00e4valopalkki 39&quot; (982 mm) E-hyv\u00e4ksytty - Xenonkungen","robots":{"index":"index","follow":"follow","max-snippet":"max-snippet:-1","max-image-preview":"max-image-preview:large","max-video-preview":"max-video-preview:-1"},"canonical":"http:\/\/xenonkungen.com\/fi\/tuote\/lazer-linear-36-std-led-lisavalo-rampille-39-982-mm-e-markt\/","og_locale":"fi_FI","og_type":"article","og_title":"Lazer Linear 36 Std LED extraljusramp 39\" (982 mm) E-m\u00e4rkt - Xenonkungen","og_description":"Linear Standard \u2013 Slank design med imponerande ljusstyrka Stilren, kraftfull och byggd f\u00f6r vardagen.Linear Standard \u00e4r Lazers h\u00f6gklassiga serie extraljusramper \u2013 perfekta f\u00f6r dig som s\u00f6ker b\u00e5de prestanda och design. Med en slimmad och aerodynamisk profil sm\u00e4lter rampen in s\u00f6ml\u00f6st p\u00e5 fordonets front eller tak, samtidigt som den levererar enast\u00e5ende belysning d\u00e4r det beh\u00f6vs som [&hellip;]","og_url":"http:\/\/xenonkungen.com\/fi\/tuote\/lazer-linear-36-std-led-lisavalo-rampille-39-982-mm-e-markt\/","og_site_name":"Xenonkungen","article_modified_time":"2026-04-24T16:29:07+00:00","og_image":[{"width":1000,"height":750,"url":"https:\/\/xenonkungen.com\/wp-content\/uploads\/2025\/04\/188148729-origpic-dc5f25.jpg","type":"image\/jpeg"}],"twitter_card":"summary_large_image","twitter_misc":{"Arvioitu lukuaika":"1 minuutti"},"schema":{"@context":"https:\/\/schema.org","@graph":[{"@type":"WebPage","@id":"http:\/\/xenonkungen.com\/es\/producto\/rampa-de-luz-led-extra-lazer-linear-36-std-de-39-982-mm-para-mercado-electronico\/","url":"http:\/\/xenonkungen.com\/es\/producto\/rampa-de-luz-led-extra-lazer-linear-36-std-de-39-982-mm-para-mercado-electronico\/","name":"Lazer Linear 36 Std LED-lis\u00e4valopalkki 39&quot; (982 mm) E-hyv\u00e4ksytty - Xenonkungen","isPartOf":{"@id":"https:\/\/xenonkungen.com\/#website"},"primaryImageOfPage":{"@id":"http:\/\/xenonkungen.com\/es\/producto\/rampa-de-luz-led-extra-lazer-linear-36-std-de-39-982-mm-para-mercado-electronico\/#primaryimage"},"image":{"@id":"http:\/\/xenonkungen.com\/es\/producto\/rampa-de-luz-led-extra-lazer-linear-36-std-de-39-982-mm-para-mercado-electronico\/#primaryimage"},"thumbnailUrl":"https:\/\/xenonkungen.com\/wp-content\/uploads\/2025\/04\/188148729-origpic-dc5f25.jpg","datePublished":"2025-04-15T09:45:37+00:00","dateModified":"2026-04-24T16:29:07+00:00","breadcrumb":{"@id":"http:\/\/xenonkungen.com\/es\/producto\/rampa-de-luz-led-extra-lazer-linear-36-std-de-39-982-mm-para-mercado-electronico\/#breadcrumb"},"inLanguage":"fi","potentialAction":[{"@type":"ReadAction","target":["http:\/\/xenonkungen.com\/es\/producto\/rampa-de-luz-led-extra-lazer-linear-36-std-de-39-982-mm-para-mercado-electronico\/"]}]},{"@type":"ImageObject","inLanguage":"fi","@id":"http:\/\/xenonkungen.com\/es\/producto\/rampa-de-luz-led-extra-lazer-linear-36-std-de-39-982-mm-para-mercado-electronico\/#primaryimage","url":"https:\/\/xenonkungen.com\/wp-content\/uploads\/2025\/04\/188148729-origpic-dc5f25.jpg","contentUrl":"https:\/\/xenonkungen.com\/wp-content\/uploads\/2025\/04\/188148729-origpic-dc5f25.jpg","width":1000,"height":750},{"@type":"BreadcrumbList","@id":"http:\/\/xenonkungen.com\/es\/producto\/rampa-de-luz-led-extra-lazer-linear-36-std-de-39-982-mm-para-mercado-electronico\/#breadcrumb","itemListElement":[{"@type":"ListItem","position":1,"name":"Hem","item":"https:\/\/xenonkungen.com\/"},{"@type":"ListItem","position":2,"name":"Shop","item":"https:\/\/xenonkungen.com\/shop\/"},{"@type":"ListItem","position":3,"name":"Lazer Linear 36 Std LED extraljusramp 39&#8243; (982 mm) E-m\u00e4rkt"}]},{"@type":"WebSite","@id":"https:\/\/xenonkungen.com\/#website","url":"https:\/\/xenonkungen.com\/","name":"Xenonkungen","description":"","potentialAction":[{"@type":"SearchAction","target":{"@type":"EntryPoint","urlTemplate":"https:\/\/xenonkungen.com\/?s={search_term_string}"},"query-input":{"@type":"PropertyValueSpecification","valueRequired":true,"valueName":"search_term_string"}}],"inLanguage":"fi"}]}},"taxonomy_info":{"product_brand":[{"value":1124,"label":"Lazer"}],"product_cat":[{"value":2561,"label":"Lazer"},{"value":2966,"label":"Ledramp Rak"},{"value":2539,"label":"LEDRAMPER"},{"value":2166,"label":"LAZER LINEAR"}],"product_tag":[{"value":2735,"label":"Lazer"}],"pa_fargtemperatur":[{"value":154,"label":"5000K"}],"pa_fuktskydd-varde-ipxx":[{"value":333,"label":"IP67"}],"pa_godkannande":[{"value":1709,"label":"E-godk\u00e4nd, ECE, R112"}],"pa_lampsockel-kontakt":[{"value":1122,"label":"Superseal"}],"pa_led-chips-effekt-w":[{"value":1338,"label":"126"}],"pa_storlek-mm":[{"value":1753,"label":"982x40x62"}],"pa_stromforbrukning":[{"value":1339,"label":"8,8A@14,4V"}],"pa_volt-v":[{"value":1084,"label":"Multivolt, 10, 12, 16, 18, 24, 28, 30, 32"}]},"featured_image_src_large":["https:\/\/xenonkungen.com\/wp-content\/uploads\/2025\/04\/188148729-origpic-dc5f25.jpg",1000,750,false],"author_info":[],"comment_info":0,"_links":{"self":[{"href":"https:\/\/xenonkungen.com\/fi\/wp-json\/wp\/v2\/product\/6366","targetHints":{"allow":["GET"]}}],"collection":[{"href":"https:\/\/xenonkungen.com\/fi\/wp-json\/wp\/v2\/product"}],"about":[{"href":"https:\/\/xenonkungen.com\/fi\/wp-json\/wp\/v2\/types\/product"}],"replies":[{"embeddable":true,"href":"https:\/\/xenonkungen.com\/fi\/wp-json\/wp\/v2\/comments?post=6366"}],"wp:featuredmedia":[{"embeddable":true,"href":"https:\/\/xenonkungen.com\/fi\/wp-json\/wp\/v2\/media\/6367"}],"wp:attachment":[{"href":"https:\/\/xenonkungen.com\/fi\/wp-json\/wp\/v2\/media?parent=6366"}],"wp:term":[{"taxonomy":"anvandningsomrade","embeddable":true,"href":"https:\/\/xenonkungen.com\/fi\/wp-json\/wp\/v2\/anvandningsomrade?post=6366"},{"taxonomy":"bilmarken","embeddable":true,"href":"https:\/\/xenonkungen.com\/fi\/wp-json\/wp\/v2\/bilmarken?post=6366"},{"taxonomy":"product_brand","embeddable":true,"href":"https:\/\/xenonkungen.com\/fi\/wp-json\/wp\/v2\/product_brand?post=6366"},{"taxonomy":"product_cat","embeddable":true,"href":"https:\/\/xenonkungen.com\/fi\/wp-json\/wp\/v2\/product_cat?post=6366"},{"taxonomy":"product_tag","embeddable":true,"href":"https:\/\/xenonkungen.com\/fi\/wp-json\/wp\/v2\/product_tag?post=6366"}],"curies":[{"name":"wp","href":"https:\/\/api.w.org\/{rel}","templated":true}]}}