{"id":6425,"date":"2025-04-15T09:46:30","date_gmt":"2025-04-15T09:46:30","guid":{"rendered":"https:\/\/xenonkungen.com\/product\/lazer-sentinel-stenskottsskydd-gult\/"},"modified":"2026-04-24T17:29:23","modified_gmt":"2026-04-24T16:29:23","slug":"lazer-sentinel-kiveniskusuoja-keltainen","status":"publish","type":"product","link":"https:\/\/xenonkungen.com\/fi\/tuote\/lazer-sentinel-kiveniskusuoja-keltainen\/","title":{"rendered":"Lazer Sentinel kivisuoja | Keltainen"},"content":{"rendered":"<h1>Keltainen linssinsuojus Lazer Sentinel LED-lis\u00e4valolle \u2013 Lis\u00e4suojaa ja parannettu n\u00e4kyvyys<\/h1>\n<p>Lazer Sentinel LED -lis\u00e4valoissa on erityisesti suunnitellut keltaiset linssinsuojukset, jotka kiinnitet\u00e4\u00e4n helposti valoihin ja tarjoavat lis\u00e4suojaa ja parempaa n\u00e4kyvyytt\u00e4. N\u00e4m\u00e4 linssinsuojukset on suunniteltu erityisesti Lazer Sentinel -malliin ja tarjoavat ainutlaatuisia etuja k\u00e4ytt\u00e4j\u00e4lle.<\/p>\n<h2>Keltaisen linssinsuojan edut:<\/h2>\n<ul>\n<li>Lis\u00e4suoja: Linssinsuojukset tarjoavat lis\u00e4suojakerroksen, joka auttaa est\u00e4m\u00e4\u00e4n linssin naarmuuntumisen ja vaurioitumisen. Ne suojaavat my\u00f6s lialta, kivilt\u00e4 ja tien roskilta, jotka voivat vaikuttaa valon suorituskykyyn.<\/li>\n<li>Parannettu n\u00e4kyvyys: Linssinsuojusten keltainen v\u00e4ri on erityisesti suunniteltu parantamaan n\u00e4kyvyytt\u00e4 huonoissa s\u00e4\u00e4olosuhteissa, kuten sateessa, lumessa tai sumussa. Keltainen s\u00e4vy v\u00e4hent\u00e4\u00e4 h\u00e4ik\u00e4isy\u00e4 ja lis\u00e4\u00e4 kontrastia paremman n\u00e4kyvyyden saavuttamiseksi tiell\u00e4.<\/li>\n<li>Helppo asennus: Linssinsuojukset napsautetaan yksinkertaisesti valaisimiin ja pysyv\u00e4t tukevasti paikoillaan k\u00e4yt\u00f6n aikana. Asennus on nopeaa ja helppoa.<\/li>\n<\/ul>\n<p>Lazer Sentinelin keltaisella linssinsuojuksella saat sek\u00e4 lis\u00e4suojaa ett\u00e4 paremman n\u00e4kyvyyden lis\u00e4valoillesi. Suojaa valosi ja lis\u00e4\u00e4 turvallisuuttasi tiell\u00e4 s\u00e4\u00e4olosuhteista riippumatta.<\/p>","protected":false},"excerpt":{"rendered":"<p>Gul Linsskydd f\u00f6r Lazer Sentinel LED Extraljus &#8211; Extra skydd och f\u00f6rb\u00e4ttrad synlighet Lazer Sentinel LED extraljus \u00e4r utrustade med specialdesignade gul linsskydd som enkelt kl\u00e4ms fast p\u00e5 lamporna f\u00f6r att ge extra skydd och f\u00f6rb\u00e4ttrad synlighet. Dessa linsskydd \u00e4r speciellt utformade f\u00f6r att passa Lazer Sentinel-modellen och erbjuder unika f\u00f6rdelar f\u00f6r anv\u00e4ndaren. F\u00f6rdelarna med [&hellip;]<\/p>","protected":false},"featured_media":6426,"comment_status":"closed","ping_status":"open","template":"","meta":{"_acf_changed":false,"_smort_price_nok":"240","_smort_price_dkk":"153","_smort_price_eur":"20.45","_smort_sale_price_nok":"","_smort_sale_price_dkk":"","_smort_sale_price_eur":"","smort_restorder":"","shipmondo_restorder":"","_kad_blocks_custom_css":"","_kad_blocks_head_custom_js":"","_kad_blocks_body_custom_js":"","_kad_blocks_footer_custom_js":"","smort_custom_pricelist_1":"144","smort_custom_pricelist_2":"144","smort_custom_pricelist_3":"144","smort_custom_pricelist_4":"180","smort_custom_pricelist_5":"144"},"anvandningsomrade":[165,236,237,207,166,234,167,238,235],"bilmarken":[208,240,194,241,242,195,243,209,244,245,246,247,248,210,249,196,250,251,252,253,197,211,254,212,255,256,257,258,259,213,260,261,198,262,263,264,265,266,267,199,268,269,270,271,200,272,273,274,215,275,276,277,278,201,279,202,280,281,216,282,203,283,284,285,286,204,217,218,287,288,289,290,219,205,169,291],"product_brand":[1124],"product_cat":[1048,727],"product_tag":[2735],"class_list":{"0":"post-6425","1":"product","2":"type-product","3":"status-publish","4":"has-post-thumbnail","6":"anvandningsomrade-atv","7":"anvandningsomrade-entreprenad","8":"anvandningsomrade-fritid","9":"anvandningsomrade-husbil","10":"anvandningsomrade-lastbil","11":"anvandningsomrade-mc","12":"anvandningsomrade-personbil","13":"anvandningsomrade-slap","14":"anvandningsomrade-snoskoter","15":"bilmarken-abarth","16":"bilmarken-acura","17":"bilmarken-alfa-romeo","18":"bilmarken-alpina","19":"bilmarken-aston-martin","20":"bilmarken-audi","21":"bilmarken-bentley","22":"bilmarken-bmw","23":"bilmarken-bugatti","24":"bilmarken-buick","25":"bilmarken-cadillac","26":"bilmarken-chevrolet","27":"bilmarken-chrysler","28":"bilmarken-citroen","29":"bilmarken-cupra","30":"bilmarken-dacia","31":"bilmarken-daewoo","32":"bilmarken-daihatsu","33":"bilmarken-dodge","34":"bilmarken-ds","35":"bilmarken-ferrari","36":"bilmarken-fiat","37":"bilmarken-fisker","38":"bilmarken-ford","39":"bilmarken-geely","40":"bilmarken-genesis","41":"bilmarken-gmc","42":"bilmarken-honda","43":"bilmarken-hummer","44":"bilmarken-hyundai","45":"bilmarken-infiniti","46":"bilmarken-isuzu","47":"bilmarken-iveco","48":"bilmarken-jaguar","49":"bilmarken-jeep","50":"bilmarken-kia","51":"bilmarken-koenigsegg","52":"bilmarken-lada","53":"bilmarken-lamborghini","54":"bilmarken-lancia","55":"bilmarken-land-rover","56":"bilmarken-lexus","57":"bilmarken-lincoln","58":"bilmarken-lotus","59":"bilmarken-maserati","60":"bilmarken-maxus","61":"bilmarken-mazda","62":"bilmarken-mclaren","63":"bilmarken-mercedes-benz","64":"bilmarken-mg","65":"bilmarken-mini","66":"bilmarken-mitsubishi","67":"bilmarken-nissan","68":"bilmarken-opel","69":"bilmarken-pagani","70":"bilmarken-peugeot","71":"bilmarken-polestar","72":"bilmarken-pontiac","73":"bilmarken-porsche","74":"bilmarken-ram","75":"bilmarken-renault","76":"bilmarken-rivian","77":"bilmarken-rolls-royce","78":"bilmarken-rover","79":"bilmarken-saab","80":"bilmarken-seat","81":"bilmarken-skoda","82":"bilmarken-smart","83":"bilmarken-ssangyong","84":"bilmarken-subaru","85":"bilmarken-suzuki","86":"bilmarken-tesla","87":"bilmarken-toyota","88":"bilmarken-volkswagen","89":"bilmarken-volvo","90":"bilmarken-wiesmann","91":"product_brand-lazer","92":"product_cat-linsskydd","93":"product_cat-tillbehor","94":"product_tag-lazer","96":"first","97":"onbackorder","98":"taxable","99":"shipping-taxable","100":"purchasable","101":"product-type-simple"},"bundled_by":[],"bundle_stock_status":"onbackorder","bundle_stock_quantity":0,"bundle_virtual":false,"bundle_layout":"","bundle_add_to_cart_form_location":"","bundle_editable_in_cart":false,"bundle_sold_individually_context":"","bundle_item_grouping":"","bundle_min_size":"","bundle_max_size":"","bundle_price":[],"bundled_items":[],"bundle_sell_ids":[],"acf":[],"yoast_head":"<!-- This site is optimized with the Yoast SEO plugin v27.0 - https:\/\/yoast.com\/product\/yoast-seo-wordpress\/ -->\n<title>Lazer Sentinel stenskottsskydd | Gult - Xenonkungen<\/title>\n<meta name=\"robots\" content=\"index, follow, max-snippet:-1, max-image-preview:large, max-video-preview:-1\" \/>\n<link rel=\"canonical\" href=\"https:\/\/xenonkungen.com\/fi\/tuote\/lazer-sentinel-kiveniskusuoja-keltainen\/\" \/>\n<meta property=\"og:locale\" content=\"fi_FI\" \/>\n<meta property=\"og:type\" content=\"article\" \/>\n<meta property=\"og:title\" content=\"Lazer Sentinel stenskottsskydd | Gult - Xenonkungen\" \/>\n<meta property=\"og:description\" content=\"Gul Linsskydd f\u00f6r Lazer Sentinel LED Extraljus &#8211; Extra skydd och f\u00f6rb\u00e4ttrad synlighet Lazer Sentinel LED extraljus \u00e4r utrustade med specialdesignade gul linsskydd som enkelt kl\u00e4ms fast p\u00e5 lamporna f\u00f6r att ge extra skydd och f\u00f6rb\u00e4ttrad synlighet. Dessa linsskydd \u00e4r speciellt utformade f\u00f6r att passa Lazer Sentinel-modellen och erbjuder unika f\u00f6rdelar f\u00f6r anv\u00e4ndaren. F\u00f6rdelarna med [&hellip;]\" \/>\n<meta property=\"og:url\" content=\"https:\/\/xenonkungen.com\/fi\/tuote\/lazer-sentinel-kiveniskusuoja-keltainen\/\" \/>\n<meta property=\"og:site_name\" content=\"Xenonkungen\" \/>\n<meta property=\"article:modified_time\" content=\"2026-04-24T16:29:23+00:00\" \/>\n<meta property=\"og:image\" content=\"https:\/\/xenonkungen.com\/wp-content\/uploads\/2025\/04\/188648467-origpic-148c1b.jpg\" \/>\n\t<meta property=\"og:image:width\" content=\"1000\" \/>\n\t<meta property=\"og:image:height\" content=\"750\" \/>\n\t<meta property=\"og:image:type\" content=\"image\/jpeg\" \/>\n<meta name=\"twitter:card\" content=\"summary_large_image\" \/>\n<meta name=\"twitter:label1\" content=\"Arvioitu lukuaika\" \/>\n\t<meta name=\"twitter:data1\" content=\"1 minuutti\" \/>\n<script type=\"application\/ld+json\" class=\"yoast-schema-graph\">{\"@context\":\"https:\/\/schema.org\",\"@graph\":[{\"@type\":\"WebPage\",\"@id\":\"https:\/\/xenonkungen.com\/no\/produkt\/lazer-sentinel-steinsprutbeskyttelse-gul\/\",\"url\":\"https:\/\/xenonkungen.com\/no\/produkt\/lazer-sentinel-steinsprutbeskyttelse-gul\/\",\"name\":\"Lazer Sentinel stenskottsskydd | Gult - Xenonkungen\",\"isPartOf\":{\"@id\":\"https:\/\/xenonkungen.com\/#website\"},\"primaryImageOfPage\":{\"@id\":\"https:\/\/xenonkungen.com\/no\/produkt\/lazer-sentinel-steinsprutbeskyttelse-gul\/#primaryimage\"},\"image\":{\"@id\":\"https:\/\/xenonkungen.com\/no\/produkt\/lazer-sentinel-steinsprutbeskyttelse-gul\/#primaryimage\"},\"thumbnailUrl\":\"https:\/\/xenonkungen.com\/wp-content\/uploads\/2025\/04\/188648467-origpic-148c1b.jpg\",\"datePublished\":\"2025-04-15T09:46:30+00:00\",\"dateModified\":\"2026-04-24T16:29:23+00:00\",\"breadcrumb\":{\"@id\":\"https:\/\/xenonkungen.com\/no\/produkt\/lazer-sentinel-steinsprutbeskyttelse-gul\/#breadcrumb\"},\"inLanguage\":\"fi\",\"potentialAction\":[{\"@type\":\"ReadAction\",\"target\":[\"https:\/\/xenonkungen.com\/no\/produkt\/lazer-sentinel-steinsprutbeskyttelse-gul\/\"]}]},{\"@type\":\"ImageObject\",\"inLanguage\":\"fi\",\"@id\":\"https:\/\/xenonkungen.com\/no\/produkt\/lazer-sentinel-steinsprutbeskyttelse-gul\/#primaryimage\",\"url\":\"https:\/\/xenonkungen.com\/wp-content\/uploads\/2025\/04\/188648467-origpic-148c1b.jpg\",\"contentUrl\":\"https:\/\/xenonkungen.com\/wp-content\/uploads\/2025\/04\/188648467-origpic-148c1b.jpg\",\"width\":1000,\"height\":750},{\"@type\":\"BreadcrumbList\",\"@id\":\"https:\/\/xenonkungen.com\/no\/produkt\/lazer-sentinel-steinsprutbeskyttelse-gul\/#breadcrumb\",\"itemListElement\":[{\"@type\":\"ListItem\",\"position\":1,\"name\":\"Hem\",\"item\":\"https:\/\/xenonkungen.com\/\"},{\"@type\":\"ListItem\",\"position\":2,\"name\":\"Shop\",\"item\":\"https:\/\/xenonkungen.com\/shop\/\"},{\"@type\":\"ListItem\",\"position\":3,\"name\":\"Lazer Sentinel stenskottsskydd | Gult\"}]},{\"@type\":\"WebSite\",\"@id\":\"https:\/\/xenonkungen.com\/#website\",\"url\":\"https:\/\/xenonkungen.com\/\",\"name\":\"Xenonkungen\",\"description\":\"\",\"potentialAction\":[{\"@type\":\"SearchAction\",\"target\":{\"@type\":\"EntryPoint\",\"urlTemplate\":\"https:\/\/xenonkungen.com\/?s={search_term_string}\"},\"query-input\":{\"@type\":\"PropertyValueSpecification\",\"valueRequired\":true,\"valueName\":\"search_term_string\"}}],\"inLanguage\":\"fi\"}]}<\/script>\n<!-- \/ Yoast SEO plugin. -->","yoast_head_json":{"title":"Lazer Sentinel -kiveniskusuoja | Keltainen - Xenonkungen","robots":{"index":"index","follow":"follow","max-snippet":"max-snippet:-1","max-image-preview":"max-image-preview:large","max-video-preview":"max-video-preview:-1"},"canonical":"https:\/\/xenonkungen.com\/fi\/tuote\/lazer-sentinel-kiveniskusuoja-keltainen\/","og_locale":"fi_FI","og_type":"article","og_title":"Lazer Sentinel stenskottsskydd | Gult - Xenonkungen","og_description":"Gul Linsskydd f\u00f6r Lazer Sentinel LED Extraljus &#8211; Extra skydd och f\u00f6rb\u00e4ttrad synlighet Lazer Sentinel LED extraljus \u00e4r utrustade med specialdesignade gul linsskydd som enkelt kl\u00e4ms fast p\u00e5 lamporna f\u00f6r att ge extra skydd och f\u00f6rb\u00e4ttrad synlighet. Dessa linsskydd \u00e4r speciellt utformade f\u00f6r att passa Lazer Sentinel-modellen och erbjuder unika f\u00f6rdelar f\u00f6r anv\u00e4ndaren. F\u00f6rdelarna med [&hellip;]","og_url":"https:\/\/xenonkungen.com\/fi\/tuote\/lazer-sentinel-kiveniskusuoja-keltainen\/","og_site_name":"Xenonkungen","article_modified_time":"2026-04-24T16:29:23+00:00","og_image":[{"width":1000,"height":750,"url":"https:\/\/xenonkungen.com\/wp-content\/uploads\/2025\/04\/188648467-origpic-148c1b.jpg","type":"image\/jpeg"}],"twitter_card":"summary_large_image","twitter_misc":{"Arvioitu lukuaika":"1 minuutti"},"schema":{"@context":"https:\/\/schema.org","@graph":[{"@type":"WebPage","@id":"https:\/\/xenonkungen.com\/no\/produkt\/lazer-sentinel-steinsprutbeskyttelse-gul\/","url":"https:\/\/xenonkungen.com\/no\/produkt\/lazer-sentinel-steinsprutbeskyttelse-gul\/","name":"Lazer Sentinel -kiveniskusuoja | Keltainen - Xenonkungen","isPartOf":{"@id":"https:\/\/xenonkungen.com\/#website"},"primaryImageOfPage":{"@id":"https:\/\/xenonkungen.com\/no\/produkt\/lazer-sentinel-steinsprutbeskyttelse-gul\/#primaryimage"},"image":{"@id":"https:\/\/xenonkungen.com\/no\/produkt\/lazer-sentinel-steinsprutbeskyttelse-gul\/#primaryimage"},"thumbnailUrl":"https:\/\/xenonkungen.com\/wp-content\/uploads\/2025\/04\/188648467-origpic-148c1b.jpg","datePublished":"2025-04-15T09:46:30+00:00","dateModified":"2026-04-24T16:29:23+00:00","breadcrumb":{"@id":"https:\/\/xenonkungen.com\/no\/produkt\/lazer-sentinel-steinsprutbeskyttelse-gul\/#breadcrumb"},"inLanguage":"fi","potentialAction":[{"@type":"ReadAction","target":["https:\/\/xenonkungen.com\/no\/produkt\/lazer-sentinel-steinsprutbeskyttelse-gul\/"]}]},{"@type":"ImageObject","inLanguage":"fi","@id":"https:\/\/xenonkungen.com\/no\/produkt\/lazer-sentinel-steinsprutbeskyttelse-gul\/#primaryimage","url":"https:\/\/xenonkungen.com\/wp-content\/uploads\/2025\/04\/188648467-origpic-148c1b.jpg","contentUrl":"https:\/\/xenonkungen.com\/wp-content\/uploads\/2025\/04\/188648467-origpic-148c1b.jpg","width":1000,"height":750},{"@type":"BreadcrumbList","@id":"https:\/\/xenonkungen.com\/no\/produkt\/lazer-sentinel-steinsprutbeskyttelse-gul\/#breadcrumb","itemListElement":[{"@type":"ListItem","position":1,"name":"Hem","item":"https:\/\/xenonkungen.com\/"},{"@type":"ListItem","position":2,"name":"Shop","item":"https:\/\/xenonkungen.com\/shop\/"},{"@type":"ListItem","position":3,"name":"Lazer Sentinel stenskottsskydd | Gult"}]},{"@type":"WebSite","@id":"https:\/\/xenonkungen.com\/#website","url":"https:\/\/xenonkungen.com\/","name":"Xenonkungen","description":"","potentialAction":[{"@type":"SearchAction","target":{"@type":"EntryPoint","urlTemplate":"https:\/\/xenonkungen.com\/?s={search_term_string}"},"query-input":{"@type":"PropertyValueSpecification","valueRequired":true,"valueName":"search_term_string"}}],"inLanguage":"fi"}]}},"taxonomy_info":{"anvandningsomrade":[{"value":165,"label":"ATV"},{"value":236,"label":"Entreprenad"},{"value":237,"label":"Fritid"},{"value":207,"label":"Husbil"},{"value":166,"label":"Lastbil"},{"value":234,"label":"MC"},{"value":167,"label":"PERSONBIL"},{"value":238,"label":"SL\u00c4P"},{"value":235,"label":"SN\u00d6SKOTER"}],"bilmarken":[{"value":208,"label":"Abarth"},{"value":240,"label":"Acura"},{"value":194,"label":"Alfa Romeo"},{"value":241,"label":"Alpina"},{"value":242,"label":"Aston Martin"},{"value":195,"label":"Audi"},{"value":243,"label":"Bentley"},{"value":209,"label":"BMW"},{"value":244,"label":"Bugatti"},{"value":245,"label":"Buick"},{"value":246,"label":"Cadillac"},{"value":247,"label":"Chevrolet"},{"value":248,"label":"Chrysler"},{"value":210,"label":"Citroen"},{"value":249,"label":"Cupra"},{"value":196,"label":"Dacia"},{"value":250,"label":"Daewoo"},{"value":251,"label":"Daihatsu"},{"value":252,"label":"Dodge"},{"value":253,"label":"DS"},{"value":197,"label":"Ferrari"},{"value":211,"label":"Fiat"},{"value":254,"label":"Fisker"},{"value":212,"label":"Ford"},{"value":255,"label":"Geely"},{"value":256,"label":"Genesis"},{"value":257,"label":"GMC"},{"value":258,"label":"Honda"},{"value":259,"label":"Hummer"},{"value":213,"label":"Hyundai"},{"value":260,"label":"Infiniti"},{"value":261,"label":"Isuzu"},{"value":198,"label":"Iveco"},{"value":262,"label":"Jaguar"},{"value":263,"label":"Jeep"},{"value":264,"label":"Kia"},{"value":265,"label":"Koenigsegg"},{"value":266,"label":"Lada"},{"value":267,"label":"Lamborghini"},{"value":199,"label":"Lancia"},{"value":268,"label":"Land Rover"},{"value":269,"label":"Lexus"},{"value":270,"label":"Lincoln"},{"value":271,"label":"Lotus"},{"value":200,"label":"Maserati"},{"value":272,"label":"Maxus"},{"value":273,"label":"Mazda"},{"value":274,"label":"McLaren"},{"value":215,"label":"Mercedes-Benz"},{"value":275,"label":"MG"},{"value":276,"label":"Mini"},{"value":277,"label":"Mitsubishi"},{"value":278,"label":"Nissan"},{"value":201,"label":"Opel"},{"value":279,"label":"Pagani"},{"value":202,"label":"Peugeot"},{"value":280,"label":"Polestar"},{"value":281,"label":"Pontiac"},{"value":216,"label":"Porsche"},{"value":282,"label":"RAM"},{"value":203,"label":"Renault"},{"value":283,"label":"Rivian"},{"value":284,"label":"Rolls-Royce"},{"value":285,"label":"Rover"},{"value":286,"label":"Saab"},{"value":204,"label":"Seat"},{"value":217,"label":"Skoda"},{"value":218,"label":"Smart"},{"value":287,"label":"SsangYong"},{"value":288,"label":"Subaru"},{"value":289,"label":"Suzuki"},{"value":290,"label":"Tesla"},{"value":219,"label":"Toyota"},{"value":205,"label":"Volkswagen"},{"value":169,"label":"volvo"},{"value":291,"label":"Wiesmann"}],"product_brand":[{"value":1124,"label":"Lazer"}],"product_cat":[{"value":1048,"label":"Linsskydd"},{"value":727,"label":"Tillbeh\u00f6r"}],"product_tag":[{"value":2735,"label":"Lazer"}]},"featured_image_src_large":["https:\/\/xenonkungen.com\/wp-content\/uploads\/2025\/04\/188648467-origpic-148c1b.jpg",1000,750,false],"author_info":[],"comment_info":0,"_links":{"self":[{"href":"https:\/\/xenonkungen.com\/fi\/wp-json\/wp\/v2\/product\/6425","targetHints":{"allow":["GET"]}}],"collection":[{"href":"https:\/\/xenonkungen.com\/fi\/wp-json\/wp\/v2\/product"}],"about":[{"href":"https:\/\/xenonkungen.com\/fi\/wp-json\/wp\/v2\/types\/product"}],"replies":[{"embeddable":true,"href":"https:\/\/xenonkungen.com\/fi\/wp-json\/wp\/v2\/comments?post=6425"}],"wp:featuredmedia":[{"embeddable":true,"href":"https:\/\/xenonkungen.com\/fi\/wp-json\/wp\/v2\/media\/6426"}],"wp:attachment":[{"href":"https:\/\/xenonkungen.com\/fi\/wp-json\/wp\/v2\/media?parent=6425"}],"wp:term":[{"taxonomy":"anvandningsomrade","embeddable":true,"href":"https:\/\/xenonkungen.com\/fi\/wp-json\/wp\/v2\/anvandningsomrade?post=6425"},{"taxonomy":"bilmarken","embeddable":true,"href":"https:\/\/xenonkungen.com\/fi\/wp-json\/wp\/v2\/bilmarken?post=6425"},{"taxonomy":"product_brand","embeddable":true,"href":"https:\/\/xenonkungen.com\/fi\/wp-json\/wp\/v2\/product_brand?post=6425"},{"taxonomy":"product_cat","embeddable":true,"href":"https:\/\/xenonkungen.com\/fi\/wp-json\/wp\/v2\/product_cat?post=6425"},{"taxonomy":"product_tag","embeddable":true,"href":"https:\/\/xenonkungen.com\/fi\/wp-json\/wp\/v2\/product_tag?post=6425"}],"curies":[{"name":"wp","href":"https:\/\/api.w.org\/{rel}","templated":true}]}}