{"id":6435,"date":"2025-04-15T09:46:30","date_gmt":"2025-04-15T09:46:30","guid":{"rendered":"https:\/\/xenonkungen.com\/product\/dt-hane-till-superseal-honor-y-forgrening\/"},"modified":"2026-04-24T17:29:28","modified_gmt":"2026-04-24T16:29:28","slug":"dt-uros-superseal-naaras-y-haara","status":"publish","type":"product","link":"https:\/\/xenonkungen.com\/fi\/tuote\/dt-uros-superseal-naaras-y-haara\/","title":{"rendered":"DT-hana Superseal Honor Y-haaralle"},"content":{"rendered":"<h2>Y-haara: DT uros Superseal naaras - T\u00e4ydellinen yhteensopivuus Lazer extra light -valaisimelle.<\/h2>\n<p>Tehosta asennusta t\u00e4ll\u00e4 k\u00e4tev\u00e4ll\u00e4 <strong>Y-haara<\/strong>, suunniteltu <strong>DT uros kaksois-Superseal naarasliit\u00e4nt\u00e4\u00e4n<\/strong>. Ihanteellinen ratkaisu niille, jotka haluavat liitt\u00e4\u00e4 useita laitteita samanaikaisesti, kuten Lazer-lis\u00e4valot, laadusta tai turvallisuudesta tinkim\u00e4tt\u00e4.<\/p>\n<p>Laadukkaista liittimist\u00e4 ja kest\u00e4v\u00e4st\u00e4 PVC-kaapelista valmistettu haara takaa luotettavan ja kosteudenkest\u00e4v\u00e4n yhteyden - jopa ankarissa pohjoismaisissa olosuhteissa.<\/p>\n<h3>Edut:<\/h3>\n<ul>\n<li>Nopea ja helppo asennus - plug &amp; play<\/li>\n<li>DT-uros ja kaksi Superseal-naarasta<\/li>\n<li>Ihanteellinen Lazer extra -valojen kytkemiseen sarjaan<\/li>\n<li>Korkealaatuinen PVC-kaapelointi takaa pitk\u00e4n kest\u00e4vyyden<\/li>\n<li>Tiivistetyt siirtym\u00e4t kutistekalvolla lis\u00e4suojaa varten<\/li>\n<\/ul>\n<h2>Yhteensopiva DT-johdinsarja Lazer-tuotteille<\/h2>\n<p>Sovita toimipisteesi r\u00e4\u00e4t\u00e4l\u00f6ityjen <strong>DT-johdinsarja Lazerille<\/strong>. Johdinsarjan mukana tulee <strong>DT04-2P Superseal 282080-1:lle<\/strong> ja se on valmistettu 2x1mm\u00b2 PVC-johtimesta. Siirtym\u00e4 on tiivistetty kutisteputkella, jossa on liimaa - optimaalisen kest\u00e4vyyden ja turvallisuuden varmistamiseksi.<\/p>\n<p>T\u00e4ydellinen ratkaisu niille, jotka etsiv\u00e4t <strong>helppo kokoonpano, ammattimainen viimeistely ja tinkim\u00e4t\u00f6n suorituskyky<\/strong>.<\/p>\n<h3>Miksi valita DT-kaapelointimme?<\/h3>\n<ul>\n<li>Kehitetty Lazer extra light -laitteita varten<\/li>\n<li>Valmis k\u00e4ytett\u00e4v\u00e4ksi heti - ei vaadi muutoksia.<\/li>\n<li>Suojattu kosteudelta, lialta ja t\u00e4rin\u00e4lt\u00e4<\/li>\n<li>Ammattimainen kaapelin tiivistys kutisteputkella<\/li>\n<\/ul>\n<p><strong>Tee asennuksesta \u00e4lykk\u00e4\u00e4mpi, siistimpi ja turvallisempi - valitse oikea kaapelointi alusta alkaen.<\/strong><\/p>","protected":false},"excerpt":{"rendered":"<p>Y-f\u00f6rgrening: DT-hane till Superseal-honor \u2013 Perfekt match f\u00f6r Lazer-extraljus Effektivisera din installation med denna smidiga Y-f\u00f6rgrening, designad med DT-hane till dubbla Superseal-honor. En idealisk l\u00f6sning f\u00f6r dig som vill koppla in flera enheter samtidigt, exempelvis Lazer-extraljus, utan att kompromissa med kvalitet eller s\u00e4kerhet. Tillverkad med h\u00f6gkvalitativa kontakter och slitstark PVC-kabel, garanterar denna f\u00f6rgrening en p\u00e5litlig [&hellip;]<\/p>","protected":false},"featured_media":6436,"comment_status":"closed","ping_status":"open","template":"","meta":{"_acf_changed":false,"_smort_price_nok":"571","_smort_price_dkk":"363","_smort_price_eur":"48.63","_smort_sale_price_nok":"","_smort_sale_price_dkk":"","_smort_sale_price_eur":"","smort_restorder":"","shipmondo_restorder":"","_kad_blocks_custom_css":"","_kad_blocks_head_custom_js":"","_kad_blocks_body_custom_js":"","_kad_blocks_footer_custom_js":"","smort_custom_pricelist_1":"342.4","smort_custom_pricelist_2":"299.6","smort_custom_pricelist_3":"284.62","smort_custom_pricelist_4":"428","smort_custom_pricelist_5":"299.6"},"anvandningsomrade":[],"bilmarken":[],"product_brand":[103],"product_cat":[2828,2826,2607,390],"product_tag":[2735],"class_list":{"0":"post-6435","1":"product","2":"type-product","3":"status-publish","4":"has-post-thumbnail","6":"product_brand-luxtar","7":"product_cat-installation-led-ramper","8":"product_cat-luxtar","9":"product_cat-relasats-relasats-ledramper-installation","10":"product_cat-installation","11":"product_tag-lazer","13":"first","14":"onbackorder","15":"taxable","16":"shipping-taxable","17":"purchasable","18":"product-type-simple"},"bundled_by":[],"bundle_stock_status":"onbackorder","bundle_stock_quantity":0,"bundle_virtual":false,"bundle_layout":"","bundle_add_to_cart_form_location":"","bundle_editable_in_cart":false,"bundle_sold_individually_context":"","bundle_item_grouping":"","bundle_min_size":"","bundle_max_size":"","bundle_price":[],"bundled_items":[],"bundle_sell_ids":[],"acf":[],"yoast_head":"<!-- This site is optimized with the Yoast SEO plugin v27.0 - https:\/\/yoast.com\/product\/yoast-seo-wordpress\/ -->\n<title>DT-hane till Superseal Honor Y-f\u00f6rgrening - Xenonkungen<\/title>\n<meta name=\"robots\" content=\"index, follow, max-snippet:-1, max-image-preview:large, max-video-preview:-1\" \/>\n<link rel=\"canonical\" href=\"https:\/\/xenonkungen.com\/fi\/tuote\/dt-uros-superseal-naaras-y-haara\/\" \/>\n<meta property=\"og:locale\" content=\"fi_FI\" \/>\n<meta property=\"og:type\" content=\"article\" \/>\n<meta property=\"og:title\" content=\"DT-hane till Superseal Honor Y-f\u00f6rgrening - Xenonkungen\" \/>\n<meta property=\"og:description\" content=\"Y-f\u00f6rgrening: DT-hane till Superseal-honor \u2013 Perfekt match f\u00f6r Lazer-extraljus Effektivisera din installation med denna smidiga Y-f\u00f6rgrening, designad med DT-hane till dubbla Superseal-honor. En idealisk l\u00f6sning f\u00f6r dig som vill koppla in flera enheter samtidigt, exempelvis Lazer-extraljus, utan att kompromissa med kvalitet eller s\u00e4kerhet. Tillverkad med h\u00f6gkvalitativa kontakter och slitstark PVC-kabel, garanterar denna f\u00f6rgrening en p\u00e5litlig [&hellip;]\" \/>\n<meta property=\"og:url\" content=\"https:\/\/xenonkungen.com\/fi\/tuote\/dt-uros-superseal-naaras-y-haara\/\" \/>\n<meta property=\"og:site_name\" content=\"Xenonkungen\" \/>\n<meta property=\"article:modified_time\" content=\"2026-04-24T16:29:28+00:00\" \/>\n<meta property=\"og:image\" content=\"https:\/\/xenonkungen.com\/wp-content\/uploads\/2025\/04\/199407003-origpic-708319.png\" \/>\n\t<meta property=\"og:image:width\" content=\"1293\" \/>\n\t<meta property=\"og:image:height\" content=\"1011\" \/>\n\t<meta property=\"og:image:type\" content=\"image\/png\" \/>\n<meta name=\"twitter:card\" content=\"summary_large_image\" \/>\n<meta name=\"twitter:label1\" content=\"Arvioitu lukuaika\" \/>\n\t<meta name=\"twitter:data1\" content=\"1 minuutti\" \/>\n<script type=\"application\/ld+json\" class=\"yoast-schema-graph\">{\"@context\":\"https:\/\/schema.org\",\"@graph\":[{\"@type\":\"WebPage\",\"@id\":\"https:\/\/xenonkungen.com\/produkt\/dt-hane-till-superseal-honor-y-forgrening\/\",\"url\":\"https:\/\/xenonkungen.com\/produkt\/dt-hane-till-superseal-honor-y-forgrening\/\",\"name\":\"DT-hane till Superseal Honor Y-f\u00f6rgrening - Xenonkungen\",\"isPartOf\":{\"@id\":\"https:\/\/xenonkungen.com\/#website\"},\"primaryImageOfPage\":{\"@id\":\"https:\/\/xenonkungen.com\/produkt\/dt-hane-till-superseal-honor-y-forgrening\/#primaryimage\"},\"image\":{\"@id\":\"https:\/\/xenonkungen.com\/produkt\/dt-hane-till-superseal-honor-y-forgrening\/#primaryimage\"},\"thumbnailUrl\":\"https:\/\/xenonkungen.com\/wp-content\/uploads\/2025\/04\/199407003-origpic-708319.png\",\"datePublished\":\"2025-04-15T09:46:30+00:00\",\"dateModified\":\"2026-04-24T16:29:28+00:00\",\"breadcrumb\":{\"@id\":\"https:\/\/xenonkungen.com\/produkt\/dt-hane-till-superseal-honor-y-forgrening\/#breadcrumb\"},\"inLanguage\":\"fi\",\"potentialAction\":[{\"@type\":\"ReadAction\",\"target\":[\"https:\/\/xenonkungen.com\/produkt\/dt-hane-till-superseal-honor-y-forgrening\/\"]}]},{\"@type\":\"ImageObject\",\"inLanguage\":\"fi\",\"@id\":\"https:\/\/xenonkungen.com\/produkt\/dt-hane-till-superseal-honor-y-forgrening\/#primaryimage\",\"url\":\"https:\/\/xenonkungen.com\/wp-content\/uploads\/2025\/04\/199407003-origpic-708319.png\",\"contentUrl\":\"https:\/\/xenonkungen.com\/wp-content\/uploads\/2025\/04\/199407003-origpic-708319.png\",\"width\":1293,\"height\":1011},{\"@type\":\"BreadcrumbList\",\"@id\":\"https:\/\/xenonkungen.com\/produkt\/dt-hane-till-superseal-honor-y-forgrening\/#breadcrumb\",\"itemListElement\":[{\"@type\":\"ListItem\",\"position\":1,\"name\":\"Hem\",\"item\":\"https:\/\/xenonkungen.com\/\"},{\"@type\":\"ListItem\",\"position\":2,\"name\":\"Shop\",\"item\":\"https:\/\/xenonkungen.com\/shop\/\"},{\"@type\":\"ListItem\",\"position\":3,\"name\":\"DT-hane till Superseal Honor Y-f\u00f6rgrening\"}]},{\"@type\":\"WebSite\",\"@id\":\"https:\/\/xenonkungen.com\/#website\",\"url\":\"https:\/\/xenonkungen.com\/\",\"name\":\"Xenonkungen\",\"description\":\"\",\"potentialAction\":[{\"@type\":\"SearchAction\",\"target\":{\"@type\":\"EntryPoint\",\"urlTemplate\":\"https:\/\/xenonkungen.com\/?s={search_term_string}\"},\"query-input\":{\"@type\":\"PropertyValueSpecification\",\"valueRequired\":true,\"valueName\":\"search_term_string\"}}],\"inLanguage\":\"fi\"}]}<\/script>\n<!-- \/ Yoast SEO plugin. -->","yoast_head_json":{"title":"DT uros - Superseal Honor Y-haara - Xenonkungen","robots":{"index":"index","follow":"follow","max-snippet":"max-snippet:-1","max-image-preview":"max-image-preview:large","max-video-preview":"max-video-preview:-1"},"canonical":"https:\/\/xenonkungen.com\/fi\/tuote\/dt-uros-superseal-naaras-y-haara\/","og_locale":"fi_FI","og_type":"article","og_title":"DT-hane till Superseal Honor Y-f\u00f6rgrening - Xenonkungen","og_description":"Y-f\u00f6rgrening: DT-hane till Superseal-honor \u2013 Perfekt match f\u00f6r Lazer-extraljus Effektivisera din installation med denna smidiga Y-f\u00f6rgrening, designad med DT-hane till dubbla Superseal-honor. En idealisk l\u00f6sning f\u00f6r dig som vill koppla in flera enheter samtidigt, exempelvis Lazer-extraljus, utan att kompromissa med kvalitet eller s\u00e4kerhet. Tillverkad med h\u00f6gkvalitativa kontakter och slitstark PVC-kabel, garanterar denna f\u00f6rgrening en p\u00e5litlig [&hellip;]","og_url":"https:\/\/xenonkungen.com\/fi\/tuote\/dt-uros-superseal-naaras-y-haara\/","og_site_name":"Xenonkungen","article_modified_time":"2026-04-24T16:29:28+00:00","og_image":[{"width":1293,"height":1011,"url":"https:\/\/xenonkungen.com\/wp-content\/uploads\/2025\/04\/199407003-origpic-708319.png","type":"image\/png"}],"twitter_card":"summary_large_image","twitter_misc":{"Arvioitu lukuaika":"1 minuutti"},"schema":{"@context":"https:\/\/schema.org","@graph":[{"@type":"WebPage","@id":"https:\/\/xenonkungen.com\/produkt\/dt-hane-till-superseal-honor-y-forgrening\/","url":"https:\/\/xenonkungen.com\/produkt\/dt-hane-till-superseal-honor-y-forgrening\/","name":"DT uros - Superseal Honor Y-haara - Xenonkungen","isPartOf":{"@id":"https:\/\/xenonkungen.com\/#website"},"primaryImageOfPage":{"@id":"https:\/\/xenonkungen.com\/produkt\/dt-hane-till-superseal-honor-y-forgrening\/#primaryimage"},"image":{"@id":"https:\/\/xenonkungen.com\/produkt\/dt-hane-till-superseal-honor-y-forgrening\/#primaryimage"},"thumbnailUrl":"https:\/\/xenonkungen.com\/wp-content\/uploads\/2025\/04\/199407003-origpic-708319.png","datePublished":"2025-04-15T09:46:30+00:00","dateModified":"2026-04-24T16:29:28+00:00","breadcrumb":{"@id":"https:\/\/xenonkungen.com\/produkt\/dt-hane-till-superseal-honor-y-forgrening\/#breadcrumb"},"inLanguage":"fi","potentialAction":[{"@type":"ReadAction","target":["https:\/\/xenonkungen.com\/produkt\/dt-hane-till-superseal-honor-y-forgrening\/"]}]},{"@type":"ImageObject","inLanguage":"fi","@id":"https:\/\/xenonkungen.com\/produkt\/dt-hane-till-superseal-honor-y-forgrening\/#primaryimage","url":"https:\/\/xenonkungen.com\/wp-content\/uploads\/2025\/04\/199407003-origpic-708319.png","contentUrl":"https:\/\/xenonkungen.com\/wp-content\/uploads\/2025\/04\/199407003-origpic-708319.png","width":1293,"height":1011},{"@type":"BreadcrumbList","@id":"https:\/\/xenonkungen.com\/produkt\/dt-hane-till-superseal-honor-y-forgrening\/#breadcrumb","itemListElement":[{"@type":"ListItem","position":1,"name":"Hem","item":"https:\/\/xenonkungen.com\/"},{"@type":"ListItem","position":2,"name":"Shop","item":"https:\/\/xenonkungen.com\/shop\/"},{"@type":"ListItem","position":3,"name":"DT-hane till Superseal Honor Y-f\u00f6rgrening"}]},{"@type":"WebSite","@id":"https:\/\/xenonkungen.com\/#website","url":"https:\/\/xenonkungen.com\/","name":"Xenonkungen","description":"","potentialAction":[{"@type":"SearchAction","target":{"@type":"EntryPoint","urlTemplate":"https:\/\/xenonkungen.com\/?s={search_term_string}"},"query-input":{"@type":"PropertyValueSpecification","valueRequired":true,"valueName":"search_term_string"}}],"inLanguage":"fi"}]}},"taxonomy_info":{"product_brand":[{"value":103,"label":"LUXTAR"}],"product_cat":[{"value":2828,"label":"Installation LED-ramper"},{"value":2826,"label":"LUXTAR"},{"value":2607,"label":"Rel\u00e4sats"},{"value":390,"label":"Installation"}],"product_tag":[{"value":2735,"label":"Lazer"}]},"featured_image_src_large":["https:\/\/xenonkungen.com\/wp-content\/uploads\/2025\/04\/199407003-origpic-708319-1024x801.png",1024,801,true],"author_info":[],"comment_info":0,"_links":{"self":[{"href":"https:\/\/xenonkungen.com\/fi\/wp-json\/wp\/v2\/product\/6435","targetHints":{"allow":["GET"]}}],"collection":[{"href":"https:\/\/xenonkungen.com\/fi\/wp-json\/wp\/v2\/product"}],"about":[{"href":"https:\/\/xenonkungen.com\/fi\/wp-json\/wp\/v2\/types\/product"}],"replies":[{"embeddable":true,"href":"https:\/\/xenonkungen.com\/fi\/wp-json\/wp\/v2\/comments?post=6435"}],"wp:featuredmedia":[{"embeddable":true,"href":"https:\/\/xenonkungen.com\/fi\/wp-json\/wp\/v2\/media\/6436"}],"wp:attachment":[{"href":"https:\/\/xenonkungen.com\/fi\/wp-json\/wp\/v2\/media?parent=6435"}],"wp:term":[{"taxonomy":"anvandningsomrade","embeddable":true,"href":"https:\/\/xenonkungen.com\/fi\/wp-json\/wp\/v2\/anvandningsomrade?post=6435"},{"taxonomy":"bilmarken","embeddable":true,"href":"https:\/\/xenonkungen.com\/fi\/wp-json\/wp\/v2\/bilmarken?post=6435"},{"taxonomy":"product_brand","embeddable":true,"href":"https:\/\/xenonkungen.com\/fi\/wp-json\/wp\/v2\/product_brand?post=6435"},{"taxonomy":"product_cat","embeddable":true,"href":"https:\/\/xenonkungen.com\/fi\/wp-json\/wp\/v2\/product_cat?post=6435"},{"taxonomy":"product_tag","embeddable":true,"href":"https:\/\/xenonkungen.com\/fi\/wp-json\/wp\/v2\/product_tag?post=6435"}],"curies":[{"name":"wp","href":"https:\/\/api.w.org\/{rel}","templated":true}]}}